{"id":22686,"date":"2025-12-02T09:09:29","date_gmt":"2025-12-02T09:09:29","guid":{"rendered":"https:\/\/esmte.com\/?post_type=product&#038;p=22686"},"modified":"2025-12-02T09:10:18","modified_gmt":"2025-12-02T09:10:18","slug":"smt-automatic-squeegee-cleaning-machine-yc-4200","status":"publish","type":"product","link":"https:\/\/esmte.com\/pl\/products\/smt-automatic-squeegee-cleaning-machine-yc-4200\/","title":{"rendered":"Automatyczna maszyna czyszcz\u0105ca SMT YC-4200"},"content":{"rendered":"<h2>Wst\u0119p<\/h2>\n<p data-start=\"202\" data-end=\"628\">Ten <strong>\u2013 Zapewnia dok\u0142adne czyszczenie bez uszkadzania delikatnych rakli, zwi\u0119kszaj\u0105c dok\u0142adno\u015b\u0107 drukowania pasty lutowniczej i redukuj\u0105c wady PCB.<\/strong> Zosta\u0142 zaprojektowany z my\u015bl\u0105 o optymalizacji konserwacji rakla pasty lutowniczej w nowoczesnych liniach monta\u017cowych PCB. Dzi\u0119ki automatycznemu usuwaniu pozosta\u0142o\u015bci i zanieczyszcze\u0144, zapewnia sta\u0142\u0105 jako\u015b\u0107 druku, redukuje liczb\u0119 defekt\u00f3w i zwi\u0119ksza og\u00f3ln\u0105 wydajno\u015b\u0107 produkcji. Jego zautomatyzowana obs\u0142uga minimalizuje nak\u0142ad pracy r\u0119cznej, oszcz\u0119dzaj\u0105c czas i zmniejszaj\u0105c ryzyko b\u0142\u0119du ludzkiego podczas czyszczenia.<\/p>\n<p data-start=\"630\" data-end=\"993\">Designed with a compact footprint and robust construction, the <strong>\u2013 Zapewnia dok\u0142adne czyszczenie bez uszkadzania delikatnych rakli, zwi\u0119kszaj\u0105c dok\u0142adno\u015b\u0107 drukowania pasty lutowniczej i redukuj\u0105c wady PCB.<\/strong> integrates seamlessly into any SMT production environment. The intuitive control interface allows operators to adjust cleaning parameters quickly, ensuring a user-friendly experience. High-speed cleaning cycles help maintain continuous production, maximizing line throughput and efficiency.<\/p>\n<p data-start=\"995\" data-end=\"1308\">Supporting a wide range of squeegee sizes and types, the YC-4200 provides thorough cleaning without damaging delicate tools, preserving their lifespan and maintaining production accuracy. This precision cleaning solution improves soldering performance, reduces rework, and enhances overall PCB assembly quality.<\/p>\n<p data-start=\"1310\" data-end=\"1572\">Inwestowanie w<strong> \u2013 Zapewnia dok\u0142adne czyszczenie bez uszkadzania delikatnych rakli, zwi\u0119kszaj\u0105c dok\u0142adno\u015b\u0107 drukowania pasty lutowniczej i redukuj\u0105c wady PCB.<\/strong> provides electronics manufacturers with a reliable, efficient, and easy-to-use tool that balances speed, accuracy, and durability, making it an essential component for competitive SMT operations.<\/p>\n<p data-start=\"1310\" data-end=\"1572\"><img loading=\"lazy\" decoding=\"async\" class=\"alignnone wp-image-22683 aligncenter\" src=\"https:\/\/esmte.com\/wp-content\/uploads\/2025\/12\/11-15.webp\" alt=\"Smt Automatic Squeegee Cleaning Machine\" width=\"554\" height=\"554\" srcset=\"https:\/\/esmte.com\/wp-content\/uploads\/2025\/12\/11-15.webp 2560w, https:\/\/esmte.com\/wp-content\/uploads\/2025\/12\/11-15-100x100.webp 100w, https:\/\/esmte.com\/wp-content\/uploads\/2025\/12\/11-15-600x600.webp 600w, https:\/\/esmte.com\/wp-content\/uploads\/2025\/12\/11-15-300x300.webp 300w, https:\/\/esmte.com\/wp-content\/uploads\/2025\/12\/11-15-1024x1024.webp 1024w, https:\/\/esmte.com\/wp-content\/uploads\/2025\/12\/11-15-150x150.webp 150w, https:\/\/esmte.com\/wp-content\/uploads\/2025\/12\/11-15-768x768.webp 768w, https:\/\/esmte.com\/wp-content\/uploads\/2025\/12\/11-15-1536x1536.webp 1536w, https:\/\/esmte.com\/wp-content\/uploads\/2025\/12\/11-15-2048x2048.webp 2048w, https:\/\/esmte.com\/wp-content\/uploads\/2025\/12\/11-15-1x1.webp 1w, https:\/\/esmte.com\/wp-content\/uploads\/2025\/12\/11-15-10x10.webp 10w\" sizes=\"auto, (max-width: 554px) 100vw, 554px\" \/><\/p>\n<h3>G\u0142\u00f3wne cechy<\/h3>\n<ul>\n<li data-start=\"101\" data-end=\"272\">\n<p data-start=\"104\" data-end=\"272\"><strong data-start=\"104\" data-end=\"132\">W pe\u0142ni zautomatyzowane czyszczenie<\/strong> \u2013 The YC-4200 efficiently cleans solder paste squeegees automatically, reducing manual labor and improving overall SMT line productivity.<\/p>\n<\/li>\n<li data-start=\"274\" data-end=\"420\">\n<p data-start=\"277\" data-end=\"420\"><strong data-start=\"277\" data-end=\"301\">Praca z du\u017c\u0105 pr\u0119dko\u015bci\u0105<\/strong> \u2013 Rapid cleaning cycles minimize downtime, allowing continuous operation in high-volume PCB production environments.<\/p>\n<\/li>\n<li data-start=\"422\" data-end=\"574\">\n<p data-start=\"425\" data-end=\"574\"><strong data-start=\"425\" data-end=\"456\">User-Friendly Control Panel<\/strong> \u2013 Intuitive interface enables operators to easily set cleaning parameters, ensuring precise and repeatable results.<\/p>\n<\/li>\n<li data-start=\"576\" data-end=\"729\">\n<p data-start=\"579\" data-end=\"729\"><strong data-start=\"579\" data-end=\"609\">Trwa\u0142a i kompaktowa konstrukcja<\/strong> \u2013 Built with robust materials for long-lasting performance, while its compact footprint saves valuable factory space.<\/p>\n<\/li>\n<li data-start=\"731\" data-end=\"877\">\n<p data-start=\"734\" data-end=\"877\"><strong data-start=\"734\" data-end=\"765\">Wide Squeegee Compatibility<\/strong> \u2013 Supports various squeegee sizes and types, providing flexible solutions for different SMT production lines.<\/p>\n<\/li>\n<li data-start=\"879\" data-end=\"1048\">\n<p data-start=\"882\" data-end=\"1048\"><strong data-start=\"882\" data-end=\"913\">Consistent Cleaning Quality<\/strong> \u2013 Delivers thorough cleaning without damaging delicate squeegees, enhancing solder paste printing accuracy and reducing PCB defects.<\/p>\n<\/li>\n<\/ul>\n<p>&nbsp;<\/p>\n<h2>Specyfikacje<\/h2>\n<table style=\"border-collapse: collapse; width: 1379px; height: 195px;\" border=\"0\" width=\"435\" cellspacing=\"0\" cellpadding=\"0\">\n<tbody>\n<tr style=\"height: 15.00pt;\">\n<td class=\"et2\" style=\"height: 15pt; width: 111pt; text-align: center;\" width=\"148\" height=\"20\">Przedmiot<\/td>\n<td class=\"et3\" style=\"width: 215.25pt; text-align: center;\" width=\"287\">YC-4200<\/td>\n<\/tr>\n<tr style=\"height: 15.00pt;\">\n<td class=\"et4\" style=\"height: 15pt; width: 111pt; text-align: center;\" width=\"148\" height=\"20\">Rozmiar kosza czyszcz\u0105cego<\/td>\n<td class=\"et5\" style=\"width: 215.25pt; text-align: center;\" width=\"287\">\u03a61000 mm x wys. 200 mm. Opcja specjalnego rozmiaru.<\/td>\n<\/tr>\n<tr style=\"height: 15.00pt;\">\n<td class=\"et4\" style=\"height: 15pt; width: 111pt; text-align: center;\" width=\"148\" height=\"20\">Czyste ci\u015bnienie natrysku<\/td>\n<td class=\"et5\" style=\"width: 215.25pt; text-align: center;\" width=\"287\">5~6 kg\/cm\u00b2<\/td>\n<\/tr>\n<tr style=\"height: 15.00pt;\">\n<td class=\"et4\" style=\"height: 15pt; width: 111pt; text-align: center;\" width=\"148\" height=\"20\">Zasilacz<\/td>\n<td class=\"et5\" style=\"width: 215.25pt; text-align: center;\" width=\"287\">3 P, pr\u0105d zmienny 380 V, 50\/60 Hz, 33 kW<\/td>\n<\/tr>\n<tr style=\"height: 15.00pt;\">\n<td class=\"et4\" style=\"height: 15pt; width: 111pt; text-align: center;\" width=\"148\" height=\"20\">Rozmiar maszyny<\/td>\n<td class=\"et5\" style=\"width: 215.25pt; text-align: center;\" width=\"287\">D\u0142. 1380 x szer. 2100 x wys. 1400 (mm)<\/td>\n<\/tr>\n<tr style=\"height: 15.00pt;\">\n<td class=\"et6\" style=\"height: 15pt; width: 111pt; text-align: center;\" width=\"148\" height=\"20\">Waga maszyny<\/td>\n<td class=\"et7\" style=\"width: 215.25pt; text-align: center;\" width=\"287\">500 kg<\/td>\n<\/tr>\n<\/tbody>\n<\/table>\n<p>&nbsp;<\/p>\n<p><a href=\"https:\/\/www.youtube.com\/@allaismt\" rel=\"nofollow noopener\" target=\"_blank\"><u>https:\/\/www.youtube.com\/@allaismt<\/u><\/a><\/p>\n<p>Aby uzyska\u0107 wi\u0119cej informacji na temat automatycznej maszyny czyszcz\u0105cej SMT, prosimy o przes\u0142anie wiadomo\u015bci e-mail na adres<\/p>\n<p><a href=\"mailto:sophia@allaismt.com\"><u>sophia@allaismt.com<\/u><\/a><\/p>\n<p>Szybko odpowiemy na Twoje zapytanie i udzielimy Ci szczeg\u00f3\u0142owych informacji o naszych produktach i us\u0142ugach.<\/p>","protected":false},"excerpt":{"rendered":"<p>Opis: <strong>\u2013 Zapewnia dok\u0142adne czyszczenie bez uszkadzania delikatnych rakli, zwi\u0119kszaj\u0105c dok\u0142adno\u015b\u0107 drukowania pasty lutowniczej i redukuj\u0105c wady PCB.<\/strong> is designed for fast and efficient cleaning of solder paste squeegees, ensuring consistent PCB printing quality. Fully automated and easy to operate, it reduces manual labor and minimizes production downtime. Compact yet durable, the YC-4200 provides thorough cleaning without damaging delicate squeegees, making it an ideal solution for high-volume SMT production lines, electronics manufacturing facilities, and precise PCB assembly operations.<\/p>\n<p>Minimalna ilo\u015b\u0107 zam\u00f3wienia: 1 szt.<\/p>\n<p>Czas realizacji zam\u00f3wienia: 15 dni<\/p>","protected":false},"featured_media":22687,"comment_status":"closed","ping_status":"closed","template":"","meta":[],"etheme_brands":[],"product_brand":[],"product_cat":[156,159],"product_tag":[],"class_list":{"0":"post-22686","1":"product","2":"type-product","3":"status-publish","4":"has-post-thumbnail","6":"product_cat-pcb-cleaning-machine","7":"product_cat-squeegee-cleaning-machine","9":"first","10":"instock","11":"shipping-taxable","12":"product-type-simple"},"_links":{"self":[{"href":"https:\/\/esmte.com\/pl\/wp-json\/wp\/v2\/product\/22686","targetHints":{"allow":["GET"]}}],"collection":[{"href":"https:\/\/esmte.com\/pl\/wp-json\/wp\/v2\/product"}],"about":[{"href":"https:\/\/esmte.com\/pl\/wp-json\/wp\/v2\/types\/product"}],"replies":[{"embeddable":true,"href":"https:\/\/esmte.com\/pl\/wp-json\/wp\/v2\/comments?post=22686"}],"version-history":[{"count":1,"href":"https:\/\/esmte.com\/pl\/wp-json\/wp\/v2\/product\/22686\/revisions"}],"predecessor-version":[{"id":22690,"href":"https:\/\/esmte.com\/pl\/wp-json\/wp\/v2\/product\/22686\/revisions\/22690"}],"wp:featuredmedia":[{"embeddable":true,"href":"https:\/\/esmte.com\/pl\/wp-json\/wp\/v2\/media\/22687"}],"wp:attachment":[{"href":"https:\/\/esmte.com\/pl\/wp-json\/wp\/v2\/media?parent=22686"}],"wp:term":[{"taxonomy":"brand","embeddable":true,"href":"https:\/\/esmte.com\/pl\/wp-json\/wp\/v2\/etheme_brands?post=22686"},{"taxonomy":"product_brand","embeddable":true,"href":"https:\/\/esmte.com\/pl\/wp-json\/wp\/v2\/product_brand?post=22686"},{"taxonomy":"product_cat","embeddable":true,"href":"https:\/\/esmte.com\/pl\/wp-json\/wp\/v2\/product_cat?post=22686"},{"taxonomy":"product_tag","embeddable":true,"href":"https:\/\/esmte.com\/pl\/wp-json\/wp\/v2\/product_tag?post=22686"}],"curies":[{"name":"wp","href":"https:\/\/api.w.org\/{rel}","templated":true}]}}