{"id":22682,"date":"2025-12-02T08:59:54","date_gmt":"2025-12-02T08:59:54","guid":{"rendered":"https:\/\/esmte.com\/?post_type=product&#038;p=22682"},"modified":"2025-12-02T08:59:54","modified_gmt":"2025-12-02T08:59:54","slug":"smt-automatic-squeegee-cleaning-machine","status":"publish","type":"product","link":"https:\/\/esmte.com\/pl\/products\/smt-automatic-squeegee-cleaning-machine\/","title":{"rendered":"Automatyczna maszyna do czyszczenia \u015bci\u0105gaczk\u0105 SMT"},"content":{"rendered":"<h2>Wst\u0119p<\/h2>\n<p data-start=\"171\" data-end=\"584\">Ten <strong>Automatyczna maszyna do czyszczenia \u015bci\u0105gaczek SMT<\/strong> Zosta\u0142 zaprojektowany z my\u015bl\u0105 o optymalizacji konserwacji rakla pasty lutowniczej w nowoczesnych liniach monta\u017cowych PCB. Dzi\u0119ki automatycznemu usuwaniu pozosta\u0142o\u015bci i zanieczyszcze\u0144, zapewnia sta\u0142\u0105 jako\u015b\u0107 druku, redukuje liczb\u0119 defekt\u00f3w i zwi\u0119ksza og\u00f3ln\u0105 wydajno\u015b\u0107 produkcji. Jego zautomatyzowana obs\u0142uga minimalizuje nak\u0142ad pracy r\u0119cznej, oszcz\u0119dzaj\u0105c czas i zmniejszaj\u0105c ryzyko b\u0142\u0119du ludzkiego podczas czyszczenia.<\/p>\n<p data-start=\"586\" data-end=\"983\">Zaprojektowana z my\u015bl\u0105 o kompaktowych wymiarach i trwa\u0142ej konstrukcji, ta maszyna idealnie integruje si\u0119 z ka\u017cdym \u015brodowiskiem produkcyjnym SMT. Intuicyjny system sterowania pozwala operatorom szybko ustawi\u0107 parametry czyszczenia, dzi\u0119ki czemu maszyna jest przyjazna dla u\u017cytkownika i \u0142atwa w konserwacji. Szybki proces czyszczenia minimalizuje przestoje, pomagaj\u0105c fabrykom utrzyma\u0107 ci\u0105g\u0142o\u015b\u0107 pracy i wysok\u0105 wydajno\u015b\u0107.<\/p>\n<p data-start=\"985\" data-end=\"1345\">Nadaje si\u0119 do szerokiej gamy rozmiar\u00f3w i typ\u00f3w \u015bci\u0105gaczek, <strong>Automatyczna maszyna do czyszczenia \u015bci\u0105gaczek SMT<\/strong> Zapewnia r\u00f3wnomierne czyszczenie bez uszkodze\u0144, zachowuj\u0105c \u017cywotno\u015b\u0107 i wydajno\u015b\u0107 narz\u0119dzia. Dzi\u0119ki precyzyjnemu czyszczeniu i niezawodnemu dzia\u0142aniu jest idealnym rozwi\u0105zaniem dla producent\u00f3w elektroniki, kt\u00f3rzy chc\u0105 poprawi\u0107 dok\u0142adno\u015b\u0107 lutowania i jako\u015b\u0107 produkcji.<\/p>\n<p data-start=\"1347\" data-end=\"1543\">Inwestowanie w <strong>Automatyczna maszyna do czyszczenia \u015bci\u0105gaczek SMT<\/strong> oznacza przyj\u0119cie rozwi\u0105zania \u0142\u0105cz\u0105cego szybko\u015b\u0107, wydajno\u015b\u0107 i precyzj\u0119, zapewniaj\u0105cego d\u0142ugoterminow\u0105 warto\u015b\u0107 dla linii produkcyjnych SMT o du\u017cej obj\u0119to\u015bci.<\/p>\n<p data-start=\"1347\" data-end=\"1543\">\n<p data-start=\"1347\" data-end=\"1543\"><img loading=\"lazy\" decoding=\"async\" class=\"alignnone  wp-image-22683 aligncenter\" src=\"https:\/\/esmte.com\/wp-content\/uploads\/2025\/12\/11-15.webp\" alt=\"Smt Automatic Squeegee Cleaning Machine\" width=\"637\" height=\"637\" srcset=\"https:\/\/esmte.com\/wp-content\/uploads\/2025\/12\/11-15.webp 2560w, https:\/\/esmte.com\/wp-content\/uploads\/2025\/12\/11-15-100x100.webp 100w, https:\/\/esmte.com\/wp-content\/uploads\/2025\/12\/11-15-600x600.webp 600w, https:\/\/esmte.com\/wp-content\/uploads\/2025\/12\/11-15-300x300.webp 300w, https:\/\/esmte.com\/wp-content\/uploads\/2025\/12\/11-15-1024x1024.webp 1024w, https:\/\/esmte.com\/wp-content\/uploads\/2025\/12\/11-15-150x150.webp 150w, https:\/\/esmte.com\/wp-content\/uploads\/2025\/12\/11-15-768x768.webp 768w, https:\/\/esmte.com\/wp-content\/uploads\/2025\/12\/11-15-1536x1536.webp 1536w, https:\/\/esmte.com\/wp-content\/uploads\/2025\/12\/11-15-2048x2048.webp 2048w, https:\/\/esmte.com\/wp-content\/uploads\/2025\/12\/11-15-1x1.webp 1w, https:\/\/esmte.com\/wp-content\/uploads\/2025\/12\/11-15-10x10.webp 10w\" sizes=\"auto, (max-width: 637px) 100vw, 637px\" \/><\/p>\n<p data-start=\"1347\" data-end=\"1543\">\n<h3>G\u0142\u00f3wne cechy<\/h3>\n<ul>\n<li data-start=\"93\" data-end=\"253\">\n<p data-start=\"96\" data-end=\"253\"><strong data-start=\"96\" data-end=\"124\">W pe\u0142ni zautomatyzowane czyszczenie<\/strong> \u2013 Eliminuje konieczno\u015b\u0107 pracy r\u0119cznej poprzez automatyczne czyszczenie rakli pasty lutowniczej, co zwi\u0119ksza wydajno\u015b\u0107 i zmniejsza liczb\u0119 b\u0142\u0119d\u00f3w operatora.<\/p>\n<\/li>\n<li data-start=\"255\" data-end=\"373\">\n<p data-start=\"258\" data-end=\"373\"><strong data-start=\"258\" data-end=\"282\">Praca z du\u017c\u0105 pr\u0119dko\u015bci\u0105<\/strong> \u2013 Szybkie cykle czyszczenia minimalizuj\u0105 przestoje, zapewniaj\u0105c p\u0142ynn\u0105 i ci\u0105g\u0142\u0105 produkcj\u0119 SMT.<\/p>\n<\/li>\n<li data-start=\"375\" data-end=\"497\">\n<p data-start=\"378\" data-end=\"497\"><strong data-start=\"378\" data-end=\"405\">Przyjazny dla u\u017cytkownika interfejs<\/strong> \u2013 Prosty panel sterowania pozwala na \u0142atw\u0105 obs\u0142ug\u0119 i szybk\u0105 regulacj\u0119 parametr\u00f3w czyszczenia.<\/p>\n<\/li>\n<li data-start=\"499\" data-end=\"649\">\n<p data-start=\"502\" data-end=\"649\"><strong data-start=\"502\" data-end=\"532\">Trwa\u0142a i kompaktowa konstrukcja<\/strong> \u2013 Wykonany z solidnych materia\u0142\u00f3w, co gwarantuje d\u0142ugotrwa\u0142\u0105 niezawodno\u015b\u0107, a kompaktowe wymiary pozwalaj\u0105 zaoszcz\u0119dzi\u0107 cenn\u0105 przestrze\u0144 w fabryce.<\/p>\n<\/li>\n<li data-start=\"651\" data-end=\"800\">\n<p data-start=\"654\" data-end=\"800\"><strong data-start=\"654\" data-end=\"676\">Szeroka kompatybilno\u015b\u0107<\/strong> \u2013 Obs\u0142uguje r\u00f3\u017cne rozmiary i typy \u015bci\u0105gaczek, zapewniaj\u0105c elastyczne rozwi\u0105zania czyszcz\u0105ce dla zr\u00f3\u017cnicowanych wymaga\u0144 monta\u017cu p\u0142ytek PCB.<\/p>\n<\/li>\n<li data-start=\"802\" data-end=\"968\">\n<p data-start=\"805\" data-end=\"968\"><strong data-start=\"805\" data-end=\"836\">Sta\u0142a jako\u015b\u0107 i bezpiecze\u0144stwo<\/strong> \u2013 Zapewnia dok\u0142adne czyszczenie bez uszkadzania delikatnych \u015bci\u0105gaczek, zwi\u0119kszaj\u0105c dok\u0142adno\u015b\u0107 lutowania i og\u00f3ln\u0105 jako\u015b\u0107 produkcji PCB.<\/p>\n<\/li>\n<\/ul>\n<p>&nbsp;<\/p>\n<h2>Specyfikacje<\/h2>\n<table style=\"border-collapse: collapse; width: 1374px; height: 202px;\" border=\"0\" width=\"435\" cellspacing=\"0\" cellpadding=\"0\">\n<tbody>\n<tr style=\"height: 15.00pt;\">\n<td class=\"et2\" style=\"height: 15pt; width: 111pt; text-align: center;\" width=\"148\" height=\"20\">Przedmiot<\/td>\n<td class=\"et3\" style=\"width: 215.25pt; text-align: center;\" width=\"287\">YC-4200<\/td>\n<\/tr>\n<tr style=\"height: 15.00pt;\">\n<td class=\"et4\" style=\"height: 15pt; width: 111pt; text-align: center;\" width=\"148\" height=\"20\">Rozmiar kosza czyszcz\u0105cego<\/td>\n<td class=\"et5\" style=\"width: 215.25pt; text-align: center;\" width=\"287\">\u03a61000 mm x wys. 200 mm. Opcja specjalnego rozmiaru.<\/td>\n<\/tr>\n<tr style=\"height: 15.00pt;\">\n<td class=\"et4\" style=\"height: 15pt; width: 111pt; text-align: center;\" width=\"148\" height=\"20\">Czyste ci\u015bnienie natrysku<\/td>\n<td class=\"et5\" style=\"width: 215.25pt; text-align: center;\" width=\"287\">5~6 kg\/cm\u00b2<\/td>\n<\/tr>\n<tr style=\"height: 15.00pt;\">\n<td class=\"et4\" style=\"height: 15pt; width: 111pt; text-align: center;\" width=\"148\" height=\"20\">Zasilacz<\/td>\n<td class=\"et5\" style=\"width: 215.25pt; text-align: center;\" width=\"287\">3 P, pr\u0105d zmienny 380 V, 50\/60 Hz, 33 kW<\/td>\n<\/tr>\n<tr style=\"height: 15.00pt;\">\n<td class=\"et4\" style=\"height: 15pt; width: 111pt; text-align: center;\" width=\"148\" height=\"20\">Rozmiar maszyny<\/td>\n<td class=\"et5\" style=\"width: 215.25pt; text-align: center;\" width=\"287\">D\u0142. 1380 x szer. 2100 x wys. 1400 (mm)<\/td>\n<\/tr>\n<tr style=\"height: 15.00pt;\">\n<td class=\"et6\" style=\"height: 15pt; width: 111pt; text-align: center;\" width=\"148\" height=\"20\">Waga maszyny<\/td>\n<td class=\"et7\" style=\"width: 215.25pt; text-align: center;\" width=\"287\">500 kg<\/td>\n<\/tr>\n<\/tbody>\n<\/table>\n<p>&nbsp;<\/p>\n<p><a href=\"https:\/\/www.youtube.com\/@allaismt\" rel=\"nofollow noopener\" target=\"_blank\"><u>https:\/\/www.youtube.com\/@allaismt<\/u><\/a><\/p>\n<p>Aby uzyska\u0107 wi\u0119cej informacji na temat automatycznej maszyny czyszcz\u0105cej SMT, prosimy o przes\u0142anie wiadomo\u015bci e-mail na adres<\/p>\n<p><a href=\"mailto:sophia@allaismt.com\"><u>sophia@allaismt.com<\/u><\/a><\/p>\n<p>Szybko odpowiemy na Twoje zapytanie i udzielimy Ci szczeg\u00f3\u0142owych informacji o naszych produktach i us\u0142ugach.<\/p>","protected":false},"excerpt":{"rendered":"<p>Opis: <strong>Automatyczna maszyna do czyszczenia \u015bci\u0105gaczek SMT<\/strong> Urz\u0105dzenie zosta\u0142o zaprojektowane do efektywnego czyszczenia rakli pasty lutowniczej, zapewniaj\u0105c sta\u0142\u0105 jako\u015b\u0107 druku PCB. W pe\u0142ni zautomatyzowane i \u0142atwe w obs\u0142udze, redukuje nak\u0142ad pracy r\u0119cznej, minimalizuje przestoje produkcyjne i zwi\u0119ksza og\u00f3ln\u0105 wydajno\u015b\u0107 linii SMT. Kompaktowe i wytrzyma\u0142e, urz\u0105dzenie zapewnia szybkie i dok\u0142adne czyszczenie bez uszkadzania delikatnych rakli, co czyni je idealnym rozwi\u0105zaniem do produkcji elektroniki na du\u017c\u0105 skal\u0119 i precyzyjnego monta\u017cu PCB.<\/p>\n<p>Minimalna ilo\u015b\u0107 zam\u00f3wienia: 1 szt.<\/p>\n<p>Czas realizacji zam\u00f3wienia: 15 dni<\/p>","protected":false},"featured_media":22684,"comment_status":"closed","ping_status":"closed","template":"","meta":[],"etheme_brands":[],"product_brand":[],"product_cat":[156,159],"product_tag":[],"class_list":{"0":"post-22682","1":"product","2":"type-product","3":"status-publish","4":"has-post-thumbnail","6":"product_cat-pcb-cleaning-machine","7":"product_cat-squeegee-cleaning-machine","9":"first","10":"instock","11":"shipping-taxable","12":"product-type-simple"},"_links":{"self":[{"href":"https:\/\/esmte.com\/pl\/wp-json\/wp\/v2\/product\/22682","targetHints":{"allow":["GET"]}}],"collection":[{"href":"https:\/\/esmte.com\/pl\/wp-json\/wp\/v2\/product"}],"about":[{"href":"https:\/\/esmte.com\/pl\/wp-json\/wp\/v2\/types\/product"}],"replies":[{"embeddable":true,"href":"https:\/\/esmte.com\/pl\/wp-json\/wp\/v2\/comments?post=22682"}],"version-history":[{"count":1,"href":"https:\/\/esmte.com\/pl\/wp-json\/wp\/v2\/product\/22682\/revisions"}],"predecessor-version":[{"id":22685,"href":"https:\/\/esmte.com\/pl\/wp-json\/wp\/v2\/product\/22682\/revisions\/22685"}],"wp:featuredmedia":[{"embeddable":true,"href":"https:\/\/esmte.com\/pl\/wp-json\/wp\/v2\/media\/22684"}],"wp:attachment":[{"href":"https:\/\/esmte.com\/pl\/wp-json\/wp\/v2\/media?parent=22682"}],"wp:term":[{"taxonomy":"brand","embeddable":true,"href":"https:\/\/esmte.com\/pl\/wp-json\/wp\/v2\/etheme_brands?post=22682"},{"taxonomy":"product_brand","embeddable":true,"href":"https:\/\/esmte.com\/pl\/wp-json\/wp\/v2\/product_brand?post=22682"},{"taxonomy":"product_cat","embeddable":true,"href":"https:\/\/esmte.com\/pl\/wp-json\/wp\/v2\/product_cat?post=22682"},{"taxonomy":"product_tag","embeddable":true,"href":"https:\/\/esmte.com\/pl\/wp-json\/wp\/v2\/product_tag?post=22682"}],"curies":[{"name":"wp","href":"https:\/\/api.w.org\/{rel}","templated":true}]}}