{"id":22614,"date":"2025-12-01T10:22:02","date_gmt":"2025-12-01T10:22:02","guid":{"rendered":"https:\/\/esmte.com\/?post_type=product&#038;p=22614"},"modified":"2026-01-26T08:45:41","modified_gmt":"2026-01-26T08:45:41","slug":"wave-soldering-loader-ysl-350","status":"publish","type":"product","link":"https:\/\/esmte.com\/pl\/products\/wave-soldering-loader-ysl-350\/","title":{"rendered":"\u0141adowarka do lutowania falowego YSL-350"},"content":{"rendered":"<h2>Wst\u0119p<\/h2>\n<div class=\"auto-hide-last-sibling-br paragraph-pP9ZLC paragraph-element br-paragraph-space\">W dynamicznym \u015bwiecie produkcji SMT, sp\u00f3jne podawanie p\u0142ytek PCB do proces\u00f3w lutowania falowego ma kluczowe znaczenie dla minimalizacji defekt\u00f3w i maksymalizacji przepustowo\u015bci. <strong>SMT\u00a0Wave Soldering Loader YSL-350<\/strong> To niezawodne, zautomatyzowane rozwi\u0105zanie, zaprojektowane z my\u015bl\u0105 o zast\u0105pieniu r\u0119cznego za\u0142adunku p\u0142ytek PCB precyzj\u0105, szybko\u015bci\u0105 i wszechstronno\u015bci\u0105. Zaprojektowane z my\u015bl\u0105 o liniach produkcyjnych ma\u0142ych, \u015brednich i du\u017cych serii, to kompaktowe, a zarazem wytrzyma\u0142e urz\u0105dzenie rozwi\u0105zuje podstawowe problemy zwi\u0105zane z pracoch\u0142onnymi operacjami \u2013 redukuje liczb\u0119 b\u0142\u0119d\u00f3w ludzkich, obni\u017ca koszty pracy i zapewnia jednolite rezultaty lutowania na ka\u017cdej p\u0142ytce PCB.<\/div>\n<div class=\"auto-hide-last-sibling-br paragraph-pP9ZLC paragraph-element br-paragraph-space\">Sercem wydajno\u015bci YSL-350 jest jej wszechstronna kompatybilno\u015b\u0107 i stabilny mechanizm podawania. Podajnik obs\u0142uguje p\u0142ytki PCB o szeroko\u015bci od 50 mm do 350 mm i grubo\u015bci od 0,6 mm do 6,0 mm, a jego \u0142atwo regulowane tory pozwalaj\u0105 na obs\u0142ug\u0119 p\u0142ytek o r\u00f3\u017cnych rozmiarach bez czasoch\u0142onnego przezbrajania. Wyposa\u017cony w regulacj\u0119 pr\u0119dko\u015bci z regulacj\u0105 cz\u0119stotliwo\u015bci, p\u0142ynnie synchronizuje si\u0119 z urz\u0105dzeniami do lutowania na fali, zapewniaj\u0105c p\u0142ynny i pozbawiony drga\u0144 transport PCB, co zapobiega uszkodzeniom komponent\u00f3w i nier\u00f3wnomierno\u015bci po\u0142\u0105cze\u0144 lutowanych. Kompatybilno\u015b\u0107 z przeno\u015bnikami do lutowania na fali, zar\u00f3wno pinowymi, jak i palcowymi, zapewnia bezproblemow\u0105 integracj\u0119 z istniej\u0105cymi liniami SMT, eliminuj\u0105c konieczno\u015b\u0107 kosztownych remont\u00f3w produkcyjnych.<\/div>\n<div class=\"auto-hide-last-sibling-br paragraph-pP9ZLC paragraph-element br-paragraph-space\">Trwa\u0142o\u015b\u0107 i niezawodno\u015b\u0107 s\u0105 wbudowan\u0105 cech\u0105 ka\u017cdego komponentu <strong>SMT\u00a0Wave Soldering Loader YSL-350<\/strong>. Zbudowana na wytrzyma\u0142ej aluminiowej ramie i obci\u0105\u017conej podstawie, \u0142adowarka zachowuje stabilno\u015b\u0107 nawet podczas pracy ci\u0105g\u0142ej 24\/7, unikaj\u0105c przemieszcze\u0144 i wibracji, kt\u00f3re mog\u0142yby wp\u0142yn\u0105\u0107 na precyzj\u0119. Zastosowanie wysokiej jako\u015bci \u015brub ze stali nierdzewnej i odpornych na zu\u017cycie materia\u0142\u00f3w przeno\u015bnika wyd\u0142u\u017ca \u017cywotno\u015b\u0107, zmniejszaj\u0105c cz\u0119stotliwo\u015b\u0107 konserwacji i przestoje. Dla producent\u00f3w poszukuj\u0105cych rozwi\u0105za\u0144 dostosowanych do indywidualnych potrzeb dost\u0119pne s\u0105 opcje d\u0142ugo\u015bci przeno\u015bnika, dopasowane do konkretnych uk\u0142ad\u00f3w linii produkcyjnych, co zwi\u0119ksza elastyczno\u015b\u0107 operacyjn\u0105.<\/div>\n<div class=\"auto-hide-last-sibling-br paragraph-pP9ZLC paragraph-element br-paragraph-space\">Opr\u00f3cz wydajno\u015bci, <strong>SMT\u00a0Wave Soldering Loader YSL-350<\/strong> Priorytetem jest przyjazno\u015b\u0107 dla u\u017cytkownika i op\u0142acalno\u015b\u0107. Intuicyjna konstrukcja pozwala na szybk\u0105 konfiguracj\u0119 i obs\u0142ug\u0119, wymagaj\u0105c minimalnego przeszkolenia personelu. Automatyzacja \u0142adowania p\u0142ytek PCB pozwala pracownikom skupi\u0107 si\u0119 na zadaniach o wy\u017cszej warto\u015bci, poprawiaj\u0105c og\u00f3ln\u0105 wydajno\u015b\u0107 pracy. Niezale\u017cnie od tego, czy jest stosowany w zak\u0142adach monta\u017cu elektroniki, zak\u0142adach produkcji kontraktowej, czy specjalistycznych warsztatach SMT, <strong>SMT\u00a0Wave Soldering Loader YSL-350 <\/strong>zapewnia wymierne korzy\u015bci \u2013 szybsze cykle produkcyjne, ni\u017cszy wska\u017anik defekt\u00f3w i ni\u017csze koszty operacyjne. Dla firm, kt\u00f3re chc\u0105 efektywnie skalowa\u0107 dzia\u0142alno\u015b\u0107 i utrzyma\u0107 przewag\u0119 konkurencyjn\u0105 w bran\u017cy produkcji elektroniki, \u0142adowarka do lutowania na fali YSL-350 to niezb\u0119dna inwestycja.<\/div>\n<div><\/div>\n<div><img loading=\"lazy\" decoding=\"async\" class=\"aligncenter wp-image-22610\" src=\"https:\/\/esmte.com\/wp-content\/uploads\/2025\/12\/11-9-scaled.webp\" alt=\"SMT Wave Soldering Loader YSL-350\" width=\"655\" height=\"653\" srcset=\"https:\/\/esmte.com\/wp-content\/uploads\/2025\/12\/11-9-scaled.webp 2560w, https:\/\/esmte.com\/wp-content\/uploads\/2025\/12\/11-9-scaled-100x100.webp 100w, https:\/\/esmte.com\/wp-content\/uploads\/2025\/12\/11-9-scaled-600x598.webp 600w, https:\/\/esmte.com\/wp-content\/uploads\/2025\/12\/11-9-300x300.webp 300w, https:\/\/esmte.com\/wp-content\/uploads\/2025\/12\/11-9-1024x1021.webp 1024w, https:\/\/esmte.com\/wp-content\/uploads\/2025\/12\/11-9-150x150.webp 150w, https:\/\/esmte.com\/wp-content\/uploads\/2025\/12\/11-9-768x766.webp 768w, https:\/\/esmte.com\/wp-content\/uploads\/2025\/12\/11-9-1536x1532.webp 1536w, https:\/\/esmte.com\/wp-content\/uploads\/2025\/12\/11-9-2048x2042.webp 2048w, https:\/\/esmte.com\/wp-content\/uploads\/2025\/12\/11-9-1x1.webp 1w, https:\/\/esmte.com\/wp-content\/uploads\/2025\/12\/11-9-10x10.webp 10w\" sizes=\"auto, (max-width: 655px) 100vw, 655px\" \/><\/div>\n<div><\/div>\n<h3>G\u0142\u00f3wne cechy<\/h3>\n<ul class=\"auto-hide-last-sibling-br\">\n<li><strong>Szeroka kompatybilno\u015b\u0107 z PCB<\/strong>Obs\u0142uguje szeroko\u015bci p\u0142ytek PCB od 50 mm do 350 mm i grubo\u015bci od 0,6 mm do 6,0 mm. Posiada regulowane prowadnice umo\u017cliwiaj\u0105ce szybk\u0105 adaptacj\u0119 do r\u00f3\u017cnych rozmiar\u00f3w p\u0142ytek, co eliminuje op\u00f3\u017anienia zwi\u0105zane z przezbrajaniem i zaspokaja potrzeby zar\u00f3wno w zakresie produkcji ma\u0142oseryjnej, jak i masowej.<\/li>\n<li><strong>Precyzyjne automatyczne karmienie<\/strong>:Wyposa\u017cony w regulacj\u0119 pr\u0119dko\u015bci za pomoc\u0105 zmiennej cz\u0119stotliwo\u015bci i p\u0142ynny transport ze stali nierdzewnej, zapewnia bezproblemowe wyr\u00f3wnanie PCB i stabilne podawanie, minimalizuj\u0105c wady po\u0142\u0105cze\u0144 lutowanych i uszkodzenia komponent\u00f3w.<\/li>\n<li><strong>Bezproblemowa integracja linii<\/strong>:Kompatybilny z ta\u015bmoci\u0105gami lutowniczymi na fali typu pin i finger, co umo\u017cliwia integracj\u0119 typu plug-and-play z istniej\u0105cymi liniami produkcyjnymi SMT bez kosztownych modyfikacji infrastruktury.<\/li>\n<li><strong>Przyjazny dla u\u017cytkownika projekt<\/strong>:Intuicyjne sterowanie i regulacja tor\u00f3w bez u\u017cycia narz\u0119dzi upraszczaj\u0105 konfiguracj\u0119 i obs\u0142ug\u0119, wymagaj\u0105c minimalnego przeszkolenia personelu; opcje dostosowywania d\u0142ugo\u015bci nadwozia dostosowuj\u0105 si\u0119 do unikalnych uk\u0142ad\u00f3w linii produkcyjnych.<\/li>\n<li><strong>Automatyzacja oszcz\u0119dzaj\u0105ca koszty<\/strong>:Zast\u0119puje r\u0119czne \u0142adowanie p\u0142ytek PCB, co pozwala obni\u017cy\u0107 koszty pracy i wyeliminowa\u0107 b\u0142\u0119dy ludzkie, a jednocze\u015bnie optymalizuje wydajno\u015b\u0107 i sp\u00f3jno\u015b\u0107 lutowania, zapewniaj\u0105c wymierne korzy\u015bci w zakresie wydajno\u015bci w zak\u0142adach produkuj\u0105cych urz\u0105dzenia elektroniczne.<\/li>\n<\/ul>\n<p>&nbsp;<\/p>\n<h2>Specyfikacje<\/h2>\n<table style=\"border-collapse: collapse; width: 1375px; height: 287px;\" border=\"0\" width=\"425\" cellspacing=\"0\" cellpadding=\"0\">\n<tbody>\n<tr style=\"height: 15.00pt;\">\n<td class=\"et2\" style=\"height: 15pt; width: 90pt; text-align: center;\" width=\"120\" height=\"20\">Model<\/td>\n<td class=\"et2\" style=\"width: 228.75pt; text-align: center;\" width=\"305\">YSL-350<\/td>\n<\/tr>\n<tr style=\"height: 15.00pt;\">\n<td class=\"et2\" style=\"height: 15pt; width: 90pt; text-align: center;\" width=\"120\" height=\"20\">Wymiary (mm)<\/td>\n<td class=\"et3\" style=\"width: 228.75pt; text-align: center;\" width=\"305\">800*600*950 mm<\/td>\n<\/tr>\n<tr style=\"height: 15.00pt;\">\n<td class=\"et2\" style=\"height: 15pt; width: 90pt; text-align: center;\" width=\"120\" height=\"20\">Szeroko\u015b\u0107 PCB<\/td>\n<td class=\"et3\" style=\"width: 228.75pt; text-align: center;\" width=\"305\">50 \u2013 350 mm (regulowane)<\/td>\n<\/tr>\n<tr style=\"height: 15.00pt;\">\n<td class=\"et2\" style=\"height: 15pt; width: 90pt; text-align: center;\" width=\"120\" height=\"20\">Grubo\u015b\u0107 PCB<\/td>\n<td class=\"et3\" style=\"width: 228.75pt; text-align: center;\" width=\"305\">0,6 \u2013 6,0 mm<\/td>\n<\/tr>\n<tr style=\"height: 15.00pt;\">\n<td class=\"et2\" style=\"height: 15pt; width: 90pt; text-align: center;\" width=\"120\" height=\"20\">Wysoko\u015b\u0107 transportowa<\/td>\n<td class=\"et3\" style=\"width: 228.75pt; text-align: center;\" width=\"305\">750\u00b120 mm<\/td>\n<\/tr>\n<tr style=\"height: 15.00pt;\">\n<td class=\"et2\" style=\"height: 15pt; width: 90pt; text-align: center;\" width=\"120\" height=\"20\">Tryb sterowania<\/td>\n<td class=\"et3\" style=\"width: 228.75pt; text-align: center;\" width=\"305\">Silnik<\/td>\n<\/tr>\n<tr style=\"height: 15.00pt;\">\n<td class=\"et2\" style=\"height: 15pt; width: 90pt; text-align: center;\" width=\"120\" height=\"20\">Moc<\/td>\n<td class=\"et3\" style=\"width: 228.75pt; text-align: center;\" width=\"305\">Maks. 20 VA<\/td>\n<\/tr>\n<tr style=\"height: 15.00pt;\">\n<td class=\"et2\" style=\"height: 15pt; width: 90pt; text-align: center;\" width=\"120\" height=\"20\">Kierunek PCB<\/td>\n<td class=\"et3\" style=\"width: 228.75pt; text-align: center;\" width=\"305\">Od lewej do prawej lub od prawej do lewej<\/td>\n<\/tr>\n<tr style=\"height: 15.00pt;\">\n<td class=\"et2\" style=\"height: 15pt; width: 90pt; text-align: center;\" width=\"120\" height=\"20\">Zasilacz<\/td>\n<td class=\"et3\" style=\"width: 228.75pt; text-align: center;\" width=\"305\">1-fazowy pr\u0105d zmienny 220 V 50\/60 Hz (opcja: 110 V do 380 V)<\/td>\n<\/tr>\n<tr style=\"height: 15.00pt;\">\n<td class=\"et4\" style=\"height: 15pt; width: 90pt; text-align: center;\" width=\"120\" height=\"20\">Waga<\/td>\n<td class=\"et5\" style=\"width: 228.75pt; text-align: center;\" width=\"305\">220 kg\/zestaw<\/td>\n<\/tr>\n<\/tbody>\n<\/table>\n<p>&nbsp;<\/p>\n<p><a href=\"https:\/\/www.youtube.com\/@allaismt\" rel=\"nofollow noopener\" target=\"_blank\"><u>https:\/\/www.youtube.com\/@allaismt<\/u><\/a><\/p>\n<p>For more information about the <strong>SMT Wave Soldering Loader YSL-350<\/strong>, prosz\u0119 wys\u0142a\u0107 e-mail na adres<\/p>\n<p><a href=\"mailto:sophia@allaismt.com\"><u>sophia@allaismt.com<\/u><\/a><\/p>\n<p>Szybko odpowiemy na Twoje zapytanie i udzielimy Ci szczeg\u00f3\u0142owych informacji o naszych produktach i us\u0142ugach.<\/p>","protected":false},"excerpt":{"rendered":"<p>Opis: <strong>SMT \u0141adowarka Falowa YSL-350<\/strong> Opis: \u0141adowarka do lutowania na fali YSL-350 to kompaktowe, wydajne, zautomatyzowane rozwi\u0105zanie dla linii produkcyjnych SMT, zaprojektowane w celu usprawnienia podawania p\u0142ytek PCB do proces\u00f3w lutowania na fali. Obs\u0142uguje p\u0142ytki PCB o szeroko\u015bci 50\u2013350 mm i grubo\u015bci 0,6\u20136,0 mm, a regulowane prowadnice zapewniaj\u0105 wszechstronn\u0105 kompatybilno\u015b\u0107. Dzi\u0119ki wytrzyma\u0142ej aluminiowej ramie, regulacji pr\u0119dko\u015bci z regulacj\u0105 cz\u0119stotliwo\u015bci i stabilnemu mechanizmowi podawania, eliminuje b\u0142\u0119dy r\u0119czne, obni\u017ca koszty pracy i zapewnia sta\u0142\u0105 jako\u015b\u0107 lutowania. Dzi\u0119ki p\u0142ynnej integracji z przeno\u015bnikami typu pin\/finger, ta niezawodna \u0142adowarka umo\u017cliwia ci\u0105g\u0142\u0105 prac\u0119 24\/7, zwi\u0119kszaj\u0105c przepustowo\u015b\u0107 zar\u00f3wno w produkcji ma\u0142oseryjnej, jak i masowej.<\/p>\n<p>Minimalna ilo\u015b\u0107 zam\u00f3wienia: 1 szt.<\/p>\n<p>Czas realizacji zam\u00f3wienia: 15 dni<\/p>","protected":false},"featured_media":22615,"comment_status":"closed","ping_status":"closed","template":"","meta":[],"etheme_brands":[],"product_brand":[],"product_cat":[151,153],"product_tag":[],"class_list":{"0":"post-22614","1":"product","2":"type-product","3":"status-publish","4":"has-post-thumbnail","6":"product_cat-pcb-soldering-equipment","7":"product_cat-wave-soldering-machine","9":"first","10":"instock","11":"shipping-taxable","12":"product-type-simple"},"_links":{"self":[{"href":"https:\/\/esmte.com\/pl\/wp-json\/wp\/v2\/product\/22614","targetHints":{"allow":["GET"]}}],"collection":[{"href":"https:\/\/esmte.com\/pl\/wp-json\/wp\/v2\/product"}],"about":[{"href":"https:\/\/esmte.com\/pl\/wp-json\/wp\/v2\/types\/product"}],"replies":[{"embeddable":true,"href":"https:\/\/esmte.com\/pl\/wp-json\/wp\/v2\/comments?post=22614"}],"version-history":[{"count":1,"href":"https:\/\/esmte.com\/pl\/wp-json\/wp\/v2\/product\/22614\/revisions"}],"predecessor-version":[{"id":24203,"href":"https:\/\/esmte.com\/pl\/wp-json\/wp\/v2\/product\/22614\/revisions\/24203"}],"wp:featuredmedia":[{"embeddable":true,"href":"https:\/\/esmte.com\/pl\/wp-json\/wp\/v2\/media\/22615"}],"wp:attachment":[{"href":"https:\/\/esmte.com\/pl\/wp-json\/wp\/v2\/media?parent=22614"}],"wp:term":[{"taxonomy":"brand","embeddable":true,"href":"https:\/\/esmte.com\/pl\/wp-json\/wp\/v2\/etheme_brands?post=22614"},{"taxonomy":"product_brand","embeddable":true,"href":"https:\/\/esmte.com\/pl\/wp-json\/wp\/v2\/product_brand?post=22614"},{"taxonomy":"product_cat","embeddable":true,"href":"https:\/\/esmte.com\/pl\/wp-json\/wp\/v2\/product_cat?post=22614"},{"taxonomy":"product_tag","embeddable":true,"href":"https:\/\/esmte.com\/pl\/wp-json\/wp\/v2\/product_tag?post=22614"}],"curies":[{"name":"wp","href":"https:\/\/api.w.org\/{rel}","templated":true}]}}