{"id":22609,"date":"2025-12-01T10:12:18","date_gmt":"2025-12-01T10:12:18","guid":{"rendered":"https:\/\/esmte.com\/?post_type=product&#038;p=22609"},"modified":"2026-01-27T08:51:00","modified_gmt":"2026-01-27T08:51:00","slug":"wave-soldering-loader","status":"publish","type":"product","link":"https:\/\/esmte.com\/pl\/products\/wave-soldering-loader\/","title":{"rendered":"SMT Roz\u0142adownik 90 Stopni"},"content":{"rendered":"<h2>Wst\u0119p<\/h2>\n<p data-start=\"142\" data-end=\"465\">Ten <strong>SMT Wave Soldering Loader<\/strong> Odgrywa kluczow\u0105 rol\u0119 w usprawnianiu monta\u017cu elektroniki, zapewniaj\u0105c precyzyjne i wydajne podawanie p\u0142ytek PCB do procesu lutowania falowego. Automatyzacja za\u0142adunku p\u0142ytek minimalizuje r\u0119czn\u0105 obs\u0142ug\u0119, zmniejsza ryzyko wyst\u0105pienia defekt\u00f3w i pomaga utrzyma\u0107 wysokie standardy produkcji na wszystkich liniach SMT.<\/p>\n<p data-start=\"467\" data-end=\"799\">Wykonany z wytrzyma\u0142ych materia\u0142\u00f3w i precyzyjnych komponent\u00f3w, ten <strong>SMT Wave Soldering Loader<\/strong> mo\u017ce pracowa\u0107 w spos\u00f3b ci\u0105g\u0142y w wymagaj\u0105cych \u015brodowiskach produkcyjnych. Inteligentny system sterowania pozwala operatorom regulowa\u0107 pr\u0119dko\u015b\u0107 i czas podawania, zapewniaj\u0105c niezawodn\u0105 wydajno\u015b\u0107 i p\u0142ynn\u0105 wsp\u00f3\u0142prac\u0119 z urz\u0105dzeniami na linii produkcyjnej.<\/p>\n<p data-start=\"801\" data-end=\"1137\">Kolejn\u0105 wyr\u00f3\u017cniaj\u0105c\u0105 cech\u0105 jest elastyczno\u015b\u0107. \u0141adowarka obs\u0142uguje r\u00f3\u017cne rozmiary, grubo\u015bci i konfiguracje p\u0142ytek PCB, dzi\u0119ki czemu nadaje si\u0119 do r\u00f3\u017cnych linii produkt\u00f3w i proces\u00f3w produkcyjnych. Intuicyjny interfejs upraszcza obs\u0142ug\u0119 i konserwacj\u0119, umo\u017cliwiaj\u0105c szybk\u0105 regulacj\u0119 bez konieczno\u015bci posiadania specjalistycznej wiedzy technicznej.<\/p>\n<p data-start=\"1139\" data-end=\"1483\">Integruj\u0105c <strong>SMT Wave Soldering Loader<\/strong>, Producenci mog\u0105 zwi\u0119kszy\u0107 wydajno\u015b\u0107, obni\u017cy\u0107 koszty pracy i zminimalizowa\u0107 b\u0142\u0119dy obs\u0142ugi. Niezale\u017cnie od tego, czy chodzi o kompaktowe warsztaty, czy du\u017ce zak\u0142ady produkcyjne, zapewnia p\u0142ynny przep\u0142yw pracy, chroni p\u0142ytki PCB przed uszkodzeniami i przyczynia si\u0119 do sp\u00f3jnej, wysokiej jako\u015bci wynik\u00f3w w ca\u0142ym procesie lutowania.<\/p>\n<p data-start=\"1139\" data-end=\"1483\"><img loading=\"lazy\" decoding=\"async\" class=\"aligncenter wp-image-22610\" src=\"https:\/\/esmte.com\/wp-content\/uploads\/2025\/12\/11-9-scaled.webp\" alt=\"SMT Wave Soldering Loader\" width=\"615\" height=\"613\" srcset=\"https:\/\/esmte.com\/wp-content\/uploads\/2025\/12\/11-9-scaled.webp 2560w, https:\/\/esmte.com\/wp-content\/uploads\/2025\/12\/11-9-scaled-100x100.webp 100w, https:\/\/esmte.com\/wp-content\/uploads\/2025\/12\/11-9-scaled-600x598.webp 600w, https:\/\/esmte.com\/wp-content\/uploads\/2025\/12\/11-9-300x300.webp 300w, https:\/\/esmte.com\/wp-content\/uploads\/2025\/12\/11-9-1024x1021.webp 1024w, https:\/\/esmte.com\/wp-content\/uploads\/2025\/12\/11-9-150x150.webp 150w, https:\/\/esmte.com\/wp-content\/uploads\/2025\/12\/11-9-768x766.webp 768w, https:\/\/esmte.com\/wp-content\/uploads\/2025\/12\/11-9-1536x1532.webp 1536w, https:\/\/esmte.com\/wp-content\/uploads\/2025\/12\/11-9-2048x2042.webp 2048w, https:\/\/esmte.com\/wp-content\/uploads\/2025\/12\/11-9-1x1.webp 1w, https:\/\/esmte.com\/wp-content\/uploads\/2025\/12\/11-9-10x10.webp 10w\" sizes=\"auto, (max-width: 615px) 100vw, 615px\" \/><\/p>\n<h3>G\u0142\u00f3wne cechy<\/h3>\n<ul>\n<li data-start=\"129\" data-end=\"291\">\n<p data-start=\"132\" data-end=\"291\"><strong data-start=\"132\" data-end=\"157\">Wydajne podawanie PCB<\/strong> \u2013 Automatyczne \u0142adowanie p\u0142ytek PCB do procesu lutowania falowego, co zapewnia p\u0142ynn\u0105 obs\u0142ug\u0119 i minimalizuje uszkodzenia p\u0142ytek w trakcie produkcji.<\/p>\n<\/li>\n<li data-start=\"292\" data-end=\"445\">\n<p data-start=\"295\" data-end=\"445\"><strong data-start=\"295\" data-end=\"319\">Praca z du\u017c\u0105 pr\u0119dko\u015bci\u0105<\/strong> \u2013 Zaprojektowano, aby nad\u0105\u017ca\u0107 za szybkimi liniami SMT, zwi\u0119kszaj\u0105c og\u00f3ln\u0105 wydajno\u015b\u0107 i utrzymuj\u0105c sta\u0142\u0105 wydajno\u015b\u0107 produkcji.<\/p>\n<\/li>\n<li data-start=\"446\" data-end=\"593\">\n<p data-start=\"449\" data-end=\"593\"><strong data-start=\"449\" data-end=\"470\">Precyzyjna kontrola<\/strong> \u2013 Regulowana pr\u0119dko\u015b\u0107 podawania i zautomatyzowany czas umo\u017cliwiaj\u0105 dok\u0142adne i niezawodne \u0142adowanie p\u0142ytek PCB, zwi\u0119kszaj\u0105c sp\u00f3jno\u015b\u0107 przep\u0142ywu pracy.<\/p>\n<\/li>\n<li data-start=\"594\" data-end=\"745\">\n<p data-start=\"597\" data-end=\"745\"><strong data-start=\"597\" data-end=\"621\">Trwa\u0142a konstrukcja<\/strong> \u2013 Wykonany z wysokiej jako\u015bci materia\u0142\u00f3w i solidnych podzespo\u0142\u00f3w, co gwarantuje d\u0142ugoterminow\u0105 stabilno\u015b\u0107 i niskie wymagania konserwacyjne.<\/p>\n<\/li>\n<li data-start=\"746\" data-end=\"894\">\n<p data-start=\"749\" data-end=\"894\"><strong data-start=\"749\" data-end=\"776\">Wszechstronna kompatybilno\u015b\u0107<\/strong> \u2013 Obs\u0142uguje r\u00f3\u017cne rozmiary, grubo\u015bci i uk\u0142ady p\u0142ytek PCB, dzi\u0119ki czemu nadaje si\u0119 do szerokiego zakresu potrzeb produkcyjnych.<\/p>\n<\/li>\n<li data-start=\"895\" data-end=\"1057\">\n<p data-start=\"898\" data-end=\"1057\"><strong data-start=\"898\" data-end=\"925\">Przyjazny dla u\u017cytkownika interfejs<\/strong> \u2013 U\u0142atwia konfiguracj\u0119, obs\u0142ug\u0119 i konserwacj\u0119, umo\u017cliwiaj\u0105c operatorom wydajne zarz\u0105dzanie \u0142adowark\u0105 bez konieczno\u015bci specjalistycznego szkolenia.<\/p>\n<\/li>\n<\/ul>\n<p>&nbsp;<\/p>\n<h2>Specyfikacje<\/h2>\n<table style=\"border-collapse: collapse; width: 1374px; height: 288px;\" border=\"0\" width=\"425\" cellspacing=\"0\" cellpadding=\"0\">\n<tbody>\n<tr style=\"height: 15.00pt;\">\n<td class=\"et2\" style=\"height: 15pt; width: 90pt; text-align: center;\" width=\"120\" height=\"20\">Model<\/td>\n<td class=\"et2\" style=\"width: 228.75pt; text-align: center;\" width=\"305\">YSL-350<\/td>\n<\/tr>\n<tr style=\"height: 15.00pt;\">\n<td class=\"et2\" style=\"height: 15pt; width: 90pt; text-align: center;\" width=\"120\" height=\"20\">Wymiary (mm)<\/td>\n<td class=\"et3\" style=\"width: 228.75pt; text-align: center;\" width=\"305\">800*600*950 mm<\/td>\n<\/tr>\n<tr style=\"height: 15.00pt;\">\n<td class=\"et2\" style=\"height: 15pt; width: 90pt; text-align: center;\" width=\"120\" height=\"20\">Szeroko\u015b\u0107 PCB<\/td>\n<td class=\"et3\" style=\"width: 228.75pt; text-align: center;\" width=\"305\">50 \u2013 350 mm (regulowane)<\/td>\n<\/tr>\n<tr style=\"height: 15.00pt;\">\n<td class=\"et2\" style=\"height: 15pt; width: 90pt; text-align: center;\" width=\"120\" height=\"20\">Grubo\u015b\u0107 PCB<\/td>\n<td class=\"et3\" style=\"width: 228.75pt; text-align: center;\" width=\"305\">0,6 \u2013 6,0 mm<\/td>\n<\/tr>\n<tr style=\"height: 15.00pt;\">\n<td class=\"et2\" style=\"height: 15pt; width: 90pt; text-align: center;\" width=\"120\" height=\"20\">Wysoko\u015b\u0107 transportowa<\/td>\n<td class=\"et3\" style=\"width: 228.75pt; text-align: center;\" width=\"305\">750\u00b120 mm<\/td>\n<\/tr>\n<tr style=\"height: 15.00pt;\">\n<td class=\"et2\" style=\"height: 15pt; width: 90pt; text-align: center;\" width=\"120\" height=\"20\">Tryb sterowania<\/td>\n<td class=\"et3\" style=\"width: 228.75pt; text-align: center;\" width=\"305\">Silnik<\/td>\n<\/tr>\n<tr style=\"height: 15.00pt;\">\n<td class=\"et2\" style=\"height: 15pt; width: 90pt; text-align: center;\" width=\"120\" height=\"20\">Moc<\/td>\n<td class=\"et3\" style=\"width: 228.75pt; text-align: center;\" width=\"305\">Maks. 20 VA<\/td>\n<\/tr>\n<tr style=\"height: 15.00pt;\">\n<td class=\"et2\" style=\"height: 15pt; width: 90pt; text-align: center;\" width=\"120\" height=\"20\">Kierunek PCB<\/td>\n<td class=\"et3\" style=\"width: 228.75pt; text-align: center;\" width=\"305\">Od lewej do prawej lub od prawej do lewej<\/td>\n<\/tr>\n<tr style=\"height: 15.00pt;\">\n<td class=\"et2\" style=\"height: 15pt; width: 90pt; text-align: center;\" width=\"120\" height=\"20\">Zasilacz<\/td>\n<td class=\"et3\" style=\"width: 228.75pt; text-align: center;\" width=\"305\">1-fazowy pr\u0105d zmienny 220 V 50\/60 Hz (opcja: 110 V do 380 V)<\/td>\n<\/tr>\n<tr style=\"height: 15.00pt;\">\n<td class=\"et4\" style=\"height: 15pt; width: 90pt; text-align: center;\" width=\"120\" height=\"20\">Waga<\/td>\n<td class=\"et5\" style=\"width: 228.75pt; text-align: center;\" width=\"305\">220 kg\/zestaw<\/td>\n<\/tr>\n<\/tbody>\n<\/table>\n<p>&nbsp;<\/p>\n<p><a href=\"https:\/\/www.youtube.com\/@allaismt\" rel=\"nofollow noopener\" target=\"_blank\"><u>https:\/\/www.youtube.com\/@allaismt<\/u><\/a><\/p>\n<p>For more information about the<strong> SMT Roz\u0142adownik 90 Stopni<\/strong>, prosz\u0119 wys\u0142a\u0107 e-mail na adres<\/p>\n<p><a href=\"mailto:sophia@allaismt.com\"><u>sophia@allaismt.com<\/u><\/a><\/p>\n<p>Szybko odpowiemy na Twoje zapytanie i udzielimy Ci szczeg\u00f3\u0142owych informacji o naszych produktach i us\u0142ugach.<\/p>","protected":false},"excerpt":{"rendered":"<p>Opis: <strong>SMT Wave Soldering Loader<\/strong> Zosta\u0142 zaprojektowany z my\u015bl\u0105 o efektywnym wprowadzaniu p\u0142ytek PCB do procesu lutowania falowego, zapewniaj\u0105c p\u0142ynn\u0105 i precyzyjn\u0105 obs\u0142ug\u0119 oraz minimalizuj\u0105c uszkodzenia p\u0142ytek. Jego zautomatyzowana obs\u0142uga i solidna konstrukcja sprawiaj\u0105, \u017ce idealnie nadaje si\u0119 do szybkich linii produkcyjnych SMT, poprawiaj\u0105c wydajno\u015b\u0107 pracy i zapewniaj\u0105c sp\u00f3jno\u015b\u0107 produkcji. Przyjazne dla u\u017cytkownika sterowanie umo\u017cliwia \u0142atw\u0105 konfiguracj\u0119 i obs\u0142ug\u0119, co czyni go niezawodnym rozwi\u0105zaniem w nowoczesnej produkcji elektroniki.<\/p>\n<p>Minimalna ilo\u015b\u0107 zam\u00f3wienia: 1 szt.<\/p>\n<p>Czas realizacji zam\u00f3wienia: 15 dni<\/p>","protected":false},"featured_media":22611,"comment_status":"closed","ping_status":"closed","template":"","meta":[],"etheme_brands":[],"product_brand":[],"product_cat":[144,131],"product_tag":[],"class_list":{"0":"post-22609","1":"product","2":"type-product","3":"status-publish","4":"has-post-thumbnail","6":"product_cat-pcb-handling-machine","7":"product_cat-smt-peripheral-equipment","9":"first","10":"instock","11":"shipping-taxable","12":"product-type-simple"},"_links":{"self":[{"href":"https:\/\/esmte.com\/pl\/wp-json\/wp\/v2\/product\/22609","targetHints":{"allow":["GET"]}}],"collection":[{"href":"https:\/\/esmte.com\/pl\/wp-json\/wp\/v2\/product"}],"about":[{"href":"https:\/\/esmte.com\/pl\/wp-json\/wp\/v2\/types\/product"}],"replies":[{"embeddable":true,"href":"https:\/\/esmte.com\/pl\/wp-json\/wp\/v2\/comments?post=22609"}],"version-history":[{"count":1,"href":"https:\/\/esmte.com\/pl\/wp-json\/wp\/v2\/product\/22609\/revisions"}],"predecessor-version":[{"id":23788,"href":"https:\/\/esmte.com\/pl\/wp-json\/wp\/v2\/product\/22609\/revisions\/23788"}],"wp:featuredmedia":[{"embeddable":true,"href":"https:\/\/esmte.com\/pl\/wp-json\/wp\/v2\/media\/22611"}],"wp:attachment":[{"href":"https:\/\/esmte.com\/pl\/wp-json\/wp\/v2\/media?parent=22609"}],"wp:term":[{"taxonomy":"brand","embeddable":true,"href":"https:\/\/esmte.com\/pl\/wp-json\/wp\/v2\/etheme_brands?post=22609"},{"taxonomy":"product_brand","embeddable":true,"href":"https:\/\/esmte.com\/pl\/wp-json\/wp\/v2\/product_brand?post=22609"},{"taxonomy":"product_cat","embeddable":true,"href":"https:\/\/esmte.com\/pl\/wp-json\/wp\/v2\/product_cat?post=22609"},{"taxonomy":"product_tag","embeddable":true,"href":"https:\/\/esmte.com\/pl\/wp-json\/wp\/v2\/product_tag?post=22609"}],"curies":[{"name":"wp","href":"https:\/\/api.w.org\/{rel}","templated":true}]}}