{"id":22483,"date":"2025-11-29T02:47:08","date_gmt":"2025-11-29T02:47:08","guid":{"rendered":"https:\/\/esmte.com\/?post_type=product&#038;p=22483"},"modified":"2026-01-27T09:05:31","modified_gmt":"2026-01-27T09:05:31","slug":"pcb-change-edge-machine-yc-330","status":"publish","type":"product","link":"https:\/\/esmte.com\/pl\/products\/pcb-change-edge-machine-yc-330\/","title":{"rendered":"SMT PCB Change Edge Machine YC-330"},"content":{"rendered":"<h2>Wst\u0119p<\/h2>\n<p data-start=\"117\" data-end=\"613\">Ten <strong>SMT PCB Zmiana Kraw\u0119dzi Maszyny YC-330<\/strong> to zaawansowane rozwi\u0105zanie transferowe zaprojektowane z my\u015bl\u0105 o optymalizacji kierunku przep\u0142ywu p\u0142ytek PCB w nowoczesnych \u015brodowiskach produkcji SMT. Poniewa\u017c linie produkcyjne wymagaj\u0105 wi\u0119kszej elastyczno\u015bci, aby dostosowa\u0107 si\u0119 do zr\u00f3\u017cnicowanych uk\u0142ad\u00f3w, YC-330 zapewnia precyzyjn\u0105 i niezawodn\u0105 metod\u0119 przekierowania p\u0142ytek bez zak\u0142\u00f3cania przepustowo\u015bci i stabilno\u015bci. Ulepszony system transportu zapewnia p\u0142ynn\u0105 kontrol\u0119 ruchu, umo\u017cliwiaj\u0105c precyzyjn\u0105 zmian\u0119 kierunku p\u0142ytek PCB przy jednoczesnym zachowaniu sta\u0142ej jako\u015bci obs\u0142ugi.<\/p>\n<p data-start=\"615\" data-end=\"1048\">Zaprojektowany ze wzmocnion\u0105 ram\u0105 i trwa\u0142ymi komponentami, <strong>SMT PCB Zmiana Kraw\u0119dzi Maszyny YC-330<\/strong> Maszyna zosta\u0142a zaprojektowana z my\u015bl\u0105 o pracy ci\u0105g\u0142ej w warunkach du\u017cego zapotrzebowania. Zachowuje wyj\u0105tkow\u0105 stabilno\u015b\u0107, nawet podczas obr\u00f3bki p\u0142ytek o r\u00f3\u017cnych rozmiarach i grubo\u015bciach, co czyni j\u0105 wszechstronnym rozwi\u0105zaniem dla dynamicznych, wieloetapowych proces\u00f3w SMT. Precyzyjny system wyr\u00f3wnywania gwarantuje p\u0142ynne przej\u015bcie ka\u017cdej p\u0142ytki do kolejnego stanowiska.<\/p>\n<p data-start=\"1050\" data-end=\"1428\">Jedn\u0105 z najwi\u0119kszych zalet YC-330 jest \u0142atwo\u015b\u0107 integracji. Synchronizuje si\u0119 on efektywnie z urz\u0105dzeniami na linii produkcyjnej (upstream) i na linii produkcyjnej (downstream), zapewniaj\u0105c nieprzerwany przep\u0142yw produkcji i redukuj\u0105c potrzeb\u0119 skomplikowanych regulacji. Intuicyjny interfejs pozwala operatorom na szybk\u0105 konfiguracj\u0119, regulacj\u0119 i konserwacj\u0119, zapewniaj\u0105c p\u0142ynn\u0105 codzienn\u0105 prac\u0119.<\/p>\n<p data-start=\"1430\" data-end=\"1826\">Dzi\u0119ki kompaktowej konstrukcji, niezawodnej wydajno\u015bci i du\u017cej adaptowalno\u015bci, <strong>SMT PCB Zmiana Kraw\u0119dzi Maszyny YC-330<\/strong> to doskona\u0142e rozwi\u0105zanie dla producent\u00f3w d\u0105\u017c\u0105cych do zwi\u0119kszenia elastyczno\u015bci linii produkcyjnej i poprawy wydajno\u015bci. Niezale\u017cnie od tego, czy jest u\u017cywany do optymalizacji planowania uk\u0142adu, przekierowywania p\u0142ytek mi\u0119dzy procesami, czy obs\u0142ugi wielofunkcyjnych linii SMT, YC-330 zapewnia sp\u00f3jne i niezawodne rezultaty.<\/p>\n<p data-start=\"1430\" data-end=\"1826\"><img loading=\"lazy\" decoding=\"async\" class=\"aligncenter wp-image-22478\" src=\"https:\/\/esmte.com\/wp-content\/uploads\/2025\/11\/11-12.webp\" alt=\"SMT PCB Change Edge Machine YC-250\" width=\"607\" height=\"608\" srcset=\"https:\/\/esmte.com\/wp-content\/uploads\/2025\/11\/11-12.webp 1558w, https:\/\/esmte.com\/wp-content\/uploads\/2025\/11\/11-12-100x100.webp 100w, https:\/\/esmte.com\/wp-content\/uploads\/2025\/11\/11-12-600x601.webp 600w, https:\/\/esmte.com\/wp-content\/uploads\/2025\/11\/11-12-300x300.webp 300w, https:\/\/esmte.com\/wp-content\/uploads\/2025\/11\/11-12-1022x1024.webp 1022w, https:\/\/esmte.com\/wp-content\/uploads\/2025\/11\/11-12-150x150.webp 150w, https:\/\/esmte.com\/wp-content\/uploads\/2025\/11\/11-12-768x769.webp 768w, https:\/\/esmte.com\/wp-content\/uploads\/2025\/11\/11-12-1533x1536.webp 1533w, https:\/\/esmte.com\/wp-content\/uploads\/2025\/11\/11-12-1x1.webp 1w, https:\/\/esmte.com\/wp-content\/uploads\/2025\/11\/11-12-10x10.webp 10w\" sizes=\"auto, (max-width: 607px) 100vw, 607px\" \/><\/p>\n<h3>G\u0142\u00f3wne cechy<\/h3>\n<ul>\n<li data-start=\"211\" data-end=\"448\">\n<p data-start=\"213\" data-end=\"448\"><strong data-start=\"213\" data-end=\"251\">Dok\u0142adna regulacja kierunku PCB:<\/strong> YC-330 zapewnia p\u0142ynn\u0105 i precyzyjn\u0105 zmian\u0119 kraw\u0119dzi, gwarantuj\u0105c niezawodne przekierowywanie p\u0142ytek w celu spe\u0142nienia r\u00f3\u017cnych wymaga\u0144 dotycz\u0105cych rozmieszczenia linii SMT bez uszczerbku dla jako\u015bci obs\u0142ugi.<\/p>\n<\/li>\n<li data-start=\"450\" data-end=\"693\">\n<p data-start=\"452\" data-end=\"693\"><strong data-start=\"452\" data-end=\"486\">Zwi\u0119kszona stabilno\u015b\u0107 mechaniczna:<\/strong> Maszyna ma wzmocnion\u0105 konstrukcj\u0119 i trwa\u0142e komponenty, dzi\u0119ki czemu gwarantuje d\u0142ugoterminow\u0105 stabilno\u015b\u0107, minimalizuje drgania i utrzymuje sta\u0142\u0105 wydajno\u015b\u0107 nawet podczas ci\u0105g\u0142ej produkcji wielkoseryjnej.<\/p>\n<\/li>\n<li data-start=\"695\" data-end=\"891\">\n<p data-start=\"697\" data-end=\"891\"><strong data-start=\"697\" data-end=\"724\">Szeroka kompatybilno\u015b\u0107 z PCB:<\/strong> YC-330 obs\u0142uguje szeroki zakres rozmiar\u00f3w p\u0142ytek PCB, zapewniaj\u0105c producentom wi\u0119ksz\u0105 elastyczno\u015b\u0107 i umo\u017cliwiaj\u0105c bezproblemow\u0105 adaptacj\u0119 do r\u00f3\u017cnych etap\u00f3w procesu i typ\u00f3w produkt\u00f3w.<\/p>\n<\/li>\n<li data-start=\"893\" data-end=\"1105\">\n<p data-start=\"895\" data-end=\"1105\"><strong data-start=\"895\" data-end=\"925\">Bezproblemowa integracja linii:<\/strong> Zaprojektowany z my\u015bl\u0105 o p\u0142ynnej synchronizacji z urz\u0105dzeniami znajduj\u0105cymi si\u0119 powy\u017cej i poni\u017cej linii produkcyjnej, system YC-330 pomaga utrzyma\u0107 nieprzerwany przep\u0142yw produkcji i redukuje potrzeb\u0119 skomplikowanych regulacji linii.<\/p>\n<\/li>\n<li data-start=\"1107\" data-end=\"1325\">\n<p data-start=\"1109\" data-end=\"1325\"><strong data-start=\"1109\" data-end=\"1146\">Prosta obs\u0142uga i konserwacja:<\/strong> Dzi\u0119ki intuicyjnemu interfejsowi i przyst\u0119pnej konstrukcji operatorzy mog\u0105 \u0142atwo konfigurowa\u0107 parametry, wykonywa\u0107 szybkie regulacje i podstawowe czynno\u015bci konserwacyjne przy minimalnym wysi\u0142ku.<\/p>\n<\/li>\n<li data-start=\"1327\" data-end=\"1544\">\n<p data-start=\"1329\" data-end=\"1544\"><strong data-start=\"1329\" data-end=\"1368\">Kompaktowa i zajmuj\u0105ca ma\u0142o miejsca konstrukcja:<\/strong> Niewielkie wymiary sprawiaj\u0105, \u017ce urz\u0105dzenie idealnie nadaje si\u0119 do fabryk, w kt\u00f3rych zagospodarowanie przestrzeni ma kluczowe znaczenie, umo\u017cliwiaj\u0105c producentom optymalizacj\u0119 uk\u0142adu powierzchni przy jednoczesnym zachowaniu efektywno\u015bci obs\u0142ugi p\u0142ytek PCB.<\/p>\n<\/li>\n<\/ul>\n<p>&nbsp;<\/p>\n<h2>Specyfikacje<\/h2>\n<table style=\"height: 258px;\" width=\"1362\">\n<tbody>\n<tr>\n<td style=\"text-align: center;\" width=\"124\">Model<\/td>\n<td style=\"text-align: center;\" width=\"168\">YC-250<\/td>\n<td style=\"text-align: center;\" width=\"164\">YC-330<\/td>\n<td style=\"text-align: center;\" width=\"164\">YC-390<\/td>\n<\/tr>\n<tr>\n<td style=\"text-align: center;\" width=\"124\">Wymiary (mm)<\/td>\n<td style=\"text-align: center;\" width=\"168\">1000*904*900<\/td>\n<td style=\"text-align: center;\" width=\"164\">1000*945*900<\/td>\n<td style=\"text-align: center;\" width=\"164\">1150*998*900<\/td>\n<\/tr>\n<tr>\n<td style=\"text-align: center;\" width=\"124\">Rozmiar PCB<\/td>\n<td style=\"text-align: center;\" width=\"168\">50*50-330*250<\/td>\n<td style=\"text-align: center;\" width=\"164\">50*50-445*330<\/td>\n<td style=\"text-align: center;\" width=\"164\">50*50-530*390<\/td>\n<\/tr>\n<tr>\n<td style=\"text-align: center;\" width=\"124\">Czas cyklu<\/td>\n<td style=\"text-align: center;\" colspan=\"3\" width=\"496\">Oko\u0142o 4 sekund<\/td>\n<\/tr>\n<tr>\n<td style=\"text-align: center;\" width=\"124\">System sterowania<\/td>\n<td style=\"text-align: center;\" colspan=\"3\" width=\"496\">PLC<\/td>\n<\/tr>\n<tr>\n<td style=\"text-align: center;\" width=\"124\">Komunikacja<\/td>\n<td style=\"text-align: center;\" colspan=\"3\" width=\"496\">SMEMA zar\u00f3wno dla wej\u015bcia, jak i wyj\u015bcia<\/td>\n<\/tr>\n<tr>\n<td style=\"text-align: center;\" width=\"124\">Zasilacz<\/td>\n<td style=\"text-align: center;\" colspan=\"3\" width=\"496\">1 fazowy pr\u0105d zmienny 220 V 50\/60 Hz<br \/>\n(Opcja: 110 V do 380 V)<\/td>\n<\/tr>\n<tr>\n<td style=\"text-align: center;\" width=\"124\">Waga<\/td>\n<td style=\"text-align: center;\" width=\"168\">140 kg<\/td>\n<td style=\"text-align: center;\" width=\"164\">160 kg<\/td>\n<td style=\"text-align: center;\" width=\"164\">180 kg<\/td>\n<\/tr>\n<\/tbody>\n<\/table>\n<p>&nbsp;<\/p>\n<p><a href=\"https:\/\/www.youtube.com\/@allaismt\" rel=\"nofollow noopener\" target=\"_blank\"><u>https:\/\/www.youtube.com\/@allaismt<\/u><\/a><\/p>\n<p>For more information about the <strong>SMT PCB Change Edge Machine YC-330<\/strong>, prosz\u0119 wys\u0142a\u0107 e-mail na adres<\/p>\n<p><a href=\"mailto:sophia@allaismt.com\"><u>sophia@allaismt.com<\/u><\/a><\/p>\n<p>Szybko odpowiemy na Twoje zapytanie i udzielimy Ci szczeg\u00f3\u0142owych informacji o naszych produktach i us\u0142ugach.<\/p>","protected":false},"excerpt":{"rendered":"<p>Opis: <strong>SMT PCB Zmiana Kraw\u0119dzi Maszyny YC-330<\/strong> to niezawodne urz\u0105dzenie liniowe, zaprojektowane do p\u0142ynnej regulacji orientacji p\u0142ytek PCB na liniach produkcyjnych SMT. Dzi\u0119ki ulepszonemu systemowi obs\u0142ugi i stabilnej konstrukcji mechanicznej, sprawnie przekierowuje p\u0142ytki, dopasowuj\u0105c si\u0119 do r\u00f3\u017cnych wymaga\u0144 uk\u0142adu. YC-330 oferuje du\u017c\u0105 elastyczno\u015b\u0107 w dostosowywaniu si\u0119 do r\u00f3\u017cnych rozmiar\u00f3w p\u0142ytek PCB, zapewniaj\u0105c sp\u00f3jn\u0105 jako\u015b\u0107 transferu i p\u0142ynny przebieg pracy. Kompaktowe wymiary, przyjazna obs\u0142uga i \u0142atwa integracja sprawiaj\u0105, \u017ce jest to doskona\u0142y wyb\u00f3r do optymalizacji elastyczno\u015bci produkcji w nowoczesnym przemy\u015ble elektronicznym.<\/p>\n<p>Minimalna ilo\u015b\u0107 zam\u00f3wienia: 1 szt.<\/p>\n<p>Czas realizacji zam\u00f3wienia: 15 dni<\/p>","protected":false},"featured_media":22484,"comment_status":"closed","ping_status":"closed","template":"","meta":[],"etheme_brands":[],"product_brand":[],"product_cat":[144,131],"product_tag":[],"class_list":{"0":"post-22483","1":"product","2":"type-product","3":"status-publish","4":"has-post-thumbnail","6":"product_cat-pcb-handling-machine","7":"product_cat-smt-peripheral-equipment","9":"first","10":"instock","11":"shipping-taxable","12":"product-type-simple"},"_links":{"self":[{"href":"https:\/\/esmte.com\/pl\/wp-json\/wp\/v2\/product\/22483","targetHints":{"allow":["GET"]}}],"collection":[{"href":"https:\/\/esmte.com\/pl\/wp-json\/wp\/v2\/product"}],"about":[{"href":"https:\/\/esmte.com\/pl\/wp-json\/wp\/v2\/types\/product"}],"replies":[{"embeddable":true,"href":"https:\/\/esmte.com\/pl\/wp-json\/wp\/v2\/comments?post=22483"}],"version-history":[{"count":1,"href":"https:\/\/esmte.com\/pl\/wp-json\/wp\/v2\/product\/22483\/revisions"}],"predecessor-version":[{"id":23819,"href":"https:\/\/esmte.com\/pl\/wp-json\/wp\/v2\/product\/22483\/revisions\/23819"}],"wp:featuredmedia":[{"embeddable":true,"href":"https:\/\/esmte.com\/pl\/wp-json\/wp\/v2\/media\/22484"}],"wp:attachment":[{"href":"https:\/\/esmte.com\/pl\/wp-json\/wp\/v2\/media?parent=22483"}],"wp:term":[{"taxonomy":"brand","embeddable":true,"href":"https:\/\/esmte.com\/pl\/wp-json\/wp\/v2\/etheme_brands?post=22483"},{"taxonomy":"product_brand","embeddable":true,"href":"https:\/\/esmte.com\/pl\/wp-json\/wp\/v2\/product_brand?post=22483"},{"taxonomy":"product_cat","embeddable":true,"href":"https:\/\/esmte.com\/pl\/wp-json\/wp\/v2\/product_cat?post=22483"},{"taxonomy":"product_tag","embeddable":true,"href":"https:\/\/esmte.com\/pl\/wp-json\/wp\/v2\/product_tag?post=22483"}],"curies":[{"name":"wp","href":"https:\/\/api.w.org\/{rel}","templated":true}]}}