{"id":22471,"date":"2025-11-28T10:00:42","date_gmt":"2025-11-28T10:00:42","guid":{"rendered":"https:\/\/esmte.com\/?post_type=product&#038;p=22471"},"modified":"2026-01-27T09:05:56","modified_gmt":"2026-01-27T09:05:56","slug":"pcb-barcode-scanning-conveyor-ysc-390","status":"publish","type":"product","link":"https:\/\/esmte.com\/pl\/products\/pcb-barcode-scanning-conveyor-ysc-390\/","title":{"rendered":"SMT PCB Barcode Scanning Conveyor YSC-390"},"content":{"rendered":"<h2>Wst\u0119p<\/h2>\n<p data-start=\"242\" data-end=\"694\">Ten<strong> SMT PCB Barcode Scanning Conveyor YSC-390<\/strong> to wysokowydajny system przeno\u015bnikowy zaprojektowany z my\u015bl\u0105 o nowoczesnych \u015brodowiskach produkcji elektroniki. \u0141\u0105czy on p\u0142ynny transport p\u0142ytek PCB z precyzyjnym skanowaniem kod\u00f3w kreskowych, umo\u017cliwiaj\u0105c producentom dok\u0142adne \u015bledzenie ka\u017cdej p\u0142ytki w ca\u0142ym procesie produkcyjnym. Dzi\u0119ki rejestrowaniu danych z kod\u00f3w kreskowych w czasie rzeczywistym, YSC-390 zapewnia pe\u0142n\u0105 identyfikowalno\u015b\u0107, redukuje b\u0142\u0119dy i poprawia wydajno\u015b\u0107 pracy na liniach produkcyjnych SMT.<\/p>\n<p data-start=\"696\" data-end=\"998\">Zaprojektowany z my\u015bl\u0105 o wszechstronno\u015bci, YSC-390 obs\u0142uguje szeroki zakres rozmiar\u00f3w i grubo\u015bci p\u0142ytek PCB, dzi\u0119ki czemu idealnie nadaje si\u0119 do zr\u00f3\u017cnicowanych wymaga\u0144 monta\u017cowych. Jego stabilna i niezawodna praca gwarantuje ci\u0105g\u0142y, bezwibracyjny transport, chroni\u0105c delikatne komponenty i utrzymuj\u0105c wysok\u0105 pr\u0119dko\u015b\u0107 produkcji.<\/p>\n<p data-start=\"1000\" data-end=\"1305\">Przeno\u015bnik bezproblemowo integruje si\u0119 z systemami zarz\u0105dzania zak\u0142adem, umo\u017cliwiaj\u0105c monitorowanie w czasie rzeczywistym i optymalizacj\u0119 harmonogramu produkcji. Integracja ta usprawnia kontrol\u0119 jako\u015bci, zarz\u0105dzanie zapasami i og\u00f3ln\u0105 wydajno\u015b\u0107 proces\u00f3w, zapewniaj\u0105c producentom lepszy wgl\u0105d w ka\u017cdy etap produkcji PCB.<\/p>\n<p data-start=\"1307\" data-end=\"1640\">Og\u00f3lnie rzecz bior\u0105c, <strong>SMT PCB Barcode Scanning Conveyor YSC-390<\/strong> To niezb\u0119dne rozwi\u0105zanie dla producent\u00f3w elektroniki d\u0105\u017c\u0105cych do poprawy automatyzacji, dok\u0142adno\u015bci i wydajno\u015bci. Po\u0142\u0105czenie precyzyjnego skanowania kod\u00f3w kreskowych, wszechstronnej kompatybilno\u015bci i inteligentnej integracji system\u00f3w czyni je kluczowym elementem ka\u017cdej nowoczesnej linii produkcyjnej SMT.<\/p>\n<p data-start=\"1307\" data-end=\"1640\"><img loading=\"lazy\" decoding=\"async\" class=\"aligncenter wp-image-22465\" src=\"https:\/\/esmte.com\/wp-content\/uploads\/2025\/11\/11-11.webp\" alt=\"SMT PCB Barcode Scanning Conveyor YSC-390\" width=\"556\" height=\"556\" srcset=\"https:\/\/esmte.com\/wp-content\/uploads\/2025\/11\/11-11.webp 2560w, https:\/\/esmte.com\/wp-content\/uploads\/2025\/11\/11-11-100x100.webp 100w, https:\/\/esmte.com\/wp-content\/uploads\/2025\/11\/11-11-600x600.webp 600w, https:\/\/esmte.com\/wp-content\/uploads\/2025\/11\/11-11-300x300.webp 300w, https:\/\/esmte.com\/wp-content\/uploads\/2025\/11\/11-11-1024x1024.webp 1024w, https:\/\/esmte.com\/wp-content\/uploads\/2025\/11\/11-11-150x150.webp 150w, https:\/\/esmte.com\/wp-content\/uploads\/2025\/11\/11-11-768x768.webp 768w, https:\/\/esmte.com\/wp-content\/uploads\/2025\/11\/11-11-1536x1536.webp 1536w, https:\/\/esmte.com\/wp-content\/uploads\/2025\/11\/11-11-2048x2048.webp 2048w, https:\/\/esmte.com\/wp-content\/uploads\/2025\/11\/11-11-1x1.webp 1w, https:\/\/esmte.com\/wp-content\/uploads\/2025\/11\/11-11-10x10.webp 10w\" sizes=\"auto, (max-width: 556px) 100vw, 556px\" \/><\/p>\n<h3>G\u0142\u00f3wne cechy<\/h3>\n<ul>\n<li data-start=\"172\" data-end=\"336\">\n<p data-start=\"175\" data-end=\"336\"><strong data-start=\"175\" data-end=\"200\">Niezawodne \u015bledzenie PCB<\/strong> \u2013 Zapewnia dok\u0142adn\u0105 identyfikacj\u0119 i \u015bledzenie ka\u017cdej p\u0142ytki PCB na ca\u0142ej linii produkcyjnej, co poprawia identyfikowalno\u015b\u0107 i kontrol\u0119 przep\u0142ywu pracy.<\/p>\n<\/li>\n<li data-start=\"337\" data-end=\"490\">\n<p data-start=\"340\" data-end=\"490\"><strong data-start=\"340\" data-end=\"376\">Sta\u0142a wydajno\u015b\u0107 transportu<\/strong> \u2013 Zapewnia p\u0142ynny i stabilny transport p\u0142ytek PCB, redukuj\u0105c ryzyko przesuni\u0119cia si\u0119 lub uszkodzenia p\u0142ytki podczas monta\u017cu.<\/p>\n<\/li>\n<li data-start=\"491\" data-end=\"659\">\n<p data-start=\"494\" data-end=\"659\"><strong data-start=\"494\" data-end=\"521\">Elastyczna obs\u0142uga p\u0142yt<\/strong> \u2013 Mo\u017cliwo\u015b\u0107 stosowania p\u0142ytek PCB o r\u00f3\u017cnych wymiarach i grubo\u015bciach, dzi\u0119ki czemu nadaje si\u0119 do szerokiej gamy zastosowa\u0144 produkcyjnych.<\/p>\n<\/li>\n<li data-start=\"660\" data-end=\"819\">\n<p data-start=\"663\" data-end=\"819\"><strong data-start=\"663\" data-end=\"702\">Integracja z systemami produkcyjnymi<\/strong> \u2013 Mo\u017cliwo\u015b\u0107 po\u0142\u0105czenia z oprogramowaniem fabrycznym w celu monitorowania, zbierania danych i optymalizacji proces\u00f3w na ca\u0142ej linii SMT.<\/p>\n<\/li>\n<li data-start=\"820\" data-end=\"981\">\n<p data-start=\"823\" data-end=\"981\"><strong data-start=\"823\" data-end=\"855\">Trwa\u0142a i wydajna konstrukcja<\/strong> \u2013 Zbudowany z solidnych komponent\u00f3w, kt\u00f3re gwarantuj\u0105 d\u0142ugoterminow\u0105 niezawodno\u015b\u0107, jednocze\u015bnie minimalizuj\u0105c zu\u017cycie energii i koszty eksploatacji.<\/p>\n<\/li>\n<li data-start=\"982\" data-end=\"1138\">\n<p data-start=\"985\" data-end=\"1138\"><strong data-start=\"985\" data-end=\"1014\">Przyjazna dla u\u017cytkownika konserwacja<\/strong> \u2013 Zaprojektowano z my\u015bl\u0105 o \u0142atwym dost\u0119pie i modu\u0142owej wymianie cz\u0119\u015bci, co pozwala na szybk\u0105 konserwacj\u0119 i skr\u00f3cenie przestoj\u00f3w w produkcji.<\/p>\n<\/li>\n<\/ul>\n<p>&nbsp;<\/p>\n<h2>Specyfikacje<\/h2>\n<table style=\"border-collapse: collapse; width: 1379px; height: 415px;\" border=\"0\" width=\"633\" cellspacing=\"0\" cellpadding=\"0\">\n<tbody>\n<tr style=\"height: 15.00pt;\">\n<td class=\"et2\" style=\"height: 15pt; width: 90.75pt; text-align: center;\" width=\"121\" height=\"20\">Model<\/td>\n<td class=\"et3\" style=\"width: 127.5pt; text-align: center;\" width=\"170\">YSC-250<\/td>\n<td class=\"et3\" style=\"width: 128.25pt; text-align: center;\" width=\"171\">YSC-330<\/td>\n<td class=\"et4\" style=\"width: 128.25pt; text-align: center;\" width=\"171\">YSC-390<\/td>\n<\/tr>\n<tr style=\"height: 15.00pt;\">\n<td class=\"et5\" style=\"height: 15pt; width: 90.75pt; text-align: center;\" width=\"121\" height=\"20\">Wymiary (mm)<\/td>\n<td class=\"et6\" style=\"width: 127.5pt; text-align: center;\" width=\"170\">1000*964*1450<\/td>\n<td class=\"et6\" style=\"width: 128.25pt; text-align: center;\" width=\"171\">1000*964*1450<\/td>\n<td class=\"et7\" style=\"width: 128.25pt; text-align: center;\" width=\"171\">1000*964*1450<\/td>\n<\/tr>\n<tr style=\"height: 15.00pt;\">\n<td class=\"et5\" style=\"height: 15pt; width: 90.75pt; text-align: center;\" width=\"121\" height=\"20\">Rozmiar p\u0142ytki PCB (mm)<\/td>\n<td class=\"et6\" style=\"width: 127.5pt; text-align: center;\" width=\"170\">50*50-330*250<\/td>\n<td class=\"et6\" style=\"width: 128.25pt; text-align: center;\" width=\"171\">50*50-445*330<\/td>\n<td class=\"et7\" style=\"width: 128.25pt; text-align: center;\" width=\"171\">50*50-530*390<\/td>\n<\/tr>\n<tr style=\"height: 15.00pt;\">\n<td class=\"et8\" style=\"height: 15pt; width: 90.75pt; text-align: center;\" width=\"121\" height=\"20\">Czas cyklu<\/td>\n<td class=\"et9\" style=\"width: 127.5pt; text-align: center;\" width=\"170\">Oko\u0142o 5 sekund<\/td>\n<td class=\"et9\" style=\"width: 128.25pt; text-align: center;\" width=\"171\">Oko\u0142o 5 sekund<\/td>\n<td class=\"et9\" style=\"width: 128.25pt; text-align: center;\" width=\"171\">Oko\u0142o 5 sekund<\/td>\n<\/tr>\n<tr style=\"height: 15.00pt;\">\n<td class=\"et5\" style=\"height: 15pt; width: 90.75pt; text-align: center;\" width=\"121\" height=\"20\">System sterowania<\/td>\n<td class=\"et6\" style=\"width: 127.5pt; text-align: center;\" width=\"170\">PLC<\/td>\n<td class=\"et6\" style=\"width: 128.25pt; text-align: center;\" width=\"171\">PLC<\/td>\n<td class=\"et6\" style=\"width: 128.25pt; text-align: center;\" width=\"171\">PLC<\/td>\n<\/tr>\n<tr style=\"height: 15.00pt;\">\n<td class=\"et8\" style=\"height: 15pt; width: 90.75pt; text-align: center;\" width=\"121\" height=\"20\">Moc<\/td>\n<td class=\"et9\" style=\"width: 127.5pt; text-align: center;\" width=\"170\">Maks. 250 VA<\/td>\n<td class=\"et9\" style=\"width: 128.25pt; text-align: center;\" width=\"171\">Maks. 250 VA<\/td>\n<td class=\"et9\" style=\"width: 128.25pt; text-align: center;\" width=\"171\">Maks. 250 VA<\/td>\n<\/tr>\n<tr style=\"height: 29.25pt;\">\n<td class=\"et8\" style=\"height: 29.25pt; width: 90.75pt; text-align: center;\" width=\"121\" height=\"39\">Wysoko\u015b\u0107 transportowa<\/td>\n<td class=\"et9\" style=\"width: 127.5pt; text-align: center;\" width=\"170\">900\u00b120 mm<br \/>\n(lub okre\u015blone przez Klienta)<\/td>\n<td class=\"et9\" style=\"width: 128.25pt; text-align: center;\" width=\"171\">900\u00b120 mm<br \/>\n(lub okre\u015blone przez Klienta)<\/td>\n<td class=\"et9\" style=\"width: 128.25pt; text-align: center;\" width=\"171\">900\u00b120 mm<br \/>\n(lub okre\u015blone przez Klienta)<\/td>\n<\/tr>\n<tr style=\"height: 15.00pt;\">\n<td class=\"et8\" style=\"height: 15pt; width: 90.75pt; text-align: center;\" width=\"121\" height=\"20\">\u015arodek transportu<\/td>\n<td class=\"et9\" style=\"width: 127.5pt; text-align: center;\" width=\"170\">Pasek antystatyczny 4 mm<\/td>\n<td class=\"et9\" style=\"width: 128.25pt; text-align: center;\" width=\"171\">Pasek antystatyczny 4 mm<\/td>\n<td class=\"et9\" style=\"width: 128.25pt; text-align: center;\" width=\"171\">Pasek antystatyczny 4 mm<\/td>\n<\/tr>\n<tr style=\"height: 15.00pt;\">\n<td class=\"et8\" style=\"height: 15pt; width: 90.75pt; text-align: center;\" width=\"121\" height=\"20\">Kierunek PCB<\/td>\n<td class=\"et9\" style=\"width: 127.5pt; text-align: center;\" width=\"170\">Od lewej do prawej lub od prawej do lewej<\/td>\n<td class=\"et9\" style=\"width: 128.25pt; text-align: center;\" width=\"171\">Od lewej do prawej lub od prawej do lewej<\/td>\n<td class=\"et9\" style=\"width: 128.25pt; text-align: center;\" width=\"171\">Od lewej do prawej lub od prawej do lewej<\/td>\n<\/tr>\n<tr style=\"height: 15.00pt;\">\n<td class=\"et5\" style=\"height: 15pt; width: 90.75pt; text-align: center;\" width=\"121\" height=\"20\">Komunikacja<\/td>\n<td class=\"et6\" style=\"width: 127.5pt; text-align: center;\" width=\"170\">SMEMA dla wej\u015bcia i wyj\u015bcia<\/td>\n<td class=\"et6\" style=\"width: 128.25pt; text-align: center;\" width=\"171\">SMEMA dla wej\u015bcia i wyj\u015bcia<\/td>\n<td class=\"et6\" style=\"width: 128.25pt; text-align: center;\" width=\"171\">SMEMA dla wej\u015bcia i wyj\u015bcia<\/td>\n<\/tr>\n<tr style=\"height: 29.25pt;\">\n<td class=\"et5\" style=\"height: 29.25pt; width: 90.75pt; text-align: center;\" width=\"121\" height=\"39\">Zasilacz<\/td>\n<td class=\"et6\" style=\"width: 127.5pt; text-align: center;\" width=\"170\">1-fazowy pr\u0105d zmienny 220 V 50\/60 Hz (opcja: 110 V do 380 V)<\/td>\n<td class=\"et6\" style=\"width: 128.25pt; text-align: center;\" width=\"171\">1-fazowy pr\u0105d zmienny 220 V 50\/60 Hz (opcja: 110 V do 380 V)<\/td>\n<td class=\"et6\" style=\"width: 128.25pt; text-align: center;\" width=\"171\">1-fazowy pr\u0105d zmienny 220 V 50\/60 Hz (opcja: 110 V do 380 V)<\/td>\n<\/tr>\n<tr style=\"height: 15.00pt;\">\n<td class=\"et10\" style=\"height: 15pt; width: 90.75pt; text-align: center;\" width=\"121\" height=\"20\">Waga<\/td>\n<td class=\"et10\" style=\"width: 127.5pt; text-align: center;\" width=\"170\">340 kg<\/td>\n<td class=\"et10\" style=\"width: 128.25pt; text-align: center;\" width=\"171\">360 kg<\/td>\n<td class=\"et10\" style=\"width: 128.25pt; text-align: center;\" width=\"171\">380 kg<\/td>\n<\/tr>\n<\/tbody>\n<\/table>\n<p>&nbsp;<\/p>\n<p><a href=\"https:\/\/www.youtube.com\/@allaismt\" rel=\"nofollow noopener\" target=\"_blank\"><u>https:\/\/www.youtube.com\/@allaismt<\/u><\/a><\/p>\n<p>For more information about the <strong>SMT PCB Barcode Scanning Conveyor YSC-390<\/strong>, prosz\u0119 wys\u0142a\u0107 e-mail na adres<\/p>\n<p><a href=\"mailto:sophia@allaismt.com\"><u>sophia@allaismt.com<\/u><\/a><\/p>\n<p>Szybko odpowiemy na Twoje zapytanie i udzielimy Ci szczeg\u00f3\u0142owych informacji o naszych produktach i us\u0142ugach.<\/p>","protected":false},"excerpt":{"rendered":"<p>Opis:<strong> SMT PCB Barcode Scanning Conveyor YSC-390<\/strong> To niezawodne i wydajne rozwi\u0105zanie dla nowoczesnej produkcji elektroniki. Zapewnia p\u0142ynny i stabilny transport p\u0142ytek PCB, automatycznie rejestruj\u0105c kody kreskowe, co pozwala na precyzyjne zbieranie danych i pe\u0142n\u0105 identyfikowalno\u015b\u0107 w ca\u0142ym procesie produkcyjnym. Zaprojektowany z my\u015bl\u0105 o r\u00f3\u017cnych rozmiarach i grubo\u015bciach p\u0142ytek PCB, YSC-390 idealnie integruje si\u0119 z liniami monta\u017cu SMT. Jego niezawodna praca redukuje przerwy w produkcji, optymalizuje wydajno\u015b\u0107 przep\u0142ywu pracy i wspiera inteligentne zarz\u0105dzanie produkcj\u0105, co czyni go niezb\u0119dnym elementem zautomatyzowanych i wymagaj\u0105cych wysokiej precyzji \u015brodowisk monta\u017cu p\u0142ytek PCB.<\/p>\n<p>Minimalna ilo\u015b\u0107 zam\u00f3wienia: 1 szt.<\/p>\n<p>Czas realizacji zam\u00f3wienia: 15 dni<\/p>","protected":false},"featured_media":22472,"comment_status":"closed","ping_status":"closed","template":"","meta":[],"etheme_brands":[],"product_brand":[],"product_cat":[144,131],"product_tag":[],"class_list":{"0":"post-22471","1":"product","2":"type-product","3":"status-publish","4":"has-post-thumbnail","6":"product_cat-pcb-handling-machine","7":"product_cat-smt-peripheral-equipment","9":"first","10":"instock","11":"shipping-taxable","12":"product-type-simple"},"_links":{"self":[{"href":"https:\/\/esmte.com\/pl\/wp-json\/wp\/v2\/product\/22471","targetHints":{"allow":["GET"]}}],"collection":[{"href":"https:\/\/esmte.com\/pl\/wp-json\/wp\/v2\/product"}],"about":[{"href":"https:\/\/esmte.com\/pl\/wp-json\/wp\/v2\/types\/product"}],"replies":[{"embeddable":true,"href":"https:\/\/esmte.com\/pl\/wp-json\/wp\/v2\/comments?post=22471"}],"version-history":[{"count":1,"href":"https:\/\/esmte.com\/pl\/wp-json\/wp\/v2\/product\/22471\/revisions"}],"predecessor-version":[{"id":23822,"href":"https:\/\/esmte.com\/pl\/wp-json\/wp\/v2\/product\/22471\/revisions\/23822"}],"wp:featuredmedia":[{"embeddable":true,"href":"https:\/\/esmte.com\/pl\/wp-json\/wp\/v2\/media\/22472"}],"wp:attachment":[{"href":"https:\/\/esmte.com\/pl\/wp-json\/wp\/v2\/media?parent=22471"}],"wp:term":[{"taxonomy":"brand","embeddable":true,"href":"https:\/\/esmte.com\/pl\/wp-json\/wp\/v2\/etheme_brands?post=22471"},{"taxonomy":"product_brand","embeddable":true,"href":"https:\/\/esmte.com\/pl\/wp-json\/wp\/v2\/product_brand?post=22471"},{"taxonomy":"product_cat","embeddable":true,"href":"https:\/\/esmte.com\/pl\/wp-json\/wp\/v2\/product_cat?post=22471"},{"taxonomy":"product_tag","embeddable":true,"href":"https:\/\/esmte.com\/pl\/wp-json\/wp\/v2\/product_tag?post=22471"}],"curies":[{"name":"wp","href":"https:\/\/api.w.org\/{rel}","templated":true}]}}