{"id":22464,"date":"2025-11-28T09:40:34","date_gmt":"2025-11-28T09:40:34","guid":{"rendered":"https:\/\/esmte.com\/?post_type=product&#038;p=22464"},"modified":"2026-01-27T09:06:30","modified_gmt":"2026-01-27T09:06:30","slug":"pcb-barcode-scanning-conveyor-ysc-250","status":"publish","type":"product","link":"https:\/\/esmte.com\/pl\/products\/pcb-barcode-scanning-conveyor-ysc-250\/","title":{"rendered":"SMT PCB Barcode Scanning Conveyor YSC-250"},"content":{"rendered":"<h2>Wst\u0119p<\/h2>\n<p>Ten <strong>SMT PCB Barcode Scanning Conveyor YSC-250<\/strong> Zosta\u0142 zaprojektowany w celu zwi\u0119kszenia wydajno\u015bci i dok\u0142adno\u015bci w nowoczesnej produkcji elektroniki. Stanowi niezawodn\u0105 platform\u0119 do transportu p\u0142ytek drukowanych, automatycznie odczytuj\u0105c kody kreskowe, co gwarantuje prawid\u0142owe \u015bledzenie ka\u017cdej p\u0142ytki w ca\u0142ym procesie produkcyjnym.<\/p>\n<p>Ten system przeno\u015bnik\u00f3w bezproblemowo integruje si\u0119 z liniami produkcyjnymi SMT, zapewniaj\u0105c ci\u0105g\u0142\u0105 prac\u0119 bez przerw. Dzi\u0119ki precyzyjnemu odczytowi danych z kod\u00f3w kreskowych, producenci mog\u0105 zachowa\u0107 identyfikowalno\u015b\u0107, usprawni\u0107 przep\u0142ywy pracy i zredukowa\u0107 liczb\u0119 b\u0142\u0119d\u00f3w podczas monta\u017cu i testowania.<\/p>\n<p>Zaprojektowany z my\u015bl\u0105 o wszechstronno\u015bci, <strong>SMT PCB Barcode Scanning Conveyor YSC-250<\/strong> Obs\u0142uguje szeroki zakres rozmiar\u00f3w i grubo\u015bci p\u0142ytek PCB. Dostosowuje si\u0119 do zr\u00f3\u017cnicowanych wymaga\u0144 produkcyjnych, dzi\u0119ki czemu nadaje si\u0119 zar\u00f3wno do operacji wielkoseryjnych, jak i bardziej specjalistycznych zada\u0144 monta\u017cowych. Konstrukcja urz\u0105dzenia koncentruje si\u0119 na p\u0142ynnej obs\u0142udze, aby zminimalizowa\u0107 zak\u0142\u00f3cenia i chroni\u0107 delikatne komponenty.<\/p>\n<p>Opr\u00f3cz swojej podstawowej funkcji transportu i skanowania p\u0142ytek PCB, <strong>SMT PCB Barcode Scanning Conveyor YSC-250<\/strong> \u0141\u0105czy si\u0119 z systemami zarz\u0105dzania fabryk\u0105, aby dostarcza\u0107 dane w czasie rzeczywistym i analizy operacyjne. Umo\u017cliwia to podejmowanie lepszych decyzji, usprawnienie harmonogramowania i optymalizacj\u0119 wydajno\u015bci produkcji.<\/p>\n<p>Og\u00f3lnie rzecz bior\u0105c, <strong>SMT PCB Barcode Scanning Conveyor YSC-250<\/strong> Przyczynia si\u0119 do stworzenia inteligentniejszego i bardziej zorganizowanego \u015brodowiska produkcyjnego. Pomaga producentom elektroniki utrzyma\u0107 wysokie standardy kontroli jako\u015bci, poprawi\u0107 identyfikowalno\u015b\u0107 i zapewni\u0107, \u017ce ka\u017cda p\u0142ytka PCB przechodzi przez lini\u0119 produkcyjn\u0105 dok\u0142adnie i wydajnie.<\/p>\n<p>&nbsp;<\/p>\n<p><img loading=\"lazy\" decoding=\"async\" class=\"aligncenter wp-image-22465\" src=\"https:\/\/esmte.com\/wp-content\/uploads\/2025\/11\/11-11.webp\" alt=\"SMT PCB Barcode Scanning Conveyor YSC-250\" width=\"555\" height=\"555\" srcset=\"https:\/\/esmte.com\/wp-content\/uploads\/2025\/11\/11-11.webp 2560w, https:\/\/esmte.com\/wp-content\/uploads\/2025\/11\/11-11-100x100.webp 100w, https:\/\/esmte.com\/wp-content\/uploads\/2025\/11\/11-11-600x600.webp 600w, https:\/\/esmte.com\/wp-content\/uploads\/2025\/11\/11-11-300x300.webp 300w, https:\/\/esmte.com\/wp-content\/uploads\/2025\/11\/11-11-1024x1024.webp 1024w, https:\/\/esmte.com\/wp-content\/uploads\/2025\/11\/11-11-150x150.webp 150w, https:\/\/esmte.com\/wp-content\/uploads\/2025\/11\/11-11-768x768.webp 768w, https:\/\/esmte.com\/wp-content\/uploads\/2025\/11\/11-11-1536x1536.webp 1536w, https:\/\/esmte.com\/wp-content\/uploads\/2025\/11\/11-11-2048x2048.webp 2048w, https:\/\/esmte.com\/wp-content\/uploads\/2025\/11\/11-11-1x1.webp 1w, https:\/\/esmte.com\/wp-content\/uploads\/2025\/11\/11-11-10x10.webp 10w\" sizes=\"auto, (max-width: 555px) 100vw, 555px\" \/><\/p>\n<p>&nbsp;<\/p>\n<h3>G\u0142\u00f3wne cechy<\/h3>\n<ul>\n<li data-start=\"638\" data-end=\"834\">\n<p data-start=\"641\" data-end=\"834\"><strong data-start=\"641\" data-end=\"670\">Dok\u0142adne skanowanie kod\u00f3w kreskowych<\/strong> \u2013 Wyposa\u017cony w zaawansowane modu\u0142y skanuj\u0105ce, YSC-250 mo\u017ce niezawodnie odczytywa\u0107 kody kreskowe 1D i 2D, zapewniaj\u0105c dok\u0142adne zbieranie danych na potrzeby \u015bledzenia i kontroli jako\u015bci.<\/p>\n<\/li>\n<li data-start=\"835\" data-end=\"973\">\n<p data-start=\"838\" data-end=\"973\"><strong data-start=\"838\" data-end=\"862\">Stabilny transport PCB<\/strong> \u2013 Wysokiej jako\u015bci pasy i \u0142a\u0144cuchy zapewniaj\u0105 p\u0142ynny i ci\u0105g\u0142y transport, zapobiegaj\u0105c nieprawid\u0142owemu ustawieniu lub uszkodzeniu p\u0142ytek PCB.<\/p>\n<\/li>\n<li data-start=\"974\" data-end=\"1142\">\n<p data-start=\"977\" data-end=\"1142\"><strong data-start=\"977\" data-end=\"1003\">Inteligentna integracja danych<\/strong> \u2013 Bezproblemowa integracja z systemami MES i innymi systemami zarz\u0105dzania produkcj\u0105, umo\u017cliwiaj\u0105ca \u015bledzenie informacji o p\u0142ytkach PCB w czasie rzeczywistym i optymalizacj\u0119 przep\u0142ywu pracy.<\/p>\n<\/li>\n<li data-start=\"1143\" data-end=\"1270\">\n<p data-start=\"1146\" data-end=\"1270\"><strong data-start=\"1146\" data-end=\"1172\">Elastyczna kompatybilno\u015b\u0107<\/strong> \u2013 Obs\u0142uguje r\u00f3\u017cne rozmiary i grubo\u015bci p\u0142ytek PCB, co umo\u017cliwia dostosowanie ich do r\u00f3\u017cnych linii produkcyjnych.<\/p>\n<\/li>\n<li data-start=\"1271\" data-end=\"1404\">\n<p data-start=\"1274\" data-end=\"1404\"><strong data-start=\"1274\" data-end=\"1301\">Projekt energooszcz\u0119dny<\/strong> \u2013 Zoptymalizowany silnik i uk\u0142ad mechaniczny zmniejszaj\u0105 zu\u017cycie energii przy jednoczesnym zachowaniu wysokiej wydajno\u015bci.<\/p>\n<\/li>\n<li data-start=\"1405\" data-end=\"1551\">\n<p data-start=\"1408\" data-end=\"1551\"><strong data-start=\"1408\" data-end=\"1428\">\u0141atwa konserwacja<\/strong> \u2013 Modu\u0142owa konstrukcja pozwala na szybkie czyszczenie i wymian\u0119 podzespo\u0142\u00f3w, co minimalizuje przestoje i zapewnia ci\u0105g\u0142o\u015b\u0107 produkcji.<\/p>\n<\/li>\n<\/ul>\n<p>&nbsp;<\/p>\n<h2>Specyfikacje<\/h2>\n<table style=\"border-collapse: collapse; width: 1377px; height: 392px;\" border=\"0\" width=\"633\" cellspacing=\"0\" cellpadding=\"0\">\n<tbody>\n<tr style=\"height: 15.00pt;\">\n<td class=\"et2\" style=\"height: 15pt; width: 90.75pt; text-align: center;\" width=\"121\" height=\"20\">Model<\/td>\n<td class=\"et3\" style=\"width: 127.5pt; text-align: center;\" width=\"170\">YSC-250<\/td>\n<td class=\"et3\" style=\"width: 128.25pt; text-align: center;\" width=\"171\">YSC-330<\/td>\n<td class=\"et4\" style=\"width: 128.25pt; text-align: center;\" width=\"171\">YSC-390<\/td>\n<\/tr>\n<tr style=\"height: 15.00pt;\">\n<td class=\"et5\" style=\"height: 15pt; width: 90.75pt; text-align: center;\" width=\"121\" height=\"20\">Wymiary (mm)<\/td>\n<td class=\"et6\" style=\"width: 127.5pt; text-align: center;\" width=\"170\">1000*964*1450<\/td>\n<td class=\"et6\" style=\"width: 128.25pt; text-align: center;\" width=\"171\">1000*964*1450<\/td>\n<td class=\"et7\" style=\"width: 128.25pt; text-align: center;\" width=\"171\">1000*964*1450<\/td>\n<\/tr>\n<tr style=\"height: 15.00pt;\">\n<td class=\"et5\" style=\"height: 15pt; width: 90.75pt; text-align: center;\" width=\"121\" height=\"20\">Rozmiar p\u0142ytki PCB (mm)<\/td>\n<td class=\"et6\" style=\"width: 127.5pt; text-align: center;\" width=\"170\">50*50-330*250<\/td>\n<td class=\"et6\" style=\"width: 128.25pt; text-align: center;\" width=\"171\">50*50-445*330<\/td>\n<td class=\"et7\" style=\"width: 128.25pt; text-align: center;\" width=\"171\">50*50-530*390<\/td>\n<\/tr>\n<tr style=\"height: 15.00pt;\">\n<td class=\"et8\" style=\"height: 15pt; width: 90.75pt; text-align: center;\" width=\"121\" height=\"20\">Czas cyklu<\/td>\n<td class=\"et9\" style=\"width: 127.5pt; text-align: center;\" width=\"170\">Oko\u0142o 5 sekund<\/td>\n<td class=\"et9\" style=\"width: 128.25pt; text-align: center;\" width=\"171\">Oko\u0142o 5 sekund<\/td>\n<td class=\"et9\" style=\"width: 128.25pt; text-align: center;\" width=\"171\">Oko\u0142o 5 sekund<\/td>\n<\/tr>\n<tr style=\"height: 15.00pt;\">\n<td class=\"et5\" style=\"height: 15pt; width: 90.75pt; text-align: center;\" width=\"121\" height=\"20\">System sterowania<\/td>\n<td class=\"et6\" style=\"width: 127.5pt; text-align: center;\" width=\"170\">PLC<\/td>\n<td class=\"et6\" style=\"width: 128.25pt; text-align: center;\" width=\"171\">PLC<\/td>\n<td class=\"et6\" style=\"width: 128.25pt; text-align: center;\" width=\"171\">PLC<\/td>\n<\/tr>\n<tr style=\"height: 15.00pt;\">\n<td class=\"et8\" style=\"height: 15pt; width: 90.75pt; text-align: center;\" width=\"121\" height=\"20\">Moc<\/td>\n<td class=\"et9\" style=\"width: 127.5pt; text-align: center;\" width=\"170\">Maks. 250 VA<\/td>\n<td class=\"et9\" style=\"width: 128.25pt; text-align: center;\" width=\"171\">Maks. 250 VA<\/td>\n<td class=\"et9\" style=\"width: 128.25pt; text-align: center;\" width=\"171\">Maks. 250 VA<\/td>\n<\/tr>\n<tr style=\"height: 29.25pt;\">\n<td class=\"et8\" style=\"height: 29.25pt; width: 90.75pt; text-align: center;\" width=\"121\" height=\"39\">Wysoko\u015b\u0107 transportowa<\/td>\n<td class=\"et9\" style=\"width: 127.5pt; text-align: center;\" width=\"170\">900\u00b120 mm<br \/>\n(lub okre\u015blone przez Klienta)<\/td>\n<td class=\"et9\" style=\"width: 128.25pt; text-align: center;\" width=\"171\">900\u00b120 mm<br \/>\n(lub okre\u015blone przez Klienta)<\/td>\n<td class=\"et9\" style=\"width: 128.25pt; text-align: center;\" width=\"171\">900\u00b120 mm<br \/>\n(lub okre\u015blone przez Klienta)<\/td>\n<\/tr>\n<tr style=\"height: 15.00pt;\">\n<td class=\"et8\" style=\"height: 15pt; width: 90.75pt; text-align: center;\" width=\"121\" height=\"20\">\u015arodek transportu<\/td>\n<td class=\"et9\" style=\"width: 127.5pt; text-align: center;\" width=\"170\">Pasek antystatyczny 4 mm<\/td>\n<td class=\"et9\" style=\"width: 128.25pt; text-align: center;\" width=\"171\">Pasek antystatyczny 4 mm<\/td>\n<td class=\"et9\" style=\"width: 128.25pt; text-align: center;\" width=\"171\">Pasek antystatyczny 4 mm<\/td>\n<\/tr>\n<tr style=\"height: 15.00pt;\">\n<td class=\"et8\" style=\"height: 15pt; width: 90.75pt; text-align: center;\" width=\"121\" height=\"20\">Kierunek PCB<\/td>\n<td class=\"et9\" style=\"width: 127.5pt; text-align: center;\" width=\"170\">Od lewej do prawej lub od prawej do lewej<\/td>\n<td class=\"et9\" style=\"width: 128.25pt; text-align: center;\" width=\"171\">Od lewej do prawej lub od prawej do lewej<\/td>\n<td class=\"et9\" style=\"width: 128.25pt; text-align: center;\" width=\"171\">Od lewej do prawej lub od prawej do lewej<\/td>\n<\/tr>\n<tr style=\"height: 15.00pt;\">\n<td class=\"et5\" style=\"height: 15pt; width: 90.75pt; text-align: center;\" width=\"121\" height=\"20\">Komunikacja<\/td>\n<td class=\"et6\" style=\"width: 127.5pt; text-align: center;\" width=\"170\">SMEMA dla wej\u015bcia i wyj\u015bcia<\/td>\n<td class=\"et6\" style=\"width: 128.25pt; text-align: center;\" width=\"171\">SMEMA dla wej\u015bcia i wyj\u015bcia<\/td>\n<td class=\"et6\" style=\"width: 128.25pt; text-align: center;\" width=\"171\">SMEMA dla wej\u015bcia i wyj\u015bcia<\/td>\n<\/tr>\n<tr style=\"height: 29.25pt;\">\n<td class=\"et5\" style=\"height: 29.25pt; width: 90.75pt; text-align: center;\" width=\"121\" height=\"39\">Zasilacz<\/td>\n<td class=\"et6\" style=\"width: 127.5pt; text-align: center;\" width=\"170\">1-fazowy pr\u0105d zmienny 220 V 50\/60 Hz (opcja: 110 V do 380 V)<\/td>\n<td class=\"et6\" style=\"width: 128.25pt; text-align: center;\" width=\"171\">1-fazowy pr\u0105d zmienny 220 V 50\/60 Hz (opcja: 110 V do 380 V)<\/td>\n<td class=\"et6\" style=\"width: 128.25pt; text-align: center;\" width=\"171\">1-fazowy pr\u0105d zmienny 220 V 50\/60 Hz (opcja: 110 V do 380 V)<\/td>\n<\/tr>\n<tr style=\"height: 15.00pt;\">\n<td class=\"et10\" style=\"height: 15pt; width: 90.75pt; text-align: center;\" width=\"121\" height=\"20\">Waga<\/td>\n<td class=\"et10\" style=\"width: 127.5pt; text-align: center;\" width=\"170\">340 kg<\/td>\n<td class=\"et10\" style=\"width: 128.25pt; text-align: center;\" width=\"171\">360 kg<\/td>\n<td class=\"et10\" style=\"width: 128.25pt; text-align: center;\" width=\"171\">380 kg<\/td>\n<\/tr>\n<\/tbody>\n<\/table>\n<p>&nbsp;<\/p>\n<p><a href=\"https:\/\/www.youtube.com\/@allaismt\" rel=\"nofollow noopener\" target=\"_blank\"><u>https:\/\/www.youtube.com\/@allaismt<\/u><\/a><\/p>\n<p>For more information about the <strong>SMT PCB Barcode Scanning Conveyor YSC-250<\/strong>, prosz\u0119 wys\u0142a\u0107 e-mail na adres<\/p>\n<p><a href=\"mailto:sophia@allaismt.com\"><u>sophia@allaismt.com<\/u><\/a><\/p>\n<p>Szybko odpowiemy na Twoje zapytanie i udzielimy Ci szczeg\u00f3\u0142owych informacji o naszych produktach i us\u0142ugach.<\/p>","protected":false},"excerpt":{"rendered":"<p>Opis: <strong>SMT PCB Barcode Scanning Conveyor YSC-250<\/strong> to precyzyjny system przeno\u015bnikowy przeznaczony do linii produkcyjnych SMT. Automatycznie skanuje i identyfikuje kody kreskowe PCB, zapewniaj\u0105c dok\u0142adne \u015bledzenie i identyfikowalno\u015b\u0107 w ca\u0142ym procesie produkcyjnym. Dzi\u0119ki stabilnej pracy, wysokiej pr\u0119dko\u015bci i \u0142atwej integracji z istniej\u0105cymi liniami SMT, YSC-250 zwi\u0119ksza wydajno\u015b\u0107 produkcji, redukuje b\u0142\u0119dy r\u0119czne i wspiera p\u0142ynne zarz\u0105dzanie przep\u0142ywem pracy.<\/p>\n<p>Minimalna ilo\u015b\u0107 zam\u00f3wienia: 1 szt.<\/p>\n<p>Czas realizacji zam\u00f3wienia: 15 dni<\/p>","protected":false},"featured_media":22466,"comment_status":"closed","ping_status":"closed","template":"","meta":[],"etheme_brands":[],"product_brand":[],"product_cat":[144,131],"product_tag":[],"class_list":{"0":"post-22464","1":"product","2":"type-product","3":"status-publish","4":"has-post-thumbnail","6":"product_cat-pcb-handling-machine","7":"product_cat-smt-peripheral-equipment","9":"first","10":"instock","11":"shipping-taxable","12":"product-type-simple"},"_links":{"self":[{"href":"https:\/\/esmte.com\/pl\/wp-json\/wp\/v2\/product\/22464","targetHints":{"allow":["GET"]}}],"collection":[{"href":"https:\/\/esmte.com\/pl\/wp-json\/wp\/v2\/product"}],"about":[{"href":"https:\/\/esmte.com\/pl\/wp-json\/wp\/v2\/types\/product"}],"replies":[{"embeddable":true,"href":"https:\/\/esmte.com\/pl\/wp-json\/wp\/v2\/comments?post=22464"}],"version-history":[{"count":1,"href":"https:\/\/esmte.com\/pl\/wp-json\/wp\/v2\/product\/22464\/revisions"}],"predecessor-version":[{"id":23826,"href":"https:\/\/esmte.com\/pl\/wp-json\/wp\/v2\/product\/22464\/revisions\/23826"}],"wp:featuredmedia":[{"embeddable":true,"href":"https:\/\/esmte.com\/pl\/wp-json\/wp\/v2\/media\/22466"}],"wp:attachment":[{"href":"https:\/\/esmte.com\/pl\/wp-json\/wp\/v2\/media?parent=22464"}],"wp:term":[{"taxonomy":"brand","embeddable":true,"href":"https:\/\/esmte.com\/pl\/wp-json\/wp\/v2\/etheme_brands?post=22464"},{"taxonomy":"product_brand","embeddable":true,"href":"https:\/\/esmte.com\/pl\/wp-json\/wp\/v2\/product_brand?post=22464"},{"taxonomy":"product_cat","embeddable":true,"href":"https:\/\/esmte.com\/pl\/wp-json\/wp\/v2\/product_cat?post=22464"},{"taxonomy":"product_tag","embeddable":true,"href":"https:\/\/esmte.com\/pl\/wp-json\/wp\/v2\/product_tag?post=22464"}],"curies":[{"name":"wp","href":"https:\/\/api.w.org\/{rel}","templated":true}]}}