{"id":22237,"date":"2025-11-26T07:46:43","date_gmt":"2025-11-26T07:46:43","guid":{"rendered":"https:\/\/esmte.com\/?post_type=product&#038;p=22237"},"modified":"2025-11-27T08:46:00","modified_gmt":"2025-11-27T08:46:00","slug":"smt-dual-rails-pcb-unloader-ydu-l1690","status":"publish","type":"product","link":"https:\/\/esmte.com\/pl\/products\/smt-dual-rails-pcb-unloader-ydu-l1690\/","title":{"rendered":"Roz\u0142adowarka PCB SMT Dual-rails YDU-L1690"},"content":{"rendered":"<h2>Wst\u0119p<\/h2>\n<p data-start=\"204\" data-end=\"540\">W dynamicznym \u015bwiecie produkcji elektroniki, sprawne roz\u0142adowywanie p\u0142ytek PCB jest kluczowe dla utrzymania p\u0142ynnego przep\u0142ywu produkcji i zapewnienia wysokiej jako\u015bci wynik\u00f3w. <strong data-start=\"368\" data-end=\"409\">Roz\u0142adowarka PCB SMT Dual-rails YDU-L1690<\/strong> jest zaprojektowany tak, aby zapewni\u0107 niezawodne i szybkie roz\u0142adowywanie p\u0142ytek PCB na liniach produkcyjnych SMT, optymalizuj\u0105c przep\u0142yw pracy i redukuj\u0105c przestoje.<\/p>\n<p data-start=\"542\" data-end=\"940\">Wyposa\u017cony w system dwuszynowy, YDU-L1690 umo\u017cliwia jednoczesny roz\u0142adunek wielu p\u0142ytek PCB, co znacznie zwi\u0119ksza wydajno\u015b\u0107 produkcji. Precyzyjne sterowanie ruchem zapewnia delikatne i precyzyjne przenoszenie, minimalizuj\u0105c ryzyko uszkodzenia p\u0142ytek PCB i utrzymuj\u0105c sta\u0142\u0105 jako\u015b\u0107 produktu. Roz\u0142adunek obs\u0142uguje szeroki zakres rozmiar\u00f3w p\u0142ytek PCB, oferuj\u0105c elastyczno\u015b\u0107 w zakresie zr\u00f3\u017cnicowanych wymaga\u0144 produkcyjnych.<\/p>\n<p data-start=\"942\" data-end=\"1251\">Trwa\u0142a i solidna konstrukcja YDU-L1690 zapewnia stabiln\u0105 wydajno\u015b\u0107 nawet podczas ci\u0105g\u0142ej pracy. Kompaktowa konstrukcja umo\u017cliwia \u0142atw\u0105 integracj\u0119 z istniej\u0105cymi liniami SMT, a przyjazny dla u\u017cytkownika interfejs upraszcza obs\u0142ug\u0119 i konserwacj\u0119, skracaj\u0105c przestoje i poprawiaj\u0105c og\u00f3ln\u0105 wydajno\u015b\u0107.<\/p>\n<p data-start=\"1253\" data-end=\"1559\">Poprzez w\u0142\u0105czenie <strong data-start=\"1274\" data-end=\"1315\">Roz\u0142adowarka PCB SMT Dual-rails YDU-L1690<\/strong>, Producenci mog\u0105 osi\u0105gn\u0105\u0107 p\u0142ynniejsze przej\u015bcia mi\u0119dzy p\u0142ytkami PCB, zwi\u0119kszy\u0107 wydajno\u015b\u0107 linii produkcyjnej i utrzyma\u0107 wysokie standardy jako\u015bci. Jest to niezb\u0119dne rozwi\u0105zanie dla fabryk elektroniki poszukuj\u0105cych precyzyjnego, niezawodnego i wydajnego sprz\u0119tu do roz\u0142adunku p\u0142ytek PCB.<\/p>\n<p><img loading=\"lazy\" decoding=\"async\" class=\"aligncenter wp-image-22234\" src=\"https:\/\/esmte.com\/wp-content\/uploads\/2025\/11\/11_\u526f\u672c.webp\" alt=\"SMT Dual-rails PCB Unloader YDU-L1690\" width=\"500\" height=\"500\" srcset=\"https:\/\/esmte.com\/wp-content\/uploads\/2025\/11\/11_\u526f\u672c.webp 2560w, https:\/\/esmte.com\/wp-content\/uploads\/2025\/11\/11_\u526f\u672c-100x100.webp 100w, https:\/\/esmte.com\/wp-content\/uploads\/2025\/11\/11_\u526f\u672c-600x600.webp 600w, https:\/\/esmte.com\/wp-content\/uploads\/2025\/11\/11_\u526f\u672c-300x300.webp 300w, https:\/\/esmte.com\/wp-content\/uploads\/2025\/11\/11_\u526f\u672c-1024x1024.webp 1024w, https:\/\/esmte.com\/wp-content\/uploads\/2025\/11\/11_\u526f\u672c-150x150.webp 150w, https:\/\/esmte.com\/wp-content\/uploads\/2025\/11\/11_\u526f\u672c-768x768.webp 768w, https:\/\/esmte.com\/wp-content\/uploads\/2025\/11\/11_\u526f\u672c-1536x1536.webp 1536w, https:\/\/esmte.com\/wp-content\/uploads\/2025\/11\/11_\u526f\u672c-2048x2048.webp 2048w, https:\/\/esmte.com\/wp-content\/uploads\/2025\/11\/11_\u526f\u672c-1x1.webp 1w, https:\/\/esmte.com\/wp-content\/uploads\/2025\/11\/11_\u526f\u672c-10x10.webp 10w\" sizes=\"auto, (max-width: 500px) 100vw, 500px\" \/><\/p>\n<h3>G\u0142\u00f3wne cechy<\/h3>\n<ul>\n<li data-start=\"1161\" data-end=\"1218\">\n<p data-start=\"1163\" data-end=\"1218\">Podw\u00f3jne przeno\u015bniki umo\u017cliwiaj\u0105ce jednoczesne roz\u0142adowywanie PCB<\/p>\n<\/li>\n<li data-start=\"1219\" data-end=\"1269\">\n<p data-start=\"1221\" data-end=\"1269\">Wysoka czu\u0142o\u015b\u0107 wykrywania zapobiegaj\u0105ca zaci\u0119ciom<\/p>\n<\/li>\n<li data-start=\"1270\" data-end=\"1327\">\n<p data-start=\"1272\" data-end=\"1327\">Wzmocniona konstrukcja mechaniczna zapewniaj\u0105ca stabilne, d\u0142ugotrwa\u0142e u\u017cytkowanie<\/p>\n<\/li>\n<li data-start=\"1328\" data-end=\"1373\">\n<p data-start=\"1330\" data-end=\"1373\">Regulowane szyny do r\u00f3\u017cnych szeroko\u015bci PCB<\/p>\n<\/li>\n<li data-start=\"1374\" data-end=\"1431\">\n<p data-start=\"1376\" data-end=\"1431\">Cichy system silnikowy odpowiedni do pracy w pomieszczeniach czystych<\/p>\n<\/li>\n<li data-start=\"1432\" data-end=\"1606\">\n<p data-start=\"1434\" data-end=\"1606\">\u0141atwa instalacja na liniach SMT jedno- i dwupasmowych<\/p>\n<\/li>\n<\/ul>\n<p>&nbsp;<\/p>\n<h2>Specyfikacje<\/h2>\n<table style=\"height: 223px;\" width=\"1379\">\n<tbody>\n<tr>\n<td style=\"text-align: center;\" width=\"117\">Model (roz\u0142adowacz)<\/td>\n<td style=\"text-align: center;\" width=\"165\">YDU-M1435<\/td>\n<td style=\"text-align: center;\" width=\"114\">YDU-L1690<\/td>\n<td style=\"text-align: center;\" width=\"114\">YDU-LL1810<\/td>\n<td style=\"text-align: center;\" width=\"160\">YDU-XL1950<\/td>\n<\/tr>\n<tr>\n<td style=\"text-align: center;\" width=\"117\">Wymiary (mm)<\/td>\n<td style=\"text-align: center;\" width=\"165\">1800*1435*1250<\/td>\n<td style=\"text-align: center;\" width=\"114\">2065*1690*1250<\/td>\n<td style=\"text-align: center;\" width=\"114\">2330*1810*1250<\/td>\n<td style=\"text-align: center;\" width=\"160\">2330*1950*1250<\/td>\n<\/tr>\n<tr>\n<td style=\"text-align: center;\" width=\"117\">Rozmiar p\u0142ytki PCB (mm)<\/td>\n<td style=\"text-align: center;\" width=\"165\">50*50-330*250<\/td>\n<td style=\"text-align: center;\" width=\"114\">50*50-445*330<\/td>\n<td style=\"text-align: center;\" width=\"114\">50*50-530*390<\/td>\n<td style=\"text-align: center;\" width=\"160\">50*50-530*460<\/td>\n<\/tr>\n<tr>\n<td style=\"text-align: center;\" width=\"117\">Rozmiar stojaka (mm)<\/td>\n<td style=\"text-align: center;\" width=\"165\">355*320*563<\/td>\n<td style=\"text-align: center;\" width=\"114\">460*400*563<\/td>\n<td style=\"text-align: center;\" width=\"114\">535*460*570<\/td>\n<td style=\"text-align: center;\" width=\"160\">535*530*570<\/td>\n<\/tr>\n<tr>\n<td style=\"text-align: center;\" width=\"117\">System sterowania<\/td>\n<td style=\"text-align: center;\" colspan=\"4\" width=\"553\">PLC<\/td>\n<\/tr>\n<tr>\n<td style=\"text-align: center;\" width=\"117\">Zasilacz<\/td>\n<td style=\"text-align: center;\" colspan=\"4\" width=\"553\">1-fazowy pr\u0105d zmienny 220 V 50\/60 Hz (opcja: 110 V do 380 V)<\/td>\n<\/tr>\n<tr>\n<td style=\"text-align: center;\" width=\"117\">Waga<\/td>\n<td style=\"text-align: center;\" width=\"165\">320 kg<\/td>\n<td style=\"text-align: center;\" width=\"114\">350 kg<\/td>\n<td style=\"text-align: center;\" width=\"114\">380 kg<\/td>\n<td style=\"text-align: center;\" width=\"160\">410 kg<\/td>\n<\/tr>\n<\/tbody>\n<\/table>\n<p>&nbsp;<\/p>\n<p><a href=\"https:\/\/www.youtube.com\/@allaismt\" rel=\"nofollow noopener\" target=\"_blank\"><u>https:\/\/www.youtube.com\/@allaismt<\/u><\/a><\/p>\n<p>Aby uzyska\u0107 wi\u0119cej informacji na temat urz\u0105dzenia do roz\u0142adowywania p\u0142ytek PCB SMT Dual-rails YDU-L1690, prosimy o przes\u0142anie wiadomo\u015bci e-mail na adres<\/p>\n<p><a href=\"mailto:sophia@allaismt.com\"><u>sophia@allaismt.com<\/u><\/a><\/p>\n<p>Szybko odpowiemy na Twoje zapytanie i udzielimy Ci szczeg\u00f3\u0142owych informacji o naszych produktach i us\u0142ugach.<\/p>","protected":false},"excerpt":{"rendered":"<p>Opis: <strong data-start=\"101\" data-end=\"142\">Roz\u0142adowarka PCB SMT Dual-rails YDU-L1690<\/strong> to wysokowydajne rozwi\u0105zanie do roz\u0142adunku, zaprojektowane z my\u015bl\u0105 o efektywnym transporcie p\u0142ytek PCB na liniach produkcyjnych SMT. Dzi\u0119ki dwutorowemu systemowi, umo\u017cliwia ono jednoczesny roz\u0142adunek wielu p\u0142ytek PCB, zapewniaj\u0105c p\u0142ynny przep\u0142yw pracy i redukuj\u0105c przestoje w produkcji. Zbudowany z precyzyjnym sterowaniem ruchem i solidn\u0105 konstrukcj\u0105, YDU-L1690 obs\u0142uguje p\u0142ytki PCB o r\u00f3\u017cnych rozmiarach, minimalizuj\u0105c jednocze\u015bnie ryzyko ich uszkodzenia. Kompaktowa konstrukcja i \u0142atwa integracja sprawiaj\u0105, \u017ce jest to idealny wyb\u00f3r dla nowoczesnych \u015brodowisk produkcyjnych elektroniki.<\/p>\n<p>Minimalna ilo\u015b\u0107 zam\u00f3wienia: 1 szt.<\/p>\n<p>Czas realizacji zam\u00f3wienia: 15 dni<\/p>","protected":false},"featured_media":22238,"comment_status":"closed","ping_status":"closed","template":"","meta":[],"etheme_brands":[],"product_brand":[],"product_cat":[144],"product_tag":[],"class_list":{"0":"post-22237","1":"product","2":"type-product","3":"status-publish","4":"has-post-thumbnail","6":"product_cat-pcb-handling-machine","8":"first","9":"instock","10":"shipping-taxable","11":"product-type-simple"},"_links":{"self":[{"href":"https:\/\/esmte.com\/pl\/wp-json\/wp\/v2\/product\/22237","targetHints":{"allow":["GET"]}}],"collection":[{"href":"https:\/\/esmte.com\/pl\/wp-json\/wp\/v2\/product"}],"about":[{"href":"https:\/\/esmte.com\/pl\/wp-json\/wp\/v2\/types\/product"}],"replies":[{"embeddable":true,"href":"https:\/\/esmte.com\/pl\/wp-json\/wp\/v2\/comments?post=22237"}],"version-history":[{"count":1,"href":"https:\/\/esmte.com\/pl\/wp-json\/wp\/v2\/product\/22237\/revisions"}],"predecessor-version":[{"id":22341,"href":"https:\/\/esmte.com\/pl\/wp-json\/wp\/v2\/product\/22237\/revisions\/22341"}],"wp:featuredmedia":[{"embeddable":true,"href":"https:\/\/esmte.com\/pl\/wp-json\/wp\/v2\/media\/22238"}],"wp:attachment":[{"href":"https:\/\/esmte.com\/pl\/wp-json\/wp\/v2\/media?parent=22237"}],"wp:term":[{"taxonomy":"brand","embeddable":true,"href":"https:\/\/esmte.com\/pl\/wp-json\/wp\/v2\/etheme_brands?post=22237"},{"taxonomy":"product_brand","embeddable":true,"href":"https:\/\/esmte.com\/pl\/wp-json\/wp\/v2\/product_brand?post=22237"},{"taxonomy":"product_cat","embeddable":true,"href":"https:\/\/esmte.com\/pl\/wp-json\/wp\/v2\/product_cat?post=22237"},{"taxonomy":"product_tag","embeddable":true,"href":"https:\/\/esmte.com\/pl\/wp-json\/wp\/v2\/product_tag?post=22237"}],"curies":[{"name":"wp","href":"https:\/\/api.w.org\/{rel}","templated":true}]}}