{"id":22231,"date":"2025-11-26T07:18:31","date_gmt":"2025-11-26T07:18:31","guid":{"rendered":"https:\/\/esmte.com\/?post_type=product&#038;p=22231"},"modified":"2025-11-27T08:55:18","modified_gmt":"2025-11-27T08:55:18","slug":"pcb-smt-mini-cyclic-loader-ycl-500","status":"publish","type":"product","link":"https:\/\/esmte.com\/pl\/products\/pcb-smt-mini-cyclic-loader-ycl-500\/","title":{"rendered":"Miniaturowa \u0142adowarka cykliczna PCB SMT YCL-500"},"content":{"rendered":"<h2>Wst\u0119p<\/h2>\n<p data-start=\"196\" data-end=\"498\">W nowoczesnej produkcji elektroniki utrzymanie p\u0142ynnego i ci\u0105g\u0142ego procesu produkcji p\u0142ytek PCB jest kluczowe dla wysokiej wydajno\u015bci i sp\u00f3jnej jako\u015bci. <strong data-start=\"345\" data-end=\"383\">Miniaturowa \u0142adowarka cykliczna PCB SMT YCL-500<\/strong> zosta\u0142 zaprojektowany specjalnie w celu optymalizacji obr\u00f3bki p\u0142ytek PCB poprzez zapewnienie zautomatyzowanego, cyklicznego za\u0142adunku na liniach produkcyjnych SMT.<\/p>\n<p data-start=\"500\" data-end=\"904\">YCL-500 charakteryzuje si\u0119 kompaktow\u0105, a zarazem solidn\u0105 konstrukcj\u0105, co pozwala na bezproblemow\u0105 integracj\u0119 z istniej\u0105cymi liniami SMT bez zajmowania nadmiernej powierzchni. Precyzyjny mechanizm zapewnia stabilne i niezawodne \u0142adowanie p\u0142ytek PCB, minimalizuj\u0105c ryzyko ich uszkodzenia i jednocze\u015bnie zwi\u0119kszaj\u0105c wydajno\u015b\u0107 operacyjn\u0105. \u0141adowarka jest kompatybilna z p\u0142ytkami PCB o r\u00f3\u017cnych rozmiarach, co czyni j\u0105 wszechstronn\u0105 i dostosowan\u0105 do zr\u00f3\u017cnicowanych wymaga\u0144 produkcyjnych.<\/p>\n<p data-start=\"906\" data-end=\"1193\">Wytrzyma\u0142y i przyjazny dla u\u017cytkownika YCL-500 redukuje konieczno\u015b\u0107 r\u0119cznej obs\u0142ugi i usprawnia proces za\u0142adunku, zapewniaj\u0105c ci\u0105g\u0142y przep\u0142yw pracy i zwi\u0119kszon\u0105 wydajno\u015b\u0107 linii produkcyjnej. Intuicyjna obs\u0142uga i \u0142atwa konserwacja dodatkowo przyczyniaj\u0105 si\u0119 do skr\u00f3cenia przestoj\u00f3w i p\u0142ynniejszych cykl\u00f3w produkcyjnych.<\/p>\n<p data-start=\"1195\" data-end=\"1474\">Poprzez w\u0142\u0105czenie <strong data-start=\"1216\" data-end=\"1254\">Miniaturowa \u0142adowarka cykliczna PCB SMT YCL-500<\/strong>, Producenci mog\u0105 osi\u0105gn\u0105\u0107 wy\u017csz\u0105 wydajno\u015b\u0107, bezpieczniejsz\u0105 obs\u0142ug\u0119 p\u0142ytek PCB i wydajniejsz\u0105 produkcj\u0119 SMT. To idealne rozwi\u0105zanie dla fabryk elektroniki poszukuj\u0105cych niezawodnego, kompaktowego i wydajnego sprz\u0119tu do za\u0142adunku.<\/p>\n<p><img loading=\"lazy\" decoding=\"async\" class=\"aligncenter wp-image-22227\" src=\"https:\/\/esmte.com\/wp-content\/uploads\/2025\/11\/Mini-Cyclic-Loader_\u526f\u672c.webp\" alt=\"PCB SMT Mini Cyclic Loader YCL-500\" width=\"501\" height=\"501\" srcset=\"https:\/\/esmte.com\/wp-content\/uploads\/2025\/11\/Mini-Cyclic-Loader_\u526f\u672c.webp 2560w, https:\/\/esmte.com\/wp-content\/uploads\/2025\/11\/Mini-Cyclic-Loader_\u526f\u672c-100x100.webp 100w, https:\/\/esmte.com\/wp-content\/uploads\/2025\/11\/Mini-Cyclic-Loader_\u526f\u672c-600x600.webp 600w, https:\/\/esmte.com\/wp-content\/uploads\/2025\/11\/Mini-Cyclic-Loader_\u526f\u672c-300x300.webp 300w, https:\/\/esmte.com\/wp-content\/uploads\/2025\/11\/Mini-Cyclic-Loader_\u526f\u672c-1024x1024.webp 1024w, https:\/\/esmte.com\/wp-content\/uploads\/2025\/11\/Mini-Cyclic-Loader_\u526f\u672c-150x150.webp 150w, https:\/\/esmte.com\/wp-content\/uploads\/2025\/11\/Mini-Cyclic-Loader_\u526f\u672c-768x768.webp 768w, https:\/\/esmte.com\/wp-content\/uploads\/2025\/11\/Mini-Cyclic-Loader_\u526f\u672c-1536x1536.webp 1536w, https:\/\/esmte.com\/wp-content\/uploads\/2025\/11\/Mini-Cyclic-Loader_\u526f\u672c-2048x2048.webp 2048w, https:\/\/esmte.com\/wp-content\/uploads\/2025\/11\/Mini-Cyclic-Loader_\u526f\u672c-1x1.webp 1w, https:\/\/esmte.com\/wp-content\/uploads\/2025\/11\/Mini-Cyclic-Loader_\u526f\u672c-10x10.webp 10w\" sizes=\"auto, (max-width: 501px) 100vw, 501px\" \/><\/p>\n<h3>G\u0142\u00f3wne cechy<\/h3>\n<ul>\n<li data-start=\"4573\" data-end=\"4636\">\n<p data-start=\"4575\" data-end=\"4636\">Wydajna cyrkulacja PCB zapobiegaj\u0105ca w\u0105skim gard\u0142om w produkcji<\/p>\n<\/li>\n<li data-start=\"4637\" data-end=\"4695\">\n<p data-start=\"4639\" data-end=\"4695\">Wzmocniona rama gwarantuj\u0105ca podawanie bez drga\u0144<\/p>\n<\/li>\n<li data-start=\"4696\" data-end=\"4758\">\n<p data-start=\"4698\" data-end=\"4758\">\u0141atwy w obs\u0142udze panel sterowania z czytelnymi wska\u017anikami funkcyjnymi<\/p>\n<\/li>\n<li data-start=\"4759\" data-end=\"4815\">\n<p data-start=\"4761\" data-end=\"4815\">Kompaktowa konstrukcja maksymalizuj\u0105ca wykorzystanie przestrzeni warsztatowej<\/p>\n<\/li>\n<li data-start=\"4816\" data-end=\"4870\">\n<p data-start=\"4818\" data-end=\"4870\">P\u0142ynny mechanizm ruchu zapobiegaj\u0105cy deformacji PCB<\/p>\n<\/li>\n<li data-start=\"4871\" data-end=\"5012\">\n<p data-start=\"4873\" data-end=\"5012\">Idealny do ma\u0142ych i du\u017cych operacji SMT<\/p>\n<\/li>\n<\/ul>\n<p>&nbsp;<\/p>\n<h2>Specyfikacje<\/h2>\n<table style=\"height: 303px;\" width=\"1380\">\n<tbody>\n<tr>\n<td style=\"text-align: center;\" width=\"127\">Model<\/td>\n<td style=\"text-align: center;\" width=\"233\">YCL-500<\/td>\n<\/tr>\n<tr>\n<td style=\"text-align: center;\" width=\"127\">Wymiary (mm)<\/td>\n<td style=\"text-align: center;\" width=\"233\">500*475*1400<\/td>\n<\/tr>\n<tr>\n<td style=\"text-align: center;\" width=\"127\">Rozmiar p\u0142ytki PCB (mm)<\/td>\n<td style=\"text-align: center;\" width=\"233\">50*50-330*250<\/td>\n<\/tr>\n<tr>\n<td style=\"text-align: center;\" width=\"127\">Pojemno\u015b\u0107 PCB<\/td>\n<td style=\"text-align: center;\" width=\"233\">15 szt. lub podaj<\/td>\n<\/tr>\n<tr>\n<td style=\"text-align: center;\" width=\"127\">Moc<\/td>\n<td style=\"text-align: center;\" width=\"233\">Max120VA<\/td>\n<\/tr>\n<tr>\n<td style=\"text-align: center;\" width=\"127\">Wysoko\u015b\u0107 transportu<\/td>\n<td style=\"text-align: center;\" width=\"233\">900\u00b120 mm<br \/>\n(lub okre\u015blone przez Klienta)<\/td>\n<\/tr>\n<tr>\n<td style=\"text-align: center;\" width=\"127\">Kierunek PCB<\/td>\n<td style=\"text-align: center;\" width=\"233\">Od lewej do prawej lub od prawej do lewej<\/td>\n<\/tr>\n<tr>\n<td style=\"text-align: center;\" width=\"127\">Zasilacz<\/td>\n<td style=\"text-align: center;\" width=\"233\">1-fazowy pr\u0105d zmienny 220 V 50\/60 Hz (opcja: 110 V do 380 V)<\/td>\n<\/tr>\n<tr>\n<td style=\"text-align: center;\" width=\"127\">Waga<\/td>\n<td style=\"text-align: center;\" width=\"233\">150 kg<\/td>\n<\/tr>\n<\/tbody>\n<\/table>\n<p>&nbsp;<\/p>\n<p><a href=\"https:\/\/www.youtube.com\/@allaismt\" rel=\"nofollow noopener\" target=\"_blank\"><u>https:\/\/www.youtube.com\/@allaismt<\/u><\/a><\/p>\n<p>Aby uzyska\u0107 wi\u0119cej informacji na temat mini\u0142adowarki cyklicznej PCB SMT YCL-500, prosimy o przes\u0142anie wiadomo\u015bci e-mail na adres<\/p>\n<p><a href=\"mailto:sophia@allaismt.com\"><u>sophia@allaismt.com<\/u><\/a><\/p>\n<p>Szybko odpowiemy na Twoje zapytanie i udzielimy Ci szczeg\u00f3\u0142owych informacji o naszych produktach i us\u0142ugach.<\/p>","protected":false},"excerpt":{"rendered":"<p>Opis: <strong data-start=\"98\" data-end=\"136\">Miniaturowa \u0142adowarka cykliczna PCB SMT YCL-500<\/strong> to kompaktowy i wysokowydajny system za\u0142adunku p\u0142ytek PCB, przeznaczony do linii produkcyjnych SMT. Umo\u017cliwia automatyczne, cykliczne \u0142adowanie p\u0142ytek PCB, zapewniaj\u0105c p\u0142ynny i ci\u0105g\u0142y przep\u0142yw pracy, jednocze\u015bnie redukuj\u0105c konieczno\u015b\u0107 r\u0119cznej obs\u0142ugi. YCL-500 jest kompatybilny z p\u0142ytkami PCB o r\u00f3\u017cnych rozmiarach i charakteryzuje si\u0119 trwa\u0142ym, precyzyjnym mechanizmem zapewniaj\u0105cym stabiln\u0105 prac\u0119. Jego kompaktowa konstrukcja umo\u017cliwia \u0142atw\u0105 integracj\u0119 z istniej\u0105cymi liniami, co poprawia wydajno\u015b\u0107 produkcji i minimalizuje ryzyko uszkodzenia p\u0142ytek.<\/p>\n<p>Minimalna ilo\u015b\u0107 zam\u00f3wienia: 1 szt.<\/p>\n<p>Czas realizacji zam\u00f3wienia: 15 dni<\/p>","protected":false},"featured_media":22229,"comment_status":"closed","ping_status":"closed","template":"","meta":[],"etheme_brands":[],"product_brand":[],"product_cat":[144],"product_tag":[],"class_list":{"0":"post-22231","1":"product","2":"type-product","3":"status-publish","4":"has-post-thumbnail","6":"product_cat-pcb-handling-machine","8":"first","9":"instock","10":"shipping-taxable","11":"product-type-simple"},"_links":{"self":[{"href":"https:\/\/esmte.com\/pl\/wp-json\/wp\/v2\/product\/22231","targetHints":{"allow":["GET"]}}],"collection":[{"href":"https:\/\/esmte.com\/pl\/wp-json\/wp\/v2\/product"}],"about":[{"href":"https:\/\/esmte.com\/pl\/wp-json\/wp\/v2\/types\/product"}],"replies":[{"embeddable":true,"href":"https:\/\/esmte.com\/pl\/wp-json\/wp\/v2\/comments?post=22231"}],"version-history":[{"count":1,"href":"https:\/\/esmte.com\/pl\/wp-json\/wp\/v2\/product\/22231\/revisions"}],"predecessor-version":[{"id":22345,"href":"https:\/\/esmte.com\/pl\/wp-json\/wp\/v2\/product\/22231\/revisions\/22345"}],"wp:featuredmedia":[{"embeddable":true,"href":"https:\/\/esmte.com\/pl\/wp-json\/wp\/v2\/media\/22229"}],"wp:attachment":[{"href":"https:\/\/esmte.com\/pl\/wp-json\/wp\/v2\/media?parent=22231"}],"wp:term":[{"taxonomy":"brand","embeddable":true,"href":"https:\/\/esmte.com\/pl\/wp-json\/wp\/v2\/etheme_brands?post=22231"},{"taxonomy":"product_brand","embeddable":true,"href":"https:\/\/esmte.com\/pl\/wp-json\/wp\/v2\/product_brand?post=22231"},{"taxonomy":"product_cat","embeddable":true,"href":"https:\/\/esmte.com\/pl\/wp-json\/wp\/v2\/product_cat?post=22231"},{"taxonomy":"product_tag","embeddable":true,"href":"https:\/\/esmte.com\/pl\/wp-json\/wp\/v2\/product_tag?post=22231"}],"curies":[{"name":"wp","href":"https:\/\/api.w.org\/{rel}","templated":true}]}}