{"id":22226,"date":"2025-11-26T07:06:27","date_gmt":"2025-11-26T07:06:27","guid":{"rendered":"https:\/\/esmte.com\/?post_type=product&#038;p=22226"},"modified":"2025-11-27T09:25:21","modified_gmt":"2025-11-27T09:25:21","slug":"pcb-smt-mini-cyclic-loader","status":"publish","type":"product","link":"https:\/\/esmte.com\/pl\/products\/pcb-smt-mini-cyclic-loader\/","title":{"rendered":"Miniaturowa \u0142adowarka cykliczna PCB SMT"},"content":{"rendered":"<h2>Wst\u0119p<\/h2>\n<p data-start=\"192\" data-end=\"482\">W nowoczesnej produkcji elektroniki utrzymanie p\u0142ynnego i ci\u0105g\u0142ego procesu produkcji p\u0142ytek PCB jest kluczowe dla wysokiej wydajno\u015bci i sp\u00f3jnej jako\u015bci. <strong data-start=\"349\" data-end=\"379\">Miniaturowa \u0142adowarka cykliczna PCB SMT<\/strong> is designed to optimize PCB handling by providing automated cyclic loading for SMT production lines.<\/p>\n<p data-start=\"484\" data-end=\"882\">The loader features a compact yet robust design, allowing seamless integration into existing SMT lines without occupying excessive floor space. Its precise mechanism ensures stable and reliable PCB loading, minimizing the risk of board damage while enhancing operational efficiency. The system is compatible with a wide range of PCB sizes, making it versatile for diverse production requirements.<\/p>\n<p data-start=\"884\" data-end=\"1150\">Durable and user-friendly, the PCB SMT Mini Cyclic Loader reduces manual handling, streamlines the loading process, and ensures continuous workflow. Its intuitive operation and simple maintenance contribute to reduced downtime and improved overall line efficiency.<\/p>\n<p data-start=\"1152\" data-end=\"1427\">Poprzez w\u0142\u0105czenie <strong data-start=\"1173\" data-end=\"1203\">Miniaturowa \u0142adowarka cykliczna PCB SMT<\/strong>, Producenci mog\u0105 osi\u0105gn\u0105\u0107 wy\u017csz\u0105 wydajno\u015b\u0107, bezpieczniejsz\u0105 obs\u0142ug\u0119 p\u0142ytek PCB i wydajniejsz\u0105 produkcj\u0119 SMT. To idealne rozwi\u0105zanie dla fabryk elektroniki poszukuj\u0105cych niezawodnego, kompaktowego i wydajnego sprz\u0119tu do za\u0142adunku.<\/p>\n<p><img loading=\"lazy\" decoding=\"async\" class=\"alignnone wp-image-22227 aligncenter\" src=\"https:\/\/esmte.com\/wp-content\/uploads\/2025\/11\/Mini-Cyclic-Loader_\u526f\u672c.webp\" alt=\"\" width=\"500\" height=\"500\" srcset=\"https:\/\/esmte.com\/wp-content\/uploads\/2025\/11\/Mini-Cyclic-Loader_\u526f\u672c.webp 2560w, https:\/\/esmte.com\/wp-content\/uploads\/2025\/11\/Mini-Cyclic-Loader_\u526f\u672c-100x100.webp 100w, https:\/\/esmte.com\/wp-content\/uploads\/2025\/11\/Mini-Cyclic-Loader_\u526f\u672c-600x600.webp 600w, https:\/\/esmte.com\/wp-content\/uploads\/2025\/11\/Mini-Cyclic-Loader_\u526f\u672c-300x300.webp 300w, https:\/\/esmte.com\/wp-content\/uploads\/2025\/11\/Mini-Cyclic-Loader_\u526f\u672c-1024x1024.webp 1024w, https:\/\/esmte.com\/wp-content\/uploads\/2025\/11\/Mini-Cyclic-Loader_\u526f\u672c-150x150.webp 150w, https:\/\/esmte.com\/wp-content\/uploads\/2025\/11\/Mini-Cyclic-Loader_\u526f\u672c-768x768.webp 768w, https:\/\/esmte.com\/wp-content\/uploads\/2025\/11\/Mini-Cyclic-Loader_\u526f\u672c-1536x1536.webp 1536w, https:\/\/esmte.com\/wp-content\/uploads\/2025\/11\/Mini-Cyclic-Loader_\u526f\u672c-2048x2048.webp 2048w, https:\/\/esmte.com\/wp-content\/uploads\/2025\/11\/Mini-Cyclic-Loader_\u526f\u672c-1x1.webp 1w, https:\/\/esmte.com\/wp-content\/uploads\/2025\/11\/Mini-Cyclic-Loader_\u526f\u672c-10x10.webp 10w\" sizes=\"auto, (max-width: 500px) 100vw, 500px\" \/><\/p>\n<h3>G\u0142\u00f3wne cechy<\/h3>\n<ul>\n<li data-start=\"146\" data-end=\"215\">\n<p data-start=\"148\" data-end=\"215\">Compact footprint suitable for space-limited SMT production lines<\/p>\n<\/li>\n<li data-start=\"216\" data-end=\"269\">\n<p data-start=\"218\" data-end=\"269\">Continuous cyclic PCB loading for stable workflow<\/p>\n<\/li>\n<li data-start=\"270\" data-end=\"330\">\n<p data-start=\"272\" data-end=\"330\">High-precision sensors ensuring accurate board alignment<\/p>\n<\/li>\n<li data-start=\"331\" data-end=\"387\">\n<p data-start=\"333\" data-end=\"387\">Durable mechanical structure for long-term operation<\/p>\n<\/li>\n<li data-start=\"388\" data-end=\"449\">\n<p data-start=\"390\" data-end=\"449\">Easy integration with existing SMT printers and conveyors<\/p>\n<\/li>\n<li data-start=\"450\" data-end=\"661\">\n<p data-start=\"452\" data-end=\"661\">User-friendly interface for simplified operation and adjustment<\/p>\n<\/li>\n<\/ul>\n<p>&nbsp;<\/p>\n<h2>Specyfikacje<\/h2>\n<table style=\"height: 229px;\" width=\"1380\">\n<tbody>\n<tr>\n<td style=\"text-align: center;\" width=\"127\">Model<\/td>\n<td style=\"text-align: center;\" width=\"233\">YCL-500<\/td>\n<\/tr>\n<tr>\n<td style=\"text-align: center;\" width=\"127\">Wymiary (mm)<\/td>\n<td style=\"text-align: center;\" width=\"233\">500*475*1400<\/td>\n<\/tr>\n<tr>\n<td style=\"text-align: center;\" width=\"127\">Rozmiar p\u0142ytki PCB (mm)<\/td>\n<td style=\"text-align: center;\" width=\"233\">50*50-330*250<\/td>\n<\/tr>\n<tr>\n<td style=\"text-align: center;\" width=\"127\">Pojemno\u015b\u0107 PCB<\/td>\n<td style=\"text-align: center;\" width=\"233\">15 szt. lub podaj<\/td>\n<\/tr>\n<tr>\n<td style=\"text-align: center;\" width=\"127\">Moc<\/td>\n<td style=\"text-align: center;\" width=\"233\">Max120VA<\/td>\n<\/tr>\n<tr>\n<td style=\"text-align: center;\" width=\"127\">Wysoko\u015b\u0107 transportu<\/td>\n<td style=\"text-align: center;\" width=\"233\">900\u00b120 mm<br \/>\n(lub okre\u015blone przez Klienta)<\/td>\n<\/tr>\n<tr>\n<td style=\"text-align: center;\" width=\"127\">Kierunek PCB<\/td>\n<td style=\"text-align: center;\" width=\"233\">Od lewej do prawej lub od prawej do lewej<\/td>\n<\/tr>\n<tr>\n<td style=\"text-align: center;\" width=\"127\">Zasilacz<\/td>\n<td style=\"text-align: center;\" width=\"233\">1-fazowy pr\u0105d zmienny 220 V 50\/60 Hz (opcja: 110 V do 380 V)<\/td>\n<\/tr>\n<tr>\n<td style=\"text-align: center;\" width=\"127\">Waga<\/td>\n<td style=\"text-align: center;\" width=\"233\">150 kg<\/td>\n<\/tr>\n<\/tbody>\n<\/table>\n<p>&nbsp;<\/p>\n<p><a href=\"https:\/\/www.youtube.com\/@allaismt\" rel=\"nofollow noopener\" target=\"_blank\"><u>https:\/\/www.youtube.com\/@allaismt<\/u><\/a><\/p>\n<p>Aby uzyska\u0107 wi\u0119cej informacji na temat mini\u0142adowarki cyklicznej PCB SMT YCL-500, prosimy o przes\u0142anie wiadomo\u015bci e-mail na adres<\/p>\n<p><a href=\"mailto:sophia@allaismt.com\"><u>sophia@allaismt.com<\/u><\/a><\/p>\n<p>Szybko odpowiemy na Twoje zapytanie i udzielimy Ci szczeg\u00f3\u0142owych informacji o naszych produktach i us\u0142ugach.<\/p>","protected":false},"excerpt":{"rendered":"<p>Opis: <strong data-start=\"90\" data-end=\"120\">Miniaturowa \u0142adowarka cykliczna PCB SMT<\/strong> is a compact and efficient loading system designed for SMT production lines. It enables automated cyclic loading of PCBs, ensuring smooth and continuous workflow while minimizing manual handling. With compatibility for various PCB sizes and a precise, durable mechanism, the loader ensures stable, damage-free operation. Its compact design allows easy integration into existing SMT lines, improving overall production efficiency.<\/p>\n<p>Minimalna ilo\u015b\u0107 zam\u00f3wienia: 1 szt.<\/p>\n<p>Czas realizacji zam\u00f3wienia: 15 dni<\/p>","protected":false},"featured_media":22228,"comment_status":"closed","ping_status":"closed","template":"","meta":[],"etheme_brands":[],"product_brand":[],"product_cat":[144],"product_tag":[],"class_list":{"0":"post-22226","1":"product","2":"type-product","3":"status-publish","4":"has-post-thumbnail","6":"product_cat-pcb-handling-machine","8":"first","9":"instock","10":"shipping-taxable","11":"product-type-simple"},"_links":{"self":[{"href":"https:\/\/esmte.com\/pl\/wp-json\/wp\/v2\/product\/22226","targetHints":{"allow":["GET"]}}],"collection":[{"href":"https:\/\/esmte.com\/pl\/wp-json\/wp\/v2\/product"}],"about":[{"href":"https:\/\/esmte.com\/pl\/wp-json\/wp\/v2\/types\/product"}],"replies":[{"embeddable":true,"href":"https:\/\/esmte.com\/pl\/wp-json\/wp\/v2\/comments?post=22226"}],"version-history":[{"count":1,"href":"https:\/\/esmte.com\/pl\/wp-json\/wp\/v2\/product\/22226\/revisions"}],"predecessor-version":[{"id":22351,"href":"https:\/\/esmte.com\/pl\/wp-json\/wp\/v2\/product\/22226\/revisions\/22351"}],"wp:featuredmedia":[{"embeddable":true,"href":"https:\/\/esmte.com\/pl\/wp-json\/wp\/v2\/media\/22228"}],"wp:attachment":[{"href":"https:\/\/esmte.com\/pl\/wp-json\/wp\/v2\/media?parent=22226"}],"wp:term":[{"taxonomy":"brand","embeddable":true,"href":"https:\/\/esmte.com\/pl\/wp-json\/wp\/v2\/etheme_brands?post=22226"},{"taxonomy":"product_brand","embeddable":true,"href":"https:\/\/esmte.com\/pl\/wp-json\/wp\/v2\/product_brand?post=22226"},{"taxonomy":"product_cat","embeddable":true,"href":"https:\/\/esmte.com\/pl\/wp-json\/wp\/v2\/product_cat?post=22226"},{"taxonomy":"product_tag","embeddable":true,"href":"https:\/\/esmte.com\/pl\/wp-json\/wp\/v2\/product_tag?post=22226"}],"curies":[{"name":"wp","href":"https:\/\/api.w.org\/{rel}","templated":true}]}}