{"id":22223,"date":"2025-11-26T06:49:32","date_gmt":"2025-11-26T06:49:32","guid":{"rendered":"https:\/\/esmte.com\/?post_type=product&#038;p=22223"},"modified":"2026-01-14T02:06:56","modified_gmt":"2026-01-14T02:06:56","slug":"automatic-pcb-folding-loader-yfl-l995","status":"publish","type":"product","link":"https:\/\/esmte.com\/pl\/products\/automatic-pcb-folding-loader-yfl-l995\/","title":{"rendered":"Automatic SMT PCB Folding Loader YFL-L995"},"content":{"rendered":"<h2>Wst\u0119p<\/h2>\n<p data-start=\"202\" data-end=\"561\">W dzisiejszym dynamicznym \u015brodowisku produkcji elektroniki, wydajna i dok\u0142adna obs\u0142uga p\u0142ytek PCB jest niezb\u0119dna do utrzymania wysokiej wydajno\u015bci i standard\u00f3w jako\u015bci. <strong data-start=\"373\" data-end=\"414\">Automatic SMT PCB Folding Loader YFL-L995<\/strong> ma na celu optymalizacj\u0119 za\u0142adunku p\u0142ytek PCB na liniach produkcyjnych SMT, oferuj\u0105c niezawodn\u0105 automatyzacj\u0119, kt\u00f3ra redukuje nak\u0142ad pracy r\u0119cznej i gwarantuje p\u0142ynny przep\u0142yw pracy.<\/p>\n<p data-start=\"563\" data-end=\"916\">Model YFL-L995 wyposa\u017cony jest w zaawansowany automatyczny mechanizm sk\u0142adania, kt\u00f3ry umo\u017cliwia precyzyjne i stabilne \u0142adowanie p\u0142ytek PCB na lini\u0119 produkcyjn\u0105. Pomaga to zminimalizowa\u0107 uszkodzenia p\u0142ytek, utrzyma\u0107 sta\u0142\u0105 wydajno\u015b\u0107 i poprawi\u0107 og\u00f3ln\u0105 wydajno\u015b\u0107 linii. Konstrukcja urz\u0105dzenia obs\u0142uguje szeroki zakres rozmiar\u00f3w p\u0142ytek PCB, zapewniaj\u0105c wszechstronno\u015b\u0107 i spe\u0142nienie zr\u00f3\u017cnicowanych wymaga\u0144 produkcyjnych.<\/p>\n<p data-start=\"918\" data-end=\"1254\">Wykonana z trwa\u0142ych materia\u0142\u00f3w i solidnej konstrukcji, drukarka YFL-L995 gwarantuje niezawodn\u0105 wydajno\u015b\u0107 nawet w warunkach ci\u0105g\u0142ej pracy. Kompaktowe wymiary umo\u017cliwiaj\u0105 bezproblemow\u0105 integracj\u0119 z istniej\u0105cymi liniami SMT, a intuicyjny interfejs upraszcza obs\u0142ug\u0119 i konserwacj\u0119, skracaj\u0105c przestoje i zwi\u0119kszaj\u0105c wydajno\u015b\u0107 produkcji.<\/p>\n<p data-start=\"1256\" data-end=\"1539\">Wdra\u017caj\u0105c <strong data-start=\"1276\" data-end=\"1317\">Automatic SMT PCB Folding Loader YFL-L995<\/strong>, Producenci mog\u0105 osi\u0105gn\u0105\u0107 p\u0142ynniejsze przej\u015bcia mi\u0119dzy p\u0142ytkami PCB, wy\u017csz\u0105 przepustowo\u015b\u0107 i niezawodno\u015b\u0107 dzia\u0142ania. To idealne rozwi\u0105zanie dla fabryk elektroniki poszukuj\u0105cych precyzyjnego, wydajnego i wydajnego sprz\u0119tu do za\u0142adunku p\u0142ytek PCB.<\/p>\n<p><img loading=\"lazy\" decoding=\"async\" class=\"aligncenter wp-image-22214\" src=\"https:\/\/esmte.com\/wp-content\/uploads\/2025\/11\/11-2-scaled.webp\" alt=\"Automatic SMT PCB Folding Loader YFL-L995\" width=\"503\" height=\"503\" srcset=\"https:\/\/esmte.com\/wp-content\/uploads\/2025\/11\/11-2-scaled.webp 2560w, https:\/\/esmte.com\/wp-content\/uploads\/2025\/11\/11-2-scaled-100x100.webp 100w, https:\/\/esmte.com\/wp-content\/uploads\/2025\/11\/11-2-scaled-600x600.webp 600w, https:\/\/esmte.com\/wp-content\/uploads\/2025\/11\/11-2-300x300.webp 300w, https:\/\/esmte.com\/wp-content\/uploads\/2025\/11\/11-2-1024x1024.webp 1024w, https:\/\/esmte.com\/wp-content\/uploads\/2025\/11\/11-2-150x150.webp 150w, https:\/\/esmte.com\/wp-content\/uploads\/2025\/11\/11-2-768x768.webp 768w, https:\/\/esmte.com\/wp-content\/uploads\/2025\/11\/11-2-1536x1536.webp 1536w, https:\/\/esmte.com\/wp-content\/uploads\/2025\/11\/11-2-2048x2048.webp 2048w, https:\/\/esmte.com\/wp-content\/uploads\/2025\/11\/11-2-1x1.webp 1w, https:\/\/esmte.com\/wp-content\/uploads\/2025\/11\/11-2-10x10.webp 10w\" sizes=\"auto, (max-width: 503px) 100vw, 503px\" \/><\/p>\n<h3>G\u0142\u00f3wne cechy<\/h3>\n<ul class=\"auto-hide-last-sibling-br\">\n<li>Zawiera adaptacyjne sterowanie wspomagane sztuczn\u0105 inteligencj\u0105, kt\u00f3re pozwala dostosowywa\u0107 parametry na podstawie bie\u017c\u0105cych warunk\u00f3w PCB.<\/li>\n<li>Wyposa\u017cony w ekran dotykowy HMI umo\u017cliwiaj\u0105cy intuicyjn\u0105 obs\u0142ug\u0119 i przechowywanie w\u0142asnych program\u00f3w (do ponad 100 przepis\u00f3w).<\/li>\n<li>Obs\u0142uguje zdalne monitorowanie i kontrol\u0119 za po\u015brednictwem aplikacji mobilnych\/komputerowych, umo\u017cliwiaj\u0105c wygodne zarz\u0105dzanie procesami.<\/li>\n<li>Alerty dotycz\u0105ce konserwacji predykcyjnej ograniczaj\u0105 nieoczekiwane przestoje poprzez monitorowanie zu\u017cycia podzespo\u0142\u00f3w.<\/li>\n<li>Integracja systemu wizyjnego w celu automatycznej identyfikacji p\u0142ytek PCB i wykrywania b\u0142\u0119d\u00f3w.<\/li>\n<li>Mo\u017cliwo\u015b\u0107 rejestrowania danych w celu \u015bledzenia proces\u00f3w i zapewnienia zgodno\u015bci z kontrol\u0105 jako\u015bci.<\/li>\n<\/ul>\n<p>&nbsp;<\/p>\n<h2>Specyfikacje<\/h2>\n<table style=\"border-collapse: collapse; width: 1377px; height: 173px;\" border=\"0\" width=\"462\" cellspacing=\"0\" cellpadding=\"0\">\n<tbody>\n<tr style=\"height: 15.75pt;\">\n<td class=\"et2\" style=\"height: 15.75pt; width: 90pt; text-align: center;\" width=\"120\" height=\"21\">Model<\/td>\n<td class=\"et3\" style=\"width: 138pt; text-align: center;\" width=\"184\">YFL-M855<\/td>\n<td class=\"et4\" style=\"width: 118.5pt; text-align: center;\" width=\"158\">YFL-L995<\/td>\n<\/tr>\n<tr style=\"height: 15.75pt;\">\n<td class=\"et5\" style=\"height: 15.75pt; width: 90pt; text-align: center;\" width=\"120\" height=\"21\">Wymiary (mm)<\/td>\n<td class=\"et6\" style=\"width: 138pt; text-align: center;\" width=\"184\">1850*855*1250<\/td>\n<td class=\"et7\" style=\"width: 118.5pt; text-align: center;\" width=\"158\">2320*995*1250<\/td>\n<\/tr>\n<tr style=\"height: 15.75pt;\">\n<td class=\"et5\" style=\"height: 15.75pt; width: 90pt; text-align: center;\" width=\"120\" height=\"21\">Rozmiar p\u0142ytki PCB (mm)<\/td>\n<td class=\"et6\" style=\"width: 138pt; text-align: center;\" width=\"184\">50*80-330*250<\/td>\n<td class=\"et7\" style=\"width: 118.5pt; text-align: center;\" width=\"158\">50*80-460*390<\/td>\n<\/tr>\n<tr style=\"height: 15.75pt;\">\n<td class=\"et5\" style=\"height: 15.75pt; width: 90pt; text-align: center;\" width=\"120\" height=\"21\">Pojemno\u015b\u0107 PCB<\/td>\n<td class=\"et6\" style=\"width: 256.5pt; text-align: center;\" colspan=\"2\" width=\"342\">400 szt. (p\u0142ytka PCB o grubo\u015bci 0,6 mm)<\/td>\n<\/tr>\n<tr style=\"height: 15.75pt;\">\n<td class=\"et5\" style=\"height: 15.75pt; width: 90pt; text-align: center;\" width=\"120\" height=\"21\">System sterowania<\/td>\n<td class=\"et6\" style=\"width: 256.5pt; text-align: center;\" colspan=\"2\" width=\"342\">PLC<\/td>\n<\/tr>\n<tr style=\"height: 15.75pt;\">\n<td class=\"et5\" style=\"height: 15.75pt; width: 90pt; text-align: center;\" width=\"120\" height=\"21\">Zasilacz<\/td>\n<td class=\"et6\" style=\"width: 256.5pt; text-align: center;\" colspan=\"2\" width=\"342\">1-fazowy pr\u0105d zmienny 220 V 50\/60 Hz (opcja: 110 V do 380 V)<\/td>\n<\/tr>\n<tr style=\"height: 15.75pt;\">\n<td class=\"et8\" style=\"height: 15.75pt; width: 90pt; text-align: center;\" width=\"120\" height=\"21\">Waga<\/td>\n<td class=\"et9\" style=\"width: 138pt; text-align: center;\" width=\"184\">200 kg<\/td>\n<td class=\"et10\" style=\"width: 118.5pt; text-align: center;\" width=\"158\">260 kg<\/td>\n<\/tr>\n<\/tbody>\n<\/table>\n<p>&nbsp;<\/p>\n<p><a href=\"https:\/\/www.youtube.com\/@allaismt\" rel=\"nofollow noopener\" target=\"_blank\"><u>https:\/\/www.youtube.com\/@allaismt<\/u><\/a><\/p>\n<p>Aby uzyska\u0107 wi\u0119cej informacji na temat automatycznej \u0142adowarki sk\u0142adanej PCB YFL-L995, prosimy o przes\u0142anie wiadomo\u015bci e-mail na adres<\/p>\n<p><a href=\"mailto:sophia@allaismt.com\"><u>sophia@allaismt.com<\/u><\/a><\/p>\n<p>Szybko odpowiemy na Twoje zapytanie i udzielimy Ci szczeg\u00f3\u0142owych informacji o naszych produktach i us\u0142ugach.<\/p>","protected":false},"excerpt":{"rendered":"<p>Opis: <strong data-start=\"101\" data-end=\"142\">Automatic SMT PCB Folding Loader YFL-L995<\/strong> to wysokowydajny system za\u0142adunku zaprojektowany dla linii produkcyjnych SMT. Wyposa\u017cony w zaawansowany mechanizm automatycznego sk\u0142adania, zapewnia p\u0142ynne, precyzyjne i niezawodne \u0142adowanie p\u0142ytek PCB, redukuj\u0105c konieczno\u015b\u0107 r\u0119cznej obs\u0142ugi i poprawiaj\u0105c wydajno\u015b\u0107 pracy. YFL-L995 obs\u0142uguje szeroki zakres rozmiar\u00f3w p\u0142ytek PCB i oferuje stabiln\u0105, bezawaryjn\u0105 prac\u0119. Jego kompaktowa konstrukcja umo\u017cliwia \u0142atw\u0105 integracj\u0119 z istniej\u0105cymi liniami SMT, co czyni go idealnym rozwi\u0105zaniem dla producent\u00f3w elektroniki poszukuj\u0105cych niezawodnego i wydajnego systemu za\u0142adunku p\u0142ytek PCB.<\/p>\n<p>Minimalna ilo\u015b\u0107 zam\u00f3wienia: 1 szt.<\/p>\n<p>Czas realizacji zam\u00f3wienia: 15 dni<\/p>","protected":false},"featured_media":22215,"comment_status":"closed","ping_status":"closed","template":"","meta":[],"etheme_brands":[],"product_brand":[],"product_cat":[144],"product_tag":[],"class_list":{"0":"post-22223","1":"product","2":"type-product","3":"status-publish","4":"has-post-thumbnail","6":"product_cat-pcb-handling-machine","8":"first","9":"instock","10":"shipping-taxable","11":"product-type-simple"},"_links":{"self":[{"href":"https:\/\/esmte.com\/pl\/wp-json\/wp\/v2\/product\/22223","targetHints":{"allow":["GET"]}}],"collection":[{"href":"https:\/\/esmte.com\/pl\/wp-json\/wp\/v2\/product"}],"about":[{"href":"https:\/\/esmte.com\/pl\/wp-json\/wp\/v2\/types\/product"}],"replies":[{"embeddable":true,"href":"https:\/\/esmte.com\/pl\/wp-json\/wp\/v2\/comments?post=22223"}],"version-history":[{"count":1,"href":"https:\/\/esmte.com\/pl\/wp-json\/wp\/v2\/product\/22223\/revisions"}],"predecessor-version":[{"id":23762,"href":"https:\/\/esmte.com\/pl\/wp-json\/wp\/v2\/product\/22223\/revisions\/23762"}],"wp:featuredmedia":[{"embeddable":true,"href":"https:\/\/esmte.com\/pl\/wp-json\/wp\/v2\/media\/22215"}],"wp:attachment":[{"href":"https:\/\/esmte.com\/pl\/wp-json\/wp\/v2\/media?parent=22223"}],"wp:term":[{"taxonomy":"brand","embeddable":true,"href":"https:\/\/esmte.com\/pl\/wp-json\/wp\/v2\/etheme_brands?post=22223"},{"taxonomy":"product_brand","embeddable":true,"href":"https:\/\/esmte.com\/pl\/wp-json\/wp\/v2\/product_brand?post=22223"},{"taxonomy":"product_cat","embeddable":true,"href":"https:\/\/esmte.com\/pl\/wp-json\/wp\/v2\/product_cat?post=22223"},{"taxonomy":"product_tag","embeddable":true,"href":"https:\/\/esmte.com\/pl\/wp-json\/wp\/v2\/product_tag?post=22223"}],"curies":[{"name":"wp","href":"https:\/\/api.w.org\/{rel}","templated":true}]}}