{"id":22142,"date":"2025-11-25T06:42:57","date_gmt":"2025-11-25T06:42:57","guid":{"rendered":"https:\/\/esmte.com\/?post_type=product&#038;p=22142"},"modified":"2025-11-27T09:43:07","modified_gmt":"2025-11-27T09:43:07","slug":"efficient-smt-pcb-lift-conveyor-ysc-1000","status":"publish","type":"product","link":"https:\/\/esmte.com\/pl\/products\/efficient-smt-pcb-lift-conveyor-ysc-1000\/","title":{"rendered":"Przeno\u015bnik podnosz\u0105cy PCB SMT YSC-1000"},"content":{"rendered":"<h2 data-start=\"1269\" data-end=\"1754\">Wst\u0119p<\/h2>\n<p data-start=\"197\" data-end=\"560\">W nowoczesnej produkcji elektroniki p\u0142ynny i precyzyjny ruch p\u0142ytek PCB pomi\u0119dzy r\u00f3\u017cnymi etapami produkcji ma kluczowe znaczenie dla utrzymania wysokiej wydajno\u015bci i jako\u015bci produktu. <strong data-start=\"375\" data-end=\"409\">Przeno\u015bnik podnosz\u0105cy PCB SMT YSC-1000<\/strong> jest przeznaczony do zapewnienia niezawodnego pionowego transportu p\u0142ytek PCB w liniach produkcyjnych SMT, gwarantuj\u0105c stabilny przep\u0142yw pracy i zwi\u0119kszon\u0105 wydajno\u015b\u0107 operacyjn\u0105.<\/p>\n<p data-start=\"562\" data-end=\"970\">YSC-1000 umo\u017cliwia p\u0142ynne przemieszczanie p\u0142ytek PCB mi\u0119dzy r\u00f3\u017cnymi poziomami przeno\u015bnika, oferuj\u0105c precyzyjn\u0105 i kontrolowan\u0105 obs\u0142ug\u0119 w ca\u0142ym procesie transferu. Jego solidna konstrukcja i niezawodny system nap\u0119dowy minimalizuj\u0105 ryzyko uszkodzenia p\u0142ytek, zapewniaj\u0105c sp\u00f3jn\u0105 i nieprzerwan\u0105 produkcj\u0119. Przeno\u015bnik obs\u0142uguje szeroki zakres rozmiar\u00f3w p\u0142ytek PCB, co czyni go wszechstronnym i spe\u0142niaj\u0105cym zr\u00f3\u017cnicowane wymagania produkcyjne.<\/p>\n<p data-start=\"972\" data-end=\"1236\">Wytrzyma\u0142y i przyjazny dla u\u017cytkownika YSC-1000 charakteryzuje si\u0119 kompaktow\u0105 konstrukcj\u0105, kt\u00f3ra umo\u017cliwia \u0142atw\u0105 integracj\u0119 z istniej\u0105cymi liniami SMT. Intuicyjna obs\u0142uga i konstrukcja wymagaj\u0105ca minimalnej konserwacji pomagaj\u0105 skr\u00f3ci\u0107 przestoje, usprawni\u0107 procesy produkcyjne i poprawi\u0107 og\u00f3ln\u0105 wydajno\u015b\u0107 linii.<\/p>\n<p data-start=\"1238\" data-end=\"1550\">Wdra\u017caj\u0105c <strong data-start=\"1258\" data-end=\"1292\">Przeno\u015bnik podnosz\u0105cy PCB SMT YSC-1000<\/strong>, Producenci mog\u0105 osi\u0105gn\u0105\u0107 p\u0142ynniejsze przej\u015bcia mi\u0119dzy p\u0142ytkami PCB, lepsz\u0105 wydajno\u015b\u0107 produkcji i bezpieczniejsze obchodzenie si\u0119 z delikatnymi p\u0142ytkami. To idealne rozwi\u0105zanie dla fabryk elektroniki poszukuj\u0105cych precyzyjnego, niezawodnego i wydajnego sprz\u0119tu do pionowego transferu PCB.<\/p>\n<p data-start=\"1269\" data-end=\"1754\"><img loading=\"lazy\" decoding=\"async\" class=\"aligncenter wp-image-22120 size-full\" src=\"https:\/\/esmte.com\/wp-content\/uploads\/2025\/11\/A.webp\" alt=\"Efficient SMT Conveyor System with PCB Lift for Continuous PCB Flow\" width=\"391\" height=\"391\" srcset=\"https:\/\/esmte.com\/wp-content\/uploads\/2025\/11\/A.webp 391w, https:\/\/esmte.com\/wp-content\/uploads\/2025\/11\/A-100x100.webp 100w, https:\/\/esmte.com\/wp-content\/uploads\/2025\/11\/A-300x300.webp 300w, https:\/\/esmte.com\/wp-content\/uploads\/2025\/11\/A-150x150.webp 150w, https:\/\/esmte.com\/wp-content\/uploads\/2025\/11\/A-1x1.webp 1w, https:\/\/esmte.com\/wp-content\/uploads\/2025\/11\/A-10x10.webp 10w\" sizes=\"auto, (max-width: 391px) 100vw, 391px\" \/><\/p>\n<h3 data-start=\"1269\" data-end=\"1754\">G\u0142\u00f3wne cechy<\/h3>\n<ul>\n<li data-start=\"1407\" data-end=\"1467\">\n<p data-start=\"1409\" data-end=\"1467\">W pe\u0142ni zautomatyzowany cykl podnoszenia umo\u017cliwiaj\u0105cy bezdotykowe trasowanie p\u0142ytek PCB<\/p>\n<\/li>\n<li data-start=\"1468\" data-end=\"1522\">\n<p data-start=\"1470\" data-end=\"1522\">Silnik o obni\u017conym poziomie ha\u0142asu zapewniaj\u0105cy stabiln\u0105 i cich\u0105 prac\u0119<\/p>\n<\/li>\n<li data-start=\"1523\" data-end=\"1582\">\n<p data-start=\"1525\" data-end=\"1582\">Wytrzyma\u0142a konstrukcja odpowiednia do przemys\u0142owych zak\u0142ad\u00f3w SMT<\/p>\n<\/li>\n<li data-start=\"1583\" data-end=\"1636\">\n<p data-start=\"1585\" data-end=\"1636\">Zapewnia p\u0142ynne wprowadzanie i wyprowadzanie p\u0142ytek PCB bez zaci\u0119\u0107<\/p>\n<\/li>\n<li data-start=\"1637\" data-end=\"1690\">\n<p data-start=\"1639\" data-end=\"1690\">Zwi\u0119ksza elastyczno\u015b\u0107 linii i optymalizacj\u0119 uk\u0142adu<\/p>\n<\/li>\n<\/ul>\n<p>&nbsp;<\/p>\n<h2 data-start=\"1269\" data-end=\"1754\">Specyfikacje<\/h2>\n<table style=\"height: 153px;\" width=\"1382\">\n<tbody>\n<tr>\n<td style=\"text-align: center;\" width=\"111\">Model<\/td>\n<td style=\"text-align: center;\" width=\"99\">YSC-500<\/td>\n<td style=\"text-align: center;\" width=\"101\">YSC-600<\/td>\n<td style=\"text-align: center;\" width=\"107\">YSC-1000<\/td>\n<td style=\"text-align: center;\" width=\"107\">YSC-1200<\/td>\n<td style=\"text-align: center;\" width=\"110\">YSC-1500<\/td>\n<td style=\"text-align: center;\" width=\"107\">YSC-2000<\/td>\n<\/tr>\n<tr>\n<td style=\"text-align: center;\" width=\"111\">D\u0142ugo\u015b\u0107 szyny<\/td>\n<td style=\"text-align: center;\" width=\"99\">500 mm<\/td>\n<td style=\"text-align: center;\" width=\"101\">600 mm<\/td>\n<td style=\"text-align: center;\" width=\"107\">1000 mm<\/td>\n<td style=\"text-align: center;\" width=\"107\">1200 mm<\/td>\n<td style=\"text-align: center;\" width=\"110\">1500 mm<\/td>\n<td style=\"text-align: center;\" width=\"107\">2000 mm<\/td>\n<\/tr>\n<tr>\n<td style=\"text-align: center;\" width=\"111\">Wymiary (mm)<\/td>\n<td style=\"text-align: center;\" width=\"99\">500*700*950<\/td>\n<td style=\"text-align: center;\" width=\"101\">600*700*950<\/td>\n<td style=\"text-align: center;\" width=\"107\">1000*700*950<\/td>\n<td style=\"text-align: center;\" width=\"107\">1200*700*950<\/td>\n<td style=\"text-align: center;\" width=\"110\">1500*700*950<\/td>\n<td style=\"text-align: center;\" width=\"107\">2000*700*950<\/td>\n<\/tr>\n<tr>\n<td style=\"text-align: center;\" width=\"111\">Szeroko\u015b\u0107 PCB<\/td>\n<td style=\"text-align: center;\" colspan=\"6\" width=\"631\">od 50 do 350 mm<\/td>\n<\/tr>\n<tr>\n<td style=\"text-align: center;\" width=\"111\">Zasilacz<\/td>\n<td style=\"text-align: center;\" colspan=\"6\" width=\"631\">1-fazowy pr\u0105d zmienny 220 V 50\/60 Hz (opcja: 110 V do 380 V)<\/td>\n<\/tr>\n<tr>\n<td style=\"text-align: center;\" width=\"111\">Waga<\/td>\n<td style=\"text-align: center;\" width=\"99\">50 kg<\/td>\n<td style=\"text-align: center;\" width=\"101\">50 kg<\/td>\n<td style=\"text-align: center;\" width=\"107\">55 kg<\/td>\n<td style=\"text-align: center;\" width=\"107\">85 kg<\/td>\n<td style=\"text-align: center;\" width=\"110\">125 kg<\/td>\n<td style=\"text-align: center;\" width=\"107\">150 kg<\/td>\n<\/tr>\n<\/tbody>\n<\/table>\n<p>&nbsp;<\/p>\n<p><a href=\"https:\/\/www.youtube.com\/@allaismt\" rel=\"nofollow noopener\" target=\"_blank\"><u>https:\/\/www.youtube.com\/@allaismt<\/u><\/a><\/p>\n<p>Aby uzyska\u0107 wi\u0119cej informacji na temat przeno\u015bnika podnosz\u0105cego p\u0142ytki drukowane SMT YSC-1000, prosimy o przes\u0142anie wiadomo\u015bci e-mail na adres<\/p>\n<p><a href=\"mailto:sophia@allaismt.com\"><u>sophia@allaismt.com<\/u><\/a><\/p>\n<p>Szybko odpowiemy na Twoje zapytanie i udzielimy Ci szczeg\u00f3\u0142owych informacji o naszych produktach i us\u0142ugach.<\/p>\n<p>&nbsp;<\/p>","protected":false},"excerpt":{"rendered":"<p>Opis: <strong data-start=\"94\" data-end=\"128\">Przeno\u015bnik podnosz\u0105cy PCB SMT YSC-1000<\/strong> to wysokowydajny pionowy system transferowy przeznaczony do linii produkcyjnych SMT. Zapewnia p\u0142ynny i precyzyjny transport p\u0142ytek PCB mi\u0119dzy r\u00f3\u017cnymi poziomami przeno\u015bnik\u00f3w, utrzymuj\u0105c stabilny przep\u0142yw pracy i minimalizuj\u0105c ryzyko uszkodzenia p\u0142ytki. Zbudowany z solidnej konstrukcji i niezawodnego systemu nap\u0119dowego, YSC-1000 obs\u0142uguje szeroki zakres rozmiar\u00f3w p\u0142ytek PCB. Jego kompaktowa konstrukcja umo\u017cliwia \u0142atw\u0105 integracj\u0119 z istniej\u0105cymi liniami produkcyjnymi SMT, zwi\u0119kszaj\u0105c wydajno\u015b\u0107 produkcji i elastyczno\u015b\u0107 operacyjn\u0105.<\/p>\n<p>Minimalna ilo\u015b\u0107 zam\u00f3wienia: 1 szt.<\/p>\n<p>Czas realizacji zam\u00f3wienia: 15 dni<\/p>","protected":false},"featured_media":22146,"comment_status":"closed","ping_status":"closed","template":"","meta":[],"etheme_brands":[],"product_brand":[],"product_cat":[144],"product_tag":[],"class_list":{"0":"post-22142","1":"product","2":"type-product","3":"status-publish","4":"has-post-thumbnail","6":"product_cat-pcb-handling-machine","8":"first","9":"instock","10":"shipping-taxable","11":"product-type-simple"},"_links":{"self":[{"href":"https:\/\/esmte.com\/pl\/wp-json\/wp\/v2\/product\/22142","targetHints":{"allow":["GET"]}}],"collection":[{"href":"https:\/\/esmte.com\/pl\/wp-json\/wp\/v2\/product"}],"about":[{"href":"https:\/\/esmte.com\/pl\/wp-json\/wp\/v2\/types\/product"}],"replies":[{"embeddable":true,"href":"https:\/\/esmte.com\/pl\/wp-json\/wp\/v2\/comments?post=22142"}],"version-history":[{"count":1,"href":"https:\/\/esmte.com\/pl\/wp-json\/wp\/v2\/product\/22142\/revisions"}],"predecessor-version":[{"id":22367,"href":"https:\/\/esmte.com\/pl\/wp-json\/wp\/v2\/product\/22142\/revisions\/22367"}],"wp:featuredmedia":[{"embeddable":true,"href":"https:\/\/esmte.com\/pl\/wp-json\/wp\/v2\/media\/22146"}],"wp:attachment":[{"href":"https:\/\/esmte.com\/pl\/wp-json\/wp\/v2\/media?parent=22142"}],"wp:term":[{"taxonomy":"brand","embeddable":true,"href":"https:\/\/esmte.com\/pl\/wp-json\/wp\/v2\/etheme_brands?post=22142"},{"taxonomy":"product_brand","embeddable":true,"href":"https:\/\/esmte.com\/pl\/wp-json\/wp\/v2\/product_brand?post=22142"},{"taxonomy":"product_cat","embeddable":true,"href":"https:\/\/esmte.com\/pl\/wp-json\/wp\/v2\/product_cat?post=22142"},{"taxonomy":"product_tag","embeddable":true,"href":"https:\/\/esmte.com\/pl\/wp-json\/wp\/v2\/product_tag?post=22142"}],"curies":[{"name":"wp","href":"https:\/\/api.w.org\/{rel}","templated":true}]}}