{"id":22108,"date":"2025-11-25T03:12:50","date_gmt":"2025-11-25T03:12:50","guid":{"rendered":"https:\/\/esmte.com\/?post_type=product&#038;p=22108"},"modified":"2026-01-14T01:56:48","modified_gmt":"2026-01-14T01:56:48","slug":"smt-pcb-90-degree-unloader-yul-ll1550","status":"publish","type":"product","link":"https:\/\/esmte.com\/pl\/products\/smt-pcb-90-degree-unloader-yul-ll1550\/","title":{"rendered":"SMT PCB 90 Stopni Roz\u0142adownik YUL-LL1550"},"content":{"rendered":"<h2 data-rm-block-id=\"block-1\">Wst\u0119p<\/h2>\n<p data-start=\"197\" data-end=\"507\">W nowoczesnej produkcji elektroniki, wydajna i precyzyjna obr\u00f3bka p\u0142ytek PCB jest niezb\u0119dna do utrzymania wysokiej wydajno\u015bci i jako\u015bci produktu. <strong>SMT PCB 90 Stopni Roz\u0142adownik YUL-LL1550<\/strong> is designed to provide reliable 90-degree PCB transfers, enabling seamless directional changes within SMT production lines.<\/p>\n<p data-start=\"509\" data-end=\"870\">The YUL-LL1550 ensures stable and accurate PCB handling during directional transfers, reducing the risk of board damage and maintaining continuous workflow. Its robust construction and dependable drive system deliver consistent performance, while the unloader accommodates a wide range of PCB sizes, making it versatile for various manufacturing requirements.<\/p>\n<p data-start=\"872\" data-end=\"1103\">Kompaktowy i przyjazny dla u\u017cytkownika YUL-L1350 z \u0142atwo\u015bci\u0105 integruje si\u0119 z istniej\u0105cymi liniami SMT. Intuicyjna obs\u0142uga i konstrukcja wymagaj\u0105ca minimalnej konserwacji pomagaj\u0105 skr\u00f3ci\u0107 przestoje, usprawni\u0107 procesy produkcyjne i poprawi\u0107 og\u00f3ln\u0105 wydajno\u015b\u0107 linii.<\/p>\n<p data-start=\"1105\" data-end=\"1418\">Poprzez w\u0142\u0105czenie <strong>SMT<\/strong> <strong data-start=\"1126\" data-end=\"1159\">Roz\u0142adowacz 90 stopni YUL-LL1550<\/strong>, Producenci mog\u0105 osi\u0105gn\u0105\u0107 p\u0142ynniejsze przej\u015bcia PCB, zwi\u0119kszon\u0105 wydajno\u015b\u0107 produkcji i bezpieczniejsze obchodzenie si\u0119 z delikatnymi p\u0142ytkami. Jest to niezb\u0119dne rozwi\u0105zanie dla fabryk elektroniki poszukuj\u0105cych precyzyjnego, niezawodnego i wydajnego sprz\u0119tu do transferu PCB pod k\u0105tem 90 stopni.<\/p>\n<p data-rm-block-id=\"block-3\"><img loading=\"lazy\" decoding=\"async\" class=\"aligncenter wp-image-22096\" src=\"https:\/\/esmte.com\/wp-content\/uploads\/2025\/11\/90-degree-unloader.png\" alt=\"SMT 90 Degree Unloader YUL-LL1550\" width=\"516\" height=\"516\" srcset=\"https:\/\/esmte.com\/wp-content\/uploads\/2025\/11\/90-degree-unloader.png 2560w, https:\/\/esmte.com\/wp-content\/uploads\/2025\/11\/90-degree-unloader-100x100.png 100w, https:\/\/esmte.com\/wp-content\/uploads\/2025\/11\/90-degree-unloader-600x600.png 600w, https:\/\/esmte.com\/wp-content\/uploads\/2025\/11\/90-degree-unloader-300x300.png 300w, https:\/\/esmte.com\/wp-content\/uploads\/2025\/11\/90-degree-unloader-1024x1024.png 1024w, https:\/\/esmte.com\/wp-content\/uploads\/2025\/11\/90-degree-unloader-150x150.png 150w, https:\/\/esmte.com\/wp-content\/uploads\/2025\/11\/90-degree-unloader-768x768.png 768w, https:\/\/esmte.com\/wp-content\/uploads\/2025\/11\/90-degree-unloader-1536x1536.png 1536w, https:\/\/esmte.com\/wp-content\/uploads\/2025\/11\/90-degree-unloader-2048x2048.png 2048w, https:\/\/esmte.com\/wp-content\/uploads\/2025\/11\/90-degree-unloader-1x1.png 1w, https:\/\/esmte.com\/wp-content\/uploads\/2025\/11\/90-degree-unloader-10x10.png 10w\" sizes=\"auto, (max-width: 516px) 100vw, 516px\" \/><\/p>\n<h3 data-rm-block-id=\"block-4\">G\u0142\u00f3wne cechy<\/h3>\n<ul>\n<li data-start=\"635\" data-end=\"699\">\n<p data-start=\"637\" data-end=\"699\" data-rm-block-id=\"block-5\">Automatic right-angle turning for seamless PCB flow changes.<\/p>\n<\/li>\n<li data-start=\"700\" data-end=\"772\">\n<p data-start=\"702\" data-end=\"772\" data-rm-block-id=\"block-6\">Adjustable conveyor speed to match upstream and downstream machines.<\/p>\n<\/li>\n<li data-start=\"773\" data-end=\"834\">\n<p data-start=\"775\" data-end=\"834\" data-rm-block-id=\"block-7\">Anti-jam detection for continuous and reliable operation.<\/p>\n<\/li>\n<li data-start=\"835\" data-end=\"909\">\n<p data-start=\"837\" data-end=\"909\" data-rm-block-id=\"block-8\">Compatible with various SMT equipment such as loaders and AOI systems.<\/p>\n<\/li>\n<li data-rm-block-id=\"block-9\">Low-noise design suitable for modern factory environments.<\/li>\n<\/ul>\n<p data-rm-block-id=\"block-10\">These features make the 90-degree unloader ideal for high-volume SMT lines requiring smooth directional transitions while maintaining productivity and accuracy.<\/p>\n<h2 data-rm-block-id=\"block-11\">Specyfikacje<\/h2>\n<table style=\"height: 248px;\" width=\"1373\">\n<tbody>\n<tr>\n<td style=\"text-align: center;\" width=\"165\" data-rm-block-id=\"block-12\">Model<br \/>\n(Roz\u0142adowacz 90 stopni)<\/td>\n<td style=\"text-align: center;\" width=\"183\" data-rm-block-id=\"block-13\">YUL-M1150<\/td>\n<td style=\"text-align: center;\" width=\"162\" data-rm-block-id=\"block-14\">YUL-L1350<\/td>\n<td style=\"text-align: center;\" width=\"154\" data-rm-block-id=\"block-15\">YUL-LL1550<\/td>\n<\/tr>\n<tr>\n<td style=\"text-align: center;\" width=\"165\" data-rm-block-id=\"block-16\">Wymiary (mm)<\/td>\n<td style=\"text-align: center;\" width=\"183\" data-rm-block-id=\"block-17\">1150*1150*1205<\/td>\n<td style=\"text-align: center;\" width=\"162\" data-rm-block-id=\"block-18\">1350*1350*1205<\/td>\n<td style=\"text-align: center;\" width=\"154\" data-rm-block-id=\"block-19\">1550*1550*1205<\/td>\n<\/tr>\n<tr>\n<td style=\"text-align: center;\" width=\"165\" data-rm-block-id=\"block-20\">Rozmiar p\u0142ytki PCB (mm)<\/td>\n<td style=\"text-align: center;\" width=\"183\" data-rm-block-id=\"block-21\">50*50-330*250<\/td>\n<td style=\"text-align: center;\" width=\"162\" data-rm-block-id=\"block-22\">50*50-445*330<\/td>\n<td style=\"text-align: center;\" width=\"154\" data-rm-block-id=\"block-23\">50*50-530*390<\/td>\n<\/tr>\n<tr>\n<td style=\"text-align: center;\" width=\"165\" data-rm-block-id=\"block-24\">Rozmiar stojaka (mm)<\/td>\n<td style=\"text-align: center;\" width=\"183\" data-rm-block-id=\"block-25\">355*320*563<\/td>\n<td style=\"text-align: center;\" width=\"162\" data-rm-block-id=\"block-26\">460*400*563<\/td>\n<td style=\"text-align: center;\" width=\"154\" data-rm-block-id=\"block-27\">535*460*563<\/td>\n<\/tr>\n<tr>\n<td style=\"text-align: center;\" width=\"165\" data-rm-block-id=\"block-28\">System sterowania<\/td>\n<td style=\"text-align: center;\" colspan=\"3\" width=\"499\" data-rm-block-id=\"block-29\">PLC<\/td>\n<\/tr>\n<tr>\n<td style=\"text-align: center;\" width=\"165\" data-rm-block-id=\"block-30\">Zasilacz<\/td>\n<td style=\"text-align: center;\" colspan=\"3\" width=\"499\" data-rm-block-id=\"block-31\">1-fazowy pr\u0105d zmienny 220 V 50\/60 Hz (opcja: 110 V do 380 V)<\/td>\n<\/tr>\n<tr>\n<td style=\"text-align: center;\" width=\"165\" data-rm-block-id=\"block-32\">Wa\u017cy\u0107<\/td>\n<td style=\"text-align: center;\" width=\"183\" data-rm-block-id=\"block-33\">180 kg<\/td>\n<td style=\"text-align: center;\" width=\"162\" data-rm-block-id=\"block-34\">240 kg<\/td>\n<td style=\"text-align: center;\" width=\"154\" data-rm-block-id=\"block-35\">300 kg<\/td>\n<\/tr>\n<\/tbody>\n<\/table>\n<p data-rm-block-id=\"block-36\"><a href=\"https:\/\/www.youtube.com\/@allaismt\" rel=\"nofollow noopener\" target=\"_blank\"><u>https:\/\/www.youtube.com\/@allaismt<\/u><\/a><\/p>\n<p data-rm-block-id=\"block-37\">For more information about the <strong>SMT PCB 90 Stopni Roz\u0142adownik YUL-LL1550<\/strong>, prosz\u0119 wys\u0142a\u0107 e-mail na adres<\/p>\n<p data-rm-block-id=\"block-38\"><a href=\"mailto:sophia@allaismt.com\"><u>sophia@allaismt.com<\/u><\/a><\/p>\n<p data-rm-block-id=\"block-39\">Szybko odpowiemy na Twoje zapytanie i udzielimy Ci szczeg\u00f3\u0142owych informacji o naszych produktach i us\u0142ugach.<\/p>","protected":false},"excerpt":{"rendered":"<p>Opis: <strong>SMT<\/strong> <strong data-start=\"93\" data-end=\"126\">Roz\u0142adowacz 90 stopni YUL-LL1550<\/strong> is a high-efficiency PCB handling system designed for SMT production lines. It enables smooth and precise 90-degree transfer of PCBs, allowing seamless directional changes within the assembly line. Built with a robust structure and reliable drive system, the YUL-M1150 ensures stable operation and minimizes the risk of board damage. Its compact design allows easy integration into existing SMT lines, improving workflow efficiency and production flexibility.<\/p>\n<p>Minimalna ilo\u015b\u0107 zam\u00f3wienia: 1 szt.<\/p>\n<p>Czas realizacji zam\u00f3wienia: 15 dni<\/p>","protected":false},"featured_media":22109,"comment_status":"closed","ping_status":"closed","template":"","meta":[],"etheme_brands":[],"product_brand":[],"product_cat":[144],"product_tag":[],"class_list":{"0":"post-22108","1":"product","2":"type-product","3":"status-publish","4":"has-post-thumbnail","6":"product_cat-pcb-handling-machine","8":"first","9":"instock","10":"shipping-taxable","11":"product-type-simple"},"_links":{"self":[{"href":"https:\/\/esmte.com\/pl\/wp-json\/wp\/v2\/product\/22108","targetHints":{"allow":["GET"]}}],"collection":[{"href":"https:\/\/esmte.com\/pl\/wp-json\/wp\/v2\/product"}],"about":[{"href":"https:\/\/esmte.com\/pl\/wp-json\/wp\/v2\/types\/product"}],"replies":[{"embeddable":true,"href":"https:\/\/esmte.com\/pl\/wp-json\/wp\/v2\/comments?post=22108"}],"version-history":[{"count":1,"href":"https:\/\/esmte.com\/pl\/wp-json\/wp\/v2\/product\/22108\/revisions"}],"predecessor-version":[{"id":23760,"href":"https:\/\/esmte.com\/pl\/wp-json\/wp\/v2\/product\/22108\/revisions\/23760"}],"wp:featuredmedia":[{"embeddable":true,"href":"https:\/\/esmte.com\/pl\/wp-json\/wp\/v2\/media\/22109"}],"wp:attachment":[{"href":"https:\/\/esmte.com\/pl\/wp-json\/wp\/v2\/media?parent=22108"}],"wp:term":[{"taxonomy":"brand","embeddable":true,"href":"https:\/\/esmte.com\/pl\/wp-json\/wp\/v2\/etheme_brands?post=22108"},{"taxonomy":"product_brand","embeddable":true,"href":"https:\/\/esmte.com\/pl\/wp-json\/wp\/v2\/product_brand?post=22108"},{"taxonomy":"product_cat","embeddable":true,"href":"https:\/\/esmte.com\/pl\/wp-json\/wp\/v2\/product_cat?post=22108"},{"taxonomy":"product_tag","embeddable":true,"href":"https:\/\/esmte.com\/pl\/wp-json\/wp\/v2\/product_tag?post=22108"}],"curies":[{"name":"wp","href":"https:\/\/api.w.org\/{rel}","templated":true}]}}