{"id":22998,"date":"2025-12-11T07:38:13","date_gmt":"2025-12-11T07:38:13","guid":{"rendered":"https:\/\/esmte.com\/?post_type=product&#038;p=22998"},"modified":"2026-01-13T03:06:36","modified_gmt":"2026-01-13T03:06:36","slug":"yfc-5200-automated-fixture-cleaning-machine","status":"publish","type":"product","link":"https:\/\/esmte.com\/it\/products\/yfc-5200-automated-fixture-cleaning-machine\/","title":{"rendered":"Nastro Trasportatore a Porta Manuale"},"content":{"rendered":"<h2>Introduzione<\/h2>\n<p data-start=\"145\" data-end=\"467\">IL <strong>Nastro Trasportatore a Porta Manuale<\/strong> \u00e8 un sistema automatizzato progettato per la pulizia degli impianti di produzione elettronica, inclusi pallet di rifusione, portautensili per saldatura a onda, impianti di prova ICT\/FCT e maschere di rivestimento. Rimuove residui di flussante, adesivi, polvere e altri contaminanti, garantendo che gli impianti rimangano puliti e pronti per la produzione.<\/p>\n<p data-start=\"469\" data-end=\"751\">Dotato di sistema di pulizia a spruzzo ad alta efficienza, controllo preciso di temperatura e pressione e filtrazione multistadio, il sistema YFC-5200 garantisce una pulizia accurata e ripetibile senza danneggiare i dispositivi. Le ricette programmabili consentono la personalizzazione per diversi tipi di dispositivi e densit\u00e0 di PCB.<\/p>\n<p data-start=\"753\" data-end=\"1047\">In <strong data-start=\"756\" data-end=\"788\">fabbriche di elettronica mobile<\/strong>, IL <strong>SMT<\/strong> <strong>Macchina per la pulizia degli apparecchi YFC-5200<\/strong> Ripristina le condizioni ottimali dei dispositivi di saldatura e di prova, rimuovendo i residui che potrebbero compromettere la qualit\u00e0 della saldatura, l&#039;accuratezza dei test o i processi di allineamento visivo. I tempi di ciclo rapidi consentono una rapida sostituzione dei dispositivi per la produzione di smartphone ad alta variabilit\u00e0.<\/p>\n<p data-start=\"1049\" data-end=\"1301\">La macchina \u00e8 caratterizzata da una struttura robusta, facile manutenzione e funzionamento automatizzato. La filtrazione a circuito chiuso riduce l&#039;utilizzo di prodotti chimici e prolunga la durata della soluzione detergente, mentre il monitoraggio integrato garantisce un funzionamento affidabile in produzione continua.<\/p>\n<p data-start=\"1303\" data-end=\"1594\">Nel complesso, il <strong>Nastro Trasportatore a Porta Manuale<\/strong> Migliora la stabilit\u00e0 produttiva, prolunga la durata degli impianti e migliora la qualit\u00e0 del prodotto. Garantisce una pulizia uniforme e automatizzata per impianti delicati, rendendolo ideale per l&#039;elettronica mobile, l&#039;elettronica automobilistica e altri ambienti di produzione ad alta precisione.<\/p>\n<p data-start=\"1303\" data-end=\"1594\"><img loading=\"lazy\" decoding=\"async\" class=\"aligncenter wp-image-22999\" src=\"https:\/\/esmte.com\/wp-content\/uploads\/2025\/12\/11-41.webp\" alt=\"SMT Fixture Cleaning Machine\" width=\"670\" height=\"670\" srcset=\"https:\/\/esmte.com\/wp-content\/uploads\/2025\/12\/11-41.webp 2560w, https:\/\/esmte.com\/wp-content\/uploads\/2025\/12\/11-41-100x100.webp 100w, https:\/\/esmte.com\/wp-content\/uploads\/2025\/12\/11-41-600x600.webp 600w, https:\/\/esmte.com\/wp-content\/uploads\/2025\/12\/11-41-300x300.webp 300w, https:\/\/esmte.com\/wp-content\/uploads\/2025\/12\/11-41-1024x1024.webp 1024w, https:\/\/esmte.com\/wp-content\/uploads\/2025\/12\/11-41-150x150.webp 150w, https:\/\/esmte.com\/wp-content\/uploads\/2025\/12\/11-41-768x768.webp 768w, https:\/\/esmte.com\/wp-content\/uploads\/2025\/12\/11-41-1536x1536.webp 1536w, https:\/\/esmte.com\/wp-content\/uploads\/2025\/12\/11-41-2048x2048.webp 2048w, https:\/\/esmte.com\/wp-content\/uploads\/2025\/12\/11-41-1x1.webp 1w, https:\/\/esmte.com\/wp-content\/uploads\/2025\/12\/11-41-10x10.webp 10w\" sizes=\"auto, (max-width: 670px) 100vw, 670px\" \/><\/p>\n<h2 data-start=\"80\" data-end=\"185\"><strong data-start=\"84\" data-end=\"185\">Come viene utilizzata la macchina per la pulizia degli apparecchi YFC-5200 nelle fabbriche di elettronica mobile\u00a0<\/strong><\/h2>\n<p data-start=\"187\" data-end=\"500\"><strong data-start=\"187\" data-end=\"234\">1. Pulizia degli apparecchi di saldatura a riflusso e a onda<\/strong><br data-start=\"234\" data-end=\"237\" \/>Il sistema YFC-5200 rimuove efficacemente residui di flusso, schizzi di saldatura e depositi carbonizzati dai supporti di rifusione e dai pallet di saldatura a onda utilizzati nella produzione di PCBA per smartphone. Ci\u00f2 garantisce un trasferimento termico stabile e previene difetti di saldatura su componenti a passo fine.<\/p>\n<p data-start=\"502\" data-end=\"806\"><strong data-start=\"502\" data-end=\"561\">2. Ripristino delle apparecchiature di prova ICT\/FCT per test accurati<\/strong><br data-start=\"561\" data-end=\"564\" \/>Nell&#039;elettronica mobile, i test elettrici richiedono punti di contatto altamente affidabili. La macchina per la pulizia degli impianti YFC-5200 elimina polvere, flusso ossidato e contaminazione da adesivo da perni e piastre degli impianti di prova, riducendo i falsi guasti e migliorando l&#039;accuratezza dei test.<\/p>\n<p data-start=\"808\" data-end=\"1109\"><strong data-start=\"808\" data-end=\"875\">3. Pulizia di dispositivi di precisione per processi di rivestimento e dosaggio<\/strong><br data-start=\"875\" data-end=\"878\" \/>I processi di rivestimento e distribuzione di adesivi per smartphone si basano su dime di allineamento pulite. Il sistema YFC-5200 rimuove la colla polimerizzata e i residui di rivestimento che possono interferire con i sistemi di visione e causare disallineamenti, garantendo risultati di processo costanti.<\/p>\n<p data-start=\"1111\" data-end=\"1420\"><strong data-start=\"1111\" data-end=\"1178\">4. Rimozione della contaminazione da particolato sui dispositivi di processo laser<\/strong><br data-start=\"1178\" data-end=\"1181\" \/>Gli impianti di marcatura e taglio laser utilizzati per i componenti dei telefoni devono essere privi di microparticelle. Lo spruzzo ad alta pressione e la filtrazione multistadio della macchina eliminano i detriti fini che possono compromettere la precisione del laser e la qualit\u00e0 della superficie.<\/p>\n<p data-start=\"1422\" data-end=\"1711\"><strong data-start=\"1422\" data-end=\"1474\">5. Supportare una produzione ad alto mix e alto turnover<\/strong><br data-start=\"1474\" data-end=\"1477\" \/>Le fabbriche di elettronica mobile spesso utilizzano pi\u00f9 modelli contemporaneamente. Il sistema YFC-5200 offre ricette di pulizia programmabili e tempi di ciclo rapidi, consentendo una rapida sostituzione degli impianti e garantendo che siano sempre pronti per la produzione.<\/p>\n<p data-start=\"1713\" data-end=\"2005\"><strong data-start=\"1713\" data-end=\"1777\">6. Prolungamento della durata degli apparecchi e riduzione dei costi di manutenzione<\/strong><br data-start=\"1777\" data-end=\"1780\" \/>Prevenendo l&#039;accumulo di residui e proteggendo le superfici dei dispositivi dai danni causati dalla pulizia manuale, YFC-5200 ne prolunga la durata. Ci\u00f2 riduce i costi di sostituzione e migliora la stabilit\u00e0 a lungo termine nelle linee di assemblaggio degli smartphone.<\/p>\n<p data-start=\"1713\" data-end=\"2005\"><img loading=\"lazy\" decoding=\"async\" class=\"alignnone size-full wp-image-22995\" src=\"https:\/\/esmte.com\/wp-content\/uploads\/2025\/12\/\u56fe\u72474-scaled.webp\" alt=\"\" width=\"2560\" height=\"2017\" srcset=\"https:\/\/esmte.com\/wp-content\/uploads\/2025\/12\/\u56fe\u72474-scaled.webp 2560w, https:\/\/esmte.com\/wp-content\/uploads\/2025\/12\/\u56fe\u72474-scaled-600x473.webp 600w, https:\/\/esmte.com\/wp-content\/uploads\/2025\/12\/\u56fe\u72474-300x236.webp 300w, https:\/\/esmte.com\/wp-content\/uploads\/2025\/12\/\u56fe\u72474-1024x807.webp 1024w, https:\/\/esmte.com\/wp-content\/uploads\/2025\/12\/\u56fe\u72474-768x605.webp 768w, https:\/\/esmte.com\/wp-content\/uploads\/2025\/12\/\u56fe\u72474-1536x1210.webp 1536w, https:\/\/esmte.com\/wp-content\/uploads\/2025\/12\/\u56fe\u72474-2048x1613.webp 2048w, https:\/\/esmte.com\/wp-content\/uploads\/2025\/12\/\u56fe\u72474-1x1.webp 1w, https:\/\/esmte.com\/wp-content\/uploads\/2025\/12\/\u56fe\u72474-10x8.webp 10w\" sizes=\"auto, (max-width: 2560px) 100vw, 2560px\" \/><\/p>\n<h2>Specifiche<\/h2>\n<table style=\"border-collapse: collapse; width: 925px; height: 361px;\" border=\"0\" width=\"528\" cellspacing=\"0\" cellpadding=\"0\">\n<tbody>\n<tr style=\"height: 15.00pt;\">\n<td class=\"et2\" style=\"height: 15pt; width: 141pt; text-align: center;\" width=\"188\" height=\"20\">Modello<\/td>\n<td class=\"et3\" style=\"width: 255pt; text-align: center;\" width=\"340\">YFC-5200<\/td>\n<\/tr>\n<tr style=\"height: 15.00pt;\">\n<td class=\"et4\" style=\"height: 15pt; width: 141pt; text-align: center;\" width=\"188\" height=\"20\">Dimensioni del cestello di pulizia<\/td>\n<td class=\"et5\" style=\"width: 255pt; text-align: center;\" width=\"340\">\u03a61000mm x H 200mm. Opzione di dimensioni speciali<\/td>\n<\/tr>\n<tr style=\"height: 15.00pt;\">\n<td class=\"et4\" style=\"height: 15pt; width: 141pt; text-align: center;\" width=\"188\" height=\"20\">Unit\u00e0 di spruzzatura<\/td>\n<td class=\"et5\" style=\"width: 255pt; text-align: center;\" width=\"340\">\u03a61000mm x H 200mm. Opzione di dimensioni speciali<\/td>\n<\/tr>\n<tr style=\"height: 15.00pt;\">\n<td class=\"et4\" style=\"height: 15pt; width: 141pt; text-align: center;\" width=\"188\" height=\"20\">Unit\u00e0 di spruzzatura<\/td>\n<td class=\"et5\" style=\"width: 255pt; text-align: center;\" width=\"340\">Lato superiore\/inferiore\/anteriore, spruzzo a 720\u00b0<\/td>\n<\/tr>\n<tr style=\"height: 15.00pt;\">\n<td class=\"et4\" style=\"height: 15pt; width: 141pt; text-align: center;\" width=\"188\" height=\"20\">Sistema di filtraggio a 3 livelli<\/td>\n<td class=\"et5\" style=\"width: 255pt; text-align: center;\" width=\"340\">Filtri da 1 mm\/50 \u00b5m\/20 \u00b5m<\/td>\n<\/tr>\n<tr style=\"height: 15.00pt;\">\n<td class=\"et4\" style=\"height: 15pt; width: 141pt; text-align: center;\" width=\"188\" height=\"20\">Pressione dell&#039;aria compressa<\/td>\n<td class=\"et5\" style=\"width: 255pt; text-align: center;\" width=\"340\">0,5~0,7 MPa<\/td>\n<\/tr>\n<tr style=\"height: 15.00pt;\">\n<td class=\"et4\" style=\"height: 15pt; width: 141pt; text-align: center;\" width=\"188\" height=\"20\">Capacit\u00e0 del serbatoio pulito<\/td>\n<td class=\"et5\" style=\"width: 255pt; text-align: center;\" width=\"340\">80L<\/td>\n<\/tr>\n<tr style=\"height: 15.00pt;\">\n<td class=\"et4\" style=\"height: 15pt; width: 141pt; text-align: center;\" width=\"188\" height=\"20\">Temperatura del calore dell&#039;acqua di risciacquo<\/td>\n<td class=\"et5\" style=\"width: 255pt; text-align: center;\" width=\"340\"><span class=\"font1\">Temperatura ambiente~80<\/span><span class=\"font0\">\u2103<\/span><\/td>\n<\/tr>\n<tr style=\"height: 15.00pt;\">\n<td class=\"et4\" style=\"height: 15pt; width: 141pt; text-align: center;\" width=\"188\" height=\"20\">Temperatura di riscaldamento dell&#039;aria calda<\/td>\n<td class=\"et5\" style=\"width: 255pt; text-align: center;\" width=\"340\"><span class=\"font1\">Temperatura ambiente~90<\/span><span class=\"font0\">\u2103<\/span><\/td>\n<\/tr>\n<tr style=\"height: 15.00pt;\">\n<td class=\"et4\" style=\"height: 15pt; width: 141pt; text-align: center;\" width=\"188\" height=\"20\">Potenza della pompa pulita<\/td>\n<td class=\"et5\" style=\"width: 255pt; text-align: center;\" width=\"340\">2,2 kW<\/td>\n<\/tr>\n<tr style=\"height: 15.00pt;\">\n<td class=\"et4\" style=\"height: 15pt; width: 141pt; text-align: center;\" width=\"188\" height=\"20\">Potere detergente pulito<\/td>\n<td class=\"et5\" style=\"width: 255pt; text-align: center;\" width=\"340\">9KW<\/td>\n<\/tr>\n<tr style=\"height: 15.00pt;\">\n<td class=\"et4\" style=\"height: 15pt; width: 141pt; text-align: center;\" width=\"188\" height=\"20\">Potenza del soffiatore d&#039;aria<\/td>\n<td class=\"et5\" style=\"width: 255pt; text-align: center;\" width=\"340\">4,0 kW<\/td>\n<\/tr>\n<tr style=\"height: 15.00pt;\">\n<td class=\"et4\" style=\"height: 15pt; width: 141pt; text-align: center;\" width=\"188\" height=\"20\">Alimentazione elettrica<\/td>\n<td class=\"et5\" style=\"width: 255pt; text-align: center;\" width=\"340\">3 P, CA 380 V, 50\/60 Hz, 33 kW<\/td>\n<\/tr>\n<tr style=\"height: 15.00pt;\">\n<td class=\"et6\" style=\"height: 15pt; width: 141pt; text-align: center;\" width=\"188\" height=\"20\">Dimensioni della macchina<\/td>\n<td class=\"et7\" style=\"width: 255pt; text-align: center;\" width=\"340\">L1380 x P2100 x A 1400 (mm)<\/td>\n<\/tr>\n<\/tbody>\n<\/table>\n<p>&nbsp;<\/p>\n<p><a href=\"https:\/\/www.youtube.com\/@allaismt\" rel=\"nofollow noopener\" target=\"_blank\"><u>https:\/\/www.youtube.com\/@allaismt<\/u><\/a><\/p>\n<p>For more information about the <strong>Nastro Trasportatore a Porta Manuale<\/strong>, si prega di inviare una e-mail a<\/p>\n<p><a href=\"mailto:sophia@allaismt.com\"><u>sophia@allaismt.com<\/u><\/a><\/p>\n<p>Risponderemo tempestivamente alla tua richiesta e ti forniremo informazioni dettagliate sui nostri prodotti e servizi.<\/p>\n<p>&nbsp;<\/p>","protected":false},"excerpt":{"rendered":"<p>Descrizione: Il <strong>SMT<\/strong> <strong>Macchina per la pulizia degli apparecchi YFC-5200<\/strong> \u00e8 un sistema automatizzato avanzato progettato per pulire in modo efficiente e affidabile gli impianti di produzione elettronica. Rimuove residui di flussante, adesivi, polvere e altri contaminanti da pallet di rifusione, supporti per saldatura a onda, impianti di prova ICT\/FCT, maschere di rivestimento e altri utensili utilizzati nella produzione di PCBA ad alta densit\u00e0. Mantenendo puliti gli impianti, YFC-5200 garantisce stabilit\u00e0 di processo, qualit\u00e0 di saldatura costante e prestazioni di test ottimali, fattori particolarmente critici nella produzione di elettronica mobile.<\/p>\n<p>Quantit\u00e0 minima ordinabile: 1 pezzo<\/p>\n<p>Tempi di consegna: 15 giorni<\/p>","protected":false},"featured_media":23000,"comment_status":"closed","ping_status":"closed","template":"","meta":[],"etheme_brands":[],"product_brand":[],"product_cat":[156,157],"product_tag":[],"class_list":{"0":"post-22998","1":"product","2":"type-product","3":"status-publish","4":"has-post-thumbnail","6":"product_cat-pcb-cleaning-machine","7":"product_cat-fixture-cleaning-machine","9":"first","10":"instock","11":"shipping-taxable","12":"product-type-simple"},"_links":{"self":[{"href":"https:\/\/esmte.com\/it\/wp-json\/wp\/v2\/product\/22998","targetHints":{"allow":["GET"]}}],"collection":[{"href":"https:\/\/esmte.com\/it\/wp-json\/wp\/v2\/product"}],"about":[{"href":"https:\/\/esmte.com\/it\/wp-json\/wp\/v2\/types\/product"}],"replies":[{"embeddable":true,"href":"https:\/\/esmte.com\/it\/wp-json\/wp\/v2\/comments?post=22998"}],"version-history":[{"count":1,"href":"https:\/\/esmte.com\/it\/wp-json\/wp\/v2\/product\/22998\/revisions"}],"predecessor-version":[{"id":23738,"href":"https:\/\/esmte.com\/it\/wp-json\/wp\/v2\/product\/22998\/revisions\/23738"}],"wp:featuredmedia":[{"embeddable":true,"href":"https:\/\/esmte.com\/it\/wp-json\/wp\/v2\/media\/23000"}],"wp:attachment":[{"href":"https:\/\/esmte.com\/it\/wp-json\/wp\/v2\/media?parent=22998"}],"wp:term":[{"taxonomy":"brand","embeddable":true,"href":"https:\/\/esmte.com\/it\/wp-json\/wp\/v2\/etheme_brands?post=22998"},{"taxonomy":"product_brand","embeddable":true,"href":"https:\/\/esmte.com\/it\/wp-json\/wp\/v2\/product_brand?post=22998"},{"taxonomy":"product_cat","embeddable":true,"href":"https:\/\/esmte.com\/it\/wp-json\/wp\/v2\/product_cat?post=22998"},{"taxonomy":"product_tag","embeddable":true,"href":"https:\/\/esmte.com\/it\/wp-json\/wp\/v2\/product_tag?post=22998"}],"curies":[{"name":"parola chiave","href":"https:\/\/api.w.org\/{rel}","templated":true}]}}