{"id":22993,"date":"2025-12-11T07:23:27","date_gmt":"2025-12-11T07:23:27","guid":{"rendered":"https:\/\/esmte.com\/?post_type=product&#038;p=22993"},"modified":"2026-01-13T03:12:57","modified_gmt":"2026-01-13T03:12:57","slug":"fixture-cleaning-machine","status":"publish","type":"product","link":"https:\/\/esmte.com\/it\/products\/fixture-cleaning-machine\/","title":{"rendered":"SMT Fixture Cleaning Machine"},"content":{"rendered":"<h2>Introduzione<\/h2>\n<p data-start=\"127\" data-end=\"460\">IL <strong>SMT<\/strong> <strong>Macchina per la pulizia degli apparecchi<\/strong> \u00e8 una soluzione automatizzata progettata per rimuovere residui di flussante, adesivi, polvere e altri contaminanti di produzione da vari impianti di produzione. Man mano che gli assemblaggi elettronici diventano pi\u00f9 compatti e precisi, mantenere puliti gli impianti \u00e8 essenziale per processi stabili e una qualit\u00e0 del prodotto costante.<\/p>\n<p data-start=\"462\" data-end=\"899\">Al centro del sistema si trova un meccanismo di pulizia a spruzzo ad alta efficienza, supportato da un controllo preciso di temperatura e pressione. \u00c8 in grado di pulire pallet di rifusione, supporti per saldatura a onda, attrezzature di prova ICT\/FCT, maschere di rivestimento e telai di utensili in un unico ciclo. Ugelli di spruzzatura ottimizzati e un sistema di filtrazione a circuito chiuso garantiscono la rimozione completa dei residui polimerizzati senza danneggiare le superfici delle attrezzature o alterare la precisione dimensionale.<\/p>\n<p data-start=\"901\" data-end=\"1235\">I cicli di pulizia automatizzati sostituiscono il lavoro manuale discontinuo, riducendo l&#039;intensit\u00e0 di lavoro e migliorando la ripetibilit\u00e0. I parametri programmabili consentono agli operatori di personalizzare le modalit\u00e0 di pulizia per diverse tipologie di apparecchiature, mentre il design di filtrazione integrato riduce al minimo l&#039;utilizzo di prodotti chimici, prolunga la durata della soluzione detergente e riduce i costi operativi.<\/p>\n<p data-start=\"1237\" data-end=\"1536\">Grazie alla compatibilit\u00e0 con i flussi di produzione SMT, THT e PCBA, <strong>SMT<\/strong> <strong>Macchina per la pulizia degli apparecchi<\/strong> Supporta ambienti di produzione altamente eterogenei, in cui le attrezzature vengono sostituite frequentemente. La sua struttura robusta, l&#039;accesso di facile manutenzione e le funzioni di allarme automatizzate garantiscono affidabilit\u00e0 a lungo termine per un funzionamento continuo.<\/p>\n<p data-start=\"1538\" data-end=\"1923\">Nel complesso, il <strong>SMT Fixture Cleaning Machine<\/strong> Migliora la stabilit\u00e0 produttiva, prolunga la durata degli impianti e migliora l&#039;affidabilit\u00e0 del prodotto. Fornendo un processo di pulizia controllato, ripetibile e privo di contaminazioni, rappresenta una soluzione affidabile per la produzione di componenti elettronici avanzati per dispositivi mobili, elettronica automobilistica, apparecchiature medicali e sistemi di controllo industriale.<\/p>\n<p data-start=\"1538\" data-end=\"1923\"><img loading=\"lazy\" decoding=\"async\" class=\"alignnone wp-image-22994 aligncenter\" src=\"https:\/\/esmte.com\/wp-content\/uploads\/2025\/12\/11-40.webp\" alt=\"Fixture Cleaning Machine\" width=\"657\" height=\"657\" srcset=\"https:\/\/esmte.com\/wp-content\/uploads\/2025\/12\/11-40.webp 2560w, https:\/\/esmte.com\/wp-content\/uploads\/2025\/12\/11-40-100x100.webp 100w, https:\/\/esmte.com\/wp-content\/uploads\/2025\/12\/11-40-600x600.webp 600w, https:\/\/esmte.com\/wp-content\/uploads\/2025\/12\/11-40-300x300.webp 300w, https:\/\/esmte.com\/wp-content\/uploads\/2025\/12\/11-40-1024x1024.webp 1024w, https:\/\/esmte.com\/wp-content\/uploads\/2025\/12\/11-40-150x150.webp 150w, https:\/\/esmte.com\/wp-content\/uploads\/2025\/12\/11-40-768x768.webp 768w, https:\/\/esmte.com\/wp-content\/uploads\/2025\/12\/11-40-1536x1536.webp 1536w, https:\/\/esmte.com\/wp-content\/uploads\/2025\/12\/11-40-2048x2048.webp 2048w, https:\/\/esmte.com\/wp-content\/uploads\/2025\/12\/11-40-1x1.webp 1w, https:\/\/esmte.com\/wp-content\/uploads\/2025\/12\/11-40-10x10.webp 10w\" sizes=\"auto, (max-width: 657px) 100vw, 657px\" \/><\/p>\n<h2 data-start=\"136\" data-end=\"215\"><strong data-start=\"139\" data-end=\"215\">How the SMT Fixture Cleaning Machine Is Used in Mobile Electronics Factories<\/strong><\/h2>\n<p data-start=\"217\" data-end=\"304\"><strong data-start=\"221\" data-end=\"302\">1. Dispositivi di pulizia per schede madri di smartphone (pallet per saldatura a riflusso e a onda)<\/strong><\/p>\n<p data-start=\"305\" data-end=\"597\">I PCB degli smartphone sono compatti e densamente popolati, e richiedono utensili puliti e privi di contaminazioni. La Fixture Cleaning Machine rimuove residui di flussante, oli e detriti dai pallet di saldatura a rifusione e a onda, garantendo una qualit\u00e0 costante e prevenendo la contaminazione dei lotti di produzione successivi.<\/p>\n<p data-start=\"599\" data-end=\"646\"><strong data-start=\"603\" data-end=\"644\">2. Pulizia dei dispositivi di prova ICT e FCT<\/strong><\/p>\n<p data-start=\"647\" data-end=\"966\">La produzione di elettronica mobile si basa in larga misura sui test ICT e FCT. Nel tempo, le attrezzature di prova accumulano polvere, pasta saldante, impronte digitali e residui che riducono l&#039;affidabilit\u00e0 dei contatti delle sonde. La pulizia automatizzata delle attrezzature ripristina la pulizia, migliora l&#039;accuratezza dei test elettrici e riduce i falsi guasti o i difetti non rilevati.<\/p>\n<p data-start=\"968\" data-end=\"1020\"><strong data-start=\"972\" data-end=\"1018\">3. Pulizia dei dispositivi di assemblaggio del pacco batteria<\/strong><\/p>\n<p data-start=\"1021\" data-end=\"1300\">Durante l&#039;assemblaggio della batteria dello smartphone, gli impianti di assemblaggio raccolgono spesso residui di adesivo, particelle e detriti di nichel. La macchina di pulizia rimuove efficacemente questi contaminanti, impedendo a corpi estranei di penetrare nell&#039;area del pacco batteria e migliorando la sicurezza e la coerenza dell&#039;assemblaggio.<\/p>\n<p data-start=\"1302\" data-end=\"1363\"><strong data-start=\"1306\" data-end=\"1361\">4. Pulizia degli impianti di rivestimento e di dosaggio<\/strong><\/p>\n<p data-start=\"1364\" data-end=\"1638\">I processi di rivestimento protettivo e di erogazione dell&#039;adesivo lasciano materiali induriti sui dispositivi, compromettendo la precisione dimensionale e la stabilit\u00e0 dell&#039;applicazione. La macchina per la pulizia dei dispositivi rimuove residui induriti e accumuli per garantire un rivestimento preciso e un&#039;applicazione uniforme dell&#039;adesivo.<\/p>\n<p data-start=\"1640\" data-end=\"1699\"><strong data-start=\"1644\" data-end=\"1697\">5. Apparecchi di pulizia per la produzione di moduli telecamera<\/strong><\/p>\n<p data-start=\"1700\" data-end=\"1960\">I moduli della fotocamera richiedono un livello di pulizia eccezionalmente elevato. La macchina di pulizia rimuove micropolveri, residui di adesivo e contaminazione da flusso dalle attrezzature di assemblaggio della fotocamera, garantendo che i componenti sensibili, come obiettivi e sensori di immagine, rimangano protetti e privi di difetti.<\/p>\n<p data-start=\"1962\" data-end=\"2029\"><strong data-start=\"1966\" data-end=\"2027\">6. Supporto della produzione mobile ad alto mix e alta produttivit\u00e0<\/strong><\/p>\n<p data-start=\"2030\" data-end=\"2281\">La produzione di dispositivi mobili comporta frequenti cambi di modello e un utilizzo intensivo delle attrezzature. La pulizia automatizzata delle attrezzature accelera i tempi di produzione, riduce il lavoro manuale e garantisce una produzione stabile e continua per le linee di assemblaggio di smartphone a ritmo serrato.<\/p>\n<p data-start=\"1538\" data-end=\"1923\"><img loading=\"lazy\" decoding=\"async\" class=\"aligncenter wp-image-22995\" src=\"https:\/\/esmte.com\/wp-content\/uploads\/2025\/12\/\u56fe\u72474-scaled.webp\" alt=\"\" width=\"1055\" height=\"831\" srcset=\"https:\/\/esmte.com\/wp-content\/uploads\/2025\/12\/\u56fe\u72474-scaled.webp 2560w, https:\/\/esmte.com\/wp-content\/uploads\/2025\/12\/\u56fe\u72474-scaled-600x473.webp 600w, https:\/\/esmte.com\/wp-content\/uploads\/2025\/12\/\u56fe\u72474-300x236.webp 300w, https:\/\/esmte.com\/wp-content\/uploads\/2025\/12\/\u56fe\u72474-1024x807.webp 1024w, https:\/\/esmte.com\/wp-content\/uploads\/2025\/12\/\u56fe\u72474-768x605.webp 768w, https:\/\/esmte.com\/wp-content\/uploads\/2025\/12\/\u56fe\u72474-1536x1210.webp 1536w, https:\/\/esmte.com\/wp-content\/uploads\/2025\/12\/\u56fe\u72474-2048x1613.webp 2048w, https:\/\/esmte.com\/wp-content\/uploads\/2025\/12\/\u56fe\u72474-1x1.webp 1w, https:\/\/esmte.com\/wp-content\/uploads\/2025\/12\/\u56fe\u72474-10x8.webp 10w\" sizes=\"auto, (max-width: 1055px) 100vw, 1055px\" \/><\/p>\n<h2>Specifiche<\/h2>\n<table style=\"border-collapse: collapse; width: 924px; height: 356px;\" border=\"0\" width=\"528\" cellspacing=\"0\" cellpadding=\"0\">\n<tbody>\n<tr style=\"height: 15.00pt;\">\n<td class=\"et2\" style=\"height: 15pt; width: 141pt; text-align: center;\" width=\"188\" height=\"20\">Modello<\/td>\n<td class=\"et3\" style=\"width: 255pt; text-align: center;\" width=\"340\">YFC-5200<\/td>\n<\/tr>\n<tr style=\"height: 15.00pt;\">\n<td class=\"et4\" style=\"height: 15pt; width: 141pt; text-align: center;\" width=\"188\" height=\"20\">Dimensioni del cestello di pulizia<\/td>\n<td class=\"et5\" style=\"width: 255pt; text-align: center;\" width=\"340\">\u03a61000mm x H 200mm. Opzione di dimensioni speciali<\/td>\n<\/tr>\n<tr style=\"height: 15.00pt;\">\n<td class=\"et4\" style=\"height: 15pt; width: 141pt; text-align: center;\" width=\"188\" height=\"20\">Unit\u00e0 di spruzzatura<\/td>\n<td class=\"et5\" style=\"width: 255pt; text-align: center;\" width=\"340\">\u03a61000mm x H 200mm. Opzione di dimensioni speciali<\/td>\n<\/tr>\n<tr style=\"height: 15.00pt;\">\n<td class=\"et4\" style=\"height: 15pt; width: 141pt; text-align: center;\" width=\"188\" height=\"20\">Unit\u00e0 di spruzzatura<\/td>\n<td class=\"et5\" style=\"width: 255pt; text-align: center;\" width=\"340\">Lato superiore\/inferiore\/anteriore, spruzzo a 720\u00b0<\/td>\n<\/tr>\n<tr style=\"height: 15.00pt;\">\n<td class=\"et4\" style=\"height: 15pt; width: 141pt; text-align: center;\" width=\"188\" height=\"20\">Sistema di filtraggio a 3 livelli<\/td>\n<td class=\"et5\" style=\"width: 255pt; text-align: center;\" width=\"340\">Filtri da 1 mm\/50 \u00b5m\/20 \u00b5m<\/td>\n<\/tr>\n<tr style=\"height: 15.00pt;\">\n<td class=\"et4\" style=\"height: 15pt; width: 141pt; text-align: center;\" width=\"188\" height=\"20\">Pressione dell&#039;aria compressa<\/td>\n<td class=\"et5\" style=\"width: 255pt; text-align: center;\" width=\"340\">0,5~0,7 MPa<\/td>\n<\/tr>\n<tr style=\"height: 15.00pt;\">\n<td class=\"et4\" style=\"height: 15pt; width: 141pt; text-align: center;\" width=\"188\" height=\"20\">Capacit\u00e0 del serbatoio pulito<\/td>\n<td class=\"et5\" style=\"width: 255pt; text-align: center;\" width=\"340\">80L<\/td>\n<\/tr>\n<tr style=\"height: 15.00pt;\">\n<td class=\"et4\" style=\"height: 15pt; width: 141pt; text-align: center;\" width=\"188\" height=\"20\">Temperatura del calore dell&#039;acqua di risciacquo<\/td>\n<td class=\"et5\" style=\"width: 255pt; text-align: center;\" width=\"340\"><span class=\"font1\">Temperatura ambiente~80<\/span><span class=\"font0\">\u2103<\/span><\/td>\n<\/tr>\n<tr style=\"height: 15.00pt;\">\n<td class=\"et4\" style=\"height: 15pt; width: 141pt; text-align: center;\" width=\"188\" height=\"20\">Temperatura di riscaldamento dell&#039;aria calda<\/td>\n<td class=\"et5\" style=\"width: 255pt; text-align: center;\" width=\"340\"><span class=\"font1\">Temperatura ambiente~90<\/span><span class=\"font0\">\u2103<\/span><\/td>\n<\/tr>\n<tr style=\"height: 15.00pt;\">\n<td class=\"et4\" style=\"height: 15pt; width: 141pt; text-align: center;\" width=\"188\" height=\"20\">Potenza della pompa pulita<\/td>\n<td class=\"et5\" style=\"width: 255pt; text-align: center;\" width=\"340\">2,2 kW<\/td>\n<\/tr>\n<tr style=\"height: 15.00pt;\">\n<td class=\"et4\" style=\"height: 15pt; width: 141pt; text-align: center;\" width=\"188\" height=\"20\">Potere detergente pulito<\/td>\n<td class=\"et5\" style=\"width: 255pt; text-align: center;\" width=\"340\">9KW<\/td>\n<\/tr>\n<tr style=\"height: 15.00pt;\">\n<td class=\"et4\" style=\"height: 15pt; width: 141pt; text-align: center;\" width=\"188\" height=\"20\">Potenza del soffiatore d&#039;aria<\/td>\n<td class=\"et5\" style=\"width: 255pt; text-align: center;\" width=\"340\">4,0 kW<\/td>\n<\/tr>\n<tr style=\"height: 15.00pt;\">\n<td class=\"et4\" style=\"height: 15pt; width: 141pt; text-align: center;\" width=\"188\" height=\"20\">Alimentazione elettrica<\/td>\n<td class=\"et5\" style=\"width: 255pt; text-align: center;\" width=\"340\">3 P, CA 380 V, 50\/60 Hz, 33 kW<\/td>\n<\/tr>\n<tr style=\"height: 15.00pt;\">\n<td class=\"et6\" style=\"height: 15pt; width: 141pt; text-align: center;\" width=\"188\" height=\"20\">Dimensioni della macchina<\/td>\n<td class=\"et7\" style=\"width: 255pt; text-align: center;\" width=\"340\">L1380 x P2100 x A 1400 (mm)<\/td>\n<\/tr>\n<\/tbody>\n<\/table>\n<p>&nbsp;<\/p>\n<p><a href=\"https:\/\/www.youtube.com\/@allaismt\" rel=\"nofollow noopener\" target=\"_blank\"><u>https:\/\/www.youtube.com\/@allaismt<\/u><\/a><\/p>\n<p>For more information about the <strong>SMT Fixture Cleaning Machine<\/strong>, si prega di inviare una e-mail a<\/p>\n<p><a href=\"mailto:sophia@allaismt.com\"><u>sophia@allaismt.com<\/u><\/a><\/p>\n<p>Risponderemo tempestivamente alla tua richiesta e ti forniremo informazioni dettagliate sui nostri prodotti e servizi.<\/p>\n<p>&nbsp;<\/p>","protected":false},"excerpt":{"rendered":"<p>Descrizione: Il <strong>SMT<\/strong> <strong>Macchina per la pulizia degli apparecchi<\/strong> \u00e8 un sistema di pulizia automatizzato progettato per rimuovere residui di flussante, adesivi, polvere e contaminanti da vari impianti di produzione. Utilizzando la tecnologia di spruzzatura ad alta pressione, solventi ottimizzati e cicli di pulizia controllati, ripristina gli impianti in condizioni di pulizia e pronte all&#039;uso. Le sue prestazioni di pulizia costanti migliorano la stabilit\u00e0 del processo, riducono il lavoro manuale e supportano una produzione di alta qualit\u00e0 negli ambienti di produzione SMT, THT e PCBA.<\/p>\n<p>Quantit\u00e0 minima ordinabile: 1 pezzo<\/p>\n<p>Tempi di consegna: 15 giorni<\/p>","protected":false},"featured_media":22996,"comment_status":"closed","ping_status":"closed","template":"","meta":[],"etheme_brands":[],"product_brand":[],"product_cat":[156,157],"product_tag":[],"class_list":{"0":"post-22993","1":"product","2":"type-product","3":"status-publish","4":"has-post-thumbnail","6":"product_cat-pcb-cleaning-machine","7":"product_cat-fixture-cleaning-machine","9":"first","10":"instock","11":"shipping-taxable","12":"product-type-simple"},"_links":{"self":[{"href":"https:\/\/esmte.com\/it\/wp-json\/wp\/v2\/product\/22993","targetHints":{"allow":["GET"]}}],"collection":[{"href":"https:\/\/esmte.com\/it\/wp-json\/wp\/v2\/product"}],"about":[{"href":"https:\/\/esmte.com\/it\/wp-json\/wp\/v2\/types\/product"}],"replies":[{"embeddable":true,"href":"https:\/\/esmte.com\/it\/wp-json\/wp\/v2\/comments?post=22993"}],"version-history":[{"count":1,"href":"https:\/\/esmte.com\/it\/wp-json\/wp\/v2\/product\/22993\/revisions"}],"predecessor-version":[{"id":23740,"href":"https:\/\/esmte.com\/it\/wp-json\/wp\/v2\/product\/22993\/revisions\/23740"}],"wp:featuredmedia":[{"embeddable":true,"href":"https:\/\/esmte.com\/it\/wp-json\/wp\/v2\/media\/22996"}],"wp:attachment":[{"href":"https:\/\/esmte.com\/it\/wp-json\/wp\/v2\/media?parent=22993"}],"wp:term":[{"taxonomy":"brand","embeddable":true,"href":"https:\/\/esmte.com\/it\/wp-json\/wp\/v2\/etheme_brands?post=22993"},{"taxonomy":"product_brand","embeddable":true,"href":"https:\/\/esmte.com\/it\/wp-json\/wp\/v2\/product_brand?post=22993"},{"taxonomy":"product_cat","embeddable":true,"href":"https:\/\/esmte.com\/it\/wp-json\/wp\/v2\/product_cat?post=22993"},{"taxonomy":"product_tag","embeddable":true,"href":"https:\/\/esmte.com\/it\/wp-json\/wp\/v2\/product_tag?post=22993"}],"curies":[{"name":"parola chiave","href":"https:\/\/api.w.org\/{rel}","templated":true}]}}