{"id":22931,"date":"2025-12-10T06:33:17","date_gmt":"2025-12-10T06:33:17","guid":{"rendered":"https:\/\/esmte.com\/?post_type=product&#038;p=22931"},"modified":"2025-12-10T06:33:17","modified_gmt":"2025-12-10T06:33:17","slug":"full-auto-pcb-plug-cutting-machine-ycm-600","status":"publish","type":"product","link":"https:\/\/esmte.com\/it\/products\/full-auto-pcb-plug-cutting-machine-ycm-600\/","title":{"rendered":"Macchina per il taglio completamente automatica dei connettori PCB YCM-600"},"content":{"rendered":"<h2>Introduzione<\/h2>\n<p data-start=\"171\" data-end=\"525\">IL <strong>Macchina per il taglio completamente automatica dei connettori PCB YCM-600<\/strong> \u00e8 una soluzione industriale avanzata progettata per tagliare e sagomare automaticamente i terminali dei componenti passanti sui circuiti stampati. Fornendo lunghezze e angolazioni precise e uniformi, garantisce l&#039;inserimento accurato dei componenti e migliora la qualit\u00e0 della saldatura sia nei processi a onda che in quelli selettivi.<\/p>\n<p data-start=\"527\" data-end=\"902\">Ottimizzato per la produzione di PCBA ad alto volume, il <strong>Macchina per il taglio completamente automatica dei connettori PCB YCM-600<\/strong> Si integra perfettamente nelle linee di assemblaggio automatizzate, riducendo l&#039;intervento manuale e migliorando l&#039;efficienza complessiva del flusso di lavoro. Il suo meccanismo di taglio preciso previene difetti comuni come reofori disallineati, ponti di saldatura e altezze dei componenti non uniformi, con conseguente maggiore resa al primo passaggio e qualit\u00e0 del prodotto costante.<\/p>\n<p data-start=\"904\" data-end=\"1266\">Costruito con materiali durevoli e progettato per un funzionamento continuo, il <strong>Macchina per il taglio completamente automatica dei connettori PCB YCM-600<\/strong> Supporta un&#039;ampia variet\u00e0 di dimensioni, spessori e tipologie di PCB. \u00c8 particolarmente adatto per l&#039;elettronica automobilistica, i dispositivi di consumo, i gruppi LED e le schede di controllo industriali, supportando diverse esigenze produttive e garantendo risultati di assemblaggio affidabili.<\/p>\n<p data-start=\"1268\" data-end=\"1581\">Automatizzando il taglio e la modellatura dei cavi, <strong>Macchina per il taglio completamente automatica dei connettori PCB YCM-600<\/strong> Non solo aumenta l&#039;efficienza produttiva, ma riduce anche al minimo i costi di manodopera e le rilavorazioni. Offre ai produttori di componenti elettronici una soluzione affidabile, conveniente e ad alta precisione per mantenere una qualit\u00e0 costante nelle operazioni di assemblaggio di PCBA su larga scala.<\/p>\n<p data-start=\"1268\" data-end=\"1581\">\n<p><img loading=\"lazy\" decoding=\"async\" class=\"alignnone  wp-image-22927 aligncenter\" src=\"https:\/\/esmte.com\/wp-content\/uploads\/2025\/12\/11-33.webp\" alt=\"Full-auto PCB Plug Cutting Machine\" width=\"574\" height=\"573\" srcset=\"https:\/\/esmte.com\/wp-content\/uploads\/2025\/12\/11-33.webp 2561w, https:\/\/esmte.com\/wp-content\/uploads\/2025\/12\/11-33-100x100.webp 100w, https:\/\/esmte.com\/wp-content\/uploads\/2025\/12\/11-33-600x599.webp 600w, https:\/\/esmte.com\/wp-content\/uploads\/2025\/12\/11-33-300x300.webp 300w, https:\/\/esmte.com\/wp-content\/uploads\/2025\/12\/11-33-1024x1024.webp 1024w, https:\/\/esmte.com\/wp-content\/uploads\/2025\/12\/11-33-150x150.webp 150w, https:\/\/esmte.com\/wp-content\/uploads\/2025\/12\/11-33-768x767.webp 768w, https:\/\/esmte.com\/wp-content\/uploads\/2025\/12\/11-33-1536x1534.webp 1536w, https:\/\/esmte.com\/wp-content\/uploads\/2025\/12\/11-33-2048x2046.webp 2048w, https:\/\/esmte.com\/wp-content\/uploads\/2025\/12\/11-33-1x1.webp 1w, https:\/\/esmte.com\/wp-content\/uploads\/2025\/12\/11-33-10x10.webp 10w\" sizes=\"auto, (max-width: 574px) 100vw, 574px\" \/><\/p>\n<p>&nbsp;<\/p>\n<h2 data-start=\"89\" data-end=\"179\"><strong data-start=\"92\" data-end=\"179\">Applicazione della macchina per il taglio completamente automatico dei connettori PCB nelle fabbriche di elettronica di consumo<\/strong><\/h2>\n<ol data-start=\"181\" data-end=\"1704\">\n<li data-start=\"181\" data-end=\"478\">\n<p data-start=\"184\" data-end=\"478\"><strong data-start=\"184\" data-end=\"224\">Rifilatura dei cavi dei componenti passanti<\/strong><br data-start=\"224\" data-end=\"227\" \/>La macchina taglia e sagoma automaticamente i terminali dei componenti passanti sui PCB utilizzati in dispositivi di consumo come smartphone, tablet, prodotti LED ed elettrodomestici. Ci\u00f2 garantisce una lunghezza uniforme dei terminali e un corretto allineamento per un assemblaggio fluido.<\/p>\n<\/li>\n<li data-start=\"480\" data-end=\"742\">\n<p data-start=\"483\" data-end=\"742\"><strong data-start=\"483\" data-end=\"533\">Miglioramento della qualit\u00e0 della saldatura selettiva e ad onda<\/strong><br data-start=\"533\" data-end=\"536\" \/>Grazie alle forme precise e uniformi dei terminali, riduce difetti quali ponti di saldatura, disallineamenti e copertura di saldatura insufficiente, migliorando l&#039;affidabilit\u00e0 complessiva della saldatura per PCB ad alta densit\u00e0.<\/p>\n<\/li>\n<li data-start=\"744\" data-end=\"983\">\n<p data-start=\"747\" data-end=\"983\"><strong data-start=\"747\" data-end=\"792\">Integrazione con linee di assemblaggio automatizzate<\/strong><br data-start=\"792\" data-end=\"795\" \/>La macchina da taglio pu\u00f2 essere integrata perfettamente con apparecchiature pick-and-place o di inserimento, supportando flussi di lavoro di produzione PCBA completamente automatizzati e riducendo la necessit\u00e0 di manodopera manuale.<\/p>\n<\/li>\n<li data-start=\"985\" data-end=\"1235\">\n<p data-start=\"988\" data-end=\"1235\"><strong data-start=\"988\" data-end=\"1025\">Supporto alla produzione ad alto volume<\/strong><br data-start=\"1025\" data-end=\"1028\" \/>Le fabbriche di elettronica di consumo spesso operano su linee multi-turno. La macchina completamente automatica per il taglio dei connettori PCB garantisce una rifilatura rapida e ripetibile, mantenendo un&#039;elevata produttivit\u00e0 e garantendo al contempo una qualit\u00e0 costante.<\/p>\n<\/li>\n<li data-start=\"1237\" data-end=\"1469\">\n<p data-start=\"1240\" data-end=\"1469\"><strong data-start=\"1240\" data-end=\"1290\">Versatilit\u00e0 per dimensioni e componenti PCB misti<\/strong><br data-start=\"1290\" data-end=\"1293\" \/>Pu\u00f2 gestire una variet\u00e0 di dimensioni, spessori e tipi di componenti di PCB, rendendolo adatto alle fabbriche che producono pi\u00f9 linee di prodotti con diversi componenti THT.<\/p>\n<\/li>\n<li data-start=\"1471\" data-end=\"1704\">\n<p data-start=\"1474\" data-end=\"1704\"><strong data-start=\"1474\" data-end=\"1515\">Riduzione dei costi di rilavorazione e operativi<\/strong><br data-start=\"1515\" data-end=\"1518\" \/>Un taglio uniforme dei cavi riduce al minimo i difetti e la necessit\u00e0 di correzioni manuali, aiutando i produttori di elettronica di consumo a ridurre i costi di manodopera e ad aumentare l&#039;efficienza produttiva.<\/p>\n<\/li>\n<\/ol>\n<p>&nbsp;<\/p>\n<h2>Specifiche<\/h2>\n<table style=\"border-collapse: collapse; width: 1379px; height: 232px;\" border=\"0\" width=\"556\" cellspacing=\"0\" cellpadding=\"0\">\n<tbody>\n<tr style=\"height: 15.00pt;\">\n<td class=\"et2\" style=\"height: 15pt; width: 143.25pt; text-align: center;\" width=\"191\" height=\"20\">Modello<\/td>\n<td class=\"et3\" style=\"width: 273.75pt; text-align: center;\" width=\"365\">YCM-600<\/td>\n<\/tr>\n<tr style=\"height: 15.00pt;\">\n<td class=\"et4\" style=\"height: 15pt; width: 143.25pt; text-align: center;\" width=\"191\" height=\"20\">Dimensione<\/td>\n<td class=\"et5\" style=\"width: 273.75pt; text-align: center;\" width=\"365\">750*600*860mm<\/td>\n<\/tr>\n<tr style=\"height: 15.00pt;\">\n<td class=\"et4\" style=\"height: 15pt; width: 143.25pt; text-align: center;\" width=\"191\" height=\"20\">Altezza del piede tagliato<\/td>\n<td class=\"et5\" style=\"width: 273.75pt; text-align: center;\" width=\"365\">Min. 1,2 mm<\/td>\n<\/tr>\n<tr style=\"height: 15.00pt;\">\n<td class=\"et4\" style=\"height: 15pt; width: 143.25pt; text-align: center;\" width=\"191\" height=\"20\">Velocit\u00e0 di rotazione<\/td>\n<td class=\"et5\" style=\"width: 273.75pt; text-align: center;\" width=\"365\">4500 giri\/min<\/td>\n<\/tr>\n<tr style=\"height: 15.00pt;\">\n<td class=\"et4\" style=\"height: 15pt; width: 143.25pt; text-align: center;\" width=\"191\" height=\"20\">Il percorso della guida<\/td>\n<td class=\"et5\" style=\"width: 273.75pt; text-align: center;\" width=\"365\">0-250 mm<\/td>\n<\/tr>\n<tr style=\"height: 15.00pt;\">\n<td class=\"et4\" style=\"height: 15pt; width: 143.25pt; text-align: center;\" width=\"191\" height=\"20\">Alimentazione elettrica<\/td>\n<td class=\"et5\" style=\"width: 273.75pt; text-align: center;\" width=\"365\">1 PH CA 220 V 50\/60 Hz<\/td>\n<\/tr>\n<tr style=\"height: 15.00pt;\">\n<td class=\"et4\" style=\"height: 15pt; width: 143.25pt; text-align: center;\" width=\"191\" height=\"20\">Energia<\/td>\n<td class=\"et5\" style=\"width: 273.75pt; text-align: center;\" width=\"365\">800w<\/td>\n<\/tr>\n<tr style=\"height: 15.00pt;\">\n<td class=\"et6\" style=\"height: 15pt; width: 143.25pt; text-align: center;\" width=\"191\" height=\"20\">Peso<\/td>\n<td class=\"et7\" style=\"width: 273.75pt; text-align: center;\" width=\"365\">115 kg<\/td>\n<\/tr>\n<\/tbody>\n<\/table>\n<p>&nbsp;<\/p>\n<p><a href=\"https:\/\/www.youtube.com\/@allaismt\" rel=\"nofollow noopener\" target=\"_blank\"><u>https:\/\/www.youtube.com\/@allaismt<\/u><\/a><\/p>\n<p>Per maggiori informazioni sulla macchina per il taglio automatico dei connettori PCB YCM-600, inviare un&#039;e-mail a<\/p>\n<p><a href=\"mailto:sophia@allaismt.com\"><u>sophia@allaismt.com<\/u><\/a><\/p>\n<p>Risponderemo tempestivamente alla tua richiesta e ti forniremo informazioni dettagliate sui nostri prodotti e servizi.<\/p>","protected":false},"excerpt":{"rendered":"<p>Descrizione: Il <strong>Macchina per il taglio completamente automatico dei connettori PCB YCM-600<\/strong> \u00e8 una soluzione ad alta precisione progettata per tagliare e sagomare automaticamente i terminali dei componenti a foro passante sui PCB. Garantisce una lunghezza uniforme dei terminali e angoli costanti, migliorando la precisione di inserimento dei componenti e la qualit\u00e0 della saldatura sia per i processi di saldatura a onda che selettiva. Progettato per la produzione di PCBA ad alto volume, YCM-600 si integra perfettamente nelle linee di assemblaggio automatizzate, riducendo il lavoro manuale e migliorando al contempo l&#039;efficienza e la coerenza. La sua struttura robusta e il funzionamento affidabile lo rendono ideale per l&#039;elettronica automobilistica, i dispositivi di consumo, i gruppi LED e i PCB di controllo industriale. Quantit\u00e0 minima ordinabile: 1 pezzo. Tempi di consegna: 15 giorni.<\/p>\n<p>Quantit\u00e0 minima ordinabile: 1 pezzo<\/p>\n<p>Tempi di consegna: 15 giorni<\/p>","protected":false},"featured_media":22932,"comment_status":"closed","ping_status":"closed","template":"","meta":[],"etheme_brands":[],"product_brand":[],"product_cat":[179],"product_tag":[],"class_list":{"0":"post-22931","1":"product","2":"type-product","3":"status-publish","4":"has-post-thumbnail","6":"product_cat-pcb-pin-lead-cutting-machine","8":"first","9":"instock","10":"shipping-taxable","11":"product-type-simple"},"_links":{"self":[{"href":"https:\/\/esmte.com\/it\/wp-json\/wp\/v2\/product\/22931","targetHints":{"allow":["GET"]}}],"collection":[{"href":"https:\/\/esmte.com\/it\/wp-json\/wp\/v2\/product"}],"about":[{"href":"https:\/\/esmte.com\/it\/wp-json\/wp\/v2\/types\/product"}],"replies":[{"embeddable":true,"href":"https:\/\/esmte.com\/it\/wp-json\/wp\/v2\/comments?post=22931"}],"version-history":[{"count":1,"href":"https:\/\/esmte.com\/it\/wp-json\/wp\/v2\/product\/22931\/revisions"}],"predecessor-version":[{"id":22933,"href":"https:\/\/esmte.com\/it\/wp-json\/wp\/v2\/product\/22931\/revisions\/22933"}],"wp:featuredmedia":[{"embeddable":true,"href":"https:\/\/esmte.com\/it\/wp-json\/wp\/v2\/media\/22932"}],"wp:attachment":[{"href":"https:\/\/esmte.com\/it\/wp-json\/wp\/v2\/media?parent=22931"}],"wp:term":[{"taxonomy":"brand","embeddable":true,"href":"https:\/\/esmte.com\/it\/wp-json\/wp\/v2\/etheme_brands?post=22931"},{"taxonomy":"product_brand","embeddable":true,"href":"https:\/\/esmte.com\/it\/wp-json\/wp\/v2\/product_brand?post=22931"},{"taxonomy":"product_cat","embeddable":true,"href":"https:\/\/esmte.com\/it\/wp-json\/wp\/v2\/product_cat?post=22931"},{"taxonomy":"product_tag","embeddable":true,"href":"https:\/\/esmte.com\/it\/wp-json\/wp\/v2\/product_tag?post=22931"}],"curies":[{"name":"parola chiave","href":"https:\/\/api.w.org\/{rel}","templated":true}]}}