{"id":22904,"date":"2025-12-09T10:09:07","date_gmt":"2025-12-09T10:09:07","guid":{"rendered":"https:\/\/esmte.com\/?post_type=product&#038;p=22904"},"modified":"2025-12-10T08:16:53","modified_gmt":"2025-12-10T08:16:53","slug":"shape-machine-for-solder-quality-improvement","status":"publish","type":"product","link":"https:\/\/esmte.com\/it\/products\/shape-machine-for-solder-quality-improvement\/","title":{"rendered":"Macchina automatica per la formatura della resistenza"},"content":{"rendered":"<h2>Introduzione<\/h2>\n<p data-start=\"165\" data-end=\"608\">IL <strong data-start=\"169\" data-end=\"207\">Macchina automatica per la formatura della resistenza<\/strong> \u00e8 una soluzione ad alta precisione progettata per la sagomatura e la rifinitura dei terminali dei resistori nella produzione di PCBA. Garantendo lunghezza e forma uniformi dei terminali, migliora la qualit\u00e0 della saldatura, riduce i difetti di assemblaggio e migliora l&#039;affidabilit\u00e0 complessiva dei componenti elettronici. La macchina \u00e8 adatta a un&#039;ampia gamma di resistori ed \u00e8 compatibile sia con linee di produzione ad alto volume che con linee di produzione miste.<\/p>\n<p data-start=\"610\" data-end=\"1028\">Dotato di un sistema di alimentazione stabile e di un meccanismo di taglio di precisione, <strong data-start=\"169\" data-end=\"207\">Macchina automatica per la formatura della resistenza<\/strong> Riduce al minimo le vibrazioni e le sollecitazioni meccaniche durante il funzionamento, proteggendo i componenti sensibili e mantenendo una precisione di rifinitura costante. Il suo funzionamento intuitivo e le ridotte esigenze di manutenzione ne facilitano l&#039;integrazione in linee di assemblaggio automatizzate, tra cui stazioni di saldatura a onda, saldatura selettiva e ispezione AOI.<\/p>\n<p data-start=\"1030\" data-end=\"1584\">IL <strong>Macchina automatica per la formatura della resistenza<\/strong> Trova applicazioni in molteplici settori: nell&#039;elettronica degli elettrodomestici, garantisce il posizionamento ordinato dei resistori sui PCB per prodotti come condizionatori, lavatrici e frigoriferi; nell&#039;elettronica industriale, standardizza i cavi dei resistori per schede di controllo, inverter e moduli di potenza, migliorandone la durata e la stabilit\u00e0; e nell&#039;elettronica automobilistica, soddisfa rigorosi standard di formatura dei cavi per ECU, sensori e moduli di illuminazione per resistere a vibrazioni e variazioni di temperatura.<\/p>\n<p data-start=\"1586\" data-end=\"1810\">Automatizzando il processo di formatura dei lead, la macchina riduce il lavoro manuale, aumenta l&#039;efficienza produttiva e garantisce un output costantemente di alta qualit\u00e0, rendendola uno strumento essenziale per la moderna produzione elettronica.<\/p>\n<p data-start=\"1586\" data-end=\"1810\"><img loading=\"lazy\" decoding=\"async\" class=\"alignnone wp-image-22905 aligncenter\" src=\"https:\/\/esmte.com\/wp-content\/uploads\/2025\/12\/22-1.webp\" alt=\"Automatic Resistance Shape Machine\" width=\"661\" height=\"660\" srcset=\"https:\/\/esmte.com\/wp-content\/uploads\/2025\/12\/22-1.webp 2561w, https:\/\/esmte.com\/wp-content\/uploads\/2025\/12\/22-1-100x100.webp 100w, https:\/\/esmte.com\/wp-content\/uploads\/2025\/12\/22-1-600x599.webp 600w, https:\/\/esmte.com\/wp-content\/uploads\/2025\/12\/22-1-300x300.webp 300w, https:\/\/esmte.com\/wp-content\/uploads\/2025\/12\/22-1-1024x1024.webp 1024w, https:\/\/esmte.com\/wp-content\/uploads\/2025\/12\/22-1-150x150.webp 150w, https:\/\/esmte.com\/wp-content\/uploads\/2025\/12\/22-1-768x767.webp 768w, https:\/\/esmte.com\/wp-content\/uploads\/2025\/12\/22-1-1536x1534.webp 1536w, https:\/\/esmte.com\/wp-content\/uploads\/2025\/12\/22-1-2048x2046.webp 2048w, https:\/\/esmte.com\/wp-content\/uploads\/2025\/12\/22-1-1x1.webp 1w, https:\/\/esmte.com\/wp-content\/uploads\/2025\/12\/22-1-10x10.webp 10w\" sizes=\"auto, (max-width: 661px) 100vw, 661px\" \/><\/p>\n<h3 data-start=\"90\" data-end=\"159\"><strong data-start=\"93\" data-end=\"159\">Applicazioni della macchina automatica per la formatura della resistenza per settore<\/strong><\/h3>\n<h3 data-start=\"161\" data-end=\"191\"><strong data-start=\"165\" data-end=\"191\">1. Pre-elaborazione PCBA<\/strong><\/h3>\n<ul data-start=\"192\" data-end=\"453\">\n<li data-start=\"192\" data-end=\"255\">\n<p data-start=\"194\" data-end=\"255\">Modella e rifinisce automaticamente i cavi dei resistori passanti.<\/p>\n<\/li>\n<li data-start=\"256\" data-end=\"322\">\n<p data-start=\"258\" data-end=\"322\">Garantisce una lunghezza e una forma uniformi dei cavi per un inserimento agevole del PCB.<\/p>\n<\/li>\n<li data-start=\"323\" data-end=\"453\">\n<p data-start=\"325\" data-end=\"453\">Migliora la qualit\u00e0 della saldatura a onda e della saldatura selettiva, riducendo difetti quali disallineamenti, giunzioni di saldatura fredde o cortocircuiti.<\/p>\n<\/li>\n<\/ul>\n<h3 data-start=\"455\" data-end=\"492\"><strong data-start=\"459\" data-end=\"492\">2. Elettronica per elettrodomestici<\/strong><\/h3>\n<ul data-start=\"493\" data-end=\"794\">\n<li data-start=\"493\" data-end=\"623\">\n<p data-start=\"495\" data-end=\"623\">Applicato nell&#039;assemblaggio PCBA per piccoli elettrodomestici intelligenti, tra cui condizionatori, lavatrici e frigoriferi.<\/p>\n<\/li>\n<li data-start=\"624\" data-end=\"713\">\n<p data-start=\"626\" data-end=\"713\">Garantisce una disposizione ordinata dei cavi dei resistori, facilitando un assemblaggio automatizzato efficiente.<\/p>\n<\/li>\n<li data-start=\"714\" data-end=\"794\">\n<p data-start=\"716\" data-end=\"794\">Supporta la produzione di grandi volumi riducendo al contempo il lavoro manuale e i tassi di errore.<\/p>\n<\/li>\n<\/ul>\n<h3 data-start=\"796\" data-end=\"829\"><strong data-start=\"800\" data-end=\"829\">3. Elettronica industriale<\/strong><\/h3>\n<ul data-start=\"830\" data-end=\"1097\">\n<li data-start=\"830\" data-end=\"929\">\n<p data-start=\"832\" data-end=\"929\">Utilizzato per schede di controllo industriali, inverter e moduli di potenza che richiedono elevata affidabilit\u00e0.<\/p>\n<\/li>\n<li data-start=\"930\" data-end=\"1006\">\n<p data-start=\"932\" data-end=\"1006\">Standardizza i cavi dei resistori per migliorare la stabilit\u00e0 e la durata del prodotto.<\/p>\n<\/li>\n<li data-start=\"1007\" data-end=\"1097\">\n<p data-start=\"1009\" data-end=\"1097\">Gestisce diverse dimensioni e tipologie di resistori, adatto a linee di produzione di modelli misti.<\/p>\n<\/li>\n<\/ul>\n<h3 data-start=\"1099\" data-end=\"1132\"><strong data-start=\"1103\" data-end=\"1132\">4. Elettronica automobilistica<\/strong><\/h3>\n<ul data-start=\"1133\" data-end=\"1386\">\n<li data-start=\"1133\" data-end=\"1212\">\n<p data-start=\"1135\" data-end=\"1212\">Essenziale per i PCB automobilistici, come centraline elettroniche, sensori e moduli di illuminazione.<\/p>\n<\/li>\n<li data-start=\"1213\" data-end=\"1331\">\n<p data-start=\"1215\" data-end=\"1331\">Fornisce una sagomatura precisa e uniforme dei cavi per resistere alle vibrazioni, alle variazioni di temperatura e alle sollecitazioni a lungo termine.<\/p>\n<\/li>\n<li data-start=\"1332\" data-end=\"1386\">\n<p data-start=\"1334\" data-end=\"1386\">Contribuisce a soddisfare gli standard di affidabilit\u00e0 di livello automobilistico.<\/p>\n<\/li>\n<\/ul>\n<h3 data-start=\"1388\" data-end=\"1436\"><strong data-start=\"1392\" data-end=\"1436\">5. Integrazione della linea di produzione automatizzata<\/strong><\/h3>\n<ul data-start=\"1437\" data-end=\"1697\">\n<li data-start=\"1437\" data-end=\"1542\">\n<p data-start=\"1439\" data-end=\"1542\">Si integra con macchine di inserimento, saldatura a onda, saldatura selettiva e stazioni di ispezione AOI.<\/p>\n<\/li>\n<li data-start=\"1543\" data-end=\"1619\">\n<p data-start=\"1545\" data-end=\"1619\">Crea un flusso di lavoro di produzione completamente automatizzato, riducendo le operazioni manuali.<\/p>\n<\/li>\n<li data-start=\"1620\" data-end=\"1697\">\n<p data-start=\"1622\" data-end=\"1697\">Migliora l&#039;efficienza produttiva complessiva, la coerenza e la qualit\u00e0 del prodotto.<\/p>\n<\/li>\n<\/ul>\n<p>&nbsp;<\/p>\n<p><img loading=\"lazy\" decoding=\"async\" class=\"alignnone  wp-image-22944 aligncenter\" src=\"https:\/\/esmte.com\/wp-content\/uploads\/2025\/12\/\u5143\u4ef6-1.png\" alt=\"\" width=\"966\" height=\"227\" \/><\/p>\n<p>&nbsp;<\/p>\n<h2>Specifiche<\/h2>\n<table style=\"border-collapse: collapse; width: 1377px; height: 215px;\" border=\"0\" width=\"364\" cellspacing=\"0\" cellpadding=\"0\">\n<tbody>\n<tr style=\"height: 15.00pt;\">\n<td class=\"et2\" style=\"height: 15pt; width: 81.75pt; text-align: center;\" width=\"109\" height=\"20\">Modello<\/td>\n<td class=\"et2\" style=\"width: 191.25pt; text-align: center;\" width=\"255\">YRS-600<\/td>\n<\/tr>\n<tr style=\"height: 15.00pt;\">\n<td class=\"et2\" style=\"height: 15pt; width: 81.75pt; text-align: center;\" width=\"109\" height=\"20\">Velocit\u00e0<\/td>\n<td class=\"et3\" style=\"width: 191.25pt; text-align: center;\" width=\"255\">6600CPH<\/td>\n<\/tr>\n<tr style=\"height: 15.00pt;\">\n<td class=\"et2\" style=\"height: 15pt; width: 81.75pt; text-align: center;\" width=\"109\" height=\"20\">Dimensione<\/td>\n<td class=\"et3\" style=\"width: 191.25pt; text-align: center;\" width=\"255\">1050*600*650mm<\/td>\n<\/tr>\n<tr style=\"height: 15.00pt;\">\n<td class=\"et2\" style=\"height: 15pt; width: 81.75pt; text-align: center;\" width=\"109\" height=\"20\">Alimentazione elettrica<\/td>\n<td class=\"et3\" style=\"width: 191.25pt; text-align: center;\" width=\"255\">1 PH CA 110\/220 V 50\/60 Hz<\/td>\n<\/tr>\n<tr style=\"height: 15.00pt;\">\n<td class=\"et2\" style=\"height: 15pt; width: 81.75pt; text-align: center;\" width=\"109\" height=\"20\">Energia<\/td>\n<td class=\"et3\" style=\"width: 191.25pt; text-align: center;\" width=\"255\">50w<\/td>\n<\/tr>\n<tr style=\"height: 15.00pt;\">\n<td class=\"et4\" style=\"height: 15pt; width: 81.75pt; text-align: center;\" width=\"109\" height=\"20\">Peso<\/td>\n<td class=\"et5\" style=\"width: 191.25pt; text-align: center;\" width=\"255\">120 Kg<\/td>\n<\/tr>\n<\/tbody>\n<\/table>\n<p>&nbsp;<\/p>\n<p><a href=\"https:\/\/www.youtube.com\/@allaismt\" rel=\"nofollow noopener\" target=\"_blank\"><u>https:\/\/www.youtube.com\/@allaismt<\/u><\/a><\/p>\n<p>Per maggiori informazioni sulla macchina automatica per la formatura della resistenza YRS-600, inviare un&#039;e-mail a<\/p>\n<p><a href=\"mailto:sophia@allaismt.com\"><u>sophia@allaismt.com<\/u><\/a><\/p>\n<p>Risponderemo tempestivamente alla tua richiesta e ti forniremo informazioni dettagliate sui nostri prodotti e servizi.<\/p>","protected":false},"excerpt":{"rendered":"<p>Descrizione: Il <strong data-start=\"167\" data-end=\"205\">Macchina automatica per la formatura della resistenza<\/strong> \u00e8 una soluzione ad alta precisione progettata per la formatura e la rifilatura dei terminali dei resistori nella produzione di PCBA. Garantisce lunghezze e forme uniformi dei terminali, migliorando la precisione di saldatura e riducendo i difetti di assemblaggio. Adatta a un&#039;ampia gamma di resistori, la macchina supporta la produzione automatizzata ad alto volume nei settori automobilistico, degli elettrodomestici, industriale e dell&#039;elettronica di consumo. Le sue prestazioni affidabili, la semplicit\u00e0 d&#039;uso e la compatibilit\u00e0 con le linee di assemblaggio automatizzate migliorano l&#039;efficienza produttiva mantenendo una qualit\u00e0 costante. Quantit\u00e0 minima ordinabile: 1 pezzo. Tempi di consegna: 15 giorni.<\/p>\n<p>Quantit\u00e0 minima ordinabile: 1 pezzo<\/p>\n<p>Tempi di consegna: 15 giorni<\/p>","protected":false},"featured_media":22906,"comment_status":"closed","ping_status":"closed","template":"","meta":[],"etheme_brands":[],"product_brand":[],"product_cat":[179],"product_tag":[],"class_list":{"0":"post-22904","1":"product","2":"type-product","3":"status-publish","4":"has-post-thumbnail","6":"product_cat-pcb-pin-lead-cutting-machine","8":"first","9":"instock","10":"shipping-taxable","11":"product-type-simple"},"_links":{"self":[{"href":"https:\/\/esmte.com\/it\/wp-json\/wp\/v2\/product\/22904","targetHints":{"allow":["GET"]}}],"collection":[{"href":"https:\/\/esmte.com\/it\/wp-json\/wp\/v2\/product"}],"about":[{"href":"https:\/\/esmte.com\/it\/wp-json\/wp\/v2\/types\/product"}],"replies":[{"embeddable":true,"href":"https:\/\/esmte.com\/it\/wp-json\/wp\/v2\/comments?post=22904"}],"version-history":[{"count":1,"href":"https:\/\/esmte.com\/it\/wp-json\/wp\/v2\/product\/22904\/revisions"}],"predecessor-version":[{"id":22946,"href":"https:\/\/esmte.com\/it\/wp-json\/wp\/v2\/product\/22904\/revisions\/22946"}],"wp:featuredmedia":[{"embeddable":true,"href":"https:\/\/esmte.com\/it\/wp-json\/wp\/v2\/media\/22906"}],"wp:attachment":[{"href":"https:\/\/esmte.com\/it\/wp-json\/wp\/v2\/media?parent=22904"}],"wp:term":[{"taxonomy":"brand","embeddable":true,"href":"https:\/\/esmte.com\/it\/wp-json\/wp\/v2\/etheme_brands?post=22904"},{"taxonomy":"product_brand","embeddable":true,"href":"https:\/\/esmte.com\/it\/wp-json\/wp\/v2\/product_brand?post=22904"},{"taxonomy":"product_cat","embeddable":true,"href":"https:\/\/esmte.com\/it\/wp-json\/wp\/v2\/product_cat?post=22904"},{"taxonomy":"product_tag","embeddable":true,"href":"https:\/\/esmte.com\/it\/wp-json\/wp\/v2\/product_tag?post=22904"}],"curies":[{"name":"parola chiave","href":"https:\/\/api.w.org\/{rel}","templated":true}]}}