{"id":22886,"date":"2025-12-09T08:00:38","date_gmt":"2025-12-09T08:00:38","guid":{"rendered":"https:\/\/esmte.com\/?post_type=product&#038;p=22886"},"modified":"2026-01-27T08:48:48","modified_gmt":"2026-01-27T08:48:48","slug":"tht-axial-lead-insertion-machine-ya-201","status":"publish","type":"product","link":"https:\/\/esmte.com\/it\/products\/tht-axial-lead-insertion-machine-ya-201\/","title":{"rendered":"Macchina per l&#039;inserimento di componenti assiali THT YA-201"},"content":{"rendered":"<h2>Introduzione<\/h2>\n<p data-start=\"0\" data-end=\"413\">IL <strong data-start=\"4\" data-end=\"57\">Macchina per l&#039;inserimento di componenti assiali THT YA-201<\/strong> \u00e8 una soluzione automatizzata di livello professionale progettata per migliorare l&#039;efficienza e la precisione nell&#039;assemblaggio di PCB a foro passante. Progettata per la moderna produzione elettronica, la YA-201 \u00e8 specializzata nell&#039;inserimento preciso di componenti con terminali assiali come resistori, condensatori e diodi, garantendo un posizionamento uniforme e riducendo il rischio di errori di assemblaggio.<\/p>\n<p data-start=\"415\" data-end=\"787\">Dotato di sistemi avanzati di alimentazione, allineamento e posizionamento, <strong data-start=\"4\" data-end=\"57\">Macchina per l&#039;inserimento di componenti assiali THT YA-201<\/strong> Garantisce il posizionamento esatto dei componenti e una profondit\u00e0 di inserimento controllata, mantenendo l&#039;integrit\u00e0 del PCB e riducendo al minimo i potenziali danni. Il suo funzionamento automatizzato supporta sia la produzione in piccoli lotti che in grandi volumi, rendendolo ideale per diverse linee di assemblaggio THT, centri di riparazione e laboratori di ricerca e sviluppo.<\/p>\n<p data-start=\"789\" data-end=\"1068\">La macchina per l&#039;inserimento di componenti assiali THT YA-201 presenta un design compatto ed ergonomico, che consente una perfetta integrazione nei flussi di lavoro di produzione senza occupare spazio eccessivo. La sua robusta struttura meccanica garantisce un funzionamento stabile e privo di vibrazioni, una lunga durata e bassi requisiti di manutenzione.<\/p>\n<p data-start=\"1070\" data-end=\"1405\" data-is-last-node=\"\" data-is-only-node=\"\">Con il <strong data-start=\"1079\" data-end=\"1132\">Macchina per l&#039;inserimento di componenti assiali THT YA-201<\/strong>, i produttori possono ottenere cicli di assemblaggio pi\u00f9 rapidi, una maggiore produttivit\u00e0 e una qualit\u00e0 affidabile per gli assemblaggi PCB through-hole. La sua combinazione di precisione, efficienza e facilit\u00e0 d&#039;uso lo rende uno strumento essenziale per la moderna produzione automatizzata di componenti elettronici THT.<\/p>\n<p data-start=\"1070\" data-end=\"1405\" data-is-last-node=\"\" data-is-only-node=\"\"><img loading=\"lazy\" decoding=\"async\" class=\"alignnone wp-image-22882 aligncenter\" src=\"https:\/\/esmte.com\/wp-content\/uploads\/2025\/12\/11-29.webp\" alt=\"THT Axial Lead Component Insertion Machine YA-201\" width=\"558\" height=\"637\" srcset=\"https:\/\/esmte.com\/wp-content\/uploads\/2025\/12\/11-29.webp 1793w, https:\/\/esmte.com\/wp-content\/uploads\/2025\/12\/11-29-600x684.webp 600w, https:\/\/esmte.com\/wp-content\/uploads\/2025\/12\/11-29-263x300.webp 263w, https:\/\/esmte.com\/wp-content\/uploads\/2025\/12\/11-29-898x1024.webp 898w, https:\/\/esmte.com\/wp-content\/uploads\/2025\/12\/11-29-768x876.webp 768w, https:\/\/esmte.com\/wp-content\/uploads\/2025\/12\/11-29-1347x1536.webp 1347w, https:\/\/esmte.com\/wp-content\/uploads\/2025\/12\/11-29-1x1.webp 1w, https:\/\/esmte.com\/wp-content\/uploads\/2025\/12\/11-29-10x10.webp 10w\" sizes=\"auto, (max-width: 558px) 100vw, 558px\" \/><\/p>\n<h3>Caratteristiche principali<\/h3>\n<ul>\n<li data-start=\"73\" data-end=\"243\">\n<p data-start=\"76\" data-end=\"243\"><strong data-start=\"76\" data-end=\"110\">Inserimento automatico ad alta velocit\u00e0<\/strong> \u2013 Consente il posizionamento rapido ed efficiente dei componenti con conduttori assiali, ottimizzando la produttivit\u00e0 per l&#039;assemblaggio di PCB ad alto volume e mix elevato.<\/p>\n<\/li>\n<li data-start=\"245\" data-end=\"424\">\n<p data-start=\"248\" data-end=\"424\"><strong data-start=\"248\" data-end=\"282\">Tecnologia di allineamento di precisione<\/strong> \u2013 I sensori integrati e i meccanismi di guida garantiscono il posizionamento esatto dei componenti, riducendo al minimo i disallineamenti e migliorando la qualit\u00e0 della saldatura.<\/p>\n<\/li>\n<li data-start=\"426\" data-end=\"593\">\n<p data-start=\"429\" data-end=\"593\"><strong data-start=\"429\" data-end=\"460\">Gestione flessibile dei componenti<\/strong> \u2013 Compatibile con un&#039;ampia gamma di diametri e lunghezze dei conduttori assiali, per soddisfare diversi layout di PCB e requisiti di produzione.<\/p>\n<\/li>\n<li data-start=\"595\" data-end=\"772\">\n<p data-start=\"598\" data-end=\"772\"><strong data-start=\"598\" data-end=\"632\">Design desktop salvaspazio<\/strong> \u2013 La struttura compatta ed ergonomica consente l\u2019installazione in spazi di lavoro limitati senza sacrificare l\u2019accessibilit\u00e0 o la praticit\u00e0 operativa.<\/p>\n<\/li>\n<li data-start=\"774\" data-end=\"954\">\n<p data-start=\"777\" data-end=\"954\"><strong data-start=\"777\" data-end=\"804\">Robusta costruzione industriale<\/strong> \u2013 Progettato con materiali durevoli e componenti meccanici stabili per garantire prestazioni costanti e prive di vibrazioni durante lunghi cicli di produzione.<\/p>\n<\/li>\n<li data-start=\"956\" data-end=\"1152\" data-is-last-node=\"\">\n<p data-start=\"959\" data-end=\"1152\" data-is-last-node=\"\"><strong data-start=\"959\" data-end=\"997\">Funzionamento e monitoraggio intuitivi<\/strong> \u2013 L&#039;interfaccia intuitiva consente una facile configurazione, regolazioni del programma e monitoraggio in tempo reale, riducendo gli errori dell&#039;operatore e ottimizzando l&#039;efficienza del flusso di lavoro.<\/p>\n<\/li>\n<\/ul>\n<p>&nbsp;<\/p>\n<h2>Specifiche<\/h2>\n<table style=\"border-collapse: collapse; width: 1374px; height: 435px;\" border=\"0\" width=\"722\" cellspacing=\"0\" cellpadding=\"0\">\n<tbody>\n<tr style=\"height: 15.00pt;\">\n<td class=\"et2\" style=\"height: 15pt; width: 167.25pt; text-align: center;\" width=\"223\" height=\"20\">Modello<\/td>\n<td class=\"et3\" style=\"width: 184.5pt; text-align: center;\" width=\"246\">YA-101<\/td>\n<td class=\"et4\" style=\"width: 189.75pt; text-align: center;\" width=\"253\">YA-201<\/td>\n<\/tr>\n<tr style=\"height: 15.00pt;\">\n<td class=\"et5\" style=\"height: 15pt; width: 167.25pt; text-align: center;\" width=\"223\" height=\"20\">Ingresso alimentatore componenti<\/td>\n<td class=\"et6\" style=\"width: 184.5pt; text-align: center;\" width=\"246\">10 pezzi (Opzione: 30, 40, 50, 100 pezzi)<\/td>\n<td class=\"et7\" style=\"width: 189.75pt; text-align: center;\" width=\"253\">20 pezzi (Opzione: 30, 40, 50, 100 pezzi)<\/td>\n<\/tr>\n<tr style=\"height: 15.00pt;\">\n<td class=\"et5\" style=\"height: 15pt; width: 167.25pt; text-align: center;\" width=\"223\" height=\"20\">Velocit\u00e0 di inserimento<\/td>\n<td class=\"et6\" style=\"width: 374.25pt; text-align: center;\" colspan=\"2\" width=\"499\">25000CPH, Max 0,12s\/punto (0,14s, 0,16s, 0,18s\/punto modificabili)<\/td>\n<\/tr>\n<tr style=\"height: 15.00pt;\">\n<td class=\"et5\" style=\"height: 15pt; width: 167.25pt; text-align: center;\" width=\"223\" height=\"20\">Intervallo di inserimento<\/td>\n<td class=\"et6\" style=\"width: 374.25pt; text-align: center;\" colspan=\"2\" width=\"499\">Componente: 5~22mm, Jumper<span class=\"font2\">\uff1a<\/span><span class=\"font1\">5~26mm<\/span><\/td>\n<\/tr>\n<tr style=\"height: 15.00pt;\">\n<td class=\"et5\" style=\"height: 15pt; width: 167.25pt; text-align: center;\" width=\"223\" height=\"20\">Recupero dell&#039;inserimento<\/td>\n<td class=\"et6\" style=\"width: 374.25pt; text-align: center;\" colspan=\"2\" width=\"499\">Ripristino automatico<\/td>\n<\/tr>\n<tr style=\"height: 15.00pt;\">\n<td class=\"et5\" style=\"height: 15pt; width: 167.25pt; text-align: center;\" width=\"223\" height=\"20\">Direzione di inserimento<\/td>\n<td class=\"et6\" style=\"width: 374.25pt; text-align: center;\" colspan=\"2\" width=\"499\">Direzione 0~360\u00b0 con incremento di 1\u00b0<\/td>\n<\/tr>\n<tr style=\"height: 15.00pt;\">\n<td class=\"et5\" style=\"height: 15pt; width: 167.25pt; text-align: center;\" width=\"223\" height=\"20\">Precisione di inserimento<\/td>\n<td class=\"et6\" style=\"width: 374.25pt; text-align: center;\" colspan=\"2\" width=\"499\">0,05 mm<\/td>\n<\/tr>\n<tr style=\"height: 15.00pt;\">\n<td class=\"et5\" style=\"height: 15pt; width: 167.25pt; text-align: center;\" width=\"223\" height=\"20\">Dimensioni del PCB<\/td>\n<td class=\"et6\" style=\"width: 374.25pt; text-align: center;\" colspan=\"2\" width=\"499\">50*50~380*380mm<\/td>\n<\/tr>\n<tr style=\"height: 15.00pt;\">\n<td class=\"et5\" style=\"height: 15pt; width: 167.25pt; text-align: center;\" width=\"223\" height=\"20\">Area di inserimento<\/td>\n<td class=\"et6\" style=\"width: 374.25pt; text-align: center;\" colspan=\"2\" width=\"499\">50*50~370*370mm<\/td>\n<\/tr>\n<tr style=\"height: 15.00pt;\">\n<td class=\"et5\" style=\"height: 15pt; width: 167.25pt; text-align: center;\" width=\"223\" height=\"20\">PCB fisso<\/td>\n<td class=\"et6\" style=\"width: 374.25pt; text-align: center;\" colspan=\"2\" width=\"499\">Perno+morsetto<\/td>\n<\/tr>\n<tr style=\"height: 15.00pt;\">\n<td class=\"et5\" style=\"height: 15pt; width: 167.25pt; text-align: center;\" width=\"223\" height=\"20\">Altezza di trasporto<\/td>\n<td class=\"et6\" style=\"width: 374.25pt; text-align: center;\" colspan=\"2\" width=\"499\">900\u00b120mm<\/td>\n<\/tr>\n<tr style=\"height: 15.00pt;\">\n<td class=\"et5\" style=\"height: 15pt; width: 167.25pt; text-align: center;\" width=\"223\" height=\"20\">Tempo di trasporto<\/td>\n<td class=\"et6\" style=\"width: 374.25pt; text-align: center;\" colspan=\"2\" width=\"499\">3-4 anni<\/td>\n<\/tr>\n<tr style=\"height: 15.00pt;\">\n<td class=\"et5\" style=\"height: 15pt; width: 167.25pt; text-align: center;\" width=\"223\" height=\"20\">Alimentazione elettrica<\/td>\n<td class=\"et6\" style=\"width: 374.25pt; text-align: center;\" colspan=\"2\" width=\"499\">1P, 220AC\u00b110%, 50\/60HZ<\/td>\n<\/tr>\n<tr style=\"height: 15.00pt;\">\n<td class=\"et5\" style=\"height: 15pt; width: 167.25pt; text-align: center;\" width=\"223\" height=\"20\">Dimensione<\/td>\n<td class=\"et6\" style=\"width: 374.25pt; text-align: center;\" colspan=\"2\" width=\"499\">L2080*W1750*H1600mm<\/td>\n<\/tr>\n<tr style=\"height: 15.00pt;\">\n<td class=\"et5\" style=\"height: 15pt; width: 167.25pt; text-align: center;\" width=\"223\" height=\"20\">Dimensioni della stazione di alimentazione:<\/td>\n<td class=\"et6\" style=\"width: 374.25pt; text-align: center;\" colspan=\"2\" width=\"499\">10 Alimentatori: 1360*1000*1460mm, 20 Alimentatori: 1860*1000*1460mm, 30 Alimentatori: 2360*1000*1460mm<\/td>\n<\/tr>\n<tr style=\"height: 15.00pt;\">\n<td class=\"et8\" style=\"height: 15pt; width: 167.25pt; text-align: center;\" width=\"223\" height=\"20\">Peso<\/td>\n<td class=\"et9\" style=\"width: 374.25pt; text-align: center;\" colspan=\"2\" width=\"499\">1300 kg<\/td>\n<\/tr>\n<\/tbody>\n<\/table>\n<p>&nbsp;<\/p>\n<p><a href=\"https:\/\/www.youtube.com\/@allaismt\" rel=\"nofollow noopener\" target=\"_blank\"><u>https:\/\/www.youtube.com\/@allaismt<\/u><\/a><\/p>\n<p>Per ulteriori informazioni sulla macchina per l&#039;inserimento di componenti assiali THT YA-101, inviare un&#039;e-mail a<\/p>\n<p><a href=\"mailto:sophia@allaismt.com\"><u>sophia@allaismt.com<\/u><\/a><\/p>\n<p>Risponderemo tempestivamente alla tua richiesta e ti forniremo informazioni dettagliate sui nostri prodotti e servizi.<\/p>\n<p>&nbsp;<\/p>\n<p>&nbsp;<\/p>","protected":false},"excerpt":{"rendered":"<p>Descrizione: Il <strong data-start=\"4\" data-end=\"57\">Macchina per l&#039;inserimento di componenti assiali THT YA-201<\/strong> \u00e8 una soluzione automatizzata ad alta precisione progettata per l&#039;assemblaggio efficiente di PCB through-hole. Inserisce con precisione componenti con terminali assiali come resistori, condensatori e diodi, garantendo un posizionamento uniforme e riducendo gli errori manuali. Dotata di sistemi di alimentazione e posizionamento avanzati, la YA-201 offre prestazioni stabili e affidabili sia in piccoli lotti che in grandi volumi. Il suo design compatto e adatto all&#039;uso su desktop consente una perfetta integrazione nelle linee di produzione o nei laboratori di ricerca e sviluppo, migliorando la produttivit\u00e0 e mantenendo la qualit\u00e0 dell&#039;assemblaggio.<\/p>\n<p>Quantit\u00e0 minima ordinabile: 1 pezzo<\/p>\n<p>Tempi di consegna: 15 giorni<\/p>","protected":false},"featured_media":22890,"comment_status":"closed","ping_status":"closed","template":"","meta":[],"etheme_brands":[],"product_brand":[],"product_cat":[139,138],"product_tag":[],"class_list":{"0":"post-22886","1":"product","2":"type-product","3":"status-publish","4":"has-post-thumbnail","6":"product_cat-axial-insertion-machine","7":"product_cat-tht-machine","9":"first","10":"instock","11":"shipping-taxable","12":"product-type-simple"},"_links":{"self":[{"href":"https:\/\/esmte.com\/it\/wp-json\/wp\/v2\/product\/22886","targetHints":{"allow":["GET"]}}],"collection":[{"href":"https:\/\/esmte.com\/it\/wp-json\/wp\/v2\/product"}],"about":[{"href":"https:\/\/esmte.com\/it\/wp-json\/wp\/v2\/types\/product"}],"replies":[{"embeddable":true,"href":"https:\/\/esmte.com\/it\/wp-json\/wp\/v2\/comments?post=22886"}],"version-history":[{"count":1,"href":"https:\/\/esmte.com\/it\/wp-json\/wp\/v2\/product\/22886\/revisions"}],"predecessor-version":[{"id":22891,"href":"https:\/\/esmte.com\/it\/wp-json\/wp\/v2\/product\/22886\/revisions\/22891"}],"wp:featuredmedia":[{"embeddable":true,"href":"https:\/\/esmte.com\/it\/wp-json\/wp\/v2\/media\/22890"}],"wp:attachment":[{"href":"https:\/\/esmte.com\/it\/wp-json\/wp\/v2\/media?parent=22886"}],"wp:term":[{"taxonomy":"brand","embeddable":true,"href":"https:\/\/esmte.com\/it\/wp-json\/wp\/v2\/etheme_brands?post=22886"},{"taxonomy":"product_brand","embeddable":true,"href":"https:\/\/esmte.com\/it\/wp-json\/wp\/v2\/product_brand?post=22886"},{"taxonomy":"product_cat","embeddable":true,"href":"https:\/\/esmte.com\/it\/wp-json\/wp\/v2\/product_cat?post=22886"},{"taxonomy":"product_tag","embeddable":true,"href":"https:\/\/esmte.com\/it\/wp-json\/wp\/v2\/product_tag?post=22886"}],"curies":[{"name":"parola chiave","href":"https:\/\/api.w.org\/{rel}","templated":true}]}}