{"id":22880,"date":"2025-12-09T06:47:03","date_gmt":"2025-12-09T06:47:03","guid":{"rendered":"https:\/\/esmte.com\/?post_type=product&#038;p=22880"},"modified":"2026-01-27T08:49:00","modified_gmt":"2026-01-27T08:49:00","slug":"ya-101-lead-component-insertion-machine","status":"publish","type":"product","link":"https:\/\/esmte.com\/it\/products\/ya-101-lead-component-insertion-machine\/","title":{"rendered":"Macchina per l&#039;inserimento di componenti assiali THT YA-101"},"content":{"rendered":"<h2>Introduzione<\/h2>\n<p data-start=\"0\" data-end=\"395\">IL <strong data-start=\"4\" data-end=\"57\">Macchina per l&#039;inserimento di componenti assiali THT YA-101<\/strong> \u00e8 una soluzione automatizzata di livello professionale progettata per ottimizzare i processi di assemblaggio di PCB through-hole. Progettata per la moderna produzione elettronica, la YA-101 inserisce in modo efficiente componenti con terminali assiali come resistori, condensatori e diodi con elevata precisione e uniformit\u00e0, garantendo un posizionamento affidabile e riducendo l&#039;errore umano.<\/p>\n<p data-start=\"397\" data-end=\"741\">Dotato di sistemi avanzati di alimentazione e posizionamento dei componenti, <strong data-start=\"4\" data-end=\"57\">Macchina per l&#039;inserimento di componenti assiali THT YA-101<\/strong> Garantisce un allineamento e una profondit\u00e0 di inserimento precisi, mantenendo l&#039;integrit\u00e0 del PCB e prevenendo danni ai componenti. Il suo funzionamento automatizzato supporta sia la produzione in piccoli lotti che in grandi volumi, rendendolo ideale per diverse linee di assemblaggio THT, laboratori di ricerca e sviluppo e centri di riparazione.<\/p>\n<p data-start=\"743\" data-end=\"1032\">Il design compatto ed ergonomico della macchina consente una facile integrazione nei flussi di lavoro di produzione esistenti, senza occupare spazio eccessivo. Inoltre, la sua struttura robusta e la stabile struttura meccanica garantiscono affidabilit\u00e0 a lungo termine, manutenzione minima e funzionamento privo di vibrazioni.<\/p>\n<p data-start=\"1034\" data-end=\"1377\" data-is-last-node=\"\" data-is-only-node=\"\">Con il <strong data-start=\"1043\" data-end=\"1096\">Macchina per l&#039;inserimento di componenti assiali THT YA-101<\/strong>, i produttori possono ottenere cicli di assemblaggio pi\u00f9 rapidi, una maggiore produttivit\u00e0 e una qualit\u00e0 costante per gli assemblaggi PCB through-hole. La sua combinazione di precisione, efficienza e semplicit\u00e0 d&#039;uso lo rende uno strumento indispensabile per la moderna produzione automatizzata di componenti elettronici THT.<\/p>\n<p style=\"text-align: center;\" data-start=\"1034\" data-end=\"1377\" data-is-last-node=\"\" data-is-only-node=\"\"><img loading=\"lazy\" decoding=\"async\" class=\"alignnone wp-image-22882\" src=\"https:\/\/esmte.com\/wp-content\/uploads\/2025\/12\/11-29.webp\" alt=\"THT Axial Lead Component Insertion Machine\" width=\"524\" height=\"598\" srcset=\"https:\/\/esmte.com\/wp-content\/uploads\/2025\/12\/11-29.webp 1793w, https:\/\/esmte.com\/wp-content\/uploads\/2025\/12\/11-29-600x684.webp 600w, https:\/\/esmte.com\/wp-content\/uploads\/2025\/12\/11-29-263x300.webp 263w, https:\/\/esmte.com\/wp-content\/uploads\/2025\/12\/11-29-898x1024.webp 898w, https:\/\/esmte.com\/wp-content\/uploads\/2025\/12\/11-29-768x876.webp 768w, https:\/\/esmte.com\/wp-content\/uploads\/2025\/12\/11-29-1347x1536.webp 1347w, https:\/\/esmte.com\/wp-content\/uploads\/2025\/12\/11-29-1x1.webp 1w, https:\/\/esmte.com\/wp-content\/uploads\/2025\/12\/11-29-10x10.webp 10w\" sizes=\"auto, (max-width: 524px) 100vw, 524px\" \/><\/p>\n<h3>Caratteristiche principali<\/h3>\n<ul>\n<li data-start=\"73\" data-end=\"229\">\n<p data-start=\"76\" data-end=\"229\"><strong data-start=\"76\" data-end=\"110\">Inserimento automatico ad alta velocit\u00e0<\/strong> \u2013 In grado di posizionare rapidamente componenti con conduttori assiali, migliorando significativamente la produttivit\u00e0 delle linee di produzione di PCB THT.<\/p>\n<\/li>\n<li data-start=\"231\" data-end=\"393\">\n<p data-start=\"234\" data-end=\"393\"><strong data-start=\"234\" data-end=\"264\">Sistema di allineamento di precisione<\/strong> \u2013 I sensori integrati e i meccanismi di guida garantiscono il posizionamento esatto dei componenti, prevenendo disallineamenti e difetti di saldatura.<\/p>\n<\/li>\n<li data-start=\"395\" data-end=\"567\">\n<p data-start=\"398\" data-end=\"567\"><strong data-start=\"398\" data-end=\"429\">Gestione flessibile dei componenti<\/strong> \u2013 Si adatta a vari diametri e lunghezze di componenti con conduttori assiali, garantendo versatilit\u00e0 per diverse progettazioni di PCB ed esigenze di produzione.<\/p>\n<\/li>\n<li data-start=\"569\" data-end=\"731\">\n<p data-start=\"572\" data-end=\"731\"><strong data-start=\"572\" data-end=\"603\">Design desktop salvaspazio<\/strong> \u2013 L&#039;ingombro ridotto consente l&#039;installazione in spazi di lavoro limitati, garantendo al contempo una facile accessibilit\u00e0 per gli operatori.<\/p>\n<\/li>\n<li data-start=\"733\" data-end=\"897\">\n<p data-start=\"736\" data-end=\"897\"><strong data-start=\"736\" data-end=\"765\">Costruzione robusta e affidabile<\/strong> \u2013 Progettato con materiali robusti e meccanica stabile per garantire un funzionamento costante e senza vibrazioni e una lunga durata.<\/p>\n<\/li>\n<li data-start=\"899\" data-end=\"1070\" data-is-last-node=\"\">\n<p data-start=\"902\" data-end=\"1070\" data-is-last-node=\"\"><strong data-start=\"902\" data-end=\"937\">Pannello di controllo intuitivo<\/strong> \u2013 L&#039;interfaccia intuitiva semplifica la configurazione, la programmazione e il monitoraggio, riducendo l&#039;errore umano e supportando un flusso di lavoro di produzione fluido.<\/p>\n<\/li>\n<\/ul>\n<p>&nbsp;<\/p>\n<h2>Specifiche<\/h2>\n<table style=\"border-collapse: collapse; width: 1373px; height: 446px;\" border=\"0\" width=\"722\" cellspacing=\"0\" cellpadding=\"0\">\n<tbody>\n<tr style=\"height: 15.00pt;\">\n<td class=\"et2\" style=\"height: 15pt; width: 167.25pt; text-align: center;\" width=\"223\" height=\"20\">Modello<\/td>\n<td class=\"et3\" style=\"width: 184.5pt; text-align: center;\" width=\"246\">YA-101<\/td>\n<td class=\"et4\" style=\"width: 189.75pt; text-align: center;\" width=\"253\">YA-201<\/td>\n<\/tr>\n<tr style=\"height: 15.00pt;\">\n<td class=\"et5\" style=\"height: 15pt; width: 167.25pt; text-align: center;\" width=\"223\" height=\"20\">Ingresso alimentatore componenti<\/td>\n<td class=\"et6\" style=\"width: 184.5pt; text-align: center;\" width=\"246\">10 pezzi (Opzione: 30, 40, 50, 100 pezzi)<\/td>\n<td class=\"et7\" style=\"width: 189.75pt; text-align: center;\" width=\"253\">20 pezzi (Opzione: 30, 40, 50, 100 pezzi)<\/td>\n<\/tr>\n<tr style=\"height: 15.00pt;\">\n<td class=\"et5\" style=\"height: 15pt; width: 167.25pt; text-align: center;\" width=\"223\" height=\"20\">Velocit\u00e0 di inserimento<\/td>\n<td class=\"et6\" style=\"width: 374.25pt; text-align: center;\" colspan=\"2\" width=\"499\">25000CPH, Max 0,12s\/punto (0,14s, 0,16s, 0,18s\/punto modificabili)<\/td>\n<\/tr>\n<tr style=\"height: 15.00pt;\">\n<td class=\"et5\" style=\"height: 15pt; width: 167.25pt; text-align: center;\" width=\"223\" height=\"20\">Intervallo di inserimento<\/td>\n<td class=\"et6\" style=\"width: 374.25pt; text-align: center;\" colspan=\"2\" width=\"499\">Componente: 5~22mm, Jumper<span class=\"font2\">\uff1a<\/span><span class=\"font1\">5~26mm<\/span><\/td>\n<\/tr>\n<tr style=\"height: 15.00pt;\">\n<td class=\"et5\" style=\"height: 15pt; width: 167.25pt; text-align: center;\" width=\"223\" height=\"20\">Recupero dell&#039;inserimento<\/td>\n<td class=\"et6\" style=\"width: 374.25pt; text-align: center;\" colspan=\"2\" width=\"499\">Ripristino automatico<\/td>\n<\/tr>\n<tr style=\"height: 15.00pt;\">\n<td class=\"et5\" style=\"height: 15pt; width: 167.25pt; text-align: center;\" width=\"223\" height=\"20\">Direzione di inserimento<\/td>\n<td class=\"et6\" style=\"width: 374.25pt; text-align: center;\" colspan=\"2\" width=\"499\">Direzione 0~360\u00b0 con incremento di 1\u00b0<\/td>\n<\/tr>\n<tr style=\"height: 15.00pt;\">\n<td class=\"et5\" style=\"height: 15pt; width: 167.25pt; text-align: center;\" width=\"223\" height=\"20\">Precisione di inserimento<\/td>\n<td class=\"et6\" style=\"width: 374.25pt; text-align: center;\" colspan=\"2\" width=\"499\">0,05 mm<\/td>\n<\/tr>\n<tr style=\"height: 15.00pt;\">\n<td class=\"et5\" style=\"height: 15pt; width: 167.25pt; text-align: center;\" width=\"223\" height=\"20\">Dimensioni del PCB<\/td>\n<td class=\"et6\" style=\"width: 374.25pt; text-align: center;\" colspan=\"2\" width=\"499\">50*50~380*380mm<\/td>\n<\/tr>\n<tr style=\"height: 15.00pt;\">\n<td class=\"et5\" style=\"height: 15pt; width: 167.25pt; text-align: center;\" width=\"223\" height=\"20\">Area di inserimento<\/td>\n<td class=\"et6\" style=\"width: 374.25pt; text-align: center;\" colspan=\"2\" width=\"499\">50*50~370*370mm<\/td>\n<\/tr>\n<tr style=\"height: 15.00pt;\">\n<td class=\"et5\" style=\"height: 15pt; width: 167.25pt; text-align: center;\" width=\"223\" height=\"20\">PCB fisso<\/td>\n<td class=\"et6\" style=\"width: 374.25pt; text-align: center;\" colspan=\"2\" width=\"499\">Perno+morsetto<\/td>\n<\/tr>\n<tr style=\"height: 15.00pt;\">\n<td class=\"et5\" style=\"height: 15pt; width: 167.25pt; text-align: center;\" width=\"223\" height=\"20\">Altezza di trasporto<\/td>\n<td class=\"et6\" style=\"width: 374.25pt; text-align: center;\" colspan=\"2\" width=\"499\">900\u00b120mm<\/td>\n<\/tr>\n<tr style=\"height: 15.00pt;\">\n<td class=\"et5\" style=\"height: 15pt; width: 167.25pt; text-align: center;\" width=\"223\" height=\"20\">Tempo di trasporto<\/td>\n<td class=\"et6\" style=\"width: 374.25pt; text-align: center;\" colspan=\"2\" width=\"499\">3-4 anni<\/td>\n<\/tr>\n<tr style=\"height: 15.00pt;\">\n<td class=\"et5\" style=\"height: 15pt; width: 167.25pt; text-align: center;\" width=\"223\" height=\"20\">Alimentazione elettrica<\/td>\n<td class=\"et6\" style=\"width: 374.25pt; text-align: center;\" colspan=\"2\" width=\"499\">1P, 220AC\u00b110%, 50\/60HZ<\/td>\n<\/tr>\n<tr style=\"height: 15.00pt;\">\n<td class=\"et5\" style=\"height: 15pt; width: 167.25pt; text-align: center;\" width=\"223\" height=\"20\">Dimensione<\/td>\n<td class=\"et6\" style=\"width: 374.25pt; text-align: center;\" colspan=\"2\" width=\"499\">L2080*W1750*H1600mm<\/td>\n<\/tr>\n<tr style=\"height: 15.00pt;\">\n<td class=\"et5\" style=\"height: 15pt; width: 167.25pt; text-align: center;\" width=\"223\" height=\"20\">Dimensioni della stazione di alimentazione:<\/td>\n<td class=\"et6\" style=\"width: 374.25pt; text-align: center;\" colspan=\"2\" width=\"499\">10 Alimentatori: 1360*1000*1460mm, 20 Alimentatori: 1860*1000*1460mm, 30 Alimentatori: 2360*1000*1460mm<\/td>\n<\/tr>\n<tr style=\"height: 15.00pt;\">\n<td class=\"et8\" style=\"height: 15pt; width: 167.25pt; text-align: center;\" width=\"223\" height=\"20\">Peso<\/td>\n<td class=\"et9\" style=\"width: 374.25pt; text-align: center;\" colspan=\"2\" width=\"499\">1300 kg<\/td>\n<\/tr>\n<\/tbody>\n<\/table>\n<p>&nbsp;<\/p>\n<p><a href=\"https:\/\/www.youtube.com\/@allaismt\" rel=\"nofollow noopener\" target=\"_blank\"><u>https:\/\/www.youtube.com\/@allaismt<\/u><\/a><\/p>\n<p>Per ulteriori informazioni sulla macchina per l&#039;inserimento di componenti assiali THT YA-101, inviare un&#039;e-mail a<\/p>\n<p><a href=\"mailto:sophia@allaismt.com\"><u>sophia@allaismt.com<\/u><\/a><\/p>\n<p>Risponderemo tempestivamente alla tua richiesta e ti forniremo informazioni dettagliate sui nostri prodotti e servizi.<\/p>\n<p>&nbsp;<\/p>\n<p>&nbsp;<\/p>","protected":false},"excerpt":{"rendered":"<p>Descrizione: Il <strong data-start=\"4\" data-end=\"57\">Macchina per l&#039;inserimento di componenti assiali THT YA-101<\/strong> \u00e8 una soluzione automatizzata ad alta precisione progettata per l&#039;inserimento efficiente di componenti con terminali assiali nell&#039;assemblaggio di PCB. Dotata di sistemi avanzati di alimentazione e posizionamento, garantisce un posizionamento accurato e uniforme di resistori, condensatori e altri componenti passanti. Il suo design compatto consente una perfetta integrazione in linee di produzione o workstation desktop, migliorando al contempo la velocit\u00e0 di assemblaggio, riducendo il lavoro manuale e riducendo al minimo gli errori. La YA-101 offre prestazioni affidabili per ambienti di produzione di PCB THT ad alto mix e ad alto volume.<\/p>\n<p>Quantit\u00e0 minima ordinabile: 1 pezzo<\/p>\n<p>Tempi di consegna: 15 giorni<\/p>","protected":false},"featured_media":22892,"comment_status":"closed","ping_status":"closed","template":"","meta":[],"etheme_brands":[],"product_brand":[],"product_cat":[139,138],"product_tag":[],"class_list":{"0":"post-22880","1":"product","2":"type-product","3":"status-publish","4":"has-post-thumbnail","6":"product_cat-axial-insertion-machine","7":"product_cat-tht-machine","9":"first","10":"instock","11":"shipping-taxable","12":"product-type-simple"},"_links":{"self":[{"href":"https:\/\/esmte.com\/it\/wp-json\/wp\/v2\/product\/22880","targetHints":{"allow":["GET"]}}],"collection":[{"href":"https:\/\/esmte.com\/it\/wp-json\/wp\/v2\/product"}],"about":[{"href":"https:\/\/esmte.com\/it\/wp-json\/wp\/v2\/types\/product"}],"replies":[{"embeddable":true,"href":"https:\/\/esmte.com\/it\/wp-json\/wp\/v2\/comments?post=22880"}],"version-history":[{"count":1,"href":"https:\/\/esmte.com\/it\/wp-json\/wp\/v2\/product\/22880\/revisions"}],"predecessor-version":[{"id":22894,"href":"https:\/\/esmte.com\/it\/wp-json\/wp\/v2\/product\/22880\/revisions\/22894"}],"wp:featuredmedia":[{"embeddable":true,"href":"https:\/\/esmte.com\/it\/wp-json\/wp\/v2\/media\/22892"}],"wp:attachment":[{"href":"https:\/\/esmte.com\/it\/wp-json\/wp\/v2\/media?parent=22880"}],"wp:term":[{"taxonomy":"brand","embeddable":true,"href":"https:\/\/esmte.com\/it\/wp-json\/wp\/v2\/etheme_brands?post=22880"},{"taxonomy":"product_brand","embeddable":true,"href":"https:\/\/esmte.com\/it\/wp-json\/wp\/v2\/product_brand?post=22880"},{"taxonomy":"product_cat","embeddable":true,"href":"https:\/\/esmte.com\/it\/wp-json\/wp\/v2\/product_cat?post=22880"},{"taxonomy":"product_tag","embeddable":true,"href":"https:\/\/esmte.com\/it\/wp-json\/wp\/v2\/product_tag?post=22880"}],"curies":[{"name":"parola chiave","href":"https:\/\/api.w.org\/{rel}","templated":true}]}}