{"id":22713,"date":"2025-12-03T06:22:28","date_gmt":"2025-12-03T06:22:28","guid":{"rendered":"https:\/\/esmte.com\/?post_type=product&#038;p=22713"},"modified":"2026-01-13T03:51:27","modified_gmt":"2026-01-13T03:51:27","slug":"tray-cleaning-machine","status":"publish","type":"product","link":"https:\/\/esmte.com\/it\/products\/tray-cleaning-machine\/","title":{"rendered":"SMT Tray Cleaning Machine"},"content":{"rendered":"<h2>Introduzione<\/h2>\n<p data-start=\"58\" data-end=\"527\">IL <strong>SMT<\/strong> <strong>Macchina per la pulizia dei vassoi<\/strong> \u00c8 progettata per soddisfare i severi requisiti di pulizia dei moderni ambienti SMT e dei semiconduttori, garantendo che ogni vassoio venga rimesso in produzione in uno stato privo di contaminazione. Costruita con una robusta struttura meccanica e un modulo di pulizia allineato con precisione, la macchina per la pulizia dei vassoi offre prestazioni stabili anche in funzionamento continuo. Il suo flusso di lavoro automatizzato riduce significativamente il lavoro manuale, accorcia i tempi di preparazione e migliora l&#039;efficienza complessiva della linea.<\/p>\n<p data-start=\"529\" data-end=\"931\">Il cuore del sistema \u00e8 un meccanismo intelligente di estrazione della polvere che combina la spazzolatura a contatto morbido, il flusso d&#039;aria controllato e l&#039;aspirazione di particelle fini per rimuovere i detriti senza graffiare o deformare i vassoi. <strong>SMT<\/strong> <strong>Macchina per la pulizia dei vassoi<\/strong> supporta inoltre un&#039;ampia gamma di dimensioni di vassoi, rendendolo compatibile con diversi materiali e applicazioni nell&#039;assemblaggio di componenti elettronici, nel confezionamento di componenti e nella movimentazione in camera bianca.<\/p>\n<p data-start=\"933\" data-end=\"1306\" data-is-last-node=\"\" data-is-only-node=\"\">Progettato pensando alla manutenzione conveniente, il <strong>SMT<\/strong> <strong>Macchina per la pulizia dei vassoi<\/strong> \u00c8 accessibile senza attrezzi e utilizza materiali di consumo a lunga durata, aiutando gli utenti a ridurre al minimo i tempi di fermo. Grazie alla sua attenzione alla qualit\u00e0 di pulizia costante, all&#039;affidabilit\u00e0 e alla semplicit\u00e0 operativa, la macchina per la pulizia dei vassoi rappresenta una soluzione pratica per i produttori che desiderano migliorare la resa del prodotto e mantenere processi produttivi pi\u00f9 puliti.<\/p>\n<p data-start=\"933\" data-end=\"1306\" data-is-last-node=\"\" data-is-only-node=\"\"><img loading=\"lazy\" decoding=\"async\" class=\"aligncenter wp-image-22714\" src=\"https:\/\/esmte.com\/wp-content\/uploads\/2025\/12\/11.png\" alt=\"SMT Tray Cleaning Machine\" width=\"645\" height=\"645\" srcset=\"https:\/\/esmte.com\/wp-content\/uploads\/2025\/12\/11.png 2560w, https:\/\/esmte.com\/wp-content\/uploads\/2025\/12\/11-100x100.png 100w, https:\/\/esmte.com\/wp-content\/uploads\/2025\/12\/11-600x600.png 600w, https:\/\/esmte.com\/wp-content\/uploads\/2025\/12\/11-300x300.png 300w, https:\/\/esmte.com\/wp-content\/uploads\/2025\/12\/11-1024x1024.png 1024w, https:\/\/esmte.com\/wp-content\/uploads\/2025\/12\/11-150x150.png 150w, https:\/\/esmte.com\/wp-content\/uploads\/2025\/12\/11-768x768.png 768w, https:\/\/esmte.com\/wp-content\/uploads\/2025\/12\/11-1536x1536.png 1536w, https:\/\/esmte.com\/wp-content\/uploads\/2025\/12\/11-2048x2048.png 2048w, https:\/\/esmte.com\/wp-content\/uploads\/2025\/12\/11-1x1.png 1w, https:\/\/esmte.com\/wp-content\/uploads\/2025\/12\/11-10x10.png 10w\" sizes=\"auto, (max-width: 645px) 100vw, 645px\" \/><\/p>\n<h3>Caratteristiche principali<\/h3>\n<ul>\n<li data-start=\"46\" data-end=\"327\">\n<p data-start=\"49\" data-end=\"327\"><strong data-start=\"49\" data-end=\"79\">Rimozione di particelle di precisione<\/strong><br data-start=\"79\" data-end=\"82\" \/>La macchina integra un flusso d&#039;aria controllato, una spazzolatura a contatto morbido e un&#039;aspirazione mirata per rimuovere polvere fine, fibre e microdetriti senza danneggiare le superfici del vassoio, garantendo una pulizia stabile per applicazioni SMT e semiconduttori sensibili.<\/p>\n<\/li>\n<li data-start=\"329\" data-end=\"570\">\n<p data-start=\"332\" data-end=\"570\"><strong data-start=\"332\" data-end=\"359\">Ampia compatibilit\u00e0 con i vassoi<\/strong><br data-start=\"359\" data-end=\"362\" \/>Progettato per adattarsi a vassoi di varie dimensioni e materiali, supporta un rapido cambio di modello, consentendo un utilizzo flessibile in ambienti di produzione misti e riducendo i tempi di fermo negli stabilimenti ad alto volume.<\/p>\n<\/li>\n<li data-start=\"572\" data-end=\"831\">\n<p data-start=\"575\" data-end=\"831\"><strong data-start=\"575\" data-end=\"610\">Prestazioni di pulizia costanti<\/strong><br data-start=\"610\" data-end=\"613\" \/>Dotato di una struttura rigida e di un percorso di pulizia ottimizzato, mantiene una forza uniforme e una qualit\u00e0 di pulizia ripetibile, aiutando i produttori a ottenere un controllo affidabile della contaminazione durante l&#039;intero processo.<\/p>\n<\/li>\n<li data-start=\"833\" data-end=\"1081\">\n<p data-start=\"836\" data-end=\"1081\"><strong data-start=\"836\" data-end=\"869\">Efficienza del flusso di lavoro automatizzato<\/strong><br data-start=\"869\" data-end=\"872\" \/>La sequenza completamente automatica di alimentazione, pulizia e produzione riduce al minimo la movimentazione manuale. Ci\u00f2 aumenta la produttivit\u00e0 della linea, riduce la necessit\u00e0 di manodopera e mantiene la produzione fluida in operazioni continue.<\/p>\n<\/li>\n<li data-start=\"1083\" data-end=\"1318\">\n<p data-start=\"1086\" data-end=\"1318\"><strong data-start=\"1086\" data-end=\"1112\">Progettazione a bassa manutenzione<\/strong><br data-start=\"1112\" data-end=\"1115\" \/>Dotata di componenti durevoli, pannelli di facile accesso e materiali di consumo a lunga durata, la macchina semplifica la manutenzione di routine. Gli operatori possono eseguire ispezioni e sostituzioni rapide con interruzioni minime.<\/p>\n<\/li>\n<li data-start=\"1320\" data-end=\"1562\" data-is-last-node=\"\">\n<p data-start=\"1323\" data-end=\"1562\" data-is-last-node=\"\"><strong data-start=\"1323\" data-end=\"1355\">Funzionamento compatibile con le camere bianche<\/strong><br data-start=\"1355\" data-end=\"1358\" \/>La zona di pulizia chiusa e l&#039;efficiente sistema di aspirazione della polvere riducono le particelle sospese nell&#039;aria, favorendo ambienti di lavoro pi\u00f9 puliti e migliorando la resa complessiva del prodotto per le linee di produzione di precisione.<\/p>\n<\/li>\n<\/ul>\n<p>&nbsp;<\/p>\n<p><img loading=\"lazy\" decoding=\"async\" class=\"alignnone wp-image-23003\" src=\"https:\/\/esmte.com\/wp-content\/uploads\/2025\/12\/Tray1.webp\" alt=\"\" width=\"310\" height=\"310\" srcset=\"https:\/\/esmte.com\/wp-content\/uploads\/2025\/12\/Tray1.webp 1560w, https:\/\/esmte.com\/wp-content\/uploads\/2025\/12\/Tray1-100x100.webp 100w, https:\/\/esmte.com\/wp-content\/uploads\/2025\/12\/Tray1-600x600.webp 600w, https:\/\/esmte.com\/wp-content\/uploads\/2025\/12\/Tray1-300x300.webp 300w, https:\/\/esmte.com\/wp-content\/uploads\/2025\/12\/Tray1-1024x1024.webp 1024w, https:\/\/esmte.com\/wp-content\/uploads\/2025\/12\/Tray1-150x150.webp 150w, https:\/\/esmte.com\/wp-content\/uploads\/2025\/12\/Tray1-768x768.webp 768w, https:\/\/esmte.com\/wp-content\/uploads\/2025\/12\/Tray1-1536x1536.webp 1536w, https:\/\/esmte.com\/wp-content\/uploads\/2025\/12\/Tray1-1x1.webp 1w, https:\/\/esmte.com\/wp-content\/uploads\/2025\/12\/Tray1-10x10.webp 10w\" sizes=\"auto, (max-width: 310px) 100vw, 310px\" \/><img loading=\"lazy\" decoding=\"async\" class=\"alignnone wp-image-23005\" src=\"https:\/\/esmte.com\/wp-content\/uploads\/2025\/12\/Tray3.webp\" alt=\"\" width=\"294\" height=\"294\" srcset=\"https:\/\/esmte.com\/wp-content\/uploads\/2025\/12\/Tray3.webp 1560w, https:\/\/esmte.com\/wp-content\/uploads\/2025\/12\/Tray3-100x100.webp 100w, https:\/\/esmte.com\/wp-content\/uploads\/2025\/12\/Tray3-600x600.webp 600w, https:\/\/esmte.com\/wp-content\/uploads\/2025\/12\/Tray3-300x300.webp 300w, https:\/\/esmte.com\/wp-content\/uploads\/2025\/12\/Tray3-1024x1024.webp 1024w, https:\/\/esmte.com\/wp-content\/uploads\/2025\/12\/Tray3-150x150.webp 150w, https:\/\/esmte.com\/wp-content\/uploads\/2025\/12\/Tray3-768x768.webp 768w, https:\/\/esmte.com\/wp-content\/uploads\/2025\/12\/Tray3-1536x1536.webp 1536w, https:\/\/esmte.com\/wp-content\/uploads\/2025\/12\/Tray3-1x1.webp 1w, https:\/\/esmte.com\/wp-content\/uploads\/2025\/12\/Tray3-10x10.webp 10w\" sizes=\"auto, (max-width: 294px) 100vw, 294px\" \/><img loading=\"lazy\" decoding=\"async\" class=\"alignnone wp-image-23004\" src=\"https:\/\/esmte.com\/wp-content\/uploads\/2025\/12\/Tray2.webp\" alt=\"\" width=\"298\" height=\"298\" srcset=\"https:\/\/esmte.com\/wp-content\/uploads\/2025\/12\/Tray2.webp 1560w, https:\/\/esmte.com\/wp-content\/uploads\/2025\/12\/Tray2-100x100.webp 100w, https:\/\/esmte.com\/wp-content\/uploads\/2025\/12\/Tray2-600x600.webp 600w, https:\/\/esmte.com\/wp-content\/uploads\/2025\/12\/Tray2-300x300.webp 300w, https:\/\/esmte.com\/wp-content\/uploads\/2025\/12\/Tray2-1024x1024.webp 1024w, https:\/\/esmte.com\/wp-content\/uploads\/2025\/12\/Tray2-150x150.webp 150w, https:\/\/esmte.com\/wp-content\/uploads\/2025\/12\/Tray2-768x768.webp 768w, https:\/\/esmte.com\/wp-content\/uploads\/2025\/12\/Tray2-1536x1536.webp 1536w, https:\/\/esmte.com\/wp-content\/uploads\/2025\/12\/Tray2-1x1.webp 1w, https:\/\/esmte.com\/wp-content\/uploads\/2025\/12\/Tray2-10x10.webp 10w\" sizes=\"auto, (max-width: 298px) 100vw, 298px\" \/><\/p>\n<p>&nbsp;<\/p>\n<h2>Specifiche<\/h2>\n<table style=\"border-collapse: collapse; width: 923px; height: 425px;\" border=\"0\" width=\"469\" cellspacing=\"0\" cellpadding=\"0\">\n<tbody>\n<tr style=\"height: 15.00pt;\">\n<td class=\"et2\" style=\"height: 15pt; width: 132.75pt; text-align: center;\" width=\"177\" height=\"20\">Articolo<\/td>\n<td class=\"et3\" style=\"width: 219pt; text-align: center;\" width=\"292\">YC-1000<\/td>\n<\/tr>\n<tr style=\"height: 20.00pt;\">\n<td class=\"et4\" style=\"height: 20pt; width: 132.75pt; text-align: center;\" width=\"177\" height=\"26\">Dimensioni del cestello di pulizia<\/td>\n<td class=\"et5\" style=\"width: 219pt; text-align: center;\" width=\"292\">\u03a61000mm x H 200mm. Opzione di dimensioni speciali<\/td>\n<\/tr>\n<tr style=\"height: 15.00pt;\">\n<td class=\"et4\" style=\"height: 15pt; width: 132.75pt; text-align: center;\" width=\"177\" height=\"20\">Unit\u00e0 di spruzzatura<\/td>\n<td class=\"et5\" style=\"width: 219pt; text-align: center;\" width=\"292\">\u03a61000mm x H 200mm. Opzione di dimensioni speciali<\/td>\n<\/tr>\n<tr style=\"height: 20.00pt;\">\n<td class=\"et4\" style=\"height: 20pt; width: 132.75pt; text-align: center;\" width=\"177\" height=\"26\">Unit\u00e0 di spruzzatura<\/td>\n<td class=\"et5\" style=\"width: 219pt; text-align: center;\" width=\"292\">Lato superiore\/inferiore\/anteriore, spruzzo a 720\u00b0<\/td>\n<\/tr>\n<tr style=\"height: 15.00pt;\">\n<td class=\"et4\" style=\"height: 15pt; width: 132.75pt; text-align: center;\" width=\"177\" height=\"20\">Sistema di filtraggio a 3 livelli<\/td>\n<td class=\"et5\" style=\"width: 219pt; text-align: center;\" width=\"292\">Filtri da 1 mm\/50 \u00b5m\/20 \u00b5m<\/td>\n<\/tr>\n<tr style=\"height: 15.00pt;\">\n<td class=\"et4\" style=\"height: 15pt; width: 132.75pt; text-align: center;\" width=\"177\" height=\"20\">Pressione dell&#039;aria compressa<\/td>\n<td class=\"et5\" style=\"width: 219pt; text-align: center;\" width=\"292\">0,5~0,7 MPa<\/td>\n<\/tr>\n<tr style=\"height: 15.00pt;\">\n<td class=\"et4\" style=\"height: 15pt; width: 132.75pt; text-align: center;\" width=\"177\" height=\"20\">Capacit\u00e0 del serbatoio pulito<\/td>\n<td class=\"et5\" style=\"width: 219pt; text-align: center;\" width=\"292\">80L<\/td>\n<\/tr>\n<tr style=\"height: 15.00pt;\">\n<td class=\"et4\" style=\"height: 15pt; width: 132.75pt; text-align: center;\" width=\"177\" height=\"20\">Temperatura del calore dell&#039;acqua di risciacquo<\/td>\n<td class=\"et5\" style=\"width: 219pt; text-align: center;\" width=\"292\"><span class=\"font1\">Temperatura ambiente~80<\/span><span class=\"font0\">\u2103<\/span><\/td>\n<\/tr>\n<tr style=\"height: 15.00pt;\">\n<td class=\"et4\" style=\"height: 15pt; width: 132.75pt; text-align: center;\" width=\"177\" height=\"20\">Temperatura di riscaldamento dell&#039;aria calda<\/td>\n<td class=\"et5\" style=\"width: 219pt; text-align: center;\" width=\"292\"><span class=\"font1\">Temperatura ambiente~90<\/span><span class=\"font0\">\u2103<\/span><\/td>\n<\/tr>\n<tr style=\"height: 15.00pt;\">\n<td class=\"et4\" style=\"height: 15pt; width: 132.75pt; text-align: center;\" width=\"177\" height=\"20\">Potenza della pompa pulita<\/td>\n<td class=\"et5\" style=\"width: 219pt; text-align: center;\" width=\"292\">2,2 kW<\/td>\n<\/tr>\n<tr style=\"height: 15.00pt;\">\n<td class=\"et4\" style=\"height: 15pt; width: 132.75pt; text-align: center;\" width=\"177\" height=\"20\">Potere detergente pulito<\/td>\n<td class=\"et5\" style=\"width: 219pt; text-align: center;\" width=\"292\">9KW<\/td>\n<\/tr>\n<tr style=\"height: 15.00pt;\">\n<td class=\"et4\" style=\"height: 15pt; width: 132.75pt; text-align: center;\" width=\"177\" height=\"20\">Potenza del soffiatore d&#039;aria<\/td>\n<td class=\"et5\" style=\"width: 219pt; text-align: center;\" width=\"292\">4,0 kW<\/td>\n<\/tr>\n<tr style=\"height: 15.00pt;\">\n<td class=\"et4\" style=\"height: 15pt; width: 132.75pt; text-align: center;\" width=\"177\" height=\"20\">Alimentazione elettrica<\/td>\n<td class=\"et5\" style=\"width: 219pt; text-align: center;\" width=\"292\">3 P, CA 380 V, 50\/60 Hz, 33 kW<\/td>\n<\/tr>\n<tr style=\"height: 15.00pt;\">\n<td class=\"et6\" style=\"height: 15pt; width: 132.75pt; text-align: center;\" width=\"177\" height=\"20\">Dimensioni della macchina<\/td>\n<td class=\"et7\" style=\"width: 219pt; text-align: center;\" width=\"292\">L1380 x P2100 x A 1400 (mm)<\/td>\n<\/tr>\n<\/tbody>\n<\/table>\n<p>&nbsp;<\/p>\n<p><a href=\"https:\/\/www.youtube.com\/@allaismt\" rel=\"nofollow noopener\" target=\"_blank\"><u>https:\/\/www.youtube.com\/@allaismt<\/u><\/a><\/p>\n<p>For more information about the <strong>SMT Tray Cleaning Machine<\/strong>, si prega di inviare una e-mail a<\/p>\n<p><a href=\"mailto:sophia@allaismt.com\"><u>sophia@allaismt.com<\/u><\/a><\/p>\n<p>Risponderemo tempestivamente alla tua richiesta e ti forniremo informazioni dettagliate sui nostri prodotti e servizi.<\/p>","protected":false},"excerpt":{"rendered":"<p>Descrizione: Il <strong>SMT<\/strong> <strong>Macchina per la pulizia dei vassoi<\/strong> \u00e8 progettato per offrire prestazioni di pulizia rapide, costanti e ad alta precisione per vassoi di assemblaggio SMT, semiconduttori ed elettronica. Utilizzando la tecnologia automatizzata di spazzolatura, flusso d&#039;aria ed estrazione delle particelle, rimuove efficacemente polvere, fibre e residui senza danneggiare la superficie. La sua struttura stabile, il design di facile manutenzione e il supporto per vassoi di diverse dimensioni lo rendono ideale per la produzione ad alto volume. Questa macchina aiuta i produttori a mantenere i vassoi puliti, ridurre i rischi di contaminazione e garantire una qualit\u00e0 del prodotto costante durante l&#039;intero processo.<\/p>\n<p>Quantit\u00e0 minima ordinabile: 1 pezzo<\/p>\n<p>Tempi di consegna: 15 giorni<\/p>","protected":false},"featured_media":22717,"comment_status":"closed","ping_status":"closed","template":"","meta":[],"etheme_brands":[],"product_brand":[],"product_cat":[156,195],"product_tag":[],"class_list":{"0":"post-22713","1":"product","2":"type-product","3":"status-publish","4":"has-post-thumbnail","6":"product_cat-pcb-cleaning-machine","7":"product_cat-tray-cleaning-machine-pcb-cleaning-machine","9":"first","10":"instock","11":"shipping-taxable","12":"product-type-simple"},"_links":{"self":[{"href":"https:\/\/esmte.com\/it\/wp-json\/wp\/v2\/product\/22713","targetHints":{"allow":["GET"]}}],"collection":[{"href":"https:\/\/esmte.com\/it\/wp-json\/wp\/v2\/product"}],"about":[{"href":"https:\/\/esmte.com\/it\/wp-json\/wp\/v2\/types\/product"}],"replies":[{"embeddable":true,"href":"https:\/\/esmte.com\/it\/wp-json\/wp\/v2\/comments?post=22713"}],"version-history":[{"count":1,"href":"https:\/\/esmte.com\/it\/wp-json\/wp\/v2\/product\/22713\/revisions"}],"predecessor-version":[{"id":23750,"href":"https:\/\/esmte.com\/it\/wp-json\/wp\/v2\/product\/22713\/revisions\/23750"}],"wp:featuredmedia":[{"embeddable":true,"href":"https:\/\/esmte.com\/it\/wp-json\/wp\/v2\/media\/22717"}],"wp:attachment":[{"href":"https:\/\/esmte.com\/it\/wp-json\/wp\/v2\/media?parent=22713"}],"wp:term":[{"taxonomy":"brand","embeddable":true,"href":"https:\/\/esmte.com\/it\/wp-json\/wp\/v2\/etheme_brands?post=22713"},{"taxonomy":"product_brand","embeddable":true,"href":"https:\/\/esmte.com\/it\/wp-json\/wp\/v2\/product_brand?post=22713"},{"taxonomy":"product_cat","embeddable":true,"href":"https:\/\/esmte.com\/it\/wp-json\/wp\/v2\/product_cat?post=22713"},{"taxonomy":"product_tag","embeddable":true,"href":"https:\/\/esmte.com\/it\/wp-json\/wp\/v2\/product_tag?post=22713"}],"curies":[{"name":"parola chiave","href":"https:\/\/api.w.org\/{rel}","templated":true}]}}