{"id":22648,"date":"2025-12-02T06:47:20","date_gmt":"2025-12-02T06:47:20","guid":{"rendered":"https:\/\/esmte.com\/?post_type=product&#038;p=22648"},"modified":"2026-01-14T02:45:19","modified_gmt":"2026-01-14T02:45:19","slug":"pcb-cleaning-machine-yc-350","status":"publish","type":"product","link":"https:\/\/esmte.com\/it\/products\/pcb-cleaning-machine-yc-350\/","title":{"rendered":"SMT PCB Cleaning Machine YC-350"},"content":{"rendered":"<h2>Introduzione<\/h2>\n<p data-start=\"214\" data-end=\"713\">IL <strong>SMT\u00a0PCB Cleaning Machine YC-350<\/strong> \u00e8 progettato per garantire una pulizia efficiente e affidabile dei circuiti stampati nelle moderne linee di produzione SMT e PCBA. Negli ambienti di produzione ad alta velocit\u00e0, polvere, residui di saldatura e microparticelle possono accumularsi sulle superfici dei PCB, causando difetti di saldatura e riducendo l&#039;affidabilit\u00e0 del prodotto. YC-350 affronta queste sfide con un processo di pulizia completamente automatizzato, garantendo che ogni scheda sia costantemente preparata per le operazioni di assemblaggio a valle.<\/p>\n<p data-start=\"715\" data-end=\"1193\">Dotata di spazzolatura di precisione, flusso d&#039;aria controllato e sistema di estrazione detriti integrato, la macchina rimuove i contaminanti senza danneggiare i componenti delicati. I suoi cicli di pulizia programmabili consentono agli operatori di regolare i parametri per diverse dimensioni di PCB e densit\u00e0 dei componenti, rendendola versatile per un&#039;ampia gamma di assemblaggi elettronici. Mantenendo le superfici pulite, <strong>SMT PCB\u00a0<\/strong><strong>Macchina per la pulizia YC-350<\/strong> migliora la qualit\u00e0 della saldatura, riduce le rilavorazioni e aumenta la resa produttiva complessiva.<\/p>\n<p data-start=\"1195\" data-end=\"1606\">Progettato per un&#039;integrazione perfetta nelle linee SMT, il <strong>SMT PCB\u00a0<\/strong><strong>Macchina per la pulizia YC-350<\/strong> Funziona con un intervento umano minimo. Il suo sistema automatizzato di carico, pulizia e scarico garantisce prestazioni costanti, riduce il lavoro manuale e mantiene un&#039;elevata efficienza produttiva. Compatto e intuitivo, si adatta sia alle piccole officine che alle grandi fabbriche, offrendo una soluzione affidabile per la moderna produzione di componenti elettronici.<\/p>\n<p data-start=\"1608\" data-end=\"1885\">Ideale per elettronica di consumo, PCB per autoveicoli e schede di controllo industriali, <strong>SMT <\/strong><strong data-start=\"1692\" data-end=\"1723\">Macchina per la pulizia dei PCB YC-350<\/strong> garantisce prestazioni di pulizia accurate e ripetibili, aiutando i produttori a ottenere risultati di assemblaggio stabili e di alta qualit\u00e0 e affidabilit\u00e0 delle apparecchiature a lungo termine.<\/p>\n<p style=\"text-align: center;\" data-start=\"1612\" data-end=\"1871\"><img loading=\"lazy\" decoding=\"async\" class=\"alignnone wp-image-22650\" src=\"https:\/\/esmte.com\/wp-content\/uploads\/2025\/12\/PCB-Cleaning-Machine-scaled.webp\" alt=\"SMT PCB Cleaning Machine YC-350\" width=\"644\" height=\"644\" srcset=\"https:\/\/esmte.com\/wp-content\/uploads\/2025\/12\/PCB-Cleaning-Machine-scaled.webp 2560w, https:\/\/esmte.com\/wp-content\/uploads\/2025\/12\/PCB-Cleaning-Machine-scaled-100x100.webp 100w, https:\/\/esmte.com\/wp-content\/uploads\/2025\/12\/PCB-Cleaning-Machine-scaled-600x600.webp 600w, https:\/\/esmte.com\/wp-content\/uploads\/2025\/12\/PCB-Cleaning-Machine-300x300.webp 300w, https:\/\/esmte.com\/wp-content\/uploads\/2025\/12\/PCB-Cleaning-Machine-1024x1024.webp 1024w, https:\/\/esmte.com\/wp-content\/uploads\/2025\/12\/PCB-Cleaning-Machine-150x150.webp 150w, https:\/\/esmte.com\/wp-content\/uploads\/2025\/12\/PCB-Cleaning-Machine-768x768.webp 768w, https:\/\/esmte.com\/wp-content\/uploads\/2025\/12\/PCB-Cleaning-Machine-1536x1536.webp 1536w, https:\/\/esmte.com\/wp-content\/uploads\/2025\/12\/PCB-Cleaning-Machine-2048x2048.webp 2048w, https:\/\/esmte.com\/wp-content\/uploads\/2025\/12\/PCB-Cleaning-Machine-1x1.webp 1w, https:\/\/esmte.com\/wp-content\/uploads\/2025\/12\/PCB-Cleaning-Machine-10x10.webp 10w\" sizes=\"auto, (max-width: 644px) 100vw, 644px\" \/><\/p>\n<h3>Caratteristiche principali<\/h3>\n<ul>\n<li data-start=\"193\" data-end=\"366\">\n<p data-start=\"196\" data-end=\"366\"><strong data-start=\"196\" data-end=\"227\">Pulizia PCB ad alta precisione<\/strong><br data-start=\"227\" data-end=\"230\" \/>Rimuove efficacemente polvere, residui di saldatura e microparticelle dalle superfici dei PCB, garantendo una qualit\u00e0 affidabile di saldatura e assemblaggio.<\/p>\n<\/li>\n<li data-start=\"368\" data-end=\"533\">\n<p data-start=\"371\" data-end=\"533\"><strong data-start=\"371\" data-end=\"400\">Funzionamento completamente automatizzato<\/strong><br data-start=\"400\" data-end=\"403\" \/>Il carico, la pulizia e lo scarico automatici riducono la movimentazione manuale, minimizzano l&#039;errore umano e stabilizzano l&#039;efficienza produttiva.<\/p>\n<\/li>\n<li data-start=\"535\" data-end=\"707\">\n<p data-start=\"538\" data-end=\"707\"><strong data-start=\"538\" data-end=\"569\">Sistema di pulizia multistadio<\/strong><br data-start=\"569\" data-end=\"572\" \/>Combina spazzolatura di precisione, flusso d&#039;aria controllato ed estrazione dei detriti per una pulizia accurata, proteggendo al contempo i componenti delicati.<\/p>\n<\/li>\n<li data-start=\"709\" data-end=\"883\">\n<p data-start=\"712\" data-end=\"883\"><strong data-start=\"712\" data-end=\"744\">Cicli di pulizia programmabili<\/strong><br data-start=\"744\" data-end=\"747\" \/>I parametri regolabili consentono agli operatori di personalizzare l&#039;intensit\u00e0 e la durata della pulizia in base alle diverse dimensioni dei PCB e alla densit\u00e0 dei componenti.<\/p>\n<\/li>\n<li data-start=\"885\" data-end=\"1070\">\n<p data-start=\"888\" data-end=\"1070\"><strong data-start=\"888\" data-end=\"925\">Compatibilit\u00e0 della linea SMT ad alta velocit\u00e0<\/strong><br data-start=\"925\" data-end=\"928\" \/>Progettato per integrarsi perfettamente nelle moderne linee di produzione SMT e PCBA, mantenendo le prestazioni di pulizia senza ridurre la produttivit\u00e0.<\/p>\n<\/li>\n<li data-start=\"1072\" data-end=\"1263\">\n<p data-start=\"1075\" data-end=\"1263\"><strong data-start=\"1075\" data-end=\"1115\">Maggiore longevit\u00e0 di PCB e apparecchiature<\/strong><br data-start=\"1115\" data-end=\"1118\" \/>Una pulizia regolare e precisa previene l&#039;accumulo di residui, prolunga la durata dei PCB e riduce la necessit\u00e0 di manutenzione delle apparecchiature di produzione.<\/p>\n<\/li>\n<\/ul>\n<p>&nbsp;<\/p>\n<h2>Specifiche<\/h2>\n<table style=\"border-collapse: collapse; width: 1376px; height: 352px;\" border=\"0\" width=\"579\" cellspacing=\"0\" cellpadding=\"0\">\n<tbody>\n<tr style=\"height: 15.75pt;\">\n<td class=\"et2\" style=\"height: 15.75pt; width: 138.75pt; text-align: center;\" width=\"185\" height=\"21\">Articolo<\/td>\n<td class=\"et3\" style=\"width: 147pt; text-align: center;\" width=\"196\">YC-350<\/td>\n<td class=\"et4\" style=\"width: 148.5pt; text-align: center;\" width=\"198\">YC-450<\/td>\n<\/tr>\n<tr style=\"height: 15.75pt;\">\n<td class=\"et5\" style=\"height: 15.75pt; width: 138.75pt; text-align: center;\" width=\"185\" height=\"21\">Dimensioni del PCB<\/td>\n<td class=\"et6\" style=\"width: 147pt; text-align: center;\" width=\"196\">50 x 50 mm ~ 450 x 350 mm<\/td>\n<td class=\"et7\" style=\"width: 148.5pt; text-align: center;\" width=\"198\">50 x 50 mm ~ 500 x 450 mm<\/td>\n<\/tr>\n<tr style=\"height: 15.75pt;\">\n<td class=\"et5\" style=\"height: 15.75pt; width: 138.75pt; text-align: center;\" width=\"185\" height=\"21\">Spessore del PCB<\/td>\n<td class=\"et8\" style=\"width: 295.5pt; text-align: center;\" colspan=\"2\" width=\"394\">2-3 mm (opzione: 4-6 mm)<\/td>\n<\/tr>\n<tr style=\"height: 15.75pt;\">\n<td class=\"et5\" style=\"height: 15.75pt; width: 138.75pt; text-align: center;\" width=\"185\" height=\"21\">Direzione PCB<\/td>\n<td class=\"et6\" style=\"width: 295.5pt; text-align: center;\" colspan=\"2\" width=\"394\">Da sinistra a destra o da destra a sinistra<\/td>\n<\/tr>\n<tr style=\"height: 15.75pt;\">\n<td class=\"et5\" style=\"height: 15.75pt; width: 138.75pt; text-align: center;\" width=\"185\" height=\"21\">Altezza di trasporto<\/td>\n<td class=\"et8\" style=\"width: 295.5pt; text-align: center;\" colspan=\"2\" width=\"394\">900\u00b120mm (o specificato dal cliente)<\/td>\n<\/tr>\n<tr style=\"height: 15.75pt;\">\n<td class=\"et5\" style=\"height: 15.75pt; width: 138.75pt; text-align: center;\" width=\"185\" height=\"21\">Sistema di controllo<\/td>\n<td class=\"et6\" style=\"width: 295.5pt; text-align: center;\" colspan=\"2\" width=\"394\">Panasonic PLC<\/td>\n<\/tr>\n<tr style=\"height: 15.75pt;\">\n<td class=\"et5\" style=\"height: 15.75pt; width: 138.75pt; text-align: center;\" width=\"185\" height=\"21\">Pannello operativo<\/td>\n<td class=\"et8\" style=\"width: 295.5pt; text-align: center;\" colspan=\"2\" width=\"394\">Schermo tattile<\/td>\n<\/tr>\n<tr style=\"height: 15.75pt;\">\n<td class=\"et5\" style=\"height: 15.75pt; width: 138.75pt; text-align: center;\" width=\"185\" height=\"21\">Numero di spazzole<\/td>\n<td class=\"et6\" style=\"width: 295.5pt; text-align: center;\" colspan=\"2\" width=\"394\">1 pz<\/td>\n<\/tr>\n<tr style=\"height: 15.75pt;\">\n<td class=\"et5\" style=\"height: 15.75pt; width: 138.75pt; text-align: center;\" width=\"185\" height=\"21\">Numero di rulli antipolvere<\/td>\n<td class=\"et8\" style=\"width: 295.5pt; text-align: center;\" colspan=\"2\" width=\"394\">2 pezzi<\/td>\n<\/tr>\n<tr style=\"height: 15.75pt;\">\n<td class=\"et5\" style=\"height: 15.75pt; width: 138.75pt; text-align: center;\" width=\"185\" height=\"21\">Numero di carta adesiva<\/td>\n<td class=\"et6\" style=\"width: 295.5pt; text-align: center;\" colspan=\"2\" width=\"394\">1 pz<\/td>\n<\/tr>\n<tr style=\"height: 15.75pt;\">\n<td class=\"et5\" style=\"height: 15.75pt; width: 138.75pt; text-align: center;\" width=\"185\" height=\"21\">Alimentazione elettrica<\/td>\n<td class=\"et8\" style=\"width: 295.5pt; text-align: center;\" colspan=\"2\" width=\"394\">1 PH CA 220 V 50\/60 Hz<\/td>\n<\/tr>\n<tr style=\"height: 15.75pt;\">\n<td class=\"et5\" style=\"height: 15.75pt; width: 138.75pt; text-align: center;\" width=\"185\" height=\"21\">Dimensione<\/td>\n<td class=\"et6\" style=\"width: 147pt; text-align: center;\" width=\"196\">L550*W750*H1600mm<\/td>\n<td class=\"et7\" style=\"width: 148.5pt; text-align: center;\" width=\"198\">L650*W850*H1600mm<\/td>\n<\/tr>\n<tr style=\"height: 15.75pt;\">\n<td class=\"et11\" style=\"height: 15.75pt; width: 138.75pt; text-align: center;\" width=\"185\" height=\"21\">Peso<\/td>\n<td class=\"et12\" style=\"width: 147pt; text-align: center;\" width=\"196\">140 kg<\/td>\n<td class=\"et13\" style=\"width: 148.5pt; text-align: center;\" width=\"198\">160 kg<\/td>\n<\/tr>\n<\/tbody>\n<\/table>\n<p>&nbsp;<\/p>\n<p><a href=\"https:\/\/www.youtube.com\/@allaismt\" rel=\"nofollow noopener\" target=\"_blank\"><u>https:\/\/www.youtube.com\/@allaismt<\/u><\/a><\/p>\n<p>For more information about the <strong>SMT PCB Cleaning Machine YC-350<\/strong>, si prega di inviare una e-mail a<\/p>\n<p><a href=\"mailto:sophia@allaismt.com\"><u>sophia@allaismt.com<\/u><\/a><\/p>\n<p>Risponderemo tempestivamente alla tua richiesta e ti forniremo informazioni dettagliate sui nostri prodotti e servizi.<\/p>","protected":false},"excerpt":{"rendered":"<p>Descrizione: Il <strong>SMT <\/strong><strong data-start=\"115\" data-end=\"146\">Macchina per la pulizia dei PCB YC-350<\/strong> \u00e8 una soluzione ad alta efficienza progettata per garantire superfici PCB pulite e affidabili prima dell&#039;assemblaggio. Dotata di sistemi di spazzolatura di precisione, flusso d&#039;aria e rimozione dei detriti, elimina efficacemente polvere, residui di saldatura e microparticelle che possono compromettere la qualit\u00e0 della saldatura. Completamente automatizzata e compatta, la YC-350 si integra perfettamente nelle linee di produzione SMT e PCBA, migliorando la stabilit\u00e0 del processo, riducendo i difetti e aumentando la resa complessiva. \u00c8 ideale per i produttori che desiderano una preparazione superficiale dei PCB uniforme e di alta qualit\u00e0.<\/p>\n<p>Quantit\u00e0 minima ordinabile: 1 pezzo<\/p>\n<p>Tempi di consegna: 15 giorni<\/p>","protected":false},"featured_media":22649,"comment_status":"closed","ping_status":"closed","template":"","meta":[],"etheme_brands":[],"product_brand":[],"product_cat":[156],"product_tag":[],"class_list":{"0":"post-22648","1":"product","2":"type-product","3":"status-publish","4":"has-post-thumbnail","6":"product_cat-pcb-cleaning-machine","8":"first","9":"instock","10":"shipping-taxable","11":"product-type-simple"},"_links":{"self":[{"href":"https:\/\/esmte.com\/it\/wp-json\/wp\/v2\/product\/22648","targetHints":{"allow":["GET"]}}],"collection":[{"href":"https:\/\/esmte.com\/it\/wp-json\/wp\/v2\/product"}],"about":[{"href":"https:\/\/esmte.com\/it\/wp-json\/wp\/v2\/types\/product"}],"replies":[{"embeddable":true,"href":"https:\/\/esmte.com\/it\/wp-json\/wp\/v2\/comments?post=22648"}],"version-history":[{"count":1,"href":"https:\/\/esmte.com\/it\/wp-json\/wp\/v2\/product\/22648\/revisions"}],"predecessor-version":[{"id":23777,"href":"https:\/\/esmte.com\/it\/wp-json\/wp\/v2\/product\/22648\/revisions\/23777"}],"wp:featuredmedia":[{"embeddable":true,"href":"https:\/\/esmte.com\/it\/wp-json\/wp\/v2\/media\/22649"}],"wp:attachment":[{"href":"https:\/\/esmte.com\/it\/wp-json\/wp\/v2\/media?parent=22648"}],"wp:term":[{"taxonomy":"brand","embeddable":true,"href":"https:\/\/esmte.com\/it\/wp-json\/wp\/v2\/etheme_brands?post=22648"},{"taxonomy":"product_brand","embeddable":true,"href":"https:\/\/esmte.com\/it\/wp-json\/wp\/v2\/product_brand?post=22648"},{"taxonomy":"product_cat","embeddable":true,"href":"https:\/\/esmte.com\/it\/wp-json\/wp\/v2\/product_cat?post=22648"},{"taxonomy":"product_tag","embeddable":true,"href":"https:\/\/esmte.com\/it\/wp-json\/wp\/v2\/product_tag?post=22648"}],"curies":[{"name":"parola chiave","href":"https:\/\/api.w.org\/{rel}","templated":true}]}}