{"id":22223,"date":"2025-11-26T06:49:32","date_gmt":"2025-11-26T06:49:32","guid":{"rendered":"https:\/\/esmte.com\/?post_type=product&#038;p=22223"},"modified":"2026-01-14T02:06:56","modified_gmt":"2026-01-14T02:06:56","slug":"automatic-pcb-folding-loader-yfl-l995","status":"publish","type":"product","link":"https:\/\/esmte.com\/it\/products\/automatic-pcb-folding-loader-yfl-l995\/","title":{"rendered":"Automatic SMT PCB Folding Loader YFL-L995"},"content":{"rendered":"<h2>Introduzione<\/h2>\n<p data-start=\"202\" data-end=\"561\">Nell&#039;attuale ambiente di produzione elettronica in rapida evoluzione, la gestione efficiente e precisa dei PCB \u00e8 essenziale per mantenere elevati standard di produttivit\u00e0 e qualit\u00e0. <strong data-start=\"373\" data-end=\"414\">Automatic SMT PCB Folding Loader YFL-L995<\/strong> \u00e8 progettato per ottimizzare il caricamento dei PCB nelle linee di produzione SMT, offrendo un&#039;automazione affidabile che riduce il lavoro manuale e garantisce un flusso di lavoro regolare.<\/p>\n<p data-start=\"563\" data-end=\"916\">La YFL-L995 \u00e8 dotata di un avanzato meccanismo di piegatura automatica che consente un caricamento preciso e stabile dei PCB nella linea di produzione. Ci\u00f2 contribuisce a ridurre al minimo i danni alle schede, a mantenere una produttivit\u00e0 costante e a migliorare l&#039;efficienza complessiva della linea. Il suo design supporta un&#039;ampia gamma di dimensioni di PCB, offrendo versatilit\u00e0 per soddisfare diverse esigenze di produzione.<\/p>\n<p data-start=\"918\" data-end=\"1254\">Costruito con materiali durevoli e una struttura robusta, il modello YFL-L995 garantisce prestazioni affidabili anche in funzionamento continuo. Il suo ingombro compatto consente una perfetta integrazione nelle linee SMT esistenti, mentre l&#039;interfaccia intuitiva semplifica l&#039;utilizzo e la manutenzione, riducendo i tempi di fermo e aumentando l&#039;efficienza produttiva.<\/p>\n<p data-start=\"1256\" data-end=\"1539\">Implementando il <strong data-start=\"1276\" data-end=\"1317\">Automatic SMT PCB Folding Loader YFL-L995<\/strong>, i produttori possono ottenere transizioni PCB pi\u00f9 fluide, maggiore produttivit\u00e0 e funzionamento affidabile. \u00c8 una soluzione ideale per le fabbriche di elettronica che cercano apparecchiature di caricamento PCB precise, ad alte prestazioni ed efficienti.<\/p>\n<p><img loading=\"lazy\" decoding=\"async\" class=\"aligncenter wp-image-22214\" src=\"https:\/\/esmte.com\/wp-content\/uploads\/2025\/11\/11-2-scaled.webp\" alt=\"Automatic SMT PCB Folding Loader YFL-L995\" width=\"503\" height=\"503\" srcset=\"https:\/\/esmte.com\/wp-content\/uploads\/2025\/11\/11-2-scaled.webp 2560w, https:\/\/esmte.com\/wp-content\/uploads\/2025\/11\/11-2-scaled-100x100.webp 100w, https:\/\/esmte.com\/wp-content\/uploads\/2025\/11\/11-2-scaled-600x600.webp 600w, https:\/\/esmte.com\/wp-content\/uploads\/2025\/11\/11-2-300x300.webp 300w, https:\/\/esmte.com\/wp-content\/uploads\/2025\/11\/11-2-1024x1024.webp 1024w, https:\/\/esmte.com\/wp-content\/uploads\/2025\/11\/11-2-150x150.webp 150w, https:\/\/esmte.com\/wp-content\/uploads\/2025\/11\/11-2-768x768.webp 768w, https:\/\/esmte.com\/wp-content\/uploads\/2025\/11\/11-2-1536x1536.webp 1536w, https:\/\/esmte.com\/wp-content\/uploads\/2025\/11\/11-2-2048x2048.webp 2048w, https:\/\/esmte.com\/wp-content\/uploads\/2025\/11\/11-2-1x1.webp 1w, https:\/\/esmte.com\/wp-content\/uploads\/2025\/11\/11-2-10x10.webp 10w\" sizes=\"auto, (max-width: 503px) 100vw, 503px\" \/><\/p>\n<h3>Caratteristiche principali<\/h3>\n<ul class=\"auto-hide-last-sibling-br\">\n<li>Incorpora il controllo adattivo basato sull&#039;intelligenza artificiale per regolare i parametri in base alle condizioni del PCB in tempo reale.<\/li>\n<li>Dotato di HMI touchscreen per un funzionamento intuitivo e memorizzazione di programmi personalizzati (fino a oltre 100 ricette).<\/li>\n<li>Supporta il monitoraggio e il controllo remoto tramite app per dispositivi mobili\/desktop per una comoda gestione dei processi.<\/li>\n<li>Gli avvisi di manutenzione predittiva riducono i tempi di fermo imprevisti monitorando l&#039;usura dei componenti.<\/li>\n<li>Integrazione del sistema di visione per l&#039;identificazione automatica dei PCB e il rilevamento degli errori.<\/li>\n<li>Funzionalit\u00e0 di registrazione dei dati per la tracciabilit\u00e0 dei processi e la conformit\u00e0 al controllo qualit\u00e0.<\/li>\n<\/ul>\n<p>&nbsp;<\/p>\n<h2>Specifiche<\/h2>\n<table style=\"border-collapse: collapse; width: 1377px; height: 173px;\" border=\"0\" width=\"462\" cellspacing=\"0\" cellpadding=\"0\">\n<tbody>\n<tr style=\"height: 15.75pt;\">\n<td class=\"et2\" style=\"height: 15.75pt; width: 90pt; text-align: center;\" width=\"120\" height=\"21\">Modello<\/td>\n<td class=\"et3\" style=\"width: 138pt; text-align: center;\" width=\"184\">YFL-M855<\/td>\n<td class=\"et4\" style=\"width: 118.5pt; text-align: center;\" width=\"158\">YFL-L995<\/td>\n<\/tr>\n<tr style=\"height: 15.75pt;\">\n<td class=\"et5\" style=\"height: 15.75pt; width: 90pt; text-align: center;\" width=\"120\" height=\"21\">Dimensioni (mm)<\/td>\n<td class=\"et6\" style=\"width: 138pt; text-align: center;\" width=\"184\">1850*855*1250<\/td>\n<td class=\"et7\" style=\"width: 118.5pt; text-align: center;\" width=\"158\">2320*995*1250<\/td>\n<\/tr>\n<tr style=\"height: 15.75pt;\">\n<td class=\"et5\" style=\"height: 15.75pt; width: 90pt; text-align: center;\" width=\"120\" height=\"21\">Dimensioni PCB (mm)<\/td>\n<td class=\"et6\" style=\"width: 138pt; text-align: center;\" width=\"184\">50*80-330*250<\/td>\n<td class=\"et7\" style=\"width: 118.5pt; text-align: center;\" width=\"158\">50*80-460*390<\/td>\n<\/tr>\n<tr style=\"height: 15.75pt;\">\n<td class=\"et5\" style=\"height: 15.75pt; width: 90pt; text-align: center;\" width=\"120\" height=\"21\">Capacit\u00e0 PCB<\/td>\n<td class=\"et6\" style=\"width: 256.5pt; text-align: center;\" colspan=\"2\" width=\"342\">400 pezzi (PCB spesso 0,6 mm)<\/td>\n<\/tr>\n<tr style=\"height: 15.75pt;\">\n<td class=\"et5\" style=\"height: 15.75pt; width: 90pt; text-align: center;\" width=\"120\" height=\"21\">Sistema di controllo<\/td>\n<td class=\"et6\" style=\"width: 256.5pt; text-align: center;\" colspan=\"2\" width=\"342\">PLC<\/td>\n<\/tr>\n<tr style=\"height: 15.75pt;\">\n<td class=\"et5\" style=\"height: 15.75pt; width: 90pt; text-align: center;\" width=\"120\" height=\"21\">Alimentazione elettrica<\/td>\n<td class=\"et6\" style=\"width: 256.5pt; text-align: center;\" colspan=\"2\" width=\"342\">1 PH AC 220V 50\/60Hz (Opzionale: da 110V a 380V)<\/td>\n<\/tr>\n<tr style=\"height: 15.75pt;\">\n<td class=\"et8\" style=\"height: 15.75pt; width: 90pt; text-align: center;\" width=\"120\" height=\"21\">Peso<\/td>\n<td class=\"et9\" style=\"width: 138pt; text-align: center;\" width=\"184\">200 kg<\/td>\n<td class=\"et10\" style=\"width: 118.5pt; text-align: center;\" width=\"158\">260 chili<\/td>\n<\/tr>\n<\/tbody>\n<\/table>\n<p>&nbsp;<\/p>\n<p><a href=\"https:\/\/www.youtube.com\/@allaismt\" rel=\"nofollow noopener\" target=\"_blank\"><u>https:\/\/www.youtube.com\/@allaismt<\/u><\/a><\/p>\n<p>Per maggiori informazioni sul caricatore automatico per piegatura PCB YFL-L995, inviare un&#039;e-mail a<\/p>\n<p><a href=\"mailto:sophia@allaismt.com\"><u>sophia@allaismt.com<\/u><\/a><\/p>\n<p>Risponderemo tempestivamente alla tua richiesta e ti forniremo informazioni dettagliate sui nostri prodotti e servizi.<\/p>","protected":false},"excerpt":{"rendered":"<p>Descrizione: Il <strong data-start=\"101\" data-end=\"142\">Automatic SMT PCB Folding Loader YFL-L995<\/strong> \u00e8 un sistema di caricamento ad alta efficienza progettato per linee di produzione SMT. Dotato di un avanzato meccanismo di piegatura automatica, garantisce un caricamento PCB fluido, preciso e affidabile, riducendo la movimentazione manuale e migliorando l&#039;efficienza del flusso di lavoro. Il sistema YFL-L995 supporta un&#039;ampia gamma di dimensioni di PCB e offre un funzionamento stabile e senza danni. Il suo design compatto consente una facile integrazione nelle linee SMT esistenti, rendendolo una soluzione ideale per i produttori di elettronica alla ricerca di apparecchiature di caricamento PCB affidabili e ad alte prestazioni.<\/p>\n<p>Quantit\u00e0 minima ordinabile: 1 pezzo<\/p>\n<p>Tempi di consegna: 15 giorni<\/p>","protected":false},"featured_media":22215,"comment_status":"closed","ping_status":"closed","template":"","meta":[],"etheme_brands":[],"product_brand":[],"product_cat":[144],"product_tag":[],"class_list":{"0":"post-22223","1":"product","2":"type-product","3":"status-publish","4":"has-post-thumbnail","6":"product_cat-pcb-handling-machine","8":"first","9":"instock","10":"shipping-taxable","11":"product-type-simple"},"_links":{"self":[{"href":"https:\/\/esmte.com\/it\/wp-json\/wp\/v2\/product\/22223","targetHints":{"allow":["GET"]}}],"collection":[{"href":"https:\/\/esmte.com\/it\/wp-json\/wp\/v2\/product"}],"about":[{"href":"https:\/\/esmte.com\/it\/wp-json\/wp\/v2\/types\/product"}],"replies":[{"embeddable":true,"href":"https:\/\/esmte.com\/it\/wp-json\/wp\/v2\/comments?post=22223"}],"version-history":[{"count":1,"href":"https:\/\/esmte.com\/it\/wp-json\/wp\/v2\/product\/22223\/revisions"}],"predecessor-version":[{"id":23762,"href":"https:\/\/esmte.com\/it\/wp-json\/wp\/v2\/product\/22223\/revisions\/23762"}],"wp:featuredmedia":[{"embeddable":true,"href":"https:\/\/esmte.com\/it\/wp-json\/wp\/v2\/media\/22215"}],"wp:attachment":[{"href":"https:\/\/esmte.com\/it\/wp-json\/wp\/v2\/media?parent=22223"}],"wp:term":[{"taxonomy":"brand","embeddable":true,"href":"https:\/\/esmte.com\/it\/wp-json\/wp\/v2\/etheme_brands?post=22223"},{"taxonomy":"product_brand","embeddable":true,"href":"https:\/\/esmte.com\/it\/wp-json\/wp\/v2\/product_brand?post=22223"},{"taxonomy":"product_cat","embeddable":true,"href":"https:\/\/esmte.com\/it\/wp-json\/wp\/v2\/product_cat?post=22223"},{"taxonomy":"product_tag","embeddable":true,"href":"https:\/\/esmte.com\/it\/wp-json\/wp\/v2\/product_tag?post=22223"}],"curies":[{"name":"parola chiave","href":"https:\/\/api.w.org\/{rel}","templated":true}]}}