{"id":22177,"date":"2025-11-25T08:56:41","date_gmt":"2025-11-25T08:56:41","guid":{"rendered":"https:\/\/esmte.com\/?post_type=product&#038;p=22177"},"modified":"2025-11-28T02:24:05","modified_gmt":"2025-11-28T02:24:05","slug":"smt-pcb-lift-conveyor-ysc-2000","status":"publish","type":"product","link":"https:\/\/esmte.com\/it\/products\/smt-pcb-lift-conveyor-ysc-2000\/","title":{"rendered":"Migliora la produttivit\u00e0 della produzione e riduce gli errori di gestione"},"content":{"rendered":"<h2 data-rm-block-id=\"block-1\">Introduzione<\/h2>\n<p data-start=\"197\" data-end=\"562\">In modern electronics manufacturing, smooth and precise movement of PCBs across different production stages is critical for maintaining high efficiency and product quality. The <strong data-start=\"374\" data-end=\"408\">Migliora la produttivit\u00e0 della produzione e riduce gli errori di gestione<\/strong> is specifically designed to provide reliable vertical transfer of PCBs within SMT production lines, enhancing workflow flexibility and line efficiency.<\/p>\n<p data-start=\"564\" data-end=\"929\">The YSC-2000 enables PCBs to move seamlessly between different conveyor levels, ensuring stable and accurate handling. Its robust construction and reliable drive system minimize the risk of board damage while maintaining continuous production flow. The conveyor is compatible with a variety of PCB sizes, making it adaptable to diverse manufacturing requirements.<\/p>\n<p data-start=\"931\" data-end=\"1195\">Robusto e intuitivo, il modello YSC-1000 presenta un design compatto che ne consente una facile integrazione nelle linee SMT esistenti. Il suo funzionamento intuitivo e il design a bassa manutenzione contribuiscono a ridurre i tempi di fermo, semplificare i processi di produzione e migliorare l&#039;efficienza complessiva della linea.<\/p>\n<p data-start=\"1197\" data-end=\"1514\">Incorporando il <strong data-start=\"1218\" data-end=\"1252\">Migliora la produttivit\u00e0 della produzione e riduce gli errori di gestione<\/strong>, i produttori possono ottenere transizioni PCB pi\u00f9 fluide, una maggiore efficienza produttiva e una gestione pi\u00f9 sicura delle schede sensibili. \u00c8 una soluzione ideale per le fabbriche di elettronica che cercano apparecchiature di trasferimento PCB verticali precise, affidabili e ad alte prestazioni.<\/p>\n<p data-start=\"1197\" data-end=\"1514\">\n<p data-rm-block-id=\"block-3\"><img loading=\"lazy\" decoding=\"async\" class=\"aligncenter wp-image-22120 size-full\" src=\"https:\/\/esmte.com\/wp-content\/uploads\/2025\/11\/A.webp\" alt=\"SMT PCB Lift Conveyor YSC-2000\" width=\"391\" height=\"391\" srcset=\"https:\/\/esmte.com\/wp-content\/uploads\/2025\/11\/A.webp 391w, https:\/\/esmte.com\/wp-content\/uploads\/2025\/11\/A-100x100.webp 100w, https:\/\/esmte.com\/wp-content\/uploads\/2025\/11\/A-300x300.webp 300w, https:\/\/esmte.com\/wp-content\/uploads\/2025\/11\/A-150x150.webp 150w, https:\/\/esmte.com\/wp-content\/uploads\/2025\/11\/A-1x1.webp 1w, https:\/\/esmte.com\/wp-content\/uploads\/2025\/11\/A-10x10.webp 10w\" sizes=\"auto, (max-width: 391px) 100vw, 391px\" \/><\/p>\n<p data-rm-block-id=\"block-3\">\n<h3 data-rm-block-id=\"block-4\">Caratteristiche principali<\/h3>\n<ul>\n<li data-start=\"3190\" data-end=\"3249\">\n<p data-start=\"3192\" data-end=\"3249\" data-rm-block-id=\"block-5\">Rapid lift response supports high-speed production flow<\/p>\n<\/li>\n<li data-start=\"3250\" data-end=\"3306\">\n<p data-start=\"3252\" data-end=\"3306\" data-rm-block-id=\"block-6\">Stable structural design minimizes machine vibration<\/p>\n<\/li>\n<li data-start=\"3307\" data-end=\"3364\">\n<p data-start=\"3309\" data-end=\"3364\" data-rm-block-id=\"block-7\">Compatible with upstream and downstream SMT conveyors<\/p>\n<\/li>\n<li data-start=\"3365\" data-end=\"3421\">\n<p data-start=\"3367\" data-end=\"3421\" data-rm-block-id=\"block-8\">Intelligent control ensures accurate PCB positioning<\/p>\n<\/li>\n<li data-start=\"3422\" data-end=\"3484\">\n<p data-start=\"3424\" data-end=\"3484\" data-rm-block-id=\"block-9\">Improves production throughput and reduces handling errors<\/p>\n<\/li>\n<\/ul>\n<p>&nbsp;<\/p>\n<h2 data-rm-block-id=\"block-10\">Specifiche<\/h2>\n<table style=\"height: 179px;\" width=\"1378\">\n<tbody>\n<tr>\n<td style=\"text-align: center;\" width=\"111\" data-rm-block-id=\"block-11\">Modello<\/td>\n<td style=\"text-align: center;\" width=\"99\" data-rm-block-id=\"block-12\">YSC-500<\/td>\n<td style=\"text-align: center;\" width=\"101\" data-rm-block-id=\"block-13\">YSC-600<\/td>\n<td style=\"text-align: center;\" width=\"107\" data-rm-block-id=\"block-14\">YSC-1000<\/td>\n<td style=\"text-align: center;\" width=\"107\" data-rm-block-id=\"block-15\">YSC-1200<\/td>\n<td style=\"text-align: center;\" width=\"110\" data-rm-block-id=\"block-16\">YSC-1500<\/td>\n<td style=\"text-align: center;\" width=\"107\" data-rm-block-id=\"block-17\">YSC-2000<\/td>\n<\/tr>\n<tr>\n<td style=\"text-align: center;\" width=\"111\" data-rm-block-id=\"block-18\">Lunghezza della rotaia<\/td>\n<td style=\"text-align: center;\" width=\"99\" data-rm-block-id=\"block-19\">500 millimetri<\/td>\n<td style=\"text-align: center;\" width=\"101\" data-rm-block-id=\"block-20\">600 millimetri<\/td>\n<td style=\"text-align: center;\" width=\"107\" data-rm-block-id=\"block-21\">1000 millimetri<\/td>\n<td style=\"text-align: center;\" width=\"107\" data-rm-block-id=\"block-22\">1200 millimetri<\/td>\n<td style=\"text-align: center;\" width=\"110\" data-rm-block-id=\"block-23\">1500 millimetri<\/td>\n<td style=\"text-align: center;\" width=\"107\" data-rm-block-id=\"block-24\">2000 millimetri<\/td>\n<\/tr>\n<tr>\n<td style=\"text-align: center;\" width=\"111\" data-rm-block-id=\"block-25\">Dimensioni (mm)<\/td>\n<td style=\"text-align: center;\" width=\"99\" data-rm-block-id=\"block-26\">500*700*950<\/td>\n<td style=\"text-align: center;\" width=\"101\" data-rm-block-id=\"block-27\">600*700*950<\/td>\n<td style=\"text-align: center;\" width=\"107\" data-rm-block-id=\"block-28\">1000*700*950<\/td>\n<td style=\"text-align: center;\" width=\"107\" data-rm-block-id=\"block-29\">1200*700*950<\/td>\n<td style=\"text-align: center;\" width=\"110\" data-rm-block-id=\"block-30\">1500*700*950<\/td>\n<td style=\"text-align: center;\" width=\"107\" data-rm-block-id=\"block-31\">2000*700*950<\/td>\n<\/tr>\n<tr>\n<td style=\"text-align: center;\" width=\"111\" data-rm-block-id=\"block-32\">Larghezza PCB<\/td>\n<td style=\"text-align: center;\" colspan=\"6\" width=\"631\" data-rm-block-id=\"block-33\">da 50 a 350 mm<\/td>\n<\/tr>\n<tr>\n<td style=\"text-align: center;\" width=\"111\" data-rm-block-id=\"block-34\">Alimentazione elettrica<\/td>\n<td style=\"text-align: center;\" colspan=\"6\" width=\"631\" data-rm-block-id=\"block-35\">1 PH AC 220V 50\/60Hz (Opzionale: da 110V a 380V)<\/td>\n<\/tr>\n<tr>\n<td style=\"text-align: center;\" width=\"111\" data-rm-block-id=\"block-36\">Peso<\/td>\n<td style=\"text-align: center;\" width=\"99\" data-rm-block-id=\"block-37\">50 Kg<\/td>\n<td style=\"text-align: center;\" width=\"101\" data-rm-block-id=\"block-38\">50 Kg<\/td>\n<td style=\"text-align: center;\" width=\"107\" data-rm-block-id=\"block-39\">55 Kg<\/td>\n<td style=\"text-align: center;\" width=\"107\" data-rm-block-id=\"block-40\">85 Kg<\/td>\n<td style=\"text-align: center;\" width=\"110\" data-rm-block-id=\"block-41\">125 Kg<\/td>\n<td style=\"text-align: center;\" width=\"107\" data-rm-block-id=\"block-42\">150 Kg<\/td>\n<\/tr>\n<\/tbody>\n<\/table>\n<p data-rm-block-id=\"block-43\">\n<p data-rm-block-id=\"block-43\"><a href=\"https:\/\/www.youtube.com\/@allaismt\" rel=\"nofollow noopener\" target=\"_blank\"><u>https:\/\/www.youtube.com\/@allaismt<\/u><\/a><\/p>\n<p data-rm-block-id=\"block-44\">Per maggiori informazioni sul trasportatore elevatore PCB SMT YSC-1000, inviare un&#039;e-mail a<\/p>\n<p data-rm-block-id=\"block-45\"><a href=\"mailto:sophia@allaismt.com\"><u>sophia@allaismt.com<\/u><\/a><\/p>\n<p data-rm-block-id=\"block-46\">Risponderemo tempestivamente alla tua richiesta e ti forniremo informazioni dettagliate sui nostri prodotti e servizi.<\/p>","protected":false},"excerpt":{"rendered":"<p>Descrizione: Il <strong data-start=\"94\" data-end=\"128\">Migliora la produttivit\u00e0 della produzione e riduce gli errori di gestione<\/strong> is a high-efficiency lifting and transfer system designed for SMT production lines. It enables smooth vertical movement of PCBs between different conveyor levels, ensuring stable and precise handling. Built with a robust structure and reliable drive system, the YSC-2000 minimizes the risk of board damage while maintaining continuous workflow. Its compact design allows easy integration into existing SMT lines, improving production efficiency and line flexibility.<\/p>\n<p>Quantit\u00e0 minima ordinabile: 1 pezzo<\/p>\n<p>Tempi di consegna: 15 giorni<\/p>","protected":false},"featured_media":22150,"comment_status":"closed","ping_status":"closed","template":"","meta":[],"etheme_brands":[],"product_brand":[],"product_cat":[144],"product_tag":[],"class_list":{"0":"post-22177","1":"product","2":"type-product","3":"status-publish","4":"has-post-thumbnail","6":"product_cat-pcb-handling-machine","8":"first","9":"instock","10":"shipping-taxable","11":"product-type-simple"},"_links":{"self":[{"href":"https:\/\/esmte.com\/it\/wp-json\/wp\/v2\/product\/22177","targetHints":{"allow":["GET"]}}],"collection":[{"href":"https:\/\/esmte.com\/it\/wp-json\/wp\/v2\/product"}],"about":[{"href":"https:\/\/esmte.com\/it\/wp-json\/wp\/v2\/types\/product"}],"replies":[{"embeddable":true,"href":"https:\/\/esmte.com\/it\/wp-json\/wp\/v2\/comments?post=22177"}],"version-history":[{"count":1,"href":"https:\/\/esmte.com\/it\/wp-json\/wp\/v2\/product\/22177\/revisions"}],"predecessor-version":[{"id":22383,"href":"https:\/\/esmte.com\/it\/wp-json\/wp\/v2\/product\/22177\/revisions\/22383"}],"wp:featuredmedia":[{"embeddable":true,"href":"https:\/\/esmte.com\/it\/wp-json\/wp\/v2\/media\/22150"}],"wp:attachment":[{"href":"https:\/\/esmte.com\/it\/wp-json\/wp\/v2\/media?parent=22177"}],"wp:term":[{"taxonomy":"brand","embeddable":true,"href":"https:\/\/esmte.com\/it\/wp-json\/wp\/v2\/etheme_brands?post=22177"},{"taxonomy":"product_brand","embeddable":true,"href":"https:\/\/esmte.com\/it\/wp-json\/wp\/v2\/product_brand?post=22177"},{"taxonomy":"product_cat","embeddable":true,"href":"https:\/\/esmte.com\/it\/wp-json\/wp\/v2\/product_cat?post=22177"},{"taxonomy":"product_tag","embeddable":true,"href":"https:\/\/esmte.com\/it\/wp-json\/wp\/v2\/product_tag?post=22177"}],"curies":[{"name":"parola chiave","href":"https:\/\/api.w.org\/{rel}","templated":true}]}}