{"id":22115,"date":"2025-11-25T03:25:00","date_gmt":"2025-11-25T03:25:00","guid":{"rendered":"https:\/\/esmte.com\/?post_type=product&#038;p=22115"},"modified":"2025-11-27T09:55:36","modified_gmt":"2025-11-27T09:55:36","slug":"90-degree-unloader-yul-m1150","status":"publish","type":"product","link":"https:\/\/esmte.com\/it\/products\/90-degree-unloader-yul-m1150\/","title":{"rendered":"Scaricatore PCB SMT a 90 gradi YUL-M1150"},"content":{"rendered":"<h2 data-rm-block-id=\"block-1\">Introduzione<\/h2>\n<p data-start=\"209\" data-end=\"516\">La gestione efficiente e precisa dei PCB \u00e8 essenziale nella moderna produzione elettronica per mantenere elevata produttivit\u00e0 e qualit\u00e0 del prodotto. <strong data-start=\"348\" data-end=\"388\">Scaricatore PCB SMT a 90 gradi YUL-M1150<\/strong> \u00e8 progettato per garantire trasferimenti PCB affidabili a 90 gradi, consentendo cambi direzionali senza soluzione di continuit\u00e0 nelle linee di produzione SMT.<\/p>\n<p data-start=\"518\" data-end=\"871\">Il sistema YUL-M1150 garantisce una movimentazione stabile e precisa durante i trasferimenti direzionali, riducendo il rischio di danni ai PCB e mantenendo un flusso di lavoro continuo. La sua struttura robusta e l&#039;affidabile sistema di azionamento garantiscono prestazioni costanti, mentre il sistema supporta un&#039;ampia gamma di dimensioni di PCB, offrendo flessibilit\u00e0 per diverse esigenze di produzione.<\/p>\n<p data-start=\"873\" data-end=\"1103\">Compatto e intuitivo, il modello YUL-M1150 si integra facilmente nelle linee SMT esistenti. Il suo funzionamento intuitivo e il design a bassa manutenzione contribuiscono a ridurre al minimo i tempi di fermo, semplificare i processi di produzione e migliorare l&#039;efficienza complessiva della linea.<\/p>\n<p data-start=\"1105\" data-end=\"1425\">Incorporando il <strong data-start=\"1126\" data-end=\"1166\">Scaricatore PCB SMT a 90 gradi YUL-M1150<\/strong>, i produttori possono ottenere transizioni PCB pi\u00f9 fluide, una maggiore efficienza produttiva e una gestione pi\u00f9 sicura delle schede sensibili. \u00c8 una soluzione ideale per le fabbriche di elettronica che cercano apparecchiature di trasferimento PCB verticali precise, affidabili e ad alte prestazioni.<\/p>\n<p data-rm-block-id=\"block-2\"><img loading=\"lazy\" decoding=\"async\" class=\"aligncenter wp-image-22096\" src=\"https:\/\/esmte.com\/wp-content\/uploads\/2025\/11\/90-degree-unloader.png\" alt=\" YUL-M1150\" width=\"515\" height=\"515\" srcset=\"https:\/\/esmte.com\/wp-content\/uploads\/2025\/11\/90-degree-unloader.png 2560w, https:\/\/esmte.com\/wp-content\/uploads\/2025\/11\/90-degree-unloader-100x100.png 100w, https:\/\/esmte.com\/wp-content\/uploads\/2025\/11\/90-degree-unloader-600x600.png 600w, https:\/\/esmte.com\/wp-content\/uploads\/2025\/11\/90-degree-unloader-300x300.png 300w, https:\/\/esmte.com\/wp-content\/uploads\/2025\/11\/90-degree-unloader-1024x1024.png 1024w, https:\/\/esmte.com\/wp-content\/uploads\/2025\/11\/90-degree-unloader-150x150.png 150w, https:\/\/esmte.com\/wp-content\/uploads\/2025\/11\/90-degree-unloader-768x768.png 768w, https:\/\/esmte.com\/wp-content\/uploads\/2025\/11\/90-degree-unloader-1536x1536.png 1536w, https:\/\/esmte.com\/wp-content\/uploads\/2025\/11\/90-degree-unloader-2048x2048.png 2048w, https:\/\/esmte.com\/wp-content\/uploads\/2025\/11\/90-degree-unloader-1x1.png 1w, https:\/\/esmte.com\/wp-content\/uploads\/2025\/11\/90-degree-unloader-10x10.png 10w\" sizes=\"auto, (max-width: 515px) 100vw, 515px\" \/><\/p>\n<h3 data-rm-block-id=\"block-4\">Produzione chiave<\/h3>\n<ul data-start=\"1154\" data-end=\"1630\">\n<li data-start=\"1154\" data-end=\"1225\">\n<p data-start=\"1156\" data-end=\"1225\" data-rm-block-id=\"block-5\">L&#039;ingombro ridotto consente l&#039;installazione in spazi di produzione limitati.<\/p>\n<\/li>\n<li data-start=\"1226\" data-end=\"1286\">\n<p data-start=\"1228\" data-end=\"1286\" data-rm-block-id=\"block-6\">Il trasporto stabile tramite cinghia garantisce una manipolazione delicata dei PCB.<\/p>\n<\/li>\n<li data-start=\"1287\" data-end=\"1355\">\n<p data-start=\"1289\" data-end=\"1355\" data-rm-block-id=\"block-7\">La progettazione rapida consente una rapida riconfigurazione della linea di produzione.<\/p>\n<\/li>\n<li data-start=\"1356\" data-end=\"1412\">\n<p data-start=\"1358\" data-end=\"1412\" data-rm-block-id=\"block-8\">I meccanismi di sicurezza integrati riducono i rischi operativi.<\/p>\n<\/li>\n<li data-start=\"1413\" data-end=\"1630\">\n<p data-start=\"1415\" data-end=\"1630\" data-rm-block-id=\"block-9\">I motori a risparmio energetico riducono il consumo energetico complessivo.<\/p>\n<\/li>\n<\/ul>\n<p data-start=\"1415\" data-end=\"1630\" data-rm-block-id=\"block-9\">Grazie a questi vantaggi, lo scaricatore migliora l&#039;automazione, aiutando al contempo i produttori a creare linee di assemblaggio di componenti elettronici altamente efficienti e salvaspazio.<\/p>\n<h2 data-rm-block-id=\"block-10\">Specifiche<\/h2>\n<table style=\"height: 218px;\" width=\"1371\">\n<tbody>\n<tr>\n<td style=\"text-align: center;\" width=\"165\" data-rm-block-id=\"block-11\">Modello<br \/>\n(Scaricatore a 90 gradi)<\/td>\n<td style=\"text-align: center;\" width=\"183\" data-rm-block-id=\"block-12\">YUL-M1150<\/td>\n<td style=\"text-align: center;\" width=\"162\" data-rm-block-id=\"block-13\">YUL-L1350<\/td>\n<td style=\"text-align: center;\" width=\"154\" data-rm-block-id=\"block-14\">YUL-LL1550<\/td>\n<\/tr>\n<tr>\n<td style=\"text-align: center;\" width=\"165\" data-rm-block-id=\"block-15\">Dimensioni (mm)<\/td>\n<td style=\"text-align: center;\" width=\"183\" data-rm-block-id=\"block-16\">1150*1150*1205<\/td>\n<td style=\"text-align: center;\" width=\"162\" data-rm-block-id=\"block-17\">1350*1350*1205<\/td>\n<td style=\"text-align: center;\" width=\"154\" data-rm-block-id=\"block-18\">1550*1550*1205<\/td>\n<\/tr>\n<tr>\n<td style=\"text-align: center;\" width=\"165\" data-rm-block-id=\"block-19\">Dimensioni PCB (mm)<\/td>\n<td style=\"text-align: center;\" width=\"183\" data-rm-block-id=\"block-20\">50*50-330*250<\/td>\n<td style=\"text-align: center;\" width=\"162\" data-rm-block-id=\"block-21\">50*50-445*330<\/td>\n<td style=\"text-align: center;\" width=\"154\" data-rm-block-id=\"block-22\">50*50-530*390<\/td>\n<\/tr>\n<tr>\n<td style=\"text-align: center;\" width=\"165\" data-rm-block-id=\"block-23\">Dimensioni del rack (mm)<\/td>\n<td style=\"text-align: center;\" width=\"183\" data-rm-block-id=\"block-24\">355*320*563<\/td>\n<td style=\"text-align: center;\" width=\"162\" data-rm-block-id=\"block-25\">460*400*563<\/td>\n<td style=\"text-align: center;\" width=\"154\" data-rm-block-id=\"block-26\">535*460*563<\/td>\n<\/tr>\n<tr>\n<td style=\"text-align: center;\" width=\"165\" data-rm-block-id=\"block-27\">Sistema di controllo<\/td>\n<td style=\"text-align: center;\" colspan=\"3\" width=\"499\" data-rm-block-id=\"block-28\">PLC<\/td>\n<\/tr>\n<tr>\n<td style=\"text-align: center;\" width=\"165\" data-rm-block-id=\"block-29\">Alimentazione elettrica<\/td>\n<td style=\"text-align: center;\" colspan=\"3\" width=\"499\" data-rm-block-id=\"block-30\">1 PH AC 220V 50\/60Hz (Opzionale: da 110V a 380V)<\/td>\n<\/tr>\n<tr>\n<td style=\"text-align: center;\" width=\"165\" data-rm-block-id=\"block-31\">Pesare<\/td>\n<td style=\"text-align: center;\" width=\"183\" data-rm-block-id=\"block-32\">180 Kg<\/td>\n<td style=\"text-align: center;\" width=\"162\" data-rm-block-id=\"block-33\">240 Kg<\/td>\n<td style=\"text-align: center;\" width=\"154\" data-rm-block-id=\"block-34\">300 Kg<\/td>\n<\/tr>\n<\/tbody>\n<\/table>\n<p data-rm-block-id=\"block-35\"><a href=\"https:\/\/www.youtube.com\/@allaismt\" rel=\"nofollow noopener\" target=\"_blank\"><u>https:\/\/www.youtube.com\/@allaismt<\/u><\/a><\/p>\n<p data-rm-block-id=\"block-36\">Per maggiori informazioni sullo scaricatore a 90 gradi YUL-M1150, inviare un&#039;e-mail a<\/p>\n<p data-rm-block-id=\"block-37\"><a href=\"mailto:sophia@allaismt.com\"><u>sophia@allaismt.com<\/u><\/a><\/p>\n<p data-rm-block-id=\"block-38\">Risponderemo tempestivamente alla tua richiesta e ti forniremo informazioni dettagliate sui nostri prodotti e servizi.<\/p>\n<p data-rm-block-id=\"block-39\">","protected":false},"excerpt":{"rendered":"<p>Descrizione: Il <strong data-start=\"100\" data-end=\"140\">Scaricatore PCB SMT a 90 gradi YUL-M1150<\/strong> \u00e8 un sistema di movimentazione PCB ad alta efficienza progettato per linee di produzione SMT. Consente il trasferimento fluido e preciso dei PCB a 90 gradi, consentendo cambi di direzione fluidi all&#039;interno della linea di assemblaggio. Costruito con una struttura robusta e un sistema di azionamento affidabile, lo YUL-M1150 garantisce un funzionamento stabile e riduce al minimo il rischio di danni alla scheda. Il suo design compatto consente una facile integrazione nelle linee SMT esistenti, migliorando l&#039;efficienza del flusso di lavoro e la flessibilit\u00e0 di produzione.<\/p>\n<p>Quantit\u00e0 minima ordinabile: 1 pezzo<\/p>\n<p>Tempi di consegna: 15 giorni<\/p>","protected":false},"featured_media":22116,"comment_status":"closed","ping_status":"closed","template":"","meta":[],"etheme_brands":[],"product_brand":[],"product_cat":[144],"product_tag":[],"class_list":{"0":"post-22115","1":"product","2":"type-product","3":"status-publish","4":"has-post-thumbnail","6":"product_cat-pcb-handling-machine","8":"first","9":"instock","10":"shipping-taxable","11":"product-type-simple"},"_links":{"self":[{"href":"https:\/\/esmte.com\/it\/wp-json\/wp\/v2\/product\/22115","targetHints":{"allow":["GET"]}}],"collection":[{"href":"https:\/\/esmte.com\/it\/wp-json\/wp\/v2\/product"}],"about":[{"href":"https:\/\/esmte.com\/it\/wp-json\/wp\/v2\/types\/product"}],"replies":[{"embeddable":true,"href":"https:\/\/esmte.com\/it\/wp-json\/wp\/v2\/comments?post=22115"}],"version-history":[{"count":1,"href":"https:\/\/esmte.com\/it\/wp-json\/wp\/v2\/product\/22115\/revisions"}],"predecessor-version":[{"id":22371,"href":"https:\/\/esmte.com\/it\/wp-json\/wp\/v2\/product\/22115\/revisions\/22371"}],"wp:featuredmedia":[{"embeddable":true,"href":"https:\/\/esmte.com\/it\/wp-json\/wp\/v2\/media\/22116"}],"wp:attachment":[{"href":"https:\/\/esmte.com\/it\/wp-json\/wp\/v2\/media?parent=22115"}],"wp:term":[{"taxonomy":"brand","embeddable":true,"href":"https:\/\/esmte.com\/it\/wp-json\/wp\/v2\/etheme_brands?post=22115"},{"taxonomy":"product_brand","embeddable":true,"href":"https:\/\/esmte.com\/it\/wp-json\/wp\/v2\/product_brand?post=22115"},{"taxonomy":"product_cat","embeddable":true,"href":"https:\/\/esmte.com\/it\/wp-json\/wp\/v2\/product_cat?post=22115"},{"taxonomy":"product_tag","embeddable":true,"href":"https:\/\/esmte.com\/it\/wp-json\/wp\/v2\/product_tag?post=22115"}],"curies":[{"name":"parola chiave","href":"https:\/\/api.w.org\/{rel}","templated":true}]}}