{"id":22108,"date":"2025-11-25T03:12:50","date_gmt":"2025-11-25T03:12:50","guid":{"rendered":"https:\/\/esmte.com\/?post_type=product&#038;p=22108"},"modified":"2026-01-14T01:56:48","modified_gmt":"2026-01-14T01:56:48","slug":"smt-pcb-90-degree-unloader-yul-ll1550","status":"publish","type":"product","link":"https:\/\/esmte.com\/it\/products\/smt-pcb-90-degree-unloader-yul-ll1550\/","title":{"rendered":"SMT PCB Scaricatore a 90 Gradi YUL-LL1550"},"content":{"rendered":"<h2 data-rm-block-id=\"block-1\">Introduzione<\/h2>\n<p data-start=\"197\" data-end=\"507\">La gestione efficiente e precisa dei PCB \u00e8 essenziale nella moderna produzione elettronica per mantenere elevata produttivit\u00e0 e qualit\u00e0 del prodotto. <strong>SMT PCB Scaricatore a 90 Gradi YUL-LL1550<\/strong> is designed to provide reliable 90-degree PCB transfers, enabling seamless directional changes within SMT production lines.<\/p>\n<p data-start=\"509\" data-end=\"870\">The YUL-LL1550 ensures stable and accurate PCB handling during directional transfers, reducing the risk of board damage and maintaining continuous workflow. Its robust construction and dependable drive system deliver consistent performance, while the unloader accommodates a wide range of PCB sizes, making it versatile for various manufacturing requirements.<\/p>\n<p data-start=\"872\" data-end=\"1103\">Compatto e intuitivo, il modello YUL-M1150 si integra facilmente nelle linee SMT esistenti. Il suo funzionamento intuitivo e il design a bassa manutenzione contribuiscono a ridurre al minimo i tempi di fermo, semplificare i processi di produzione e migliorare l&#039;efficienza complessiva della linea.<\/p>\n<p data-start=\"1105\" data-end=\"1418\">Incorporando il <strong>SMT<\/strong> <strong data-start=\"1126\" data-end=\"1159\">Scaricatore a 90 gradi YUL-LL1550<\/strong>, i produttori possono ottenere transizioni PCB pi\u00f9 fluide, una maggiore efficienza produttiva e una gestione pi\u00f9 sicura delle schede sensibili. \u00c8 una soluzione ideale per le fabbriche di elettronica che cercano apparecchiature di trasferimento PCB verticali precise, affidabili e ad alte prestazioni.<\/p>\n<p data-rm-block-id=\"block-3\"><img loading=\"lazy\" decoding=\"async\" class=\"aligncenter wp-image-22096\" src=\"https:\/\/esmte.com\/wp-content\/uploads\/2025\/11\/90-degree-unloader.png\" alt=\"SMT 90 Degree Unloader YUL-LL1550\" width=\"516\" height=\"516\" srcset=\"https:\/\/esmte.com\/wp-content\/uploads\/2025\/11\/90-degree-unloader.png 2560w, https:\/\/esmte.com\/wp-content\/uploads\/2025\/11\/90-degree-unloader-100x100.png 100w, https:\/\/esmte.com\/wp-content\/uploads\/2025\/11\/90-degree-unloader-600x600.png 600w, https:\/\/esmte.com\/wp-content\/uploads\/2025\/11\/90-degree-unloader-300x300.png 300w, https:\/\/esmte.com\/wp-content\/uploads\/2025\/11\/90-degree-unloader-1024x1024.png 1024w, https:\/\/esmte.com\/wp-content\/uploads\/2025\/11\/90-degree-unloader-150x150.png 150w, https:\/\/esmte.com\/wp-content\/uploads\/2025\/11\/90-degree-unloader-768x768.png 768w, https:\/\/esmte.com\/wp-content\/uploads\/2025\/11\/90-degree-unloader-1536x1536.png 1536w, https:\/\/esmte.com\/wp-content\/uploads\/2025\/11\/90-degree-unloader-2048x2048.png 2048w, https:\/\/esmte.com\/wp-content\/uploads\/2025\/11\/90-degree-unloader-1x1.png 1w, https:\/\/esmte.com\/wp-content\/uploads\/2025\/11\/90-degree-unloader-10x10.png 10w\" sizes=\"auto, (max-width: 516px) 100vw, 516px\" \/><\/p>\n<h3 data-rm-block-id=\"block-4\">Caratteristiche principali<\/h3>\n<ul>\n<li data-start=\"635\" data-end=\"699\">\n<p data-start=\"637\" data-end=\"699\" data-rm-block-id=\"block-5\">Automatic right-angle turning for seamless PCB flow changes.<\/p>\n<\/li>\n<li data-start=\"700\" data-end=\"772\">\n<p data-start=\"702\" data-end=\"772\" data-rm-block-id=\"block-6\">Adjustable conveyor speed to match upstream and downstream machines.<\/p>\n<\/li>\n<li data-start=\"773\" data-end=\"834\">\n<p data-start=\"775\" data-end=\"834\" data-rm-block-id=\"block-7\">Anti-jam detection for continuous and reliable operation.<\/p>\n<\/li>\n<li data-start=\"835\" data-end=\"909\">\n<p data-start=\"837\" data-end=\"909\" data-rm-block-id=\"block-8\">Compatible with various SMT equipment such as loaders and AOI systems.<\/p>\n<\/li>\n<li data-rm-block-id=\"block-9\">Low-noise design suitable for modern factory environments.<\/li>\n<\/ul>\n<p data-rm-block-id=\"block-10\">These features make the 90-degree unloader ideal for high-volume SMT lines requiring smooth directional transitions while maintaining productivity and accuracy.<\/p>\n<h2 data-rm-block-id=\"block-11\">Specifiche<\/h2>\n<table style=\"height: 248px;\" width=\"1373\">\n<tbody>\n<tr>\n<td style=\"text-align: center;\" width=\"165\" data-rm-block-id=\"block-12\">Modello<br \/>\n(Scaricatore a 90 gradi)<\/td>\n<td style=\"text-align: center;\" width=\"183\" data-rm-block-id=\"block-13\">YUL-M1150<\/td>\n<td style=\"text-align: center;\" width=\"162\" data-rm-block-id=\"block-14\">YUL-L1350<\/td>\n<td style=\"text-align: center;\" width=\"154\" data-rm-block-id=\"block-15\">YUL-LL1550<\/td>\n<\/tr>\n<tr>\n<td style=\"text-align: center;\" width=\"165\" data-rm-block-id=\"block-16\">Dimensioni (mm)<\/td>\n<td style=\"text-align: center;\" width=\"183\" data-rm-block-id=\"block-17\">1150*1150*1205<\/td>\n<td style=\"text-align: center;\" width=\"162\" data-rm-block-id=\"block-18\">1350*1350*1205<\/td>\n<td style=\"text-align: center;\" width=\"154\" data-rm-block-id=\"block-19\">1550*1550*1205<\/td>\n<\/tr>\n<tr>\n<td style=\"text-align: center;\" width=\"165\" data-rm-block-id=\"block-20\">Dimensioni PCB (mm)<\/td>\n<td style=\"text-align: center;\" width=\"183\" data-rm-block-id=\"block-21\">50*50-330*250<\/td>\n<td style=\"text-align: center;\" width=\"162\" data-rm-block-id=\"block-22\">50*50-445*330<\/td>\n<td style=\"text-align: center;\" width=\"154\" data-rm-block-id=\"block-23\">50*50-530*390<\/td>\n<\/tr>\n<tr>\n<td style=\"text-align: center;\" width=\"165\" data-rm-block-id=\"block-24\">Dimensioni del rack (mm)<\/td>\n<td style=\"text-align: center;\" width=\"183\" data-rm-block-id=\"block-25\">355*320*563<\/td>\n<td style=\"text-align: center;\" width=\"162\" data-rm-block-id=\"block-26\">460*400*563<\/td>\n<td style=\"text-align: center;\" width=\"154\" data-rm-block-id=\"block-27\">535*460*563<\/td>\n<\/tr>\n<tr>\n<td style=\"text-align: center;\" width=\"165\" data-rm-block-id=\"block-28\">Sistema di controllo<\/td>\n<td style=\"text-align: center;\" colspan=\"3\" width=\"499\" data-rm-block-id=\"block-29\">PLC<\/td>\n<\/tr>\n<tr>\n<td style=\"text-align: center;\" width=\"165\" data-rm-block-id=\"block-30\">Alimentazione elettrica<\/td>\n<td style=\"text-align: center;\" colspan=\"3\" width=\"499\" data-rm-block-id=\"block-31\">1 PH AC 220V 50\/60Hz (Opzionale: da 110V a 380V)<\/td>\n<\/tr>\n<tr>\n<td style=\"text-align: center;\" width=\"165\" data-rm-block-id=\"block-32\">Pesare<\/td>\n<td style=\"text-align: center;\" width=\"183\" data-rm-block-id=\"block-33\">180 Kg<\/td>\n<td style=\"text-align: center;\" width=\"162\" data-rm-block-id=\"block-34\">240 Kg<\/td>\n<td style=\"text-align: center;\" width=\"154\" data-rm-block-id=\"block-35\">300 Kg<\/td>\n<\/tr>\n<\/tbody>\n<\/table>\n<p data-rm-block-id=\"block-36\"><a href=\"https:\/\/www.youtube.com\/@allaismt\" rel=\"nofollow noopener\" target=\"_blank\"><u>https:\/\/www.youtube.com\/@allaismt<\/u><\/a><\/p>\n<p data-rm-block-id=\"block-37\">For more information about the <strong>SMT PCB Scaricatore a 90 Gradi YUL-LL1550<\/strong>, si prega di inviare una e-mail a<\/p>\n<p data-rm-block-id=\"block-38\"><a href=\"mailto:sophia@allaismt.com\"><u>sophia@allaismt.com<\/u><\/a><\/p>\n<p data-rm-block-id=\"block-39\">Risponderemo tempestivamente alla tua richiesta e ti forniremo informazioni dettagliate sui nostri prodotti e servizi.<\/p>","protected":false},"excerpt":{"rendered":"<p>Descrizione: Il <strong>SMT<\/strong> <strong data-start=\"93\" data-end=\"126\">Scaricatore a 90 gradi YUL-LL1550<\/strong> \u00e8 un sistema di movimentazione PCB ad alta efficienza progettato per linee di produzione SMT. Consente il trasferimento fluido e preciso dei PCB a 90 gradi, consentendo cambi di direzione fluidi all&#039;interno della linea di assemblaggio. Costruito con una struttura robusta e un sistema di azionamento affidabile, lo YUL-M1150 garantisce un funzionamento stabile e riduce al minimo il rischio di danni alla scheda. Il suo design compatto consente una facile integrazione nelle linee SMT esistenti, migliorando l&#039;efficienza del flusso di lavoro e la flessibilit\u00e0 di produzione.<\/p>\n<p>Quantit\u00e0 minima ordinabile: 1 pezzo<\/p>\n<p>Tempi di consegna: 15 giorni<\/p>","protected":false},"featured_media":22109,"comment_status":"closed","ping_status":"closed","template":"","meta":[],"etheme_brands":[],"product_brand":[],"product_cat":[144],"product_tag":[],"class_list":{"0":"post-22108","1":"product","2":"type-product","3":"status-publish","4":"has-post-thumbnail","6":"product_cat-pcb-handling-machine","8":"first","9":"instock","10":"shipping-taxable","11":"product-type-simple"},"_links":{"self":[{"href":"https:\/\/esmte.com\/it\/wp-json\/wp\/v2\/product\/22108","targetHints":{"allow":["GET"]}}],"collection":[{"href":"https:\/\/esmte.com\/it\/wp-json\/wp\/v2\/product"}],"about":[{"href":"https:\/\/esmte.com\/it\/wp-json\/wp\/v2\/types\/product"}],"replies":[{"embeddable":true,"href":"https:\/\/esmte.com\/it\/wp-json\/wp\/v2\/comments?post=22108"}],"version-history":[{"count":1,"href":"https:\/\/esmte.com\/it\/wp-json\/wp\/v2\/product\/22108\/revisions"}],"predecessor-version":[{"id":23760,"href":"https:\/\/esmte.com\/it\/wp-json\/wp\/v2\/product\/22108\/revisions\/23760"}],"wp:featuredmedia":[{"embeddable":true,"href":"https:\/\/esmte.com\/it\/wp-json\/wp\/v2\/media\/22109"}],"wp:attachment":[{"href":"https:\/\/esmte.com\/it\/wp-json\/wp\/v2\/media?parent=22108"}],"wp:term":[{"taxonomy":"brand","embeddable":true,"href":"https:\/\/esmte.com\/it\/wp-json\/wp\/v2\/etheme_brands?post=22108"},{"taxonomy":"product_brand","embeddable":true,"href":"https:\/\/esmte.com\/it\/wp-json\/wp\/v2\/product_brand?post=22108"},{"taxonomy":"product_cat","embeddable":true,"href":"https:\/\/esmte.com\/it\/wp-json\/wp\/v2\/product_cat?post=22108"},{"taxonomy":"product_tag","embeddable":true,"href":"https:\/\/esmte.com\/it\/wp-json\/wp\/v2\/product_tag?post=22108"}],"curies":[{"name":"parola chiave","href":"https:\/\/api.w.org\/{rel}","templated":true}]}}