{"id":23136,"date":"2025-12-15T03:49:49","date_gmt":"2025-12-15T03:49:49","guid":{"rendered":"https:\/\/esmte.com\/?post_type=product&#038;p=23136"},"modified":"2025-12-15T03:49:49","modified_gmt":"2025-12-15T03:49:49","slug":"smt-nozzle-cleaning-machine-ync-36","status":"publish","type":"product","link":"https:\/\/esmte.com\/hu\/products\/smt-nozzle-cleaning-machine-ync-36\/","title":{"rendered":"SMT f\u00fav\u00f3katiszt\u00edt\u00f3 g\u00e9p YNC-36"},"content":{"rendered":"<h2>Bevezet\u00e9s<\/h2>\n<p data-start=\"214\" data-end=\"625\">A <strong data-start=\"218\" data-end=\"256\">SMT f\u00fav\u00f3katiszt\u00edt\u00f3 g\u00e9p YNC-36<\/strong> egy dedik\u00e1lt karbantart\u00e1si rendszer, amelyet a nagy pontoss\u00e1g\u00fa elektronikai \u00f6sszeszerel\u0151 sorokban tal\u00e1lhat\u00f3 SMT f\u00fav\u00f3k\u00e1k \u00e1lland\u00f3 teljes\u00edtm\u00e9ny\u00e9nek biztos\u00edt\u00e1s\u00e1ra fejlesztettek ki. A forraszt\u00f3paszta-maradv\u00e1nyok, a fluxuslerak\u00f3d\u00e1sok, a por \u00e9s a mikror\u00e9szecsk\u00e9k hat\u00e9kony elt\u00e1vol\u00edt\u00e1s\u00e1val az YNC-36 seg\u00edt helyre\u00e1ll\u00edtani a f\u00fav\u00f3k\u00e1k sz\u00edv\u00e1si hat\u00e9konys\u00e1g\u00e1t \u00e9s elhelyez\u00e9si pontoss\u00e1g\u00e1t, amelyek kritikus t\u00e9nyez\u0151k a modern SMT-gy\u00e1rt\u00e1sban.<\/p>\n<p data-start=\"627\" data-end=\"1046\">\u00dagy tervezt\u00e9k, hogy megfeleljen a szigor\u00fa min\u0151s\u00e9gi k\u00f6vetelm\u00e9nyeknek <strong data-start=\"679\" data-end=\"716\">orvosi elektronikai gy\u00e1rt\u00e1s<\/strong>, Az YNC-36 stabil \u00e9s megism\u00e9telhet\u0151 \u00f6sszeszerel\u00e9si folyamatokat t\u00e1mogat olyan \u00e9rz\u00e9keny alkatr\u00e9szekhez, mint az integr\u00e1lt \u00e1ramk\u00f6r\u00f6k, \u00e9rz\u00e9kel\u0151k \u00e9s miniat\u0171r csatlakoz\u00f3k. A tiszta f\u00fav\u00f3k\u00e1k cs\u00f6kkentik az alkatr\u00e9szek rossz elhelyez\u00e9s\u00e9nek, a leesett alkatr\u00e9szeknek \u00e9s az illeszt\u00e9si hib\u00e1knak a kock\u00e1zat\u00e1t, ami k\u00f6zvetlen\u00fcl hozz\u00e1j\u00e1rul az alacsonyabb hibasz\u00e1zal\u00e9khoz \u00e9s a nagyobb gy\u00e1rt\u00e1si megb\u00edzhat\u00f3s\u00e1ghoz az orvosi NY\u00c1K-gy\u00e1rt\u00f3sorokon.<\/p>\n<p data-start=\"1048\" data-end=\"1460\">A <strong data-start=\"177\" data-end=\"215\">SMT f\u00fav\u00f3katiszt\u00edt\u00f3 g\u00e9p YNC-36<\/strong> automatiz\u00e1lt tiszt\u00edt\u00e1si folyamattal rendelkezik, amely minimaliz\u00e1lja a k\u00e9zi beavatkoz\u00e1st \u00e9s a kezel\u0151t\u0151l val\u00f3 f\u00fcgg\u0151s\u00e9get. A hagyom\u00e1nyos k\u00e9zi tiszt\u00edt\u00e1si m\u00f3dszerekkel \u00f6sszehasonl\u00edtva a g\u00e9p egyenletes \u00e9s ellen\u0151rz\u00f6tt tiszt\u00edt\u00e1si eredm\u00e9nyeket biztos\u00edt, mik\u00f6zben megakad\u00e1lyozza a f\u00fav\u00f3k\u00e1k mechanikai k\u00e1rosod\u00e1s\u00e1t. Ez nemcsak a karbantart\u00e1s hat\u00e9konys\u00e1g\u00e1t jav\u00edtja, hanem meghosszabb\u00edtja a f\u00fav\u00f3k\u00e1k \u00e9lettartam\u00e1t is, cs\u00f6kkentve a csere gyakoris\u00e1g\u00e1t \u00e9s az \u00e1ltal\u00e1nos \u00fczemeltet\u00e9si k\u00f6lts\u00e9geket.<\/p>\n<p data-start=\"1462\" data-end=\"1846\">Ezenk\u00edv\u00fcl a g\u00e9p alkalmas tisztat\u00e9ri vagy szab\u00e1lyozott gy\u00e1rt\u00e1si k\u00f6rnyezetbe val\u00f3 integr\u00e1l\u00e1sra, t\u00e1mogatva a szennyez\u0151d\u00e9s-szab\u00e1lyoz\u00e1st \u00e9s az auditk\u00e9sz gy\u00e1rt\u00e1si felt\u00e9teleket. Kompakt kialak\u00edt\u00e1sa rugalmas elhelyez\u00e9st tesz lehet\u0151v\u00e9 az SMT-gy\u00e1rt\u00f3sorok k\u00f6zel\u00e9ben, lehet\u0151v\u00e9 t\u00e9ve a f\u00fav\u00f3k\u00e1k gyors \u00e1t\u00e1ll\u00e1s\u00e1t \u00e9s a gyors reag\u00e1l\u00e1st a termel\u00e9sv\u00e1lt\u00e1sokra, amelyek gyakran sz\u00fcks\u00e9gesek a nagy mennyis\u00e9g\u0171 orvosi elektronikai gy\u00e1rt\u00e1sban.<\/p>\n<p data-start=\"1848\" data-end=\"2130\">\u00d6sszess\u00e9g\u00e9ben a <strong data-start=\"1861\" data-end=\"1899\">SMT f\u00fav\u00f3katiszt\u00edt\u00f3 g\u00e9p YNC-36<\/strong> alapvet\u0151 t\u00e1mogat\u00f3 rendszer az orvostechnikai gy\u00e1rak sz\u00e1m\u00e1ra, amelyek c\u00e9lja az elhelyez\u00e9si pontoss\u00e1g n\u00f6vel\u00e9se, a folyamatstabilit\u00e1s biztos\u00edt\u00e1sa, valamint a szigor\u00fa min\u0151s\u00e9gi \u00e9s megb\u00edzhat\u00f3s\u00e1gi szabv\u00e1nyok betart\u00e1sa az SMT \u00f6sszeszerel\u00e9si m\u0171veletek sor\u00e1n.<\/p>\n<p><img loading=\"lazy\" decoding=\"async\" class=\"alignnone wp-image-23132 aligncenter\" src=\"https:\/\/esmte.com\/wp-content\/uploads\/2025\/12\/11-44-scaled.webp\" alt=\"SMT Nozzle Cleaning Machine\" width=\"621\" height=\"586\" srcset=\"https:\/\/esmte.com\/wp-content\/uploads\/2025\/12\/11-44-scaled.webp 2560w, https:\/\/esmte.com\/wp-content\/uploads\/2025\/12\/11-44-300x283.webp 300w, https:\/\/esmte.com\/wp-content\/uploads\/2025\/12\/11-44-1024x965.webp 1024w, https:\/\/esmte.com\/wp-content\/uploads\/2025\/12\/11-44-768x724.webp 768w, https:\/\/esmte.com\/wp-content\/uploads\/2025\/12\/11-44-1536x1448.webp 1536w, https:\/\/esmte.com\/wp-content\/uploads\/2025\/12\/11-44-2048x1931.webp 2048w, https:\/\/esmte.com\/wp-content\/uploads\/2025\/12\/11-44-13x12.webp 13w, https:\/\/esmte.com\/wp-content\/uploads\/2025\/12\/11-44-600x566.webp 600w, https:\/\/esmte.com\/wp-content\/uploads\/2025\/12\/11-44-4x3.webp 4w, https:\/\/esmte.com\/wp-content\/uploads\/2025\/12\/11-44-10x10.webp 10w\" sizes=\"auto, (max-width: 621px) 100vw, 621px\" \/><\/p>\n<p>&nbsp;<\/p>\n<h2>Hogyan haszn\u00e1lj\u00e1k az YNC-36 SMT f\u00fav\u00f3katiszt\u00edt\u00f3 g\u00e9pet az orvosi elektronikai gy\u00e1rakban?<\/h2>\n<ul>\n<li data-start=\"144\" data-end=\"413\">\n<p data-start=\"147\" data-end=\"413\"><strong data-start=\"147\" data-end=\"207\">\u00c9rz\u00e9keny alkatr\u00e9szek prec\u00edzi\u00f3s elhelyez\u00e9s\u00e9nek fenntart\u00e1sa<\/strong><br data-start=\"207\" data-end=\"210\" \/>Az YNC-36 tiszt\u00edtja a miniat\u0171r \u00e9s nagy prec\u00edzi\u00f3s alkatr\u00e9szek, p\u00e9ld\u00e1ul integr\u00e1lt \u00e1ramk\u00f6r\u00f6k, \u00e9rz\u00e9kel\u0151k \u00e9s mikrocsatlakoz\u00f3k kezel\u00e9s\u00e9hez haszn\u00e1lt SMT f\u00fav\u00f3k\u00e1kat, biztos\u00edtva a stabil v\u00e1kuumteljes\u00edtm\u00e9nyt \u00e9s a pontos elhelyez\u00e9st az orvosi NY\u00c1K-okon.<\/p>\n<\/li>\n<li data-start=\"415\" data-end=\"654\">\n<p data-start=\"418\" data-end=\"654\"><strong data-start=\"418\" data-end=\"469\">A hib\u00e1k cs\u00f6kkent\u00e9se a nagy megb\u00edzhat\u00f3s\u00e1g\u00fa gy\u00e1rt\u00e1sban<\/strong><br data-start=\"469\" data-end=\"472\" \/>A rendszeres f\u00fav\u00f3katiszt\u00edt\u00e1s minimaliz\u00e1lja az elhelyez\u00e9si hib\u00e1kat, az alkatr\u00e9szek lees\u00e9s\u00e9t \u00e9s az illeszt\u00e9si hib\u00e1kat, t\u00e1mogatva a kev\u00e9s hib\u00e1t mutat\u00f3, kiv\u00e1l\u00f3 min\u0151s\u00e9g\u0171 \u00f6sszeszerel\u00e9st, ami elengedhetetlen az orvosi elektronikai gy\u00e1rt\u00e1sban.<\/p>\n<\/li>\n<li data-start=\"656\" data-end=\"894\">\n<p data-start=\"659\" data-end=\"894\"><strong data-start=\"659\" data-end=\"711\">Tisztat\u00e9ri \u00e9s ellen\u0151rz\u00f6tt k\u00f6rnyezetek t\u00e1mogat\u00e1sa<\/strong><br data-start=\"711\" data-end=\"714\" \/>A g\u00e9p szab\u00e1lyozott tiszt\u00edt\u00e1si folyamata alkalmas tisztat\u00e9ri vagy f\u00e9lig tisztat\u00e9ri gy\u00e1rt\u00f3sorokhoz, seg\u00edtve az orvostechnikai gy\u00e1rakat a szigor\u00fa szennyez\u0151d\u00e9s-szab\u00e1lyoz\u00e1s fenntart\u00e1s\u00e1ban.<\/p>\n<\/li>\n<li data-start=\"896\" data-end=\"1131\">\n<p data-start=\"899\" data-end=\"1131\"><strong data-start=\"899\" data-end=\"948\">A berendez\u00e9sek stabilit\u00e1s\u00e1nak \u00e9s \u00e1lland\u00f3s\u00e1g\u00e1nak jav\u00edt\u00e1sa<\/strong><br data-start=\"948\" data-end=\"951\" \/>Az\u00e1ltal, hogy a f\u00fav\u00f3k\u00e1kat optim\u00e1lis \u00e1llapotban tartja, az YNC-36 SMT f\u00fav\u00f3katiszt\u00edt\u00f3 g\u00e9p cs\u00f6kkenti a v\u00e1kuumingadoz\u00e1sokat \u00e9s a mechanikai ig\u00e9nybev\u00e9telt a pick-and-place g\u00e9peken, biztos\u00edtva a stabil \u00e9s megism\u00e9telhet\u0151 \u00f6sszeszerel\u00e9si folyamatokat.<\/p>\n<\/li>\n<li data-start=\"1133\" data-end=\"1347\">\n<p data-start=\"1136\" data-end=\"1347\"><strong data-start=\"1136\" data-end=\"1196\">A f\u00fav\u00f3k\u00e1k \u00e9lettartam\u00e1nak meghosszabb\u00edt\u00e1sa \u00e9s a karbantart\u00e1si k\u00f6lts\u00e9gek cs\u00f6kkent\u00e9se<\/strong><br data-start=\"1196\" data-end=\"1199\" \/>Az automatiz\u00e1lt tiszt\u00edt\u00e1s megakad\u00e1lyozza a k\u00e9zi m\u00f3dszerek okozta kop\u00e1st, meghosszabb\u00edtja a f\u00fav\u00f3k\u00e1k \u00e9lettartam\u00e1t, cs\u00f6kkenti a cser\u00e9k sz\u00e1m\u00e1t \u00e9s az \u00e1ltal\u00e1nos karbantart\u00e1si k\u00f6lts\u00e9geket.<\/p>\n<\/li>\n<li data-start=\"1349\" data-end=\"1559\">\n<p data-start=\"1352\" data-end=\"1559\"><strong data-start=\"1352\" data-end=\"1413\">Az orvosi gy\u00e1rt\u00e1si szabv\u00e1nyoknak val\u00f3 megfelel\u00e9s fokoz\u00e1sa<\/strong><br data-start=\"1413\" data-end=\"1416\" \/>A tiszta \u00e9s j\u00f3l karbantartott f\u00fav\u00f3k\u00e1k seg\u00edtenek a gy\u00e1raknak megfelelni az ISO 13485 szabv\u00e1nynak \u00e9s m\u00e1s szab\u00e1lyoz\u00e1si k\u00f6vetelm\u00e9nyeknek, t\u00e1mogatva a nyomonk\u00f6vethet\u0151s\u00e9get \u00e9s az auditk\u00e9szs\u00e9get.<\/p>\n<\/li>\n<li data-start=\"1561\" data-end=\"1792\">\n<p data-start=\"1564\" data-end=\"1792\"><strong data-start=\"1564\" data-end=\"1606\">Hat\u00e9kony, nagy kever\u00e9k\u0171 termel\u00e9s lehet\u0151v\u00e9 t\u00e9tele<\/strong><br data-start=\"1606\" data-end=\"1609\" \/>Az YNC-36 gyors tiszt\u00edt\u00e1st tesz lehet\u0151v\u00e9 a gy\u00e1rt\u00e1si sorozatok k\u00f6z\u00f6tt, megk\u00f6nny\u00edtve a gyors gy\u00e1rt\u00f3sori v\u00e1lt\u00e1st an\u00e9lk\u00fcl, hogy az orvosi elektronikai \u00f6sszeszerel\u00e9s sor\u00e1n az elhelyez\u00e9si pontoss\u00e1g vagy a tisztas\u00e1g vesz\u00e9lybe ker\u00fclne.<\/p>\n<\/li>\n<\/ul>\n<p>&nbsp;<\/p>\n<p data-start=\"1848\" data-end=\"2130\"><img loading=\"lazy\" decoding=\"async\" class=\"alignnone wp-image-23133 aligncenter\" src=\"https:\/\/esmte.com\/wp-content\/uploads\/2025\/12\/Nozzle2.webp\" alt=\"\" width=\"1100\" height=\"611\" srcset=\"https:\/\/esmte.com\/wp-content\/uploads\/2025\/12\/Nozzle2.webp 2092w, https:\/\/esmte.com\/wp-content\/uploads\/2025\/12\/Nozzle2-300x167.webp 300w, https:\/\/esmte.com\/wp-content\/uploads\/2025\/12\/Nozzle2-1024x569.webp 1024w, https:\/\/esmte.com\/wp-content\/uploads\/2025\/12\/Nozzle2-768x427.webp 768w, https:\/\/esmte.com\/wp-content\/uploads\/2025\/12\/Nozzle2-1536x853.webp 1536w, https:\/\/esmte.com\/wp-content\/uploads\/2025\/12\/Nozzle2-2048x1138.webp 2048w, https:\/\/esmte.com\/wp-content\/uploads\/2025\/12\/Nozzle2-18x10.webp 18w, https:\/\/esmte.com\/wp-content\/uploads\/2025\/12\/Nozzle2-600x333.webp 600w, https:\/\/esmte.com\/wp-content\/uploads\/2025\/12\/Nozzle2-4x3.webp 4w, https:\/\/esmte.com\/wp-content\/uploads\/2025\/12\/Nozzle2-10x6.webp 10w\" sizes=\"auto, (max-width: 1100px) 100vw, 1100px\" \/><\/p>\n<h2>Specifik\u00e1ci\u00f3k<\/h2>\n<table style=\"border-collapse: collapse; width: 1298px; height: 339px;\" border=\"0\" width=\"828\" cellspacing=\"0\" cellpadding=\"0\">\n<tbody>\n<tr style=\"height: 15.00pt;\">\n<td class=\"et2\" style=\"height: 15pt; width: 109.5pt; text-align: center;\" width=\"146\" height=\"20\">Modell<\/td>\n<td class=\"et2\" style=\"width: 255.75pt; text-align: center;\" width=\"341\">YNC-24<\/td>\n<td class=\"et2\" style=\"width: 255.75pt; text-align: center;\" width=\"341\">YNC-36<\/td>\n<\/tr>\n<tr style=\"height: 15.00pt;\">\n<td class=\"et2\" style=\"height: 15pt; width: 109.5pt; text-align: center;\" width=\"146\" height=\"20\">Leveg\u0151ell\u00e1t\u00e1s<\/td>\n<td class=\"et2\" style=\"width: 255.75pt; text-align: center;\" width=\"341\">0,5~0,7 MPa<\/td>\n<td class=\"et2\" style=\"width: 255.75pt; text-align: center;\" width=\"341\">0,5~0,7 MPa<\/td>\n<\/tr>\n<tr style=\"height: 15.00pt;\">\n<td class=\"et2\" style=\"height: 15pt; width: 109.5pt; text-align: center;\" width=\"146\" height=\"20\">T\u00e1pegys\u00e9g<\/td>\n<td class=\"et2\" style=\"width: 255.75pt; text-align: center;\" width=\"341\">AC220V, 1A<\/td>\n<td class=\"et2\" style=\"width: 255.75pt; text-align: center;\" width=\"341\">AC220V, 1A<\/td>\n<\/tr>\n<tr style=\"height: 15.00pt;\">\n<td class=\"et2\" style=\"height: 15pt; width: 109.5pt; text-align: center;\" width=\"146\" height=\"20\">Tiszta folyad\u00e9k<\/td>\n<td class=\"et2\" style=\"width: 255.75pt; text-align: center;\" width=\"341\">Tiszt\u00edtott v\u00edz vagy desztill\u00e1lt v\u00edz<\/td>\n<td class=\"et2\" style=\"width: 255.75pt; text-align: center;\" width=\"341\">Tiszt\u00edtott v\u00edz vagy desztill\u00e1lt v\u00edz<\/td>\n<\/tr>\n<tr style=\"height: 15.00pt;\">\n<td class=\"et2\" style=\"height: 15pt; width: 109.5pt; text-align: center;\" width=\"146\" height=\"20\">Tiszta id\u0151<\/td>\n<td class=\"et2\" style=\"width: 255.75pt; text-align: center;\" width=\"341\">2~3 perc<\/td>\n<td class=\"et2\" style=\"width: 255.75pt; text-align: center;\" width=\"341\">2~3 perc<\/td>\n<\/tr>\n<tr style=\"height: 15.00pt;\">\n<td class=\"et2\" style=\"height: 15pt; width: 109.5pt; text-align: center;\" width=\"146\" height=\"20\">Sz\u00e1rad\u00e1si id\u0151<\/td>\n<td class=\"et2\" style=\"width: 255.75pt; text-align: center;\" width=\"341\">1~3 perc<\/td>\n<td class=\"et2\" style=\"width: 255.75pt; text-align: center;\" width=\"341\">1~3 perc<\/td>\n<\/tr>\n<tr style=\"height: 15.00pt;\">\n<td class=\"et2\" style=\"height: 15pt; width: 109.5pt; text-align: center;\" width=\"146\" height=\"20\">Sug\u00e1rnyom\u00e1s<\/td>\n<td class=\"et2\" style=\"width: 255.75pt; text-align: center;\" width=\"341\">\u22640,55 MPa<\/td>\n<td class=\"et2\" style=\"width: 255.75pt; text-align: center;\" width=\"341\">\u22640,55 MPa<\/td>\n<\/tr>\n<tr style=\"height: 15.00pt;\">\n<td class=\"et2\" style=\"height: 15pt; width: 109.5pt; text-align: center;\" width=\"146\" height=\"20\">V\u00edzfogyaszt\u00e1s<\/td>\n<td class=\"et2\" style=\"width: 255.75pt; text-align: center;\" width=\"341\">\u2264150cc\/\u00f3ra<\/td>\n<td class=\"et2\" style=\"width: 255.75pt; text-align: center;\" width=\"341\">\u2264150cc\/\u00f3ra<\/td>\n<\/tr>\n<tr style=\"height: 15.00pt;\">\n<td class=\"et2\" style=\"height: 15pt; width: 109.5pt; text-align: center;\" width=\"146\" height=\"20\">F\u00fav\u00f3kav\u00e1laszt\u00e9k<\/td>\n<td class=\"et2\" style=\"width: 255.75pt; text-align: center;\" width=\"341\">Min. 01005~Max. bels\u0151 \u00e1tm\u00e9r\u0151 \u00a22.0mm<\/td>\n<td class=\"et2\" style=\"width: 255.75pt; text-align: center;\" width=\"341\">Min. 01005~Max. bels\u0151 \u00e1tm\u00e9r\u0151 \u00a22.0mm<\/td>\n<\/tr>\n<tr style=\"height: 30.00pt;\">\n<td class=\"et2\" style=\"height: 30pt; width: 109.5pt; text-align: center;\" width=\"146\" height=\"40\">Jig specifik\u00e1ci\u00f3<\/td>\n<td class=\"et3\" style=\"width: 255.75pt; text-align: center;\" width=\"341\">Kis f\u00fav\u00f3ka 24 lyukkal<br \/>\nNagy f\u00fav\u00f3ka 12 lyukkal<\/td>\n<td class=\"et3\" style=\"width: 255.75pt; text-align: center;\" width=\"341\">Kis f\u00fav\u00f3ka 36 lyukkal<br \/>\nNagy f\u00fav\u00f3ka 12 lyukkal<\/td>\n<\/tr>\n<tr style=\"height: 15.00pt;\">\n<td class=\"et2\" style=\"height: 15pt; width: 109.5pt; text-align: center;\" width=\"146\" height=\"20\">G\u00e9p m\u00e9rete<\/td>\n<td class=\"et2\" style=\"width: 255.75pt; text-align: center;\" width=\"341\">H665 \u00d7 Sz555 \u00d7 M475 (mm)<\/td>\n<td class=\"et2\" style=\"width: 255.75pt; text-align: center;\" width=\"341\">H665 \u00d7 Sz555 \u00d7 M475 (mm)<\/td>\n<\/tr>\n<tr style=\"height: 15.00pt;\">\n<td class=\"et2\" style=\"height: 15pt; width: 109.5pt; text-align: center;\" width=\"146\" height=\"20\">G\u00e9p s\u00falya<\/td>\n<td class=\"et2\" style=\"width: 255.75pt; text-align: center;\" width=\"341\">40 kg<\/td>\n<td class=\"et2\" style=\"width: 255.75pt; text-align: center;\" width=\"341\">40 kg<\/td>\n<\/tr>\n<\/tbody>\n<\/table>\n<p>&nbsp;<\/p>\n<p><a href=\"https:\/\/www.youtube.com\/@allaismt\" rel=\"nofollow noopener\" target=\"_blank\"><u>https:\/\/www.youtube.com\/@allaismt<\/u><\/a><\/p>\n<p>Az YNC-36 SMT f\u00fav\u00f3katiszt\u00edt\u00f3 g\u00e9ppel kapcsolatos tov\u00e1bbi inform\u00e1ci\u00f3k\u00e9rt k\u00e9rj\u00fck, k\u00fcldj\u00f6n e-mailt a k\u00f6vetkez\u0151 c\u00edmre:<\/p>\n<p><a href=\"mailto:sophia@allaismt.com\"><u>sophia@allaismt.com<\/u><\/a><\/p>\n<p>Megkeres\u00e9s\u00e9re halad\u00e9ktalanul v\u00e1laszolunk, \u00e9s r\u00e9szletes t\u00e1j\u00e9koztat\u00e1st ny\u00fajtunk term\u00e9keinkr\u0151l \u00e9s szolg\u00e1ltat\u00e1sainkr\u00f3l.<\/p>\n<p>&nbsp;<\/p>","protected":false},"excerpt":{"rendered":"<p>Le\u00edr\u00e1s\uff1aA <strong data-start=\"177\" data-end=\"215\">SMT f\u00fav\u00f3katiszt\u00edt\u00f3 g\u00e9p YNC-36<\/strong> fejlett, automatiz\u00e1lt megk\u00f6zel\u00edt\u00e9st k\u00edn\u00e1l az SMT pick-and-place f\u00fav\u00f3k\u00e1k megb\u00edzhat\u00f3s\u00e1g\u00e1nak \u00e9s hat\u00e9konys\u00e1g\u00e1nak fenntart\u00e1s\u00e1ra, biztos\u00edtva m\u00e9g a legkisebb alkatr\u00e9szek prec\u00edz kezel\u00e9s\u00e9t is. Ide\u00e1lis ig\u00e9nyes k\u00f6rnyezetekhez, mint p\u00e9ld\u00e1ul <strong data-start=\"434\" data-end=\"467\">orvosi elektronikai gy\u00e1rak<\/strong>, A g\u00e9p megakad\u00e1lyozza a termel\u00e9si megszak\u00edt\u00e1sokat az\u00e1ltal, hogy elt\u00e1vol\u00edtja a makacs maradv\u00e1nyokat, a port \u00e9s a fluxuslerak\u00f3d\u00e1sokat, amelyek vesz\u00e9lyeztethetik a f\u00fav\u00f3k\u00e1k sz\u00edv\u00e1s\u00e1t \u00e9s elhelyez\u00e9s\u00e9nek pontoss\u00e1g\u00e1t. A gyeng\u00e9d, m\u00e9gis alapos tiszt\u00edt\u00e1si folyamat cs\u00f6kkenti a f\u00fav\u00f3k\u00e1k kop\u00e1s\u00e1t, m\u00e9rs\u00e9kli a karbantart\u00e1si ig\u00e9nyeket, \u00e9s t\u00e1mogatja az \u00e1lland\u00f3, kiv\u00e1l\u00f3 min\u0151s\u00e9g\u0171 \u00f6sszeszerel\u00e9st. Az SMT gy\u00e1rt\u00f3sorokba val\u00f3 z\u00f6kken\u0151mentes integr\u00e1ci\u00f3val az YNC-36 n\u00f6veli az \u00e1ltal\u00e1nos m\u0171k\u00f6d\u00e9si hat\u00e9konys\u00e1got, el\u0151seg\u00edti a stabil gy\u00e1rt\u00e1si folyamatokat, \u00e9s seg\u00edti az orvostechnikai gy\u00e1rt\u00f3kat a szigor\u00fa min\u0151s\u00e9gi \u00e9s szab\u00e1lyoz\u00e1si el\u0151\u00edr\u00e1sok betart\u00e1s\u00e1ban.<\/p>\n<p>Minim\u00e1lis rendel\u00e9si mennyis\u00e9g: 1 db<\/p>\n<p>\u00c1tfut\u00e1si id\u0151: 15 nap<\/p>","protected":false},"featured_media":23137,"comment_status":"closed","ping_status":"closed","template":"","meta":[],"etheme_brands":[],"product_brand":[],"product_cat":[158,156],"product_tag":[],"class_list":{"0":"post-23136","1":"product","2":"type-product","3":"status-publish","4":"has-post-thumbnail","6":"product_cat-nozzle-cleaning-machine","7":"product_cat-pcb-cleaning-machine","9":"first","10":"instock","11":"shipping-taxable","12":"product-type-simple"},"_links":{"self":[{"href":"https:\/\/esmte.com\/hu\/wp-json\/wp\/v2\/product\/23136","targetHints":{"allow":["GET"]}}],"collection":[{"href":"https:\/\/esmte.com\/hu\/wp-json\/wp\/v2\/product"}],"about":[{"href":"https:\/\/esmte.com\/hu\/wp-json\/wp\/v2\/types\/product"}],"replies":[{"embeddable":true,"href":"https:\/\/esmte.com\/hu\/wp-json\/wp\/v2\/comments?post=23136"}],"version-history":[{"count":1,"href":"https:\/\/esmte.com\/hu\/wp-json\/wp\/v2\/product\/23136\/revisions"}],"predecessor-version":[{"id":23140,"href":"https:\/\/esmte.com\/hu\/wp-json\/wp\/v2\/product\/23136\/revisions\/23140"}],"wp:featuredmedia":[{"embeddable":true,"href":"https:\/\/esmte.com\/hu\/wp-json\/wp\/v2\/media\/23137"}],"wp:attachment":[{"href":"https:\/\/esmte.com\/hu\/wp-json\/wp\/v2\/media?parent=23136"}],"wp:term":[{"taxonomy":"brand","embeddable":true,"href":"https:\/\/esmte.com\/hu\/wp-json\/wp\/v2\/etheme_brands?post=23136"},{"taxonomy":"product_brand","embeddable":true,"href":"https:\/\/esmte.com\/hu\/wp-json\/wp\/v2\/product_brand?post=23136"},{"taxonomy":"product_cat","embeddable":true,"href":"https:\/\/esmte.com\/hu\/wp-json\/wp\/v2\/product_cat?post=23136"},{"taxonomy":"product_tag","embeddable":true,"href":"https:\/\/esmte.com\/hu\/wp-json\/wp\/v2\/product_tag?post=23136"}],"curies":[{"name":"munkaf\u00fczet","href":"https:\/\/api.w.org\/{rel}","templated":true}]}}