{"id":23021,"date":"2025-12-11T10:27:20","date_gmt":"2025-12-11T10:27:20","guid":{"rendered":"https:\/\/esmte.com\/?post_type=product&#038;p=23021"},"modified":"2026-01-13T02:53:25","modified_gmt":"2026-01-13T02:53:25","slug":"pure-water-machine-smt-pure-water-machine","status":"publish","type":"product","link":"https:\/\/esmte.com\/hu\/products\/pure-water-machine-smt-pure-water-machine\/","title":{"rendered":"SMT Pure Water Machine"},"content":{"rendered":"<h2 data-rm-block-id=\"block-1\">Bevezet\u00e9s<\/h2>\n<p data-start=\"238\" data-end=\"629\" data-rm-block-id=\"block-2\">A <strong>SMT<\/strong> <strong>Tisztav\u00edz-g\u00e9p<\/strong> egy automatiz\u00e1lt rendszer, amelyet nagy tisztas\u00e1g\u00fa v\u00edz el\u0151\u00e1ll\u00edt\u00e1s\u00e1ra terveztek tiszt\u00edt\u00e1si, \u00f6bl\u00edt\u00e9si \u00e9s feldolgoz\u00e1si alkalmaz\u00e1sokhoz az elektronikai, orvostechnikai eszk\u00f6z\u00f6k \u00e9s prec\u00edzi\u00f3s gy\u00e1rt\u00e1si ipar\u00e1gakban. Az \u00e1sv\u00e1nyi anyagok, szennyez\u0151d\u00e9sek \u00e9s szennyez\u0151 anyagok elt\u00e1vol\u00edt\u00e1s\u00e1val biztos\u00edtja, hogy a v\u00edzmin\u0151s\u00e9g megfeleljen a szigor\u00fa ipari szabv\u00e1nyoknak, megb\u00edzhat\u00f3 er\u0151forr\u00e1st biztos\u00edtva az \u00e9rz\u00e9keny termel\u00e9si folyamatokhoz.<\/p>\n<p data-start=\"631\" data-end=\"1035\" data-rm-block-id=\"block-3\">Be <strong data-start=\"634\" data-end=\"667\">orvosi elektronikai gy\u00e1rak<\/strong>, A g\u00e9p kritikus fontoss\u00e1g\u00fa a NY\u00c1K-ok, \u00e9rz\u00e9kel\u0151k, elektr\u00f3d\u00e1k \u00e9s szerelv\u00e9nyek tiszt\u00edt\u00e1s\u00e1hoz. A tiszta v\u00edz elt\u00e1vol\u00edtja a fluxusmaradv\u00e1nyokat, a port \u00e9s a mikroszkopikus r\u00e9szecsk\u00e9ket, biztos\u00edtva a magas megb\u00edzhat\u00f3s\u00e1got \u00e9s teljes\u00edtm\u00e9nyt a k\u00e9nyes orvostechnikai eszk\u00f6z\u00f6kben. T\u00e1mogatja a bevonatok \u00e9s adagol\u00f3berendez\u00e9sek tiszt\u00edt\u00e1s\u00e1t is, biztos\u00edtva a ragaszt\u00f3k \u00e9s bevonatok pontos, szennyez\u0151d\u00e9smentes felvitel\u00e9t.<\/p>\n<p data-start=\"1037\" data-end=\"1321\" data-rm-block-id=\"block-4\">Az aut\u00f3ipari \u00e9s sz\u00f3rakoztat\u00f3elektronikai iparban a rendszer \u00e1lland\u00f3, szennyez\u0151d\u00e9smentes vizet biztos\u00edt az \u00fajra\u00f6mleszt\u00e9ses \u00e9s hull\u00e1mforraszt\u00f3 palett\u00e1khoz, tesztberendez\u00e9sekhez \u00e9s egy\u00e9b szersz\u00e1mokhoz. Ez seg\u00edt megel\u0151zni a hib\u00e1kat, jav\u00edtja a forraszt\u00e1s min\u0151s\u00e9g\u00e9t, \u00e9s fenntartja az ICT\/FCT tesztel\u00e9si folyamatok pontoss\u00e1g\u00e1t.<\/p>\n<p data-start=\"1323\" data-end=\"1679\" data-rm-block-id=\"block-5\">A <strong>SMT Pure Water Machine<\/strong> A Tisztav\u00edz-g\u00e9p folyamatos, nagy \u00e1tereszt\u0151k\u00e9pess\u00e9g\u0171 termel\u00e9si k\u00f6rnyezetekre lett tervezve. Automatiz\u00e1lt m\u0171k\u00f6d\u00e9se, integr\u00e1lt sz\u0171r\u0151- \u00e9s fel\u00fcgyeleti rendszerei biztos\u00edtj\u00e1k a stabil v\u00edzmin\u0151s\u00e9get, cs\u00f6kkentik a k\u00e9zi kezel\u00e9st \u00e9s az alacsonyabb \u00fczemeltet\u00e9si k\u00f6lts\u00e9geket. A tart\u00f3s konstrukci\u00f3 \u00e9s az alacsony karbantart\u00e1si ig\u00e9ny\u0171 kialak\u00edt\u00e1s alkalmass\u00e1 teszi a hossz\u00fa t\u00e1v\u00fa, nagy \u00e1tereszt\u0151k\u00e9pess\u00e9g\u0171 gy\u00e1rt\u00e1sra.<\/p>\n<p data-start=\"1681\" data-end=\"1991\" data-rm-block-id=\"block-6\">\u00d6sszess\u00e9g\u00e9ben a <strong>SMT Pure Water Machine<\/strong> enhances production stability, extends fixture lifespan, and improves product quality. By providing reliable, high-purity water for cleaning and processing, it serves as an essential solution for medical electronics, automotive modules, and precision manufacturing applications.<\/p>\n<p data-start=\"1681\" data-end=\"1991\" data-rm-block-id=\"block-8\"><img loading=\"lazy\" decoding=\"async\" class=\"aligncenter wp-image-23022\" src=\"https:\/\/esmte.com\/wp-content\/uploads\/2025\/12\/11-42.webp\" alt=\"SMT Pure Water Machine\" width=\"603\" height=\"640\" srcset=\"https:\/\/esmte.com\/wp-content\/uploads\/2025\/12\/11-42.webp 1514w, https:\/\/esmte.com\/wp-content\/uploads\/2025\/12\/11-42-600x637.webp 600w, https:\/\/esmte.com\/wp-content\/uploads\/2025\/12\/11-42-283x300.webp 283w, https:\/\/esmte.com\/wp-content\/uploads\/2025\/12\/11-42-965x1024.webp 965w, https:\/\/esmte.com\/wp-content\/uploads\/2025\/12\/11-42-768x815.webp 768w, https:\/\/esmte.com\/wp-content\/uploads\/2025\/12\/11-42-1447x1536.webp 1447w, https:\/\/esmte.com\/wp-content\/uploads\/2025\/12\/11-42-1x1.webp 1w, https:\/\/esmte.com\/wp-content\/uploads\/2025\/12\/11-42-10x10.webp 10w\" sizes=\"auto, (max-width: 603px) 100vw, 603px\" \/><\/p>\n<h2 data-start=\"64\" data-end=\"138\" data-rm-block-id=\"block-10\"><strong data-start=\"67\" data-end=\"138\">Applications of SMT Pure Water Machine in Medical Electronics Factories<\/strong><\/h2>\n<p data-start=\"140\" data-end=\"363\" data-rm-block-id=\"block-11\"><strong data-start=\"140\" data-end=\"182\">1. Orvosi NY\u00c1K-ok \u00e9s alkatr\u00e9szek tiszt\u00edt\u00e1sa<\/strong><br data-start=\"182\" data-end=\"185\" \/>Nagy tisztas\u00e1g\u00fa vizet haszn\u00e1lnak orvosi NY\u00c1K-ok, \u00e9rz\u00e9kel\u0151k, elektr\u00f3d\u00e1k \u00e9s modulok tiszt\u00edt\u00e1s\u00e1ra, elt\u00e1vol\u00edtva a fluxusmaradv\u00e1nyokat, a port \u00e9s a szennyez\u0151d\u00e9seket a term\u00e9k megb\u00edzhat\u00f3s\u00e1g\u00e1nak \u00e9s teljes\u00edtm\u00e9ny\u00e9nek biztos\u00edt\u00e1sa \u00e9rdek\u00e9ben.<\/p>\n<p data-start=\"365\" data-end=\"617\" data-rm-block-id=\"block-12\"><strong data-start=\"365\" data-end=\"396\">2. Szersz\u00e1m- \u00e9s szersz\u00e1mtiszt\u00edt\u00e1s<\/strong><br data-start=\"396\" data-end=\"399\" \/>Az orvosi elektronik\u00e1ban haszn\u00e1lt tesztberendez\u00e9seket, \u00f6sszeszerel\u0151 k\u00e9sz\u00fcl\u00e9keket \u00e9s kalibr\u00e1l\u00f3 eszk\u00f6z\u00f6ket tiszta v\u00edzzel tiszt\u00edtj\u00e1k, hogy fenntarts\u00e1k a pontos \u00e9rintkez\u00e9si pontokat, \u00e9s megakad\u00e1lyozz\u00e1k a tesztel\u00e9s vagy az \u00f6sszeszerel\u00e9s pontoss\u00e1g\u00e1t befoly\u00e1sol\u00f3 szennyez\u0151d\u00e9seket.<\/p>\n<p data-start=\"619\" data-end=\"857\" data-rm-block-id=\"block-13\"><strong data-start=\"619\" data-end=\"658\">3. Bevon\u00e1si \u00e9s adagol\u00e1si folyamatok<\/strong><br data-start=\"658\" data-end=\"661\" \/>A tiszt\u00edt\u00f3bevonatokhoz \u00e9s ragaszt\u00f3anyag-adagol\u00f3 k\u00e9sz\u00fcl\u00e9kekhez tiszta vizet alkalmaznak, biztos\u00edtva, hogy a ragaszt\u00f3kb\u00f3l vagy konform bevonatokb\u00f3l sz\u00e1rmaz\u00f3 maradv\u00e1nyok teljes m\u00e9rt\u00e9kben elt\u00e1vol\u00edt\u00e1sra ker\u00fcljenek, megakad\u00e1lyozva az \u00e9rz\u00e9keny orvostechnikai eszk\u00f6z\u00f6k meghib\u00e1sod\u00e1s\u00e1t.<\/p>\n<p data-start=\"859\" data-end=\"1109\" data-rm-block-id=\"block-14\"><strong data-start=\"859\" data-end=\"896\">4. Nagy pontoss\u00e1g\u00fa alkatr\u00e9sz\u00f6bl\u00edt\u00e9s<\/strong><br data-start=\"896\" data-end=\"899\" \/>Az olyan alkatr\u00e9szeket, mint a mikroszenzorok, optikai modulok \u00e9s elektronikus szond\u00e1k, ultratiszta v\u00edzzel \u00f6bl\u00edtik le, hogy elt\u00e1vol\u00edts\u00e1k a mikror\u00e9szecsk\u00e9ket \u00e9s elker\u00fclj\u00e9k a szennyez\u0151d\u00e9sek bejut\u00e1s\u00e1t, amelyek vesz\u00e9lyeztethetik az eszk\u00f6z m\u0171k\u00f6d\u00e9s\u00e9t.<\/p>\n<p data-start=\"1111\" data-end=\"1375\" data-rm-block-id=\"block-15\"><strong data-start=\"1111\" data-end=\"1158\">5. Laborat\u00f3riumi \u00e9s K+F m\u0171veletek t\u00e1mogat\u00e1sa<\/strong><br data-start=\"1158\" data-end=\"1161\" \/>A tiszta v\u00edz megb\u00edzhat\u00f3, szennyez\u0151d\u00e9smentes forr\u00e1st biztos\u00edt laborat\u00f3riumi k\u00eds\u00e9rletekhez, k\u00e9miai oldatokhoz \u00e9s berendez\u00e9sek tiszt\u00edt\u00e1s\u00e1hoz, biztos\u00edtva a pontoss\u00e1got \u00e9s a k\u00f6vetkezetess\u00e9get az orvosi elektronikai kutat\u00e1sban \u00e9s fejleszt\u00e9sben.<\/p>\n<p data-start=\"1377\" data-end=\"1682\" data-rm-block-id=\"block-16\"><strong data-start=\"1377\" data-end=\"1427\">6. Integr\u00e1ci\u00f3 automatiz\u00e1lt gy\u00e1rt\u00f3sorokkal<\/strong><br data-start=\"1427\" data-end=\"1430\" \/>Az automatiz\u00e1lt orvosi elektronikai \u00f6sszeszerel\u00e9s sor\u00e1n a tisztavizes rendszer \u00e1lland\u00f3, kiv\u00e1l\u00f3 min\u0151s\u00e9g\u0171 vizet biztos\u00edt a tiszt\u00edt\u00f3-, \u00f6bl\u00edt\u0151- \u00e9s adagol\u00f3\u00e1llom\u00e1soknak, t\u00e1mogatva a nagy \u00e1tereszt\u0151k\u00e9pess\u00e9g\u0171 \u00e9s nagy kever\u00e9s\u0171 termel\u00e9st, mik\u00f6zben szigor\u00fa tisztas\u00e1gi szabv\u00e1nyokat tart fenn.<\/p>\n<h3>\u00a0 \u00a0 \u00a0 \u00a0 \u00a0 \u00a0 \u00a0 \u00a0 \u00a0 \u00a0 \u00a0 \u00a0 \u00a0 \u00a0 \u00a0 \u00a0 \u00a0 Tiszt\u00edt\u00e1s el\u0151tt Tiszt\u00edt\u00e1s ut\u00e1n<\/h3>\n<p data-start=\"1377\" data-end=\"1682\" data-rm-block-id=\"block-19\"><img loading=\"lazy\" decoding=\"async\" class=\"alignnone wp-image-23024 aligncenter\" src=\"https:\/\/esmte.com\/wp-content\/uploads\/2025\/12\/1-5-scaled.webp\" alt=\"\" width=\"1037\" height=\"362\" srcset=\"https:\/\/esmte.com\/wp-content\/uploads\/2025\/12\/1-5-scaled.webp 2560w, https:\/\/esmte.com\/wp-content\/uploads\/2025\/12\/1-5-scaled-600x209.webp 600w, https:\/\/esmte.com\/wp-content\/uploads\/2025\/12\/1-5-300x105.webp 300w, https:\/\/esmte.com\/wp-content\/uploads\/2025\/12\/1-5-1024x357.webp 1024w, https:\/\/esmte.com\/wp-content\/uploads\/2025\/12\/1-5-768x268.webp 768w, https:\/\/esmte.com\/wp-content\/uploads\/2025\/12\/1-5-1536x536.webp 1536w, https:\/\/esmte.com\/wp-content\/uploads\/2025\/12\/1-5-2048x714.webp 2048w, https:\/\/esmte.com\/wp-content\/uploads\/2025\/12\/1-5-1x1.webp 1w, https:\/\/esmte.com\/wp-content\/uploads\/2025\/12\/1-5-10x3.webp 10w\" sizes=\"auto, (max-width: 1037px) 100vw, 1037px\" \/><\/p>\n<h3>\u00a0 \u00a0 \u00a0 \u00a0 \u00a0 \u00a0 \u00a0 \u00a0 \u00a0 \u00a0 \u00a0 \u00a0 \u00a0 \u00a0 \u00a0 \u00a0 \u00a0 Tiszt\u00edt\u00e1s el\u0151tt Tiszt\u00edt\u00e1s ut\u00e1n<\/h3>\n<p style=\"text-align: center;\" data-start=\"1377\" data-end=\"1682\" data-rm-block-id=\"block-21\"><img loading=\"lazy\" decoding=\"async\" class=\"alignnone wp-image-23025\" src=\"https:\/\/esmte.com\/wp-content\/uploads\/2025\/12\/3-scaled.webp\" alt=\"\" width=\"1038\" height=\"359\" srcset=\"https:\/\/esmte.com\/wp-content\/uploads\/2025\/12\/3-scaled.webp 2560w, https:\/\/esmte.com\/wp-content\/uploads\/2025\/12\/3-scaled-600x207.webp 600w, https:\/\/esmte.com\/wp-content\/uploads\/2025\/12\/3-300x104.webp 300w, https:\/\/esmte.com\/wp-content\/uploads\/2025\/12\/3-1024x354.webp 1024w, https:\/\/esmte.com\/wp-content\/uploads\/2025\/12\/3-768x266.webp 768w, https:\/\/esmte.com\/wp-content\/uploads\/2025\/12\/3-1536x531.webp 1536w, https:\/\/esmte.com\/wp-content\/uploads\/2025\/12\/3-2048x708.webp 2048w, https:\/\/esmte.com\/wp-content\/uploads\/2025\/12\/3-1x1.webp 1w, https:\/\/esmte.com\/wp-content\/uploads\/2025\/12\/3-10x3.webp 10w\" sizes=\"auto, (max-width: 1038px) 100vw, 1038px\" \/><\/p>\n<h3>\u00a0 \u00a0 \u00a0 \u00a0 \u00a0 \u00a0 \u00a0 \u00a0 \u00a0 \u00a0 \u00a0 \u00a0 \u00a0 \u00a0 \u00a0 \u00a0 \u00a0 Tiszt\u00edt\u00e1s el\u0151tt Tiszt\u00edt\u00e1s ut\u00e1n<\/h3>\n<p style=\"text-align: center;\" data-start=\"1377\" data-end=\"1682\" data-rm-block-id=\"block-23\"><img loading=\"lazy\" decoding=\"async\" class=\"alignnone wp-image-23026\" src=\"https:\/\/esmte.com\/wp-content\/uploads\/2025\/12\/2-3-scaled.webp\" alt=\"\" width=\"1037\" height=\"357\" srcset=\"https:\/\/esmte.com\/wp-content\/uploads\/2025\/12\/2-3-scaled.webp 2560w, https:\/\/esmte.com\/wp-content\/uploads\/2025\/12\/2-3-scaled-600x206.webp 600w, https:\/\/esmte.com\/wp-content\/uploads\/2025\/12\/2-3-300x103.webp 300w, https:\/\/esmte.com\/wp-content\/uploads\/2025\/12\/2-3-1024x353.webp 1024w, https:\/\/esmte.com\/wp-content\/uploads\/2025\/12\/2-3-768x264.webp 768w, https:\/\/esmte.com\/wp-content\/uploads\/2025\/12\/2-3-1536x529.webp 1536w, https:\/\/esmte.com\/wp-content\/uploads\/2025\/12\/2-3-2048x705.webp 2048w, https:\/\/esmte.com\/wp-content\/uploads\/2025\/12\/2-3-1x1.webp 1w, https:\/\/esmte.com\/wp-content\/uploads\/2025\/12\/2-3-10x3.webp 10w\" sizes=\"auto, (max-width: 1037px) 100vw, 1037px\" \/><\/p>\n<h2 data-rm-block-id=\"block-25\">Specifik\u00e1ci\u00f3k<\/h2>\n<table style=\"border-collapse: collapse; width: 1302px; height: 259px;\" border=\"0\" width=\"660\" cellspacing=\"0\" cellpadding=\"0\">\n<tbody>\n<tr style=\"height: 17.25pt;\">\n<td class=\"et2\" style=\"height: 17.25pt; width: 177pt; text-align: center;\" width=\"236\" height=\"23\" data-rm-block-id=\"block-26\">T\u00e9tel<\/td>\n<td class=\"et2\" style=\"width: 318pt; text-align: center;\" width=\"424\" data-rm-block-id=\"block-27\">YP-1250<\/td>\n<\/tr>\n<tr style=\"height: 17.25pt;\">\n<td class=\"et2\" style=\"height: 17.25pt; width: 177pt; text-align: center;\" width=\"236\" height=\"23\" data-rm-block-id=\"block-28\">DI v\u00edzell\u00e1t\u00e1s<\/td>\n<td class=\"et2\" style=\"width: 318pt; text-align: center;\" width=\"424\" data-rm-block-id=\"block-29\">250 liter\/\u00f3ra<\/td>\n<\/tr>\n<tr style=\"height: 17.25pt;\">\n<td class=\"et2\" style=\"height: 17.25pt; width: 177pt; text-align: center;\" width=\"236\" height=\"23\" data-rm-block-id=\"block-30\">DI v\u00edznyom\u00e1s<\/td>\n<td class=\"et2\" style=\"width: 318pt; text-align: center;\" width=\"424\" data-rm-block-id=\"block-31\">0,2\u20130,4 MPa<\/td>\n<\/tr>\n<tr style=\"height: 17.25pt;\">\n<td class=\"et2\" style=\"height: 17.25pt; width: 177pt; text-align: center;\" width=\"236\" height=\"23\" data-rm-block-id=\"block-32\">Mos\u00f3szersz\u0171r\u0151<\/td>\n<td class=\"et2\" style=\"width: 318pt; text-align: center;\" width=\"424\" data-rm-block-id=\"block-33\">0,22 \u03bcm<\/td>\n<\/tr>\n<tr style=\"height: 17.25pt;\">\n<td class=\"et2\" style=\"height: 17.25pt; width: 177pt; text-align: center;\" width=\"236\" height=\"23\" data-rm-block-id=\"block-34\">\u00d6bl\u00edtse ki a v\u00edzcs\u00f6vet a sz\u0171r\u0151b\u0151l<\/td>\n<td class=\"et2\" style=\"width: 318pt; text-align: center;\" width=\"424\" data-rm-block-id=\"block-35\">0,22 \u03bcm<\/td>\n<\/tr>\n<tr style=\"height: 17.25pt;\">\n<td class=\"et2\" style=\"height: 17.25pt; width: 177pt; text-align: center;\" width=\"236\" height=\"23\" data-rm-block-id=\"block-36\">L\u00e9gsz\u0171r\u0151<\/td>\n<td class=\"et2\" style=\"width: 318pt; text-align: center;\" width=\"424\" data-rm-block-id=\"block-37\">10 \u03bcm<\/td>\n<\/tr>\n<tr style=\"height: 17.25pt;\">\n<td class=\"et2\" style=\"height: 17.25pt; width: 177pt; text-align: center;\" width=\"236\" height=\"23\" data-rm-block-id=\"block-38\">Hatalom<\/td>\n<td class=\"et2\" style=\"width: 318pt; text-align: center;\" width=\"424\" data-rm-block-id=\"block-39\">AC 380V\/5A\/50Hz, 3KW<\/td>\n<\/tr>\n<tr style=\"height: 17.25pt;\">\n<td class=\"et2\" style=\"height: 17.25pt; width: 177pt; text-align: center;\" width=\"236\" height=\"23\" data-rm-block-id=\"block-40\">G\u00e9p m\u00e9rete<\/td>\n<td class=\"et2\" style=\"width: 318pt; text-align: center;\" width=\"424\" data-rm-block-id=\"block-41\">H1200*SZ1100*M1750 mm<\/td>\n<\/tr>\n<tr style=\"height: 17.25pt;\">\n<td class=\"et2\" style=\"height: 17.25pt; width: 177pt; text-align: center;\" width=\"236\" height=\"23\" data-rm-block-id=\"block-42\">G\u00e9p s\u00falya<\/td>\n<td class=\"et2\" style=\"width: 318pt; text-align: center;\" width=\"424\" data-rm-block-id=\"block-43\">360 kg<\/td>\n<\/tr>\n<\/tbody>\n<\/table>\n<p data-rm-block-id=\"block-45\"><a href=\"https:\/\/www.youtube.com\/@allaismt\" rel=\"nofollow noopener\" target=\"_blank\"><u>https:\/\/www.youtube.com\/@allaismt<\/u><\/a><\/p>\n<p data-rm-block-id=\"block-46\">For more information about the <strong>SMT Pure Water Machine<\/strong>, k\u00e9rj\u00fck, k\u00fcldj\u00f6n egy e-mailt a k\u00f6vetkez\u0151 c\u00edmre:<\/p>\n<p data-rm-block-id=\"block-47\"><a href=\"mailto:sophia@allaismt.com\"><u>sophia@allaismt.com<\/u><\/a><\/p>\n<p data-rm-block-id=\"block-48\">Megkeres\u00e9s\u00e9re halad\u00e9ktalanul v\u00e1laszolunk, \u00e9s r\u00e9szletes t\u00e1j\u00e9koztat\u00e1st ny\u00fajtunk term\u00e9keinkr\u0151l \u00e9s szolg\u00e1ltat\u00e1sainkr\u00f3l.<\/p>\n<p data-rm-block-id=\"block-49\">","protected":false},"excerpt":{"rendered":"<p>Le\u00edr\u00e1s\uff1aA <strong>SMT<\/strong> <strong>Tisztav\u00edz-g\u00e9p<\/strong> egy automatiz\u00e1lt rendszer, amely nagy tisztas\u00e1g\u00fa vizet \u00e1ll\u00edt el\u0151 tiszt\u00edt\u00e1shoz, \u00f6bl\u00edt\u00e9shez \u00e9s feldolgoz\u00e1shoz elektronikai, orvosi eszk\u00f6z\u00f6k \u00e9s prec\u00edzi\u00f3s gy\u00e1rt\u00e1s ter\u00fclet\u00e9n. Az \u00e1sv\u00e1nyi anyagok \u00e9s szennyez\u0151d\u00e9sek elt\u00e1vol\u00edt\u00e1s\u00e1val biztos\u00edtja, hogy a v\u00edz megfeleljen a szigor\u00fa ipari szabv\u00e1nyoknak. Ide\u00e1lis orvosi elektronik\u00e1hoz, NY\u00c1K-hoz, aut\u00f3ipari elektronik\u00e1hoz \u00e9s prec\u00edzi\u00f3s m\u0171szerekhez, t\u00e1mogatja a szerelv\u00e9nyek \u00e9s alkatr\u00e9szek szennyez\u0151d\u00e9smentes tiszt\u00edt\u00e1s\u00e1t, n\u00f6veli a term\u00e9k megb\u00edzhat\u00f3s\u00e1g\u00e1t, meghosszabb\u00edtja a szersz\u00e1mok \u00e9lettartam\u00e1t, \u00e9s stabil, kiv\u00e1l\u00f3 min\u0151s\u00e9g\u0171 termel\u00e9st biztos\u00edt.<\/p>\n<p>Minim\u00e1lis rendel\u00e9si mennyis\u00e9g: 1 db<\/p>\n<p>\u00c1tfut\u00e1si id\u0151: 15 nap<\/p>","protected":false},"featured_media":23023,"comment_status":"closed","ping_status":"closed","template":"","meta":[],"etheme_brands":[],"product_brand":[],"product_cat":[156],"product_tag":[],"class_list":{"0":"post-23021","1":"product","2":"type-product","3":"status-publish","4":"has-post-thumbnail","6":"product_cat-pcb-cleaning-machine","8":"first","9":"instock","10":"shipping-taxable","11":"product-type-simple"},"_links":{"self":[{"href":"https:\/\/esmte.com\/hu\/wp-json\/wp\/v2\/product\/23021","targetHints":{"allow":["GET"]}}],"collection":[{"href":"https:\/\/esmte.com\/hu\/wp-json\/wp\/v2\/product"}],"about":[{"href":"https:\/\/esmte.com\/hu\/wp-json\/wp\/v2\/types\/product"}],"replies":[{"embeddable":true,"href":"https:\/\/esmte.com\/hu\/wp-json\/wp\/v2\/comments?post=23021"}],"version-history":[{"count":1,"href":"https:\/\/esmte.com\/hu\/wp-json\/wp\/v2\/product\/23021\/revisions"}],"predecessor-version":[{"id":23732,"href":"https:\/\/esmte.com\/hu\/wp-json\/wp\/v2\/product\/23021\/revisions\/23732"}],"wp:featuredmedia":[{"embeddable":true,"href":"https:\/\/esmte.com\/hu\/wp-json\/wp\/v2\/media\/23023"}],"wp:attachment":[{"href":"https:\/\/esmte.com\/hu\/wp-json\/wp\/v2\/media?parent=23021"}],"wp:term":[{"taxonomy":"brand","embeddable":true,"href":"https:\/\/esmte.com\/hu\/wp-json\/wp\/v2\/etheme_brands?post=23021"},{"taxonomy":"product_brand","embeddable":true,"href":"https:\/\/esmte.com\/hu\/wp-json\/wp\/v2\/product_brand?post=23021"},{"taxonomy":"product_cat","embeddable":true,"href":"https:\/\/esmte.com\/hu\/wp-json\/wp\/v2\/product_cat?post=23021"},{"taxonomy":"product_tag","embeddable":true,"href":"https:\/\/esmte.com\/hu\/wp-json\/wp\/v2\/product_tag?post=23021"}],"curies":[{"name":"munkaf\u00fczet","href":"https:\/\/api.w.org\/{rel}","templated":true}]}}