{"id":23009,"date":"2025-12-11T09:22:41","date_gmt":"2025-12-11T09:22:41","guid":{"rendered":"https:\/\/esmte.com\/?post_type=product&#038;p=23009"},"modified":"2026-01-13T02:59:23","modified_gmt":"2026-01-13T02:59:23","slug":"water-spray-cleaner","status":"publish","type":"product","link":"https:\/\/esmte.com\/hu\/products\/water-spray-cleaner\/","title":{"rendered":"SMT V\u00edzpermetez\u0151 Tiszt\u00edt\u00f3 YWS-5600"},"content":{"rendered":"<h2>Bevezet\u00e9s<\/h2>\n<p data-start=\"174\" data-end=\"439\">A <strong>SMT<\/strong> <strong>V\u00edzpermet tiszt\u00edt\u00f3szer<\/strong> egy automatiz\u00e1lt rendszer, amely elt\u00e1vol\u00edtja a fluxusmaradv\u00e1nyokat, ragaszt\u00f3kat, port \u00e9s egy\u00e9b szennyez\u0151d\u00e9seket a gy\u00e1rt\u00f3berendez\u00e9sekr\u0151l \u00e9s szersz\u00e1mokr\u00f3l. Nagynyom\u00e1s\u00fa permetez\u00e9se \u00e9s prec\u00edz \u00e1raml\u00e1sszab\u00e1lyoz\u00e1sa alapos tiszt\u00edt\u00e1st biztos\u00edt a k\u00e9nyes fel\u00fcletek k\u00e1ros\u00edt\u00e1sa n\u00e9lk\u00fcl.<\/p>\n<p data-start=\"441\" data-end=\"699\">Be <strong data-start=\"444\" data-end=\"467\">orvosi elektronika<\/strong>, tiszt\u00edtja az ICT\/FCT tesztberendez\u00e9seket, a mikroszerelv\u00e9ny-be\u00e1ll\u00edt\u00e1sokat, valamint az optikai vagy \u00e9rz\u00e9kel\u0151tart\u00f3kat, elt\u00e1vol\u00edtva a r\u00e9szecsk\u00e9ket \u00e9s maradv\u00e1nyokat, amelyek befoly\u00e1solhatj\u00e1k a tesztel\u00e9s pontoss\u00e1g\u00e1t vagy az eszk\u00f6z teljes\u00edtm\u00e9ny\u00e9t. Ez biztos\u00edtja az \u00e9rz\u00e9keny szerelv\u00e9nyek \u00e1lland\u00f3 min\u0151s\u00e9g\u00e9t.<\/p>\n<p data-start=\"701\" data-end=\"931\">A <strong>SMT V\u00edzpermetez\u0151 Tiszt\u00edt\u00f3 YWS-5600<\/strong> t\u00e1mogatja a reflow \u00e9s hull\u00e1mforraszt\u00f3 palett\u00e1kat, bevon\u00f3 \u00e9s adagol\u00f3 k\u00e9sz\u00fcl\u00e9keket, valamint egy\u00e9b prec\u00edzi\u00f3s szersz\u00e1mokat. A programozhat\u00f3 ciklusok \u00e9s az \u00e1ll\u00edthat\u00f3 param\u00e9terek lehet\u0151v\u00e9 teszik a testreszabott tiszt\u00edt\u00e1st a k\u00fcl\u00f6nb\u00f6z\u0151 k\u00e9sz\u00fcl\u00e9kt\u00edpusokhoz \u00e9s gy\u00e1rt\u00e1si ig\u00e9nyekhez.<\/p>\n<p data-start=\"933\" data-end=\"1214\">Nagy kever\u00e9s\u0171, kis t\u00e9tel\u0171 gy\u00e1rt\u00e1sra tervezt\u00e9k, a <strong>SMT V\u00edzpermetez\u0151 Tiszt\u00edt\u00f3 YWS-5600<\/strong> Cs\u00f6kkenti a k\u00e9zi munk\u00e1t, minimaliz\u00e1lja az \u00e1ll\u00e1sid\u0151t \u00e9s meghosszabb\u00edtja a szerelv\u00e9nyek \u00e9lettartam\u00e1t. Jav\u00edtja a folyamatstabilit\u00e1st, \u00e9s seg\u00edt fenntartani a szennyez\u0151d\u00e9smentes, megb\u00edzhat\u00f3 gy\u00e1rt\u00e1st az orvosi elektronika \u00e9s a prec\u00edzi\u00f3s eszk\u00f6z\u00f6k eset\u00e9ben.<\/p>\n<p data-start=\"933\" data-end=\"1214\"><img loading=\"lazy\" decoding=\"async\" class=\"aligncenter wp-image-23011\" src=\"https:\/\/esmte.com\/wp-content\/uploads\/2025\/12\/Water-Spray-Cleaner-scaled.webp\" alt=\"SMT Water Spray Cleaner\" width=\"679\" height=\"695\" srcset=\"https:\/\/esmte.com\/wp-content\/uploads\/2025\/12\/Water-Spray-Cleaner-scaled.webp 2502w, https:\/\/esmte.com\/wp-content\/uploads\/2025\/12\/Water-Spray-Cleaner-scaled-600x614.webp 600w, https:\/\/esmte.com\/wp-content\/uploads\/2025\/12\/Water-Spray-Cleaner-293x300.webp 293w, https:\/\/esmte.com\/wp-content\/uploads\/2025\/12\/Water-Spray-Cleaner-1001x1024.webp 1001w, https:\/\/esmte.com\/wp-content\/uploads\/2025\/12\/Water-Spray-Cleaner-768x786.webp 768w, https:\/\/esmte.com\/wp-content\/uploads\/2025\/12\/Water-Spray-Cleaner-1501x1536.webp 1501w, https:\/\/esmte.com\/wp-content\/uploads\/2025\/12\/Water-Spray-Cleaner-2001x2048.webp 2001w, https:\/\/esmte.com\/wp-content\/uploads\/2025\/12\/Water-Spray-Cleaner-1x1.webp 1w, https:\/\/esmte.com\/wp-content\/uploads\/2025\/12\/Water-Spray-Cleaner-10x10.webp 10w\" sizes=\"auto, (max-width: 679px) 100vw, 679px\" \/><\/p>\n<h2 data-start=\"73\" data-end=\"173\"><strong data-start=\"76\" data-end=\"173\">V\u00edzpermet-tiszt\u00edt\u00f3 alkalmaz\u00e1sai orvosi elektronikai \u00e9s prec\u00edzi\u00f3s m\u0171szergy\u00e1rakban<\/strong><\/h2>\n<p data-start=\"175\" data-end=\"419\"><strong data-start=\"175\" data-end=\"219\">1. Nagy pontoss\u00e1g\u00fa m\u00e9r\u0151eszk\u00f6z\u00f6k tiszt\u00edt\u00e1sa<\/strong><br data-start=\"219\" data-end=\"222\" \/>A v\u00edzpermetes tiszt\u00edt\u00f3szerek hat\u00e9konyan elt\u00e1vol\u00edtj\u00e1k a port, a ragaszt\u00f3maradv\u00e1nyokat \u00e9s a foly\u00f3s\u00edt\u00f3szert az orvosi elektronik\u00e1ban haszn\u00e1lt ICT\/FCT \u00e9s kalibr\u00e1ci\u00f3s tesztberendez\u00e9sekr\u0151l, biztos\u00edtva a pontos \u00e9s megism\u00e9telhet\u0151 teszteredm\u00e9nyeket.<\/p>\n<p data-start=\"421\" data-end=\"682\"><strong data-start=\"421\" data-end=\"470\">2. Mikroelektronikai szerelv\u00e9nyek tiszt\u00edt\u00e1sa<\/strong><br data-start=\"470\" data-end=\"473\" \/>Az olyan \u00e9rz\u00e9keny eszk\u00f6z\u00f6k \u00f6sszeszerel\u00e9sekor, mint a pacemakerek, diagnosztikai modulok vagy \u00e9rz\u00e9kel\u0151k\u00e1rty\u00e1k, a tiszt\u00edt\u00f3szer elt\u00e1vol\u00edtja a finom r\u00e9szecsk\u00e9ket, amelyek vesz\u00e9lyeztethetik az alkatr\u00e9szek m\u0171k\u00f6d\u00e9s\u00e9t vagy az eszk\u00f6z megb\u00edzhat\u00f3s\u00e1g\u00e1t.<\/p>\n<p data-start=\"684\" data-end=\"968\"><strong data-start=\"684\" data-end=\"738\">3. Optikai \u00e9s k\u00e9palkot\u00f3 berendez\u00e9sek szerelv\u00e9nyeinek tiszt\u00edt\u00e1sa<\/strong><br data-start=\"738\" data-end=\"741\" \/>A prec\u00edzi\u00f3s optikai vagy k\u00e9palkot\u00f3 eszk\u00f6z\u00f6kben haszn\u00e1lt szerelv\u00e9nyek, bele\u00e9rtve a lencs\u00e9ket \u00e9s az \u00e9rz\u00e9kel\u0151tart\u00f3kat, szennyez\u0151d\u00e9smentes fel\u00fcleteket ig\u00e9nyelnek. A v\u00edzpermet-tiszt\u00edt\u00f3k a k\u00e9nyes fel\u00fcletek k\u00e1ros\u00edt\u00e1sa n\u00e9lk\u00fcl t\u00e1vol\u00edtj\u00e1k el a mikror\u00e9szecsk\u00e9ket \u00e9s a maradv\u00e1nyokat.<\/p>\n<p data-start=\"970\" data-end=\"1226\"><strong data-start=\"970\" data-end=\"1013\">4. Tiszt\u00edt\u00f3 bevonatol\u00f3 \u00e9s adagol\u00f3 k\u00e9sz\u00fcl\u00e9kek<\/strong><br data-start=\"1013\" data-end=\"1016\" \/>A ragaszt\u00f3maradv\u00e1nyokat, a konform bevonat t\u00falf\u00faj\u00e1s\u00e1t vagy a kikem\u00e9nyed\u00e9si maradv\u00e1nyokat az adagol\u00f3- \u00e9s bevon\u00f3berendez\u00e9sekr\u0151l alaposan elt\u00e1vol\u00edtj\u00e1k, biztos\u00edtva az egyenletes felvitelt \u00e9s megel\u0151zve az orvosi elektronikai modulok hib\u00e1it.<\/p>\n<p data-start=\"1228\" data-end=\"1473\"><strong data-start=\"1228\" data-end=\"1278\">5. Nagy kever\u00e9k\u0171, kis t\u00e9tel\u0171 gy\u00e1rt\u00e1s t\u00e1mogat\u00e1sa<\/strong><br data-start=\"1278\" data-end=\"1281\" \/>A v\u00edzpermet-tiszt\u00edt\u00f3k lehet\u0151v\u00e9 teszik a laborat\u00f3riumokban \u00e9s a kis t\u00e9tel\u0171 orvostechnikai eszk\u00f6z\u00f6k gy\u00e1rt\u00e1s\u00e1ban haszn\u00e1lt k\u00fcl\u00f6nf\u00e9le szerelv\u00e9nyek gyors tiszt\u00edt\u00e1s\u00e1t, fenntartva a tisztas\u00e1gi szabv\u00e1nyokat, mik\u00f6zben cs\u00f6kkentik az \u00e1ll\u00e1sid\u0151t.<\/p>\n<p data-start=\"1475\" data-end=\"1730\"><strong data-start=\"1475\" data-end=\"1524\">6. A szerelv\u00e9nyek \u00e9lettartam\u00e1nak \u00e9s megb\u00edzhat\u00f3s\u00e1g\u00e1nak meghosszabb\u00edt\u00e1sa<\/strong><br data-start=\"1524\" data-end=\"1527\" \/>A k\u00e9zi s\u00farol\u00e1s n\u00e9lk\u00fcli maradv\u00e1nyok elt\u00e1vol\u00edt\u00e1s\u00e1val a tiszt\u00edt\u00f3szer megv\u00e9di a prec\u00edzi\u00f3s szerelv\u00e9nyeket a kop\u00e1st\u00f3l, meghosszabb\u00edtja az \u00e9lettartamot, \u00e9s biztos\u00edtja az \u00e1lland\u00f3 teljes\u00edtm\u00e9nyt ism\u00e9telt gy\u00e1rt\u00e1si vagy tesztel\u00e9si ciklusok sor\u00e1n.<\/p>\n<h2 data-start=\"1475\" data-end=\"1730\">Tiszt\u00edt\u00e1si folyamat<\/h2>\n<p data-start=\"1475\" data-end=\"1730\"><img loading=\"lazy\" decoding=\"async\" class=\"alignnone size-full wp-image-23012\" src=\"https:\/\/esmte.com\/wp-content\/uploads\/2025\/12\/1-4.webp\" alt=\"\" width=\"2540\" height=\"958\" srcset=\"https:\/\/esmte.com\/wp-content\/uploads\/2025\/12\/1-4.webp 2540w, https:\/\/esmte.com\/wp-content\/uploads\/2025\/12\/1-4-600x226.webp 600w, https:\/\/esmte.com\/wp-content\/uploads\/2025\/12\/1-4-300x113.webp 300w, https:\/\/esmte.com\/wp-content\/uploads\/2025\/12\/1-4-1024x386.webp 1024w, https:\/\/esmte.com\/wp-content\/uploads\/2025\/12\/1-4-768x290.webp 768w, https:\/\/esmte.com\/wp-content\/uploads\/2025\/12\/1-4-1536x579.webp 1536w, https:\/\/esmte.com\/wp-content\/uploads\/2025\/12\/1-4-2048x772.webp 2048w, https:\/\/esmte.com\/wp-content\/uploads\/2025\/12\/1-4-1x1.webp 1w, https:\/\/esmte.com\/wp-content\/uploads\/2025\/12\/1-4-10x4.webp 10w\" sizes=\"auto, (max-width: 2540px) 100vw, 2540px\" \/><\/p>\n<h2 data-start=\"1475\" data-end=\"1730\">Hat\u00e1s<\/h2>\n<p data-start=\"1475\" data-end=\"1730\"><img loading=\"lazy\" decoding=\"async\" class=\"alignnone size-full wp-image-23013\" src=\"https:\/\/esmte.com\/wp-content\/uploads\/2025\/12\/2-2.webp\" alt=\"\" width=\"2494\" height=\"975\" srcset=\"https:\/\/esmte.com\/wp-content\/uploads\/2025\/12\/2-2.webp 2494w, https:\/\/esmte.com\/wp-content\/uploads\/2025\/12\/2-2-600x235.webp 600w, https:\/\/esmte.com\/wp-content\/uploads\/2025\/12\/2-2-300x117.webp 300w, https:\/\/esmte.com\/wp-content\/uploads\/2025\/12\/2-2-1024x400.webp 1024w, https:\/\/esmte.com\/wp-content\/uploads\/2025\/12\/2-2-768x300.webp 768w, https:\/\/esmte.com\/wp-content\/uploads\/2025\/12\/2-2-1536x600.webp 1536w, https:\/\/esmte.com\/wp-content\/uploads\/2025\/12\/2-2-2048x801.webp 2048w, https:\/\/esmte.com\/wp-content\/uploads\/2025\/12\/2-2-1x1.webp 1w, https:\/\/esmte.com\/wp-content\/uploads\/2025\/12\/2-2-10x4.webp 10w\" sizes=\"auto, (max-width: 2494px) 100vw, 2494px\" \/><\/p>\n<h2>Specifik\u00e1ci\u00f3k<\/h2>\n<table style=\"border-collapse: collapse; width: 1299px; height: 359px;\" border=\"0\" width=\"559\" cellspacing=\"0\" cellpadding=\"0\">\n<tbody>\n<tr style=\"height: 15.00pt;\">\n<td class=\"et2\" style=\"height: 15pt; width: 129.75pt; text-align: center;\" width=\"173\" height=\"20\">Modell<\/td>\n<td class=\"et3\" style=\"width: 289.5pt; text-align: center;\" width=\"386\">YWS-5600<\/td>\n<\/tr>\n<tr style=\"height: 15.00pt;\">\n<td class=\"et4\" style=\"height: 15pt; width: 129.75pt; text-align: center;\" width=\"173\" height=\"20\">Takar\u00edt\u00f3kos\u00e1r m\u00e9rete<\/td>\n<td class=\"et5\" style=\"width: 289.5pt; text-align: center;\" width=\"386\">H610 x Sz560 x M100 (mm) x2 r\u00e9teg<\/td>\n<\/tr>\n<tr style=\"height: 15.00pt;\">\n<td class=\"et4\" style=\"height: 15pt; width: 129.75pt; text-align: center;\" width=\"173\" height=\"20\">Permetez\u0151tart\u00e1ly kapacit\u00e1sa<\/td>\n<td class=\"et5\" style=\"width: 289.5pt; text-align: center;\" width=\"386\">17 literes<\/td>\n<\/tr>\n<tr style=\"height: 15.00pt;\">\n<td class=\"et4\" style=\"height: 15pt; width: 129.75pt; text-align: center;\" width=\"173\" height=\"20\">Koncentr\u00e1tum kapacit\u00e1s<\/td>\n<td class=\"et5\" style=\"width: 289.5pt; text-align: center;\" width=\"386\">32 literes<\/td>\n<\/tr>\n<tr style=\"height: 15.00pt;\">\n<td class=\"et4\" style=\"height: 15pt; width: 129.75pt; text-align: center;\" width=\"173\" height=\"20\">H\u00edg\u00edt\u00e1si kapacit\u00e1s<\/td>\n<td class=\"et5\" style=\"width: 289.5pt; text-align: center;\" width=\"386\">60 literes<\/td>\n<\/tr>\n<tr style=\"height: 15.00pt;\">\n<td class=\"et4\" style=\"height: 15pt; width: 129.75pt; text-align: center;\" width=\"173\" height=\"20\">Mos\u00f3szer h\u0151m\u00e9rs\u00e9klete<\/td>\n<td class=\"et5\" style=\"width: 289.5pt; text-align: center;\" width=\"386\">Szobah\u0151m\u00e9rs\u00e9klet ~ 60<span class=\"font3\">\u2103<\/span><\/td>\n<\/tr>\n<tr style=\"height: 15.00pt;\">\n<td class=\"et4\" style=\"height: 15pt; width: 129.75pt; text-align: center;\" width=\"173\" height=\"20\">NY\u00c1K meleg leveg\u0151 nappali h\u0151m\u00e9rs\u00e9klet<\/td>\n<td class=\"et5\" style=\"width: 289.5pt; text-align: center;\" width=\"386\">Szobah\u0151m\u00e9rs\u00e9klet ~99<span class=\"font3\">\u2103<\/span><\/td>\n<\/tr>\n<tr style=\"height: 15.00pt;\">\n<td class=\"et4\" style=\"height: 15pt; width: 129.75pt; text-align: center;\" width=\"173\" height=\"20\">Ellen\u00e1ll\u00e1si tartom\u00e1ny<\/td>\n<td class=\"et5\" style=\"width: 289.5pt; text-align: center;\" width=\"386\">0~18M\u03a9<\/td>\n<\/tr>\n<tr style=\"height: 15.00pt;\">\n<td class=\"et6\" style=\"height: 15pt; width: 129.75pt; text-align: center;\" width=\"173\" height=\"20\">Mos\u00f3szersz\u0171r\u0151<\/td>\n<td class=\"et7\" style=\"width: 289.5pt; text-align: center;\" width=\"386\">0,22 \u03bcm<\/td>\n<\/tr>\n<tr style=\"height: 15.00pt;\">\n<td class=\"et6\" style=\"height: 15pt; width: 129.75pt; text-align: center;\" width=\"173\" height=\"20\">ioncser\u00e9lt v\u00edzell\u00e1t\u00e1s<\/td>\n<td class=\"et7\" style=\"width: 289.5pt; text-align: center;\" width=\"386\">30~65L\/perc<\/td>\n<\/tr>\n<tr style=\"height: 15.00pt;\">\n<td class=\"et6\" style=\"height: 15pt; width: 129.75pt; text-align: center;\" width=\"173\" height=\"20\">T\u00e1pell\u00e1t\u00e1s\/Leveg\u0151ell\u00e1t\u00e1s<\/td>\n<td class=\"et7\" style=\"width: 289.5pt; text-align: center;\" width=\"386\">AC380V\/50A\/50Hz, 30KW, 0.5Mpa<\/td>\n<\/tr>\n<tr style=\"height: 15.00pt;\">\n<td class=\"et6\" style=\"height: 15pt; width: 129.75pt; text-align: center;\" width=\"173\" height=\"20\">G\u00e9p m\u00e9rete<\/td>\n<td class=\"et7\" style=\"width: 289.5pt; text-align: center;\" width=\"386\">H1300 \u00d7 Sz1200 \u00d7 M1850 (mm)<\/td>\n<\/tr>\n<tr style=\"height: 15.00pt;\">\n<td class=\"et8\" style=\"height: 15pt; width: 129.75pt; text-align: center;\" width=\"173\" height=\"20\">G\u00e9p s\u00falya<\/td>\n<td class=\"et9\" style=\"width: 289.5pt; text-align: center;\" width=\"386\">460 kg<\/td>\n<\/tr>\n<\/tbody>\n<\/table>\n<p>&nbsp;<\/p>\n<p><a href=\"https:\/\/www.youtube.com\/@allaismt\" rel=\"nofollow noopener\" target=\"_blank\"><u>https:\/\/www.youtube.com\/@allaismt<\/u><\/a><\/p>\n<p>For more information about the <strong>SMT V\u00edzpermetez\u0151 Tiszt\u00edt\u00f3 YWS-5600<\/strong>, k\u00e9rj\u00fck, k\u00fcldj\u00f6n egy e-mailt a k\u00f6vetkez\u0151 c\u00edmre:<\/p>\n<p><a href=\"mailto:sophia@allaismt.com\"><u>sophia@allaismt.com<\/u><\/a><\/p>\n<p>Megkeres\u00e9s\u00e9re halad\u00e9ktalanul v\u00e1laszolunk, \u00e9s r\u00e9szletes t\u00e1j\u00e9koztat\u00e1st ny\u00fajtunk term\u00e9keinkr\u0151l \u00e9s szolg\u00e1ltat\u00e1sainkr\u00f3l.<\/p>\n<p>&nbsp;<\/p>","protected":false},"excerpt":{"rendered":"<p>Le\u00edr\u00e1s\uff1aA <strong>SMT<\/strong> <strong>V\u00edzpermet tiszt\u00edt\u00f3szer<\/strong> egy automatiz\u00e1lt rendszer, amely elt\u00e1vol\u00edtja a fluxusmaradv\u00e1nyokat, ragaszt\u00f3kat, port \u00e9s egy\u00e9b szennyez\u0151d\u00e9seket a gy\u00e1rt\u00f3berendez\u00e9sekb\u0151l \u00e9s szersz\u00e1mokb\u00f3l. Nagynyom\u00e1s\u00fa v\u00edzpermettel \u00e9s prec\u00edz \u00e1raml\u00e1sszab\u00e1lyoz\u00e1ssal biztos\u00edtja az alapos tiszt\u00edt\u00e1st az \u00e9rz\u00e9keny fel\u00fcletek k\u00e1ros\u00edt\u00e1sa n\u00e9lk\u00fcl. Ide\u00e1lis SMT, THT, NY\u00c1K, orvosi elektronika \u00e9s prec\u00edzi\u00f3s m\u0171szerek tiszt\u00edt\u00e1s\u00e1hoz, szennyez\u0151d\u00e9smentesen tartja a szerelv\u00e9nyeket, meghosszabb\u00edtja a szersz\u00e1mok \u00e9lettartam\u00e1t, t\u00e1mogatja a nagy kever\u00e9s\u0171 gy\u00e1rt\u00e1st, \u00e9s cs\u00f6kkenti a k\u00e9zi munk\u00e1t, mik\u00f6zben jav\u00edtja a folyamat stabilit\u00e1s\u00e1t \u00e9s a term\u00e9kmin\u0151s\u00e9get.<\/p>\n<p>Minim\u00e1lis rendel\u00e9si mennyis\u00e9g: 1 db<\/p>\n<p>\u00c1tfut\u00e1si id\u0151: 15 nap<\/p>","protected":false},"featured_media":23014,"comment_status":"closed","ping_status":"closed","template":"","meta":[],"etheme_brands":[],"product_brand":[],"product_cat":[156,196],"product_tag":[],"class_list":{"0":"post-23009","1":"product","2":"type-product","3":"status-publish","4":"has-post-thumbnail","6":"product_cat-pcb-cleaning-machine","7":"product_cat-water-spray-cleaning-machine","9":"first","10":"instock","11":"shipping-taxable","12":"product-type-simple"},"_links":{"self":[{"href":"https:\/\/esmte.com\/hu\/wp-json\/wp\/v2\/product\/23009","targetHints":{"allow":["GET"]}}],"collection":[{"href":"https:\/\/esmte.com\/hu\/wp-json\/wp\/v2\/product"}],"about":[{"href":"https:\/\/esmte.com\/hu\/wp-json\/wp\/v2\/types\/product"}],"replies":[{"embeddable":true,"href":"https:\/\/esmte.com\/hu\/wp-json\/wp\/v2\/comments?post=23009"}],"version-history":[{"count":1,"href":"https:\/\/esmte.com\/hu\/wp-json\/wp\/v2\/product\/23009\/revisions"}],"predecessor-version":[{"id":23736,"href":"https:\/\/esmte.com\/hu\/wp-json\/wp\/v2\/product\/23009\/revisions\/23736"}],"wp:featuredmedia":[{"embeddable":true,"href":"https:\/\/esmte.com\/hu\/wp-json\/wp\/v2\/media\/23014"}],"wp:attachment":[{"href":"https:\/\/esmte.com\/hu\/wp-json\/wp\/v2\/media?parent=23009"}],"wp:term":[{"taxonomy":"brand","embeddable":true,"href":"https:\/\/esmte.com\/hu\/wp-json\/wp\/v2\/etheme_brands?post=23009"},{"taxonomy":"product_brand","embeddable":true,"href":"https:\/\/esmte.com\/hu\/wp-json\/wp\/v2\/product_brand?post=23009"},{"taxonomy":"product_cat","embeddable":true,"href":"https:\/\/esmte.com\/hu\/wp-json\/wp\/v2\/product_cat?post=23009"},{"taxonomy":"product_tag","embeddable":true,"href":"https:\/\/esmte.com\/hu\/wp-json\/wp\/v2\/product_tag?post=23009"}],"curies":[{"name":"munkaf\u00fczet","href":"https:\/\/api.w.org\/{rel}","templated":true}]}}