{"id":22970,"date":"2025-12-11T02:54:36","date_gmt":"2025-12-11T02:54:36","guid":{"rendered":"https:\/\/esmte.com\/?post_type=product&#038;p=22970"},"modified":"2026-01-26T08:44:53","modified_gmt":"2026-01-26T08:44:53","slug":"solder-unloader-for-stable-post-wave-transfer","status":"publish","type":"product","link":"https:\/\/esmte.com\/hu\/products\/solder-unloader-for-stable-post-wave-transfer\/","title":{"rendered":"YUR-460 hull\u00e1mforraszt\u00f3 kirakod\u00f3 s\u00ednnel"},"content":{"rendered":"<h2>Bevezet\u00e9s<\/h2>\n<p data-start=\"162\" data-end=\"497\">A <strong>SMT<\/strong> <strong>YUR-460 hull\u00e1mforraszt\u00f3 kirakod\u00f3 s\u00ednnel<\/strong> egy automatiz\u00e1lt rendszer, amelyet a NY\u00c1K-ok hull\u00e1mforraszt\u00e1s ut\u00e1ni k\u00f6zvetlen kezel\u00e9s\u00e9re terveztek. Stabil \u00e9s szinkroniz\u00e1lt \u00e1tviteli \u00fatvonalat biztos\u00edt, amely a forrasztott szerelv\u00e9nyeket a kimeneti sz\u00e1ll\u00edt\u00f3szalagr\u00f3l a tov\u00e1bbi folyamatokba mozgatja, biztos\u00edtva a z\u00f6kken\u0151mentes kezel\u00e9st nagy volumen\u0171 THT-gy\u00e1rt\u00e1si k\u00f6rnyezetben.<\/p>\n<p data-start=\"499\" data-end=\"845\">A YUR-460 k\u00f6z\u00e9ppontj\u00e1ban egy prec\u00edzi\u00f3s, \u00e1ll\u00edthat\u00f3 sz\u00e9less\u00e9g\u0171 s\u00ednsz\u00e1ll\u00edt\u00f3 tal\u00e1lhat\u00f3, amely lehet\u0151v\u00e9 teszi a gyors alkalmazkod\u00e1st a k\u00fcl\u00f6nb\u00f6z\u0151 NY\u00c1K-m\u00e9retekhez, \u00e9s t\u00e1mogatja a hat\u00e9kony vegyes modellgy\u00e1rt\u00e1st. Vetemed\u00e9sg\u00e1tl\u00f3 kialak\u00edt\u00e1sa \u00e9s alacsony rezg\u00e9s\u0171 mozg\u00e1sa seg\u00edt megv\u00e9deni a neh\u00e9z alkatr\u00e9szeket vagy vastag r\u00e9zr\u00e9tegeket tartalmaz\u00f3 NY\u00c1K-okat a mechanikai ig\u00e9nybev\u00e9telt\u0151l a forraszt\u00e1s ut\u00e1ni \u00e1tvitel sor\u00e1n.<\/p>\n<p data-start=\"847\" data-end=\"1197\">A m\u0171k\u00f6d\u00e9si hat\u00e9konys\u00e1g n\u00f6vel\u00e9se \u00e9rdek\u00e9ben a <strong>YUR-460 SMT Hull\u00e1mforraszt\u00f3 Kirakod\u00f3 S\u00ednnel <\/strong>T\u00f6bbf\u00e9le kirakod\u00e1si konfigur\u00e1ci\u00f3t k\u00edn\u00e1l, p\u00e9ld\u00e1ul NY\u00c1K-ok ir\u00e1ny\u00edt\u00e1s\u00e1t t\u00e1rol\u00f3adagol\u00f3khoz, puffer\u00e1llom\u00e1sokhoz, ellen\u0151rz\u0151 egys\u00e9gekhez vagy h\u0171t\u0151szalagokhoz. Az integr\u00e1lt \u00e9rz\u00e9kel\u0151k \u00e9s a PLC vez\u00e9rl\u00e9s biztos\u00edtja az \u00e1lland\u00f3 \u00e1raml\u00e1st, minimaliz\u00e1lja a sz\u0171k keresztmetszeteket \u00e9s cs\u00f6kkenti a manu\u00e1lis beavatkoz\u00e1st, jav\u00edtva mind a megb\u00edzhat\u00f3s\u00e1got, mind a gy\u00e1rt\u00f3sor kihaszn\u00e1lts\u00e1g\u00e1t.<\/p>\n<p data-start=\"1199\" data-end=\"1576\">A hull\u00e1mforraszt\u00f3 sorokba val\u00f3 z\u00f6kken\u0151mentes integr\u00e1ci\u00f3nak \u00e9s a hossz\u00fa t\u00e1v\u00fa haszn\u00e1latra sz\u00e1nt tart\u00f3s konstrukci\u00f3nak k\u00f6sz\u00f6nhet\u0151en a <strong>YUR-460 SMT Hull\u00e1mforraszt\u00f3 Kirakod\u00f3 S\u00ednnel<\/strong> Stabil NY\u00c1K-kezel\u00e9st biztos\u00edt aut\u00f3ipari elektronik\u00e1hoz, ipari vez\u00e9rl\u0151term\u00e9kekhez \u00e9s sz\u00f3rakoztat\u00f3elektronikai szerelv\u00e9nyekhez. A mechanikai precizit\u00e1s \u00e9s az intelligens munkafolyamat-vez\u00e9rl\u00e9s kombin\u00e1ci\u00f3ja hat\u00e9kony eszk\u00f6zz\u00e9 teszi a modern THT forraszt\u00e1si m\u0171veletek optimaliz\u00e1l\u00e1s\u00e1hoz.<\/p>\n<p data-start=\"1760\" data-end=\"2009\"><img loading=\"lazy\" decoding=\"async\" class=\"aligncenter wp-image-22971\" src=\"https:\/\/esmte.com\/wp-content\/uploads\/2025\/12\/11-38-scaled.webp\" alt=\"SMT Wave Solder Unloader with Rail\" width=\"640\" height=\"640\" srcset=\"https:\/\/esmte.com\/wp-content\/uploads\/2025\/12\/11-38-scaled.webp 2560w, https:\/\/esmte.com\/wp-content\/uploads\/2025\/12\/11-38-scaled-100x100.webp 100w, https:\/\/esmte.com\/wp-content\/uploads\/2025\/12\/11-38-scaled-600x600.webp 600w, https:\/\/esmte.com\/wp-content\/uploads\/2025\/12\/11-38-300x300.webp 300w, https:\/\/esmte.com\/wp-content\/uploads\/2025\/12\/11-38-1024x1024.webp 1024w, https:\/\/esmte.com\/wp-content\/uploads\/2025\/12\/11-38-150x150.webp 150w, https:\/\/esmte.com\/wp-content\/uploads\/2025\/12\/11-38-768x768.webp 768w, https:\/\/esmte.com\/wp-content\/uploads\/2025\/12\/11-38-1536x1536.webp 1536w, https:\/\/esmte.com\/wp-content\/uploads\/2025\/12\/11-38-2048x2048.webp 2048w, https:\/\/esmte.com\/wp-content\/uploads\/2025\/12\/11-38-1x1.webp 1w, https:\/\/esmte.com\/wp-content\/uploads\/2025\/12\/11-38-10x10.webp 10w\" sizes=\"auto, (max-width: 640px) 100vw, 640px\" \/><\/p>\n<h2 data-start=\"119\" data-end=\"230\"><strong data-start=\"122\" data-end=\"230\">Hogyan haszn\u00e1lj\u00e1k a YUR-460 s\u00ednnel ell\u00e1tott hull\u00e1mforraszt\u00f3-\u00fcr\u00edt\u0151t a mobil elektronikai gy\u00e1rakban?<\/strong><\/h2>\n<p data-start=\"232\" data-end=\"285\"><strong data-start=\"236\" data-end=\"283\">1. K\u00edm\u00e9letes kezel\u00e9s v\u00e9kony okostelefon NY\u00c1K-okhoz<\/strong><\/p>\n<p data-start=\"286\" data-end=\"539\">A mobil eszk\u00f6z\u00f6k NY\u00c1K-jai v\u00e9konyak, k\u00f6nny\u0171ek \u00e9s s\u0171r\u0171n be\u00e9p\u00edtettek. A YUR-460 hull\u00e1mforraszt\u00f3-kihord\u00f3 egy stabil s\u00ednsz\u00e1ll\u00edt\u00f3szalagot haszn\u00e1l a lapok hull\u00e1mforraszt\u00e1s ut\u00e1ni k\u00f6zvetlen megt\u00e1maszt\u00e1s\u00e1ra, megakad\u00e1lyozva a hajl\u00edt\u00e1st \u00e9s a rezg\u00e9st, amely k\u00e1ros\u00edthatja a csatlakoz\u00f3kat, \u00e1rny\u00e9kol\u00e1sokat vagy THT interf\u00e9szeket.<\/p>\n<p data-start=\"541\" data-end=\"590\"><strong data-start=\"545\" data-end=\"588\">2. Stabil \u00e1tvitel hull\u00e1mforraszt\u00e1s ut\u00e1n<\/strong><\/p>\n<p data-start=\"591\" data-end=\"842\">Forraszt\u00e1s ut\u00e1n a panelek m\u00e9g melegek \u00e9s t\u00f6r\u00e9kenyek. A YUR-460 szab\u00e1lyozott, egyenletes \u00e1tviteli \u00fatvonalat biztos\u00edt a tov\u00e1bbi berendez\u00e9sekhez \u2013 p\u00e9ld\u00e1ul h\u0171t\u0151szalagokhoz, AOI-hoz vagy puffer\u00e1llv\u00e1nyokhoz \u2013, \u00edgy biztos\u00edtva a sima \u00e9s k\u00f6vetkezetes \u00e1raml\u00e1st manu\u00e1lis beavatkoz\u00e1s n\u00e9lk\u00fcl.<\/p>\n<p data-start=\"844\" data-end=\"903\"><strong data-start=\"848\" data-end=\"901\">3. Gyors be\u00e1ll\u00edt\u00e1s t\u00f6bbf\u00e9le mobil NY\u00c1K-m\u00e9rethez<\/strong><\/p>\n<p data-start=\"904\" data-end=\"1155\">Az okostelefon-gy\u00e1rak sz\u00e1mos t\u00edpus\u00fa NY\u00c1K-ot kezelnek: alaplapokat, t\u00f6lt\u0151k\u00e1rty\u00e1kat, audiomodulokat, antennak\u00e1rty\u00e1kat \u00e9s kieg\u00e9sz\u00edt\u0151 NY\u00c1K-okat. A YUR-460 \u00e1ll\u00edthat\u00f3 s\u00ednsz\u00e9less\u00e9ge \u00e9s gyors \u00e1t\u00e1ll\u00e1si k\u00e9pess\u00e9ge megk\u00f6nny\u00edti a k\u00fcl\u00f6nb\u00f6z\u0151 NY\u00c1K-m\u00e9retekhez \u00e9s elrendez\u00e9sekhez val\u00f3 alkalmazkod\u00e1st.<\/p>\n<p data-start=\"1157\" data-end=\"1210\"><strong data-start=\"1161\" data-end=\"1208\">4. Cs\u00f6kkentett munkaer\u0151ig\u00e9ny \u00e9s magasabb szint\u0171 gy\u00e1rt\u00f3sori automatiz\u00e1l\u00e1s<\/strong><\/p>\n<p data-start=\"1211\" data-end=\"1473\">Azzal, hogy \u00e1tveszi az elt\u00e1vol\u00edt\u00e1si feladatokat, a YUR-460 cs\u00f6kkenti a forraszt\u00f3sor v\u00e9g\u00e9n l\u00e9v\u0151 oper\u00e1torok sz\u00fcks\u00e9gess\u00e9g\u00e9t. PLC-alap\u00fa vez\u00e9rl\u00e9se szinkroniz\u00e1l\u00f3dik a hull\u00e1mforraszt\u00f3 g\u00e9ppel, \u00edgy stabilan tartja az \u00fctemid\u0151t \u00e9s fokozza a mobil NY\u00c1K-folyamat automatiz\u00e1l\u00e1s\u00e1t.<\/p>\n<p data-start=\"1475\" data-end=\"1518\"><strong data-start=\"1479\" data-end=\"1516\">5. Forraszt\u00e1s ut\u00e1ni hib\u00e1k megel\u0151z\u00e9se<\/strong><\/p>\n<p data-start=\"1519\" data-end=\"1762\">A szab\u00e1lyozott mozg\u00e1s \u00e9s a k\u00e1rtyatart\u00f3 rendszer seg\u00edt megel\u0151zni a fesz\u00fclts\u00e9ggel kapcsolatos probl\u00e9m\u00e1kat, p\u00e9ld\u00e1ul a repedt forraszt\u00e1si k\u00f6t\u00e9seket, a megemelkedett kontaktusokat \u00e9s az alkatr\u00e9szek elmozdul\u00e1s\u00e1t \u2013 ezek a probl\u00e9m\u00e1k k\u00fcl\u00f6n\u00f6sen gyakoriak a nagy s\u0171r\u0171s\u00e9g\u0171 okostelefon-k\u00e1rty\u00e1kon, ha azokat manu\u00e1lisan kezelik.<\/p>\n<p data-start=\"1764\" data-end=\"1834\"><strong data-start=\"1768\" data-end=\"1832\">6. Z\u00f6kken\u0151mentes integr\u00e1ci\u00f3 nagysebess\u00e9g\u0171 telefon-\u00f6sszeszerel\u0151 sorokba<\/strong><\/p>\n<p data-start=\"1835\" data-end=\"2085\">A folyamatos, nagy \u00e1tereszt\u0151k\u00e9pess\u00e9g\u0171 gy\u00e1rt\u00e1sra tervezett YUR-460 k\u00f6nnyen integr\u00e1lhat\u00f3 a folyamat upstream \u00e9s downstream berendez\u00e9seivel. Ez alkalmass\u00e1 teszi gyors okostelefon-gy\u00e1rt\u00e1si k\u00f6rnyezetekbe, ahol az \u00e1lland\u00f3 folyamat \u00e9s a minim\u00e1lis \u00e1ll\u00e1sid\u0151 elengedhetetlen.<\/p>\n<p><img loading=\"lazy\" decoding=\"async\" class=\"aligncenter wp-image-22968\" src=\"https:\/\/esmte.com\/wp-content\/uploads\/2025\/12\/\u56fe\u72471_\u526f\u672c.webp\" alt=\"SMT Wave Solder Unloader with Rail YUR-350\" width=\"402\" height=\"473\" srcset=\"https:\/\/esmte.com\/wp-content\/uploads\/2025\/12\/\u56fe\u72471_\u526f\u672c.webp 1438w, https:\/\/esmte.com\/wp-content\/uploads\/2025\/12\/\u56fe\u72471_\u526f\u672c-600x706.webp 600w, https:\/\/esmte.com\/wp-content\/uploads\/2025\/12\/\u56fe\u72471_\u526f\u672c-255x300.webp 255w, https:\/\/esmte.com\/wp-content\/uploads\/2025\/12\/\u56fe\u72471_\u526f\u672c-871x1024.webp 871w, https:\/\/esmte.com\/wp-content\/uploads\/2025\/12\/\u56fe\u72471_\u526f\u672c-768x903.webp 768w, https:\/\/esmte.com\/wp-content\/uploads\/2025\/12\/\u56fe\u72471_\u526f\u672c-1306x1536.webp 1306w, https:\/\/esmte.com\/wp-content\/uploads\/2025\/12\/\u56fe\u72471_\u526f\u672c-1x1.webp 1w\" sizes=\"auto, (max-width: 402px) 100vw, 402px\" \/><\/p>\n<p>&nbsp;<\/p>\n<h2>Specifik\u00e1ci\u00f3k<\/h2>\n<table style=\"border-collapse: collapse; width: 923px; height: 377px;\" border=\"0\" width=\"595\" cellspacing=\"0\" cellpadding=\"0\">\n<tbody>\n<tr style=\"height: 15.00pt;\">\n<td class=\"et2\" style=\"height: 15pt; width: 102.75pt; text-align: center;\" width=\"137\" height=\"20\">Modell<\/td>\n<td class=\"et3\" style=\"width: 171.75pt; text-align: center;\" width=\"229\">YUR-350<\/td>\n<td class=\"et4\" style=\"width: 171.75pt; text-align: center;\" width=\"229\">YUR-460<\/td>\n<\/tr>\n<tr style=\"height: 15.00pt;\">\n<td class=\"et2\" style=\"height: 15pt; width: 102.75pt; text-align: center;\" width=\"137\" height=\"20\">M\u00e9ret (mm)<\/td>\n<td class=\"et3\" style=\"width: 171.75pt; text-align: center;\" width=\"229\">2200 * 485 * 1400 mm<\/td>\n<td class=\"et4\" style=\"width: 171.75pt; text-align: center;\" width=\"229\">2200 * 600 * 1400 mm<\/td>\n<\/tr>\n<tr style=\"height: 15.00pt;\">\n<td class=\"et2\" style=\"height: 15pt; width: 102.75pt; text-align: center;\" width=\"137\" height=\"20\">NY\u00c1K-m\u00e9ret<\/td>\n<td class=\"et3\" style=\"width: 171.75pt; text-align: center;\" width=\"229\">60*60-450*350 mm<\/td>\n<td class=\"et4\" style=\"width: 171.75pt; text-align: center;\" width=\"229\">60*60-450*460 mm<\/td>\n<\/tr>\n<tr style=\"height: 15.00pt;\">\n<td class=\"et2\" style=\"height: 15pt; width: 102.75pt; text-align: center;\" width=\"137\" height=\"20\">NY\u00c1K s\u00falya<\/td>\n<td class=\"et5\" style=\"width: 343.5pt; border-right: 1pt solid #cccccc; text-align: center;\" colspan=\"2\" width=\"458\">Max. 4,5 kg<\/td>\n<\/tr>\n<tr style=\"height: 15.00pt;\">\n<td class=\"et2\" style=\"height: 15pt; width: 102.75pt; text-align: center;\" width=\"137\" height=\"20\">Sebess\u00e9g<\/td>\n<td class=\"et5\" style=\"width: 343.5pt; border-right: 1pt solid #cccccc; text-align: center;\" colspan=\"2\" width=\"458\">\u00c1ll\u00edthat\u00f3<\/td>\n<\/tr>\n<tr style=\"height: 15.00pt;\">\n<td class=\"et2\" style=\"height: 15pt; width: 102.75pt; text-align: center;\" width=\"137\" height=\"20\">A t\u00e1bla magass\u00e1g\u00e1ba<\/td>\n<td class=\"et5\" style=\"width: 343.5pt; border-right: 1pt solid #cccccc; text-align: center;\" colspan=\"2\" width=\"458\">1200\u00b1100 mm (vagy az \u00fcgyf\u00e9l \u00e1ltal meghat\u00e1rozott)<\/td>\n<\/tr>\n<tr style=\"height: 15.00pt;\">\n<td class=\"et2\" style=\"height: 15pt; width: 102.75pt; text-align: center;\" width=\"137\" height=\"20\">K\u00fcls\u0151 magass\u00e1g<\/td>\n<td class=\"et5\" style=\"width: 343.5pt; border-right: 1pt solid #cccccc; text-align: center;\" colspan=\"2\" width=\"458\">800\u00b1100 mm (vagy az \u00fcgyf\u00e9l \u00e1ltal meghat\u00e1rozott)<\/td>\n<\/tr>\n<tr style=\"height: 15.00pt;\">\n<td class=\"et2\" style=\"height: 15pt; width: 102.75pt; text-align: center;\" width=\"137\" height=\"20\">K\u00f6zleked\u00e9si m\u00f3d<\/td>\n<td class=\"et5\" style=\"width: 343.5pt; border-right: 1pt solid #cccccc; text-align: center;\" colspan=\"2\" width=\"458\">L\u00e1nc (ESD \u00f6v opci\u00f3)<\/td>\n<\/tr>\n<tr style=\"height: 15.00pt;\">\n<td class=\"et2\" style=\"height: 15pt; width: 102.75pt; text-align: center;\" width=\"137\" height=\"20\">NY\u00c1K ir\u00e1ny<\/td>\n<td class=\"et7\" style=\"border-right: 1pt solid #cccccc; text-align: center;\" colspan=\"2\">Balr\u00f3l jobbra vagy jobbr\u00f3l balra<\/td>\n<\/tr>\n<tr style=\"height: 15.00pt;\">\n<td class=\"et2\" style=\"height: 15pt; width: 102.75pt; text-align: center;\" width=\"137\" height=\"20\">Kommunik\u00e1ci\u00f3<\/td>\n<td class=\"et5\" style=\"width: 343.5pt; border-right: 1pt solid #cccccc; text-align: center;\" colspan=\"2\" width=\"458\">SMEMA be- \u00e9s kimen\u0151 forgalomra egyar\u00e1nt<\/td>\n<\/tr>\n<tr style=\"height: 15.00pt;\">\n<td class=\"et2\" style=\"height: 15pt; width: 102.75pt; text-align: center;\" width=\"137\" height=\"20\">Hatalom<\/td>\n<td class=\"et5\" style=\"width: 343.5pt; border-right: 1pt solid #cccccc; text-align: center;\" colspan=\"2\" width=\"458\">Max. 300 W<\/td>\n<\/tr>\n<tr style=\"height: 15.00pt;\">\n<td class=\"et2\" style=\"height: 15pt; width: 102.75pt; text-align: center;\" width=\"137\" height=\"20\">T\u00e1pegys\u00e9g<\/td>\n<td class=\"et5\" style=\"width: 343.5pt; border-right: 1pt solid #cccccc; text-align: center;\" colspan=\"2\" width=\"458\">1 f\u00e1zis\u00fa AC 220V 50\/60Hz (opcion\u00e1lis: 110V - 380V)<\/td>\n<\/tr>\n<tr style=\"height: 15.00pt;\">\n<td class=\"et9\" style=\"height: 15pt; width: 102.75pt; text-align: center;\" width=\"137\" height=\"20\">S\u00faly<\/td>\n<td class=\"et10\" style=\"width: 171.75pt; text-align: center;\" width=\"229\">80 kg<\/td>\n<td class=\"et11\" style=\"width: 171.75pt; text-align: center;\" width=\"229\">90 kg<\/td>\n<\/tr>\n<\/tbody>\n<\/table>\n<p>&nbsp;<\/p>\n<p><a href=\"https:\/\/www.youtube.com\/@allaismt\" rel=\"nofollow noopener\" target=\"_blank\"><u>https:\/\/www.youtube.com\/@allaismt<\/u><\/a><\/p>\n<p>For more information about the <strong>SMT Hull\u00e1mforraszt\u00f3 Kirakod\u00f3 S\u00ednnel YUR-460<\/strong>, k\u00e9rj\u00fck, k\u00fcldj\u00f6n egy e-mailt a k\u00f6vetkez\u0151 c\u00edmre:<\/p>\n<p><a href=\"mailto:sophia@allaismt.com\"><u>sophia@allaismt.com<\/u><\/a><\/p>\n<p>Megkeres\u00e9s\u00e9re halad\u00e9ktalanul v\u00e1laszolunk, \u00e9s r\u00e9szletes t\u00e1j\u00e9koztat\u00e1st ny\u00fajtunk term\u00e9keinkr\u0151l \u00e9s szolg\u00e1ltat\u00e1sainkr\u00f3l.<\/p>\n<p>&nbsp;<\/p>","protected":false},"excerpt":{"rendered":"<p>Le\u00edr\u00e1s\uff1aA <strong>YUR-460 SMT Hull\u00e1mforraszt\u00f3 Kirakod\u00f3 S\u00ednnel <\/strong>A hull\u00e1mforraszt\u00e1s ut\u00e1n sima \u00e9s ellen\u0151rz\u00f6tt NY\u00c1K-\u00e1tvitelt biztos\u00edt, \u00edgy kiv\u00e1l\u00f3an alkalmas a mobil elektronik\u00e1ban haszn\u00e1lt finom \u00e9s kompakt lapok feldolgoz\u00e1s\u00e1ra. S\u00ednes sz\u00e1ll\u00edt\u00f3szalagja stabiliz\u00e1lja a v\u00e9kony okostelefon NY\u00c1K-okat, megakad\u00e1lyozza a hajl\u00edt\u00e1st \u00e9s minimaliz\u00e1lja a rezg\u00e9st a kirakod\u00e1s sor\u00e1n. \u00c1ll\u00edthat\u00f3 sz\u00e9less\u00e9g\u0171 be\u00e1ll\u00edt\u00e1sainak \u00e9s gyors \u00e1t\u00e1ll\u00e1si k\u00e9pess\u00e9g\u00e9nek k\u00f6sz\u00f6nhet\u0151en t\u00f6bb telefonk\u00e1rtya-t\u00edpust is t\u00e1mogat, biztos\u00edtva az \u00e1lland\u00f3 \u00e1raml\u00e1st \u00e9s cs\u00f6kkentve a k\u00e9zi kezel\u00e9st a nagy sebess\u00e9g\u0171 mobileszk\u00f6z-gy\u00e1rt\u00f3sorokon.<\/p>\n<p>Minim\u00e1lis rendel\u00e9si mennyis\u00e9g: 1 db<\/p>\n<p>\u00c1tfut\u00e1si id\u0151: 15 nap<\/p>","protected":false},"featured_media":22972,"comment_status":"closed","ping_status":"closed","template":"","meta":[],"etheme_brands":[],"product_brand":[],"product_cat":[151,153],"product_tag":[],"class_list":{"0":"post-22970","1":"product","2":"type-product","3":"status-publish","4":"has-post-thumbnail","6":"product_cat-pcb-soldering-equipment","7":"product_cat-wave-soldering-machine","9":"first","10":"instock","11":"shipping-taxable","12":"product-type-simple"},"_links":{"self":[{"href":"https:\/\/esmte.com\/hu\/wp-json\/wp\/v2\/product\/22970","targetHints":{"allow":["GET"]}}],"collection":[{"href":"https:\/\/esmte.com\/hu\/wp-json\/wp\/v2\/product"}],"about":[{"href":"https:\/\/esmte.com\/hu\/wp-json\/wp\/v2\/types\/product"}],"replies":[{"embeddable":true,"href":"https:\/\/esmte.com\/hu\/wp-json\/wp\/v2\/comments?post=22970"}],"version-history":[{"count":1,"href":"https:\/\/esmte.com\/hu\/wp-json\/wp\/v2\/product\/22970\/revisions"}],"predecessor-version":[{"id":24202,"href":"https:\/\/esmte.com\/hu\/wp-json\/wp\/v2\/product\/22970\/revisions\/24202"}],"wp:featuredmedia":[{"embeddable":true,"href":"https:\/\/esmte.com\/hu\/wp-json\/wp\/v2\/media\/22972"}],"wp:attachment":[{"href":"https:\/\/esmte.com\/hu\/wp-json\/wp\/v2\/media?parent=22970"}],"wp:term":[{"taxonomy":"brand","embeddable":true,"href":"https:\/\/esmte.com\/hu\/wp-json\/wp\/v2\/etheme_brands?post=22970"},{"taxonomy":"product_brand","embeddable":true,"href":"https:\/\/esmte.com\/hu\/wp-json\/wp\/v2\/product_brand?post=22970"},{"taxonomy":"product_cat","embeddable":true,"href":"https:\/\/esmte.com\/hu\/wp-json\/wp\/v2\/product_cat?post=22970"},{"taxonomy":"product_tag","embeddable":true,"href":"https:\/\/esmte.com\/hu\/wp-json\/wp\/v2\/product_tag?post=22970"}],"curies":[{"name":"munkaf\u00fczet","href":"https:\/\/api.w.org\/{rel}","templated":true}]}}