{"id":22931,"date":"2025-12-10T06:33:17","date_gmt":"2025-12-10T06:33:17","guid":{"rendered":"https:\/\/esmte.com\/?post_type=product&#038;p=22931"},"modified":"2025-12-10T06:33:17","modified_gmt":"2025-12-10T06:33:17","slug":"full-auto-pcb-plug-cutting-machine-ycm-600","status":"publish","type":"product","link":"https:\/\/esmte.com\/hu\/products\/full-auto-pcb-plug-cutting-machine-ycm-600\/","title":{"rendered":"Teljesen automatikus NY\u00c1K-dug\u00f3 v\u00e1g\u00f3g\u00e9p YCM-600"},"content":{"rendered":"<h2>Bevezet\u00e9s<\/h2>\n<p data-start=\"171\" data-end=\"525\">A <strong>Teljesen automatikus NY\u00c1K-dug\u00f3 v\u00e1g\u00f3g\u00e9p YCM-600<\/strong> egy fejlett ipari megold\u00e1s, amelyet a nyomtatott \u00e1ramk\u00f6ri k\u00e1rty\u00e1kon l\u00e9v\u0151 \u00e1tmen\u0151 furat\u00fa alkatr\u00e9szkivezet\u00e9sek automatikus v\u00e1g\u00e1s\u00e1ra \u00e9s form\u00e1z\u00e1s\u00e1ra terveztek. A prec\u00edz \u00e9s egyenletes kivezet\u00e9shossz \u00e9s -sz\u00f6gek biztos\u00edt\u00e1s\u00e1val biztos\u00edtja az alkatr\u00e9szek pontos behelyez\u00e9s\u00e9t, \u00e9s jav\u00edtja a forraszt\u00e1si min\u0151s\u00e9get mind a hull\u00e1mforraszt\u00e1si, mind a szelekt\u00edv forraszt\u00e1si elj\u00e1r\u00e1sokban.<\/p>\n<p data-start=\"527\" data-end=\"902\">Nagy volumen\u0171 NY\u00c1K-gy\u00e1rt\u00e1sra optimaliz\u00e1lva, <strong>Teljesen automatikus NY\u00c1K-dug\u00f3 v\u00e1g\u00f3g\u00e9p YCM-600<\/strong> Z\u00f6kken\u0151mentesen integr\u00e1lhat\u00f3 az automatiz\u00e1lt \u00f6sszeszerel\u0151 sorokba, cs\u00f6kkentve a manu\u00e1lis beavatkoz\u00e1st \u00e9s jav\u00edtva a munkafolyamatok \u00e1ltal\u00e1nos hat\u00e9konys\u00e1g\u00e1t. Prec\u00edz v\u00e1g\u00f3mechanizmusa megakad\u00e1lyozza az olyan gyakori hib\u00e1kat, mint a rosszul illesztett vezet\u00e9kek, a forraszt\u00e1si \u00e1thidal\u00e1sok \u00e9s az egyenetlen alkatr\u00e9szmagass\u00e1gok, ami magasabb els\u0151 menetes hozamot \u00e9s \u00e1lland\u00f3 term\u00e9kmin\u0151s\u00e9get eredm\u00e9nyez.<\/p>\n<p data-start=\"904\" data-end=\"1266\">Tart\u00f3s anyagokb\u00f3l k\u00e9sz\u00fclt \u00e9s folyamatos m\u0171k\u00f6d\u00e9sre tervezt\u00e9k, a <strong>Teljesen automatikus NY\u00c1K-dug\u00f3 v\u00e1g\u00f3g\u00e9p YCM-600<\/strong> Sz\u00e9lesk\u00f6r\u0171 NY\u00c1K-m\u00e9retek, vastags\u00e1gok \u00e9s alkatr\u00e9szt\u00edpusok sz\u00e9les sk\u00e1l\u00e1j\u00e1t k\u00e9pes kezelni. K\u00fcl\u00f6n\u00f6sen alkalmas aut\u00f3ipari elektronik\u00e1hoz, fogyaszt\u00f3i eszk\u00f6z\u00f6kh\u00f6z, LED-szerelv\u00e9nyekhez \u00e9s ipari vez\u00e9rl\u0151panelekhez, t\u00e1mogatva a v\u00e1ltozatos gy\u00e1rt\u00e1si ig\u00e9nyeket \u00e9s biztos\u00edtva a megb\u00edzhat\u00f3 \u00f6sszeszerel\u00e9si eredm\u00e9nyeket.<\/p>\n<p data-start=\"1268\" data-end=\"1581\">Az \u00f3lomv\u00e1g\u00e1s \u00e9s -form\u00e1z\u00e1s automatiz\u00e1l\u00e1s\u00e1val a <strong>Teljesen automatikus NY\u00c1K-dug\u00f3 v\u00e1g\u00f3g\u00e9p YCM-600<\/strong> nemcsak n\u00f6veli a termel\u00e9si hat\u00e9konys\u00e1got, hanem minimaliz\u00e1lja a munkaer\u0151k\u00f6lts\u00e9geket \u00e9s az ut\u00f3lagos megmunk\u00e1l\u00e1st is. Megb\u00edzhat\u00f3, k\u00f6lts\u00e9ghat\u00e9kony \u00e9s nagy pontoss\u00e1g\u00fa megold\u00e1st k\u00edn\u00e1l az elektronikai gy\u00e1rt\u00f3k sz\u00e1m\u00e1ra a nagym\u00e9ret\u0171 NY\u00c1K-\u00f6sszeszerel\u00e9si m\u0171veletek \u00e1lland\u00f3 min\u0151s\u00e9g\u00e9nek fenntart\u00e1s\u00e1ra.<\/p>\n<p data-start=\"1268\" data-end=\"1581\">\n<p><img loading=\"lazy\" decoding=\"async\" class=\"alignnone  wp-image-22927 aligncenter\" src=\"https:\/\/esmte.com\/wp-content\/uploads\/2025\/12\/11-33.webp\" alt=\"Full-auto PCB Plug Cutting Machine\" width=\"574\" height=\"573\" srcset=\"https:\/\/esmte.com\/wp-content\/uploads\/2025\/12\/11-33.webp 2561w, https:\/\/esmte.com\/wp-content\/uploads\/2025\/12\/11-33-100x100.webp 100w, https:\/\/esmte.com\/wp-content\/uploads\/2025\/12\/11-33-600x599.webp 600w, https:\/\/esmte.com\/wp-content\/uploads\/2025\/12\/11-33-300x300.webp 300w, https:\/\/esmte.com\/wp-content\/uploads\/2025\/12\/11-33-1024x1024.webp 1024w, https:\/\/esmte.com\/wp-content\/uploads\/2025\/12\/11-33-150x150.webp 150w, https:\/\/esmte.com\/wp-content\/uploads\/2025\/12\/11-33-768x767.webp 768w, https:\/\/esmte.com\/wp-content\/uploads\/2025\/12\/11-33-1536x1534.webp 1536w, https:\/\/esmte.com\/wp-content\/uploads\/2025\/12\/11-33-2048x2046.webp 2048w, https:\/\/esmte.com\/wp-content\/uploads\/2025\/12\/11-33-1x1.webp 1w, https:\/\/esmte.com\/wp-content\/uploads\/2025\/12\/11-33-10x10.webp 10w\" sizes=\"auto, (max-width: 574px) 100vw, 574px\" \/><\/p>\n<p>&nbsp;<\/p>\n<h2 data-start=\"89\" data-end=\"179\"><strong data-start=\"92\" data-end=\"179\">Teljesen automatikus NY\u00c1K-dug\u00f3v\u00e1g\u00f3 g\u00e9p alkalmaz\u00e1sa a sz\u00f3rakoztat\u00f3elektronikai gy\u00e1rakban<\/strong><\/h2>\n<ol data-start=\"181\" data-end=\"1704\">\n<li data-start=\"181\" data-end=\"478\">\n<p data-start=\"184\" data-end=\"478\"><strong data-start=\"184\" data-end=\"224\">\u00c1tmen\u0151 furat\u00fa alkatr\u00e9sz kivezet\u00e9s v\u00e1g\u00e1sa<\/strong><br data-start=\"224\" data-end=\"227\" \/>A g\u00e9p automatikusan lev\u00e1gja \u00e9s form\u00e1zza az \u00e1tmen\u0151 furat\u00fa alkatr\u00e9szek kivezet\u00e9seit a fogyaszt\u00f3i eszk\u00f6z\u00f6kben, p\u00e9ld\u00e1ul okostelefonokban, t\u00e1blag\u00e9pekben, LED-term\u00e9kekben \u00e9s h\u00e1ztart\u00e1si g\u00e9pekben haszn\u00e1lt NY\u00c1K-okon. Ez biztos\u00edtja az egyenletes kivezet\u00e9shosszt \u00e9s a megfelel\u0151 igaz\u00edt\u00e1st a z\u00f6kken\u0151mentes \u00f6sszeszerel\u00e9s \u00e9rdek\u00e9ben.<\/p>\n<\/li>\n<li data-start=\"480\" data-end=\"742\">\n<p data-start=\"483\" data-end=\"742\"><strong data-start=\"483\" data-end=\"533\">A hull\u00e1m- \u00e9s szelekt\u00edv forraszt\u00e1s min\u0151s\u00e9g\u00e9nek jav\u00edt\u00e1sa<\/strong><br data-start=\"533\" data-end=\"536\" \/>A prec\u00edz \u00e9s konzisztens kivezet\u00e9sform\u00e1k biztos\u00edt\u00e1s\u00e1val cs\u00f6kkenti a forraszt\u00e1si hib\u00e1kat, p\u00e9ld\u00e1ul a forraszt\u00e1si \u00e1thidal\u00e1sokat, az illeszt\u00e9si hib\u00e1kat \u00e9s a nem megfelel\u0151 forraszt\u00e1si lefedetts\u00e9get, jav\u00edtva a nagy s\u0171r\u0171s\u00e9g\u0171 NY\u00c1K-ok \u00e1ltal\u00e1nos forraszt\u00e1si megb\u00edzhat\u00f3s\u00e1g\u00e1t.<\/p>\n<\/li>\n<li data-start=\"744\" data-end=\"983\">\n<p data-start=\"747\" data-end=\"983\"><strong data-start=\"747\" data-end=\"792\">Integr\u00e1ci\u00f3 automatiz\u00e1lt \u00f6sszeszerel\u0151 sorokkal<\/strong><br data-start=\"792\" data-end=\"795\" \/>A v\u00e1g\u00f3g\u00e9p z\u00f6kken\u0151mentesen integr\u00e1lhat\u00f3 a pick-and-place vagy a board be\u00fcltet\u0151 berendez\u00e9sekkel, t\u00e1mogatva a teljesen automatiz\u00e1lt NY\u00c1K-gy\u00e1rt\u00e1si munkafolyamatokat \u00e9s cs\u00f6kkentve a k\u00e9zi munkaer\u0151ig\u00e9nyt.<\/p>\n<\/li>\n<li data-start=\"985\" data-end=\"1235\">\n<p data-start=\"988\" data-end=\"1235\"><strong data-start=\"988\" data-end=\"1025\">Nagy volumen\u0171 termel\u00e9s t\u00e1mogat\u00e1sa<\/strong><br data-start=\"1025\" data-end=\"1028\" \/>A sz\u00f3rakoztat\u00f3elektronikai gy\u00e1rak gyakran t\u00f6bb m\u0171szakban \u00fczemelnek. A teljesen automatikus NY\u00c1K-csatlakoz\u00f3 v\u00e1g\u00f3g\u00e9p gyors \u00e9s ism\u00e9telhet\u0151 v\u00e1g\u00e1st biztos\u00edt, magas \u00e1tereszt\u0151k\u00e9pess\u00e9get biztos\u00edtva, mik\u00f6zben \u00e1lland\u00f3 min\u0151s\u00e9get biztos\u00edt.<\/p>\n<\/li>\n<li data-start=\"1237\" data-end=\"1469\">\n<p data-start=\"1240\" data-end=\"1469\"><strong data-start=\"1240\" data-end=\"1290\">Sokoldal\u00fas\u00e1g vegyes NY\u00c1K-m\u00e9retekhez \u00e9s alkatr\u00e9szekhez<\/strong><br data-start=\"1290\" data-end=\"1293\" \/>K\u00fcl\u00f6nb\u00f6z\u0151 m\u00e9ret\u0171, vastags\u00e1g\u00fa \u00e9s t\u00edpus\u00fa NY\u00c1K-okat k\u00e9pes kezelni, \u00edgy alkalmass\u00e1 teszi olyan gy\u00e1rak sz\u00e1m\u00e1ra, amelyek t\u00f6bb term\u00e9kcsal\u00e1dot gy\u00e1rtanak k\u00fcl\u00f6nb\u00f6z\u0151 THT alkatr\u00e9szekkel.<\/p>\n<\/li>\n<li data-start=\"1471\" data-end=\"1704\">\n<p data-start=\"1474\" data-end=\"1704\"><strong data-start=\"1474\" data-end=\"1515\">Az \u00e1tdolgoz\u00e1si \u00e9s \u00fczemeltet\u00e9si k\u00f6lts\u00e9gek cs\u00f6kkent\u00e9se<\/strong><br data-start=\"1515\" data-end=\"1518\" \/>Az \u00f3lom k\u00f6vetkezetes v\u00e1g\u00e1sa minimaliz\u00e1lja a hib\u00e1kat \u00e9s cs\u00f6kkenti a k\u00e9zi korrekci\u00f3k sz\u00fcks\u00e9gess\u00e9g\u00e9t, seg\u00edtve a sz\u00f3rakoztat\u00f3elektronikai gy\u00e1rt\u00f3kat a munkaer\u0151k\u00f6lts\u00e9gek cs\u00f6kkent\u00e9s\u00e9ben \u00e9s a termel\u00e9si hat\u00e9konys\u00e1g n\u00f6vel\u00e9s\u00e9ben.<\/p>\n<\/li>\n<\/ol>\n<p>&nbsp;<\/p>\n<h2>Specifik\u00e1ci\u00f3k<\/h2>\n<table style=\"border-collapse: collapse; width: 1379px; height: 232px;\" border=\"0\" width=\"556\" cellspacing=\"0\" cellpadding=\"0\">\n<tbody>\n<tr style=\"height: 15.00pt;\">\n<td class=\"et2\" style=\"height: 15pt; width: 143.25pt; text-align: center;\" width=\"191\" height=\"20\">Modell<\/td>\n<td class=\"et3\" style=\"width: 273.75pt; text-align: center;\" width=\"365\">YCM-600<\/td>\n<\/tr>\n<tr style=\"height: 15.00pt;\">\n<td class=\"et4\" style=\"height: 15pt; width: 143.25pt; text-align: center;\" width=\"191\" height=\"20\">Dimenzi\u00f3<\/td>\n<td class=\"et5\" style=\"width: 273.75pt; text-align: center;\" width=\"365\">750 * 600 * 860 mm<\/td>\n<\/tr>\n<tr style=\"height: 15.00pt;\">\n<td class=\"et4\" style=\"height: 15pt; width: 143.25pt; text-align: center;\" width=\"191\" height=\"20\">V\u00e1g\u00e1si l\u00e1b magass\u00e1ga<\/td>\n<td class=\"et5\" style=\"width: 273.75pt; text-align: center;\" width=\"365\">Min. 1,2 mm<\/td>\n<\/tr>\n<tr style=\"height: 15.00pt;\">\n<td class=\"et4\" style=\"height: 15pt; width: 143.25pt; text-align: center;\" width=\"191\" height=\"20\">Forg\u00e1si sebess\u00e9g<\/td>\n<td class=\"et5\" style=\"width: 273.75pt; text-align: center;\" width=\"365\">4500 fordulat\/perc<\/td>\n<\/tr>\n<tr style=\"height: 15.00pt;\">\n<td class=\"et4\" style=\"height: 15pt; width: 143.25pt; text-align: center;\" width=\"191\" height=\"20\">A vezet\u0151s\u00edn \u00fatvonala<\/td>\n<td class=\"et5\" style=\"width: 273.75pt; text-align: center;\" width=\"365\">0-250 mm<\/td>\n<\/tr>\n<tr style=\"height: 15.00pt;\">\n<td class=\"et4\" style=\"height: 15pt; width: 143.25pt; text-align: center;\" width=\"191\" height=\"20\">T\u00e1pegys\u00e9g<\/td>\n<td class=\"et5\" style=\"width: 273.75pt; text-align: center;\" width=\"365\">1 f\u00e1zis\u00fa AC 220V 50\/60Hz<\/td>\n<\/tr>\n<tr style=\"height: 15.00pt;\">\n<td class=\"et4\" style=\"height: 15pt; width: 143.25pt; text-align: center;\" width=\"191\" height=\"20\">Hatalom<\/td>\n<td class=\"et5\" style=\"width: 273.75pt; text-align: center;\" width=\"365\">800 W<\/td>\n<\/tr>\n<tr style=\"height: 15.00pt;\">\n<td class=\"et6\" style=\"height: 15pt; width: 143.25pt; text-align: center;\" width=\"191\" height=\"20\">S\u00faly<\/td>\n<td class=\"et7\" style=\"width: 273.75pt; text-align: center;\" width=\"365\">115 kg<\/td>\n<\/tr>\n<\/tbody>\n<\/table>\n<p>&nbsp;<\/p>\n<p><a href=\"https:\/\/www.youtube.com\/@allaismt\" rel=\"nofollow noopener\" target=\"_blank\"><u>https:\/\/www.youtube.com\/@allaismt<\/u><\/a><\/p>\n<p>A YCM-600 teljesen automatikus NY\u00c1K-dug\u00f3 v\u00e1g\u00f3g\u00e9ppel kapcsolatos tov\u00e1bbi inform\u00e1ci\u00f3k\u00e9rt k\u00e9rj\u00fck, k\u00fcldj\u00f6n e-mailt a k\u00f6vetkez\u0151 c\u00edmre:<\/p>\n<p><a href=\"mailto:sophia@allaismt.com\"><u>sophia@allaismt.com<\/u><\/a><\/p>\n<p>Megkeres\u00e9s\u00e9re halad\u00e9ktalanul v\u00e1laszolunk, \u00e9s r\u00e9szletes t\u00e1j\u00e9koztat\u00e1st ny\u00fajtunk term\u00e9keinkr\u0151l \u00e9s szolg\u00e1ltat\u00e1sainkr\u00f3l.<\/p>","protected":false},"excerpt":{"rendered":"<p>Le\u00edr\u00e1s\uff1aA <strong>YCM-600 Teljesen automatikus NY\u00c1K-dug\u00f3 v\u00e1g\u00f3g\u00e9p<\/strong> egy nagy pontoss\u00e1g\u00fa megold\u00e1s, amelyet a NY\u00c1K-ok \u00e1tmen\u0151 furat\u00fa alkatr\u00e9szkivezet\u00e9seinek automatikus v\u00e1g\u00e1s\u00e1ra \u00e9s form\u00e1z\u00e1s\u00e1ra terveztek. Biztos\u00edtja az egyenletes kivezet\u00e9shosszt \u00e9s az \u00e1lland\u00f3 sz\u00f6geket, jav\u00edtva az alkatr\u00e9szbehelyez\u00e9si pontoss\u00e1got \u00e9s a forraszt\u00e1si min\u0151s\u00e9get mind a hull\u00e1m-, mind a szelekt\u00edv forraszt\u00e1si folyamatokn\u00e1l. A nagy volumen\u0171 NY\u00c1K-gy\u00e1rt\u00e1shoz tervezett YCM-600 z\u00f6kken\u0151mentesen integr\u00e1lhat\u00f3 az automatiz\u00e1lt \u00f6sszeszerel\u0151 sorokba, cs\u00f6kkentve a k\u00e9zi munk\u00e1t, mik\u00f6zben jav\u00edtja a hat\u00e9konys\u00e1got \u00e9s az \u00e1lland\u00f3s\u00e1got. Robusztus fel\u00e9p\u00edt\u00e9se \u00e9s megb\u00edzhat\u00f3 m\u0171k\u00f6d\u00e9se ide\u00e1liss\u00e1 teszi aut\u00f3ipari elektronik\u00e1hoz, fogyaszt\u00f3i eszk\u00f6z\u00f6kh\u00f6z, LED-szerelv\u00e9nyekhez \u00e9s ipari vez\u00e9rl\u0151 NY\u00c1K-okhoz.<\/p>\n<p>Minim\u00e1lis rendel\u00e9si mennyis\u00e9g: 1 db<\/p>\n<p>\u00c1tfut\u00e1si id\u0151: 15 nap<\/p>","protected":false},"featured_media":22932,"comment_status":"closed","ping_status":"closed","template":"","meta":[],"etheme_brands":[],"product_brand":[],"product_cat":[179],"product_tag":[],"class_list":{"0":"post-22931","1":"product","2":"type-product","3":"status-publish","4":"has-post-thumbnail","6":"product_cat-pcb-pin-lead-cutting-machine","8":"first","9":"instock","10":"shipping-taxable","11":"product-type-simple"},"_links":{"self":[{"href":"https:\/\/esmte.com\/hu\/wp-json\/wp\/v2\/product\/22931","targetHints":{"allow":["GET"]}}],"collection":[{"href":"https:\/\/esmte.com\/hu\/wp-json\/wp\/v2\/product"}],"about":[{"href":"https:\/\/esmte.com\/hu\/wp-json\/wp\/v2\/types\/product"}],"replies":[{"embeddable":true,"href":"https:\/\/esmte.com\/hu\/wp-json\/wp\/v2\/comments?post=22931"}],"version-history":[{"count":1,"href":"https:\/\/esmte.com\/hu\/wp-json\/wp\/v2\/product\/22931\/revisions"}],"predecessor-version":[{"id":22933,"href":"https:\/\/esmte.com\/hu\/wp-json\/wp\/v2\/product\/22931\/revisions\/22933"}],"wp:featuredmedia":[{"embeddable":true,"href":"https:\/\/esmte.com\/hu\/wp-json\/wp\/v2\/media\/22932"}],"wp:attachment":[{"href":"https:\/\/esmte.com\/hu\/wp-json\/wp\/v2\/media?parent=22931"}],"wp:term":[{"taxonomy":"brand","embeddable":true,"href":"https:\/\/esmte.com\/hu\/wp-json\/wp\/v2\/etheme_brands?post=22931"},{"taxonomy":"product_brand","embeddable":true,"href":"https:\/\/esmte.com\/hu\/wp-json\/wp\/v2\/product_brand?post=22931"},{"taxonomy":"product_cat","embeddable":true,"href":"https:\/\/esmte.com\/hu\/wp-json\/wp\/v2\/product_cat?post=22931"},{"taxonomy":"product_tag","embeddable":true,"href":"https:\/\/esmte.com\/hu\/wp-json\/wp\/v2\/product_tag?post=22931"}],"curies":[{"name":"munkaf\u00fczet","href":"https:\/\/api.w.org\/{rel}","templated":true}]}}