{"id":22911,"date":"2025-12-10T02:07:01","date_gmt":"2025-12-10T02:07:01","guid":{"rendered":"https:\/\/esmte.com\/?post_type=product&#038;p=22911"},"modified":"2026-01-13T08:18:37","modified_gmt":"2026-01-13T08:18:37","slug":"efficient-solution-shape-machine","status":"publish","type":"product","link":"https:\/\/esmte.com\/hu\/products\/efficient-solution-shape-machine\/","title":{"rendered":"Automatikus ellen\u00e1ll\u00e1s-form\u00e1z\u00f3g\u00e9p YRS-600"},"content":{"rendered":"<h2>Bevezet\u00e9s<\/h2>\n<p data-start=\"153\" data-end=\"459\">A <strong>Automatikus ellen\u00e1ll\u00e1s-form\u00e1z\u00f3g\u00e9p YRS-600<\/strong> A modern elektronikai gy\u00e1rt\u00e1sban haszn\u00e1lt \u00e1tmen\u0151furat-ellen\u00e1ll\u00e1sok nagy pontoss\u00e1g\u00fa kivezet\u00e9sform\u00e1z\u00e1s\u00e1ra tervezt\u00e9k. Automatiz\u00e1lja a v\u00e1g\u00e1si, hajl\u00edt\u00e1si \u00e9s alak\u00edt\u00e1si folyamatokat az alkatr\u00e9sz geometri\u00e1j\u00e1nak egys\u00e9ges\u00edt\u00e9se \u00e9rdek\u00e9ben, biztos\u00edtva a sima behelyez\u00e9st \u00e9s a jobb \u00f6sszeszerel\u00e9si pontoss\u00e1got.<\/p>\n<p data-start=\"461\" data-end=\"820\">Gy\u00e1rt\u00e1si k\u00f6rnyezetben az YRS-600 a k\u00e9zi form\u00e1z\u00e1st stabil, nagy sebess\u00e9g\u0171 automatiz\u00e1l\u00e1ssal helyettes\u00edti, jelent\u0151sen cs\u00f6kkentve a munkaterhel\u00e9st \u00e9s minimaliz\u00e1lva a m\u00e9retbeli elt\u00e9r\u00e9seket. Ez a szabv\u00e1nyos\u00edt\u00e1s jav\u00edtja a k\u00e9s\u0151bbi m\u0171veletek, k\u00fcl\u00f6n\u00f6sen a hull\u00e1mforraszt\u00e1s \u00e9s a szelekt\u00edv forraszt\u00e1s min\u0151s\u00e9g\u00e9t, ahol a megfelel\u0151 kivezet\u00e9sforma kritikus fontoss\u00e1g\u00fa a megb\u00edzhat\u00f3 forraszt\u00e1si k\u00f6t\u00e9sek szempontj\u00e1b\u00f3l.<\/p>\n<p data-start=\"822\" data-end=\"1161\">Folyamatos m\u0171k\u00f6d\u00e9sre tervezve, <strong>Automatikus ellen\u00e1ll\u00e1s-form\u00e1z\u00f3g\u00e9p YRS-600<\/strong> Tart\u00f3s mechanikai fel\u00e9p\u00edt\u00e9ssel \u00e9s hat\u00e9kony adagol\u00f3rendszerrel rendelkezik, amely alkalmas nagy volumen\u0171 NY\u00c1K-gy\u00e1rt\u00e1sra. \u00c1lland\u00f3s\u00e1g\u00e1nak \u00e9s ism\u00e9telhet\u0151s\u00e9g\u00e9nek k\u00f6sz\u00f6nhet\u0151en n\u00e9lk\u00fcl\u00f6zhetetlen eszk\u00f6z az EMS-szolg\u00e1ltat\u00f3k, a sz\u00f3rakoztat\u00f3elektronikai gy\u00e1rak, az aut\u00f3ipari elektronikai term\u00e9kek gy\u00e1rt\u00f3i \u00e9s a teljes\u00edtm\u00e9nyszab\u00e1lyoz\u00f3 term\u00e9kek gy\u00e1rt\u00f3i sz\u00e1m\u00e1ra.<\/p>\n<p data-start=\"1163\" data-end=\"1457\">Az ellen\u00e1ll\u00e1s egyenletes el\u0151k\u00e9sz\u00edt\u00e9s\u00e9vel a <strong>Automatikus ellen\u00e1ll\u00e1s-form\u00e1z\u00f3g\u00e9p YRS-600<\/strong> t\u00e1mogatja a lean gy\u00e1rt\u00e1st, cs\u00f6kkenti az ut\u00f3lagos megmunk\u00e1l\u00e1st \u00e9s stabiliz\u00e1lja a teljes THT \u00f6sszeszerel\u00e9si munkafolyamatot. Megb\u00edzhat\u00f3 megold\u00e1st k\u00edn\u00e1l azoknak a gy\u00e1raknak, amelyek c\u00e9lja a hat\u00e9konys\u00e1g n\u00f6vel\u00e9se \u00e9s a magas min\u0151s\u00e9gi szabv\u00e1nyok fenntart\u00e1sa a t\u00f6meges elektronikai alkatr\u00e9sz-feldolgoz\u00e1s sor\u00e1n.<\/p>\n<p data-start=\"1163\" data-end=\"1457\"><img loading=\"lazy\" decoding=\"async\" class=\"alignnone wp-image-22905 aligncenter\" src=\"https:\/\/esmte.com\/wp-content\/uploads\/2025\/12\/22-1.webp\" alt=\"Automatic Resistance Shape Machine\" width=\"651\" height=\"650\" srcset=\"https:\/\/esmte.com\/wp-content\/uploads\/2025\/12\/22-1.webp 2561w, https:\/\/esmte.com\/wp-content\/uploads\/2025\/12\/22-1-100x100.webp 100w, https:\/\/esmte.com\/wp-content\/uploads\/2025\/12\/22-1-600x599.webp 600w, https:\/\/esmte.com\/wp-content\/uploads\/2025\/12\/22-1-300x300.webp 300w, https:\/\/esmte.com\/wp-content\/uploads\/2025\/12\/22-1-1024x1024.webp 1024w, https:\/\/esmte.com\/wp-content\/uploads\/2025\/12\/22-1-150x150.webp 150w, https:\/\/esmte.com\/wp-content\/uploads\/2025\/12\/22-1-768x767.webp 768w, https:\/\/esmte.com\/wp-content\/uploads\/2025\/12\/22-1-1536x1534.webp 1536w, https:\/\/esmte.com\/wp-content\/uploads\/2025\/12\/22-1-2048x2046.webp 2048w, https:\/\/esmte.com\/wp-content\/uploads\/2025\/12\/22-1-1x1.webp 1w, https:\/\/esmte.com\/wp-content\/uploads\/2025\/12\/22-1-10x10.webp 10w\" sizes=\"auto, (max-width: 651px) 100vw, 651px\" \/><\/p>\n<h2 data-start=\"103\" data-end=\"193\"><strong data-start=\"106\" data-end=\"193\">Hogyan haszn\u00e1lj\u00e1k az YRS-600 automatikus ellen\u00e1ll\u00e1s-form\u00e1z\u00f3 g\u00e9pet az elektronikai gy\u00e1rakban?<\/strong><\/h2>\n<ol data-start=\"195\" data-end=\"2008\">\n<li data-start=\"195\" data-end=\"455\">\n<p data-start=\"198\" data-end=\"455\"><strong data-start=\"198\" data-end=\"233\">THT ellen\u00e1ll\u00e1sok el\u0151feldolgoz\u00e1sa<\/strong><br data-start=\"233\" data-end=\"236\" \/>Az YRS-600-at az alkatr\u00e9sz-el\u0151k\u00e9sz\u00edt\u0151 ter\u00fcleten telep\u00edtik, hogy automatikusan form\u00e1zza, v\u00e1gja \u00e9s hajl\u00edtsa az ellen\u00e1ll\u00e1svezet\u00e9keket, miel\u0151tt azok a szerel\u0151sorra ker\u00fcln\u00e9nek. Ez biztos\u00edtja az egys\u00e9ges m\u00e9reteket a hat\u00e9kony downstream m\u0171veletekhez.<\/p>\n<\/li>\n<li data-start=\"457\" data-end=\"691\">\n<p data-start=\"460\" data-end=\"691\"><strong data-start=\"460\" data-end=\"504\">Manu\u00e1lis vagy automatikus behelyez\u00e9s t\u00e1mogat\u00e1sa<\/strong><br data-start=\"504\" data-end=\"507\" \/>Az\u00e1ltal, hogy az ellen\u00e1ll\u00e1sokat konzisztens kivezet\u00e9shosszal \u00e9s hajl\u00edt\u00e1si sz\u00f6ggel biztos\u00edtja, a g\u00e9p z\u00f6kken\u0151mentes behelyez\u00e9st tesz lehet\u0151v\u00e9 a NY\u00c1K-okba \u2013 ak\u00e1r kezel\u0151k, ak\u00e1r automatiz\u00e1lt behelyez\u0151 berendez\u00e9sek v\u00e9gzik.<\/p>\n<\/li>\n<li data-start=\"693\" data-end=\"910\">\n<p data-start=\"696\" data-end=\"910\"><strong data-start=\"696\" data-end=\"732\">A hull\u00e1mforraszt\u00e1s min\u0151s\u00e9g\u00e9nek jav\u00edt\u00e1sa<\/strong><br data-start=\"732\" data-end=\"735\" \/>Az egyenletes alak\u00fa ellen\u00e1ll\u00e1sok cs\u00f6kkentik a hull\u00e1mforraszt\u00e1s sor\u00e1n fell\u00e9p\u0151 hib\u00e1s illeszt\u00e9s, a nem megfelel\u0151 forraszt\u00e1s, az \u00e1thidal\u00f3d\u00e1s vagy a d\u0151l\u00e9s kock\u00e1zat\u00e1t. Ez jav\u00edtja az illeszt\u00e9sek megb\u00edzhat\u00f3s\u00e1g\u00e1t \u00e9s minimaliz\u00e1lja az ut\u00f3lagos megmunk\u00e1l\u00e1st.<\/p>\n<\/li>\n<li data-start=\"912\" data-end=\"1133\">\n<p data-start=\"915\" data-end=\"1133\"><strong data-start=\"915\" data-end=\"963\">Alkatr\u00e9szek el\u0151k\u00e9sz\u00edt\u00e9se szelekt\u00edv forraszt\u00e1shoz<\/strong><br data-start=\"963\" data-end=\"966\" \/>A g\u00e9p pontosan form\u00e1zott kivezet\u00e9seket gy\u00e1rt, amelyek j\u00f3l illeszkednek a szelekt\u00edv forraszt\u00e1si tervez\u00e9si korl\u00e1tokhoz, biztos\u00edtva a stabil pozicion\u00e1l\u00e1st \u00e9s az \u00e1lland\u00f3 forraszt\u00e1si eredm\u00e9nyeket.<\/p>\n<\/li>\n<li data-start=\"1135\" data-end=\"1361\">\n<p data-start=\"1138\" data-end=\"1361\"><strong data-start=\"1138\" data-end=\"1182\">A termel\u00e9kenys\u00e9g n\u00f6vel\u00e9se a t\u00f6megtermel\u00e9sben<\/strong><br data-start=\"1182\" data-end=\"1185\" \/>Az automatiz\u00e1lt adagol\u00e1snak \u00e9s a nagysebess\u00e9g\u0171 form\u00e1z\u00e1snak k\u00f6sz\u00f6nhet\u0151en az YRS-600 nagy mennyis\u00e9g\u0171 ellen\u00e1ll\u00e1st k\u00e9pes kezelni, cs\u00f6kkentve a k\u00e9zi munk\u00e1t \u00e9s jelent\u0151sen n\u00f6velve a gy\u00e1r teljes \u00e1tereszt\u0151k\u00e9pess\u00e9g\u00e9t.<\/p>\n<\/li>\n<li data-start=\"1363\" data-end=\"1580\">\n<p data-start=\"1366\" data-end=\"1580\"><strong data-start=\"1366\" data-end=\"1405\">Min\u0151s\u00e9gellen\u0151rz\u00e9s \u00e9s szabv\u00e1nyos\u00edt\u00e1s<\/strong><br data-start=\"1405\" data-end=\"1408\" \/>Az YRS-600 haszn\u00e1lata biztos\u00edtja, hogy minden ellen\u00e1ll\u00e1svezet\u00e9k megfeleljen a gy\u00e1ri szabv\u00e1nyoknak a hossz, az alak \u00e9s a szimmetria tekintet\u00e9ben, \u00edgy t\u00e1mogatva az \u00e1lland\u00f3 min\u0151s\u00e9get a k\u00fcl\u00f6nb\u00f6z\u0151 gy\u00e1rt\u00e1si t\u00e9telekben.<\/p>\n<\/li>\n<li data-start=\"1582\" data-end=\"1811\">\n<p data-start=\"1585\" data-end=\"1811\"><strong data-start=\"1585\" data-end=\"1630\">A kezel\u0151i f\u00e1radts\u00e1g \u00e9s az emberi hib\u00e1k cs\u00f6kkent\u00e9se<\/strong><br data-start=\"1630\" data-end=\"1633\" \/>A k\u00e9zi hajl\u00edt\u00e1si \u00e9s v\u00e1g\u00e1si feladatok kik\u00fcsz\u00f6b\u00f6l\u00e9s\u00e9vel a g\u00e9p cs\u00f6kkenti az ism\u00e9tl\u0151d\u0151 munk\u00e1t, a hibasz\u00e1zal\u00e9kot, \u00e9s jav\u00edtja az \u00fczembiztons\u00e1got az alkatr\u00e9sz-el\u0151k\u00e9sz\u00edt\u00e9si folyamat sor\u00e1n.<\/p>\n<\/li>\n<li data-start=\"1813\" data-end=\"2008\">\n<p data-start=\"1816\" data-end=\"2008\"><strong data-start=\"1816\" data-end=\"1859\">Lean gy\u00e1rt\u00e1si folyamatok t\u00e1mogat\u00e1sa<\/strong><br data-start=\"1859\" data-end=\"1862\" \/>A g\u00e9p stabiliz\u00e1lja az alkatr\u00e9sz-el\u0151k\u00e9sz\u00edt\u00e9st, lehet\u0151v\u00e9 t\u00e9ve a sim\u00e1bb gy\u00e1rt\u00f3sor-kiegyens\u00falyoz\u00e1st \u00e9s a kisz\u00e1m\u00edthat\u00f3bb \u00fctemid\u0151t az elektronikai gy\u00e1rakban.<\/p>\n<\/li>\n<\/ol>\n<p>&nbsp;<\/p>\n<p><img loading=\"lazy\" decoding=\"async\" class=\"alignnone wp-image-22944 aligncenter\" src=\"https:\/\/esmte.com\/wp-content\/uploads\/2025\/12\/\u5143\u4ef6-1.png\" alt=\"\" width=\"1026\" height=\"241\" \/><\/p>\n<p>&nbsp;<\/p>\n<h2>Specifik\u00e1ci\u00f3k<\/h2>\n<table style=\"border-collapse: collapse; width: 925px; height: 183px;\" border=\"0\" width=\"364\" cellspacing=\"0\" cellpadding=\"0\">\n<tbody>\n<tr style=\"height: 15.00pt;\">\n<td class=\"et2\" style=\"height: 15pt; width: 81.75pt; text-align: center;\" width=\"109\" height=\"20\">Modle<\/td>\n<td class=\"et2\" style=\"width: 191.25pt; text-align: center;\" width=\"255\">YRS-600<\/td>\n<\/tr>\n<tr style=\"height: 15.00pt;\">\n<td class=\"et2\" style=\"height: 15pt; width: 81.75pt; text-align: center;\" width=\"109\" height=\"20\">Sebess\u00e9g<\/td>\n<td class=\"et3\" style=\"width: 191.25pt; text-align: center;\" width=\"255\">6600CPH<\/td>\n<\/tr>\n<tr style=\"height: 15.00pt;\">\n<td class=\"et2\" style=\"height: 15pt; width: 81.75pt; text-align: center;\" width=\"109\" height=\"20\">Dimenzi\u00f3<\/td>\n<td class=\"et3\" style=\"width: 191.25pt; text-align: center;\" width=\"255\">1050 * 600 * 650 mm<\/td>\n<\/tr>\n<tr style=\"height: 15.00pt;\">\n<td class=\"et2\" style=\"height: 15pt; width: 81.75pt; text-align: center;\" width=\"109\" height=\"20\">T\u00e1pegys\u00e9g<\/td>\n<td class=\"et3\" style=\"width: 191.25pt; text-align: center;\" width=\"255\">1 f\u00e1zis\u00fa AC 110\/220V 50\/60Hz<\/td>\n<\/tr>\n<tr style=\"height: 15.00pt;\">\n<td class=\"et2\" style=\"height: 15pt; width: 81.75pt; text-align: center;\" width=\"109\" height=\"20\">Hatalom<\/td>\n<td class=\"et3\" style=\"width: 191.25pt; text-align: center;\" width=\"255\">50 W<\/td>\n<\/tr>\n<tr style=\"height: 15.00pt;\">\n<td class=\"et4\" style=\"height: 15pt; width: 81.75pt; text-align: center;\" width=\"109\" height=\"20\">S\u00faly<\/td>\n<td class=\"et5\" style=\"width: 191.25pt; text-align: center;\" width=\"255\">120 kg<\/td>\n<\/tr>\n<\/tbody>\n<\/table>\n<p>&nbsp;<\/p>\n<p><a href=\"https:\/\/www.youtube.com\/@allaismt\" rel=\"nofollow noopener\" target=\"_blank\"><u>https:\/\/www.youtube.com\/@allaismt<\/u><\/a><\/p>\n<p>Az YRS-600 automatikus ellen\u00e1ll\u00e1s-form\u00e1z\u00f3g\u00e9ppel kapcsolatos tov\u00e1bbi inform\u00e1ci\u00f3k\u00e9rt k\u00e9rj\u00fck, k\u00fcldj\u00f6n e-mailt a k\u00f6vetkez\u0151 c\u00edmre:<\/p>\n<p><a href=\"mailto:sophia@allaismt.com\"><u>sophia@allaismt.com<\/u><\/a><\/p>\n<p>Megkeres\u00e9s\u00e9re halad\u00e9ktalanul v\u00e1laszolunk, \u00e9s r\u00e9szletes t\u00e1j\u00e9koztat\u00e1st ny\u00fajtunk term\u00e9keinkr\u0151l \u00e9s szolg\u00e1ltat\u00e1sainkr\u00f3l.<\/p>","protected":false},"excerpt":{"rendered":"<p>Le\u00edr\u00e1s\uff1aA <strong>Automatikus ellen\u00e1ll\u00e1s-form\u00e1z\u00f3g\u00e9p YRS-600<\/strong> egy nagy hat\u00e9konys\u00e1g\u00fa kivezet\u00e9sform\u00e1z\u00f3 megold\u00e1s, amelyet a modern elektronikai gy\u00e1rt\u00e1sban haszn\u00e1lt \u00e1tmen\u0151furat-ellen\u00e1ll\u00e1sok prec\u00edz megmunk\u00e1l\u00e1s\u00e1hoz terveztek. \u00c1lland\u00f3 kivezet\u00e9shosszt, pontos hajl\u00edt\u00e1si sz\u00f6geket \u00e9s stabil alak\u00edt\u00e1si min\u0151s\u00e9get biztos\u00edt, biztos\u00edtva a NY\u00c1K-okba val\u00f3 z\u00f6kken\u0151mentes behelyez\u00e9st \u00e9s jav\u00edtva a tov\u00e1bbi folyamatokat, p\u00e9ld\u00e1ul a hull\u00e1mforraszt\u00e1st \u00e9s a szelekt\u00edv forraszt\u00e1st.<\/p>\n<p>Minim\u00e1lis rendel\u00e9si mennyis\u00e9g: 1 db<\/p>\n<p>\u00c1tfut\u00e1si id\u0151: 15 nap<\/p>","protected":false},"featured_media":22912,"comment_status":"closed","ping_status":"closed","template":"","meta":[],"etheme_brands":[],"product_brand":[],"product_cat":[179],"product_tag":[],"class_list":{"0":"post-22911","1":"product","2":"type-product","3":"status-publish","4":"has-post-thumbnail","6":"product_cat-pcb-pin-lead-cutting-machine","8":"first","9":"instock","10":"shipping-taxable","11":"product-type-simple"},"_links":{"self":[{"href":"https:\/\/esmte.com\/hu\/wp-json\/wp\/v2\/product\/22911","targetHints":{"allow":["GET"]}}],"collection":[{"href":"https:\/\/esmte.com\/hu\/wp-json\/wp\/v2\/product"}],"about":[{"href":"https:\/\/esmte.com\/hu\/wp-json\/wp\/v2\/types\/product"}],"replies":[{"embeddable":true,"href":"https:\/\/esmte.com\/hu\/wp-json\/wp\/v2\/comments?post=22911"}],"version-history":[{"count":1,"href":"https:\/\/esmte.com\/hu\/wp-json\/wp\/v2\/product\/22911\/revisions"}],"predecessor-version":[{"id":23753,"href":"https:\/\/esmte.com\/hu\/wp-json\/wp\/v2\/product\/22911\/revisions\/23753"}],"wp:featuredmedia":[{"embeddable":true,"href":"https:\/\/esmte.com\/hu\/wp-json\/wp\/v2\/media\/22912"}],"wp:attachment":[{"href":"https:\/\/esmte.com\/hu\/wp-json\/wp\/v2\/media?parent=22911"}],"wp:term":[{"taxonomy":"brand","embeddable":true,"href":"https:\/\/esmte.com\/hu\/wp-json\/wp\/v2\/etheme_brands?post=22911"},{"taxonomy":"product_brand","embeddable":true,"href":"https:\/\/esmte.com\/hu\/wp-json\/wp\/v2\/product_brand?post=22911"},{"taxonomy":"product_cat","embeddable":true,"href":"https:\/\/esmte.com\/hu\/wp-json\/wp\/v2\/product_cat?post=22911"},{"taxonomy":"product_tag","embeddable":true,"href":"https:\/\/esmte.com\/hu\/wp-json\/wp\/v2\/product_tag?post=22911"}],"curies":[{"name":"munkaf\u00fczet","href":"https:\/\/api.w.org\/{rel}","templated":true}]}}