{"id":22880,"date":"2025-12-09T06:47:03","date_gmt":"2025-12-09T06:47:03","guid":{"rendered":"https:\/\/esmte.com\/?post_type=product&#038;p=22880"},"modified":"2026-01-27T08:49:00","modified_gmt":"2026-01-27T08:49:00","slug":"ya-101-lead-component-insertion-machine","status":"publish","type":"product","link":"https:\/\/esmte.com\/hu\/products\/ya-101-lead-component-insertion-machine\/","title":{"rendered":"THT axi\u00e1lis kivezet\u00e9ses alkatr\u00e9szbehelyez\u0151 g\u00e9p YA-101"},"content":{"rendered":"<h2>Bevezet\u00e9s<\/h2>\n<p data-start=\"0\" data-end=\"395\">A <strong data-start=\"4\" data-end=\"57\">THT axi\u00e1lis kivezet\u00e9ses alkatr\u00e9szbehelyez\u0151 g\u00e9p YA-101<\/strong> egy professzion\u00e1lis szint\u0171 automatiz\u00e1lt megold\u00e1s, amelyet az \u00e1tmen\u0151furatos NY\u00c1K-\u00f6sszeszerel\u00e9si folyamatok optimaliz\u00e1l\u00e1s\u00e1ra terveztek. A modern elektronikai gy\u00e1rt\u00e1shoz tervezett YA-101 hat\u00e9konyan, nagy pontoss\u00e1ggal \u00e9s k\u00f6vetkezetess\u00e9ggel illeszti be az axi\u00e1lis kivezet\u00e9sek alkatr\u00e9szeit, p\u00e9ld\u00e1ul ellen\u00e1ll\u00e1sokat, kondenz\u00e1torokat \u00e9s di\u00f3d\u00e1kat, biztos\u00edtva a megb\u00edzhat\u00f3 elhelyez\u00e9st \u00e9s cs\u00f6kkentve az emberi hib\u00e1kat.<\/p>\n<p data-start=\"397\" data-end=\"741\">Fejlett alkatr\u00e9sz-adagol\u00f3 \u00e9s -pozicion\u00e1l\u00f3 rendszerekkel felszerelve, a <strong data-start=\"4\" data-end=\"57\">THT axi\u00e1lis kivezet\u00e9ses alkatr\u00e9szbehelyez\u0151 g\u00e9p YA-101<\/strong> garant\u00e1lja a pontos igaz\u00edt\u00e1st \u00e9s beilleszt\u00e9si m\u00e9lys\u00e9get, meg\u0151rzi a NY\u00c1K integrit\u00e1s\u00e1t \u00e9s megakad\u00e1lyozza az alkatr\u00e9szek k\u00e1rosod\u00e1s\u00e1t. Automatiz\u00e1lt m\u0171k\u00f6d\u00e9se mind a kis t\u00e9tel\u0171, mind a nagy volumen\u0171 gy\u00e1rt\u00e1st t\u00e1mogatja, \u00edgy ide\u00e1lis v\u00e1laszt\u00e1s k\u00fcl\u00f6nf\u00e9le THT \u00f6sszeszerel\u0151 sorok, K+F laborat\u00f3riumok \u00e9s jav\u00edt\u00f3k\u00f6zpontok sz\u00e1m\u00e1ra.<\/p>\n<p data-start=\"743\" data-end=\"1032\">A g\u00e9p kompakt \u00e9s ergonomikus kialak\u00edt\u00e1sa lehet\u0151v\u00e9 teszi a k\u00f6nny\u0171 integr\u00e1l\u00e1st a megl\u00e9v\u0151 termel\u00e9si munkafolyamatokba an\u00e9lk\u00fcl, hogy t\u00falzott helyet foglalna el. Ezenk\u00edv\u00fcl robusztus fel\u00e9p\u00edt\u00e9se \u00e9s stabil mechanikai v\u00e1za hossz\u00fa t\u00e1v\u00fa megb\u00edzhat\u00f3s\u00e1got, minim\u00e1lis karbantart\u00e1st \u00e9s rezg\u00e9smentes m\u0171k\u00f6d\u00e9st biztos\u00edt.<\/p>\n<p data-start=\"1034\" data-end=\"1377\" data-is-last-node=\"\" data-is-only-node=\"\">A <strong data-start=\"1043\" data-end=\"1096\">THT axi\u00e1lis kivezet\u00e9ses alkatr\u00e9szbehelyez\u0151 g\u00e9p YA-101<\/strong>, a gy\u00e1rt\u00f3k gyorsabb \u00f6sszeszerel\u00e9si ciklusokat, jobb \u00e1tereszt\u0151k\u00e9pess\u00e9get \u00e9s \u00e1lland\u00f3 min\u0151s\u00e9get \u00e9rhetnek el az \u00e1tmen\u0151furatos NY\u00c1K-szerelv\u00e9nyek eset\u00e9ben. A pontoss\u00e1g, a hat\u00e9konys\u00e1g \u00e9s a felhaszn\u00e1l\u00f3bar\u00e1t m\u0171k\u00f6d\u00e9s kombin\u00e1ci\u00f3ja n\u00e9lk\u00fcl\u00f6zhetetlen eszk\u00f6zz\u00e9 teszi a modern automatiz\u00e1lt THT elektronikai gy\u00e1rt\u00e1sban.<\/p>\n<p style=\"text-align: center;\" data-start=\"1034\" data-end=\"1377\" data-is-last-node=\"\" data-is-only-node=\"\"><img loading=\"lazy\" decoding=\"async\" class=\"alignnone wp-image-22882\" src=\"https:\/\/esmte.com\/wp-content\/uploads\/2025\/12\/11-29.webp\" alt=\"THT Axial Lead Component Insertion Machine\" width=\"524\" height=\"598\" srcset=\"https:\/\/esmte.com\/wp-content\/uploads\/2025\/12\/11-29.webp 1793w, https:\/\/esmte.com\/wp-content\/uploads\/2025\/12\/11-29-600x684.webp 600w, https:\/\/esmte.com\/wp-content\/uploads\/2025\/12\/11-29-263x300.webp 263w, https:\/\/esmte.com\/wp-content\/uploads\/2025\/12\/11-29-898x1024.webp 898w, https:\/\/esmte.com\/wp-content\/uploads\/2025\/12\/11-29-768x876.webp 768w, https:\/\/esmte.com\/wp-content\/uploads\/2025\/12\/11-29-1347x1536.webp 1347w, https:\/\/esmte.com\/wp-content\/uploads\/2025\/12\/11-29-1x1.webp 1w, https:\/\/esmte.com\/wp-content\/uploads\/2025\/12\/11-29-10x10.webp 10w\" sizes=\"auto, (max-width: 524px) 100vw, 524px\" \/><\/p>\n<h3>F\u0151bb jellemz\u0151k<\/h3>\n<ul>\n<li data-start=\"73\" data-end=\"229\">\n<p data-start=\"76\" data-end=\"229\"><strong data-start=\"76\" data-end=\"110\">Automatiz\u00e1lt nagysebess\u00e9g\u0171 behelyez\u00e9s<\/strong> \u2013 K\u00e9pes axi\u00e1lis vezet\u0151 alkatr\u00e9szek gyors behelyez\u00e9s\u00e9re, ami jelent\u0151sen n\u00f6veli a THT NY\u00c1K gy\u00e1rt\u00f3sorok \u00e1tereszt\u0151k\u00e9pess\u00e9g\u00e9t.<\/p>\n<\/li>\n<li data-start=\"231\" data-end=\"393\">\n<p data-start=\"234\" data-end=\"393\"><strong data-start=\"234\" data-end=\"264\">Prec\u00edzi\u00f3s igaz\u00edt\u00e1si rendszer<\/strong> \u2013 Az integr\u00e1lt \u00e9rz\u00e9kel\u0151k \u00e9s vezet\u0151mechanizmusok biztos\u00edtj\u00e1k az alkatr\u00e9szek pontos pozicion\u00e1l\u00e1s\u00e1t, megakad\u00e1lyozva a hib\u00e1s illeszt\u00e9st \u00e9s a forraszt\u00e1si hib\u00e1kat.<\/p>\n<\/li>\n<li data-start=\"395\" data-end=\"567\">\n<p data-start=\"398\" data-end=\"567\"><strong data-start=\"398\" data-end=\"429\">Rugalmas alkatr\u00e9szkezel\u00e9s<\/strong> \u2013 K\u00fcl\u00f6nb\u00f6z\u0151 \u00e1tm\u00e9r\u0151j\u0171 \u00e9s hossz\u00fas\u00e1g\u00fa axi\u00e1lis vezet\u0151alkatr\u00e9szekhez alkalmas, \u00edgy sokoldal\u00fas\u00e1got biztos\u00edt a k\u00fcl\u00f6nb\u00f6z\u0151 NY\u00c1K-kialak\u00edt\u00e1sokhoz \u00e9s gy\u00e1rt\u00e1si ig\u00e9nyekhez.<\/p>\n<\/li>\n<li data-start=\"569\" data-end=\"731\">\n<p data-start=\"572\" data-end=\"731\"><strong data-start=\"572\" data-end=\"603\">Helytakar\u00e9kos asztali kialak\u00edt\u00e1s<\/strong> \u2013 Kompakt m\u00e9ret\u00e9nek k\u00f6sz\u00f6nhet\u0151en korl\u00e1tozott munkater\u00fcleten is telep\u00edthet\u0151, mik\u00f6zben a kezel\u0151k k\u00f6nnyen hozz\u00e1f\u00e9rhetnek.<\/p>\n<\/li>\n<li data-start=\"733\" data-end=\"897\">\n<p data-start=\"736\" data-end=\"897\"><strong data-start=\"736\" data-end=\"765\">Robusztus \u00e9s megb\u00edzhat\u00f3 fel\u00e9p\u00edt\u00e9s<\/strong> \u2013 Massz\u00edv anyagokb\u00f3l \u00e9s stabil mechanik\u00e1b\u00f3l k\u00e9sz\u00fclt, hogy k\u00f6vetkezetes, rezg\u00e9smentes m\u0171k\u00f6d\u00e9st \u00e9s hossz\u00fa t\u00e1v\u00fa tart\u00f3ss\u00e1got biztos\u00edtson.<\/p>\n<\/li>\n<li data-start=\"899\" data-end=\"1070\" data-is-last-node=\"\">\n<p data-start=\"902\" data-end=\"1070\" data-is-last-node=\"\"><strong data-start=\"902\" data-end=\"937\">Kezel\u0151bar\u00e1t kezel\u0151panel<\/strong> \u2013 Az intuit\u00edv kezel\u0151fel\u00fclet leegyszer\u0171s\u00edti a be\u00e1ll\u00edt\u00e1st, a programoz\u00e1st \u00e9s a fel\u00fcgyeletet, cs\u00f6kkenti az emberi hib\u00e1kat \u00e9s t\u00e1mogatja a z\u00f6kken\u0151mentes termel\u00e9si munkafolyamatot.<\/p>\n<\/li>\n<\/ul>\n<p>&nbsp;<\/p>\n<h2>Specifik\u00e1ci\u00f3k<\/h2>\n<table style=\"border-collapse: collapse; width: 1373px; height: 446px;\" border=\"0\" width=\"722\" cellspacing=\"0\" cellpadding=\"0\">\n<tbody>\n<tr style=\"height: 15.00pt;\">\n<td class=\"et2\" style=\"height: 15pt; width: 167.25pt; text-align: center;\" width=\"223\" height=\"20\">Modell<\/td>\n<td class=\"et3\" style=\"width: 184.5pt; text-align: center;\" width=\"246\">YA-101<\/td>\n<td class=\"et4\" style=\"width: 189.75pt; text-align: center;\" width=\"253\">YA-201<\/td>\n<\/tr>\n<tr style=\"height: 15.00pt;\">\n<td class=\"et5\" style=\"height: 15pt; width: 167.25pt; text-align: center;\" width=\"223\" height=\"20\">Komponens adagol\u00f3 bemenet<\/td>\n<td class=\"et6\" style=\"width: 184.5pt; text-align: center;\" width=\"246\">10 db (opci\u00f3: 30, 40, 50, 100 db)<\/td>\n<td class=\"et7\" style=\"width: 189.75pt; text-align: center;\" width=\"253\">20 db (opci\u00f3: 30, 40, 50, 100 db)<\/td>\n<\/tr>\n<tr style=\"height: 15.00pt;\">\n<td class=\"et5\" style=\"height: 15pt; width: 167.25pt; text-align: center;\" width=\"223\" height=\"20\">Behelyez\u00e9si sebess\u00e9g<\/td>\n<td class=\"et6\" style=\"width: 374.25pt; text-align: center;\" colspan=\"2\" width=\"499\">25000 CPH, Max 0,12 s\/pont (0,14 s, 0,16 s, 0,18 s\/pont v\u00e1ltoztathat\u00f3)<\/td>\n<\/tr>\n<tr style=\"height: 15.00pt;\">\n<td class=\"et5\" style=\"height: 15pt; width: 167.25pt; text-align: center;\" width=\"223\" height=\"20\">Beilleszt\u00e9si t\u00e1vols\u00e1g<\/td>\n<td class=\"et6\" style=\"width: 374.25pt; text-align: center;\" colspan=\"2\" width=\"499\">Komponens: 5~22mm, \u00c1thidal\u00f3<span class=\"font2\">\uff1a<\/span><span class=\"font1\">5~26 mm<\/span><\/td>\n<\/tr>\n<tr style=\"height: 15.00pt;\">\n<td class=\"et5\" style=\"height: 15pt; width: 167.25pt; text-align: center;\" width=\"223\" height=\"20\">Behelyez\u00e9si helyre\u00e1ll\u00edt\u00e1s<\/td>\n<td class=\"et6\" style=\"width: 374.25pt; text-align: center;\" colspan=\"2\" width=\"499\">Automatikus helyre\u00e1ll\u00edt\u00e1s<\/td>\n<\/tr>\n<tr style=\"height: 15.00pt;\">\n<td class=\"et5\" style=\"height: 15pt; width: 167.25pt; text-align: center;\" width=\"223\" height=\"20\">Behelyez\u00e9si ir\u00e1ny<\/td>\n<td class=\"et6\" style=\"width: 374.25pt; text-align: center;\" colspan=\"2\" width=\"499\">0~360\u00b0 ir\u00e1nyban 1\u00b0-os l\u00e9p\u00e9sekben<\/td>\n<\/tr>\n<tr style=\"height: 15.00pt;\">\n<td class=\"et5\" style=\"height: 15pt; width: 167.25pt; text-align: center;\" width=\"223\" height=\"20\">Behelyez\u00e9si pontoss\u00e1g<\/td>\n<td class=\"et6\" style=\"width: 374.25pt; text-align: center;\" colspan=\"2\" width=\"499\">0,05 mm<\/td>\n<\/tr>\n<tr style=\"height: 15.00pt;\">\n<td class=\"et5\" style=\"height: 15pt; width: 167.25pt; text-align: center;\" width=\"223\" height=\"20\">NY\u00c1K-m\u00e9ret<\/td>\n<td class=\"et6\" style=\"width: 374.25pt; text-align: center;\" colspan=\"2\" width=\"499\">50*50~380*380 mm<\/td>\n<\/tr>\n<tr style=\"height: 15.00pt;\">\n<td class=\"et5\" style=\"height: 15pt; width: 167.25pt; text-align: center;\" width=\"223\" height=\"20\">Besz\u00far\u00e1si ter\u00fclet<\/td>\n<td class=\"et6\" style=\"width: 374.25pt; text-align: center;\" colspan=\"2\" width=\"499\">50*50~370*370 mm<\/td>\n<\/tr>\n<tr style=\"height: 15.00pt;\">\n<td class=\"et5\" style=\"height: 15pt; width: 167.25pt; text-align: center;\" width=\"223\" height=\"20\">NY\u00c1K-on r\u00f6gz\u00edtett<\/td>\n<td class=\"et6\" style=\"width: 374.25pt; text-align: center;\" colspan=\"2\" width=\"499\">Csap+Szor\u00edt\u00f3<\/td>\n<\/tr>\n<tr style=\"height: 15.00pt;\">\n<td class=\"et5\" style=\"height: 15pt; width: 167.25pt; text-align: center;\" width=\"223\" height=\"20\">Sz\u00e1ll\u00edt\u00e1si magass\u00e1g<\/td>\n<td class=\"et6\" style=\"width: 374.25pt; text-align: center;\" colspan=\"2\" width=\"499\">900\u00b120 mm<\/td>\n<\/tr>\n<tr style=\"height: 15.00pt;\">\n<td class=\"et5\" style=\"height: 15pt; width: 167.25pt; text-align: center;\" width=\"223\" height=\"20\">Sz\u00e1ll\u00edt\u00e1si id\u0151<\/td>\n<td class=\"et6\" style=\"width: 374.25pt; text-align: center;\" colspan=\"2\" width=\"499\">3-4 m\u00e1sodperc<\/td>\n<\/tr>\n<tr style=\"height: 15.00pt;\">\n<td class=\"et5\" style=\"height: 15pt; width: 167.25pt; text-align: center;\" width=\"223\" height=\"20\">T\u00e1pegys\u00e9g<\/td>\n<td class=\"et6\" style=\"width: 374.25pt; text-align: center;\" colspan=\"2\" width=\"499\">1P, 220AC\u00b110%, 50\/60HZ<\/td>\n<\/tr>\n<tr style=\"height: 15.00pt;\">\n<td class=\"et5\" style=\"height: 15pt; width: 167.25pt; text-align: center;\" width=\"223\" height=\"20\">Dimenzi\u00f3<\/td>\n<td class=\"et6\" style=\"width: 374.25pt; text-align: center;\" colspan=\"2\" width=\"499\">H2080*SZ1750*M1600mm<\/td>\n<\/tr>\n<tr style=\"height: 15.00pt;\">\n<td class=\"et5\" style=\"height: 15pt; width: 167.25pt; text-align: center;\" width=\"223\" height=\"20\">Adagol\u00f3\u00e1llom\u00e1s m\u00e9rete:<\/td>\n<td class=\"et6\" style=\"width: 374.25pt; text-align: center;\" colspan=\"2\" width=\"499\">10 adagol\u00f3: 1360 * 1000 * 1460 mm, 20 adagol\u00f3: 1860 * 1000 * 1460 mm, 30 adagol\u00f3: 2360 * 1000 * 1460 mm<\/td>\n<\/tr>\n<tr style=\"height: 15.00pt;\">\n<td class=\"et8\" style=\"height: 15pt; width: 167.25pt; text-align: center;\" width=\"223\" height=\"20\">S\u00faly<\/td>\n<td class=\"et9\" style=\"width: 374.25pt; text-align: center;\" colspan=\"2\" width=\"499\">1300 kg<\/td>\n<\/tr>\n<\/tbody>\n<\/table>\n<p>&nbsp;<\/p>\n<p><a href=\"https:\/\/www.youtube.com\/@allaismt\" rel=\"nofollow noopener\" target=\"_blank\"><u>https:\/\/www.youtube.com\/@allaismt<\/u><\/a><\/p>\n<p>A THT axi\u00e1lis kivezet\u00e9ses alkatr\u00e9szbehelyez\u0151 g\u00e9ppel (YA-101) kapcsolatos tov\u00e1bbi inform\u00e1ci\u00f3k\u00e9rt k\u00e9rj\u00fck, k\u00fcldj\u00f6n e-mailt a k\u00f6vetkez\u0151 c\u00edmre:<\/p>\n<p><a href=\"mailto:sophia@allaismt.com\"><u>sophia@allaismt.com<\/u><\/a><\/p>\n<p>Megkeres\u00e9s\u00e9re halad\u00e9ktalanul v\u00e1laszolunk, \u00e9s r\u00e9szletes t\u00e1j\u00e9koztat\u00e1st ny\u00fajtunk term\u00e9keinkr\u0151l \u00e9s szolg\u00e1ltat\u00e1sainkr\u00f3l.<\/p>\n<p>&nbsp;<\/p>\n<p>&nbsp;<\/p>","protected":false},"excerpt":{"rendered":"<p>Le\u00edr\u00e1s\uff1aA <strong data-start=\"4\" data-end=\"57\">THT axi\u00e1lis kivezet\u00e9ses alkatr\u00e9szbehelyez\u0151 g\u00e9p YA-101<\/strong> egy nagy pontoss\u00e1g\u00fa automatiz\u00e1lt megold\u00e1s, amelyet az axi\u00e1lis kivezet\u00e9sek komponenseinek hat\u00e9kony beilleszt\u00e9s\u00e9re terveztek NY\u00c1K-szerel\u00e9sbe. Fejlett adagol\u00f3- \u00e9s pozicion\u00e1l\u00f3 rendszerekkel felszerelve biztos\u00edtja az ellen\u00e1ll\u00e1sok, kondenz\u00e1torok \u00e9s egy\u00e9b \u00e1tmen\u0151 furat\u00fa alkatr\u00e9szek pontos \u00e9s k\u00f6vetkezetes elhelyez\u00e9s\u00e9t. Kompakt kialak\u00edt\u00e1sa lehet\u0151v\u00e9 teszi a z\u00f6kken\u0151mentes integr\u00e1ci\u00f3t a gy\u00e1rt\u00f3sorokba vagy asztali munka\u00e1llom\u00e1sokba, mik\u00f6zben jav\u00edtja az \u00f6sszeszerel\u00e9si sebess\u00e9get, cs\u00f6kkenti a k\u00e9zi munk\u00e1t \u00e9s minimaliz\u00e1lja a hib\u00e1kat. Az YA-101 megb\u00edzhat\u00f3 teljes\u00edtm\u00e9nyt ny\u00fajt a nagy mennyis\u00e9g\u0171 \u00e9s vegyes gy\u00e1rt\u00e1s\u00fa THT NY\u00c1K-gy\u00e1rt\u00e1si k\u00f6rnyezetekben.<\/p>\n<p>Minim\u00e1lis rendel\u00e9si mennyis\u00e9g: 1 db<\/p>\n<p>\u00c1tfut\u00e1si id\u0151: 15 nap<\/p>","protected":false},"featured_media":22892,"comment_status":"closed","ping_status":"closed","template":"","meta":[],"etheme_brands":[],"product_brand":[],"product_cat":[139,138],"product_tag":[],"class_list":{"0":"post-22880","1":"product","2":"type-product","3":"status-publish","4":"has-post-thumbnail","6":"product_cat-axial-insertion-machine","7":"product_cat-tht-machine","9":"first","10":"instock","11":"shipping-taxable","12":"product-type-simple"},"_links":{"self":[{"href":"https:\/\/esmte.com\/hu\/wp-json\/wp\/v2\/product\/22880","targetHints":{"allow":["GET"]}}],"collection":[{"href":"https:\/\/esmte.com\/hu\/wp-json\/wp\/v2\/product"}],"about":[{"href":"https:\/\/esmte.com\/hu\/wp-json\/wp\/v2\/types\/product"}],"replies":[{"embeddable":true,"href":"https:\/\/esmte.com\/hu\/wp-json\/wp\/v2\/comments?post=22880"}],"version-history":[{"count":1,"href":"https:\/\/esmte.com\/hu\/wp-json\/wp\/v2\/product\/22880\/revisions"}],"predecessor-version":[{"id":22894,"href":"https:\/\/esmte.com\/hu\/wp-json\/wp\/v2\/product\/22880\/revisions\/22894"}],"wp:featuredmedia":[{"embeddable":true,"href":"https:\/\/esmte.com\/hu\/wp-json\/wp\/v2\/media\/22892"}],"wp:attachment":[{"href":"https:\/\/esmte.com\/hu\/wp-json\/wp\/v2\/media?parent=22880"}],"wp:term":[{"taxonomy":"brand","embeddable":true,"href":"https:\/\/esmte.com\/hu\/wp-json\/wp\/v2\/etheme_brands?post=22880"},{"taxonomy":"product_brand","embeddable":true,"href":"https:\/\/esmte.com\/hu\/wp-json\/wp\/v2\/product_brand?post=22880"},{"taxonomy":"product_cat","embeddable":true,"href":"https:\/\/esmte.com\/hu\/wp-json\/wp\/v2\/product_cat?post=22880"},{"taxonomy":"product_tag","embeddable":true,"href":"https:\/\/esmte.com\/hu\/wp-json\/wp\/v2\/product_tag?post=22880"}],"curies":[{"name":"munkaf\u00fczet","href":"https:\/\/api.w.org\/{rel}","templated":true}]}}