{"id":22862,"date":"2025-12-09T03:30:51","date_gmt":"2025-12-09T03:30:51","guid":{"rendered":"https:\/\/esmte.com\/?post_type=product&#038;p=22862"},"modified":"2025-12-09T03:30:51","modified_gmt":"2025-12-09T03:30:51","slug":"desktop-pcba-separation-machine-yds-300","status":"publish","type":"product","link":"https:\/\/esmte.com\/hu\/products\/desktop-pcba-separation-machine-yds-300\/","title":{"rendered":"Asztali PCBA elv\u00e1laszt\u00f3 g\u00e9p YDS-300"},"content":{"rendered":"<h2>Bevezet\u00e9s<\/h2>\n<p data-start=\"0\" data-end=\"558\">A <strong data-start=\"4\" data-end=\"47\">Asztali PCBA elv\u00e1laszt\u00f3 g\u00e9p YDS-300<\/strong> egy professzion\u00e1lis asztali megold\u00e1s, amelyet a modern elektronikai gy\u00e1rt\u00e1s prec\u00edz, alacsony fesz\u00fclts\u00e9g\u0171 NY\u00c1K- \u00e9s NY\u00c1K-lev\u00e1laszt\u00e1s\u00e1ra terveztek. Az SMT-szerelv\u00e9nyek \u00e9s a nagy s\u0171r\u0171s\u00e9g\u0171 \u00e1ramk\u00f6ri lapok n\u00f6vekv\u0151 \u00f6sszetetts\u00e9g\u00e9vel a gy\u00e1rt\u00f3knak olyan lev\u00e1laszt\u00f3 berendez\u00e9sekre van sz\u00fcks\u00e9g\u00fck, amelyek tiszta, sorjamentes \u00e9leket biztos\u00edtanak, mik\u00f6zben meg\u0151rzik az \u00e9rz\u00e9keny alkatr\u00e9szek integrit\u00e1s\u00e1t. Az YDS-300 asztali NY\u00c1K-lev\u00e1laszt\u00f3 g\u00e9p robusztus v\u00e1g\u00f3mechanizmus\u00e1val \u00e9s kompakt, asztali g\u00e9pbar\u00e1t kialak\u00edt\u00e1s\u00e1val felel meg ezeknek az ig\u00e9nyeknek, amely alkalmas a v\u00e1ltozatos gy\u00e1rt\u00e1si k\u00f6rnyezetekhez.<\/p>\n<p data-start=\"560\" data-end=\"946\">Stabil \u00e9s pontos be\u00e1ll\u00edt\u00f3rendszerrel van felszerelve, a <strong data-start=\"4\" data-end=\"47\">Asztali PCBA elv\u00e1laszt\u00f3 g\u00e9p YDS-300<\/strong> lehet\u0151v\u00e9 teszi a megism\u00e9telhet\u0151, nagy pontoss\u00e1g\u00fa elv\u00e1laszt\u00e1st kis \u00e9s k\u00f6zepes sorozat\u00fa gy\u00e1rt\u00e1s, protot\u00edpus gy\u00e1rt\u00f3sorok, valamint jav\u00edt\u00f3 vagy K+F laborat\u00f3riumok sz\u00e1m\u00e1ra. Ergonomikus kialak\u00edt\u00e1s\u00e1nak \u00e9s egyszer\u0171 kezel\u00e9s\u00e9nek k\u00f6sz\u00f6nhet\u0151en a kezel\u0151k gyorsan be\u00e1ll\u00edthatj\u00e1k \u00e9s elv\u00e9gezhetik a kiv\u00e1g\u00e1si feladatokat kiterjedt k\u00e9pz\u00e9s n\u00e9lk\u00fcl, jav\u00edtva a munkafolyamatok hat\u00e9konys\u00e1g\u00e1t \u00e9s cs\u00f6kkentve a kezel\u00e9si hib\u00e1kat.<\/p>\n<p data-start=\"948\" data-end=\"1346\">Az YDS-300 asztali NY\u00c1K-elv\u00e1laszt\u00f3 g\u00e9pet \u00fagy tervezt\u00e9k, hogy k\u00fcl\u00f6nb\u00f6z\u0151 NY\u00c1K-vastags\u00e1gokat \u00e9s anyagokat kezeljen, k\u00f6vetkezetes, megb\u00edzhat\u00f3 teljes\u00edtm\u00e9nyt ny\u00fajtva, mik\u00f6zben minimaliz\u00e1lja a mechanikai ig\u00e9nybev\u00e9telt. Tart\u00f3s konstrukci\u00f3ja hossz\u00fa t\u00e1v\u00fa stabilit\u00e1st, rezg\u00e9smentes m\u0171k\u00f6d\u00e9st \u00e9s alacsony karbantart\u00e1si ig\u00e9nyt biztos\u00edt, \u00edgy k\u00f6lts\u00e9ghat\u00e9kony megold\u00e1st k\u00edn\u00e1l azoknak a gy\u00e1rt\u00f3knak, akik prec\u00edzi\u00f3t, min\u0151s\u00e9get \u00e9s termel\u00e9kenys\u00e9get keresnek a depanelez\u00e9si folyamatuk sor\u00e1n.<\/p>\n<p data-start=\"1348\" data-end=\"1557\" data-is-last-node=\"\" data-is-only-node=\"\">A <strong data-start=\"4\" data-end=\"47\">Asztali PCBA elv\u00e1laszt\u00f3 g\u00e9p YDS-300<\/strong>, az elektronikai gy\u00e1rt\u00f3k hat\u00e9kony, pontos \u00e9s biztons\u00e1gos panelkiv\u00e1g\u00e1st \u00e9rhetnek el, jav\u00edtva az \u00e1ltal\u00e1nos termel\u00e9si min\u0151s\u00e9get, mik\u00f6zben v\u00e9dik a k\u00e9nyes NY\u00c1K-alkatr\u00e9szeket.<\/p>\n<p data-start=\"1348\" data-end=\"1557\" data-is-last-node=\"\" data-is-only-node=\"\">\n<p data-start=\"1348\" data-end=\"1557\" data-is-last-node=\"\" data-is-only-node=\"\"><img loading=\"lazy\" decoding=\"async\" class=\"alignnone  wp-image-22858 aligncenter\" src=\"https:\/\/esmte.com\/wp-content\/uploads\/2025\/12\/YDS-300.webp\" alt=\"Desktop PCBA Separation Machine\" width=\"555\" height=\"555\" srcset=\"https:\/\/esmte.com\/wp-content\/uploads\/2025\/12\/YDS-300.webp 2560w, https:\/\/esmte.com\/wp-content\/uploads\/2025\/12\/YDS-300-100x100.webp 100w, https:\/\/esmte.com\/wp-content\/uploads\/2025\/12\/YDS-300-600x600.webp 600w, https:\/\/esmte.com\/wp-content\/uploads\/2025\/12\/YDS-300-300x300.webp 300w, https:\/\/esmte.com\/wp-content\/uploads\/2025\/12\/YDS-300-1024x1024.webp 1024w, https:\/\/esmte.com\/wp-content\/uploads\/2025\/12\/YDS-300-150x150.webp 150w, https:\/\/esmte.com\/wp-content\/uploads\/2025\/12\/YDS-300-768x768.webp 768w, https:\/\/esmte.com\/wp-content\/uploads\/2025\/12\/YDS-300-1536x1536.webp 1536w, https:\/\/esmte.com\/wp-content\/uploads\/2025\/12\/YDS-300-2048x2048.webp 2048w, https:\/\/esmte.com\/wp-content\/uploads\/2025\/12\/YDS-300-1x1.webp 1w, https:\/\/esmte.com\/wp-content\/uploads\/2025\/12\/YDS-300-10x10.webp 10w\" sizes=\"auto, (max-width: 555px) 100vw, 555px\" \/><\/p>\n<p data-start=\"1348\" data-end=\"1557\" data-is-last-node=\"\" data-is-only-node=\"\">\n<h3>F\u0151bb jellemz\u0151k<\/h3>\n<ul>\n<li data-start=\"63\" data-end=\"268\">\n<p data-start=\"66\" data-end=\"268\"><strong data-start=\"66\" data-end=\"97\">Sokoldal\u00fa NY\u00c1K-kompatibilit\u00e1s<\/strong> \u2013 Sz\u00e9les NY\u00c1K-m\u00e9ret-, vastags\u00e1g- \u00e9s anyagv\u00e1laszt\u00e9kot t\u00e1mogat, \u00edgy alkalmass\u00e1 teszi k\u00fcl\u00f6nf\u00e9le elektronikai alkalmaz\u00e1sokhoz, bele\u00e9rtve az SMT-t, LED-et \u00e9s a fogyaszt\u00f3i eszk\u00f6z\u00f6ket.<\/p>\n<\/li>\n<li data-start=\"270\" data-end=\"456\">\n<p data-start=\"273\" data-end=\"456\"><strong data-start=\"273\" data-end=\"303\">Prec\u00edzi\u00f3s igaz\u00edt\u00e1si rendszer<\/strong> \u2013 Az integr\u00e1lt vezet\u0151s\u00ednek \u00e9s pozicion\u00e1l\u00f3 \u00e9rz\u00e9kel\u0151k biztos\u00edtj\u00e1k a NY\u00c1K pontos elhelyez\u00e9s\u00e9t, cs\u00f6kkentve a hib\u00e1kat \u00e9s n\u00f6velve az elv\u00e1laszt\u00e1si pontoss\u00e1got az \u00f6sszetett elrendez\u00e9sekn\u00e9l.<\/p>\n<\/li>\n<li data-start=\"458\" data-end=\"645\">\n<p data-start=\"461\" data-end=\"645\"><strong data-start=\"461\" data-end=\"494\">\u00c1ll\u00edthat\u00f3 v\u00e1g\u00e1si param\u00e9terek<\/strong> \u2013 A kezel\u0151k finomhangolhatj\u00e1k a v\u00e1g\u00e1si sebess\u00e9get, a pengenyom\u00e1st \u00e9s az elv\u00e1laszt\u00e1si sz\u00f6geket, hogy illeszkedjenek a k\u00fcl\u00f6nb\u00f6z\u0151 NY\u00c1K-kialak\u00edt\u00e1sokhoz, \u00edgy minden alkalommal optim\u00e1lis eredm\u00e9nyt biztos\u00edtva.<\/p>\n<\/li>\n<li data-start=\"647\" data-end=\"860\">\n<p data-start=\"650\" data-end=\"860\"><strong data-start=\"650\" data-end=\"690\">Kompakt \u00e9s ergonomikus asztali kialak\u00edt\u00e1s<\/strong> \u2013 Asztali haszn\u00e1latra optimaliz\u00e1lva, helyet takar\u00edt meg, mik\u00f6zben k\u00f6nny\u0171 hozz\u00e1f\u00e9r\u00e9st biztos\u00edt a kezel\u0151k sz\u00e1m\u00e1ra, \u00e9s z\u00f6kken\u0151mentesen integr\u00e1lhat\u00f3 a kis t\u00e9tel\u0171 gy\u00e1rt\u00e1sba vagy protot\u00edpus-munkafolyamatokba.<\/p>\n<\/li>\n<li data-start=\"862\" data-end=\"1058\">\n<p data-start=\"865\" data-end=\"1058\"><strong data-start=\"865\" data-end=\"893\">Tov\u00e1bbfejlesztett biztons\u00e1gi funkci\u00f3k<\/strong> \u2013 Be\u00e9p\u00edtett v\u00e9d\u0151burkolatok, v\u00e9szle\u00e1ll\u00edt\u00f3 funkci\u00f3k \u00e9s cs\u00fasz\u00e1smentes talp biztons\u00e1gos munkak\u00f6rnyezetet biztos\u00edtanak a kezel\u0151k sz\u00e1m\u00e1ra a nagy prec\u00edzi\u00f3s panelmegmunk\u00e1l\u00e1si feladatok sor\u00e1n.<\/p>\n<\/li>\n<li data-start=\"1060\" data-end=\"1290\">\n<p data-start=\"1063\" data-end=\"1290\"><strong data-start=\"1063\" data-end=\"1113\">Megb\u00edzhat\u00f3 \u00e9s karbantart\u00e1sbar\u00e1t konstrukci\u00f3<\/strong> \u2013 Kiv\u00e1l\u00f3 min\u0151s\u00e9g\u0171 anyagokb\u00f3l \u00e9s robusztus mechanikus alkatr\u00e9szekb\u0151l k\u00e9sz\u00fclt, hogy stabil, rezg\u00e9smentes m\u0171k\u00f6d\u00e9st \u00e9s minim\u00e1lis karbantart\u00e1st ig\u00e9nyeljen hosszabb gy\u00e1rt\u00e1si id\u0151szakok alatt.<\/p>\n<\/li>\n<\/ul>\n<p>&nbsp;<\/p>\n<h2>Specifik\u00e1ci\u00f3k<\/h2>\n<table style=\"border-collapse: collapse; width: 1379px; height: 309px;\" border=\"0\" width=\"681\" cellspacing=\"0\" cellpadding=\"0\">\n<tbody>\n<tr style=\"height: 15.00pt;\">\n<td class=\"et2\" style=\"height: 15pt; width: 158.25pt; text-align: center;\" width=\"211\" height=\"20\">Modell<\/td>\n<td class=\"et3\" style=\"width: 352.5pt; text-align: center;\" width=\"470\">YDS-300<\/td>\n<\/tr>\n<tr style=\"height: 15.00pt;\">\n<td class=\"et4\" style=\"height: 15pt; width: 158.25pt; text-align: center;\" width=\"211\" height=\"20\">NY\u00c1K m\u00e9ret (k\u00fcl\u00f6nleges m\u00e9ret opcion\u00e1lis)<\/td>\n<td class=\"et5\" style=\"width: 352.5pt; text-align: center;\" width=\"470\">280 * 300 mm<\/td>\n<\/tr>\n<tr style=\"height: 15.00pt;\">\n<td class=\"et4\" style=\"height: 15pt; width: 158.25pt; text-align: center;\" width=\"211\" height=\"20\">NY\u00c1K vastags\u00e1ga<\/td>\n<td class=\"et5\" style=\"width: 352.5pt; text-align: center;\" width=\"470\">0,3~4,0 mm<\/td>\n<\/tr>\n<tr style=\"height: 15.00pt;\">\n<td class=\"et4\" style=\"height: 15pt; width: 158.25pt; text-align: center;\" width=\"211\" height=\"20\">S\u00faly (porsz\u00edv\u00f3val)<\/td>\n<td class=\"et5\" style=\"width: 352.5pt; text-align: center;\" width=\"470\">85 kg<\/td>\n<\/tr>\n<tr style=\"height: 15.00pt;\">\n<td class=\"et4\" style=\"height: 15pt; width: 158.25pt; text-align: center;\" width=\"211\" height=\"20\">Dimenzi\u00f3<\/td>\n<td class=\"et5\" style=\"width: 352.5pt; text-align: center;\" width=\"470\">600 * 500 * 500 mm<\/td>\n<\/tr>\n<tr style=\"height: 15.00pt;\">\n<td class=\"et4\" style=\"height: 15pt; width: 510.75pt; text-align: center;\" colspan=\"2\" width=\"681\" height=\"20\">Porgy\u0171jt\u0151<\/td>\n<\/tr>\n<tr style=\"height: 15.00pt;\">\n<td class=\"et4\" style=\"height: 15pt; width: 158.25pt; text-align: center;\" width=\"211\" height=\"20\">Porgy\u0171jt\u00e9si m\u00f3dszer<\/td>\n<td class=\"et5\" style=\"width: 352.5pt; text-align: center;\" width=\"470\">Porsz\u00edv\u00f3z\u00e1s<\/td>\n<\/tr>\n<tr style=\"height: 15.00pt;\">\n<td class=\"et4\" style=\"height: 15pt; width: 158.25pt; text-align: center;\" width=\"211\" height=\"20\">A porsz\u00edv\u00f3 l\u00e9gmennyis\u00e9ge<\/td>\n<td class=\"et5\" style=\"width: 352.5pt; text-align: center;\" width=\"470\">12~20 cm3\/perc<\/td>\n<\/tr>\n<tr style=\"height: 15.00pt;\">\n<td class=\"et4\" style=\"height: 15pt; width: 158.25pt; text-align: center;\" width=\"211\" height=\"20\">Porsz\u00edv\u00f3 m\u00e9rete<\/td>\n<td class=\"et5\" style=\"width: 352.5pt; text-align: center;\" width=\"470\">860 * 470 * 730 mm<\/td>\n<\/tr>\n<tr style=\"height: 15.00pt;\">\n<td class=\"et6\" style=\"height: 15pt; width: 158.25pt; text-align: center;\" width=\"211\" height=\"20\">A porgy\u0171jt\u0151 fesz\u00fclts\u00e9ge<\/td>\n<td class=\"et7\" style=\"width: 352.5pt; text-align: center;\" width=\"470\">380V, 50\/60Hz, 1.2kw<\/td>\n<\/tr>\n<\/tbody>\n<\/table>\n<p>&nbsp;<\/p>\n<p><a href=\"https:\/\/www.youtube.com\/@allaismt\" rel=\"nofollow noopener\" target=\"_blank\"><u>https:\/\/www.youtube.com\/@allaismt<\/u><\/a><\/p>\n<p>Az YDS-300 asztali PCBA elv\u00e1laszt\u00f3 g\u00e9ppel kapcsolatos tov\u00e1bbi inform\u00e1ci\u00f3k\u00e9rt k\u00e9rj\u00fck, k\u00fcldj\u00f6n e-mailt a k\u00f6vetkez\u0151 c\u00edmre:<\/p>\n<p><a href=\"mailto:sophia@allaismt.com\"><u>sophia@allaismt.com<\/u><\/a><\/p>\n<p>Megkeres\u00e9s\u00e9re halad\u00e9ktalanul v\u00e1laszolunk, \u00e9s r\u00e9szletes t\u00e1j\u00e9koztat\u00e1st ny\u00fajtunk term\u00e9keinkr\u0151l \u00e9s szolg\u00e1ltat\u00e1sainkr\u00f3l.<\/p>\n<p>&nbsp;<\/p>\n<p>&nbsp;<\/p>","protected":false},"excerpt":{"rendered":"<p>Le\u00edr\u00e1s\uff1aA <strong data-start=\"4\" data-end=\"47\">Asztali PCBA elv\u00e1laszt\u00f3 g\u00e9p YDS-300<\/strong> egy nagy pontoss\u00e1g\u00fa kiv\u00e1g\u00f3 megold\u00e1s, amelyet a modern elektronikai gy\u00e1rt\u00e1sban a NY\u00c1K-ok \u00e9s NY\u00c1K-lapok tiszta, alacsony fesz\u00fclts\u00e9g\u0171 sz\u00e9tv\u00e1laszt\u00e1s\u00e1ra terveztek. Stabil v\u00e1g\u00f3mechanizmussal \u00e9s kompakt asztali szerkezettel rendelkezik, amely sima, sorjamentes \u00e9leket biztos\u00edt, mik\u00f6zben v\u00e9di az \u00e9rz\u00e9keny alkatr\u00e9szeket az elv\u00e1laszt\u00e1si folyamat sor\u00e1n. Kezel\u0151bar\u00e1t kezel\u0151fel\u00fclete \u00e9s \u00e1lland\u00f3 teljes\u00edtm\u00e9nye ide\u00e1liss\u00e1 teszi az YDS-300-at SMT gy\u00e1rt\u00f3sorokhoz, protot\u00edpusgy\u00e1rt\u00e1shoz, jav\u00edt\u00f3k\u00f6zpontokhoz \u00e9s kis- \u00e9s k\u00f6zepes t\u00e9teles \u00f6sszeszerel\u00e9si k\u00f6rnyezetekhez, megb\u00edzhat\u00f3 pontoss\u00e1got \u00e9s fokozott munkafolyamat-hat\u00e9konys\u00e1got biztos\u00edtva. Minim\u00e1lis rendel\u00e9si mennyis\u00e9g: 1 db Gy\u00e1rt\u00e1si id\u0151: 15 nap<\/p>\n<p>Minim\u00e1lis rendel\u00e9si mennyis\u00e9g: 1 db<\/p>\n<p>\u00c1tfut\u00e1si id\u0151: 15 nap<\/p>","protected":false},"featured_media":22863,"comment_status":"closed","ping_status":"closed","template":"","meta":[],"etheme_brands":[],"product_brand":[],"product_cat":[182],"product_tag":[],"class_list":{"0":"post-22862","1":"product","2":"type-product","3":"status-publish","4":"has-post-thumbnail","6":"product_cat-dispening-robot","8":"first","9":"instock","10":"shipping-taxable","11":"product-type-simple"},"_links":{"self":[{"href":"https:\/\/esmte.com\/hu\/wp-json\/wp\/v2\/product\/22862","targetHints":{"allow":["GET"]}}],"collection":[{"href":"https:\/\/esmte.com\/hu\/wp-json\/wp\/v2\/product"}],"about":[{"href":"https:\/\/esmte.com\/hu\/wp-json\/wp\/v2\/types\/product"}],"replies":[{"embeddable":true,"href":"https:\/\/esmte.com\/hu\/wp-json\/wp\/v2\/comments?post=22862"}],"version-history":[{"count":1,"href":"https:\/\/esmte.com\/hu\/wp-json\/wp\/v2\/product\/22862\/revisions"}],"predecessor-version":[{"id":22865,"href":"https:\/\/esmte.com\/hu\/wp-json\/wp\/v2\/product\/22862\/revisions\/22865"}],"wp:featuredmedia":[{"embeddable":true,"href":"https:\/\/esmte.com\/hu\/wp-json\/wp\/v2\/media\/22863"}],"wp:attachment":[{"href":"https:\/\/esmte.com\/hu\/wp-json\/wp\/v2\/media?parent=22862"}],"wp:term":[{"taxonomy":"brand","embeddable":true,"href":"https:\/\/esmte.com\/hu\/wp-json\/wp\/v2\/etheme_brands?post=22862"},{"taxonomy":"product_brand","embeddable":true,"href":"https:\/\/esmte.com\/hu\/wp-json\/wp\/v2\/product_brand?post=22862"},{"taxonomy":"product_cat","embeddable":true,"href":"https:\/\/esmte.com\/hu\/wp-json\/wp\/v2\/product_cat?post=22862"},{"taxonomy":"product_tag","embeddable":true,"href":"https:\/\/esmte.com\/hu\/wp-json\/wp\/v2\/product_tag?post=22862"}],"curies":[{"name":"munkaf\u00fczet","href":"https:\/\/api.w.org\/{rel}","templated":true}]}}