{"id":22856,"date":"2025-12-09T03:20:53","date_gmt":"2025-12-09T03:20:53","guid":{"rendered":"https:\/\/esmte.com\/?post_type=product&#038;p=22856"},"modified":"2025-12-09T03:20:53","modified_gmt":"2025-12-09T03:20:53","slug":"desktop-pcba-separation-machine","status":"publish","type":"product","link":"https:\/\/esmte.com\/hu\/products\/desktop-pcba-separation-machine\/","title":{"rendered":"Asztali PCBA elv\u00e1laszt\u00f3 g\u00e9p"},"content":{"rendered":"<h2>Bevezet\u00e9s<\/h2>\n<p data-start=\"0\" data-end=\"453\">A <strong data-start=\"4\" data-end=\"39\">Asztali PCBA elv\u00e1laszt\u00f3 g\u00e9p<\/strong> egy prec\u00edzi\u00f3san megtervezett panellev\u00e1laszt\u00e1si megold\u00e1s, amelyet a modern SMT \u00e9s elektronikai gy\u00e1rt\u00e1si k\u00f6rnyezetek ig\u00e9nyeinek kiel\u00e9g\u00edt\u00e9s\u00e9re terveztek. Kompakt m\u00e9ret\u00e9vel megb\u00edzhat\u00f3 NY\u00c1K- \u00e9s NY\u00c1K-lev\u00e1laszt\u00e1st biztos\u00edt, mik\u00f6zben minim\u00e1lis mechanikai terhel\u00e9st biztos\u00edt az \u00e9rz\u00e9keny alkatr\u00e9szekre. Ez alkalmass\u00e1 teszi nagy s\u0171r\u0171s\u00e9g\u0171 \u00e1ramk\u00f6ri k\u00e1rty\u00e1khoz, k\u00e9nyes SMT-szerelv\u00e9nyekhez \u00e9s olyan term\u00e9kekhez, amelyek \u00e1lland\u00f3 m\u00e9retpontoss\u00e1got ig\u00e9nyelnek.<\/p>\n<p data-start=\"455\" data-end=\"911\">A g\u00e9p stabil v\u00e1g\u00f3mechanizmussal rendelkezik, amely sima, sorjamentes \u00e9leket biztos\u00edt, cs\u00f6kkentve a k\u00e9zi szersz\u00e1mok vagy az instabil elv\u00e1laszt\u00e1si m\u00f3dszerek okozta s\u00e9r\u00fcl\u00e9sek kock\u00e1zat\u00e1t. Ergonomikus asztali kialak\u00edt\u00e1sa egyszer\u0171 kezel\u00e9st, gyors be\u00e1ll\u00edt\u00e1st \u00e9s rugalmas integr\u00e1ci\u00f3t tesz lehet\u0151v\u00e9 a gy\u00e1rt\u00f3sorokba, jav\u00edt\u00f3\u00e1llom\u00e1sokba, K+F laborat\u00f3riumokba \u00e9s kis t\u00e9tel\u0171 gy\u00e1rt\u00e1si munkafolyamatokba. A kezel\u0151k megism\u00e9telhet\u0151, kiv\u00e1l\u00f3 min\u0151s\u00e9g\u0171 panelv\u00e1g\u00e1si eredm\u00e9nyeket \u00e9rhetnek el a sebess\u00e9g vagy a biztons\u00e1g fel\u00e1ldoz\u00e1sa n\u00e9lk\u00fcl.<\/p>\n<p data-start=\"913\" data-end=\"1299\" data-is-last-node=\"\" data-is-only-node=\"\">A pontoss\u00e1gra, a hat\u00e9konys\u00e1gra \u00e9s a tart\u00f3ss\u00e1gra \u00f6sszpontos\u00edtva, a <strong>Asztali PCBA elv\u00e1laszt\u00f3 g\u00e9p<\/strong> seg\u00edt a gy\u00e1rt\u00f3knak fokozni a termel\u00e9s megb\u00edzhat\u00f3s\u00e1g\u00e1t, jav\u00edtani az \u00e1tereszt\u0151k\u00e9pess\u00e9get \u00e9s fenntartani az \u00e1lland\u00f3 min\u0151s\u00e9get a k\u00fcl\u00f6nb\u00f6z\u0151 NY\u00c1K-anyagok \u00e9s elrendez\u00e9sek eset\u00e9ben. Alapvet\u0151 eszk\u00f6z az elektronikai v\u00e1llalkoz\u00e1sok sz\u00e1m\u00e1ra, amelyeknek tiszta, pontos \u00e9s stabil NY\u00c1K-sz\u00e9tv\u00e1laszt\u00e1sra van sz\u00fcks\u00e9g\u00fck egy kompakt \u00e9s k\u00f6lts\u00e9ghat\u00e9kony platformon.<\/p>\n<p data-start=\"913\" data-end=\"1299\" data-is-last-node=\"\" data-is-only-node=\"\">\n<p data-start=\"913\" data-end=\"1299\" data-is-last-node=\"\" data-is-only-node=\"\"><img loading=\"lazy\" decoding=\"async\" class=\"alignnone  wp-image-22858 aligncenter\" src=\"https:\/\/esmte.com\/wp-content\/uploads\/2025\/12\/YDS-300.webp\" alt=\"Desktop PCBA Separation Machine\" width=\"570\" height=\"570\" srcset=\"https:\/\/esmte.com\/wp-content\/uploads\/2025\/12\/YDS-300.webp 2560w, https:\/\/esmte.com\/wp-content\/uploads\/2025\/12\/YDS-300-100x100.webp 100w, https:\/\/esmte.com\/wp-content\/uploads\/2025\/12\/YDS-300-600x600.webp 600w, https:\/\/esmte.com\/wp-content\/uploads\/2025\/12\/YDS-300-300x300.webp 300w, https:\/\/esmte.com\/wp-content\/uploads\/2025\/12\/YDS-300-1024x1024.webp 1024w, https:\/\/esmte.com\/wp-content\/uploads\/2025\/12\/YDS-300-150x150.webp 150w, https:\/\/esmte.com\/wp-content\/uploads\/2025\/12\/YDS-300-768x768.webp 768w, https:\/\/esmte.com\/wp-content\/uploads\/2025\/12\/YDS-300-1536x1536.webp 1536w, https:\/\/esmte.com\/wp-content\/uploads\/2025\/12\/YDS-300-2048x2048.webp 2048w, https:\/\/esmte.com\/wp-content\/uploads\/2025\/12\/YDS-300-1x1.webp 1w, https:\/\/esmte.com\/wp-content\/uploads\/2025\/12\/YDS-300-10x10.webp 10w\" sizes=\"auto, (max-width: 570px) 100vw, 570px\" \/><\/p>\n<p data-start=\"913\" data-end=\"1299\" data-is-last-node=\"\" data-is-only-node=\"\">\n<p data-start=\"913\" data-end=\"1299\" data-is-last-node=\"\" data-is-only-node=\"\">\n<h3>F\u0151bb jellemz\u0151k<\/h3>\n<ul>\n<li data-start=\"53\" data-end=\"248\">\n<p data-start=\"56\" data-end=\"248\"><strong data-start=\"56\" data-end=\"93\">Alacsony fesz\u00fclts\u00e9g\u0171 depaneling teljes\u00edtm\u00e9ny<\/strong> \u2013 \u00dagy tervezt\u00e9k, hogy minimaliz\u00e1lja az alkatr\u00e9szek \u00e9s a NY\u00c1K-fel\u00fcletek mechanikai terhel\u00e9s\u00e9t, biztos\u00edtva a biztons\u00e1gos elv\u00e1laszt\u00e1st a finom oszt\u00e1sk\u00f6z\u0171 \u00e9s nagy s\u0171r\u0171s\u00e9g\u0171 elektronikus szerelv\u00e9nyek eset\u00e9ben.<\/p>\n<\/li>\n<li data-start=\"250\" data-end=\"451\">\n<p data-start=\"253\" data-end=\"451\"><strong data-start=\"253\" data-end=\"284\">Prec\u00edzi\u00f3s v\u00e1g\u00f3mechanizmus<\/strong> \u2013 Stabil \u00e9s pontos v\u00e1g\u00f3rendszert haszn\u00e1l, amely sima, sorjamentes \u00e9leket biztos\u00edt, meg\u0151rzi a m\u00e9retintegrit\u00e1st a k\u00fcl\u00f6nb\u00f6z\u0151 NY\u00c1K-vastags\u00e1gok \u00e9s anyagok eset\u00e9n.<\/p>\n<\/li>\n<li data-start=\"453\" data-end=\"647\">\n<p data-start=\"456\" data-end=\"647\"><strong data-start=\"456\" data-end=\"482\">Kompakt asztali kialak\u00edt\u00e1s<\/strong> \u2013 Helytakar\u00e9kos kialak\u00edt\u00e1s\u00e1nak k\u00f6sz\u00f6nhet\u0151en k\u00f6nnyen telep\u00edthet\u0151 SMT gy\u00e1rt\u00f3sorokon, jav\u00edt\u00f3\u00e1llom\u00e1sokon, K+F laborat\u00f3riumokban \u00e9s kis t\u00e9tel\u0171 gy\u00e1rt\u00e1si ter\u00fcleteken a teljes\u00edtm\u00e9ny fel\u00e1ldoz\u00e1sa n\u00e9lk\u00fcl.<\/p>\n<\/li>\n<li data-start=\"649\" data-end=\"841\">\n<p data-start=\"652\" data-end=\"841\"><strong data-start=\"652\" data-end=\"690\">\u00c1lland\u00f3 \u00e9s megism\u00e9telhet\u0151 pontoss\u00e1g<\/strong> \u2013 Robusztus mechanikus be\u00e1ll\u00edt\u00e1ssal \u00e9s szab\u00e1lyozott v\u00e1g\u00e1si \u00fatvonalakkal van felszerelve, amelyek megb\u00edzhat\u00f3 ism\u00e9tl\u00e9si pontoss\u00e1got biztos\u00edtanak a nagy kever\u00e9s\u0171 vagy k\u00e9nyes NY\u00c1K-alkalmaz\u00e1sokhoz.<\/p>\n<\/li>\n<li data-start=\"843\" data-end=\"1028\">\n<p data-start=\"846\" data-end=\"1028\"><strong data-start=\"846\" data-end=\"873\">Felhaszn\u00e1l\u00f3bar\u00e1t kezel\u00e9s<\/strong> \u2013 Egyszer\u0171 kezel\u0151szervekkel \u00e9s gyors be\u00e1ll\u00edt\u00e1si elj\u00e1r\u00e1sokkal rendelkezik, \u00edgy a kezel\u0151k minim\u00e1lis betan\u00edt\u00e1ssal \u00e9s cs\u00f6kkentett kezel\u00e9si id\u0151vel kiv\u00e1l\u00f3 min\u0151s\u00e9g\u0171 eredm\u00e9nyeket \u00e9rhetnek el.<\/p>\n<\/li>\n<li data-start=\"1030\" data-end=\"1239\" data-is-last-node=\"\">\n<p data-start=\"1033\" data-end=\"1239\" data-is-last-node=\"\"><strong data-start=\"1033\" data-end=\"1068\">Tart\u00f3s \u00e9s stabil konstrukci\u00f3<\/strong> \u2013 Merev v\u00e1zzal \u00e9s kiv\u00e1l\u00f3 min\u0151s\u00e9g\u0171 alkatr\u00e9szekkel k\u00e9sz\u00fclt a hossz\u00fa t\u00e1v\u00fa stabilit\u00e1s, a cs\u00f6kkentett rezg\u00e9s \u00e9s a folyamatos m\u0171k\u00f6d\u00e9s biztos\u00edt\u00e1sa \u00e9rdek\u00e9ben ig\u00e9nyes gy\u00e1rt\u00e1si k\u00f6rnyezetben.<\/p>\n<\/li>\n<\/ul>\n<p>&nbsp;<\/p>\n<h2>Specifik\u00e1ci\u00f3k<\/h2>\n<table style=\"border-collapse: collapse; width: 1374px; height: 346px;\" border=\"0\" width=\"681\" cellspacing=\"0\" cellpadding=\"0\">\n<tbody>\n<tr style=\"height: 15.00pt;\">\n<td class=\"et2\" style=\"height: 15pt; width: 158.25pt; text-align: center;\" width=\"211\" height=\"20\">Modell<\/td>\n<td class=\"et3\" style=\"width: 352.5pt; text-align: center;\" width=\"470\">YDS-300<\/td>\n<\/tr>\n<tr style=\"height: 15.00pt;\">\n<td class=\"et4\" style=\"height: 15pt; width: 158.25pt; text-align: center;\" width=\"211\" height=\"20\">NY\u00c1K m\u00e9ret (k\u00fcl\u00f6nleges m\u00e9ret opcion\u00e1lis)<\/td>\n<td class=\"et5\" style=\"width: 352.5pt; text-align: center;\" width=\"470\">280 * 300 mm<\/td>\n<\/tr>\n<tr style=\"height: 15.00pt;\">\n<td class=\"et4\" style=\"height: 15pt; width: 158.25pt; text-align: center;\" width=\"211\" height=\"20\">NY\u00c1K vastags\u00e1ga<\/td>\n<td class=\"et5\" style=\"width: 352.5pt; text-align: center;\" width=\"470\">0,3~4,0 mm<\/td>\n<\/tr>\n<tr style=\"height: 15.00pt;\">\n<td class=\"et4\" style=\"height: 15pt; width: 158.25pt; text-align: center;\" width=\"211\" height=\"20\">S\u00faly (porsz\u00edv\u00f3val)<\/td>\n<td class=\"et5\" style=\"width: 352.5pt; text-align: center;\" width=\"470\">85 kg<\/td>\n<\/tr>\n<tr style=\"height: 15.00pt;\">\n<td class=\"et4\" style=\"height: 15pt; width: 158.25pt; text-align: center;\" width=\"211\" height=\"20\">Dimenzi\u00f3<\/td>\n<td class=\"et5\" style=\"width: 352.5pt; text-align: center;\" width=\"470\">600 * 500 * 500 mm<\/td>\n<\/tr>\n<tr style=\"height: 15.00pt;\">\n<td class=\"et4\" style=\"height: 15pt; width: 510.75pt; text-align: center;\" colspan=\"2\" width=\"681\" height=\"20\">Porgy\u0171jt\u0151<\/td>\n<\/tr>\n<tr style=\"height: 15.00pt;\">\n<td class=\"et4\" style=\"height: 15pt; width: 158.25pt; text-align: center;\" width=\"211\" height=\"20\">Porgy\u0171jt\u00e9si m\u00f3dszer<\/td>\n<td class=\"et5\" style=\"width: 352.5pt; text-align: center;\" width=\"470\">Porsz\u00edv\u00f3z\u00e1s<\/td>\n<\/tr>\n<tr style=\"height: 15.00pt;\">\n<td class=\"et4\" style=\"height: 15pt; width: 158.25pt; text-align: center;\" width=\"211\" height=\"20\">A porsz\u00edv\u00f3 l\u00e9gmennyis\u00e9ge<\/td>\n<td class=\"et5\" style=\"width: 352.5pt; text-align: center;\" width=\"470\">12~20 cm3\/perc<\/td>\n<\/tr>\n<tr style=\"height: 15.00pt;\">\n<td class=\"et4\" style=\"height: 15pt; width: 158.25pt; text-align: center;\" width=\"211\" height=\"20\">Porsz\u00edv\u00f3 m\u00e9rete<\/td>\n<td class=\"et5\" style=\"width: 352.5pt; text-align: center;\" width=\"470\">860 * 470 * 730 mm<\/td>\n<\/tr>\n<tr style=\"height: 15.00pt;\">\n<td class=\"et6\" style=\"height: 15pt; width: 158.25pt; text-align: center;\" width=\"211\" height=\"20\">A porgy\u0171jt\u0151 fesz\u00fclts\u00e9ge<\/td>\n<td class=\"et7\" style=\"width: 352.5pt; text-align: center;\" width=\"470\">380V, 50\/60Hz, 1.2kw<\/td>\n<\/tr>\n<\/tbody>\n<\/table>\n<p>&nbsp;<\/p>\n<p><a href=\"https:\/\/www.youtube.com\/@allaismt\" rel=\"nofollow noopener\" target=\"_blank\"><u>https:\/\/www.youtube.com\/@allaismt<\/u><\/a><\/p>\n<p>Az YDS-300 asztali PCBA elv\u00e1laszt\u00f3 g\u00e9ppel kapcsolatos tov\u00e1bbi inform\u00e1ci\u00f3k\u00e9rt k\u00e9rj\u00fck, k\u00fcldj\u00f6n e-mailt a k\u00f6vetkez\u0151 c\u00edmre:<\/p>\n<p><a href=\"mailto:sophia@allaismt.com\"><u>sophia@allaismt.com<\/u><\/a><\/p>\n<p>Megkeres\u00e9s\u00e9re halad\u00e9ktalanul v\u00e1laszolunk, \u00e9s r\u00e9szletes t\u00e1j\u00e9koztat\u00e1st ny\u00fajtunk term\u00e9keinkr\u0151l \u00e9s szolg\u00e1ltat\u00e1sainkr\u00f3l.<\/p>\n<p>&nbsp;<\/p>\n<p>&nbsp;<\/p>","protected":false},"excerpt":{"rendered":"<p>Le\u00edr\u00e1s\uff1aA <strong data-start=\"4\" data-end=\"39\">Asztali PCBA elv\u00e1laszt\u00f3 g\u00e9p<\/strong> egy kompakt \u00e9s hat\u00e9kony kiv\u00e1g\u00f3 megold\u00e1s, amelyet nagy pontoss\u00e1g\u00fa NY\u00c1K- \u00e9s NY\u00c1K-lapok v\u00e1g\u00e1s\u00e1ra terveztek a modern elektronikai gy\u00e1rt\u00e1sban. A mechanikai ig\u00e9nybev\u00e9tel minimaliz\u00e1l\u00e1s\u00e1ra tervezt\u00e9k, \u00edgy tiszta, sorjamentes elv\u00e1laszt\u00e1st biztos\u00edt az \u00e9rz\u00e9keny alkatr\u00e9szek \u00e9s a finom oszt\u00e1s\u00fa \u00e1ramk\u00f6ri k\u00e1rty\u00e1k sz\u00e1m\u00e1ra. Stabil szerkezete, sima v\u00e1g\u00e1si teljes\u00edtm\u00e9nye \u00e9s felhaszn\u00e1l\u00f3bar\u00e1t m\u0171k\u00f6d\u00e9se ide\u00e1liss\u00e1 teszi SMT gy\u00e1rt\u00f3sorokhoz, protot\u00edpusgy\u00e1rt\u00e1shoz \u00e9s kis t\u00e9tel\u0171 \u00f6sszeszerel\u00e9si k\u00f6rnyezetekhez. Ez az asztali egys\u00e9g megb\u00edzhat\u00f3 pontoss\u00e1got \u00e9s \u00e1lland\u00f3 min\u0151s\u00e9get biztos\u00edt, mik\u00f6zben kis helyig\u00e9ny\u0171, rugalmas munkater\u00fclet-integr\u00e1ci\u00f3t tesz lehet\u0151v\u00e9. Minim\u00e1lis rendel\u00e9si mennyis\u00e9g: 1 db Gy\u00e1rt\u00e1si id\u0151: 15 nap<\/p>\n<p>Minim\u00e1lis rendel\u00e9si mennyis\u00e9g: 1 db<\/p>\n<p>\u00c1tfut\u00e1si id\u0151: 15 nap<\/p>","protected":false},"featured_media":22859,"comment_status":"closed","ping_status":"closed","template":"","meta":[],"etheme_brands":[],"product_brand":[],"product_cat":[182],"product_tag":[],"class_list":{"0":"post-22856","1":"product","2":"type-product","3":"status-publish","4":"has-post-thumbnail","6":"product_cat-dispening-robot","8":"first","9":"instock","10":"shipping-taxable","11":"product-type-simple"},"_links":{"self":[{"href":"https:\/\/esmte.com\/hu\/wp-json\/wp\/v2\/product\/22856","targetHints":{"allow":["GET"]}}],"collection":[{"href":"https:\/\/esmte.com\/hu\/wp-json\/wp\/v2\/product"}],"about":[{"href":"https:\/\/esmte.com\/hu\/wp-json\/wp\/v2\/types\/product"}],"replies":[{"embeddable":true,"href":"https:\/\/esmte.com\/hu\/wp-json\/wp\/v2\/comments?post=22856"}],"version-history":[{"count":1,"href":"https:\/\/esmte.com\/hu\/wp-json\/wp\/v2\/product\/22856\/revisions"}],"predecessor-version":[{"id":22861,"href":"https:\/\/esmte.com\/hu\/wp-json\/wp\/v2\/product\/22856\/revisions\/22861"}],"wp:featuredmedia":[{"embeddable":true,"href":"https:\/\/esmte.com\/hu\/wp-json\/wp\/v2\/media\/22859"}],"wp:attachment":[{"href":"https:\/\/esmte.com\/hu\/wp-json\/wp\/v2\/media?parent=22856"}],"wp:term":[{"taxonomy":"brand","embeddable":true,"href":"https:\/\/esmte.com\/hu\/wp-json\/wp\/v2\/etheme_brands?post=22856"},{"taxonomy":"product_brand","embeddable":true,"href":"https:\/\/esmte.com\/hu\/wp-json\/wp\/v2\/product_brand?post=22856"},{"taxonomy":"product_cat","embeddable":true,"href":"https:\/\/esmte.com\/hu\/wp-json\/wp\/v2\/product_cat?post=22856"},{"taxonomy":"product_tag","embeddable":true,"href":"https:\/\/esmte.com\/hu\/wp-json\/wp\/v2\/product_tag?post=22856"}],"curies":[{"name":"munkaf\u00fczet","href":"https:\/\/api.w.org\/{rel}","templated":true}]}}