{"id":22817,"date":"2025-12-04T08:38:49","date_gmt":"2025-12-04T08:38:49","guid":{"rendered":"https:\/\/esmte.com\/?post_type=product&#038;p=22817"},"modified":"2025-12-04T08:43:28","modified_gmt":"2025-12-04T08:43:28","slug":"automatic-pcb-soldering-robot-machine-ycr-300","status":"publish","type":"product","link":"https:\/\/esmte.com\/hu\/products\/automatic-pcb-soldering-robot-machine-ycr-300\/","title":{"rendered":"Automatikus NY\u00c1K forraszt\u00f3 robotg\u00e9p YCR-300"},"content":{"rendered":"<h2>Bevezet\u00e9s<\/h2>\n<p data-start=\"85\" data-end=\"567\"><strong data-start=\"85\" data-end=\"138\">Az YCR-300 automatikus NY\u00c1K forraszt\u00f3 robotg\u00e9p<\/strong> \u00fagy tervezt\u00e9k, hogy megfeleljen a modern elektronikai gy\u00e1rt\u00e1s nagy pontoss\u00e1g\u00fa forraszt\u00e1s ir\u00e1nti n\u00f6vekv\u0151 ig\u00e9nyeknek. A robusztus mozg\u00e1svez\u00e9rl\u0151 rendszerrel \u00e9s integr\u00e1lt vizu\u00e1lis igaz\u00edt\u00e1ssal ell\u00e1tott YCR-300 forraszt\u00f3robot g\u00e9p prec\u00edz forraszt\u00e1selhelyez\u00e9st, egyenletes illeszt\u00e9si form\u00e1z\u00e1st \u00e9s megb\u00edzhat\u00f3 h\u0151profilokat biztos\u00edt a k\u00fcl\u00f6nf\u00e9le NY\u00c1K-szerelv\u00e9nyekn\u00e9l. \u00c9rint\u00e9smentes, automatiz\u00e1lt folyamata cs\u00f6kkenti az alkatr\u00e9szek k\u00e1rosod\u00e1s\u00e1nak kock\u00e1zat\u00e1t \u00e9s jav\u00edtja a term\u00e9k \u00e1ltal\u00e1nos min\u0151s\u00e9g\u00e9t.<\/p>\n<p data-start=\"569\" data-end=\"966\">Intelligens programoz\u00e1ssal \u00e9s adapt\u00edv forraszt\u00e1si algoritmusokkal felszerelve, a <strong data-start=\"1755\" data-end=\"1804\">Automatikus NY\u00c1K forraszt\u00f3 robotg\u00e9p YCR-300<\/strong> k\u00e9pes a finom oszt\u00e1s\u00fa alkatr\u00e9szek, a s\u0171r\u0171 elrendez\u00e9sek \u00e9s az \u00f6sszetett NY\u00c1K-tervek \u00e1lland\u00f3 pontoss\u00e1ggal t\u00f6rt\u00e9n\u0151 kezel\u00e9s\u00e9re. A l\u00e1t\u00e1st\u00e1mogat\u00e1s\u00fa rendszer automatikusan felismeri az alkatr\u00e9szek poz\u00edci\u00f3it, kompenz\u00e1lja a k\u00e1rtya elt\u00e9r\u00e9seit, \u00e9s dinamikusan be\u00e1ll\u00edtja a forraszt\u00e1si \u00fatvonalakat, biztos\u00edtva az ism\u00e9telhet\u0151 teljes\u00edtm\u00e9nyt a t\u00f6bbm\u0171szakos gy\u00e1rt\u00e1s sor\u00e1n.<\/p>\n<p data-start=\"968\" data-end=\"1333\">A teljesen automatiz\u00e1lt munkafolyamat integr\u00e1lja a bet\u00f6lt\u00e9si, forraszt\u00e1si \u00e9s kirakod\u00e1si folyamatokat, minimaliz\u00e1lva a manu\u00e1lis beavatkoz\u00e1st \u00e9s jav\u00edtva a m\u0171k\u00f6d\u00e9si hat\u00e9konys\u00e1got. Felhaszn\u00e1l\u00f3bar\u00e1t fel\u00fclete lehet\u0151v\u00e9 teszi a kezel\u0151k sz\u00e1m\u00e1ra a receptek kezel\u00e9s\u00e9t, a val\u00f3s idej\u0171 folyamatadatok monitoroz\u00e1s\u00e1t \u00e9s a karbantart\u00e1s egyszer\u0171 elv\u00e9gz\u00e9s\u00e9t, teljes nyomon k\u00f6vethet\u0151s\u00e9get \u00e9s folyamatir\u00e1ny\u00edt\u00e1st biztos\u00edtva a nagy volumen\u0171 gy\u00e1rt\u00e1shoz.<\/p>\n<p data-start=\"1335\" data-end=\"1685\">Sz\u00e9les k\u00f6r\u0171 NY\u00c1K-t\u00edpusokat \u00e9s -anyagokat t\u00e1mogat, bele\u00e9rtve a merev, rugalmas \u00e9s hibrid k\u00e1rty\u00e1kat is. <strong data-start=\"1755\" data-end=\"1804\">Automatikus NY\u00c1K forraszt\u00f3 robotg\u00e9p YCR-300<\/strong> olyan ipar\u00e1gakban alkalmazhat\u00f3, mint a sz\u00f3rakoztat\u00f3elektronika, az aut\u00f3ipari modulok, a telekommunik\u00e1ci\u00f3 \u00e9s az IoT-eszk\u00f6z\u00f6k. Prec\u00edz h\u0151m\u00e9rs\u00e9klet-szab\u00e1lyoz\u00e1sa \u00e9s mozg\u00e1svez\u00e9rl\u00e9se kiv\u00e1l\u00f3 min\u0151s\u00e9g\u0171 forraszt\u00e1si k\u00f6t\u00e9seket, cs\u00f6kkentett ut\u00f3munk\u00e1t \u00e9s jobb hozamot biztos\u00edt.<\/p>\n<p data-start=\"1687\" data-end=\"1952\" data-is-last-node=\"\" data-is-only-node=\"\">Az automatiz\u00e1l\u00e1s, a precizit\u00e1s \u00e9s a megb\u00edzhat\u00f3s\u00e1g kombin\u00e1ci\u00f3j\u00e1nak k\u00f6sz\u00f6nhet\u0151en a <strong data-start=\"1755\" data-end=\"1804\">Automatikus NY\u00c1K forraszt\u00f3 robotg\u00e9p YCR-300<\/strong> kritikus eszk\u00f6zk\u00e9nt szolg\u00e1l a gy\u00e1rt\u00f3k sz\u00e1m\u00e1ra, akik n\u00f6velni szeretn\u00e9k az \u00e1tereszt\u0151k\u00e9pess\u00e9get, jav\u00edtani szeretn\u00e9k a term\u00e9kmin\u0151s\u00e9get \u00e9s fejlett SMT forraszt\u00e1si megold\u00e1sokat alkalmazn\u00e1nak.<\/p>\n<p data-start=\"1687\" data-end=\"1952\" data-is-last-node=\"\" data-is-only-node=\"\"><img loading=\"lazy\" decoding=\"async\" class=\"alignnone wp-image-22820 aligncenter\" src=\"https:\/\/esmte.com\/wp-content\/uploads\/2025\/12\/YSR-300.webp\" alt=\"Automatic Pcb Soldering Robot Machine YCR-300\" width=\"567\" height=\"567\" srcset=\"https:\/\/esmte.com\/wp-content\/uploads\/2025\/12\/YSR-300.webp 2560w, https:\/\/esmte.com\/wp-content\/uploads\/2025\/12\/YSR-300-100x100.webp 100w, https:\/\/esmte.com\/wp-content\/uploads\/2025\/12\/YSR-300-600x600.webp 600w, https:\/\/esmte.com\/wp-content\/uploads\/2025\/12\/YSR-300-300x300.webp 300w, https:\/\/esmte.com\/wp-content\/uploads\/2025\/12\/YSR-300-1024x1024.webp 1024w, https:\/\/esmte.com\/wp-content\/uploads\/2025\/12\/YSR-300-150x150.webp 150w, https:\/\/esmte.com\/wp-content\/uploads\/2025\/12\/YSR-300-768x768.webp 768w, https:\/\/esmte.com\/wp-content\/uploads\/2025\/12\/YSR-300-1536x1536.webp 1536w, https:\/\/esmte.com\/wp-content\/uploads\/2025\/12\/YSR-300-2048x2048.webp 2048w, https:\/\/esmte.com\/wp-content\/uploads\/2025\/12\/YSR-300-1x1.webp 1w, https:\/\/esmte.com\/wp-content\/uploads\/2025\/12\/YSR-300-10x10.webp 10w\" sizes=\"auto, (max-width: 567px) 100vw, 567px\" \/><\/p>\n<h3>F\u0151bb jellemz\u0151k<\/h3>\n<ul>\n<li data-start=\"100\" data-end=\"430\"><strong data-start=\"100\" data-end=\"139\">Nagy pontoss\u00e1g\u00fa forraszt\u00e1svez\u00e9rl\u00e9s<\/strong><br data-start=\"139\" data-end=\"142\" \/>Az YCR-300 forraszt\u00f3robot fejlett mozg\u00e1s- \u00e9s h\u0151kezel\u0151 rendszereket alkalmaz a prec\u00edz forraszt\u00e1si k\u00f6t\u00e9s kialak\u00edt\u00e1s\u00e1hoz. Pontos pozicion\u00e1l\u00e1sa biztos\u00edtja az \u00e1lland\u00f3 forraszt\u00e1si min\u0151s\u00e9get m\u00e9g finom oszt\u00e1sk\u00f6z\u0171 alkatr\u00e9szek \u00e9s s\u0171r\u0171 NY\u00c1K-elrendez\u00e9sek eset\u00e9n is, cs\u00f6kkentve a hib\u00e1kat \u00e9s jav\u00edtva a term\u00e9k \u00e1ltal\u00e1nos megb\u00edzhat\u00f3s\u00e1g\u00e1t.<\/li>\n<li data-start=\"432\" data-end=\"750\"><strong data-start=\"432\" data-end=\"472\">Vizu\u00e1lisan vez\u00e9relt alkatr\u00e9sz-illeszt\u00e9s<\/strong><br data-start=\"472\" data-end=\"475\" \/>Az integr\u00e1lt vizu\u00e1lis felismer\u00e9s automatikusan azonos\u00edtja az alkatr\u00e9szek poz\u00edci\u00f3it \u00e9s kompenz\u00e1lja a NY\u00c1K-elt\u00e9r\u00e9seket. Ez biztos\u00edtja a pontos forraszt\u00e1si \u00fatvonalakat, cs\u00f6kkenti az illeszt\u00e9si hib\u00e1kat, \u00e9s megism\u00e9telhet\u0151 teljes\u00edtm\u00e9nyt biztos\u00edt t\u00f6bb NY\u00c1K-on kereszt\u00fcl, n\u00f6velve a gy\u00e1rt\u00e1si konzisztenci\u00e1t.<\/li>\n<li data-start=\"752\" data-end=\"1044\"><strong data-start=\"752\" data-end=\"783\">Teljesen automatiz\u00e1lt munkafolyamat<\/strong><br data-start=\"783\" data-end=\"786\" \/>A g\u00e9p t\u00e1mogatja az automatiz\u00e1lt be-, forraszt\u00e1si \u00e9s kirakod\u00e1si folyamatokat. A k\u00e9zi beavatkoz\u00e1s minimaliz\u00e1l\u00e1s\u00e1val jav\u00edtja a m\u0171k\u00f6d\u00e9si hat\u00e9konys\u00e1got, cs\u00f6kkenti az emberi hib\u00e1kat, \u00e9s lehet\u0151v\u00e9 teszi a folyamatos, t\u00f6bb m\u0171szakos termel\u00e9st a nagy volumen\u0171 elektronikai gy\u00e1rt\u00e1shoz.<\/li>\n<li data-start=\"1046\" data-end=\"1333\"><strong data-start=\"1046\" data-end=\"1082\">Adapt\u00edv forraszt\u00e1si algoritmusok<\/strong><br data-start=\"1082\" data-end=\"1085\" \/>Az intelligens szoftver dinamikusan \u00e1ll\u00edtja be a forraszt\u00e1si param\u00e9tereket, bele\u00e9rtve a h\u0151m\u00e9rs\u00e9kletet, a sebess\u00e9get \u00e9s a forraszt\u00e1si \u00e1raml\u00e1st, a k\u00e1rtya t\u00edpusa \u00e9s az alkatr\u00e9sz s\u0171r\u0171s\u00e9ge alapj\u00e1n. Ez biztos\u00edtja az optim\u00e1lis k\u00f6t\u00e9smin\u0151s\u00e9get, mik\u00f6zben megv\u00e9di az \u00e9rz\u00e9keny alkatr\u00e9szeket a h\u0151k\u00e1rosod\u00e1st\u00f3l.<\/li>\n<li data-start=\"1335\" data-end=\"1625\"><strong data-start=\"1335\" data-end=\"1378\">Sz\u00e9lesk\u00f6r\u0171 NY\u00c1K- \u00e9s alkatr\u00e9sz-kompatibilit\u00e1s<\/strong><br data-start=\"1378\" data-end=\"1381\" \/>Az YCR-300 merev, rugalmas \u00e9s hibrid \u00e1ramk\u00f6ri lapokat is k\u00e9pes kezelni, k\u00fcl\u00f6nf\u00e9le t\u00edpus\u00fa \u00e9s m\u00e9ret\u0171 alkatr\u00e9szeket kezelve. Sokoldal\u00fas\u00e1g\u00e1nak k\u00f6sz\u00f6nhet\u0151en alkalmas sz\u00f3rakoztat\u00f3elektronikai, aut\u00f3ipari modulok, telekommunik\u00e1ci\u00f3s \u00e9s egy\u00e9b nagy s\u0171r\u0171s\u00e9g\u0171 NY\u00c1K-alkalmaz\u00e1sokhoz.<\/li>\n<li data-start=\"1627\" data-end=\"1947\"><strong data-start=\"1627\" data-end=\"1677\">Val\u00f3s idej\u0171 monitoroz\u00e1s \u00e9s folyamatir\u00e1ny\u00edt\u00e1s<\/strong><br data-start=\"1677\" data-end=\"1680\" \/>A folyamatir\u00e1ny\u00edt\u00f3 szoftverrel felszerelt YCR-300 forraszt\u00f3robot val\u00f3s idej\u0171 fel\u00fcgyeletet, receptkezel\u00e9st \u00e9s hiba\u00e9szlel\u00e9st biztos\u00edt. A kezel\u0151k nyomon k\u00f6vethetik a termel\u00e9si teljes\u00edtm\u00e9nyt, optimaliz\u00e1lhatj\u00e1k a forraszt\u00e1si param\u00e9tereket \u00e9s biztos\u00edthatj\u00e1k a nyomonk\u00f6vethet\u0151s\u00e9get, n\u00f6velve ezzel a gy\u00e1rt\u00f3sori hat\u00e9konys\u00e1got \u00e9s hozamot.<\/li>\n<\/ul>\n<p>&nbsp;<\/p>\n<p>&nbsp;<\/p>\n<h2>Specifik\u00e1ci\u00f3k<\/h2>\n<table style=\"border-collapse: collapse; width: 1374px; height: 460px;\" border=\"0\" width=\"1101\" cellspacing=\"0\" cellpadding=\"0\">\n<tbody>\n<tr style=\"height: 15.00pt;\">\n<td class=\"et2\" style=\"height: 15pt; width: 116.25pt; text-align: center;\" width=\"155\" height=\"20\">Modell<\/td>\n<td class=\"et3\" style=\"width: 176.25pt; text-align: center;\" width=\"235\">YSR-300<\/td>\n<td class=\"et3\" style=\"width: 179.25pt; text-align: center;\" width=\"239\">YSR-500<\/td>\n<td class=\"et3\" style=\"width: 177.75pt; text-align: center;\" width=\"237\">YSR-250A<\/td>\n<td class=\"et4\" style=\"width: 176.25pt; text-align: center;\" width=\"235\">YSR-250B<\/td>\n<\/tr>\n<tr style=\"height: 15.00pt;\">\n<td class=\"et5\" style=\"height: 15pt; width: 116.25pt; text-align: center;\" width=\"155\" height=\"20\">V\u00e1g\u00e1nysz\u00e1m<\/td>\n<td class=\"et6\" style=\"width: 176.25pt; text-align: center;\" width=\"235\">1<\/td>\n<td class=\"et6\" style=\"width: 179.25pt; text-align: center;\" width=\"239\">1<\/td>\n<td class=\"et6\" style=\"width: 177.75pt; text-align: center;\" width=\"237\">2<\/td>\n<td class=\"et7\" style=\"width: 176.25pt; text-align: center;\" width=\"235\">2<\/td>\n<\/tr>\n<tr style=\"height: 15.00pt;\">\n<td class=\"et5\" style=\"height: 15pt; width: 116.25pt; text-align: center;\" width=\"155\" height=\"20\">Fejsz\u00e1m<\/td>\n<td class=\"et6\" style=\"width: 176.25pt; text-align: center;\" width=\"235\">1<\/td>\n<td class=\"et6\" style=\"width: 179.25pt; text-align: center;\" width=\"239\">2<\/td>\n<td class=\"et6\" style=\"width: 177.75pt; text-align: center;\" width=\"237\">1<\/td>\n<td class=\"et7\" style=\"width: 176.25pt; text-align: center;\" width=\"235\">2<\/td>\n<\/tr>\n<tr style=\"height: 15.00pt;\">\n<td class=\"et5\" style=\"height: 15pt; width: 116.25pt; text-align: center;\" width=\"155\" height=\"20\">F\u0171t\u00e9si teljes\u00edtm\u00e9ny<\/td>\n<td class=\"et6\" style=\"width: 176.25pt; text-align: center;\" width=\"235\">150 W<\/td>\n<td class=\"et6\" style=\"width: 179.25pt; text-align: center;\" width=\"239\">300 W<\/td>\n<td class=\"et6\" style=\"width: 177.75pt; text-align: center;\" width=\"237\">150 W<\/td>\n<td class=\"et7\" style=\"width: 176.25pt; text-align: center;\" width=\"235\">300 W<\/td>\n<\/tr>\n<tr style=\"height: 15.00pt;\">\n<td class=\"et5\" style=\"height: 30pt; width: 116.25pt; text-align: center;\" rowspan=\"2\" width=\"155\" height=\"40\">Max. NY\u00c1K-m\u00e9ret<\/td>\n<td class=\"et6\" style=\"width: 176.25pt; text-align: center;\" rowspan=\"2\" width=\"235\">300*300 mm<\/td>\n<td class=\"et6\" style=\"width: 179.25pt; text-align: center;\" rowspan=\"2\" width=\"239\">500 * 300 mm<\/td>\n<td class=\"et8\" style=\"width: 177.75pt; text-align: center;\" width=\"237\">250*250 mm<\/td>\n<td class=\"et9\" style=\"width: 176.25pt; text-align: center;\" width=\"235\">250*250 mm<\/td>\n<\/tr>\n<tr style=\"height: 15.00pt;\">\n<td class=\"et10\" style=\"width: 177.75pt;\" width=\"237\">minden platformhoz<\/td>\n<td class=\"et11\" style=\"width: 176.25pt;\" width=\"235\">minden platformhoz<\/td>\n<\/tr>\n<tr style=\"height: 29.25pt;\">\n<td class=\"et5\" style=\"height: 29.25pt; width: 116.25pt; text-align: center;\" width=\"155\" height=\"39\">Maxim\u00e1lis mozg\u00e1si sebess\u00e9g<\/td>\n<td class=\"et6\" style=\"width: 176.25pt; text-align: center;\" width=\"235\">Ac\u00e9lhuzal \u00e9s l\u00e9gnyom\u00e1s<br \/>\n(Opcion\u00e1lis: Forg\u00f3kef\u00e9s tiszt\u00edt\u00e1s)<\/td>\n<td class=\"et6\" style=\"width: 179.25pt; text-align: center;\" width=\"239\">Ac\u00e9lhuzal \u00e9s l\u00e9gnyom\u00e1s<br \/>\n(Opcion\u00e1lis: Forg\u00f3kef\u00e9s tiszt\u00edt\u00e1s)<\/td>\n<td class=\"et6\" style=\"width: 177.75pt; text-align: center;\" width=\"237\">Ac\u00e9lhuzal \u00e9s l\u00e9gnyom\u00e1s<br \/>\n(Opcion\u00e1lis: Forg\u00f3kef\u00e9s tiszt\u00edt\u00e1s)<\/td>\n<td class=\"et6\" style=\"width: 176.25pt; text-align: center;\" width=\"235\">Ac\u00e9lhuzal \u00e9s l\u00e9gnyom\u00e1s<br \/>\n(Opcion\u00e1lis: Forg\u00f3kef\u00e9s tiszt\u00edt\u00e1s)<\/td>\n<\/tr>\n<tr style=\"height: 15.00pt;\">\n<td class=\"et5\" style=\"height: 15pt; width: 116.25pt; text-align: center;\" width=\"155\" height=\"20\">Forraszt\u00f3huzal<\/td>\n<td class=\"et6\" style=\"width: 176.25pt; text-align: center;\" width=\"235\">\u03a60,6~1,2 mm-es forraszt\u00f3huzal<\/td>\n<td class=\"et6\" style=\"width: 179.25pt; text-align: center;\" width=\"239\">\u03a60,6~1,2 mm-es forraszt\u00f3huzal<\/td>\n<td class=\"et6\" style=\"width: 177.75pt; text-align: center;\" width=\"237\">\u03a60,6~1,2 mm-es forraszt\u00f3huzal<\/td>\n<td class=\"et6\" style=\"width: 176.25pt; text-align: center;\" width=\"235\">\u03a60,6~1,2 mm-es forraszt\u00f3huzal<\/td>\n<\/tr>\n<tr style=\"height: 15.00pt;\">\n<td class=\"et5\" style=\"height: 15pt; width: 116.25pt; text-align: center;\" width=\"155\" height=\"20\">Forraszt\u00e1si sebess\u00e9g<\/td>\n<td class=\"et6\" style=\"width: 176.25pt; text-align: center;\" width=\"235\">1~50 mm\/s<\/td>\n<td class=\"et6\" style=\"width: 179.25pt; text-align: center;\" width=\"239\">1~50 mm\/s<\/td>\n<td class=\"et6\" style=\"width: 177.75pt; text-align: center;\" width=\"237\">1~50 mm\/s<\/td>\n<td class=\"et6\" style=\"width: 176.25pt; text-align: center;\" width=\"235\">1~50 mm\/s<\/td>\n<\/tr>\n<tr style=\"height: 15.00pt;\">\n<td class=\"et5\" style=\"height: 15pt; width: 116.25pt; text-align: center;\" width=\"155\" height=\"20\">Ism\u00e9telt pontoss\u00e1g<\/td>\n<td class=\"et6\" style=\"width: 176.25pt; text-align: center;\" width=\"235\">\u00b10,02 mm<\/td>\n<td class=\"et6\" style=\"width: 179.25pt; text-align: center;\" width=\"239\">\u00b10,02 mm<\/td>\n<td class=\"et6\" style=\"width: 177.75pt; text-align: center;\" width=\"237\">\u00b10,02 mm<\/td>\n<td class=\"et6\" style=\"width: 176.25pt; text-align: center;\" width=\"235\">\u00b10,02 mm<\/td>\n<\/tr>\n<tr style=\"height: 15.00pt;\">\n<td class=\"et5\" style=\"height: 15pt; width: 116.25pt; text-align: center;\" width=\"155\" height=\"20\">H\u0151m\u00e9rs\u00e9klet-tartom\u00e1ny<\/td>\n<td class=\"et6\" style=\"width: 176.25pt; text-align: center;\" width=\"235\">Szobah\u0151m\u00e9rs\u00e9klet -500 \u00b0C<\/td>\n<td class=\"et6\" style=\"width: 179.25pt; text-align: center;\" width=\"239\">Szobah\u0151m\u00e9rs\u00e9klet -500 \u00b0C<\/td>\n<td class=\"et6\" style=\"width: 177.75pt; text-align: center;\" width=\"237\">Szobah\u0151m\u00e9rs\u00e9klet -500 \u00b0C<\/td>\n<td class=\"et6\" style=\"width: 176.25pt; text-align: center;\" width=\"235\">Szobah\u0151m\u00e9rs\u00e9klet -500 \u00b0C<\/td>\n<\/tr>\n<tr style=\"height: 15.00pt;\">\n<td class=\"et5\" style=\"height: 15pt; width: 116.25pt; text-align: center;\" width=\"155\" height=\"20\">H\u0151m\u00e9rs\u00e9klet pontoss\u00e1ga<\/td>\n<td class=\"et6\" style=\"width: 176.25pt; text-align: center;\" width=\"235\">\u00b11\u00b0C<\/td>\n<td class=\"et6\" style=\"width: 179.25pt; text-align: center;\" width=\"239\">\u00b11\u00b0C<\/td>\n<td class=\"et6\" style=\"width: 177.75pt; text-align: center;\" width=\"237\">\u00b11\u00b0C<\/td>\n<td class=\"et6\" style=\"width: 176.25pt; text-align: center;\" width=\"235\">\u00b11\u00b0C<\/td>\n<\/tr>\n<tr style=\"height: 15.00pt;\">\n<td class=\"et5\" style=\"height: 15pt; width: 116.25pt; text-align: center;\" width=\"155\" height=\"20\">Vezet\u00e9si m\u00f3d<\/td>\n<td class=\"et6\" style=\"width: 176.25pt; text-align: center;\" width=\"235\">L\u00e9ptet\u0151motor<\/td>\n<td class=\"et6\" style=\"width: 179.25pt; text-align: center;\" width=\"239\">L\u00e9ptet\u0151motor<\/td>\n<td class=\"et6\" style=\"width: 177.75pt; text-align: center;\" width=\"237\">L\u00e9ptet\u0151motor<\/td>\n<td class=\"et6\" style=\"width: 176.25pt; text-align: center;\" width=\"235\">L\u00e9ptet\u0151motor<\/td>\n<\/tr>\n<tr style=\"height: 15.00pt;\">\n<td class=\"et5\" style=\"height: 15pt; width: 116.25pt; text-align: center;\" width=\"155\" height=\"20\">Vez\u00e9rl\u00e9si m\u00f3d<\/td>\n<td class=\"et6\" style=\"width: 176.25pt; text-align: center;\" width=\"235\">Tan\u00edt\u00e1s med\u00e1l<\/td>\n<td class=\"et6\" style=\"width: 179.25pt; text-align: center;\" width=\"239\">Tan\u00edt\u00e1s med\u00e1l<\/td>\n<td class=\"et6\" style=\"width: 177.75pt; text-align: center;\" width=\"237\">Tan\u00edt\u00e1s med\u00e1l<\/td>\n<td class=\"et6\" style=\"width: 176.25pt; text-align: center;\" width=\"235\">Tan\u00edt\u00e1s med\u00e1l<\/td>\n<\/tr>\n<tr style=\"height: 15.00pt;\">\n<td class=\"et5\" style=\"height: 15pt; width: 116.25pt; text-align: center;\" width=\"155\" height=\"20\">Dimenzi\u00f3<\/td>\n<td class=\"et6\" style=\"width: 176.25pt; text-align: center;\" width=\"235\">750 * 650 * 880 mm<\/td>\n<td class=\"et6\" style=\"width: 179.25pt; text-align: center;\" width=\"239\">780 * 660 * 770 mm<\/td>\n<td class=\"et6\" style=\"width: 177.75pt; text-align: center;\" width=\"237\">930 * 650 * 880 mm<\/td>\n<td class=\"et7\" style=\"width: 176.25pt; text-align: center;\" width=\"235\">1280 * 750 * 950 mm<\/td>\n<\/tr>\n<tr style=\"height: 15.00pt;\">\n<td class=\"et12\" style=\"height: 15pt; width: 116.25pt; text-align: center;\" width=\"155\" height=\"20\">S\u00faly<\/td>\n<td class=\"et13\" style=\"width: 176.25pt; text-align: center;\" width=\"235\">K\u00f6r\u00fclbel\u00fcl 65 kg<\/td>\n<td class=\"et13\" style=\"width: 179.25pt; text-align: center;\" width=\"239\">K\u00f6r\u00fclbel\u00fcl 70 kg<\/td>\n<td class=\"et13\" style=\"width: 177.75pt; text-align: center;\" width=\"237\">K\u00f6r\u00fclbel\u00fcl 80 kg<\/td>\n<td class=\"et14\" style=\"width: 176.25pt; text-align: center;\" width=\"235\">K\u00f6r\u00fclbel\u00fcl 85 kg<\/td>\n<\/tr>\n<\/tbody>\n<\/table>\n<p>&nbsp;<\/p>\n<p><a href=\"https:\/\/www.youtube.com\/@allaismt\" rel=\"nofollow noopener\" target=\"_blank\"><u>https:\/\/www.youtube.com\/@allaismt<\/u><\/a><\/p>\n<p>Az YCR-250A automatikus NY\u00c1K-forraszt\u00f3 robotg\u00e9ppel kapcsolatos tov\u00e1bbi inform\u00e1ci\u00f3k\u00e9rt k\u00e9rj\u00fck, k\u00fcldj\u00f6n e-mailt a k\u00f6vetkez\u0151 c\u00edmre:<\/p>\n<p><a href=\"mailto:sophia@allaismt.com\"><u>sophia@allaismt.com<\/u><\/a><\/p>\n<p>Megkeres\u00e9s\u00e9re halad\u00e9ktalanul v\u00e1laszolunk, \u00e9s r\u00e9szletes t\u00e1j\u00e9koztat\u00e1st ny\u00fajtunk term\u00e9keinkr\u0151l \u00e9s szolg\u00e1ltat\u00e1sainkr\u00f3l.<\/p>\n<p>&nbsp;<\/p>","protected":false},"excerpt":{"rendered":"<p>Le\u00edr\u00e1s:<strong data-start=\"73\" data-end=\"126\">Az YCR-300 automatikus NY\u00c1K forraszt\u00f3 robotg\u00e9p<\/strong> prec\u00edz, nagy hat\u00e9konys\u00e1g\u00fa forraszt\u00e1sra tervezt\u00e9k modern SMT gy\u00e1rt\u00f3sorokon. Fejlett mozg\u00e1svez\u00e9rl\u00e9s\u00e9nek \u00e9s integr\u00e1lt k\u00e9pfeldolgoz\u00f3 igaz\u00edt\u00e1s\u00e1nak k\u00f6sz\u00f6nhet\u0151en biztos\u00edtja a forraszt\u00e1si k\u00f6t\u00e9sek \u00e1lland\u00f3 min\u0151s\u00e9g\u00e9t finom oszt\u00e1s\u00fa alkatr\u00e9szek \u00e9s \u00f6sszetett NY\u00c1K-ok eset\u00e9n. Teljesen automatiz\u00e1lt m\u0171k\u00f6d\u00e9se cs\u00f6kkenti a k\u00e9zi beavatkoz\u00e1st, minimaliz\u00e1lja az emberi hib\u00e1kat, \u00e9s n\u00f6veli a termel\u00e9si teljes\u00edtm\u00e9nyt, \u00edgy ide\u00e1lis sz\u00f3rakoztat\u00f3elektronikai, aut\u00f3ipari modulok \u00e9s nagy s\u0171r\u0171s\u00e9g\u0171 \u00e1ramk\u00f6ri szerelv\u00e9nyek sz\u00e1m\u00e1ra.<\/p>\n<p>Minim\u00e1lis rendel\u00e9si mennyis\u00e9g: 1 db<\/p>\n<p>\u00c1tfut\u00e1si id\u0151: 15 nap<\/p>","protected":false},"featured_media":22821,"comment_status":"closed","ping_status":"closed","template":"","meta":[],"etheme_brands":[],"product_brand":[],"product_cat":[180],"product_tag":[],"class_list":{"0":"post-22817","1":"product","2":"type-product","3":"status-publish","4":"has-post-thumbnail","6":"product_cat-soldering-robot","8":"first","9":"instock","10":"shipping-taxable","11":"product-type-simple"},"_links":{"self":[{"href":"https:\/\/esmte.com\/hu\/wp-json\/wp\/v2\/product\/22817","targetHints":{"allow":["GET"]}}],"collection":[{"href":"https:\/\/esmte.com\/hu\/wp-json\/wp\/v2\/product"}],"about":[{"href":"https:\/\/esmte.com\/hu\/wp-json\/wp\/v2\/types\/product"}],"replies":[{"embeddable":true,"href":"https:\/\/esmte.com\/hu\/wp-json\/wp\/v2\/comments?post=22817"}],"version-history":[{"count":1,"href":"https:\/\/esmte.com\/hu\/wp-json\/wp\/v2\/product\/22817\/revisions"}],"predecessor-version":[{"id":22824,"href":"https:\/\/esmte.com\/hu\/wp-json\/wp\/v2\/product\/22817\/revisions\/22824"}],"wp:featuredmedia":[{"embeddable":true,"href":"https:\/\/esmte.com\/hu\/wp-json\/wp\/v2\/media\/22821"}],"wp:attachment":[{"href":"https:\/\/esmte.com\/hu\/wp-json\/wp\/v2\/media?parent=22817"}],"wp:term":[{"taxonomy":"brand","embeddable":true,"href":"https:\/\/esmte.com\/hu\/wp-json\/wp\/v2\/etheme_brands?post=22817"},{"taxonomy":"product_brand","embeddable":true,"href":"https:\/\/esmte.com\/hu\/wp-json\/wp\/v2\/product_brand?post=22817"},{"taxonomy":"product_cat","embeddable":true,"href":"https:\/\/esmte.com\/hu\/wp-json\/wp\/v2\/product_cat?post=22817"},{"taxonomy":"product_tag","embeddable":true,"href":"https:\/\/esmte.com\/hu\/wp-json\/wp\/v2\/product_tag?post=22817"}],"curies":[{"name":"munkaf\u00fczet","href":"https:\/\/api.w.org\/{rel}","templated":true}]}}