{"id":22813,"date":"2025-12-04T08:11:58","date_gmt":"2025-12-04T08:11:58","guid":{"rendered":"https:\/\/esmte.com\/?post_type=product&#038;p=22813"},"modified":"2025-12-04T08:16:31","modified_gmt":"2025-12-04T08:16:31","slug":"pcba-online-laser-separator-machine-ylc-350","status":"publish","type":"product","link":"https:\/\/esmte.com\/hu\/products\/pcba-online-laser-separator-machine-ylc-350\/","title":{"rendered":"PCBA online l\u00e9zerv\u00e1g\u00f3 v\u00e1g\u00f3 elv\u00e1laszt\u00f3 g\u00e9p YLC-350"},"content":{"rendered":"<h2>Bevezet\u00e9s<\/h2>\n<p data-start=\"105\" data-end=\"617\">A<strong data-start=\"105\" data-end=\"171\"> PCBA online l\u00e9zerv\u00e1g\u00f3 elv\u00e1laszt\u00f3 g\u00e9p YLC-350<\/strong> \u00fagy tervezt\u00e9k, hogy megfeleljen a modern elektronikai gy\u00e1rt\u00e1s prec\u00edzi\u00f3s megmunk\u00e1l\u00e1s\u00e1val szemben t\u00e1masztott n\u00f6vekv\u0151 ig\u00e9nyeknek. Egy nagy teljes\u00edtm\u00e9ny\u0171 l\u00e9zermotor k\u00f6r\u00e9 \u00e9p\u00fcl\u0151 rendszer ultrafinom v\u00e1g\u00e1si k\u00e9pess\u00e9get biztos\u00edt a s\u0171r\u0171 elrendez\u00e9sekhez, a keskeny nyomvonalakhoz \u00e9s a mai NY\u00c1K-tervekben haszn\u00e1lt korszer\u0171 anyagokhoz. Az \u00e9rint\u00e9smentes elv\u00e1laszt\u00e1si m\u00f3dszer kik\u00fcsz\u00f6b\u00f6li a mechanikai fesz\u00fclts\u00e9get \u00e9s megakad\u00e1lyozza a mikroreped\u00e9sek kialakul\u00e1s\u00e1t, \u00edgy ide\u00e1lis az \u00e9rz\u00e9keny, kiv\u00e1l\u00f3 \u00e9lmin\u0151s\u00e9get ig\u00e9nyl\u0151 NY\u00c1K-okhoz.<\/p>\n<p data-start=\"619\" data-end=\"1058\">A gy\u00e1rt\u00e1si rugalmass\u00e1g \u00e9s pontoss\u00e1g n\u00f6vel\u00e9se \u00e9rdek\u00e9ben a <strong data-start=\"105\" data-end=\"171\">PCBA online l\u00e9zerv\u00e1g\u00f3 elv\u00e1laszt\u00f3 g\u00e9p YLC-350<\/strong> integr\u00e1l egy intelligens k\u00e9pfeldolgoz\u00f3 igaz\u00edt\u00e1si modult, amely k\u00e9pes az automatikus referenciapont-felismer\u00e9sre \u00e9s a dinamikus p\u00e1lyakompenz\u00e1ci\u00f3ra. Ez lehet\u0151v\u00e9 teszi a rendszer sz\u00e1m\u00e1ra, hogy \u00e1lland\u00f3 v\u00e1g\u00e1si pontoss\u00e1got tartson fenn m\u00e9g akkor is, ha kism\u00e9rt\u00e9kben elt\u00e9r\u0151 m\u00e9ret\u0171 deszk\u00e1kat kezel. Az optimaliz\u00e1lt mozg\u00e1splatform t\u00e1mogatja a sima p\u00e1lyamozg\u00e1st, lehet\u0151v\u00e9 t\u00e9ve a stabil m\u0171k\u00f6d\u00e9st nagy sebess\u00e9g\u0171, folyamatos v\u00e1g\u00e1s k\u00f6zben.<\/p>\n<p data-start=\"1060\" data-end=\"1487\">Az YLC-350 szepar\u00e1tor teljesen be\u00e9p\u00edtett architekt\u00far\u00e1ja z\u00f6kken\u0151mentes integr\u00e1ci\u00f3t tesz lehet\u0151v\u00e9 az SMT gy\u00e1rt\u00f3sorokkal. Az automatiz\u00e1lt be-, pozicion\u00e1l\u00e1si, v\u00e1g\u00e1si \u00e9s kirakod\u00e1si folyamatok cs\u00f6kkentik a manu\u00e1lis beavatkoz\u00e1st, mik\u00f6zben biztos\u00edtj\u00e1k az \u00e1tereszt\u0151k\u00e9pess\u00e9g \u00e1lland\u00f3s\u00e1g\u00e1t a t\u00f6bb m\u0171szakos m\u0171veletek sor\u00e1n. Z\u00e1rt hurk\u00fa fel\u00fcgyeleti \u00e9s folyamatir\u00e1ny\u00edt\u00f3 szoftvere val\u00f3s idej\u0171 \u00e1llapotvisszajelz\u00e9st biztos\u00edt, lehet\u0151v\u00e9 t\u00e9ve a kezel\u0151k sz\u00e1m\u00e1ra a receptek kezel\u00e9s\u00e9t, az adatok nyomon k\u00f6vet\u00e9s\u00e9t \u00e9s a param\u00e9terek nagy pontoss\u00e1g\u00fa be\u00e1ll\u00edt\u00e1s\u00e1t.<\/p>\n<p data-start=\"1489\" data-end=\"1862\">Merev \u00e9s rugalmas kartonanyagokat egyar\u00e1nt t\u00e1mogat, a <strong data-start=\"105\" data-end=\"171\">PCBA online l\u00e9zerv\u00e1g\u00f3 elv\u00e1laszt\u00f3 g\u00e9p YLC-350<\/strong> komplex NY\u00c1K-lapkiv\u00e1g\u00e1si feladatokra tervezt\u00e9k sz\u00f3rakoztat\u00f3elektronikai, aut\u00f3ipari elektronikai, kommunik\u00e1ci\u00f3s berendez\u00e9sek \u00e9s nagy s\u0171r\u0171s\u00e9g\u0171 modulok ter\u00fclet\u00e9n. Tiszta megmunk\u00e1l\u00e1s\u00e1nak, minimaliz\u00e1lt h\u0151hat\u00e1s\u00e1nak \u00e9s robusztus automatiz\u00e1l\u00e1si k\u00e9pess\u00e9g\u00e9nek k\u00f6sz\u00f6nhet\u0151en jelent\u0151sen jav\u00edtja a hozamot, a megb\u00edzhat\u00f3s\u00e1got \u00e9s a termel\u00e9si hat\u00e9konys\u00e1got.<\/p>\n<p data-start=\"1864\" data-end=\"2223\" data-is-last-node=\"\" data-is-only-node=\"\">A fejlett l\u00e9zeres panellev\u00e1laszt\u00e1si teljes\u00edtm\u00e9nyt keres\u0151 gy\u00e1rt\u00f3k sz\u00e1m\u00e1ra k\u00e9sz\u00fclt <strong>PCBA online l\u00e9zerv\u00e1g\u00f3 elv\u00e1laszt\u00f3 g\u00e9p YLC-350<\/strong> egy \u00e1tfog\u00f3 megold\u00e1st k\u00edn\u00e1l, amely \u00f6tv\u00f6zi a pontoss\u00e1got, a sebess\u00e9get \u00e9s a hossz\u00fa t\u00e1v\u00fa stabilit\u00e1st. Alapvet\u0151 eszk\u00f6zk\u00e9nt szolg\u00e1l a magasabb szint\u0171 automatiz\u00e1l\u00e1s \u00e9s a k\u00f6vetkez\u0151 gener\u00e1ci\u00f3s NY\u00c1K-\u00f6sszeszerel\u00e9si technol\u00f3gi\u00e1k fel\u00e9 \u00e1tt\u00e9r\u0151 gy\u00e1rak sz\u00e1m\u00e1ra.<\/p>\n<p data-start=\"1864\" data-end=\"2223\" data-is-last-node=\"\" data-is-only-node=\"\"><img loading=\"lazy\" decoding=\"async\" class=\"alignnone wp-image-22810 aligncenter\" src=\"https:\/\/esmte.com\/wp-content\/uploads\/2025\/12\/11-26.webp\" alt=\"PCBA Online Laser Cutting Cutter Separator Machine\" width=\"613\" height=\"612\" srcset=\"https:\/\/esmte.com\/wp-content\/uploads\/2025\/12\/11-26.webp 2561w, https:\/\/esmte.com\/wp-content\/uploads\/2025\/12\/11-26-100x100.webp 100w, https:\/\/esmte.com\/wp-content\/uploads\/2025\/12\/11-26-600x599.webp 600w, https:\/\/esmte.com\/wp-content\/uploads\/2025\/12\/11-26-300x300.webp 300w, https:\/\/esmte.com\/wp-content\/uploads\/2025\/12\/11-26-1024x1024.webp 1024w, https:\/\/esmte.com\/wp-content\/uploads\/2025\/12\/11-26-150x150.webp 150w, https:\/\/esmte.com\/wp-content\/uploads\/2025\/12\/11-26-768x767.webp 768w, https:\/\/esmte.com\/wp-content\/uploads\/2025\/12\/11-26-1536x1534.webp 1536w, https:\/\/esmte.com\/wp-content\/uploads\/2025\/12\/11-26-2048x2046.webp 2048w, https:\/\/esmte.com\/wp-content\/uploads\/2025\/12\/11-26-1x1.webp 1w, https:\/\/esmte.com\/wp-content\/uploads\/2025\/12\/11-26-10x10.webp 10w\" sizes=\"auto, (max-width: 613px) 100vw, 613px\" \/><\/p>\n<h3>F\u0151bb jellemz\u0151k<\/h3>\n<ul>\n<li><strong data-start=\"113\" data-end=\"156\">Ultrafinom l\u00e9zerv\u00e1g\u00e1si teljes\u00edtm\u00e9ny<\/strong><br data-start=\"156\" data-end=\"159\" \/>Az YLC-350 nagy stabilit\u00e1s\u00fa, mikron szint\u0171 nyal\u00e1bvez\u00e9rl\u00e9s\u0171 l\u00e9zerforr\u00e1st haszn\u00e1l, amely lehet\u0151v\u00e9 teszi a s\u0171r\u0171 \u00e1ramk\u00f6r\u00f6k, mikrosz\u00e1las elemek \u00e9s fejlett NY\u00c1K-anyagok prec\u00edz v\u00e1g\u00e1s\u00e1t. Az \u00e9rint\u00e9smentes elj\u00e1r\u00e1s kik\u00fcsz\u00f6b\u00f6li a mechanikai fesz\u00fclts\u00e9get, \u00e9s tiszta, sorjamentes \u00e9leket biztos\u00edt, \u00edgy alkalmass\u00e1 teszi \u00e9rz\u00e9keny alkatr\u00e9szekhez \u00e9s nagy megb\u00edzhat\u00f3s\u00e1g\u00fa elektronikus szerelv\u00e9nyekhez.<\/li>\n<li><strong data-start=\"509\" data-end=\"551\">Intelligens vizu\u00e1lis igaz\u00edt\u00e1si rendszer<\/strong><br data-start=\"551\" data-end=\"554\" \/>A fejlett l\u00e1t\u00f3modullal felszerelt g\u00e9p automatikus referenciapont-felismer\u00e9st, torz\u00edt\u00e1skompenz\u00e1ci\u00f3t \u00e9s val\u00f3s idej\u0171 \u00fatvonal-optimaliz\u00e1l\u00e1st v\u00e9gez. Ez garant\u00e1lja a k\u00f6vetkezetes pontoss\u00e1got m\u00e9g a m\u00e9rett\u0171r\u00e9s\u0171 lapok eset\u00e9n is, biztos\u00edtva a stabil kimenetet t\u00f6bbr\u00e9teg\u0171, merev-flexibilis \u00e9s miniat\u00fcriz\u00e1lt NY\u00c1K-ok eset\u00e9n.<\/li>\n<li><strong data-start=\"866\" data-end=\"909\">Teljesen be\u00e9p\u00edtett automatiz\u00e1l\u00e1si architekt\u00fara<\/strong><br data-start=\"909\" data-end=\"912\" \/>Az YLC-350 z\u00f6kken\u0151mentes integr\u00e1ci\u00f3t biztos\u00edt az SMT gy\u00e1rt\u00f3sorokkal az automatiz\u00e1lt berakod\u00e1si, befog\u00e1si, v\u00e1g\u00e1si \u00e9s kirakod\u00e1si mechanizmusokon kereszt\u00fcl. A folyamatos gy\u00e1rt\u00f3sori m\u0171k\u00f6d\u00e9s minimaliz\u00e1lja a k\u00e9zi kezel\u00e9st, cs\u00f6kkenti a ciklusid\u0151t, \u00e9s egyenletes \u00e1tereszt\u0151k\u00e9pess\u00e9get biztos\u00edt a t\u00f6meggy\u00e1rt\u00e1si k\u00f6rnyezetekben.<\/li>\n<li><strong data-start=\"1195\" data-end=\"1241\">Nagy sebess\u00e9g\u0171 mozg\u00e1s \u00e9s stabilit\u00e1svez\u00e9rl\u00e9s<\/strong><br data-start=\"1241\" data-end=\"1244\" \/>A prec\u00edzi\u00f3s line\u00e1ris platformnak \u00e9s az optimaliz\u00e1lt mozg\u00e1salgoritmusoknak k\u00f6sz\u00f6nhet\u0151en a rendszer nagy sebess\u00e9gn\u00e9l is sima p\u00e1ly\u00e1kat biztos\u00edt a pontoss\u00e1g fel\u00e1ldoz\u00e1sa n\u00e9lk\u00fcl. Az alacsony rezg\u00e9s\u00e1tvitel \u00e9s a z\u00e1rt hurk\u00fa visszacsatol\u00e1s stabil v\u00e1g\u00e1si eredm\u00e9nyeket biztos\u00edt a hossz\u00fa t\u00e1v\u00fa, nagy volumen\u0171 gy\u00e1rt\u00e1s sor\u00e1n.<\/li>\n<li><strong data-start=\"1530\" data-end=\"1581\">Sz\u00e9lesk\u00f6r\u0171 anyag- \u00e9s alkalmaz\u00e1skompatibilit\u00e1s<\/strong><br data-start=\"1581\" data-end=\"1584\" \/>A v\u00e1ltozatos gy\u00e1rt\u00e1si ig\u00e9nyekre tervezett g\u00e9p merev NY\u00c1K-okat, FPC-ket, kompozit hordoz\u00f3kat \u00e9s vegyes anyag\u00fa szerelv\u00e9nyeket kezel. Szab\u00e1lyozott h\u0151bevitele \u00e9s finom\u00edtott l\u00e9zeres p\u00e1lyameghat\u00e1roz\u00e1sa t\u00e1mogatja a k\u00e9nyes alkatr\u00e9szeket \u00e9s a finom oszt\u00e1s\u00fa elrendez\u00e9seket, amelyek gyakoriak a sz\u00f3rakoztat\u00f3elektronik\u00e1ban, az aut\u00f3ipari modulokban \u00e9s a kommunik\u00e1ci\u00f3s eszk\u00f6z\u00f6kben.<\/li>\n<li><strong data-start=\"1910\" data-end=\"1957\">Fejlett szoftver- \u00e9s folyamatmenedzsment<\/strong><br data-start=\"1957\" data-end=\"1960\" \/>Az YLC-350 egy robusztus folyamatir\u00e1ny\u00edt\u00f3 szoftvercsomagot tartalmaz, amely lehet\u0151v\u00e9 teszi a receptkezel\u00e9st, a nyomon k\u00f6vethet\u0151s\u00e9get, a param\u00e9terek monitoroz\u00e1s\u00e1t \u00e9s az azonnali hibadiagnosztik\u00e1t. A kezel\u0151k nagy pontoss\u00e1ggal finomhangolhatj\u00e1k a be\u00e1ll\u00edt\u00e1sokat, biztos\u00edtva az optim\u00e1lis v\u00e1g\u00e1si min\u0151s\u00e9get, a jobb termel\u00e9si hozamot \u00e9s a hat\u00e9kony gy\u00e1rt\u00f3sori menedzsmentet.<\/li>\n<\/ul>\n<p>&nbsp;<\/p>\n<h2>Specifik\u00e1ci\u00f3k<\/h2>\n<table style=\"border-collapse: collapse; width: 1375px; height: 378px;\" border=\"0\" width=\"736\" cellspacing=\"0\" cellpadding=\"0\">\n<tbody>\n<tr style=\"height: 15.00pt;\">\n<td class=\"et2\" style=\"height: 15pt; width: 173.25pt; text-align: center;\" width=\"231\" height=\"20\">T\u00e9tel<\/td>\n<td class=\"et3\" style=\"width: 378.75pt; text-align: center;\" width=\"505\">YLC-350<\/td>\n<\/tr>\n<tr style=\"height: 15.00pt;\">\n<td class=\"et4\" style=\"height: 15pt; width: 173.25pt; text-align: center;\" width=\"231\" height=\"20\">L\u00e9zer t\u00edpusa<\/td>\n<td class=\"et5\" style=\"width: 378.75pt; text-align: center;\" width=\"505\">Z\u00f6ld l\u00e9zer<\/td>\n<\/tr>\n<tr style=\"height: 15.00pt;\">\n<td class=\"et4\" style=\"height: 15pt; width: 173.25pt; text-align: center;\" width=\"231\" height=\"20\">L\u00e9zerteljes\u00edtm\u00e9ny<\/td>\n<td class=\"et5\" style=\"width: 378.75pt; text-align: center;\" width=\"505\">35 W<\/td>\n<\/tr>\n<tr style=\"height: 15.00pt;\">\n<td class=\"et4\" style=\"height: 15pt; width: 173.25pt; text-align: center;\" width=\"231\" height=\"20\">Platformtartom\u00e1ny<\/td>\n<td class=\"et5\" style=\"width: 378.75pt; text-align: center;\" width=\"505\">300*300 mm-es dupla asztal<\/td>\n<\/tr>\n<tr style=\"height: 15.00pt;\">\n<td class=\"et4\" style=\"height: 15pt; width: 173.25pt; text-align: center;\" width=\"231\" height=\"20\">Alkalmazkodjon a term\u00e9k vastags\u00e1g\u00e1hoz (mm)<\/td>\n<td class=\"et5\" style=\"width: 378.75pt; text-align: center;\" width=\"505\">MAX1,5 mm<\/td>\n<\/tr>\n<tr style=\"height: 15.00pt;\">\n<td class=\"et4\" style=\"height: 15pt; width: 173.25pt; text-align: center;\" width=\"231\" height=\"20\">A platform maxim\u00e1lis sebess\u00e9ge<\/td>\n<td class=\"et5\" style=\"width: 378.75pt; text-align: center;\" width=\"505\">1000 m\/s<\/td>\n<\/tr>\n<tr style=\"height: 15.00pt;\">\n<td class=\"et4\" style=\"height: 15pt; width: 173.25pt; text-align: center;\" width=\"231\" height=\"20\">Maxim\u00e1lis v\u00e1g\u00e1si sebess\u00e9g (mm\/s)<\/td>\n<td class=\"et5\" style=\"width: 378.75pt; text-align: center;\" width=\"505\">\u2265200 mm<\/td>\n<\/tr>\n<tr style=\"height: 15.00pt;\">\n<td class=\"et4\" style=\"height: 15pt; width: 173.25pt; text-align: center;\" width=\"231\" height=\"20\">Pozicion\u00e1l\u00e1si pontoss\u00e1g<\/td>\n<td class=\"et5\" style=\"width: 378.75pt; text-align: center;\" width=\"505\">\u00b10,005 mm<\/td>\n<\/tr>\n<tr style=\"height: 15.00pt;\">\n<td class=\"et4\" style=\"height: 15pt; width: 173.25pt; text-align: center;\" width=\"231\" height=\"20\">Ism\u00e9telhet\u0151s\u00e9g<\/td>\n<td class=\"et5\" style=\"width: 378.75pt; text-align: center;\" width=\"505\">\u00b10,005 mm<\/td>\n<\/tr>\n<tr style=\"height: 15.00pt;\">\n<td class=\"et4\" style=\"height: 15pt; width: 173.25pt; text-align: center;\" width=\"231\" height=\"20\">V\u00e1g\u00e1si pontoss\u00e1g<\/td>\n<td class=\"et5\" style=\"width: 378.75pt; text-align: center;\" width=\"505\">\u00b10,025 mm<\/td>\n<\/tr>\n<tr style=\"height: 15.00pt;\">\n<td class=\"et4\" style=\"height: 15pt; width: 173.25pt; text-align: center;\" width=\"231\" height=\"20\">Hatalom<\/td>\n<td class=\"et5\" style=\"width: 378.75pt; text-align: center;\" width=\"505\">AC220V\/50Hz, 3KW<\/td>\n<\/tr>\n<tr style=\"height: 15.00pt;\">\n<td class=\"et4\" style=\"height: 15pt; width: 173.25pt; text-align: center;\" width=\"231\" height=\"20\">S\u00faly<\/td>\n<td class=\"et5\" style=\"width: 378.75pt; text-align: center;\" width=\"505\">3200 kg<\/td>\n<\/tr>\n<tr style=\"height: 15.00pt;\">\n<td class=\"et6\" style=\"height: 15pt; width: 173.25pt; text-align: center;\" width=\"231\" height=\"20\">M\u00e9retek<\/td>\n<td class=\"et7\" style=\"width: 378.75pt; text-align: center;\" width=\"505\">H1600*SZ1300*M1800mm<\/td>\n<\/tr>\n<\/tbody>\n<\/table>\n<p>&nbsp;<\/p>\n<p><a href=\"https:\/\/www.youtube.com\/@allaismt\" rel=\"nofollow noopener\" target=\"_blank\"><u>https:\/\/www.youtube.com\/@allaismt<\/u><\/a><\/p>\n<p>A PCBA online l\u00e9zerv\u00e1g\u00f3 elv\u00e1laszt\u00f3 g\u00e9ppel kapcsolatos tov\u00e1bbi inform\u00e1ci\u00f3k\u00e9rt k\u00e9rj\u00fck, k\u00fcldj\u00f6n e-mailt a k\u00f6vetkez\u0151 c\u00edmre:<\/p>\n<p><a href=\"mailto:sophia@allaismt.com\"><u>sophia@allaismt.com<\/u><\/a><\/p>\n<p>Megkeres\u00e9s\u00e9re halad\u00e9ktalanul v\u00e1laszolunk, \u00e9s r\u00e9szletes t\u00e1j\u00e9koztat\u00e1st ny\u00fajtunk term\u00e9keinkr\u0151l \u00e9s szolg\u00e1ltat\u00e1sainkr\u00f3l.<\/p>\n<p>&nbsp;<\/p>","protected":false},"excerpt":{"rendered":"<p>Le\u00edr\u00e1s:<strong data-start=\"90\" data-end=\"156\">A PCBA online l\u00e9zerv\u00e1g\u00f3 elv\u00e1laszt\u00f3 g\u00e9p YLC-350<\/strong> nagy pontoss\u00e1g\u00fa, \u00e9rint\u00e9smentes panelkiv\u00e1g\u00e1sra tervezt\u00e9k, fejlett SMT gy\u00e1rt\u00e1si k\u00f6rnyezetekben. A nagy stabilit\u00e1s\u00fa l\u00e9zerforr\u00e1s \u00e9s a val\u00f3s idej\u0171 l\u00e1t\u00e1skalibr\u00e1l\u00e1s kombin\u00e1ci\u00f3j\u00e1nak k\u00f6sz\u00f6nhet\u0151en tiszta, sorjamentes v\u00e1g\u00e1sokat biztos\u00edt merev, rugalmas \u00e9s vegyes anyagokb\u00f3l k\u00e9sz\u00fclt NY\u00c1K-okon. Teljesen automatiz\u00e1lt, in-line kialak\u00edt\u00e1sa t\u00e1mogatja a folyamatos m\u0171k\u00f6d\u00e9st, minimaliz\u00e1lja a mechanikai ig\u00e9nybev\u00e9telt, \u00e9s \u00e1lland\u00f3 v\u00e1g\u00e1si pontoss\u00e1got biztos\u00edt a nagy s\u0171r\u0171s\u00e9g\u0171 \u00e1ramk\u00f6ri szerelv\u00e9nyekn\u00e9l. Ide\u00e1lis azoknak a gy\u00e1rt\u00f3knak, akik kiv\u00e1l\u00f3 \u00e9lmin\u0151s\u00e9get, mikro-saj\u00e1toss\u00e1g-feldolgoz\u00e1st \u00e9s fokozott termel\u00e9si hat\u00e9konys\u00e1got keresnek.<\/p>\n<p>Minim\u00e1lis rendel\u00e9si mennyis\u00e9g: 1 db<\/p>\n<p>\u00c1tfut\u00e1si id\u0151: 15 nap<\/p>","protected":false},"featured_media":22814,"comment_status":"closed","ping_status":"closed","template":"","meta":[],"etheme_brands":[],"product_brand":[],"product_cat":[193],"product_tag":[],"class_list":{"0":"post-22813","1":"product","2":"type-product","3":"status-publish","4":"has-post-thumbnail","6":"product_cat-pcb-depaneling-machine-2","8":"first","9":"instock","10":"shipping-taxable","11":"product-type-simple"},"_links":{"self":[{"href":"https:\/\/esmte.com\/hu\/wp-json\/wp\/v2\/product\/22813","targetHints":{"allow":["GET"]}}],"collection":[{"href":"https:\/\/esmte.com\/hu\/wp-json\/wp\/v2\/product"}],"about":[{"href":"https:\/\/esmte.com\/hu\/wp-json\/wp\/v2\/types\/product"}],"replies":[{"embeddable":true,"href":"https:\/\/esmte.com\/hu\/wp-json\/wp\/v2\/comments?post=22813"}],"version-history":[{"count":1,"href":"https:\/\/esmte.com\/hu\/wp-json\/wp\/v2\/product\/22813\/revisions"}],"predecessor-version":[{"id":22816,"href":"https:\/\/esmte.com\/hu\/wp-json\/wp\/v2\/product\/22813\/revisions\/22816"}],"wp:featuredmedia":[{"embeddable":true,"href":"https:\/\/esmte.com\/hu\/wp-json\/wp\/v2\/media\/22814"}],"wp:attachment":[{"href":"https:\/\/esmte.com\/hu\/wp-json\/wp\/v2\/media?parent=22813"}],"wp:term":[{"taxonomy":"brand","embeddable":true,"href":"https:\/\/esmte.com\/hu\/wp-json\/wp\/v2\/etheme_brands?post=22813"},{"taxonomy":"product_brand","embeddable":true,"href":"https:\/\/esmte.com\/hu\/wp-json\/wp\/v2\/product_brand?post=22813"},{"taxonomy":"product_cat","embeddable":true,"href":"https:\/\/esmte.com\/hu\/wp-json\/wp\/v2\/product_cat?post=22813"},{"taxonomy":"product_tag","embeddable":true,"href":"https:\/\/esmte.com\/hu\/wp-json\/wp\/v2\/product_tag?post=22813"}],"curies":[{"name":"munkaf\u00fczet","href":"https:\/\/api.w.org\/{rel}","templated":true}]}}