{"id":22809,"date":"2025-12-04T07:57:05","date_gmt":"2025-12-04T07:57:05","guid":{"rendered":"https:\/\/esmte.com\/?post_type=product&#038;p=22809"},"modified":"2025-12-04T07:57:06","modified_gmt":"2025-12-04T07:57:06","slug":"pcba-online-laser-cutter-separator-machine","status":"publish","type":"product","link":"https:\/\/esmte.com\/hu\/products\/pcba-online-laser-cutter-separator-machine\/","title":{"rendered":"PCBA online l\u00e9zerv\u00e1g\u00f3 elv\u00e1laszt\u00f3 g\u00e9p"},"content":{"rendered":"<h2>Bevezet\u00e9s<\/h2>\n<p data-start=\"229\" data-end=\"674\">A <strong>PCBA online l\u00e9zerv\u00e1g\u00f3 elv\u00e1laszt\u00f3 g\u00e9p<\/strong> egy fejlett depanelelt\u00e1vol\u00edt\u00f3 megold\u00e1s, amelyet a modern elektronikai gy\u00e1rt\u00e1s prec\u00edzi\u00f3s ig\u00e9nyeinek kiel\u00e9g\u00edt\u00e9s\u00e9re terveztek. A nagysebess\u00e9g\u0171 l\u00e9zertechnol\u00f3gia alkalmaz\u00e1s\u00e1val a rendszer tiszta, pontos v\u00e1g\u00e1si eredm\u00e9nyeket biztos\u00edt an\u00e9lk\u00fcl, hogy mechanikai ig\u00e9nybev\u00e9telnek tenn\u00e9 ki az \u00e9rz\u00e9keny alkatr\u00e9szeket. Ez az \u00e9rint\u00e9smentes m\u00f3dszer kiv\u00e9teles \u00e9lmin\u0151s\u00e9get biztos\u00edt, \u00edgy ide\u00e1lis s\u0171r\u0171n lakott vagy szab\u00e1lytalan alak\u00fa NY\u00c1K-okhoz.<\/p>\n<p data-start=\"676\" data-end=\"1147\">Az SMT gy\u00e1rt\u00f3sorokba z\u00f6kken\u0151mentesen integr\u00e1lhat\u00f3 l\u00e9zerv\u00e1g\u00f3-elv\u00e1laszt\u00f3 g\u00e9p val\u00f3s idej\u0171 online feldolgoz\u00e1st t\u00e1mogat, lehet\u0151v\u00e9 t\u00e9ve a kezel\u0151k sz\u00e1m\u00e1ra a folyamatos munkafolyamat fenntart\u00e1s\u00e1t k\u00e9zi beavatkoz\u00e1s n\u00e9lk\u00fcl. Intelligens vez\u00e9rl\u0151rendszere optimaliz\u00e1lja a v\u00e1g\u00e1si \u00fatvonalakat, n\u00f6veli az \u00e1tereszt\u0151k\u00e9pess\u00e9get, \u00e9s megism\u00e9telhet\u0151 pontoss\u00e1got biztos\u00edt m\u00e9g nagy volumen\u0171 m\u0171veletek sor\u00e1n is. Az automatiz\u00e1lt kalibr\u00e1l\u00e1s, a k\u00e9pfeldolgoz\u00e1s be\u00e1ll\u00edt\u00e1sa \u00e9s a stabil sug\u00e1rvez\u00e9rl\u00e9s mind hozz\u00e1j\u00e1rul az \u00e1lland\u00f3 v\u00e1g\u00e1si min\u0151s\u00e9ghez a k\u00fcl\u00f6nb\u00f6z\u0151 kartonanyagok eset\u00e9ben.<\/p>\n<p data-start=\"1149\" data-end=\"1691\">A pontoss\u00e1gon t\u00fal, a <strong>PCBA online l\u00e9zerv\u00e1g\u00f3 elv\u00e1laszt\u00f3 g\u00e9p<\/strong> jelent\u0151s elj\u00e1r\u00e1sbeli el\u0151ny\u00f6ket k\u00edn\u00e1l. Kik\u00fcsz\u00f6b\u00f6li a mechanikus m\u00f3dszerekkel gyakran egy\u00fctt j\u00e1r\u00f3 mikroreped\u00e9sek, porszennyez\u0151d\u00e9s \u00e9s szersz\u00e1mkop\u00e1s kock\u00e1zat\u00e1t. Ez\u00e1ltal kiv\u00e1l\u00f3an alkalmas a maxim\u00e1lis megb\u00edzhat\u00f3s\u00e1got ig\u00e9nyl\u0151 ipar\u00e1gak sz\u00e1m\u00e1ra, mint p\u00e9ld\u00e1ul az aut\u00f3ipari elektronika, az orvostechnikai eszk\u00f6z\u00f6k, a LED-modulok \u00e9s a kommunik\u00e1ci\u00f3s berendez\u00e9sek. A v\u00e9kony hordoz\u00f3k, a finom oszt\u00e1sk\u00f6z\u0171 elrendez\u00e9sek \u00e9s a k\u00e9nyes \u00f6ssze\u00e1ll\u00edt\u00e1sok kezel\u00e9s\u00e9re val\u00f3 k\u00e9pess\u00e9ge biztos\u00edtja a kompatibilit\u00e1st a leg\u00fajabb miniat\u00fcriz\u00e1lt NY\u00c1K-kialak\u00edt\u00e1sokkal.<\/p>\n<p data-start=\"1693\" data-end=\"2068\" data-is-last-node=\"\" data-is-only-node=\"\">\u00d6sszess\u00e9g\u00e9ben a rendszer p\u00e1ratlan pontoss\u00e1got, rugalmas konfigur\u00e1ci\u00f3t \u00e9s teljesen automatiz\u00e1lt m\u0171k\u00f6d\u00e9st \u00f6tv\u00f6z, \u00edgy kiv\u00e1l\u00f3 depanelez\u00e9si megold\u00e1st k\u00edn\u00e1l. A nagyobb hat\u00e9konys\u00e1got, jobb hozamot \u00e9s jobb term\u00e9kmin\u0151s\u00e9get keres\u0151 gy\u00e1rt\u00f3k sz\u00e1m\u00e1ra a... <strong>PCBA online l\u00e9zerv\u00e1g\u00f3 elv\u00e1laszt\u00f3 g\u00e9p<\/strong> hat\u00e9kony \u00e9s j\u00f6v\u0151be mutat\u00f3 alternat\u00edv\u00e1t k\u00edn\u00e1l a hagyom\u00e1nyos elv\u00e1laszt\u00e1si m\u00f3dszerekkel szemben.<\/p>\n<p data-start=\"1693\" data-end=\"2068\" data-is-last-node=\"\" data-is-only-node=\"\">\n<p data-start=\"1693\" data-end=\"2068\" data-is-last-node=\"\" data-is-only-node=\"\"><img loading=\"lazy\" decoding=\"async\" class=\"alignnone  wp-image-22810 aligncenter\" src=\"https:\/\/esmte.com\/wp-content\/uploads\/2025\/12\/11-26.webp\" alt=\"PCBA Online Laser Cutting Cutter Separator Machine\" width=\"606\" height=\"605\" srcset=\"https:\/\/esmte.com\/wp-content\/uploads\/2025\/12\/11-26.webp 2561w, https:\/\/esmte.com\/wp-content\/uploads\/2025\/12\/11-26-100x100.webp 100w, https:\/\/esmte.com\/wp-content\/uploads\/2025\/12\/11-26-600x599.webp 600w, https:\/\/esmte.com\/wp-content\/uploads\/2025\/12\/11-26-300x300.webp 300w, https:\/\/esmte.com\/wp-content\/uploads\/2025\/12\/11-26-1024x1024.webp 1024w, https:\/\/esmte.com\/wp-content\/uploads\/2025\/12\/11-26-150x150.webp 150w, https:\/\/esmte.com\/wp-content\/uploads\/2025\/12\/11-26-768x767.webp 768w, https:\/\/esmte.com\/wp-content\/uploads\/2025\/12\/11-26-1536x1534.webp 1536w, https:\/\/esmte.com\/wp-content\/uploads\/2025\/12\/11-26-2048x2046.webp 2048w, https:\/\/esmte.com\/wp-content\/uploads\/2025\/12\/11-26-1x1.webp 1w, https:\/\/esmte.com\/wp-content\/uploads\/2025\/12\/11-26-10x10.webp 10w\" sizes=\"auto, (max-width: 606px) 100vw, 606px\" \/><\/p>\n<p data-start=\"1693\" data-end=\"2068\" data-is-last-node=\"\" data-is-only-node=\"\">\n<h3>F\u0151bb jellemz\u0151k<\/h3>\n<ul>\n<li data-start=\"164\" data-end=\"459\">\n<p data-start=\"167\" data-end=\"459\"><strong data-start=\"167\" data-end=\"199\">Stresszmentes l\u00e9zeres panelelt\u00e1vol\u00edt\u00e1s<\/strong><br data-start=\"199\" data-end=\"202\" \/>\u00c9rint\u00e9smentes l\u00e9zerv\u00e1g\u00e1si elj\u00e1r\u00e1st alkalmaz, amely teljesen kik\u00fcsz\u00f6b\u00f6li az alkatr\u00e9szek \u00e9s az aljzatok mechanikai ig\u00e9nybev\u00e9tel\u00e9t. Ez kiv\u00e1l\u00f3 \u00e9lmin\u0151s\u00e9get biztos\u00edt, megakad\u00e1lyozza a mikroreped\u00e9sek kialakul\u00e1s\u00e1t, \u00e9s meg\u0151rzi a szerkezeti integrit\u00e1st a nagy s\u0171r\u0171s\u00e9g\u0171 \u00e9s v\u00e9kony NY\u00c1K-kialak\u00edt\u00e1sok eset\u00e9ben.<\/p>\n<\/li>\n<li data-start=\"461\" data-end=\"746\">\n<p data-start=\"464\" data-end=\"746\"><strong data-start=\"464\" data-end=\"499\">Nagy pontoss\u00e1g\u00fa l\u00e1t\u00e1sbe\u00e1ll\u00edt\u00e1s<\/strong><br data-start=\"499\" data-end=\"502\" \/>Fejlett optikai pozicion\u00e1l\u00f3 rendszerrel van felszerelve, amely automatikusan felismeri a referenciapontokat \u00e9s val\u00f3s id\u0151ben \u00e1ll\u00edtja be a v\u00e1g\u00e1si \u00fatvonalakat. Ez mikron szint\u0171 pontoss\u00e1got garant\u00e1l m\u00e9g \u00f6sszetett k\u00f6rvonalakkal vagy finom oszt\u00e1s\u00fa \u00f6ssze\u00e1ll\u00edt\u00e1sokkal rendelkez\u0151 panelek kezel\u00e9sekor is.<\/p>\n<\/li>\n<li data-start=\"748\" data-end=\"1014\">\n<p data-start=\"751\" data-end=\"1014\"><strong data-start=\"751\" data-end=\"786\">Be\u00e1gyazott automatiz\u00e1l\u00e1si kompatibilit\u00e1s<\/strong><br data-start=\"786\" data-end=\"789\" \/>Teljesen automatiz\u00e1lt SMT gy\u00e1rt\u00f3sorokba val\u00f3 z\u00f6kken\u0151mentes integr\u00e1ci\u00f3ra tervezt\u00e9k. A rendszer t\u00e1mogatja a sz\u00e1ll\u00edt\u00f3szalagos \u00e1tvitelt, az MES csatlakoz\u00e1st \u00e9s a folyamatos online panelelt\u00e1vol\u00edt\u00e1st a hat\u00e9konys\u00e1g maximaliz\u00e1l\u00e1sa \u00e9s a k\u00e9zi kezel\u00e9si hib\u00e1k cs\u00f6kkent\u00e9se \u00e9rdek\u00e9ben.<\/p>\n<\/li>\n<li data-start=\"1016\" data-end=\"1307\">\n<p data-start=\"1019\" data-end=\"1307\"><strong data-start=\"1019\" data-end=\"1058\">Optimaliz\u00e1lt l\u00e9zervez\u00e9rl\u00e9s \u00e9s stabilit\u00e1s<\/strong><br data-start=\"1058\" data-end=\"1061\" \/>Stabil, nagy teljes\u00edtm\u00e9ny\u0171 l\u00e9zerforr\u00e1ssal \u00e9s intelligens sug\u00e1rkezel\u00e9ssel rendelkezik az \u00e1lland\u00f3 v\u00e1g\u00e1si sebess\u00e9g \u00e9s min\u0151s\u00e9g biztos\u00edt\u00e1sa \u00e9rdek\u00e9ben. Az optimaliz\u00e1lt vez\u00e9rl\u0151algoritmus minimaliz\u00e1lja a h\u0151hat\u00e1s\u00f6vezeteket, jav\u00edtva az \u00e9rz\u00e9keny elektronikai term\u00e9kek megb\u00edzhat\u00f3s\u00e1g\u00e1t.<\/p>\n<\/li>\n<li data-start=\"1309\" data-end=\"1588\">\n<p data-start=\"1312\" data-end=\"1588\"><strong data-start=\"1312\" data-end=\"1349\">Rugalmas anyag- \u00e9s formatart\u00f3<\/strong><br data-start=\"1349\" data-end=\"1352\" \/>K\u00e9pes FR4, FPC, merev-flexibilis kompozitok \u00e9s m\u00e1s NY\u00c1K-anyagok v\u00e1g\u00e1s\u00e1ra nagy ism\u00e9tl\u00e9si pontoss\u00e1ggal. Rugalmas programoz\u00e1s\u00e1nak k\u00f6sz\u00f6nhet\u0151en a gy\u00e1rt\u00f3k k\u00f6nnyed\u00e9n megmunk\u00e1lhatnak k\u00fcl\u00f6nf\u00e9le NY\u00c1K-form\u00e1kat, bonyolult mint\u00e1kat \u00e9s t\u00f6bb panelb\u0151l \u00e1ll\u00f3 t\u00f6mb\u00f6ket.<\/p>\n<\/li>\n<li data-start=\"1590\" data-end=\"1876\" data-is-last-node=\"\">\n<p data-start=\"1593\" data-end=\"1876\" data-is-last-node=\"\"><strong data-start=\"1593\" data-end=\"1630\">Alacsony karbantart\u00e1si ig\u00e9ny \u00e9s tiszta m\u0171k\u00f6d\u00e9s<\/strong><br data-start=\"1630\" data-end=\"1633\" \/>Mivel a rendszernek nincsenek fizikai peng\u00e9i, elker\u00fclhet\u0151 a szersz\u00e1mkop\u00e1s, a pork\u00e9pz\u0151d\u00e9s \u00e9s a k\u00f6lts\u00e9ges cser\u00e9k. A tiszta, \u00e9rint\u00e9smentes v\u00e1g\u00e1si k\u00f6rnyezet cs\u00f6kkenti a szennyez\u0151d\u00e9s kock\u00e1zat\u00e1t, \u00e9s hozz\u00e1j\u00e1rul a stabil, alacsony karbantart\u00e1st ig\u00e9nyl\u0151 termel\u00e9si munkafolyamathoz.<\/p>\n<\/li>\n<\/ul>\n<p>&nbsp;<\/p>\n<h2>Specifik\u00e1ci\u00f3k<\/h2>\n<table style=\"border-collapse: collapse; width: 1376px; height: 379px;\" border=\"0\" width=\"736\" cellspacing=\"0\" cellpadding=\"0\">\n<tbody>\n<tr style=\"height: 15.00pt;\">\n<td class=\"et2\" style=\"height: 15pt; width: 173.25pt; text-align: center;\" width=\"231\" height=\"20\">T\u00e9tel<\/td>\n<td class=\"et3\" style=\"width: 378.75pt; text-align: center;\" width=\"505\">YLC-350<\/td>\n<\/tr>\n<tr style=\"height: 15.00pt;\">\n<td class=\"et4\" style=\"height: 15pt; width: 173.25pt; text-align: center;\" width=\"231\" height=\"20\">L\u00e9zer t\u00edpusa<\/td>\n<td class=\"et5\" style=\"width: 378.75pt; text-align: center;\" width=\"505\">Z\u00f6ld l\u00e9zer<\/td>\n<\/tr>\n<tr style=\"height: 15.00pt;\">\n<td class=\"et4\" style=\"height: 15pt; width: 173.25pt; text-align: center;\" width=\"231\" height=\"20\">L\u00e9zerteljes\u00edtm\u00e9ny<\/td>\n<td class=\"et5\" style=\"width: 378.75pt; text-align: center;\" width=\"505\">35 W<\/td>\n<\/tr>\n<tr style=\"height: 15.00pt;\">\n<td class=\"et4\" style=\"height: 15pt; width: 173.25pt; text-align: center;\" width=\"231\" height=\"20\">Platformtartom\u00e1ny<\/td>\n<td class=\"et5\" style=\"width: 378.75pt; text-align: center;\" width=\"505\">300*300 mm-es dupla asztal<\/td>\n<\/tr>\n<tr style=\"height: 15.00pt;\">\n<td class=\"et4\" style=\"height: 15pt; width: 173.25pt; text-align: center;\" width=\"231\" height=\"20\">Alkalmazkodjon a term\u00e9k vastags\u00e1g\u00e1hoz (mm)<\/td>\n<td class=\"et5\" style=\"width: 378.75pt; text-align: center;\" width=\"505\">MAX1,5 mm<\/td>\n<\/tr>\n<tr style=\"height: 15.00pt;\">\n<td class=\"et4\" style=\"height: 15pt; width: 173.25pt; text-align: center;\" width=\"231\" height=\"20\">A platform maxim\u00e1lis sebess\u00e9ge<\/td>\n<td class=\"et5\" style=\"width: 378.75pt; text-align: center;\" width=\"505\">1000 m\/s<\/td>\n<\/tr>\n<tr style=\"height: 15.00pt;\">\n<td class=\"et4\" style=\"height: 15pt; width: 173.25pt; text-align: center;\" width=\"231\" height=\"20\">Maxim\u00e1lis v\u00e1g\u00e1si sebess\u00e9g (mm\/s)<\/td>\n<td class=\"et5\" style=\"width: 378.75pt; text-align: center;\" width=\"505\">\u2265200 mm<\/td>\n<\/tr>\n<tr style=\"height: 15.00pt;\">\n<td class=\"et4\" style=\"height: 15pt; width: 173.25pt; text-align: center;\" width=\"231\" height=\"20\">Pozicion\u00e1l\u00e1si pontoss\u00e1g<\/td>\n<td class=\"et5\" style=\"width: 378.75pt; text-align: center;\" width=\"505\">\u00b10,005 mm<\/td>\n<\/tr>\n<tr style=\"height: 15.00pt;\">\n<td class=\"et4\" style=\"height: 15pt; width: 173.25pt; text-align: center;\" width=\"231\" height=\"20\">Ism\u00e9telhet\u0151s\u00e9g<\/td>\n<td class=\"et5\" style=\"width: 378.75pt; text-align: center;\" width=\"505\">\u00b10,005 mm<\/td>\n<\/tr>\n<tr style=\"height: 15.00pt;\">\n<td class=\"et4\" style=\"height: 15pt; width: 173.25pt; text-align: center;\" width=\"231\" height=\"20\">V\u00e1g\u00e1si pontoss\u00e1g<\/td>\n<td class=\"et5\" style=\"width: 378.75pt; text-align: center;\" width=\"505\">\u00b10,025 mm<\/td>\n<\/tr>\n<tr style=\"height: 15.00pt;\">\n<td class=\"et4\" style=\"height: 15pt; width: 173.25pt; text-align: center;\" width=\"231\" height=\"20\">Hatalom<\/td>\n<td class=\"et5\" style=\"width: 378.75pt; text-align: center;\" width=\"505\">AC220V\/50Hz, 3KW<\/td>\n<\/tr>\n<tr style=\"height: 15.00pt;\">\n<td class=\"et4\" style=\"height: 15pt; width: 173.25pt; text-align: center;\" width=\"231\" height=\"20\">S\u00faly<\/td>\n<td class=\"et5\" style=\"width: 378.75pt; text-align: center;\" width=\"505\">3200 kg<\/td>\n<\/tr>\n<tr style=\"height: 15.00pt;\">\n<td class=\"et6\" style=\"height: 15pt; width: 173.25pt; text-align: center;\" width=\"231\" height=\"20\">M\u00e9retek<\/td>\n<td class=\"et7\" style=\"width: 378.75pt; text-align: center;\" width=\"505\">H1600*SZ1300*M1800mm<\/td>\n<\/tr>\n<\/tbody>\n<\/table>\n<p>&nbsp;<\/p>\n<p><a href=\"https:\/\/www.youtube.com\/@allaismt\" rel=\"nofollow noopener\" target=\"_blank\"><u>https:\/\/www.youtube.com\/@allaismt<\/u><\/a><\/p>\n<p>A PCBA online l\u00e9zerv\u00e1g\u00f3 elv\u00e1laszt\u00f3 g\u00e9ppel kapcsolatos tov\u00e1bbi inform\u00e1ci\u00f3k\u00e9rt k\u00e9rj\u00fck, k\u00fcldj\u00f6n e-mailt a k\u00f6vetkez\u0151 c\u00edmre:<\/p>\n<p><a href=\"mailto:sophia@allaismt.com\"><u>sophia@allaismt.com<\/u><\/a><\/p>\n<p>Megkeres\u00e9s\u00e9re halad\u00e9ktalanul v\u00e1laszolunk, \u00e9s r\u00e9szletes t\u00e1j\u00e9koztat\u00e1st ny\u00fajtunk term\u00e9keinkr\u0151l \u00e9s szolg\u00e1ltat\u00e1sainkr\u00f3l.<\/p>\n<p>&nbsp;<\/p>","protected":false},"excerpt":{"rendered":"<p>Le\u00edr\u00e1s:<strong data-start=\"0\" data-end=\"54\" data-is-only-node=\"\">PCBA online l\u00e9zerv\u00e1g\u00f3 elv\u00e1laszt\u00f3 g\u00e9p<\/strong> egy nagy pontoss\u00e1g\u00fa, \u00e9rint\u00e9smentes panelkiv\u00e1g\u00f3 megold\u00e1s, amelyet modern SMT \u00e9s elektronikai \u00f6sszeszerel\u0151 sorokhoz terveztek. Fejlett l\u00e9zertechnol\u00f3gi\u00e1nak k\u00f6sz\u00f6nhet\u0151en tiszta, sorjamentes v\u00e1g\u00e1sokat v\u00e9gez mechanikai ig\u00e9nybev\u00e9tel n\u00e9lk\u00fcl, \u00edgy ide\u00e1lis t\u00f6r\u00e9keny, nagy s\u0171r\u0171s\u00e9g\u0171 vagy \u00f6sszetett NY\u00c1K-elrendez\u00e9sekhez. A rendszer t\u00e1mogatja a teljesen automatiz\u00e1lt online m\u0171k\u00f6d\u00e9st, biztos\u00edtva az \u00e1lland\u00f3 min\u0151s\u00e9get, a cs\u00f6kkentett gy\u00e1rt\u00e1si id\u0151t \u00e9s a maxim\u00e1lis folyamatbiztons\u00e1got a t\u00f6meggy\u00e1rt\u00e1shoz.<\/p>\n<p>Minim\u00e1lis rendel\u00e9si mennyis\u00e9g: 1 db<\/p>\n<p>\u00c1tfut\u00e1si id\u0151: 15 nap<\/p>","protected":false},"featured_media":22811,"comment_status":"closed","ping_status":"closed","template":"","meta":[],"etheme_brands":[],"product_brand":[],"product_cat":[193],"product_tag":[],"class_list":{"0":"post-22809","1":"product","2":"type-product","3":"status-publish","4":"has-post-thumbnail","6":"product_cat-pcb-depaneling-machine-2","8":"first","9":"instock","10":"shipping-taxable","11":"product-type-simple"},"_links":{"self":[{"href":"https:\/\/esmte.com\/hu\/wp-json\/wp\/v2\/product\/22809","targetHints":{"allow":["GET"]}}],"collection":[{"href":"https:\/\/esmte.com\/hu\/wp-json\/wp\/v2\/product"}],"about":[{"href":"https:\/\/esmte.com\/hu\/wp-json\/wp\/v2\/types\/product"}],"replies":[{"embeddable":true,"href":"https:\/\/esmte.com\/hu\/wp-json\/wp\/v2\/comments?post=22809"}],"version-history":[{"count":1,"href":"https:\/\/esmte.com\/hu\/wp-json\/wp\/v2\/product\/22809\/revisions"}],"predecessor-version":[{"id":22812,"href":"https:\/\/esmte.com\/hu\/wp-json\/wp\/v2\/product\/22809\/revisions\/22812"}],"wp:featuredmedia":[{"embeddable":true,"href":"https:\/\/esmte.com\/hu\/wp-json\/wp\/v2\/media\/22811"}],"wp:attachment":[{"href":"https:\/\/esmte.com\/hu\/wp-json\/wp\/v2\/media?parent=22809"}],"wp:term":[{"taxonomy":"brand","embeddable":true,"href":"https:\/\/esmte.com\/hu\/wp-json\/wp\/v2\/etheme_brands?post=22809"},{"taxonomy":"product_brand","embeddable":true,"href":"https:\/\/esmte.com\/hu\/wp-json\/wp\/v2\/product_brand?post=22809"},{"taxonomy":"product_cat","embeddable":true,"href":"https:\/\/esmte.com\/hu\/wp-json\/wp\/v2\/product_cat?post=22809"},{"taxonomy":"product_tag","embeddable":true,"href":"https:\/\/esmte.com\/hu\/wp-json\/wp\/v2\/product_tag?post=22809"}],"curies":[{"name":"munkaf\u00fczet","href":"https:\/\/api.w.org\/{rel}","templated":true}]}}