{"id":22805,"date":"2025-12-04T07:24:03","date_gmt":"2025-12-04T07:24:03","guid":{"rendered":"https:\/\/esmte.com\/?post_type=product&#038;p=22805"},"modified":"2025-12-04T07:32:39","modified_gmt":"2025-12-04T07:32:39","slug":"multi-group-blades-pcb-v-cut-machine-yvc-180","status":"publish","type":"product","link":"https:\/\/esmte.com\/hu\/products\/multi-group-blades-pcb-v-cut-machine-yvc-180\/","title":{"rendered":"T\u00f6bbcsoportos peng\u00e9j\u0171 NY\u00c1K V-v\u00e1g\u00f3g\u00e9p YVC-180"},"content":{"rendered":"<h2>Bevezet\u00e9s<\/h2>\n<p data-start=\"178\" data-end=\"664\">A <strong data-start=\"182\" data-end=\"230\">T\u00f6bbcsoportos peng\u00e9j\u0171 NY\u00c1K V-v\u00e1g\u00f3g\u00e9p YVC-180<\/strong> egy nagy pontoss\u00e1g\u00fa depanelelt\u00e1vol\u00edt\u00f3 megold\u00e1s, amelyet modern NY\u00c1K- \u00e9s elektronikai gy\u00e1rt\u00e1shoz terveztek. T\u00f6bb pengecsoportj\u00e1nak k\u00f6sz\u00f6nhet\u0151en lehet\u0151v\u00e9 teszi a nagy panelek egyidej\u0171 V-v\u00e1g\u00e1s\u00e1t, jelent\u0151sen n\u00f6velve a termel\u00e9si hat\u00e9konys\u00e1got, mik\u00f6zben meg\u0151rzi a sima, pontos \u00e9leket. L\u00e9pcs\u0151zetes v\u00e1g\u00f3mechanizmusa cs\u00f6kkenti a panelek mechanikai ig\u00e9nybev\u00e9tel\u00e9t, megakad\u00e1lyozza a vetemed\u00e9st, az \u00e9lek lepattogz\u00e1s\u00e1t \u00e9s a deform\u00e1ci\u00f3t, ami \u00e1lland\u00f3, kiv\u00e1l\u00f3 min\u0151s\u00e9g\u0171 eredm\u00e9nyt biztos\u00edt.<\/p>\n<p data-start=\"666\" data-end=\"1099\">Az YVC-180 a NY\u00c1K-lapok sz\u00e9les vastags\u00e1gtartom\u00e1ny\u00e1t t\u00e1mogatja, jellemz\u0151en 0,2 mm-t\u0151l 5,0 mm-ig, \u00e9s \u00fcvegsz\u00e1las, alum\u00ednium alap\u00fa \u00e9s egy\u00e9b t\u00edpus\u00fa NY\u00c1K-okat is k\u00e9pes kezelni. Az \u00e1ll\u00edthat\u00f3 v\u00e1g\u00e1si m\u00e9lys\u00e9g \u00e9s a prec\u00edz pengebe\u00e1ll\u00edt\u00e1s rugalmass\u00e1got biztos\u00edt a k\u00fcl\u00f6nb\u00f6z\u0151 elrendez\u00e9sekhez \u00e9s gy\u00e1rt\u00e1si k\u00f6vetelm\u00e9nyekhez. A g\u00e9p tart\u00f3s, kop\u00e1s\u00e1ll\u00f3 peng\u00e9i \u00e9s stabil mechanikai konstrukci\u00f3ja garant\u00e1lja a megb\u00edzhat\u00f3 teljes\u00edtm\u00e9nyt a folyamatos, nagy volumen\u0171 gy\u00e1rt\u00e1s sor\u00e1n.<\/p>\n<p data-start=\"1101\" data-end=\"1402\">Sz\u00e9les k\u00f6rben haszn\u00e1lj\u00e1k <strong data-start=\"1116\" data-end=\"1188\">SMT gy\u00e1rt\u00f3sorok, NY\u00c1K-\u00f6sszeszerel\u00e9s, LED modul gy\u00e1rt\u00e1s \u00e9s k\u00f6tegelt panelbont\u00e1s<\/strong>, Az YVC-180 ide\u00e1lis mind protot\u00edpus-, mind t\u00f6meggy\u00e1rt\u00e1si k\u00f6rnyezetekhez. T\u00f6bbpeng\u00e9s kialak\u00edt\u00e1sa nemcsak felgyors\u00edtja a depanelez\u00e9si folyamatot, hanem minimaliz\u00e1lja a selejt mennyis\u00e9g\u00e9t is, jav\u00edtva a hozamot \u00e9s az \u00e1ltal\u00e1nos hat\u00e9konys\u00e1got.<\/p>\n<p data-start=\"1404\" data-end=\"1637\">A <strong data-start=\"1413\" data-end=\"1461\">YVC-180 t\u00f6bbcsoportos peng\u00e9j\u0171 NY\u00c1K V-v\u00e1g\u00f3g\u00e9p<\/strong>, a gy\u00e1rt\u00f3k prec\u00edz, nagy sebess\u00e9g\u0171 \u00e9s k\u00f6vetkezetes V-v\u00e1g\u00e1st \u00e9rhetnek el, optimaliz\u00e1lva a munkafolyamatot, mik\u00f6zben meg\u0151rzik a k\u00e1rtya integrit\u00e1s\u00e1t \u00e9s min\u0151s\u00e9g\u00e9t a k\u00fcl\u00f6nf\u00e9le alkalmaz\u00e1sokban.<\/p>\n<p data-start=\"1404\" data-end=\"1637\"><img loading=\"lazy\" decoding=\"async\" class=\"alignnone wp-image-22801 aligncenter\" src=\"https:\/\/esmte.com\/wp-content\/uploads\/2025\/12\/11-25.webp\" alt=\"Multi Group Blades PCB V-cut Machine\" width=\"602\" height=\"601\" srcset=\"https:\/\/esmte.com\/wp-content\/uploads\/2025\/12\/11-25.webp 2561w, https:\/\/esmte.com\/wp-content\/uploads\/2025\/12\/11-25-100x100.webp 100w, https:\/\/esmte.com\/wp-content\/uploads\/2025\/12\/11-25-600x599.webp 600w, https:\/\/esmte.com\/wp-content\/uploads\/2025\/12\/11-25-300x300.webp 300w, https:\/\/esmte.com\/wp-content\/uploads\/2025\/12\/11-25-1024x1024.webp 1024w, https:\/\/esmte.com\/wp-content\/uploads\/2025\/12\/11-25-150x150.webp 150w, https:\/\/esmte.com\/wp-content\/uploads\/2025\/12\/11-25-768x767.webp 768w, https:\/\/esmte.com\/wp-content\/uploads\/2025\/12\/11-25-1536x1534.webp 1536w, https:\/\/esmte.com\/wp-content\/uploads\/2025\/12\/11-25-2048x2046.webp 2048w, https:\/\/esmte.com\/wp-content\/uploads\/2025\/12\/11-25-1x1.webp 1w, https:\/\/esmte.com\/wp-content\/uploads\/2025\/12\/11-25-10x10.webp 10w\" sizes=\"auto, (max-width: 602px) 100vw, 602px\" \/><\/p>\n<h3>F\u0151bb jellemz\u0151k<\/h3>\n<ul>\n<li data-start=\"205\" data-end=\"391\">\n<p data-start=\"208\" data-end=\"391\"><strong data-start=\"208\" data-end=\"247\">Nagy hat\u00e9konys\u00e1g\u00fa t\u00f6bbpeng\u00e9s v\u00e1g\u00e1s<\/strong> \u2013 T\u00f6bb pengecsoport lehet\u0151v\u00e9 teszi a nagym\u00e9ret\u0171 NY\u00c1K-panelek egyidej\u0171 V-v\u00e1g\u00e1s\u00e1t, ami jelent\u0151sen jav\u00edtja a gy\u00e1rt\u00e1si \u00e1tereszt\u0151k\u00e9pess\u00e9get \u00e9s cs\u00f6kkenti a feldolgoz\u00e1si id\u0151t.<\/p>\n<\/li>\n<li data-start=\"393\" data-end=\"576\">\n<p data-start=\"396\" data-end=\"576\"><strong data-start=\"396\" data-end=\"420\">Prec\u00edzi\u00f3s panelv\u00e1g\u00e1s<\/strong> \u2013 A l\u00e9pcs\u0151zetes v\u00e1g\u00e1si kialak\u00edt\u00e1s minimaliz\u00e1lja a deszk\u00e1k mechanikai ig\u00e9nybev\u00e9tel\u00e9t, megakad\u00e1lyozza a vetemed\u00e9st, az \u00e9l lepattogz\u00e1s\u00e1t \u00e9s a deform\u00e1ci\u00f3t, biztos\u00edtva a sima \u00e9s pontos V-v\u00e1g\u00e1sokat.<\/p>\n<\/li>\n<li data-start=\"578\" data-end=\"763\">\n<p data-start=\"581\" data-end=\"763\"><strong data-start=\"581\" data-end=\"603\">Sz\u00e9lesk\u00f6r\u0171 kompatibilit\u00e1s<\/strong> \u2013 Az \u00e1ll\u00edthat\u00f3 v\u00e1g\u00e1si m\u00e9lys\u00e9g k\u00fcl\u00f6nb\u00f6z\u0151 NY\u00c1K-vastags\u00e1gokat t\u00e1mogat, jellemz\u0151en 0,2 mm-t\u0151l 5,0 mm-ig, alkalmas \u00fcvegsz\u00e1las, alum\u00ednium alap\u00fa \u00e9s egy\u00e9b t\u00edpus\u00fa NY\u00c1K-okhoz.<\/p>\n<\/li>\n<li data-start=\"765\" data-end=\"941\">\n<p data-start=\"768\" data-end=\"941\"><strong data-start=\"768\" data-end=\"792\">Tart\u00f3s konstrukci\u00f3<\/strong> \u2013 A kop\u00e1s\u00e1ll\u00f3 peng\u00e9k \u00e9s a robusztus mechanikai v\u00e1z stabil, hossz\u00fa t\u00e1v\u00fa teljes\u00edtm\u00e9nyt biztos\u00edtanak folyamatos, nagy volumen\u0171 gy\u00e1rt\u00e1si k\u00f6rnyezetben.<\/p>\n<\/li>\n<li data-start=\"943\" data-end=\"1121\">\n<p data-start=\"946\" data-end=\"1121\"><strong data-start=\"946\" data-end=\"977\">K\u00f6tegelt gy\u00e1rt\u00e1si k\u00e9pess\u00e9g<\/strong> \u2013 A t\u00f6bbpeng\u00e9s kialak\u00edt\u00e1s lehet\u0151v\u00e9 teszi a nagy volumen\u0171 NY\u00c1K-kiv\u00e1g\u00e1st, \u00edgy az YVC-180 ide\u00e1lis SMT-gy\u00e1rt\u00f3sorokhoz, LED-modulok \u00f6sszeszerel\u00e9s\u00e9hez \u00e9s sorozatgy\u00e1rt\u00e1shoz.<\/p>\n<\/li>\n<li data-start=\"1123\" data-end=\"1320\">\n<p data-start=\"1126\" data-end=\"1320\"><strong data-start=\"1126\" data-end=\"1153\">Felhaszn\u00e1l\u00f3bar\u00e1t kezel\u00e9s<\/strong> \u2013 Az ergonomikus kezel\u0151fel\u00fclet \u00e9s az egyszer\u0171 pengebe\u00e1ll\u00edt\u00e1s prec\u00edz vez\u00e9rl\u00e9st tesz lehet\u0151v\u00e9, cs\u00f6kkenti a kezel\u0151 f\u00e1radts\u00e1g\u00e1t, \u00e9s megb\u00edzhat\u00f3 kimenetet biztos\u00edt a k\u00fcl\u00f6nf\u00e9le termel\u00e9si k\u00f6vetelm\u00e9nyek eset\u00e9n.<\/p>\n<\/li>\n<\/ul>\n<p>&nbsp;<\/p>\n<h2>Specifik\u00e1ci\u00f3k<\/h2>\n<table style=\"border-collapse: collapse; width: 1377px; height: 129px;\" border=\"0\" width=\"509\" cellspacing=\"0\" cellpadding=\"0\">\n<tbody>\n<tr style=\"height: 15.00pt;\">\n<td class=\"et2\" style=\"height: 15pt; width: 90pt; text-align: center;\" width=\"120\" height=\"20\">Modell<\/td>\n<td class=\"et3\" style=\"width: 291.75pt; text-align: center;\" width=\"389\">YVC-180<\/td>\n<\/tr>\n<tr style=\"height: 15.00pt;\">\n<td class=\"et4\" style=\"height: 15pt; width: 90pt; text-align: center;\" width=\"120\" height=\"20\">Dimenzi\u00f3<\/td>\n<td class=\"et5\" style=\"width: 291.75pt; text-align: center;\" width=\"389\">1260 * 750 * 1060 mm<\/td>\n<\/tr>\n<tr style=\"height: 15.00pt;\">\n<td class=\"et4\" style=\"height: 15pt; width: 90pt; text-align: center;\" width=\"120\" height=\"20\">NY\u00c1K-m\u00e9ret<\/td>\n<td class=\"et5\" style=\"width: 291.75pt; text-align: center;\" width=\"389\">8-180 mm<\/td>\n<\/tr>\n<tr style=\"height: 15.00pt;\">\n<td class=\"et4\" style=\"height: 15pt; width: 90pt; text-align: center;\" width=\"120\" height=\"20\">T\u00e1pegys\u00e9g<\/td>\n<td class=\"et5\" style=\"width: 291.75pt; text-align: center;\" width=\"389\">1 f\u00e1zis\u00fa AC 220V 50\/60Hz (opci\u00f3: 110V - 230V)<\/td>\n<\/tr>\n<tr style=\"height: 15.00pt;\">\n<td class=\"et6\" style=\"height: 15pt; width: 90pt; text-align: center;\" width=\"120\" height=\"20\">S\u00falyok<\/td>\n<td class=\"et7\" style=\"width: 291.75pt; text-align: center;\" width=\"389\">160 kg<\/td>\n<\/tr>\n<\/tbody>\n<\/table>\n<p>&nbsp;<\/p>\n<p><a href=\"https:\/\/www.youtube.com\/@allaismt\" rel=\"nofollow noopener\" target=\"_blank\"><u>https:\/\/www.youtube.com\/@allaismt<\/u><\/a><\/p>\n<p>A t\u00f6bbcsoportos peng\u00e9j\u0171 NY\u00c1K V-v\u00e1g\u00f3g\u00e9ppel, az YVC-180-zal kapcsolatos tov\u00e1bbi inform\u00e1ci\u00f3k\u00e9rt k\u00e9rj\u00fck, k\u00fcldj\u00f6n e-mailt a k\u00f6vetkez\u0151 c\u00edmre:<\/p>\n<p><a href=\"mailto:sophia@allaismt.com\"><u>sophia@allaismt.com<\/u><\/a><\/p>\n<p>Megkeres\u00e9s\u00e9re halad\u00e9ktalanul v\u00e1laszolunk, \u00e9s r\u00e9szletes t\u00e1j\u00e9koztat\u00e1st ny\u00fajtunk term\u00e9keinkr\u0151l \u00e9s szolg\u00e1ltat\u00e1sainkr\u00f3l.<\/p>\n<p>&nbsp;<\/p>","protected":false},"excerpt":{"rendered":"<p>Le\u00edr\u00e1s\uff1aA <strong>T\u00f6bbcsoportos peng\u00e9j\u0171 NY\u00c1K V-v\u00e1g\u00f3g\u00e9p YVC-180<\/strong> egy nagy pontoss\u00e1g\u00fa NY\u00c1K V-v\u00e1g\u00f3g\u00e9p, amelyet hat\u00e9kony kiv\u00e1g\u00f3\u00e9lez\u00e9sre terveztek SMT \u00e9s elektronikai gy\u00e1rt\u00f3sorokon. T\u00f6bb pengecsoporttal felszerelve lehet\u0151v\u00e9 teszi a nagym\u00e9ret\u0171 NY\u00c1K-panelek egyidej\u0171 V-v\u00e1g\u00e1s\u00e1t, jelent\u0151sen jav\u00edtva a termel\u00e9si hat\u00e9konys\u00e1got. A l\u00e9pcs\u0151zetes v\u00e1g\u00f3mechanizmus sima \u00e9leket biztos\u00edt, cs\u00f6kkenti a panel deform\u00e1ci\u00f3j\u00e1t \u00e9s minimaliz\u00e1lja a selejtet. Az \u00e1ll\u00edthat\u00f3 v\u00e1g\u00e1si m\u00e9lys\u00e9g a k\u00fcl\u00f6nb\u00f6z\u0151 NY\u00c1K-vastags\u00e1gokhoz igazodik, \u00edgy alkalmas \u00fcvegsz\u00e1las, alum\u00ednium alap\u00fa \u00e9s egy\u00e9b t\u00edpus\u00fa panelekhez. Az YVC-180 ide\u00e1lis sorozatgy\u00e1rt\u00e1shoz, protot\u00edpus panelekhez, valamint LED- vagy elektronikus modul \u00f6sszeszerel\u00e9shez, megb\u00edzhat\u00f3, kiv\u00e1l\u00f3 min\u0151s\u00e9g\u0171 \u00e9s k\u00f6vetkezetes kiv\u00e1g\u00f3 teljes\u00edtm\u00e9nyt ny\u00fajt.<\/p>\n<p>Minim\u00e1lis rendel\u00e9si mennyis\u00e9g: 1 db<\/p>\n<p>\u00c1tfut\u00e1si id\u0151: 15 nap<\/p>","protected":false},"featured_media":22806,"comment_status":"closed","ping_status":"closed","template":"","meta":[],"etheme_brands":[],"product_brand":[],"product_cat":[193],"product_tag":[],"class_list":{"0":"post-22805","1":"product","2":"type-product","3":"status-publish","4":"has-post-thumbnail","6":"product_cat-pcb-depaneling-machine-2","8":"first","9":"instock","10":"shipping-taxable","11":"product-type-simple"},"_links":{"self":[{"href":"https:\/\/esmte.com\/hu\/wp-json\/wp\/v2\/product\/22805","targetHints":{"allow":["GET"]}}],"collection":[{"href":"https:\/\/esmte.com\/hu\/wp-json\/wp\/v2\/product"}],"about":[{"href":"https:\/\/esmte.com\/hu\/wp-json\/wp\/v2\/types\/product"}],"replies":[{"embeddable":true,"href":"https:\/\/esmte.com\/hu\/wp-json\/wp\/v2\/comments?post=22805"}],"version-history":[{"count":1,"href":"https:\/\/esmte.com\/hu\/wp-json\/wp\/v2\/product\/22805\/revisions"}],"predecessor-version":[{"id":22808,"href":"https:\/\/esmte.com\/hu\/wp-json\/wp\/v2\/product\/22805\/revisions\/22808"}],"wp:featuredmedia":[{"embeddable":true,"href":"https:\/\/esmte.com\/hu\/wp-json\/wp\/v2\/media\/22806"}],"wp:attachment":[{"href":"https:\/\/esmte.com\/hu\/wp-json\/wp\/v2\/media?parent=22805"}],"wp:term":[{"taxonomy":"brand","embeddable":true,"href":"https:\/\/esmte.com\/hu\/wp-json\/wp\/v2\/etheme_brands?post=22805"},{"taxonomy":"product_brand","embeddable":true,"href":"https:\/\/esmte.com\/hu\/wp-json\/wp\/v2\/product_brand?post=22805"},{"taxonomy":"product_cat","embeddable":true,"href":"https:\/\/esmte.com\/hu\/wp-json\/wp\/v2\/product_cat?post=22805"},{"taxonomy":"product_tag","embeddable":true,"href":"https:\/\/esmte.com\/hu\/wp-json\/wp\/v2\/product_tag?post=22805"}],"curies":[{"name":"munkaf\u00fczet","href":"https:\/\/api.w.org\/{rel}","templated":true}]}}