{"id":22713,"date":"2025-12-03T06:22:28","date_gmt":"2025-12-03T06:22:28","guid":{"rendered":"https:\/\/esmte.com\/?post_type=product&#038;p=22713"},"modified":"2026-01-13T03:51:27","modified_gmt":"2026-01-13T03:51:27","slug":"tray-cleaning-machine","status":"publish","type":"product","link":"https:\/\/esmte.com\/hu\/products\/tray-cleaning-machine\/","title":{"rendered":"SMT T\u00e1lca Takar\u00edt\u00f3 G\u00e9p YC-1000\uff082\uff09"},"content":{"rendered":"<h2>Bevezet\u00e9s<\/h2>\n<p data-start=\"58\" data-end=\"527\">A <strong>SMT<\/strong> <strong>T\u00e1lcatiszt\u00edt\u00f3 g\u00e9p<\/strong> \u00fagy lett kialak\u00edtva, hogy megfeleljen a modern SMT \u00e9s f\u00e9lvezet\u0151 k\u00f6rnyezet szigor\u00fa tisztas\u00e1gi k\u00f6vetelm\u00e9nyeinek, biztos\u00edtva, hogy minden t\u00e1lca szennyez\u0151d\u00e9smentes \u00e1llapotban ker\u00fclj\u00f6n vissza a gy\u00e1rt\u00e1sba. A robusztus mechanikai szerkezettel \u00e9s a prec\u00edzen be\u00e1ll\u00edtott tiszt\u00edt\u00f3modullal \u00e9p\u00edtett t\u00e1lcatiszt\u00edt\u00f3 g\u00e9p stabil teljes\u00edtm\u00e9nyt ny\u00fajt folyamatos \u00fczem mellett is. Automatiz\u00e1lt munkafolyamata jelent\u0151sen cs\u00f6kkenti a k\u00e9zi munk\u00e1t, ler\u00f6vid\u00edti az el\u0151k\u00e9sz\u00edt\u00e9si id\u0151t, \u00e9s jav\u00edtja az \u00e1ltal\u00e1nos gy\u00e1rt\u00f3sori hat\u00e9konys\u00e1got.<\/p>\n<p data-start=\"529\" data-end=\"931\">A rendszer lelke egy intelligens porelsz\u00edv\u00f3 mechanizmus, amely a puha \u00e9rintkez\u00e9s\u0171 kef\u00e9z\u00e9st, a szab\u00e1lyozott l\u00e9g\u00e1raml\u00e1st \u00e9s a finomszemcs\u00e9s elsz\u00edv\u00e1st \u00f6tv\u00f6zi a t\u00f6rmel\u00e9k elt\u00e1vol\u00edt\u00e1s\u00e1hoz a t\u00e1lc\u00e1k karcol\u00e1sa vagy deform\u00e1l\u00e1sa n\u00e9lk\u00fcl. <strong>SMT<\/strong> <strong>T\u00e1lcatiszt\u00edt\u00f3 g\u00e9p<\/strong> sz\u00e9les t\u00e1lcam\u00e9ret-v\u00e1laszt\u00e9kot is t\u00e1mogat, \u00edgy kompatibilis a k\u00fcl\u00f6nf\u00e9le anyagokkal \u00e9s alkalmaz\u00e1sokkal az elektronikai \u00f6sszeszerel\u00e9s, az alkatr\u00e9szcsomagol\u00e1s \u00e9s a tisztat\u00e9ri kezel\u00e9s ter\u00fclet\u00e9n.<\/p>\n<p data-start=\"933\" data-end=\"1306\" data-is-last-node=\"\" data-is-only-node=\"\">A k\u00e9nyelmes karbantart\u00e1st szem el\u0151tt tartva tervezt\u00e9k, a <strong>SMT<\/strong> <strong>T\u00e1lcatiszt\u00edt\u00f3 g\u00e9p<\/strong> Szersz\u00e1m n\u00e9lk\u00fcli hozz\u00e1f\u00e9r\u00e9st \u00e9s hossz\u00fa \u00e9lettartam\u00fa fogy\u00f3eszk\u00f6z\u00f6ket k\u00edn\u00e1l, amelyek seg\u00edtenek a felhaszn\u00e1l\u00f3knak minimaliz\u00e1lni az \u00e1ll\u00e1sid\u0151t. Az \u00e1lland\u00f3 tiszt\u00edt\u00e1si min\u0151s\u00e9gre, a megb\u00edzhat\u00f3s\u00e1gra \u00e9s az egyszer\u0171 kezelhet\u0151s\u00e9gre \u00f6sszpontos\u00edt\u00f3 t\u00e1lcatiszt\u00edt\u00f3 g\u00e9p praktikus megold\u00e1st k\u00edn\u00e1l azoknak a gy\u00e1rt\u00f3knak, akik jav\u00edtani szeretn\u00e9k a term\u00e9khozamot \u00e9s tiszt\u00e1bb termel\u00e9si folyamatokat szeretn\u00e9nek fenntartani.<\/p>\n<p data-start=\"933\" data-end=\"1306\" data-is-last-node=\"\" data-is-only-node=\"\"><img loading=\"lazy\" decoding=\"async\" class=\"aligncenter wp-image-22714\" src=\"https:\/\/esmte.com\/wp-content\/uploads\/2025\/12\/11.png\" alt=\"SMT Tray Cleaning Machine\" width=\"645\" height=\"645\" srcset=\"https:\/\/esmte.com\/wp-content\/uploads\/2025\/12\/11.png 2560w, https:\/\/esmte.com\/wp-content\/uploads\/2025\/12\/11-100x100.png 100w, https:\/\/esmte.com\/wp-content\/uploads\/2025\/12\/11-600x600.png 600w, https:\/\/esmte.com\/wp-content\/uploads\/2025\/12\/11-300x300.png 300w, https:\/\/esmte.com\/wp-content\/uploads\/2025\/12\/11-1024x1024.png 1024w, https:\/\/esmte.com\/wp-content\/uploads\/2025\/12\/11-150x150.png 150w, https:\/\/esmte.com\/wp-content\/uploads\/2025\/12\/11-768x768.png 768w, https:\/\/esmte.com\/wp-content\/uploads\/2025\/12\/11-1536x1536.png 1536w, https:\/\/esmte.com\/wp-content\/uploads\/2025\/12\/11-2048x2048.png 2048w, https:\/\/esmte.com\/wp-content\/uploads\/2025\/12\/11-1x1.png 1w, https:\/\/esmte.com\/wp-content\/uploads\/2025\/12\/11-10x10.png 10w\" sizes=\"auto, (max-width: 645px) 100vw, 645px\" \/><\/p>\n<h3>F\u0151bb jellemz\u0151k<\/h3>\n<ul>\n<li data-start=\"46\" data-end=\"327\">\n<p data-start=\"49\" data-end=\"327\"><strong data-start=\"49\" data-end=\"79\">Prec\u00edzi\u00f3s r\u00e9szecske elt\u00e1vol\u00edt\u00e1s<\/strong><br data-start=\"79\" data-end=\"82\" \/>A g\u00e9p szab\u00e1lyozott l\u00e9g\u00e1raml\u00e1st, puha \u00e9rintkez\u00e9s\u0171 kef\u00e9z\u00e9st \u00e9s c\u00e9lzott sz\u00edv\u00e1st integr\u00e1l a finom por, rostok \u00e9s mikrot\u00f6rmel\u00e9k elt\u00e1vol\u00edt\u00e1s\u00e1hoz a t\u00e1lca fel\u00fclet\u00e9nek k\u00e1ros\u00edt\u00e1sa n\u00e9lk\u00fcl, biztos\u00edtva a stabil tisztas\u00e1got az \u00e9rz\u00e9keny SMT \u00e9s f\u00e9lvezet\u0151 alkalmaz\u00e1sokhoz.<\/p>\n<\/li>\n<li data-start=\"329\" data-end=\"570\">\n<p data-start=\"332\" data-end=\"570\"><strong data-start=\"332\" data-end=\"359\">Sz\u00e9les t\u00e1lc\u00e1s kompatibilit\u00e1s<\/strong><br data-start=\"359\" data-end=\"362\" \/>K\u00fcl\u00f6nb\u00f6z\u0151 t\u00e1lcam\u00e9retek \u00e9s anyagok kezel\u00e9s\u00e9re tervezt\u00e9k, t\u00e1mogatja a modellek k\u00f6z\u00f6tti gyors v\u00e1lt\u00e1st, lehet\u0151v\u00e9 t\u00e9ve a rugalmas haszn\u00e1latot vegyes termel\u00e9si k\u00f6rnyezetekben, \u00e9s cs\u00f6kkentve az \u00e1ll\u00e1sid\u0151t a nagy volumen\u0171 gy\u00e1rakban.<\/p>\n<\/li>\n<li data-start=\"572\" data-end=\"831\">\n<p data-start=\"575\" data-end=\"831\"><strong data-start=\"575\" data-end=\"610\">Egyenletes tiszt\u00edt\u00e1si teljes\u00edtm\u00e9ny<\/strong><br data-start=\"610\" data-end=\"613\" \/>Merev szerkezettel \u00e9s optimaliz\u00e1lt tiszt\u00edt\u00e1si \u00fatvonallal felszerelve, egyenletes er\u0151t \u00e9s megism\u00e9telhet\u0151 tiszt\u00edt\u00e1si min\u0151s\u00e9get biztos\u00edt, seg\u00edtve a gy\u00e1rt\u00f3kat a szennyez\u0151d\u00e9s megb\u00edzhat\u00f3 szab\u00e1lyoz\u00e1s\u00e1ban a teljes folyamat sor\u00e1n.<\/p>\n<\/li>\n<li data-start=\"833\" data-end=\"1081\">\n<p data-start=\"836\" data-end=\"1081\"><strong data-start=\"836\" data-end=\"869\">Automatiz\u00e1lt munkafolyamatok hat\u00e9konys\u00e1ga<\/strong><br data-start=\"869\" data-end=\"872\" \/>A teljesen automatikus adagol\u00e1s, tiszt\u00edt\u00e1s \u00e9s kimeneti sorrend minimaliz\u00e1lja a k\u00e9zi beavatkoz\u00e1st. Ez n\u00f6veli a gy\u00e1rt\u00f3sori \u00e1tereszt\u0151k\u00e9pess\u00e9get, cs\u00f6kkenti a munkaer\u0151ig\u00e9nyt, \u00e9s folyamatos \u00fczemben biztos\u00edtja a z\u00f6kken\u0151mentes termel\u00e9st.<\/p>\n<\/li>\n<li data-start=\"1083\" data-end=\"1318\">\n<p data-start=\"1086\" data-end=\"1318\"><strong data-start=\"1086\" data-end=\"1112\">Alacsony karbantart\u00e1si ig\u00e9ny\u0171 kialak\u00edt\u00e1s<\/strong><br data-start=\"1112\" data-end=\"1115\" \/>Tart\u00f3s alkatr\u00e9szekkel, k\u00f6nnyen hozz\u00e1f\u00e9rhet\u0151 panelekkel \u00e9s hossz\u00fa \u00e9lettartam\u00fa fogy\u00f3eszk\u00f6z\u00f6kkel a g\u00e9p leegyszer\u0171s\u00edti a rendszeres szervizel\u00e9st. A kezel\u0151k minim\u00e1lis megszak\u00edt\u00e1ssal v\u00e9gezhetnek gyors ellen\u0151rz\u00e9seket \u00e9s cser\u00e9ket.<\/p>\n<\/li>\n<li data-start=\"1320\" data-end=\"1562\" data-is-last-node=\"\">\n<p data-start=\"1323\" data-end=\"1562\" data-is-last-node=\"\"><strong data-start=\"1323\" data-end=\"1355\">Tisztat\u00e9r-bar\u00e1t m\u0171k\u00f6d\u00e9s<\/strong><br data-start=\"1355\" data-end=\"1358\" \/>A z\u00e1rt tiszt\u00edt\u00f3z\u00f3na \u00e9s a hat\u00e9kony porelsz\u00edv\u00f3 rendszer cs\u00f6kkenti a leveg\u0151ben sz\u00e1ll\u00f3 r\u00e9szecsk\u00e9k mennyis\u00e9g\u00e9t, tiszt\u00e1bb munkak\u00f6rnyezetet biztos\u00edtva \u00e9s jav\u00edtva a prec\u00edzi\u00f3s gy\u00e1rt\u00f3sorok \u00f6sszterm\u00e9k-hozam\u00e1t.<\/p>\n<\/li>\n<\/ul>\n<p>&nbsp;<\/p>\n<p><img loading=\"lazy\" decoding=\"async\" class=\"alignnone wp-image-23003\" src=\"https:\/\/esmte.com\/wp-content\/uploads\/2025\/12\/Tray1.webp\" alt=\"\" width=\"310\" height=\"310\" srcset=\"https:\/\/esmte.com\/wp-content\/uploads\/2025\/12\/Tray1.webp 1560w, https:\/\/esmte.com\/wp-content\/uploads\/2025\/12\/Tray1-100x100.webp 100w, https:\/\/esmte.com\/wp-content\/uploads\/2025\/12\/Tray1-600x600.webp 600w, https:\/\/esmte.com\/wp-content\/uploads\/2025\/12\/Tray1-300x300.webp 300w, https:\/\/esmte.com\/wp-content\/uploads\/2025\/12\/Tray1-1024x1024.webp 1024w, https:\/\/esmte.com\/wp-content\/uploads\/2025\/12\/Tray1-150x150.webp 150w, https:\/\/esmte.com\/wp-content\/uploads\/2025\/12\/Tray1-768x768.webp 768w, https:\/\/esmte.com\/wp-content\/uploads\/2025\/12\/Tray1-1536x1536.webp 1536w, https:\/\/esmte.com\/wp-content\/uploads\/2025\/12\/Tray1-1x1.webp 1w, https:\/\/esmte.com\/wp-content\/uploads\/2025\/12\/Tray1-10x10.webp 10w\" sizes=\"auto, (max-width: 310px) 100vw, 310px\" \/><img loading=\"lazy\" decoding=\"async\" class=\"alignnone wp-image-23005\" src=\"https:\/\/esmte.com\/wp-content\/uploads\/2025\/12\/Tray3.webp\" alt=\"\" width=\"294\" height=\"294\" srcset=\"https:\/\/esmte.com\/wp-content\/uploads\/2025\/12\/Tray3.webp 1560w, https:\/\/esmte.com\/wp-content\/uploads\/2025\/12\/Tray3-100x100.webp 100w, https:\/\/esmte.com\/wp-content\/uploads\/2025\/12\/Tray3-600x600.webp 600w, https:\/\/esmte.com\/wp-content\/uploads\/2025\/12\/Tray3-300x300.webp 300w, https:\/\/esmte.com\/wp-content\/uploads\/2025\/12\/Tray3-1024x1024.webp 1024w, https:\/\/esmte.com\/wp-content\/uploads\/2025\/12\/Tray3-150x150.webp 150w, https:\/\/esmte.com\/wp-content\/uploads\/2025\/12\/Tray3-768x768.webp 768w, https:\/\/esmte.com\/wp-content\/uploads\/2025\/12\/Tray3-1536x1536.webp 1536w, https:\/\/esmte.com\/wp-content\/uploads\/2025\/12\/Tray3-1x1.webp 1w, https:\/\/esmte.com\/wp-content\/uploads\/2025\/12\/Tray3-10x10.webp 10w\" sizes=\"auto, (max-width: 294px) 100vw, 294px\" \/><img loading=\"lazy\" decoding=\"async\" class=\"alignnone wp-image-23004\" src=\"https:\/\/esmte.com\/wp-content\/uploads\/2025\/12\/Tray2.webp\" alt=\"\" width=\"298\" height=\"298\" srcset=\"https:\/\/esmte.com\/wp-content\/uploads\/2025\/12\/Tray2.webp 1560w, https:\/\/esmte.com\/wp-content\/uploads\/2025\/12\/Tray2-100x100.webp 100w, https:\/\/esmte.com\/wp-content\/uploads\/2025\/12\/Tray2-600x600.webp 600w, https:\/\/esmte.com\/wp-content\/uploads\/2025\/12\/Tray2-300x300.webp 300w, https:\/\/esmte.com\/wp-content\/uploads\/2025\/12\/Tray2-1024x1024.webp 1024w, https:\/\/esmte.com\/wp-content\/uploads\/2025\/12\/Tray2-150x150.webp 150w, https:\/\/esmte.com\/wp-content\/uploads\/2025\/12\/Tray2-768x768.webp 768w, https:\/\/esmte.com\/wp-content\/uploads\/2025\/12\/Tray2-1536x1536.webp 1536w, https:\/\/esmte.com\/wp-content\/uploads\/2025\/12\/Tray2-1x1.webp 1w, https:\/\/esmte.com\/wp-content\/uploads\/2025\/12\/Tray2-10x10.webp 10w\" sizes=\"auto, (max-width: 298px) 100vw, 298px\" \/><\/p>\n<p>&nbsp;<\/p>\n<h2>Specifik\u00e1ci\u00f3k<\/h2>\n<table style=\"border-collapse: collapse; width: 923px; height: 425px;\" border=\"0\" width=\"469\" cellspacing=\"0\" cellpadding=\"0\">\n<tbody>\n<tr style=\"height: 15.00pt;\">\n<td class=\"et2\" style=\"height: 15pt; width: 132.75pt; text-align: center;\" width=\"177\" height=\"20\">T\u00e9tel<\/td>\n<td class=\"et3\" style=\"width: 219pt; text-align: center;\" width=\"292\">YC-1000<\/td>\n<\/tr>\n<tr style=\"height: 20.00pt;\">\n<td class=\"et4\" style=\"height: 20pt; width: 132.75pt; text-align: center;\" width=\"177\" height=\"26\">Takar\u00edt\u00f3kos\u00e1r m\u00e9rete<\/td>\n<td class=\"et5\" style=\"width: 219pt; text-align: center;\" width=\"292\">\u03a61000mm x 200mm magass\u00e1g. Egyedi m\u00e9ret opci\u00f3.<\/td>\n<\/tr>\n<tr style=\"height: 15.00pt;\">\n<td class=\"et4\" style=\"height: 15pt; width: 132.75pt; text-align: center;\" width=\"177\" height=\"20\">Permetez\u0151egys\u00e9g<\/td>\n<td class=\"et5\" style=\"width: 219pt; text-align: center;\" width=\"292\">\u03a61000mm x 200mm magass\u00e1g. Egyedi m\u00e9ret opci\u00f3.<\/td>\n<\/tr>\n<tr style=\"height: 20.00pt;\">\n<td class=\"et4\" style=\"height: 20pt; width: 132.75pt; text-align: center;\" width=\"177\" height=\"26\">Permetez\u0151egys\u00e9g<\/td>\n<td class=\"et5\" style=\"width: 219pt; text-align: center;\" width=\"292\">Fels\u0151\/als\u00f3\/el\u00fcls\u0151 oldal, 720\u00b0-os k\u00f6rk\u00f6r\u00f6s permetez\u00e9s<\/td>\n<\/tr>\n<tr style=\"height: 15.00pt;\">\n<td class=\"et4\" style=\"height: 15pt; width: 132.75pt; text-align: center;\" width=\"177\" height=\"20\">3-szint\u0171 sz\u0171r\u0151rendszer<\/td>\n<td class=\"et5\" style=\"width: 219pt; text-align: center;\" width=\"292\">1 mm-es \/ 50 \u03bcm-es \/ 20 \u03bcm-es sz\u0171r\u0151k<\/td>\n<\/tr>\n<tr style=\"height: 15.00pt;\">\n<td class=\"et4\" style=\"height: 15pt; width: 132.75pt; text-align: center;\" width=\"177\" height=\"20\">S\u0171r\u00edtett leveg\u0151 nyom\u00e1sa<\/td>\n<td class=\"et5\" style=\"width: 219pt; text-align: center;\" width=\"292\">0,5~0,7 MPa<\/td>\n<\/tr>\n<tr style=\"height: 15.00pt;\">\n<td class=\"et4\" style=\"height: 15pt; width: 132.75pt; text-align: center;\" width=\"177\" height=\"20\">Tiszta tart\u00e1ly kapacit\u00e1sa<\/td>\n<td class=\"et5\" style=\"width: 219pt; text-align: center;\" width=\"292\">80 literes<\/td>\n<\/tr>\n<tr style=\"height: 15.00pt;\">\n<td class=\"et4\" style=\"height: 15pt; width: 132.75pt; text-align: center;\" width=\"177\" height=\"20\">\u00d6bl\u00edt\u0151v\u00edz h\u0151m\u00e9rs\u00e9klete<\/td>\n<td class=\"et5\" style=\"width: 219pt; text-align: center;\" width=\"292\"><span class=\"font1\">Szobah\u0151m\u00e9rs\u00e9klet ~ 80<\/span><span class=\"font0\">\u2103<\/span><\/td>\n<\/tr>\n<tr style=\"height: 15.00pt;\">\n<td class=\"et4\" style=\"height: 15pt; width: 132.75pt; text-align: center;\" width=\"177\" height=\"20\">Meleg leveg\u0151 h\u0151m\u00e9rs\u00e9klete<\/td>\n<td class=\"et5\" style=\"width: 219pt; text-align: center;\" width=\"292\"><span class=\"font1\">Szobah\u0151m\u00e9rs\u00e9klet ~90<\/span><span class=\"font0\">\u2103<\/span><\/td>\n<\/tr>\n<tr style=\"height: 15.00pt;\">\n<td class=\"et4\" style=\"height: 15pt; width: 132.75pt; text-align: center;\" width=\"177\" height=\"20\">Tiszta szivatty\u00fateljes\u00edtm\u00e9ny<\/td>\n<td class=\"et5\" style=\"width: 219pt; text-align: center;\" width=\"292\">2,2 kW<\/td>\n<\/tr>\n<tr style=\"height: 15.00pt;\">\n<td class=\"et4\" style=\"height: 15pt; width: 132.75pt; text-align: center;\" width=\"177\" height=\"20\">Tiszta mos\u00f3szer-er\u0151<\/td>\n<td class=\"et5\" style=\"width: 219pt; text-align: center;\" width=\"292\">9 kW<\/td>\n<\/tr>\n<tr style=\"height: 15.00pt;\">\n<td class=\"et4\" style=\"height: 15pt; width: 132.75pt; text-align: center;\" width=\"177\" height=\"20\">L\u00e9gf\u00fav\u00f3 teljes\u00edtm\u00e9nye<\/td>\n<td class=\"et5\" style=\"width: 219pt; text-align: center;\" width=\"292\">4,0 kW<\/td>\n<\/tr>\n<tr style=\"height: 15.00pt;\">\n<td class=\"et4\" style=\"height: 15pt; width: 132.75pt; text-align: center;\" width=\"177\" height=\"20\">T\u00e1pegys\u00e9g<\/td>\n<td class=\"et5\" style=\"width: 219pt; text-align: center;\" width=\"292\">3 P, AC 380V, 50\/60Hz, 33KW<\/td>\n<\/tr>\n<tr style=\"height: 15.00pt;\">\n<td class=\"et6\" style=\"height: 15pt; width: 132.75pt; text-align: center;\" width=\"177\" height=\"20\">G\u00e9p m\u00e9rete<\/td>\n<td class=\"et7\" style=\"width: 219pt; text-align: center;\" width=\"292\">H1380 \u00d7 Sz2100 \u00d7 M1400 (mm)<\/td>\n<\/tr>\n<\/tbody>\n<\/table>\n<p>&nbsp;<\/p>\n<p><a href=\"https:\/\/www.youtube.com\/@allaismt\" rel=\"nofollow noopener\" target=\"_blank\"><u>https:\/\/www.youtube.com\/@allaismt<\/u><\/a><\/p>\n<p>For more information about the <strong>SMT T\u00e1lca Takar\u00edt\u00f3 G\u00e9p YC-1000\uff082\uff09<\/strong>, k\u00e9rj\u00fck, k\u00fcldj\u00f6n egy e-mailt a k\u00f6vetkez\u0151 c\u00edmre:<\/p>\n<p><a href=\"mailto:sophia@allaismt.com\"><u>sophia@allaismt.com<\/u><\/a><\/p>\n<p>Megkeres\u00e9s\u00e9re halad\u00e9ktalanul v\u00e1laszolunk, \u00e9s r\u00e9szletes t\u00e1j\u00e9koztat\u00e1st ny\u00fajtunk term\u00e9keinkr\u0151l \u00e9s szolg\u00e1ltat\u00e1sainkr\u00f3l.<\/p>","protected":false},"excerpt":{"rendered":"<p>Le\u00edr\u00e1s\uff1aA <strong>SMT<\/strong> <strong>T\u00e1lcatiszt\u00edt\u00f3 g\u00e9p<\/strong> \u00fagy tervezt\u00e9k, hogy gyors, k\u00f6vetkezetes \u00e9s nagy pontoss\u00e1g\u00fa tiszt\u00edt\u00e1si teljes\u00edtm\u00e9nyt ny\u00fajtson SMT, f\u00e9lvezet\u0151 \u00e9s elektronikai \u00f6sszeszerel\u0151 t\u00e1lc\u00e1k sz\u00e1m\u00e1ra. Az automatiz\u00e1lt kefe, a l\u00e9g\u00e1raml\u00e1s \u00e9s a r\u00e9szecske-elsz\u00edv\u00e1s technol\u00f3gi\u00e1j\u00e1nak k\u00f6sz\u00f6nhet\u0151en hat\u00e9konyan elt\u00e1vol\u00edtja a port, a rostokat \u00e9s a maradv\u00e1nyokat an\u00e9lk\u00fcl, hogy fel\u00fcleti k\u00e1rosod\u00e1st okozna. Stabil szerkezete, k\u00f6nnyen karbantarthat\u00f3 kialak\u00edt\u00e1sa \u00e9s a t\u00f6bb t\u00e1lcam\u00e9ret t\u00e1mogat\u00e1sa ide\u00e1liss\u00e1 teszi nagy volumen\u0171 gy\u00e1rt\u00e1shoz. Ez a g\u00e9p seg\u00edt a gy\u00e1rt\u00f3knak a t\u00e1lc\u00e1k tisztas\u00e1g\u00e1nak fenntart\u00e1s\u00e1ban, a szennyez\u0151d\u00e9s kock\u00e1zat\u00e1nak cs\u00f6kkent\u00e9s\u00e9ben \u00e9s a stabil term\u00e9kmin\u0151s\u00e9g biztos\u00edt\u00e1s\u00e1ban a teljes folyamat sor\u00e1n.<\/p>\n<p>Minim\u00e1lis rendel\u00e9si mennyis\u00e9g: 1 db<\/p>\n<p>\u00c1tfut\u00e1si id\u0151: 15 nap<\/p>","protected":false},"featured_media":22717,"comment_status":"closed","ping_status":"closed","template":"","meta":[],"etheme_brands":[],"product_brand":[],"product_cat":[156,195],"product_tag":[],"class_list":{"0":"post-22713","1":"product","2":"type-product","3":"status-publish","4":"has-post-thumbnail","6":"product_cat-pcb-cleaning-machine","7":"product_cat-tray-cleaning-machine-pcb-cleaning-machine","9":"first","10":"instock","11":"shipping-taxable","12":"product-type-simple"},"_links":{"self":[{"href":"https:\/\/esmte.com\/hu\/wp-json\/wp\/v2\/product\/22713","targetHints":{"allow":["GET"]}}],"collection":[{"href":"https:\/\/esmte.com\/hu\/wp-json\/wp\/v2\/product"}],"about":[{"href":"https:\/\/esmte.com\/hu\/wp-json\/wp\/v2\/types\/product"}],"replies":[{"embeddable":true,"href":"https:\/\/esmte.com\/hu\/wp-json\/wp\/v2\/comments?post=22713"}],"version-history":[{"count":1,"href":"https:\/\/esmte.com\/hu\/wp-json\/wp\/v2\/product\/22713\/revisions"}],"predecessor-version":[{"id":23750,"href":"https:\/\/esmte.com\/hu\/wp-json\/wp\/v2\/product\/22713\/revisions\/23750"}],"wp:featuredmedia":[{"embeddable":true,"href":"https:\/\/esmte.com\/hu\/wp-json\/wp\/v2\/media\/22717"}],"wp:attachment":[{"href":"https:\/\/esmte.com\/hu\/wp-json\/wp\/v2\/media?parent=22713"}],"wp:term":[{"taxonomy":"brand","embeddable":true,"href":"https:\/\/esmte.com\/hu\/wp-json\/wp\/v2\/etheme_brands?post=22713"},{"taxonomy":"product_brand","embeddable":true,"href":"https:\/\/esmte.com\/hu\/wp-json\/wp\/v2\/product_brand?post=22713"},{"taxonomy":"product_cat","embeddable":true,"href":"https:\/\/esmte.com\/hu\/wp-json\/wp\/v2\/product_cat?post=22713"},{"taxonomy":"product_tag","embeddable":true,"href":"https:\/\/esmte.com\/hu\/wp-json\/wp\/v2\/product_tag?post=22713"}],"curies":[{"name":"munkaf\u00fczet","href":"https:\/\/api.w.org\/{rel}","templated":true}]}}