{"id":22707,"date":"2025-12-02T10:23:45","date_gmt":"2025-12-02T10:23:45","guid":{"rendered":"https:\/\/esmte.com\/?post_type=product&#038;p=22707"},"modified":"2025-12-02T10:23:45","modified_gmt":"2025-12-02T10:23:45","slug":"smt-ultrasonic-cleaning-machine-yuc-100","status":"publish","type":"product","link":"https:\/\/esmte.com\/hu\/products\/smt-ultrasonic-cleaning-machine-yuc-100\/","title":{"rendered":"\u2013 Az intuit\u00edv fel\u00fclet \u00e9s a k\u00f6nnyen hozz\u00e1f\u00e9rhet\u0151 tiszt\u00edt\u00f3 kamr\u00e1k minimaliz\u00e1lj\u00e1k a k\u00e9zi kezel\u00e9st, jav\u00edtj\u00e1k az oper\u00e1torok biztons\u00e1g\u00e1t \u00e9s leegyszer\u0171s\u00edtik a napi m\u0171veleteket."},"content":{"rendered":"<h2>Bevezet\u00e9s<\/h2>\n<p data-start=\"195\" data-end=\"528\">A <strong>\u2013 Az intuit\u00edv fel\u00fclet \u00e9s a k\u00f6nnyen hozz\u00e1f\u00e9rhet\u0151 tiszt\u00edt\u00f3 kamr\u00e1k minimaliz\u00e1lj\u00e1k a k\u00e9zi kezel\u00e9st, jav\u00edtj\u00e1k az oper\u00e1torok biztons\u00e1g\u00e1t \u00e9s leegyszer\u0171s\u00edtik a napi m\u0171veleteket.<\/strong> delivers high-performance cleaning for PCB stencils, nozzles, and other SMT tools. Utilizing advanced ultrasonic technology, it effectively removes solder paste, flux, and contaminants while protecting delicate components, ensuring consistent PCB assembly quality and minimizing defects.<\/p>\n<p data-start=\"530\" data-end=\"871\">Engineered for high-volume electronics manufacturing, the <strong>\u2013 Az intuit\u00edv fel\u00fclet \u00e9s a k\u00f6nnyen hozz\u00e1f\u00e9rhet\u0151 tiszt\u00edt\u00f3 kamr\u00e1k minimaliz\u00e1lj\u00e1k a k\u00e9zi kezel\u00e9st, jav\u00edtj\u00e1k az oper\u00e1torok biztons\u00e1g\u00e1t \u00e9s leegyszer\u0171s\u00edtik a napi m\u0171veleteket.<\/strong> features fully automated cleaning cycles that save time, reduce manual labor, and maintain continuous production flow. Its compact yet robust design allows seamless integration into existing SMT lines, providing long-term reliability even in demanding factory environments.<\/p>\n<p data-start=\"873\" data-end=\"1194\">Supporting a wide range of stencil and tool sizes, the machine ensures uniform cleaning, enhances soldering accuracy, reduces rework, and optimizes overall SMT workflow. With precise, repeatable cleaning performance, the YUC-100 helps manufacturers maintain high-quality standards while improving production efficiency.<\/p>\n<p data-start=\"1196\" data-end=\"1429\">Befektet\u00e9s a <strong>YUC-100 SMT Ultrasonic Cleaning Machine<\/strong> provides electronics manufacturers with a professional, efficient, and reliable solution for tool maintenance, maximizing PCB production quality and operational productivity.<\/p>\n<p data-start=\"1196\" data-end=\"1429\">\n<p><img loading=\"lazy\" decoding=\"async\" class=\"alignnone wp-image-22692  aligncenter\" src=\"https:\/\/esmte.com\/wp-content\/uploads\/2025\/12\/11-16.webp\" alt=\"SMT Ultrasonic Cleaning Machine\" width=\"609\" height=\"609\" srcset=\"https:\/\/esmte.com\/wp-content\/uploads\/2025\/12\/11-16.webp 2560w, https:\/\/esmte.com\/wp-content\/uploads\/2025\/12\/11-16-100x100.webp 100w, https:\/\/esmte.com\/wp-content\/uploads\/2025\/12\/11-16-600x600.webp 600w, https:\/\/esmte.com\/wp-content\/uploads\/2025\/12\/11-16-300x300.webp 300w, https:\/\/esmte.com\/wp-content\/uploads\/2025\/12\/11-16-1024x1024.webp 1024w, https:\/\/esmte.com\/wp-content\/uploads\/2025\/12\/11-16-150x150.webp 150w, https:\/\/esmte.com\/wp-content\/uploads\/2025\/12\/11-16-768x768.webp 768w, https:\/\/esmte.com\/wp-content\/uploads\/2025\/12\/11-16-1536x1536.webp 1536w, https:\/\/esmte.com\/wp-content\/uploads\/2025\/12\/11-16-2048x2048.webp 2048w, https:\/\/esmte.com\/wp-content\/uploads\/2025\/12\/11-16-1x1.webp 1w, https:\/\/esmte.com\/wp-content\/uploads\/2025\/12\/11-16-10x10.webp 10w\" sizes=\"auto, (max-width: 609px) 100vw, 609px\" \/><\/p>\n<p>&nbsp;<\/p>\n<h3>F\u0151bb jellemz\u0151k<\/h3>\n<ul>\n<li data-start=\"122\" data-end=\"285\">\n<p data-start=\"125\" data-end=\"285\"><strong data-start=\"125\" data-end=\"164\">Optimized for High-Volume SMT Lines<\/strong> \u2013 Supports continuous operation for PCB assembly plants, maintaining production efficiency even under heavy workloads.<\/p>\n<\/li>\n<li data-start=\"287\" data-end=\"490\">\n<p data-start=\"290\" data-end=\"490\"><strong data-start=\"290\" data-end=\"336\">Precision Cleaning for Critical Components<\/strong> \u2013 Effectively removes solder paste, flux, and residues from stencils, nozzles, and SMT tools, ensuring high-quality soldering and reducing PCB defects.<\/p>\n<\/li>\n<li data-start=\"492\" data-end=\"637\">\n<p data-start=\"495\" data-end=\"637\"><strong data-start=\"495\" data-end=\"527\">Time-Saving Automated Cycles<\/strong> \u2013 Fully automated cleaning reduces manual labor, minimizes downtime, and accelerates production turnaround.<\/p>\n<\/li>\n<li data-start=\"639\" data-end=\"804\">\n<p data-start=\"642\" data-end=\"804\"><strong data-start=\"642\" data-end=\"674\">Versatile Tool Compatibility<\/strong> \u2013 Capable of handling multiple stencil sizes and SMT tools, providing flexible solutions across diverse PCB assembly scenarios.<\/p>\n<\/li>\n<li data-start=\"806\" data-end=\"973\">\n<p data-start=\"809\" data-end=\"973\"><strong data-start=\"809\" data-end=\"846\">Improves Yield and Reduces Rework<\/strong> \u2013 Maintains optimal tool cleanliness, enhancing solder paste application accuracy and lowering the risk of defective boards.<\/p>\n<\/li>\n<li data-start=\"975\" data-end=\"1154\">\n<p data-start=\"978\" data-end=\"1154\"><strong data-start=\"978\" data-end=\"1014\">Safe and User-Friendly Operation<\/strong> \u2013 Intuitive interface and easy-access cleaning chambers minimize manual handling, improve operator safety, and simplify daily operations.<\/p>\n<\/li>\n<\/ul>\n<p>&nbsp;<\/p>\n<h2 style=\"text-align: left;\">Specifik\u00e1ci\u00f3k<\/h2>\n<table style=\"border-collapse: collapse; width: 1374px; height: 238px;\" border=\"0\" width=\"760\" cellspacing=\"0\" cellpadding=\"0\">\n<tbody>\n<tr style=\"height: 14.25pt;\">\n<td class=\"et2\" style=\"height: 14.25pt; width: 117.75pt; text-align: center;\" width=\"157\" height=\"19\">Modell<\/td>\n<td class=\"et2\" style=\"width: 92.25pt; text-align: center;\" width=\"123\">YUC-20<\/td>\n<td class=\"et2\" style=\"width: 89.25pt; text-align: center;\" width=\"119\">YUC-40<\/td>\n<td class=\"et2\" style=\"width: 93.75pt; text-align: center;\" width=\"125\">YUC-60<\/td>\n<td class=\"et2\" style=\"width: 88.5pt; text-align: center;\" width=\"118\">YUC-80<\/td>\n<td class=\"et2\" style=\"width: 88.5pt; text-align: center;\" width=\"118\">YUC-100<\/td>\n<\/tr>\n<tr style=\"height: 14.25pt;\">\n<td class=\"et2\" style=\"height: 14.25pt; text-align: center;\" height=\"19\">Kos\u00e1r m\u00e9rete (mm)<\/td>\n<td class=\"et2\" style=\"text-align: center;\">240 * 135 * 150 mm<\/td>\n<td class=\"et2\" style=\"text-align: center;\">300 * 240 * 150 mm<\/td>\n<td class=\"et2\" style=\"text-align: center;\">330 * 330 * 200 mm<\/td>\n<td class=\"et2\" style=\"text-align: center;\">500 * 300 * 200 mm<\/td>\n<td class=\"et2\" style=\"text-align: center;\">500*300*300 mm<\/td>\n<\/tr>\n<tr style=\"height: 14.25pt;\">\n<td class=\"et4\" style=\"height: 14.25pt; width: 117.75pt; text-align: center;\" width=\"157\" height=\"19\">Tart\u00e1lykapacit\u00e1s<\/td>\n<td class=\"et2\" style=\"text-align: center;\">4,8 literes<\/td>\n<td class=\"et2\" style=\"text-align: center;\">10 liter<\/td>\n<td class=\"et2\" style=\"text-align: center;\">20 literes<\/td>\n<td class=\"et2\" style=\"text-align: center;\">30 liter<\/td>\n<td class=\"et2\" style=\"text-align: center;\">45 liter<\/td>\n<\/tr>\n<tr style=\"height: 14.25pt;\">\n<td class=\"et2\" style=\"height: 14.25pt; text-align: center;\" height=\"19\">Frekvencia<\/td>\n<td class=\"et2\" style=\"text-align: center;\">4000 OHz<\/td>\n<td class=\"et2\" style=\"text-align: center;\">4000 OHz<\/td>\n<td class=\"et2\" style=\"text-align: center;\">4000 OHz<\/td>\n<td class=\"et2\" style=\"text-align: center;\">4000 OHz<\/td>\n<td class=\"et2\" style=\"text-align: center;\">4000 OHz<\/td>\n<\/tr>\n<tr style=\"height: 14.25pt;\">\n<td class=\"et2\" style=\"height: 14.25pt; text-align: center;\" height=\"19\">Id\u0151<\/td>\n<td class=\"et2\" style=\"text-align: center;\">1-30 perc<\/td>\n<td class=\"et2\" style=\"text-align: center;\">1-30 perc<\/td>\n<td class=\"et2\" style=\"text-align: center;\">1-30 perc<\/td>\n<td class=\"et2\" style=\"text-align: center;\">1-30 perc<\/td>\n<td class=\"et2\" style=\"text-align: center;\">1-30 perc<\/td>\n<\/tr>\n<tr style=\"height: 14.25pt;\">\n<td class=\"et2\" style=\"height: 14.25pt; text-align: center;\" height=\"19\">Ultrahangos teljes\u00edtm\u00e9ny<\/td>\n<td class=\"et4\" style=\"width: 92.25pt; text-align: center;\" width=\"123\">120 W<\/td>\n<td class=\"et4\" style=\"width: 89.25pt; text-align: center;\" width=\"119\">240 W<\/td>\n<td class=\"et4\" style=\"width: 93.75pt; text-align: center;\" width=\"125\">360 W<\/td>\n<td class=\"et4\" style=\"width: 88.5pt; text-align: center;\" width=\"118\">600 W<\/td>\n<td class=\"et4\" style=\"width: 88.5pt; text-align: center;\" width=\"118\">720 W<\/td>\n<\/tr>\n<tr style=\"height: 14.25pt;\">\n<td class=\"et4\" style=\"height: 14.25pt; width: 117.75pt; text-align: center;\" width=\"157\" height=\"19\">M\u00e9ret (mm) H * Sz * M<\/td>\n<td class=\"et4\" style=\"width: 92.25pt; text-align: center;\" width=\"123\">265*165*285<\/td>\n<td class=\"et4\" style=\"width: 89.25pt; text-align: center;\" width=\"119\">330*270*310<\/td>\n<td class=\"et4\" style=\"width: 93.75pt; text-align: center;\" width=\"125\">530*330*390<\/td>\n<td class=\"et4\" style=\"width: 88.5pt; text-align: center;\" width=\"118\">530*330*390<\/td>\n<td class=\"et4\" style=\"width: 88.5pt; text-align: center;\" width=\"118\">530*330*490<\/td>\n<\/tr>\n<tr style=\"height: 14.25pt;\">\n<td class=\"et2\" style=\"height: 14.25pt; text-align: center;\" height=\"19\">Hatalom<\/td>\n<td class=\"et4\" style=\"width: 92.25pt; text-align: center;\" width=\"123\">AC220V, 50\/60Hz<\/td>\n<td class=\"et4\" style=\"width: 89.25pt; text-align: center;\" width=\"119\">AC220V, 50\/60Hz<\/td>\n<td class=\"et4\" style=\"width: 93.75pt; text-align: center;\" width=\"125\">AC220V, 50\/60Hz<\/td>\n<td class=\"et4\" style=\"width: 88.5pt; text-align: center;\" width=\"118\">AC220V, 50\/60Hz<\/td>\n<td class=\"et4\" style=\"width: 88.5pt; text-align: center;\" width=\"118\">AC220V, 50\/60Hz<\/td>\n<\/tr>\n<tr style=\"height: 14.25pt;\">\n<td class=\"et2\" style=\"height: 14.25pt; text-align: center;\" height=\"19\">S\u00faly<\/td>\n<td class=\"et2\" style=\"text-align: center;\">4 kg<\/td>\n<td class=\"et2\" style=\"text-align: center;\">8 kg<\/td>\n<td class=\"et2\" style=\"text-align: center;\">11 kg<\/td>\n<td class=\"et2\" style=\"text-align: center;\">15 kg<\/td>\n<td class=\"et2\" style=\"text-align: center;\">20 kg<\/td>\n<\/tr>\n<\/tbody>\n<\/table>\n<p>&nbsp;<\/p>\n<p><a href=\"https:\/\/www.youtube.com\/@allaismt\" rel=\"nofollow noopener\" target=\"_blank\"><u>https:\/\/www.youtube.com\/@allaismt<\/u><\/a><\/p>\n<p>A YUC-80 SMT ultrahangos tiszt\u00edt\u00f3g\u00e9ppel kapcsolatos tov\u00e1bbi inform\u00e1ci\u00f3k\u00e9rt k\u00e9rj\u00fck, k\u00fcldj\u00f6n e-mailt a k\u00f6vetkez\u0151 c\u00edmre:<\/p>\n<p><a href=\"mailto:sophia@allaismt.com\"><u>sophia@allaismt.com<\/u><\/a><\/p>\n<p>Megkeres\u00e9s\u00e9re halad\u00e9ktalanul v\u00e1laszolunk, \u00e9s r\u00e9szletes t\u00e1j\u00e9koztat\u00e1st ny\u00fajtunk term\u00e9keinkr\u0151l \u00e9s szolg\u00e1ltat\u00e1sainkr\u00f3l.<\/p>","protected":false},"excerpt":{"rendered":"<p>Le\u00edr\u00e1s\uff1aA <strong>\u2013 Az intuit\u00edv fel\u00fclet \u00e9s a k\u00f6nnyen hozz\u00e1f\u00e9rhet\u0151 tiszt\u00edt\u00f3 kamr\u00e1k minimaliz\u00e1lj\u00e1k a k\u00e9zi kezel\u00e9st, jav\u00edtj\u00e1k az oper\u00e1torok biztons\u00e1g\u00e1t \u00e9s leegyszer\u0171s\u00edtik a napi m\u0171veleteket.<\/strong> is designed for fast, precise, and efficient cleaning of PCB stencils, nozzles, and SMT tools. Utilizing advanced ultrasonic technology, it removes solder paste, flux, and other residues thoroughly without damaging delicate components. Compact, reliable, and easy to operate, the YUC-100 improves PCB assembly quality, reduces defects, and maximizes productivity on high-volume SMT production lines.<\/p>\n<p>Minim\u00e1lis rendel\u00e9si mennyis\u00e9g: 1 db<\/p>\n<p>\u00c1tfut\u00e1si id\u0151: 15 nap<\/p>","protected":false},"featured_media":22708,"comment_status":"closed","ping_status":"closed","template":"","meta":[],"etheme_brands":[],"product_brand":[],"product_cat":[156],"product_tag":[],"class_list":{"0":"post-22707","1":"product","2":"type-product","3":"status-publish","4":"has-post-thumbnail","6":"product_cat-pcb-cleaning-machine","8":"first","9":"instock","10":"shipping-taxable","11":"product-type-simple"},"_links":{"self":[{"href":"https:\/\/esmte.com\/hu\/wp-json\/wp\/v2\/product\/22707","targetHints":{"allow":["GET"]}}],"collection":[{"href":"https:\/\/esmte.com\/hu\/wp-json\/wp\/v2\/product"}],"about":[{"href":"https:\/\/esmte.com\/hu\/wp-json\/wp\/v2\/types\/product"}],"replies":[{"embeddable":true,"href":"https:\/\/esmte.com\/hu\/wp-json\/wp\/v2\/comments?post=22707"}],"version-history":[{"count":1,"href":"https:\/\/esmte.com\/hu\/wp-json\/wp\/v2\/product\/22707\/revisions"}],"predecessor-version":[{"id":22709,"href":"https:\/\/esmte.com\/hu\/wp-json\/wp\/v2\/product\/22707\/revisions\/22709"}],"wp:featuredmedia":[{"embeddable":true,"href":"https:\/\/esmte.com\/hu\/wp-json\/wp\/v2\/media\/22708"}],"wp:attachment":[{"href":"https:\/\/esmte.com\/hu\/wp-json\/wp\/v2\/media?parent=22707"}],"wp:term":[{"taxonomy":"brand","embeddable":true,"href":"https:\/\/esmte.com\/hu\/wp-json\/wp\/v2\/etheme_brands?post=22707"},{"taxonomy":"product_brand","embeddable":true,"href":"https:\/\/esmte.com\/hu\/wp-json\/wp\/v2\/product_brand?post=22707"},{"taxonomy":"product_cat","embeddable":true,"href":"https:\/\/esmte.com\/hu\/wp-json\/wp\/v2\/product_cat?post=22707"},{"taxonomy":"product_tag","embeddable":true,"href":"https:\/\/esmte.com\/hu\/wp-json\/wp\/v2\/product_tag?post=22707"}],"curies":[{"name":"munkaf\u00fczet","href":"https:\/\/api.w.org\/{rel}","templated":true}]}}