{"id":22703,"date":"2025-12-02T10:15:15","date_gmt":"2025-12-02T10:15:15","guid":{"rendered":"https:\/\/esmte.com\/?post_type=product&#038;p=22703"},"modified":"2025-12-02T10:15:23","modified_gmt":"2025-12-02T10:15:23","slug":"smt-ultrasonic-cleaning-machine-yuc-80","status":"publish","type":"product","link":"https:\/\/esmte.com\/hu\/products\/smt-ultrasonic-cleaning-machine-yuc-80\/","title":{"rendered":"SMT ultrahangos tiszt\u00edt\u00f3g\u00e9p YUC-80"},"content":{"rendered":"<h2>Bevezet\u00e9s<\/h2>\n<p data-start=\"642\" data-end=\"930\">A <strong>SMT ultrahangos tiszt\u00edt\u00f3g\u00e9p YUC-80<\/strong> Nagy teljes\u00edtm\u00e9ny\u0171 tiszt\u00edt\u00e1st biztos\u00edt NY\u00c1K-sablonok, f\u00fav\u00f3k\u00e1k \u00e9s SMT szersz\u00e1mok sz\u00e1m\u00e1ra fejlett ultrahangos technol\u00f3gia seg\u00edts\u00e9g\u00e9vel. Alaposan elt\u00e1vol\u00edtja a forraszt\u00f3paszt\u00e1t, a fluxust \u00e9s a szennyez\u0151d\u00e9seket, mik\u00f6zben v\u00e9di a k\u00e9nyes alkatr\u00e9szeket, biztos\u00edtva a NY\u00c1K-\u00f6sszeszerel\u00e9s \u00e1lland\u00f3 min\u0151s\u00e9g\u00e9t \u00e9s minimaliz\u00e1lva a hib\u00e1kat.<\/p>\n<p data-start=\"932\" data-end=\"1165\">Nagy volumen\u0171 elektronikai gy\u00e1rt\u00e1sra tervezt\u00e9k, <strong>SMT ultrahangos tiszt\u00edt\u00f3g\u00e9p YUC-80<\/strong> teljesen automatiz\u00e1lt ciklusokkal rendelkezik, amelyek cs\u00f6kkentik a k\u00e9zi munk\u00e1t \u00e9s a termel\u00e9si \u00e1ll\u00e1sid\u0151t. Kompakt, tart\u00f3s konstrukci\u00f3ja lehet\u0151v\u00e9 teszi a z\u00f6kken\u0151mentes integr\u00e1ci\u00f3t a megl\u00e9v\u0151 SMT gy\u00e1rt\u00f3sorokba.<\/p>\n<p data-start=\"1167\" data-end=\"1442\">A k\u00fcl\u00f6nb\u00f6z\u0151 sablon- \u00e9s szersz\u00e1mm\u00e9reteket t\u00e1mogat\u00f3 g\u00e9p egyenletes tiszt\u00edt\u00e1st biztos\u00edt, n\u00f6veli a forraszt\u00e1si pontoss\u00e1got, cs\u00f6kkenti az ut\u00f3munk\u00e1latokat \u00e9s optimaliz\u00e1lja az SMT munkafolyamatot. <strong>SMT ultrahangos tiszt\u00edt\u00f3g\u00e9p YUC-80<\/strong> \u00f6tv\u00f6zi a hat\u00e9konys\u00e1got, a precizit\u00e1st \u00e9s a megb\u00edzhat\u00f3s\u00e1got, professzion\u00e1lis megold\u00e1st k\u00edn\u00e1lva a modern NY\u00c1K-gy\u00e1rt\u00e1shoz.<\/p>\n<p><img loading=\"lazy\" decoding=\"async\" class=\"alignnone wp-image-22692 aligncenter\" src=\"https:\/\/esmte.com\/wp-content\/uploads\/2025\/12\/11-16.webp\" alt=\"SMT Ultrasonic Cleaning Machine\" width=\"621\" height=\"621\" srcset=\"https:\/\/esmte.com\/wp-content\/uploads\/2025\/12\/11-16.webp 2560w, https:\/\/esmte.com\/wp-content\/uploads\/2025\/12\/11-16-100x100.webp 100w, https:\/\/esmte.com\/wp-content\/uploads\/2025\/12\/11-16-600x600.webp 600w, https:\/\/esmte.com\/wp-content\/uploads\/2025\/12\/11-16-300x300.webp 300w, https:\/\/esmte.com\/wp-content\/uploads\/2025\/12\/11-16-1024x1024.webp 1024w, https:\/\/esmte.com\/wp-content\/uploads\/2025\/12\/11-16-150x150.webp 150w, https:\/\/esmte.com\/wp-content\/uploads\/2025\/12\/11-16-768x768.webp 768w, https:\/\/esmte.com\/wp-content\/uploads\/2025\/12\/11-16-1536x1536.webp 1536w, https:\/\/esmte.com\/wp-content\/uploads\/2025\/12\/11-16-2048x2048.webp 2048w, https:\/\/esmte.com\/wp-content\/uploads\/2025\/12\/11-16-1x1.webp 1w, https:\/\/esmte.com\/wp-content\/uploads\/2025\/12\/11-16-10x10.webp 10w\" sizes=\"auto, (max-width: 621px) 100vw, 621px\" \/><\/p>\n<p>&nbsp;<\/p>\n<h3>F\u0151bb jellemz\u0151k<\/h3>\n<ul>\n<li data-start=\"1482\" data-end=\"1615\">\n<p data-start=\"1485\" data-end=\"1615\"><strong data-start=\"1485\" data-end=\"1519\">Fejlett ultrahangos technol\u00f3gia<\/strong> \u2013 Hat\u00e9konyan elt\u00e1vol\u00edtja a forraszt\u00f3paszt\u00e1t, a fluxust \u00e9s a maradv\u00e1nyokat az \u00e9rz\u00e9keny alkatr\u00e9szek k\u00e1ros\u00edt\u00e1sa n\u00e9lk\u00fcl.<\/p>\n<\/li>\n<li data-start=\"1616\" data-end=\"1712\">\n<p data-start=\"1619\" data-end=\"1712\"><strong data-start=\"1619\" data-end=\"1654\">Automatiz\u00e1lt nagy volumen\u0171 m\u0171k\u00f6d\u00e9s<\/strong> \u2013 T\u00e1mogatja a folyamatos termel\u00e9st minim\u00e1lis \u00e1ll\u00e1sid\u0151vel.<\/p>\n<\/li>\n<li data-start=\"1713\" data-end=\"1828\">\n<p data-start=\"1716\" data-end=\"1828\"><strong data-start=\"1716\" data-end=\"1743\">Sz\u00e9lesk\u00f6r\u0171 szersz\u00e1mkompatibilit\u00e1s<\/strong> \u2013 T\u00f6bbf\u00e9le sablonm\u00e9retet, f\u00fav\u00f3k\u00e1t \u00e9s SMT szersz\u00e1mot kezel a rugalmas alkalmaz\u00e1s \u00e9rdek\u00e9ben.<\/p>\n<\/li>\n<li data-start=\"1829\" data-end=\"1929\">\n<p data-start=\"1832\" data-end=\"1929\"><strong data-start=\"1832\" data-end=\"1865\">Kompakt \u00e9s integr\u00e1lhat\u00f3 kialak\u00edt\u00e1s<\/strong> \u2013 Helyet takar\u00edt meg alapter\u00fcleten, \u00e9s z\u00f6kken\u0151mentesen integr\u00e1lhat\u00f3 az SMT gy\u00e1rt\u00f3sorokba.<\/p>\n<\/li>\n<li data-start=\"1930\" data-end=\"2027\">\n<p data-start=\"1933\" data-end=\"2027\"><strong data-start=\"1933\" data-end=\"1960\">Felhaszn\u00e1l\u00f3bar\u00e1t fel\u00fclet<\/strong> \u2013 Az intuit\u00edv kezel\u0151szervek prec\u00edz, megism\u00e9telhet\u0151 tiszt\u00edt\u00e1si ciklusokat tesznek lehet\u0151v\u00e9.<\/p>\n<\/li>\n<li data-start=\"2028\" data-end=\"2163\">\n<p data-start=\"2031\" data-end=\"2163\"><strong data-start=\"2031\" data-end=\"2072\">Tart\u00f3s, alacsony karbantart\u00e1si ig\u00e9ny\u0171 konstrukci\u00f3<\/strong> \u2013 A robusztus anyagok hossz\u00fa t\u00e1v\u00fa megb\u00edzhat\u00f3s\u00e1got biztos\u00edtanak a nagy ig\u00e9nybev\u00e9tel\u0171 gy\u00e1rt\u00e1si k\u00f6rnyezetben.<\/p>\n<\/li>\n<\/ul>\n<p>&nbsp;<\/p>\n<h2>Specifik\u00e1ci\u00f3k<\/h2>\n<table style=\"border-collapse: collapse; width: 1374px; height: 210px;\" border=\"0\" width=\"760\" cellspacing=\"0\" cellpadding=\"0\">\n<tbody>\n<tr style=\"height: 14.25pt;\">\n<td class=\"et2\" style=\"height: 14.25pt; width: 117.75pt; text-align: center;\" width=\"157\" height=\"19\">Modell<\/td>\n<td class=\"et2\" style=\"width: 92.25pt; text-align: center;\" width=\"123\">YUC-20<\/td>\n<td class=\"et2\" style=\"width: 89.25pt; text-align: center;\" width=\"119\">YUC-40<\/td>\n<td class=\"et2\" style=\"width: 93.75pt; text-align: center;\" width=\"125\">YUC-60<\/td>\n<td class=\"et2\" style=\"width: 88.5pt; text-align: center;\" width=\"118\">YUC-80<\/td>\n<td class=\"et2\" style=\"width: 88.5pt; text-align: center;\" width=\"118\">YUC-100<\/td>\n<\/tr>\n<tr style=\"height: 14.25pt;\">\n<td class=\"et2\" style=\"height: 14.25pt; text-align: center;\" height=\"19\">Kos\u00e1r m\u00e9rete (mm)<\/td>\n<td class=\"et2\" style=\"text-align: center;\">240 * 135 * 150 mm<\/td>\n<td class=\"et2\" style=\"text-align: center;\">300 * 240 * 150 mm<\/td>\n<td class=\"et2\" style=\"text-align: center;\">330 * 330 * 200 mm<\/td>\n<td class=\"et2\" style=\"text-align: center;\">500 * 300 * 200 mm<\/td>\n<td class=\"et2\" style=\"text-align: center;\">500*300*300 mm<\/td>\n<\/tr>\n<tr style=\"height: 14.25pt;\">\n<td class=\"et4\" style=\"height: 14.25pt; width: 117.75pt; text-align: center;\" width=\"157\" height=\"19\">Tart\u00e1lykapacit\u00e1s<\/td>\n<td class=\"et2\" style=\"text-align: center;\">4,8 literes<\/td>\n<td class=\"et2\" style=\"text-align: center;\">10 liter<\/td>\n<td class=\"et2\" style=\"text-align: center;\">20 literes<\/td>\n<td class=\"et2\" style=\"text-align: center;\">30 liter<\/td>\n<td class=\"et2\" style=\"text-align: center;\">45 liter<\/td>\n<\/tr>\n<tr style=\"height: 14.25pt;\">\n<td class=\"et2\" style=\"height: 14.25pt; text-align: center;\" height=\"19\">Frekvencia<\/td>\n<td class=\"et2\" style=\"text-align: center;\">4000 OHz<\/td>\n<td class=\"et2\" style=\"text-align: center;\">4000 OHz<\/td>\n<td class=\"et2\" style=\"text-align: center;\">4000 OHz<\/td>\n<td class=\"et2\" style=\"text-align: center;\">4000 OHz<\/td>\n<td class=\"et2\" style=\"text-align: center;\">4000 OHz<\/td>\n<\/tr>\n<tr style=\"height: 14.25pt;\">\n<td class=\"et2\" style=\"height: 14.25pt; text-align: center;\" height=\"19\">Id\u0151<\/td>\n<td class=\"et2\" style=\"text-align: center;\">1-30 perc<\/td>\n<td class=\"et2\" style=\"text-align: center;\">1-30 perc<\/td>\n<td class=\"et2\" style=\"text-align: center;\">1-30 perc<\/td>\n<td class=\"et2\" style=\"text-align: center;\">1-30 perc<\/td>\n<td class=\"et2\" style=\"text-align: center;\">1-30 perc<\/td>\n<\/tr>\n<tr style=\"height: 14.25pt;\">\n<td class=\"et2\" style=\"height: 14.25pt; text-align: center;\" height=\"19\">Ultrahangos teljes\u00edtm\u00e9ny<\/td>\n<td class=\"et4\" style=\"width: 92.25pt; text-align: center;\" width=\"123\">120 W<\/td>\n<td class=\"et4\" style=\"width: 89.25pt; text-align: center;\" width=\"119\">240 W<\/td>\n<td class=\"et4\" style=\"width: 93.75pt; text-align: center;\" width=\"125\">360 W<\/td>\n<td class=\"et4\" style=\"width: 88.5pt; text-align: center;\" width=\"118\">600 W<\/td>\n<td class=\"et4\" style=\"width: 88.5pt; text-align: center;\" width=\"118\">720 W<\/td>\n<\/tr>\n<tr style=\"height: 14.25pt;\">\n<td class=\"et4\" style=\"height: 14.25pt; width: 117.75pt; text-align: center;\" width=\"157\" height=\"19\">M\u00e9ret (mm) H * Sz * M<\/td>\n<td class=\"et4\" style=\"width: 92.25pt; text-align: center;\" width=\"123\">265*165*285<\/td>\n<td class=\"et4\" style=\"width: 89.25pt; text-align: center;\" width=\"119\">330*270*310<\/td>\n<td class=\"et4\" style=\"width: 93.75pt; text-align: center;\" width=\"125\">530*330*390<\/td>\n<td class=\"et4\" style=\"width: 88.5pt; text-align: center;\" width=\"118\">530*330*390<\/td>\n<td class=\"et4\" style=\"width: 88.5pt; text-align: center;\" width=\"118\">530*330*490<\/td>\n<\/tr>\n<tr style=\"height: 14.25pt;\">\n<td class=\"et2\" style=\"height: 14.25pt; text-align: center;\" height=\"19\">Hatalom<\/td>\n<td class=\"et4\" style=\"width: 92.25pt; text-align: center;\" width=\"123\">AC220V, 50\/60Hz<\/td>\n<td class=\"et4\" style=\"width: 89.25pt; text-align: center;\" width=\"119\">AC220V, 50\/60Hz<\/td>\n<td class=\"et4\" style=\"width: 93.75pt; text-align: center;\" width=\"125\">AC220V, 50\/60Hz<\/td>\n<td class=\"et4\" style=\"width: 88.5pt; text-align: center;\" width=\"118\">AC220V, 50\/60Hz<\/td>\n<td class=\"et4\" style=\"width: 88.5pt; text-align: center;\" width=\"118\">AC220V, 50\/60Hz<\/td>\n<\/tr>\n<tr style=\"height: 14.25pt;\">\n<td class=\"et2\" style=\"height: 14.25pt; text-align: center;\" height=\"19\">S\u00faly<\/td>\n<td class=\"et2\" style=\"text-align: center;\">4 kg<\/td>\n<td class=\"et2\" style=\"text-align: center;\">8 kg<\/td>\n<td class=\"et2\" style=\"text-align: center;\">11 kg<\/td>\n<td class=\"et2\" style=\"text-align: center;\">15 kg<\/td>\n<td class=\"et2\" style=\"text-align: center;\">20 kg<\/td>\n<\/tr>\n<\/tbody>\n<\/table>\n<p>&nbsp;<\/p>\n<p>&nbsp;<\/p>\n<p><a href=\"https:\/\/www.youtube.com\/@allaismt\" rel=\"nofollow noopener\" target=\"_blank\"><u>https:\/\/www.youtube.com\/@allaismt<\/u><\/a><\/p>\n<p>A YUC-80 SMT ultrahangos tiszt\u00edt\u00f3g\u00e9ppel kapcsolatos tov\u00e1bbi inform\u00e1ci\u00f3k\u00e9rt k\u00e9rj\u00fck, k\u00fcldj\u00f6n e-mailt a k\u00f6vetkez\u0151 c\u00edmre:<\/p>\n<p><a href=\"mailto:sophia@allaismt.com\"><u>sophia@allaismt.com<\/u><\/a><\/p>\n<p>Megkeres\u00e9s\u00e9re halad\u00e9ktalanul v\u00e1laszolunk, \u00e9s r\u00e9szletes t\u00e1j\u00e9koztat\u00e1st ny\u00fajtunk term\u00e9keinkr\u0151l \u00e9s szolg\u00e1ltat\u00e1sainkr\u00f3l.<\/p>","protected":false},"excerpt":{"rendered":"<p>Le\u00edr\u00e1s\uff1aA <strong>YUC-80 SMT ultrahangos tiszt\u00edt\u00f3g\u00e9p<\/strong> Gyors \u00e9s prec\u00edz tiszt\u00edt\u00e1st biztos\u00edt NY\u00c1K-sablonok, f\u00fav\u00f3k\u00e1k \u00e9s SMT szersz\u00e1mok sz\u00e1m\u00e1ra. Fejlett ultrahangos technol\u00f3gi\u00e1j\u00e1nak k\u00f6sz\u00f6nhet\u0151en hat\u00e9konyan elt\u00e1vol\u00edtja a forraszt\u00f3paszta \u00e9s a fluxus maradv\u00e1nyait an\u00e9lk\u00fcl, hogy k\u00e1ros\u00edtan\u00e1 a k\u00e9nyes alkatr\u00e9szeket. Kompakt, megb\u00edzhat\u00f3 \u00e9s k\u00f6nnyen kezelhet\u0151, a YUC-80 jav\u00edtja a NY\u00c1K-\u00f6sszeszerel\u00e9s min\u0151s\u00e9g\u00e9t, cs\u00f6kkenti a hib\u00e1kat \u00e9s maximaliz\u00e1lja az SMT gy\u00e1rt\u00f3sori termel\u00e9kenys\u00e9get.<\/p>\n<p>Minim\u00e1lis rendel\u00e9si mennyis\u00e9g: 1 db<\/p>\n<p>\u00c1tfut\u00e1si id\u0151: 15 nap<\/p>","protected":false},"featured_media":22704,"comment_status":"closed","ping_status":"closed","template":"","meta":[],"etheme_brands":[],"product_brand":[],"product_cat":[156],"product_tag":[],"class_list":{"0":"post-22703","1":"product","2":"type-product","3":"status-publish","4":"has-post-thumbnail","6":"product_cat-pcb-cleaning-machine","8":"first","9":"instock","10":"shipping-taxable","11":"product-type-simple"},"_links":{"self":[{"href":"https:\/\/esmte.com\/hu\/wp-json\/wp\/v2\/product\/22703","targetHints":{"allow":["GET"]}}],"collection":[{"href":"https:\/\/esmte.com\/hu\/wp-json\/wp\/v2\/product"}],"about":[{"href":"https:\/\/esmte.com\/hu\/wp-json\/wp\/v2\/types\/product"}],"replies":[{"embeddable":true,"href":"https:\/\/esmte.com\/hu\/wp-json\/wp\/v2\/comments?post=22703"}],"version-history":[{"count":1,"href":"https:\/\/esmte.com\/hu\/wp-json\/wp\/v2\/product\/22703\/revisions"}],"predecessor-version":[{"id":22706,"href":"https:\/\/esmte.com\/hu\/wp-json\/wp\/v2\/product\/22703\/revisions\/22706"}],"wp:featuredmedia":[{"embeddable":true,"href":"https:\/\/esmte.com\/hu\/wp-json\/wp\/v2\/media\/22704"}],"wp:attachment":[{"href":"https:\/\/esmte.com\/hu\/wp-json\/wp\/v2\/media?parent=22703"}],"wp:term":[{"taxonomy":"brand","embeddable":true,"href":"https:\/\/esmte.com\/hu\/wp-json\/wp\/v2\/etheme_brands?post=22703"},{"taxonomy":"product_brand","embeddable":true,"href":"https:\/\/esmte.com\/hu\/wp-json\/wp\/v2\/product_brand?post=22703"},{"taxonomy":"product_cat","embeddable":true,"href":"https:\/\/esmte.com\/hu\/wp-json\/wp\/v2\/product_cat?post=22703"},{"taxonomy":"product_tag","embeddable":true,"href":"https:\/\/esmte.com\/hu\/wp-json\/wp\/v2\/product_tag?post=22703"}],"curies":[{"name":"munkaf\u00fczet","href":"https:\/\/api.w.org\/{rel}","templated":true}]}}