{"id":22695,"date":"2025-12-02T09:54:03","date_gmt":"2025-12-02T09:54:03","guid":{"rendered":"https:\/\/esmte.com\/?post_type=product&#038;p=22695"},"modified":"2025-12-02T09:54:03","modified_gmt":"2025-12-02T09:54:03","slug":"smt-ultrasonic-cleaning-machine-yuc-40","status":"publish","type":"product","link":"https:\/\/esmte.com\/hu\/products\/smt-ultrasonic-cleaning-machine-yuc-40\/","title":{"rendered":"SMT ultrahangos tiszt\u00edt\u00f3g\u00e9p YUC-40"},"content":{"rendered":"<h2>Bevezet\u00e9s<\/h2>\n<p data-start=\"187\" data-end=\"613\">A <strong>YUC-40 SMT ultrahangos tiszt\u00edt\u00f3g\u00e9p<\/strong> egy nagy teljes\u00edtm\u00e9ny\u0171 megold\u00e1s az SMT gy\u00e1rt\u00f3sorok tisztas\u00e1g\u00e1nak fenntart\u00e1s\u00e1ra. A NY\u00c1K-sablonok, f\u00fav\u00f3k\u00e1k \u00e9s egy\u00e9b SMT szersz\u00e1mok hat\u00e9kony tiszt\u00edt\u00e1s\u00e1ra tervezett, fejlett ultrahangos technol\u00f3gi\u00e1t alkalmaz a forraszt\u00f3paszta, a fluxus \u00e9s a szennyez\u0151d\u00e9sek alapos elt\u00e1vol\u00edt\u00e1s\u00e1ra, mik\u00f6zben megv\u00e9di a k\u00e9nyes alkatr\u00e9szeket a s\u00e9r\u00fcl\u00e9sekt\u0151l. Ez biztos\u00edtja a NY\u00c1K-\u00f6sszeszerel\u00e9s \u00e1lland\u00f3 min\u0151s\u00e9g\u00e9t \u00e9s cs\u00f6kkenti a gy\u00e1rt\u00e1si hib\u00e1kat.<\/p>\n<p data-start=\"615\" data-end=\"955\">A modern elektronikai gy\u00e1rt\u00e1shoz tervezett YUC-40 teljesen automatiz\u00e1lt tiszt\u00edt\u00e1si ciklusokkal rendelkezik, amelyek id\u0151t takar\u00edtanak meg, cs\u00f6kkentik a k\u00e9zi munk\u00e1t \u00e9s n\u00f6velik a termel\u00e9si hat\u00e9konys\u00e1got. Kompakt kialak\u00edt\u00e1sa lehet\u0151v\u00e9 teszi a z\u00f6kken\u0151mentes integr\u00e1ci\u00f3t b\u00e1rmilyen m\u00e9ret\u0171 SMT gy\u00e1rt\u00f3sorba, m\u00edg a tart\u00f3s konstrukci\u00f3 megb\u00edzhat\u00f3 teljes\u00edtm\u00e9nyt biztos\u00edt ig\u00e9nyes gy\u00e1ri k\u00f6rnyezetben.<\/p>\n<p data-start=\"957\" data-end=\"1195\">A g\u00e9p a sablon- \u00e9s szersz\u00e1mm\u00e9retek sz\u00e9les sk\u00e1l\u00e1j\u00e1t t\u00e1mogatja, \u00edgy sokoldal\u00fas\u00e1got biztos\u00edt a k\u00fcl\u00f6nb\u00f6z\u0151 SMT-folyamatokhoz. A prec\u00edz, megism\u00e9telhet\u0151 tiszt\u00edt\u00e1snak k\u00f6sz\u00f6nhet\u0151en seg\u00edt fenntartani a forraszt\u00e1si pontoss\u00e1got, cs\u00f6kkenti az ut\u00f3munk\u00e1latok sz\u00e1m\u00e1t \u00e9s n\u00f6veli a gy\u00e1rt\u00f3sori \u00e1tereszt\u0151k\u00e9pess\u00e9get.<\/p>\n<p data-start=\"1197\" data-end=\"1421\">Befektet\u00e9s a <strong>YUC-40 SMT ultrahangos tiszt\u00edt\u00f3g\u00e9p<\/strong> lehet\u0151v\u00e9 teszi a gy\u00e1rt\u00f3k sz\u00e1m\u00e1ra, hogy kiv\u00e1l\u00f3 min\u0151s\u00e9g\u0171 NY\u00c1K-gy\u00e1rt\u00e1st \u00e9rjenek el minim\u00e1lis \u00e1ll\u00e1sid\u0151vel, egyetlen fejlett tiszt\u00edt\u00e1si megold\u00e1sban \u00f6tv\u00f6zve a hat\u00e9konys\u00e1got, a megb\u00edzhat\u00f3s\u00e1got \u00e9s a pontoss\u00e1got.<\/p>\n<p data-start=\"1197\" data-end=\"1421\">\n<p><img loading=\"lazy\" decoding=\"async\" class=\"alignnone wp-image-22692 aligncenter\" src=\"https:\/\/esmte.com\/wp-content\/uploads\/2025\/12\/11-16.webp\" alt=\"SMT Ultrasonic Cleaning Machine\" width=\"623\" height=\"623\" srcset=\"https:\/\/esmte.com\/wp-content\/uploads\/2025\/12\/11-16.webp 2560w, https:\/\/esmte.com\/wp-content\/uploads\/2025\/12\/11-16-100x100.webp 100w, https:\/\/esmte.com\/wp-content\/uploads\/2025\/12\/11-16-600x600.webp 600w, https:\/\/esmte.com\/wp-content\/uploads\/2025\/12\/11-16-300x300.webp 300w, https:\/\/esmte.com\/wp-content\/uploads\/2025\/12\/11-16-1024x1024.webp 1024w, https:\/\/esmte.com\/wp-content\/uploads\/2025\/12\/11-16-150x150.webp 150w, https:\/\/esmte.com\/wp-content\/uploads\/2025\/12\/11-16-768x768.webp 768w, https:\/\/esmte.com\/wp-content\/uploads\/2025\/12\/11-16-1536x1536.webp 1536w, https:\/\/esmte.com\/wp-content\/uploads\/2025\/12\/11-16-2048x2048.webp 2048w, https:\/\/esmte.com\/wp-content\/uploads\/2025\/12\/11-16-1x1.webp 1w, https:\/\/esmte.com\/wp-content\/uploads\/2025\/12\/11-16-10x10.webp 10w\" sizes=\"auto, (max-width: 623px) 100vw, 623px\" \/><\/p>\n<p>&nbsp;<\/p>\n<h3>F\u0151bb jellemz\u0151k<\/h3>\n<ul>\n<li data-start=\"102\" data-end=\"285\">\n<p data-start=\"105\" data-end=\"285\"><strong data-start=\"105\" data-end=\"143\">Nagy pontoss\u00e1g\u00fa ultrahangos tiszt\u00edt\u00e1s<\/strong> \u2013 Hat\u00e9konyan elt\u00e1vol\u00edtja a forraszt\u00f3paszt\u00e1t, a fluxust \u00e9s a szennyez\u0151d\u00e9seket a NY\u00c1K-sablonokr\u00f3l, f\u00fav\u00f3k\u00e1kr\u00f3l \u00e9s SMT szersz\u00e1mokr\u00f3l az \u00e9rz\u00e9keny alkatr\u00e9szek k\u00e1ros\u00edt\u00e1sa n\u00e9lk\u00fcl.<\/p>\n<\/li>\n<li data-start=\"287\" data-end=\"441\">\n<p data-start=\"290\" data-end=\"441\"><strong data-start=\"290\" data-end=\"319\">Teljesen automatiz\u00e1lt m\u0171k\u00f6d\u00e9s<\/strong> \u2013 Egyszer\u0171s\u00edti a tiszt\u00edt\u00e1si folyamatot, cs\u00f6kkenti a k\u00e9zi munk\u00e1t \u00e9s minimaliz\u00e1lja az \u00e1ll\u00e1sid\u0151t a nagy volumen\u0171 SMT gy\u00e1rt\u00f3sorokon.<\/p>\n<\/li>\n<li data-start=\"443\" data-end=\"605\">\n<p data-start=\"446\" data-end=\"605\"><strong data-start=\"446\" data-end=\"477\">Rugalmas szersz\u00e1mkompatibilit\u00e1s<\/strong> \u2013 K\u00fcl\u00f6nb\u00f6z\u0151 sablonm\u00e9reteket, f\u00fav\u00f3k\u00e1kat \u00e9s SMT eszk\u00f6z\u00f6ket t\u00e1mogat, sokoldal\u00fa megold\u00e1sokat k\u00edn\u00e1lva a k\u00fcl\u00f6nf\u00e9le NY\u00c1K-szerel\u00e9si k\u00f6vetelm\u00e9nyekhez.<\/p>\n<\/li>\n<li data-start=\"607\" data-end=\"749\">\n<p data-start=\"610\" data-end=\"749\"><strong data-start=\"610\" data-end=\"645\">Kompakt \u00e9s helytakar\u00e9kos kialak\u00edt\u00e1s<\/strong> \u2013 K\u00f6nnyen integr\u00e1lhat\u00f3 a megl\u00e9v\u0151 SMT gy\u00e1rt\u00f3sorokba, mik\u00f6zben \u00e9rt\u00e9kes gy\u00e1rt\u00f3ter\u00fcletet takar\u00edt meg.<\/p>\n<\/li>\n<li data-start=\"751\" data-end=\"908\">\n<p data-start=\"754\" data-end=\"908\"><strong data-start=\"754\" data-end=\"781\">Felhaszn\u00e1l\u00f3bar\u00e1t fel\u00fclet<\/strong> \u2013 Az intuit\u00edv kezel\u0151panel lehet\u0151v\u00e9 teszi a kezel\u0151k sz\u00e1m\u00e1ra a tiszt\u00edt\u00e1si param\u00e9terek gyors be\u00e1ll\u00edt\u00e1s\u00e1t \u00e9s m\u00f3dos\u00edt\u00e1s\u00e1t az egys\u00e9ges, megism\u00e9telhet\u0151 eredm\u00e9nyek \u00e9rdek\u00e9ben.<\/p>\n<\/li>\n<li data-start=\"910\" data-end=\"1108\">\n<p data-start=\"913\" data-end=\"1108\"><strong data-start=\"913\" data-end=\"957\">Tart\u00f3s \u00e9s alacsony karbantart\u00e1si ig\u00e9ny\u0171 konstrukci\u00f3<\/strong> \u2013 Robusztus anyagokb\u00f3l k\u00e9sz\u00fclt, hogy ellen\u00e1lljon a folyamatos m\u0171k\u00f6d\u00e9snek ig\u00e9nyes elektronikai gy\u00e1rt\u00e1si k\u00f6rnyezetben, biztos\u00edtva a hossz\u00fa t\u00e1v\u00fa megb\u00edzhat\u00f3s\u00e1got.<\/p>\n<\/li>\n<\/ul>\n<p>&nbsp;<\/p>\n<h2>Specifik\u00e1ci\u00f3k<\/h2>\n<table style=\"border-collapse: collapse; width: 1369px; height: 188px;\" border=\"0\" width=\"760\" cellspacing=\"0\" cellpadding=\"0\">\n<tbody>\n<tr style=\"height: 14.25pt;\">\n<td class=\"et2\" style=\"height: 14.25pt; width: 117.75pt; text-align: center;\" width=\"157\" height=\"19\">Modell<\/td>\n<td class=\"et2\" style=\"width: 92.25pt; text-align: center;\" width=\"123\">YUC-20<\/td>\n<td class=\"et2\" style=\"width: 89.25pt; text-align: center;\" width=\"119\">YUC-40<\/td>\n<td class=\"et2\" style=\"width: 93.75pt; text-align: center;\" width=\"125\">YUC-60<\/td>\n<td class=\"et2\" style=\"width: 88.5pt; text-align: center;\" width=\"118\">YUC-80<\/td>\n<td class=\"et2\" style=\"width: 88.5pt; text-align: center;\" width=\"118\">YUC-100<\/td>\n<\/tr>\n<tr style=\"height: 14.25pt;\">\n<td class=\"et2\" style=\"height: 14.25pt; text-align: center;\" height=\"19\">Kos\u00e1r m\u00e9rete (mm)<\/td>\n<td class=\"et2\" style=\"text-align: center;\">240 * 135 * 150 mm<\/td>\n<td class=\"et2\" style=\"text-align: center;\">300 * 240 * 150 mm<\/td>\n<td class=\"et2\" style=\"text-align: center;\">330 * 330 * 200 mm<\/td>\n<td class=\"et2\" style=\"text-align: center;\">500 * 300 * 200 mm<\/td>\n<td class=\"et2\" style=\"text-align: center;\">500*300*300 mm<\/td>\n<\/tr>\n<tr style=\"height: 14.25pt;\">\n<td class=\"et4\" style=\"height: 14.25pt; width: 117.75pt; text-align: center;\" width=\"157\" height=\"19\">Tart\u00e1lykapacit\u00e1s<\/td>\n<td class=\"et2\" style=\"text-align: center;\">4,8 literes<\/td>\n<td class=\"et2\" style=\"text-align: center;\">10 liter<\/td>\n<td class=\"et2\" style=\"text-align: center;\">20 literes<\/td>\n<td class=\"et2\" style=\"text-align: center;\">30 liter<\/td>\n<td class=\"et2\" style=\"text-align: center;\">45 liter<\/td>\n<\/tr>\n<tr style=\"height: 14.25pt;\">\n<td class=\"et2\" style=\"height: 14.25pt; text-align: center;\" height=\"19\">Frekvencia<\/td>\n<td class=\"et2\" style=\"text-align: center;\">4000 OHz<\/td>\n<td class=\"et2\" style=\"text-align: center;\">4000 OHz<\/td>\n<td class=\"et2\" style=\"text-align: center;\">4000 OHz<\/td>\n<td class=\"et2\" style=\"text-align: center;\">4000 OHz<\/td>\n<td class=\"et2\" style=\"text-align: center;\">4000 OHz<\/td>\n<\/tr>\n<tr style=\"height: 14.25pt;\">\n<td class=\"et2\" style=\"height: 14.25pt; text-align: center;\" height=\"19\">Id\u0151<\/td>\n<td class=\"et2\" style=\"text-align: center;\">1-30 perc<\/td>\n<td class=\"et2\" style=\"text-align: center;\">1-30 perc<\/td>\n<td class=\"et2\" style=\"text-align: center;\">1-30 perc<\/td>\n<td class=\"et2\" style=\"text-align: center;\">1-30 perc<\/td>\n<td class=\"et2\" style=\"text-align: center;\">1-30 perc<\/td>\n<\/tr>\n<tr style=\"height: 14.25pt;\">\n<td class=\"et2\" style=\"height: 14.25pt; text-align: center;\" height=\"19\">Ultrahangos teljes\u00edtm\u00e9ny<\/td>\n<td class=\"et4\" style=\"width: 92.25pt; text-align: center;\" width=\"123\">120 W<\/td>\n<td class=\"et4\" style=\"width: 89.25pt; text-align: center;\" width=\"119\">240 W<\/td>\n<td class=\"et4\" style=\"width: 93.75pt; text-align: center;\" width=\"125\">360 W<\/td>\n<td class=\"et4\" style=\"width: 88.5pt; text-align: center;\" width=\"118\">600 W<\/td>\n<td class=\"et4\" style=\"width: 88.5pt; text-align: center;\" width=\"118\">720 W<\/td>\n<\/tr>\n<tr style=\"height: 14.25pt;\">\n<td class=\"et4\" style=\"height: 14.25pt; width: 117.75pt; text-align: center;\" width=\"157\" height=\"19\">M\u00e9ret (mm) H * Sz * M<\/td>\n<td class=\"et4\" style=\"width: 92.25pt; text-align: center;\" width=\"123\">265*165*285<\/td>\n<td class=\"et4\" style=\"width: 89.25pt; text-align: center;\" width=\"119\">330*270*310<\/td>\n<td class=\"et4\" style=\"width: 93.75pt; text-align: center;\" width=\"125\">530*330*390<\/td>\n<td class=\"et4\" style=\"width: 88.5pt; text-align: center;\" width=\"118\">530*330*390<\/td>\n<td class=\"et4\" style=\"width: 88.5pt; text-align: center;\" width=\"118\">530*330*490<\/td>\n<\/tr>\n<tr style=\"height: 14.25pt;\">\n<td class=\"et2\" style=\"height: 14.25pt; text-align: center;\" height=\"19\">Hatalom<\/td>\n<td class=\"et4\" style=\"width: 92.25pt; text-align: center;\" width=\"123\">AC220V, 50\/60Hz<\/td>\n<td class=\"et4\" style=\"width: 89.25pt; text-align: center;\" width=\"119\">AC220V, 50\/60Hz<\/td>\n<td class=\"et4\" style=\"width: 93.75pt; text-align: center;\" width=\"125\">AC220V, 50\/60Hz<\/td>\n<td class=\"et4\" style=\"width: 88.5pt; text-align: center;\" width=\"118\">AC220V, 50\/60Hz<\/td>\n<td class=\"et4\" style=\"width: 88.5pt; text-align: center;\" width=\"118\">AC220V, 50\/60Hz<\/td>\n<\/tr>\n<tr style=\"height: 14.25pt;\">\n<td class=\"et2\" style=\"height: 14.25pt; text-align: center;\" height=\"19\">S\u00faly<\/td>\n<td class=\"et2\" style=\"text-align: center;\">4 kg<\/td>\n<td class=\"et2\" style=\"text-align: center;\">8 kg<\/td>\n<td class=\"et2\" style=\"text-align: center;\">11 kg<\/td>\n<td class=\"et2\" style=\"text-align: center;\">15 kg<\/td>\n<td class=\"et2\" style=\"text-align: center;\">20 kg<\/td>\n<\/tr>\n<\/tbody>\n<\/table>\n<p>&nbsp;<\/p>\n<p><a href=\"https:\/\/www.youtube.com\/@allaismt\" rel=\"nofollow noopener\" target=\"_blank\"><u>https:\/\/www.youtube.com\/@allaismt<\/u><\/a><\/p>\n<p>A YUC-80 SMT ultrahangos tiszt\u00edt\u00f3g\u00e9ppel kapcsolatos tov\u00e1bbi inform\u00e1ci\u00f3k\u00e9rt k\u00e9rj\u00fck, k\u00fcldj\u00f6n e-mailt a k\u00f6vetkez\u0151 c\u00edmre:<\/p>\n<p><a href=\"mailto:sophia@allaismt.com\"><u>sophia@allaismt.com<\/u><\/a><\/p>\n<p>Megkeres\u00e9s\u00e9re halad\u00e9ktalanul v\u00e1laszolunk, \u00e9s r\u00e9szletes t\u00e1j\u00e9koztat\u00e1st ny\u00fajtunk term\u00e9keinkr\u0151l \u00e9s szolg\u00e1ltat\u00e1sainkr\u00f3l.<\/p>","protected":false},"excerpt":{"rendered":"<p>Le\u00edr\u00e1s\uff1aA <strong>SMT ultrahangos tiszt\u00edt\u00f3g\u00e9p YUC-40<\/strong> NY\u00c1K-sablonok, f\u00fav\u00f3k\u00e1k \u00e9s egy\u00e9b SMT-eszk\u00f6z\u00f6k gyors \u00e9s prec\u00edz tiszt\u00edt\u00e1s\u00e1ra tervezt\u00e9k. Fejlett ultrahangos technol\u00f3gi\u00e1j\u00e1nak k\u00f6sz\u00f6nhet\u0151en hat\u00e9konyan elt\u00e1vol\u00edtja a forraszt\u00f3paszt\u00e1t, a fluxust \u00e9s egy\u00e9b maradv\u00e1nyokat an\u00e9lk\u00fcl, hogy k\u00e1ros\u00edtan\u00e1 a k\u00e9nyes alkatr\u00e9szeket. Kompakt, megb\u00edzhat\u00f3 \u00e9s k\u00f6nnyen kezelhet\u0151, a YUC-40 jav\u00edtja a NY\u00c1K-\u00f6sszeszerel\u00e9s min\u0151s\u00e9g\u00e9t, cs\u00f6kkenti a hib\u00e1kat \u00e9s jav\u00edtja az SMT-gy\u00e1rt\u00e1s \u00e1ltal\u00e1nos hat\u00e9konys\u00e1g\u00e1t, \u00edgy ide\u00e1lis nagy volumen\u0171 elektronikai gy\u00e1rt\u00e1si k\u00f6rnyezetekhez.<\/p>\n<p>Minim\u00e1lis rendel\u00e9si mennyis\u00e9g: 1 db<\/p>\n<p>\u00c1tfut\u00e1si id\u0151: 15 nap<\/p>","protected":false},"featured_media":22696,"comment_status":"closed","ping_status":"closed","template":"","meta":[],"etheme_brands":[],"product_brand":[],"product_cat":[156],"product_tag":[],"class_list":{"0":"post-22695","1":"product","2":"type-product","3":"status-publish","4":"has-post-thumbnail","6":"product_cat-pcb-cleaning-machine","8":"first","9":"instock","10":"shipping-taxable","11":"product-type-simple"},"_links":{"self":[{"href":"https:\/\/esmte.com\/hu\/wp-json\/wp\/v2\/product\/22695","targetHints":{"allow":["GET"]}}],"collection":[{"href":"https:\/\/esmte.com\/hu\/wp-json\/wp\/v2\/product"}],"about":[{"href":"https:\/\/esmte.com\/hu\/wp-json\/wp\/v2\/types\/product"}],"replies":[{"embeddable":true,"href":"https:\/\/esmte.com\/hu\/wp-json\/wp\/v2\/comments?post=22695"}],"version-history":[{"count":1,"href":"https:\/\/esmte.com\/hu\/wp-json\/wp\/v2\/product\/22695\/revisions"}],"predecessor-version":[{"id":22698,"href":"https:\/\/esmte.com\/hu\/wp-json\/wp\/v2\/product\/22695\/revisions\/22698"}],"wp:featuredmedia":[{"embeddable":true,"href":"https:\/\/esmte.com\/hu\/wp-json\/wp\/v2\/media\/22696"}],"wp:attachment":[{"href":"https:\/\/esmte.com\/hu\/wp-json\/wp\/v2\/media?parent=22695"}],"wp:term":[{"taxonomy":"brand","embeddable":true,"href":"https:\/\/esmte.com\/hu\/wp-json\/wp\/v2\/etheme_brands?post=22695"},{"taxonomy":"product_brand","embeddable":true,"href":"https:\/\/esmte.com\/hu\/wp-json\/wp\/v2\/product_brand?post=22695"},{"taxonomy":"product_cat","embeddable":true,"href":"https:\/\/esmte.com\/hu\/wp-json\/wp\/v2\/product_cat?post=22695"},{"taxonomy":"product_tag","embeddable":true,"href":"https:\/\/esmte.com\/hu\/wp-json\/wp\/v2\/product_tag?post=22695"}],"curies":[{"name":"munkaf\u00fczet","href":"https:\/\/api.w.org\/{rel}","templated":true}]}}