{"id":22576,"date":"2025-12-01T07:43:52","date_gmt":"2025-12-01T07:43:52","guid":{"rendered":"https:\/\/esmte.com\/?post_type=product&#038;p=22576"},"modified":"2026-01-27T08:52:41","modified_gmt":"2026-01-27T08:52:41","slug":"smt-telescopic-conveyor-ytc-350auto","status":"publish","type":"product","link":"https:\/\/esmte.com\/hu\/products\/smt-telescopic-conveyor-ytc-350auto\/","title":{"rendered":"SMT Telescopic Conveyor YTC-350(Auto)"},"content":{"rendered":"<h2>Bevezet\u00e9s<\/h2>\n<p data-start=\"201\" data-end=\"717\">A <strong data-start=\"205\" data-end=\"247\">Kiv\u00e1l\u00f3 min\u0151s\u00e9g\u0171 anyagokb\u00f3l \u00e9s robusztus mechanizmusokkal k\u00e9sz\u00fclt, hogy hossz\u00fa t\u00e1v\u00fa megb\u00edzhat\u00f3s\u00e1got \u00e9s minim\u00e1lis \u00e1ll\u00e1sid\u0151t biztos\u00edtson, m\u00e9g folyamatos termel\u00e9si k\u00f6rnyezetekben is.<\/strong> is an advanced automated solution engineered to enhance PCB transfer efficiency across modern SMT production lines. Designed with a motorized telescopic system, this conveyor allows automatic adjustment of its length, bridging gaps between upstream and downstream equipment with precision and without manual intervention. This capability ensures smooth integration of machines in high-speed SMT operations, improving overall workflow continuity and line productivity.<\/p>\n<p data-start=\"719\" data-end=\"1153\">Equipped with high-quality guide rails and a reinforced frame, the YTC-350 provides stable, low-vibration transport for PCBs of various sizes. Its automatic telescopic operation ensures consistent board alignment, reducing the risk of shifting or component damage during transfer. The conveyor\u2019s intelligent control system allows seamless operation, with adjustable speed and position parameters to match specific line requirements.<\/p>\n<p data-start=\"1155\" data-end=\"1439\">The YTC-350 is compact and space-efficient, allowing easy integration into existing SMT layouts without requiring extensive floor space. Its robust construction ensures long-term reliability and durability, capable of handling continuous production demands with minimal maintenance.<\/p>\n<p data-start=\"1441\" data-end=\"1793\">A megval\u00f3s\u00edt\u00e1s\u00e1val <strong data-start=\"1461\" data-end=\"1503\">Kiv\u00e1l\u00f3 min\u0151s\u00e9g\u0171 anyagokb\u00f3l \u00e9s robusztus mechanizmusokkal k\u00e9sz\u00fclt, hogy hossz\u00fa t\u00e1v\u00fa megb\u00edzhat\u00f3s\u00e1got \u00e9s minim\u00e1lis \u00e1ll\u00e1sid\u0151t biztos\u00edtson, m\u00e9g folyamatos termel\u00e9si k\u00f6rnyezetekben is.<\/strong>, manufacturers can achieve faster, safer, and more efficient PCB transfers, supporting flexible line configurations and high-throughput SMT production. It is an ideal choice for electronics manufacturers seeking an automated, reliable, and precision-controlled solution for PCB handling.<\/p>\n<p data-start=\"1441\" data-end=\"1793\"><img loading=\"lazy\" decoding=\"async\" class=\"alignnone wp-image-22570 aligncenter\" src=\"https:\/\/esmte.com\/wp-content\/uploads\/2025\/12\/11-6-scaled.webp\" alt=\"SMT Telescopic Conveyor\" width=\"627\" height=\"627\" srcset=\"https:\/\/esmte.com\/wp-content\/uploads\/2025\/12\/11-6-scaled.webp 2560w, https:\/\/esmte.com\/wp-content\/uploads\/2025\/12\/11-6-scaled-100x100.webp 100w, https:\/\/esmte.com\/wp-content\/uploads\/2025\/12\/11-6-scaled-600x600.webp 600w, https:\/\/esmte.com\/wp-content\/uploads\/2025\/12\/11-6-300x300.webp 300w, https:\/\/esmte.com\/wp-content\/uploads\/2025\/12\/11-6-1024x1024.webp 1024w, https:\/\/esmte.com\/wp-content\/uploads\/2025\/12\/11-6-150x150.webp 150w, https:\/\/esmte.com\/wp-content\/uploads\/2025\/12\/11-6-768x768.webp 768w, https:\/\/esmte.com\/wp-content\/uploads\/2025\/12\/11-6-1536x1536.webp 1536w, https:\/\/esmte.com\/wp-content\/uploads\/2025\/12\/11-6-2048x2048.webp 2048w, https:\/\/esmte.com\/wp-content\/uploads\/2025\/12\/11-6-1x1.webp 1w, https:\/\/esmte.com\/wp-content\/uploads\/2025\/12\/11-6-10x10.webp 10w\" sizes=\"auto, (max-width: 627px) 100vw, 627px\" \/><\/p>\n<h3>F\u0151bb jellemz\u0151k<\/h3>\n<ul data-start=\"231\" data-end=\"1343\">\n<li data-start=\"231\" data-end=\"412\">\n<p data-start=\"234\" data-end=\"412\"><strong data-start=\"234\" data-end=\"270\">Automatic Telescopic Adjustment:<\/strong> Motorized extension allows the conveyor to automatically adjust its length, bridging gaps between SMT machines without manual intervention.<\/p>\n<\/li>\n<li data-start=\"414\" data-end=\"596\">\n<p data-start=\"417\" data-end=\"596\"><strong data-start=\"417\" data-end=\"452\">Stable and Smooth PCB Transfer:<\/strong> Precision guide rails and reinforced frame ensure low-vibration, reliable transport of boards, protecting components from shifting or damage.<\/p>\n<\/li>\n<li data-start=\"598\" data-end=\"767\">\n<p data-start=\"601\" data-end=\"767\"><strong data-start=\"601\" data-end=\"634\">High-Speed Operation Support:<\/strong> Designed for modern SMT lines, the YTC-350 handles rapid production speeds while maintaining accurate and consistent PCB movement.<\/p>\n<\/li>\n<li data-start=\"769\" data-end=\"945\">\n<p data-start=\"772\" data-end=\"945\"><strong data-start=\"772\" data-end=\"811\">Kompakt \u00e9s helytakar\u00e9kos kialak\u00edt\u00e1s:<\/strong> The modular structure occupies minimal floor space, enabling seamless integration into existing production lines and tight layouts.<\/p>\n<\/li>\n<li data-start=\"947\" data-end=\"1137\">\n<p data-start=\"950\" data-end=\"1137\"><strong data-start=\"950\" data-end=\"986\">User-Friendly Control Interface:<\/strong> Intelligent controls allow operators to adjust speed, position, and operation parameters easily, reducing setup time and optimizing line efficiency.<\/p>\n<\/li>\n<li data-start=\"1139\" data-end=\"1343\">\n<p data-start=\"1142\" data-end=\"1343\"><strong data-start=\"1142\" data-end=\"1187\">Durable and Low-Maintenance Construction:<\/strong> Built with high-quality materials and robust mechanisms to ensure long-term reliability and minimal downtime, even in continuous production environments.<\/p>\n<\/li>\n<\/ul>\n<p>&nbsp;<\/p>\n<p><img loading=\"lazy\" decoding=\"async\" class=\"alignnone  wp-image-23219 aligncenter\" src=\"https:\/\/esmte.com\/wp-content\/uploads\/2025\/12\/\u56fe\u72473_\u526f\u672c.webp\" alt=\"\" width=\"766\" height=\"492\" srcset=\"https:\/\/esmte.com\/wp-content\/uploads\/2025\/12\/\u56fe\u72473_\u526f\u672c.webp 1946w, https:\/\/esmte.com\/wp-content\/uploads\/2025\/12\/\u56fe\u72473_\u526f\u672c-300x193.webp 300w, https:\/\/esmte.com\/wp-content\/uploads\/2025\/12\/\u56fe\u72473_\u526f\u672c-1024x658.webp 1024w, https:\/\/esmte.com\/wp-content\/uploads\/2025\/12\/\u56fe\u72473_\u526f\u672c-768x493.webp 768w, https:\/\/esmte.com\/wp-content\/uploads\/2025\/12\/\u56fe\u72473_\u526f\u672c-1536x987.webp 1536w, https:\/\/esmte.com\/wp-content\/uploads\/2025\/12\/\u56fe\u72473_\u526f\u672c-18x12.webp 18w, https:\/\/esmte.com\/wp-content\/uploads\/2025\/12\/\u56fe\u72473_\u526f\u672c-600x385.webp 600w, https:\/\/esmte.com\/wp-content\/uploads\/2025\/12\/\u56fe\u72473_\u526f\u672c-4x3.webp 4w, https:\/\/esmte.com\/wp-content\/uploads\/2025\/12\/\u56fe\u72473_\u526f\u672c-10x6.webp 10w\" sizes=\"auto, (max-width: 766px) 100vw, 766px\" \/><\/p>\n<p>&nbsp;<\/p>\n<h2>Specifik\u00e1ci\u00f3k<\/h2>\n<table style=\"border-collapse: collapse; width: 1376px; height: 257px;\" border=\"0\" width=\"564\" cellspacing=\"0\" cellpadding=\"0\">\n<tbody>\n<tr style=\"height: 15.00pt;\">\n<td class=\"et2\" style=\"height: 15pt; width: 84.75pt; text-align: center;\" width=\"113\" height=\"20\">Modell<\/td>\n<td class=\"et3\" style=\"width: 89.25pt; text-align: center;\" width=\"119\">YTC-330(Manual)<\/td>\n<td class=\"et4\" style=\"width: 90.75pt; text-align: center;\" width=\"121\">YTC-460(Manual)<\/td>\n<td class=\"et3\" style=\"width: 78.75pt; text-align: center;\" width=\"105\">YTC-350(Auto)<\/td>\n<td class=\"et5\" style=\"width: 79.5pt; text-align: center;\" width=\"106\">YTC-460(Auto)<\/td>\n<\/tr>\n<tr style=\"height: 15.00pt;\">\n<td class=\"et6\" style=\"height: 15pt; width: 84.75pt; text-align: center;\" width=\"113\" height=\"20\">M\u00e9ret (mm)<\/td>\n<td class=\"et7\" style=\"width: 89.25pt; text-align: center;\" width=\"119\">1000*730*1050<\/td>\n<td class=\"et7\" style=\"width: 90.75pt; text-align: center;\" width=\"121\">1000*860*1050<\/td>\n<td class=\"et7\" style=\"width: 78.75pt; text-align: center;\" width=\"105\">1500*850*1300<\/td>\n<td class=\"et8\" style=\"width: 79.5pt; text-align: center;\" width=\"106\">1500*960*1300<\/td>\n<\/tr>\n<tr style=\"height: 15.00pt;\">\n<td class=\"et6\" style=\"height: 15pt; width: 84.75pt; text-align: center;\" width=\"113\" height=\"20\">NY\u00c1K-m\u00e9ret (mm)<\/td>\n<td class=\"et9\" style=\"width: 89.25pt; text-align: center;\" width=\"119\">50*50-445*330<\/td>\n<td class=\"et7\" style=\"width: 90.75pt; text-align: center;\" width=\"121\">50*50-530*460<\/td>\n<td class=\"et7\" style=\"width: 78.75pt; text-align: center;\" width=\"105\">50*50-445*350<\/td>\n<td class=\"et8\" style=\"width: 79.5pt; text-align: center;\" width=\"106\">50*50-530*460<\/td>\n<\/tr>\n<tr style=\"height: 15.00pt;\">\n<td class=\"et6\" style=\"height: 15pt; width: 84.75pt; text-align: center;\" width=\"113\" height=\"20\">Sz\u00e1ll\u00edt\u00e1si magass\u00e1g<\/td>\n<td class=\"et10\" style=\"width: 338.25pt; border-right: 1pt solid #cccccc; text-align: center;\" colspan=\"4\" width=\"451\">900\u00b120mm(or Customer Specified)<\/td>\n<\/tr>\n<tr style=\"height: 15.00pt;\">\n<td class=\"et6\" style=\"height: 15pt; width: 84.75pt; text-align: center;\" width=\"113\" height=\"20\">NY\u00c1K ir\u00e1ny<\/td>\n<td class=\"et10\" style=\"width: 338.25pt; border-right: 1pt solid #cccccc; text-align: center;\" colspan=\"4\" width=\"451\">Balr\u00f3l jobbra vagy jobbr\u00f3l balra<\/td>\n<\/tr>\n<tr style=\"height: 15.00pt;\">\n<td class=\"et6\" style=\"height: 15pt; width: 84.75pt; text-align: center;\" width=\"113\" height=\"20\">Kommunik\u00e1ci\u00f3<\/td>\n<td class=\"et10\" style=\"width: 338.25pt; border-right: 1pt solid #cccccc; text-align: center;\" colspan=\"4\" width=\"451\">SMEMA be- \u00e9s kimen\u0151 forgalomra egyar\u00e1nt<\/td>\n<\/tr>\n<tr style=\"height: 15.00pt;\">\n<td class=\"et6\" style=\"height: 15pt; width: 84.75pt; text-align: center;\" width=\"113\" height=\"20\">T\u00e1pegys\u00e9g<\/td>\n<td class=\"et10\" style=\"width: 338.25pt; border-right: 1pt solid #cccccc; text-align: center;\" colspan=\"4\" width=\"451\">1 f\u00e1zis\u00fa AC 220V 50\/60Hz (opci\u00f3: 110V - 380V)<\/td>\n<\/tr>\n<tr style=\"height: 15.00pt;\">\n<td class=\"et13\" style=\"height: 15pt; width: 84.75pt; text-align: center;\" width=\"113\" height=\"20\">S\u00faly<\/td>\n<td class=\"et14\" style=\"width: 89.25pt; text-align: center;\" width=\"119\">180 kg<\/td>\n<td class=\"et15\" style=\"width: 90.75pt; text-align: center;\" width=\"121\">200 Kg<\/td>\n<td class=\"et15\" style=\"width: 78.75pt; text-align: center;\" width=\"105\">200 Kg<\/td>\n<td class=\"et16\" style=\"width: 79.5pt; text-align: center;\" width=\"106\">230 Kg<\/td>\n<\/tr>\n<\/tbody>\n<\/table>\n<p>&nbsp;<\/p>\n<p><a href=\"https:\/\/www.youtube.com\/@allaismt\" rel=\"nofollow noopener\" target=\"_blank\"><u>https:\/\/www.youtube.com\/@allaismt<\/u><\/a><\/p>\n<p>For more information about the SMT Telescopic Conveyor YTC-460(Auto), please send an email to<\/p>\n<p><a href=\"mailto:sophia@allaismt.com\"><u>sophia@allaismt.com<\/u><\/a><\/p>\n<p>Megkeres\u00e9s\u00e9re halad\u00e9ktalanul v\u00e1laszolunk, \u00e9s r\u00e9szletes t\u00e1j\u00e9koztat\u00e1st ny\u00fajtunk term\u00e9keinkr\u0151l \u00e9s szolg\u00e1ltat\u00e1sainkr\u00f3l.<\/p>","protected":false},"excerpt":{"rendered":"<p>Le\u00edr\u00e1s\uff1aA <strong data-start=\"117\" data-end=\"159\">Kiv\u00e1l\u00f3 min\u0151s\u00e9g\u0171 anyagokb\u00f3l \u00e9s robusztus mechanizmusokkal k\u00e9sz\u00fclt, hogy hossz\u00fa t\u00e1v\u00fa megb\u00edzhat\u00f3s\u00e1got \u00e9s minim\u00e1lis \u00e1ll\u00e1sid\u0151t biztos\u00edtson, m\u00e9g folyamatos termel\u00e9si k\u00f6rnyezetekben is.<\/strong> is an automated extension conveyor designed to enhance PCB transfer efficiency across SMT production lines. Its motorized telescopic system enables precise and smooth adjustment of conveyor length, bridging gaps between machines without manual intervention. Built for high-speed operations, the YTC-350 ensures stable, low-vibration board transport, improves workflow continuity, and supports flexible line layouts. Compact and durable, it is ideal for modern electronics manufacturing environments requiring reliable, automated PCB handling.<\/p>\n<p>Minim\u00e1lis rendel\u00e9si mennyis\u00e9g: 1 db<\/p>\n<p>\u00c1tfut\u00e1si id\u0151: 15 nap<\/p>","protected":false},"featured_media":22577,"comment_status":"closed","ping_status":"closed","template":"","meta":[],"etheme_brands":[],"product_brand":[],"product_cat":[144,131],"product_tag":[],"class_list":{"0":"post-22576","1":"product","2":"type-product","3":"status-publish","4":"has-post-thumbnail","6":"product_cat-pcb-handling-machine","7":"product_cat-smt-peripheral-equipment","9":"first","10":"instock","11":"shipping-taxable","12":"product-type-simple"},"_links":{"self":[{"href":"https:\/\/esmte.com\/hu\/wp-json\/wp\/v2\/product\/22576","targetHints":{"allow":["GET"]}}],"collection":[{"href":"https:\/\/esmte.com\/hu\/wp-json\/wp\/v2\/product"}],"about":[{"href":"https:\/\/esmte.com\/hu\/wp-json\/wp\/v2\/types\/product"}],"replies":[{"embeddable":true,"href":"https:\/\/esmte.com\/hu\/wp-json\/wp\/v2\/comments?post=22576"}],"version-history":[{"count":1,"href":"https:\/\/esmte.com\/hu\/wp-json\/wp\/v2\/product\/22576\/revisions"}],"predecessor-version":[{"id":23225,"href":"https:\/\/esmte.com\/hu\/wp-json\/wp\/v2\/product\/22576\/revisions\/23225"}],"wp:featuredmedia":[{"embeddable":true,"href":"https:\/\/esmte.com\/hu\/wp-json\/wp\/v2\/media\/22577"}],"wp:attachment":[{"href":"https:\/\/esmte.com\/hu\/wp-json\/wp\/v2\/media?parent=22576"}],"wp:term":[{"taxonomy":"brand","embeddable":true,"href":"https:\/\/esmte.com\/hu\/wp-json\/wp\/v2\/etheme_brands?post=22576"},{"taxonomy":"product_brand","embeddable":true,"href":"https:\/\/esmte.com\/hu\/wp-json\/wp\/v2\/product_brand?post=22576"},{"taxonomy":"product_cat","embeddable":true,"href":"https:\/\/esmte.com\/hu\/wp-json\/wp\/v2\/product_cat?post=22576"},{"taxonomy":"product_tag","embeddable":true,"href":"https:\/\/esmte.com\/hu\/wp-json\/wp\/v2\/product_tag?post=22576"}],"curies":[{"name":"munkaf\u00fczet","href":"https:\/\/api.w.org\/{rel}","templated":true}]}}