{"id":22555,"date":"2025-12-01T06:41:42","date_gmt":"2025-12-01T06:41:42","guid":{"rendered":"https:\/\/esmte.com\/?post_type=product&#038;p=22555"},"modified":"2026-01-27T08:53:47","modified_gmt":"2026-01-27T08:53:47","slug":"smt-pcb-reject-conveyor-yr-530","status":"publish","type":"product","link":"https:\/\/esmte.com\/hu\/products\/smt-pcb-reject-conveyor-yr-530\/","title":{"rendered":"Tov\u00e1bbi inform\u00e1ci\u00f3\u00e9rt az SMT PCB Translation Shuttle Conveyor YSC-450-r\u00f3l k\u00e9rj\u00fck, k\u00fcldj\u00f6n egy e-mailt a k\u00f6vetkez\u0151 c\u00edmre:"},"content":{"rendered":"<h2>Bevezet\u00e9s<\/h2>\n<p data-start=\"820\" data-end=\"1171\">A <strong data-start=\"824\" data-end=\"858\">Tov\u00e1bbi inform\u00e1ci\u00f3\u00e9rt az SMT PCB Translation Shuttle Conveyor YSC-450-r\u00f3l k\u00e9rj\u00fck, k\u00fcldj\u00f6n egy e-mailt a k\u00f6vetkez\u0151 c\u00edmre:<\/strong> is engineered to meet the needs of fast-paced SMT production environments where efficiency and accuracy are critical. This advanced conveyor system handles defective PCBs (NG boards) by automatically separating and transporting them away from the main production flow, ensuring smooth and error-free operation.<\/p>\n<p data-start=\"1173\" data-end=\"1563\">The YR-530\u2019s design focuses on seamless integration with existing SMT lines. Its compact footprint allows it to fit into tight spaces without affecting line layout, while its robust construction guarantees stable performance over prolonged use. Smooth and precise board handling minimizes the risk of damage to faulty PCBs, maintaining product quality and protecting downstream equipment.<\/p>\n<p data-start=\"1565\" data-end=\"1841\">Versatile and adaptable, the <strong data-start=\"824\" data-end=\"858\">Tov\u00e1bbi inform\u00e1ci\u00f3\u00e9rt az SMT PCB Translation Shuttle Conveyor YSC-450-r\u00f3l k\u00e9rj\u00fck, k\u00fcldj\u00f6n egy e-mailt a k\u00f6vetkez\u0151 c\u00edmre:<\/strong> supports a wide range of PCB sizes and can operate at various line speeds, making it suitable for diverse manufacturing environments. Its user-friendly controls simplify operation and maintenance, reducing downtime and labor requirements.<\/p>\n<p data-start=\"1843\" data-end=\"2131\">Az\u00e1ltal, hogy be\u00e9p\u00edtj\u00fck a <strong data-start=\"1864\" data-end=\"1898\">Tov\u00e1bbi inform\u00e1ci\u00f3\u00e9rt az SMT PCB Translation Shuttle Conveyor YSC-450-r\u00f3l k\u00e9rj\u00fck, k\u00fcldj\u00f6n egy e-mailt a k\u00f6vetkez\u0151 c\u00edmre:<\/strong>, manufacturers can optimize line efficiency, reduce defective board-related issues, and maintain high throughput. It provides a reliable, durable, and intelligent solution for NG PCB management in modern SMT production facilities.<\/p>\n<p data-start=\"1843\" data-end=\"2131\">\n<p data-start=\"1843\" data-end=\"2131\"><img loading=\"lazy\" decoding=\"async\" class=\"alignnone  wp-image-22557 aligncenter\" src=\"https:\/\/esmte.com\/wp-content\/uploads\/2025\/12\/11-3.webp\" alt=\"SMT PCB Reject Conveyor\" width=\"556\" height=\"549\" srcset=\"https:\/\/esmte.com\/wp-content\/uploads\/2025\/12\/11-3.webp 1569w, https:\/\/esmte.com\/wp-content\/uploads\/2025\/12\/11-3-100x100.webp 100w, https:\/\/esmte.com\/wp-content\/uploads\/2025\/12\/11-3-600x593.webp 600w, https:\/\/esmte.com\/wp-content\/uploads\/2025\/12\/11-3-300x296.webp 300w, https:\/\/esmte.com\/wp-content\/uploads\/2025\/12\/11-3-1024x1012.webp 1024w, https:\/\/esmte.com\/wp-content\/uploads\/2025\/12\/11-3-768x759.webp 768w, https:\/\/esmte.com\/wp-content\/uploads\/2025\/12\/11-3-1536x1517.webp 1536w, https:\/\/esmte.com\/wp-content\/uploads\/2025\/12\/11-3-1x1.webp 1w, https:\/\/esmte.com\/wp-content\/uploads\/2025\/12\/11-3-10x10.webp 10w\" sizes=\"auto, (max-width: 556px) 100vw, 556px\" \/><\/p>\n<p data-start=\"1843\" data-end=\"2131\">\n<h3>F\u0151bb jellemz\u0151k<\/h3>\n<ul>\n<li data-start=\"2183\" data-end=\"2341\">\n<p data-start=\"2186\" data-end=\"2341\"><strong data-start=\"2186\" data-end=\"2222\">Automatic Faulty PCB Collection:<\/strong> Efficiently separates NG boards from the production line, preventing rework errors and improving workflow integrity.<\/p>\n<\/li>\n<li data-start=\"2343\" data-end=\"2481\">\n<p data-start=\"2346\" data-end=\"2481\"><strong data-start=\"2346\" data-end=\"2379\">Precise and Smooth Transport:<\/strong> Ensures stable movement of boards, maintaining continuous operation in high-speed SMT environments.<\/p>\n<\/li>\n<li data-start=\"2483\" data-end=\"2616\">\n<p data-start=\"2486\" data-end=\"2616\"><strong data-start=\"2486\" data-end=\"2513\">Helytakar\u00e9kos kialak\u00edt\u00e1s:<\/strong> Compact layout allows easy integration into existing lines without requiring additional floor space.<\/p>\n<\/li>\n<li data-start=\"2618\" data-end=\"2756\">\n<p data-start=\"2621\" data-end=\"2756\"><strong data-start=\"2621\" data-end=\"2649\">Versatile Compatibility:<\/strong> Accommodates various PCB sizes and adapts to different line speeds for flexible production requirements.<\/p>\n<\/li>\n<li data-start=\"2758\" data-end=\"2885\">\n<p data-start=\"2761\" data-end=\"2885\"><strong data-start=\"2761\" data-end=\"2789\">Intuitive User Controls:<\/strong> Simple interface enables easy setup, monitoring, and maintenance, reducing operator workload.<\/p>\n<\/li>\n<li data-start=\"2887\" data-end=\"3047\">\n<p data-start=\"2890\" data-end=\"3047\"><strong data-start=\"2890\" data-end=\"2931\">Robust and Long-Lasting Construction:<\/strong> Built with premium materials to ensure reliable performance and durability in demanding manufacturing conditions.<\/p>\n<\/li>\n<\/ul>\n<p>&nbsp;<\/p>\n<h2>Specifik\u00e1ci\u00f3k<\/h2>\n<table style=\"border-collapse: collapse; width: 1376px; height: 317px;\" border=\"0\" width=\"491\" cellspacing=\"0\" cellpadding=\"0\">\n<tbody>\n<tr style=\"height: 15.00pt;\">\n<td class=\"et2\" style=\"height: 15pt; width: 117.75pt; text-align: center;\" width=\"157\" height=\"20\">Modell<\/td>\n<td class=\"et3\" style=\"width: 123pt; text-align: center;\" width=\"164\">YR-460<\/td>\n<td class=\"et4\" style=\"width: 127.5pt; text-align: center;\" width=\"170\">YR-530<\/td>\n<\/tr>\n<tr style=\"height: 15.00pt;\">\n<td class=\"et5\" style=\"height: 15pt; width: 117.75pt; text-align: center;\" width=\"157\" height=\"20\">M\u00e9ret (mm)<\/td>\n<td class=\"et6\" style=\"width: 123pt; text-align: center;\" width=\"164\">500*800*950<\/td>\n<td class=\"et7\" style=\"width: 127.5pt; text-align: center;\" width=\"170\">1000*800*950<\/td>\n<\/tr>\n<tr style=\"height: 15.00pt;\">\n<td class=\"et5\" style=\"height: 15pt; width: 117.75pt; text-align: center;\" width=\"157\" height=\"20\">NY\u00c1K-m\u00e9ret (mm)<\/td>\n<td class=\"et6\" style=\"width: 123pt; text-align: center;\" width=\"164\">50*50-460*460<\/td>\n<td class=\"et7\" style=\"width: 127.5pt; text-align: center;\" width=\"170\">50*50-530*460<\/td>\n<\/tr>\n<tr style=\"height: 15.00pt;\">\n<td class=\"et5\" style=\"height: 15pt; width: 117.75pt; text-align: center;\" width=\"157\" height=\"20\">NY\u00c1K ir\u00e1ny<\/td>\n<td class=\"et8\" style=\"width: 250.5pt; border-right: 1pt solid #dddddd; text-align: center;\" colspan=\"2\" width=\"334\">Balr\u00f3l jobbra vagy jobbr\u00f3l balra<\/td>\n<\/tr>\n<tr style=\"height: 15.00pt;\">\n<td class=\"et10\" style=\"height: 15pt; width: 117.75pt; text-align: center;\" width=\"157\" height=\"20\">Sebess\u00e9g<\/td>\n<td class=\"et8\" style=\"width: 250.5pt; border-right: 1pt solid #dddddd; text-align: center;\" colspan=\"2\" width=\"334\">\u00c1ll\u00edthat\u00f3<\/td>\n<\/tr>\n<tr style=\"height: 15.00pt;\">\n<td class=\"et10\" style=\"height: 15pt; width: 117.75pt; text-align: center;\" width=\"157\" height=\"20\">NY\u00c1K-kapacit\u00e1s<\/td>\n<td class=\"et8\" style=\"width: 250.5pt; border-right: 1pt solid #dddddd; text-align: center;\" colspan=\"2\" width=\"334\">8 pcs (or Specify)<\/td>\n<\/tr>\n<tr style=\"height: 15.00pt;\">\n<td class=\"et10\" style=\"height: 15pt; width: 117.75pt; text-align: center;\" width=\"157\" height=\"20\">Vez\u00e9rl\u0151rendszer<\/td>\n<td class=\"et8\" style=\"width: 250.5pt; border-right: 1pt solid #dddddd; text-align: center;\" colspan=\"2\" width=\"334\">Nyrt.<\/td>\n<\/tr>\n<tr style=\"height: 15.00pt;\">\n<td class=\"et10\" style=\"height: 15pt; width: 117.75pt; text-align: center;\" width=\"157\" height=\"20\">Storage Plate Distance<\/td>\n<td class=\"et8\" style=\"width: 250.5pt; border-right: 1pt solid #dddddd; text-align: center;\" colspan=\"2\" width=\"334\">25mm (or Specify)<\/td>\n<\/tr>\n<tr style=\"height: 15.00pt;\">\n<td class=\"et5\" style=\"height: 15pt; width: 117.75pt; text-align: center;\" width=\"157\" height=\"20\">Kommunik\u00e1ci\u00f3<\/td>\n<td class=\"et11\" style=\"width: 250.5pt; border-right: 1pt solid #dddddd; text-align: center;\" colspan=\"2\" width=\"334\">SMEMA be- \u00e9s kimen\u0151 forgalomra egyar\u00e1nt<\/td>\n<\/tr>\n<tr style=\"height: 15.00pt;\">\n<td class=\"et5\" style=\"height: 15.00pt; width: 117.75pt;\" width=\"157\" height=\"20\">T\u00e1pegys\u00e9g<\/td>\n<td class=\"et11\" style=\"width: 250.50pt; border-right: 1.0pt solid #DDDDDD;\" colspan=\"2\" width=\"334\">1 f\u00e1zis\u00fa AC 220V 50\/60Hz (opci\u00f3: 110V - 380V)<\/td>\n<\/tr>\n<tr style=\"height: 15.00pt;\">\n<td class=\"et13\" style=\"height: 15pt; width: 117.75pt; text-align: center;\" width=\"157\" height=\"20\">S\u00faly<\/td>\n<td class=\"et13\" style=\"width: 123pt; text-align: center;\" width=\"164\">85 KG<\/td>\n<td class=\"et13\" style=\"width: 127.5pt; text-align: center;\" width=\"170\">115 KG<\/td>\n<\/tr>\n<\/tbody>\n<\/table>\n<p>&nbsp;<\/p>\n<p><a href=\"https:\/\/www.youtube.com\/@allaismt\" rel=\"nofollow noopener\" target=\"_blank\"><u>https:\/\/www.youtube.com\/@allaismt<\/u><\/a><\/p>\n<p>For more information about the SMT PCB Reject Conveyor YR-460, please send an email to<\/p>\n<p><a href=\"mailto:sophia@allaismt.com\"><u>sophia@allaismt.com<\/u><\/a><\/p>\n<p>Megkeres\u00e9s\u00e9re halad\u00e9ktalanul v\u00e1laszolunk, \u00e9s r\u00e9szletes t\u00e1j\u00e9koztat\u00e1st ny\u00fajtunk term\u00e9keinkr\u0151l \u00e9s szolg\u00e1ltat\u00e1sainkr\u00f3l.<\/p>","protected":false},"excerpt":{"rendered":"<p>Le\u00edr\u00e1s\uff1aA <strong data-start=\"168\" data-end=\"202\">Tov\u00e1bbi inform\u00e1ci\u00f3\u00e9rt az SMT PCB Translation Shuttle Conveyor YSC-450-r\u00f3l k\u00e9rj\u00fck, k\u00fcldj\u00f6n egy e-mailt a k\u00f6vetkez\u0151 c\u00edmre:<\/strong> Pr\u00e9mium anyagokb\u00f3l k\u00e9sz\u00fclt, hogy megb\u00edzhat\u00f3 teljes\u00edtm\u00e9nyt \u00e9s tart\u00f3ss\u00e1got biztos\u00edtson a meger\u0151ltet\u0151 gy\u00e1rt\u00e1si k\u00f6r\u00fclm\u00e9nyek k\u00f6z\u00f6tt.<\/p>\n<p>Minim\u00e1lis rendel\u00e9si mennyis\u00e9g: 1 db<\/p>\n<p>\u00c1tfut\u00e1si id\u0151: 15 nap<\/p>","protected":false},"featured_media":22553,"comment_status":"closed","ping_status":"closed","template":"","meta":[],"etheme_brands":[],"product_brand":[],"product_cat":[144,131],"product_tag":[],"class_list":{"0":"post-22555","1":"product","2":"type-product","3":"status-publish","4":"has-post-thumbnail","6":"product_cat-pcb-handling-machine","7":"product_cat-smt-peripheral-equipment","9":"first","10":"instock","11":"shipping-taxable","12":"product-type-simple"},"_links":{"self":[{"href":"https:\/\/esmte.com\/hu\/wp-json\/wp\/v2\/product\/22555","targetHints":{"allow":["GET"]}}],"collection":[{"href":"https:\/\/esmte.com\/hu\/wp-json\/wp\/v2\/product"}],"about":[{"href":"https:\/\/esmte.com\/hu\/wp-json\/wp\/v2\/types\/product"}],"replies":[{"embeddable":true,"href":"https:\/\/esmte.com\/hu\/wp-json\/wp\/v2\/comments?post=22555"}],"version-history":[{"count":1,"href":"https:\/\/esmte.com\/hu\/wp-json\/wp\/v2\/product\/22555\/revisions"}],"predecessor-version":[{"id":22559,"href":"https:\/\/esmte.com\/hu\/wp-json\/wp\/v2\/product\/22555\/revisions\/22559"}],"wp:featuredmedia":[{"embeddable":true,"href":"https:\/\/esmte.com\/hu\/wp-json\/wp\/v2\/media\/22553"}],"wp:attachment":[{"href":"https:\/\/esmte.com\/hu\/wp-json\/wp\/v2\/media?parent=22555"}],"wp:term":[{"taxonomy":"brand","embeddable":true,"href":"https:\/\/esmte.com\/hu\/wp-json\/wp\/v2\/etheme_brands?post=22555"},{"taxonomy":"product_brand","embeddable":true,"href":"https:\/\/esmte.com\/hu\/wp-json\/wp\/v2\/product_brand?post=22555"},{"taxonomy":"product_cat","embeddable":true,"href":"https:\/\/esmte.com\/hu\/wp-json\/wp\/v2\/product_cat?post=22555"},{"taxonomy":"product_tag","embeddable":true,"href":"https:\/\/esmte.com\/hu\/wp-json\/wp\/v2\/product_tag?post=22555"}],"curies":[{"name":"munkaf\u00fczet","href":"https:\/\/api.w.org\/{rel}","templated":true}]}}