{"id":22486,"date":"2025-11-29T02:55:26","date_gmt":"2025-11-29T02:55:26","guid":{"rendered":"https:\/\/esmte.com\/?post_type=product&#038;p=22486"},"modified":"2026-01-27T09:05:14","modified_gmt":"2026-01-27T09:05:14","slug":"pcb-change-edge-machine-yc-390","status":"publish","type":"product","link":"https:\/\/esmte.com\/hu\/products\/pcb-change-edge-machine-yc-390\/","title":{"rendered":"SMT PCB Change Edge Machine YC-390"},"content":{"rendered":"<h2>Bevezet\u00e9s<\/h2>\n<p data-start=\"115\" data-end=\"624\">A <strong>SMT\u00a0PCB Change Edge Machine YC-390<\/strong> egy fejlett NY\u00c1K-ir\u00e1nybe\u00e1ll\u00edt\u00f3 megold\u00e1s, amelyet a modern SMT gy\u00e1rt\u00f3sorokhoz terveztek, amelyek nagyobb rugalmass\u00e1got, stabilit\u00e1st \u00e9s kezel\u00e9si pontoss\u00e1got ig\u00e9nyelnek. A nagyobb NY\u00c1K-form\u00e1tumok kezel\u00e9s\u00e9re tervezett YC-390 fokozott teljes\u00edtm\u00e9nyt k\u00edn\u00e1l a k\u00fcl\u00f6nf\u00e9le term\u00e9kt\u00edpusokat \u00e9s \u00f6sszetett folyamatelrendez\u00e9seket kezel\u0151 gy\u00e1rt\u00f3k sz\u00e1m\u00e1ra. Tov\u00e1bbfejlesztett \u00e1tviteli rendszere biztos\u00edtja a lapok sima \u00e9s pontos \u00e1tir\u00e1ny\u00edt\u00e1s\u00e1t, lehet\u0151v\u00e9 t\u00e9ve a hat\u00e9kony \u00e1raml\u00e1si \u00e1tmeneteket a gy\u00e1rt\u00f3sori \u00e1tviteli sebess\u00e9g megszak\u00edt\u00e1sa n\u00e9lk\u00fcl.<\/p>\n<p data-start=\"626\" data-end=\"1024\">A meger\u0151s\u00edtett mechanikai szerkezetnek k\u00f6sz\u00f6nhet\u0151en az YC-390 kiv\u00e9teles stabilit\u00e1st biztos\u00edt folyamatos m\u0171k\u00f6d\u00e9s k\u00f6zben. A robusztus kialak\u00edt\u00e1s minimaliz\u00e1lja a rezg\u00e9st \u00e9s biztos\u00edtja az \u00e1lland\u00f3 illeszked\u00e9st m\u00e9g nagy volumen\u0171 k\u00f6rnyezetekben is, ahol a megb\u00edzhat\u00f3 kezel\u00e9s elengedhetetlen. Tart\u00f3ss\u00e1g\u00e1nak k\u00f6sz\u00f6nhet\u0151en kiv\u00e1l\u00f3an alkalmas hossz\u00fa t\u00e1v\u00fa ipari haszn\u00e1latra, cs\u00f6kkentve a karbantart\u00e1s gyakoris\u00e1g\u00e1t \u00e9s jav\u00edtva az \u00e1ltal\u00e1nos termel\u00e9si \u00fczemid\u0151t.<\/p>\n<p data-start=\"1026\" data-end=\"1401\">Az integr\u00e1ci\u00f3 az egyik legfontosabb er\u0151ss\u00e9ge <strong>SMT\u00a0PCB Change Edge Machine YC-390<\/strong>. A g\u00e9p k\u00f6nnyed\u00e9n szinkroniz\u00e1l\u00f3dik a folyamat upstream \u00e9s downstream SMT berendez\u00e9seivel, t\u00e1mogatva a z\u00f6kken\u0151mentes munkafolyamat-\u00e1tmeneteket \u00e9s cs\u00f6kkentve a manu\u00e1lis be\u00e1ll\u00edt\u00e1sok sz\u00fcks\u00e9gess\u00e9g\u00e9t. Ez az alkalmazkod\u00f3k\u00e9pess\u00e9g rugalmass\u00e1got biztos\u00edt a gy\u00e1rt\u00f3k sz\u00e1m\u00e1ra a gy\u00e1rt\u00f3sor elrendez\u00e9s\u00e9nek optimaliz\u00e1l\u00e1s\u00e1ban, a folyamatok \u00e1tkonfigur\u00e1l\u00e1s\u00e1ban \u00e9s a v\u00e1ltoz\u00f3 termel\u00e9si ig\u00e9nyekre val\u00f3 gyors reag\u00e1l\u00e1sban.<\/p>\n<p data-start=\"1403\" data-end=\"1716\">Ezenk\u00edv\u00fcl az YC-390 intuit\u00edv kezel\u0151fel\u00fclettel rendelkezik, amely megk\u00f6nny\u00edti a be\u00e1ll\u00edt\u00e1st, a param\u00e9terek m\u00f3dos\u00edt\u00e1s\u00e1t \u00e9s a rendszeres karbantart\u00e1st a kezel\u0151k sz\u00e1m\u00e1ra, f\u00fcggetlen\u00fcl a k\u00e9pzetts\u00e9gi szintt\u0151l. Helytakar\u00e9kos kialak\u00edt\u00e1s\u00e1nak k\u00f6sz\u00f6nhet\u0151en a gy\u00e1rak az \u00e9rt\u00e9kes alapter\u00fclet fel\u00e1ldoz\u00e1sa n\u00e9lk\u00fcl n\u00f6velhetik az ir\u00e1nyv\u00e1lt\u00e1si k\u00e9pess\u00e9get.<\/p>\n<p data-start=\"1718\" data-end=\"1987\">Prec\u00edz kezelhet\u0151s\u00e9g\u00e9nek, robusztus fel\u00e9p\u00edt\u00e9s\u00e9nek \u00e9s a k\u00fcl\u00f6nf\u00e9le NY\u00c1K-m\u00e9retekkel val\u00f3 kiv\u00e1l\u00f3 kompatibilit\u00e1s\u00e1nak k\u00f6sz\u00f6nhet\u0151en a<strong> SMT\u00a0PCB Change Edge Machine YC-390<\/strong> megb\u00edzhat\u00f3 megold\u00e1st k\u00edn\u00e1l a termel\u00e9si hat\u00e9konys\u00e1g \u00e9s az elrendez\u00e9s rugalmass\u00e1g\u00e1nak jav\u00edt\u00e1s\u00e1ra a modern elektronikai gy\u00e1rt\u00f3sorokon.<\/p>\n<p data-start=\"1718\" data-end=\"1987\"><img loading=\"lazy\" decoding=\"async\" class=\"aligncenter wp-image-22478\" src=\"https:\/\/esmte.com\/wp-content\/uploads\/2025\/11\/11-12.webp\" alt=\"SMT PCB Change Edge Machine YC-250\" width=\"609\" height=\"610\" srcset=\"https:\/\/esmte.com\/wp-content\/uploads\/2025\/11\/11-12.webp 1558w, https:\/\/esmte.com\/wp-content\/uploads\/2025\/11\/11-12-100x100.webp 100w, https:\/\/esmte.com\/wp-content\/uploads\/2025\/11\/11-12-600x601.webp 600w, https:\/\/esmte.com\/wp-content\/uploads\/2025\/11\/11-12-300x300.webp 300w, https:\/\/esmte.com\/wp-content\/uploads\/2025\/11\/11-12-1022x1024.webp 1022w, https:\/\/esmte.com\/wp-content\/uploads\/2025\/11\/11-12-150x150.webp 150w, https:\/\/esmte.com\/wp-content\/uploads\/2025\/11\/11-12-768x769.webp 768w, https:\/\/esmte.com\/wp-content\/uploads\/2025\/11\/11-12-1533x1536.webp 1533w, https:\/\/esmte.com\/wp-content\/uploads\/2025\/11\/11-12-1x1.webp 1w, https:\/\/esmte.com\/wp-content\/uploads\/2025\/11\/11-12-10x10.webp 10w\" sizes=\"auto, (max-width: 609px) 100vw, 609px\" \/><\/p>\n<h3>F\u0151bb jellemz\u0151k<\/h3>\n<ul>\n<li data-start=\"215\" data-end=\"423\">\n<p data-start=\"217\" data-end=\"423\"><strong data-start=\"217\" data-end=\"257\">Nagy pontoss\u00e1g\u00fa ir\u00e1nybe\u00e1ll\u00edt\u00e1s:<\/strong> Az YC-390 sima, pontos NY\u00c1K-\u00e1tir\u00e1ny\u00edt\u00e1st k\u00edn\u00e1l, hogy illeszkedjen az \u00f6sszetett SMT-vonalelrendez\u00e9sekhez, biztos\u00edtva a konzisztens kezel\u00e9si min\u0151s\u00e9get m\u00e9g nagyobb k\u00e1rtyaform\u00e1tumok feldolgoz\u00e1sa eset\u00e9n is.<\/p>\n<\/li>\n<li data-start=\"425\" data-end=\"654\">\n<p data-start=\"427\" data-end=\"654\"><strong data-start=\"427\" data-end=\"463\">Meger\u0151s\u00edtett mechanikai szerkezet:<\/strong> Meger\u0151s\u00edtett v\u00e1zzal \u00e9s tart\u00f3s alkatr\u00e9szekkel tervezt\u00e9k, kiv\u00e1l\u00f3 m\u0171k\u00f6d\u00e9si stabilit\u00e1st biztos\u00edt, cs\u00f6kkenti a rezg\u00e9st, \u00e9s megb\u00edzhat\u00f3 teljes\u00edtm\u00e9nyt ny\u00fajt hossz\u00fa t\u00e1v\u00fa, folyamatos haszn\u00e1lat sor\u00e1n.<\/p>\n<\/li>\n<li data-start=\"656\" data-end=\"859\">\n<p data-start=\"658\" data-end=\"859\"><strong data-start=\"658\" data-end=\"688\">Nagyobb NY\u00c1K-m\u00e9reteket t\u00e1mogat:<\/strong> Az YC-390 sz\u00e9lesebb k\u00e1rtyam\u00e9ret-v\u00e1laszt\u00e9kot k\u00e9pes kezelni, \u00edgy nagyobb rugalmass\u00e1got biztos\u00edt a gy\u00e1rt\u00f3knak a k\u00fcl\u00f6nb\u00f6z\u0151 term\u00e9kt\u00edpusok \u00e9s a t\u00f6bbl\u00e9pcs\u0151s gy\u00e1rt\u00e1si k\u00f6vetelm\u00e9nyek tekintet\u00e9ben.<\/p>\n<\/li>\n<li data-start=\"861\" data-end=\"1075\">\n<p data-start=\"863\" data-end=\"1075\"><strong data-start=\"863\" data-end=\"895\">K\u00f6nny\u0171 vonalintegr\u00e1ci\u00f3:<\/strong> A g\u00e9p hat\u00e9konyan szinkroniz\u00e1l\u00f3dik a folyamatot megel\u0151z\u0151 \u00e9s k\u00f6vet\u0151 SMT berendez\u00e9sekkel, lehet\u0151v\u00e9 t\u00e9ve a zavartalan munkafolyamat-\u00e1tmeneteket \u00e9s cs\u00f6kkentve a gyakori manu\u00e1lis be\u00e1ll\u00edt\u00e1sok sz\u00fcks\u00e9gess\u00e9g\u00e9t.<\/p>\n<\/li>\n<li data-start=\"1077\" data-end=\"1287\">\n<p data-start=\"1079\" data-end=\"1287\"><strong data-start=\"1079\" data-end=\"1107\">Felhaszn\u00e1l\u00f3bar\u00e1t m\u0171k\u00f6d\u00e9s:<\/strong> Az intuit\u00edv kezel\u0151fel\u00fcletnek k\u00f6sz\u00f6nhet\u0151en a kezel\u0151k minim\u00e1lis k\u00e9pz\u00e9ssel k\u00f6nnyen konfigur\u00e1lhatj\u00e1k a be\u00e1ll\u00edt\u00e1sokat, v\u00e9gezhetnek m\u00f3dos\u00edt\u00e1sokat \u00e9s kezelhetik a rendszeres karbantart\u00e1st, n\u00f6velve ezzel a napi termel\u00e9kenys\u00e9get.<\/p>\n<\/li>\n<li data-start=\"1289\" data-end=\"1504\">\n<p data-start=\"1291\" data-end=\"1504\"><strong data-start=\"1291\" data-end=\"1318\">Helytakar\u00e9kos kialak\u00edt\u00e1s:<\/strong> Kompakt m\u00e9ret\u00e9nek k\u00f6sz\u00f6nhet\u0151en a gy\u00e1rt\u00f3k optimaliz\u00e1lhatj\u00e1k a gy\u00e1r elrendez\u00e9s\u00e9t, mik\u00f6zben \u00e9rt\u00e9kes ir\u00e1nyv\u00e1lt\u00f3 funkci\u00f3kat is biztos\u00edtanak, \u00edgy maximaliz\u00e1lva a rendelkez\u00e9sre \u00e1ll\u00f3 termel\u00e9si ter\u00fclet kihaszn\u00e1l\u00e1s\u00e1t.<\/p>\n<\/li>\n<\/ul>\n<p>&nbsp;<\/p>\n<h2>Specifik\u00e1ci\u00f3k<\/h2>\n<table style=\"height: 262px;\" width=\"1377\">\n<tbody>\n<tr>\n<td style=\"text-align: center;\" width=\"124\">Modell<\/td>\n<td style=\"text-align: center;\" width=\"168\">YC-250<\/td>\n<td style=\"text-align: center;\" width=\"164\">YC-330<\/td>\n<td style=\"text-align: center;\" width=\"164\">YC-390<\/td>\n<\/tr>\n<tr>\n<td style=\"text-align: center;\" width=\"124\">M\u00e9ret (mm)<\/td>\n<td style=\"text-align: center;\" width=\"168\">1000*904*900<\/td>\n<td style=\"text-align: center;\" width=\"164\">1000*945*900<\/td>\n<td style=\"text-align: center;\" width=\"164\">1150*998*900<\/td>\n<\/tr>\n<tr>\n<td style=\"text-align: center;\" width=\"124\">NY\u00c1K-m\u00e9ret<\/td>\n<td style=\"text-align: center;\" width=\"168\">50*50-330*250<\/td>\n<td style=\"text-align: center;\" width=\"164\">50*50-445*330<\/td>\n<td style=\"text-align: center;\" width=\"164\">50*50-530*390<\/td>\n<\/tr>\n<tr>\n<td style=\"text-align: center;\" width=\"124\">Ciklusid\u0151<\/td>\n<td style=\"text-align: center;\" colspan=\"3\" width=\"496\">Kb. 4 m\u00e1sodperc<\/td>\n<\/tr>\n<tr>\n<td style=\"text-align: center;\" width=\"124\">Vez\u00e9rl\u0151rendszer<\/td>\n<td style=\"text-align: center;\" colspan=\"3\" width=\"496\">Nyrt.<\/td>\n<\/tr>\n<tr>\n<td style=\"text-align: center;\" width=\"124\">Kommunik\u00e1ci\u00f3<\/td>\n<td style=\"text-align: center;\" colspan=\"3\" width=\"496\">SMEMA be- \u00e9s kimen\u0151 forgalomra egyar\u00e1nt<\/td>\n<\/tr>\n<tr>\n<td style=\"text-align: center;\" width=\"124\">T\u00e1pegys\u00e9g<\/td>\n<td style=\"text-align: center;\" colspan=\"3\" width=\"496\">1 f\u00e1zis\u00fa AC 220V 50\/60Hz<br \/>\n(Opci\u00f3: 110V - 380V)<\/td>\n<\/tr>\n<tr>\n<td style=\"text-align: center;\" width=\"124\">S\u00faly<\/td>\n<td style=\"text-align: center;\" width=\"168\">140 kg<\/td>\n<td style=\"text-align: center;\" width=\"164\">160 kg<\/td>\n<td style=\"text-align: center;\" width=\"164\">180 kg<\/td>\n<\/tr>\n<\/tbody>\n<\/table>\n<p>&nbsp;<\/p>\n<p><a href=\"https:\/\/www.youtube.com\/@allaismt\" rel=\"nofollow noopener\" target=\"_blank\"><u>https:\/\/www.youtube.com\/@allaismt<\/u><\/a><\/p>\n<p>A YC-330 NY\u00c1K-cser\u00e9l\u0151 \u00e9lg\u00e9ppel kapcsolatos tov\u00e1bbi inform\u00e1ci\u00f3k\u00e9rt k\u00e9rj\u00fck, k\u00fcldj\u00f6n e-mailt a k\u00f6vetkez\u0151 c\u00edmre:<\/p>\n<p><a href=\"mailto:sophia@allaismt.com\"><u>sophia@allaismt.com<\/u><\/a><\/p>\n<p>Megkeres\u00e9s\u00e9re halad\u00e9ktalanul v\u00e1laszolunk, \u00e9s r\u00e9szletes t\u00e1j\u00e9koztat\u00e1st ny\u00fajtunk term\u00e9keinkr\u0151l \u00e9s szolg\u00e1ltat\u00e1sainkr\u00f3l.<\/p>","protected":false},"excerpt":{"rendered":"<p>Le\u00edr\u00e1s\uff1aA<strong> SMT PCB Change Edge Machine YC-390<\/strong> egy nagy hat\u00e9konys\u00e1g\u00fa, sorba \u00e9p\u00edtett eszk\u00f6z, amelyet a NY\u00c1K-ok orient\u00e1ci\u00f3j\u00e1nak z\u00f6kken\u0151mentes be\u00e1ll\u00edt\u00e1s\u00e1ra terveztek az SMT gy\u00e1rt\u00f3sorokon bel\u00fcl. A tov\u00e1bbfejlesztett \u00e1tviteli mechanizmusnak \u00e9s a meger\u0151s\u00edtett szerkezetnek k\u00f6sz\u00f6nhet\u0151en biztos\u00edtja a lapok stabil \u00e9s pontos \u00e1tir\u00e1ny\u00edt\u00e1s\u00e1t, hogy illeszkedjen a k\u00fcl\u00f6nf\u00e9le elrendez\u00e9si konfigur\u00e1ci\u00f3khoz. Az YC-390 nagyobb NY\u00c1K-m\u00e9reteket t\u00e1mogat, kiv\u00e1l\u00f3 kompatibilit\u00e1st k\u00edn\u00e1l, \u00e9s \u00e1lland\u00f3 kezel\u00e9si min\u0151s\u00e9get biztos\u00edt. K\u00f6nny\u0171 integr\u00e1ci\u00f3ja, felhaszn\u00e1l\u00f3bar\u00e1t m\u0171k\u00f6d\u00e9se \u00e9s megb\u00edzhat\u00f3 teljes\u00edtm\u00e9nye ide\u00e1lis megold\u00e1ss\u00e1 teszi a termel\u00e9si rugalmass\u00e1g n\u00f6vel\u00e9s\u00e9re \u00e9s a gy\u00e1rt\u00f3sori \u00e1raml\u00e1s optimaliz\u00e1l\u00e1s\u00e1ra a modern elektronikai gy\u00e1rt\u00e1sban.<\/p>\n<p>Minim\u00e1lis rendel\u00e9si mennyis\u00e9g: 1 db<\/p>\n<p>\u00c1tfut\u00e1si id\u0151: 15 nap<\/p>","protected":false},"featured_media":22487,"comment_status":"closed","ping_status":"closed","template":"","meta":[],"etheme_brands":[],"product_brand":[],"product_cat":[144,131],"product_tag":[],"class_list":{"0":"post-22486","1":"product","2":"type-product","3":"status-publish","4":"has-post-thumbnail","6":"product_cat-pcb-handling-machine","7":"product_cat-smt-peripheral-equipment","9":"first","10":"instock","11":"shipping-taxable","12":"product-type-simple"},"_links":{"self":[{"href":"https:\/\/esmte.com\/hu\/wp-json\/wp\/v2\/product\/22486","targetHints":{"allow":["GET"]}}],"collection":[{"href":"https:\/\/esmte.com\/hu\/wp-json\/wp\/v2\/product"}],"about":[{"href":"https:\/\/esmte.com\/hu\/wp-json\/wp\/v2\/types\/product"}],"replies":[{"embeddable":true,"href":"https:\/\/esmte.com\/hu\/wp-json\/wp\/v2\/comments?post=22486"}],"version-history":[{"count":1,"href":"https:\/\/esmte.com\/hu\/wp-json\/wp\/v2\/product\/22486\/revisions"}],"predecessor-version":[{"id":23817,"href":"https:\/\/esmte.com\/hu\/wp-json\/wp\/v2\/product\/22486\/revisions\/23817"}],"wp:featuredmedia":[{"embeddable":true,"href":"https:\/\/esmte.com\/hu\/wp-json\/wp\/v2\/media\/22487"}],"wp:attachment":[{"href":"https:\/\/esmte.com\/hu\/wp-json\/wp\/v2\/media?parent=22486"}],"wp:term":[{"taxonomy":"brand","embeddable":true,"href":"https:\/\/esmte.com\/hu\/wp-json\/wp\/v2\/etheme_brands?post=22486"},{"taxonomy":"product_brand","embeddable":true,"href":"https:\/\/esmte.com\/hu\/wp-json\/wp\/v2\/product_brand?post=22486"},{"taxonomy":"product_cat","embeddable":true,"href":"https:\/\/esmte.com\/hu\/wp-json\/wp\/v2\/product_cat?post=22486"},{"taxonomy":"product_tag","embeddable":true,"href":"https:\/\/esmte.com\/hu\/wp-json\/wp\/v2\/product_tag?post=22486"}],"curies":[{"name":"munkaf\u00fczet","href":"https:\/\/api.w.org\/{rel}","templated":true}]}}