{"id":22477,"date":"2025-11-29T02:19:09","date_gmt":"2025-11-29T02:19:09","guid":{"rendered":"https:\/\/esmte.com\/?post_type=product&#038;p=22477"},"modified":"2026-01-27T09:05:45","modified_gmt":"2026-01-27T09:05:45","slug":"pcb-change-edge-machine-yc-250","status":"publish","type":"product","link":"https:\/\/esmte.com\/hu\/products\/pcb-change-edge-machine-yc-250\/","title":{"rendered":"SMT PCB Change Edge Machine YC-250"},"content":{"rendered":"<h2>Bevezet\u00e9s<\/h2>\n<p data-start=\"120\" data-end=\"624\">A<strong> SMT PCB V\u00e1lt\u00f3\u00e9l G\u00e9p YC-250<\/strong> egy rendk\u00edv\u00fcl hat\u00e9kony, sorba \u00e9p\u00edtett \u00e1tviteli eszk\u00f6z, amelyet kifejezetten a NY\u00c1K-\u00e1raml\u00e1s orient\u00e1ci\u00f3j\u00e1nak optimaliz\u00e1l\u00e1s\u00e1ra terveztek a modern SMT gy\u00e1rt\u00e1si k\u00f6rnyezetekben. Ahogy a gy\u00e1rt\u00f3sorok egyre kompaktabb\u00e1 \u00e9s diverzifik\u00e1ltabb\u00e1 v\u00e1lnak, az YC-250 NY\u00c1K-\u00e9lv\u00e1lt\u00f3 g\u00e9p rugalmas \u00e9s prec\u00edz megold\u00e1st k\u00edn\u00e1l a NY\u00c1K-ir\u00e1ny be\u00e1ll\u00edt\u00e1s\u00e1ra an\u00e9lk\u00fcl, hogy jelent\u0151s gy\u00e1rt\u00f3sori m\u00f3dos\u00edt\u00e1sokra lenne sz\u00fcks\u00e9g. Stabil mechanikai kialak\u00edt\u00e1sa biztos\u00edtja a sima, rezg\u00e9smentes mozg\u00e1st, lehet\u0151v\u00e9 t\u00e9ve a k\u00fcl\u00f6nb\u00f6z\u0151 m\u00e9ret\u0171 NY\u00c1K-ok k\u00f6vetkezetes kezel\u00e9s\u00e9t.<\/p>\n<p data-start=\"626\" data-end=\"1029\">A tart\u00f3ss\u00e1got \u00e9s a m\u0171k\u00f6d\u00e9si megb\u00edzhat\u00f3s\u00e1got szem el\u0151tt tartva \u00e9p\u00edtett\u00fck,<strong> SMT PCB V\u00e1lt\u00f3\u00e9l G\u00e9p YC-250<\/strong> meger\u0151s\u00edtett v\u00e1zzal, prec\u00edzi\u00f3s hajt\u00e1s\u00fa sz\u00e1ll\u00edt\u00f3szalag modulokkal \u00e9s intelligens vez\u00e9rl\u0151rendszerrel rendelkezik, amely t\u00e1mogatja a z\u00f6kken\u0151mentes szinkroniz\u00e1ci\u00f3t az upstream \u00e9s downstream berendez\u00e9sekkel. Ez lehet\u0151v\u00e9 teszi a g\u00e9p folyamatos m\u0171k\u00f6d\u00e9s\u00e9t ig\u00e9nyes termel\u00e9si k\u00f6r\u00fclm\u00e9nyek k\u00f6z\u00f6tt, mik\u00f6zben kiv\u00e1l\u00f3 \u00e1tviteli pontoss\u00e1got \u00e9s minim\u00e1lis \u00e1ll\u00e1sid\u0151t biztos\u00edt.<\/p>\n<p data-start=\"1031\" data-end=\"1508\">Az YC-250 felhaszn\u00e1l\u00f3bar\u00e1t kezel\u0151fel\u00fclet\u00e9vel t\u0171nik ki, amely m\u00e9g az \u00faj kezel\u0151k sz\u00e1m\u00e1ra is egyszer\u0171v\u00e9 teszi a be\u00e1ll\u00edt\u00e1st, a be\u00e1ll\u00edt\u00e1sokat \u00e9s a karbantart\u00e1st. Kompakt m\u00e9ret\u00e9nek k\u00f6sz\u00f6nhet\u0151en a gy\u00e1rak maximaliz\u00e1lhatj\u00e1k a helykihaszn\u00e1l\u00e1st, m\u00edg a t\u00f6bb NY\u00c1K-specifik\u00e1ci\u00f3val val\u00f3 kompatibilit\u00e1sa nagyobb gy\u00e1rt\u00f3sori rugalmass\u00e1got biztos\u00edt. Ak\u00e1r a k\u00e1rty\u00e1inak \u00e1tir\u00e1ny\u00edt\u00e1s\u00e1r\u00f3l, az elrendez\u00e9si folyamat optimaliz\u00e1l\u00e1s\u00e1r\u00f3l vagy a folyamatok hat\u00e9konys\u00e1g\u00e1nak n\u00f6vel\u00e9s\u00e9r\u0151l van sz\u00f3, az YC-250 megb\u00edzhat\u00f3 teljes\u00edtm\u00e9nyt ny\u00fajt, amelyet az elektronikai gy\u00e1rt\u00f3k ig\u00e9nyeihez szabtak.<\/p>\n<p data-start=\"1510\" data-end=\"1719\">A stabilit\u00e1s, a rugalmass\u00e1g \u00e9s a k\u00f6nny\u0171 integr\u00e1ci\u00f3 egyens\u00faly\u00e1val a <strong>SMT PCB V\u00e1lt\u00f3\u00e9l G\u00e9p YC-250<\/strong> ide\u00e1lis kieg\u00e9sz\u00edt\u0151je az SMT gy\u00e1rt\u00f3soroknak, amelyek jobb m\u0171k\u00f6d\u00e9si rugalmass\u00e1got \u00e9s hossz\u00fa t\u00e1v\u00fa termel\u00e9si hat\u00e9konys\u00e1got keresnek.<\/p>\n<p data-start=\"1510\" data-end=\"1719\"><img loading=\"lazy\" decoding=\"async\" class=\"aligncenter wp-image-22478\" src=\"https:\/\/esmte.com\/wp-content\/uploads\/2025\/11\/11-12.webp\" alt=\"SMT PCB Change Edge Machine YC-250\" width=\"605\" height=\"606\" srcset=\"https:\/\/esmte.com\/wp-content\/uploads\/2025\/11\/11-12.webp 1558w, https:\/\/esmte.com\/wp-content\/uploads\/2025\/11\/11-12-100x100.webp 100w, https:\/\/esmte.com\/wp-content\/uploads\/2025\/11\/11-12-600x601.webp 600w, https:\/\/esmte.com\/wp-content\/uploads\/2025\/11\/11-12-300x300.webp 300w, https:\/\/esmte.com\/wp-content\/uploads\/2025\/11\/11-12-1022x1024.webp 1022w, https:\/\/esmte.com\/wp-content\/uploads\/2025\/11\/11-12-150x150.webp 150w, https:\/\/esmte.com\/wp-content\/uploads\/2025\/11\/11-12-768x769.webp 768w, https:\/\/esmte.com\/wp-content\/uploads\/2025\/11\/11-12-1533x1536.webp 1533w, https:\/\/esmte.com\/wp-content\/uploads\/2025\/11\/11-12-1x1.webp 1w, https:\/\/esmte.com\/wp-content\/uploads\/2025\/11\/11-12-10x10.webp 10w\" sizes=\"auto, (max-width: 605px) 100vw, 605px\" \/><\/p>\n<h3>F\u0151bb jellemz\u0151k<\/h3>\n<ul>\n<li data-start=\"218\" data-end=\"442\">\n<p data-start=\"220\" data-end=\"442\"><strong data-start=\"220\" data-end=\"256\">Sima NY\u00c1K ir\u00e1ny\u00e1ll\u00edt\u00e1s:<\/strong> Az YC-250 stabil \u00e9s pontos \u00e9lv\u00e1ltoztat\u00e1si teljes\u00edtm\u00e9nyt ny\u00fajt, lehet\u0151v\u00e9 t\u00e9ve a NY\u00c1K-ok z\u00f6kken\u0151mentes \u00e1tir\u00e1ny\u00edt\u00e1s\u00e1t az SMT gy\u00e1rt\u00f3sorokon bel\u00fcl, mik\u00f6zben meg\u0151rzi az \u00e1lland\u00f3 kezel\u00e9si min\u0151s\u00e9get.<\/p>\n<\/li>\n<li data-start=\"444\" data-end=\"654\">\n<p data-start=\"446\" data-end=\"654\"><strong data-start=\"446\" data-end=\"478\">Robusztus mechanikai szerkezet:<\/strong> A meger\u0151s\u00edtett v\u00e1zzal \u00e9s prec\u00edzi\u00f3s hajt\u00e1s\u00fa sz\u00e1ll\u00edt\u00f3szalag-egys\u00e9gekkel tervezett g\u00e9p hossz\u00fa t\u00e1v\u00fa \u00fczembiztons\u00e1got \u00e9s cs\u00f6kkentett rezg\u00e9st biztos\u00edt a folyamatos gy\u00e1rt\u00e1s sor\u00e1n.<\/p>\n<\/li>\n<li data-start=\"656\" data-end=\"858\">\n<p data-start=\"658\" data-end=\"858\"><strong data-start=\"658\" data-end=\"689\">Rugalmas NY\u00c1K-kompatibilit\u00e1s:<\/strong> A k\u00fcl\u00f6nb\u00f6z\u0151 NY\u00c1K-m\u00e9reteket \u00e9s -vastags\u00e1gokat t\u00e1mogat\u00f3 YC-250 k\u00f6nnyen alkalmazkodik a k\u00fcl\u00f6nb\u00f6z\u0151 gy\u00e1rt\u00f3sori konfigur\u00e1ci\u00f3khoz, kiv\u00e1l\u00f3 sokoldal\u00fas\u00e1got k\u00edn\u00e1lva a v\u00e1ltozatos gy\u00e1rt\u00e1si ig\u00e9nyekhez.<\/p>\n<\/li>\n<li data-start=\"860\" data-end=\"1068\">\n<p data-start=\"862\" data-end=\"1068\"><strong data-start=\"862\" data-end=\"902\">K\u00f6nny\u0171 integr\u00e1ci\u00f3 SMT berendez\u00e9sekkel:<\/strong> A g\u00e9p sim\u00e1n szinkroniz\u00e1l\u00f3dik a fels\u0151bb \u00e9s als\u00f3bb rendszerekkel, lehet\u0151v\u00e9 t\u00e9ve a z\u00f6kken\u0151mentes \u00e1raml\u00e1st bonyolult be\u00e1ll\u00edt\u00e1sok vagy tov\u00e1bbi berendez\u00e9sek n\u00e9lk\u00fcl.<\/p>\n<\/li>\n<li data-start=\"1070\" data-end=\"1262\">\n<p data-start=\"1072\" data-end=\"1262\"><strong data-start=\"1072\" data-end=\"1100\">Felhaszn\u00e1l\u00f3bar\u00e1t m\u0171k\u00f6d\u00e9s:<\/strong> Az intuit\u00edv vez\u00e9rl\u0151fel\u00fcletnek k\u00f6sz\u00f6nhet\u0151en a kezel\u0151k minim\u00e1lis k\u00e9pz\u00e9ssel gyorsan be\u00e1ll\u00edthatj\u00e1k a param\u00e9tereket, elv\u00e9gezhetik a be\u00e1ll\u00edt\u00e1si feladatokat \u00e9s elv\u00e9gezhetik az alapvet\u0151 karbantart\u00e1st.<\/p>\n<\/li>\n<li data-start=\"1264\" data-end=\"1454\"><strong data-start=\"1266\" data-end=\"1290\">Helytakar\u00e9kos kialak\u00edt\u00e1s:<\/strong> Kompakt m\u00e9ret\u00e9nek k\u00f6sz\u00f6nhet\u0151en maximaliz\u00e1lja a gy\u00e1rt\u00f3csarnok alapter\u00fclet\u00e9nek kihaszn\u00e1l\u00e1s\u00e1t, \u00edgy ide\u00e1lis v\u00e1laszt\u00e1s nagy s\u0171r\u0171s\u00e9g\u0171 termel\u00e9si k\u00f6rnyezetekbe, amelyek hat\u00e9kony elrendez\u00e9s-optimaliz\u00e1l\u00e1st ig\u00e9nyelnek.<\/li>\n<\/ul>\n<p>&nbsp;<\/p>\n<h2>Specifik\u00e1ci\u00f3k<\/h2>\n<table style=\"height: 254px;\" width=\"1377\">\n<tbody>\n<tr>\n<td style=\"text-align: center;\" width=\"124\">Modell<\/td>\n<td style=\"text-align: center;\" width=\"168\">YC-250<\/td>\n<td style=\"text-align: center;\" width=\"164\">YC-330<\/td>\n<td style=\"text-align: center;\" width=\"164\">YC-390<\/td>\n<\/tr>\n<tr>\n<td style=\"text-align: center;\" width=\"124\">M\u00e9ret (mm)<\/td>\n<td style=\"text-align: center;\" width=\"168\">1000*904*900<\/td>\n<td style=\"text-align: center;\" width=\"164\">1000*945*900<\/td>\n<td style=\"text-align: center;\" width=\"164\">1150*998*900<\/td>\n<\/tr>\n<tr>\n<td style=\"text-align: center;\" width=\"124\">NY\u00c1K-m\u00e9ret<\/td>\n<td style=\"text-align: center;\" width=\"168\">50*50-330*250<\/td>\n<td style=\"text-align: center;\" width=\"164\">50*50-445*330<\/td>\n<td style=\"text-align: center;\" width=\"164\">50*50-530*390<\/td>\n<\/tr>\n<tr>\n<td style=\"text-align: center;\" width=\"124\">Ciklusid\u0151<\/td>\n<td style=\"text-align: center;\" colspan=\"3\" width=\"496\">Kb. 4 m\u00e1sodperc<\/td>\n<\/tr>\n<tr>\n<td style=\"text-align: center;\" width=\"124\">Vez\u00e9rl\u0151rendszer<\/td>\n<td style=\"text-align: center;\" colspan=\"3\" width=\"496\">Nyrt.<\/td>\n<\/tr>\n<tr>\n<td style=\"text-align: center;\" width=\"124\">Kommunik\u00e1ci\u00f3<\/td>\n<td style=\"text-align: center;\" colspan=\"3\" width=\"496\">SMEMA be- \u00e9s kimen\u0151 forgalomra egyar\u00e1nt<\/td>\n<\/tr>\n<tr>\n<td style=\"text-align: center;\" width=\"124\">T\u00e1pegys\u00e9g<\/td>\n<td style=\"text-align: center;\" colspan=\"3\" width=\"496\">1 f\u00e1zis\u00fa AC 220V 50\/60Hz<br \/>\n(Opci\u00f3: 110V - 380V)<\/td>\n<\/tr>\n<tr>\n<td style=\"text-align: center;\" width=\"124\">S\u00faly<\/td>\n<td style=\"text-align: center;\" width=\"168\">140 kg<\/td>\n<td style=\"text-align: center;\" width=\"164\">160 kg<\/td>\n<td style=\"text-align: center;\" width=\"164\">180 kg<\/td>\n<\/tr>\n<\/tbody>\n<\/table>\n<p>&nbsp;<\/p>\n<p><a href=\"https:\/\/www.youtube.com\/@allaismt\" rel=\"nofollow noopener\" target=\"_blank\"><u>https:\/\/www.youtube.com\/@allaismt<\/u><\/a><\/p>\n<p>For more information about the <strong>SMT PCB Change Edge Machine YC-250<\/strong>, k\u00e9rj\u00fck, k\u00fcldj\u00f6n egy e-mailt a k\u00f6vetkez\u0151 c\u00edmre:<\/p>\n<p><a href=\"mailto:sophia@allaismt.com\"><u>sophia@allaismt.com<\/u><\/a><\/p>\n<p>Megkeres\u00e9s\u00e9re halad\u00e9ktalanul v\u00e1laszolunk, \u00e9s r\u00e9szletes t\u00e1j\u00e9koztat\u00e1st ny\u00fajtunk term\u00e9keinkr\u0151l \u00e9s szolg\u00e1ltat\u00e1sainkr\u00f3l.<\/p>","protected":false},"excerpt":{"rendered":"<p>Le\u00edr\u00e1s\uff1aA<strong> SMT PCB Change Edge Machine YC-250<\/strong> egy kompakt \u00e9s hat\u00e9kony megold\u00e1s, amelyet a NY\u00c1K-\u00e1raml\u00e1s ir\u00e1ny\u00e1nak be\u00e1ll\u00edt\u00e1s\u00e1ra terveztek az SMT gy\u00e1rt\u00f3sorokon bel\u00fcl. Stabil teljes\u00edtm\u00e9nyre tervezve, sim\u00e1n \u00e1tir\u00e1ny\u00edtja a t\u00e1bl\u00e1kat az elrendez\u00e9si k\u00f6vetelm\u00e9nyeknek megfelel\u0151en az \u00e1tviteli sebess\u00e9g megszak\u00edt\u00e1sa n\u00e9lk\u00fcl. Robusztus fel\u00e9p\u00edt\u00e9se, megb\u00edzhat\u00f3 \u00e1tviteli rendszere \u00e9s egyszer\u0171 integr\u00e1ci\u00f3ja ide\u00e1lis v\u00e1laszt\u00e1ss\u00e1 teszi a gy\u00e1rt\u00f3sori rugalmass\u00e1g optimaliz\u00e1l\u00e1s\u00e1hoz. Felhaszn\u00e1l\u00f3bar\u00e1t kezelhet\u0151s\u00e9g\u00e9vel \u00e9s a k\u00fcl\u00f6nb\u00f6z\u0151 NY\u00c1K-m\u00e9retekkel val\u00f3 kompatibilit\u00e1s\u00e1val az YC-250 n\u00f6veli a termel\u00e9si hat\u00e9konys\u00e1got, mik\u00f6zben \u00e1lland\u00f3 kezel\u00e9si min\u0151s\u00e9get biztos\u00edt.<\/p>\n<p>Minim\u00e1lis rendel\u00e9si mennyis\u00e9g: 1 db<\/p>\n<p>\u00c1tfut\u00e1si id\u0151: 15 nap<\/p>","protected":false},"featured_media":22479,"comment_status":"closed","ping_status":"closed","template":"","meta":[],"etheme_brands":[],"product_brand":[],"product_cat":[144,131],"product_tag":[],"class_list":{"0":"post-22477","1":"product","2":"type-product","3":"status-publish","4":"has-post-thumbnail","6":"product_cat-pcb-handling-machine","7":"product_cat-smt-peripheral-equipment","9":"first","10":"instock","11":"shipping-taxable","12":"product-type-simple"},"_links":{"self":[{"href":"https:\/\/esmte.com\/hu\/wp-json\/wp\/v2\/product\/22477","targetHints":{"allow":["GET"]}}],"collection":[{"href":"https:\/\/esmte.com\/hu\/wp-json\/wp\/v2\/product"}],"about":[{"href":"https:\/\/esmte.com\/hu\/wp-json\/wp\/v2\/types\/product"}],"replies":[{"embeddable":true,"href":"https:\/\/esmte.com\/hu\/wp-json\/wp\/v2\/comments?post=22477"}],"version-history":[{"count":1,"href":"https:\/\/esmte.com\/hu\/wp-json\/wp\/v2\/product\/22477\/revisions"}],"predecessor-version":[{"id":23820,"href":"https:\/\/esmte.com\/hu\/wp-json\/wp\/v2\/product\/22477\/revisions\/23820"}],"wp:featuredmedia":[{"embeddable":true,"href":"https:\/\/esmte.com\/hu\/wp-json\/wp\/v2\/media\/22479"}],"wp:attachment":[{"href":"https:\/\/esmte.com\/hu\/wp-json\/wp\/v2\/media?parent=22477"}],"wp:term":[{"taxonomy":"brand","embeddable":true,"href":"https:\/\/esmte.com\/hu\/wp-json\/wp\/v2\/etheme_brands?post=22477"},{"taxonomy":"product_brand","embeddable":true,"href":"https:\/\/esmte.com\/hu\/wp-json\/wp\/v2\/product_brand?post=22477"},{"taxonomy":"product_cat","embeddable":true,"href":"https:\/\/esmte.com\/hu\/wp-json\/wp\/v2\/product_cat?post=22477"},{"taxonomy":"product_tag","embeddable":true,"href":"https:\/\/esmte.com\/hu\/wp-json\/wp\/v2\/product_tag?post=22477"}],"curies":[{"name":"munkaf\u00fczet","href":"https:\/\/api.w.org\/{rel}","templated":true}]}}