{"id":22442,"date":"2025-11-28T08:11:05","date_gmt":"2025-11-28T08:11:05","guid":{"rendered":"https:\/\/esmte.com\/?post_type=product&#038;p=22442"},"modified":"2026-01-27T09:08:04","modified_gmt":"2026-01-27T09:08:04","slug":"smt-ngok-unloader-yu-250","status":"publish","type":"product","link":"https:\/\/esmte.com\/hu\/products\/smt-ngok-unloader-yu-250\/","title":{"rendered":"SMT NG&amp;OK Unloader YU-250"},"content":{"rendered":"<h2 data-rm-block-id=\"block-1\">Bevezet\u00e9s<\/h2>\n<p data-start=\"139\" data-end=\"543\" data-rm-block-id=\"block-2\">A <strong>\u2013 Az intuit\u00edv vez\u00e9rl\u0151pult, az egy\u00e9rtelm\u0171 \u00e1llapotjelz\u0151k \u00e9s a k\u00f6nnyen hozz\u00e1f\u00e9rhet\u0151 alkatr\u00e9szek cs\u00f6kkentik az \u00e1ll\u00e1sid\u0151t \u00e9s leegyszer\u0171s\u00edtik a napi m\u0171k\u00f6d\u00e9st.<\/strong> is an advanced PCB routing and sorting system designed to improve inspection efficiency and overall production reliability in modern SMT assembly lines. After AOI or functional testing, the YU-250 automatically separates good (OK) and defective (NG) boards into different magazines based on received inspection signals, eliminating manual sorting and reducing human error.<\/p>\n<p data-start=\"545\" data-end=\"933\" data-rm-block-id=\"block-3\">Engineered for precision and stability, the <strong>\u2013 Az intuit\u00edv vez\u00e9rl\u0151pult, az egy\u00e9rtelm\u0171 \u00e1llapotjelz\u0151k \u00e9s a k\u00f6nnyen hozz\u00e1f\u00e9rhet\u0151 alkatr\u00e9szek cs\u00f6kkentik az \u00e1ll\u00e1sid\u0151t \u00e9s leegyszer\u0171s\u00edtik a napi m\u0171k\u00f6d\u00e9st.<\/strong> features a smooth PCB transport mechanism, accurate stopping control, and a robust magazine indexing system that ensures boards are transferred safely without damage. Its ESD-safe structure protects sensitive electronic components, while the reinforced frame guarantees long-term durability even under high-speed production conditions.<\/p>\n<p data-start=\"935\" data-end=\"1290\" data-rm-block-id=\"block-4\">The YU-250 integrates easily with AOI machines, SPI systems, or other inspection stations, offering seamless connectivity through standard SMEMA interfaces. Multiple operating modes allow manufacturers to configure sorting logic based on specific line requirements, supporting flexible production scenarios such as high-mix or high-volume manufacturing.<\/p>\n<p data-start=\"1292\" data-end=\"1650\" data-rm-block-id=\"block-5\">User-friendly controls, clear status indicators, and accessible maintenance sections make daily operation simple and efficient. Whether used to streamline QA processes or stabilize downstream workflow, the <strong>\u2013 Az intuit\u00edv vez\u00e9rl\u0151pult, az egy\u00e9rtelm\u0171 \u00e1llapotjelz\u0151k \u00e9s a k\u00f6nnyen hozz\u00e1f\u00e9rhet\u0151 alkatr\u00e9szek cs\u00f6kkentik az \u00e1ll\u00e1sid\u0151t \u00e9s leegyszer\u0171s\u00edtik a napi m\u0171k\u00f6d\u00e9st.<\/strong> provides reliable, automated PCB classification that enhances productivity, traceability, and overall manufacturing quality.<\/p>\n<p data-start=\"1292\" data-end=\"1650\" data-rm-block-id=\"block-6\">\n<p data-start=\"1292\" data-end=\"1650\" data-rm-block-id=\"block-7\"><img loading=\"lazy\" decoding=\"async\" class=\"aligncenter wp-image-22443\" src=\"https:\/\/esmte.com\/wp-content\/uploads\/2025\/11\/11-10.webp\" alt=\"SMT NG&amp;OK Unloader YU-250\" width=\"555\" height=\"555\" srcset=\"https:\/\/esmte.com\/wp-content\/uploads\/2025\/11\/11-10.webp 2560w, https:\/\/esmte.com\/wp-content\/uploads\/2025\/11\/11-10-100x100.webp 100w, https:\/\/esmte.com\/wp-content\/uploads\/2025\/11\/11-10-600x600.webp 600w, https:\/\/esmte.com\/wp-content\/uploads\/2025\/11\/11-10-300x300.webp 300w, https:\/\/esmte.com\/wp-content\/uploads\/2025\/11\/11-10-1024x1024.webp 1024w, https:\/\/esmte.com\/wp-content\/uploads\/2025\/11\/11-10-150x150.webp 150w, https:\/\/esmte.com\/wp-content\/uploads\/2025\/11\/11-10-768x768.webp 768w, https:\/\/esmte.com\/wp-content\/uploads\/2025\/11\/11-10-1536x1536.webp 1536w, https:\/\/esmte.com\/wp-content\/uploads\/2025\/11\/11-10-2048x2048.webp 2048w, https:\/\/esmte.com\/wp-content\/uploads\/2025\/11\/11-10-1x1.webp 1w, https:\/\/esmte.com\/wp-content\/uploads\/2025\/11\/11-10-10x10.webp 10w\" sizes=\"auto, (max-width: 555px) 100vw, 555px\" \/><\/p>\n<p data-start=\"1292\" data-end=\"1650\" data-rm-block-id=\"block-8\">\n<h3 data-rm-block-id=\"block-9\">F\u0151bb jellemz\u0151k<\/h3>\n<ul data-start=\"133\" data-end=\"1153\">\n<li data-start=\"133\" data-end=\"317\">\n<p data-start=\"136\" data-end=\"317\" data-rm-block-id=\"block-10\"><strong data-start=\"136\" data-end=\"174\">Automatic NG and OK PCB Separation<\/strong> \u2013 The YU-250 accurately sorts good and defective boards based on inspection signals, reducing manual handling and improving quality control.<\/p>\n<\/li>\n<li data-start=\"318\" data-end=\"476\">\n<p data-start=\"321\" data-end=\"476\" data-rm-block-id=\"block-11\"><strong data-start=\"321\" data-end=\"356\">Smooth and Stable PCB Transport<\/strong> \u2013 Equipped with precision conveyors and guides, the system ensures boards move safely without misalignment or damage.<\/p>\n<\/li>\n<li data-start=\"477\" data-end=\"647\">\n<p data-start=\"480\" data-end=\"647\" data-rm-block-id=\"block-12\"><strong data-start=\"480\" data-end=\"505\">ESD-biztos konstrukci\u00f3<\/strong> \u2013 Anti-static design protects sensitive electronic components during transfer, ensuring product reliability in modern SMT production lines.<\/p>\n<\/li>\n<li data-start=\"648\" data-end=\"813\">\n<p data-start=\"651\" data-end=\"813\" data-rm-block-id=\"block-13\"><strong data-start=\"651\" data-end=\"703\">Seamless Integration with SMT Inspection Systems<\/strong> \u2013 Compatible with AOI, SPI, and other testing equipment via standard interfaces for easy line connectivity.<\/p>\n<\/li>\n<li data-start=\"814\" data-end=\"975\">\n<p data-start=\"817\" data-end=\"975\" data-rm-block-id=\"block-14\"><strong data-start=\"817\" data-end=\"843\">Flexible Sorting Modes<\/strong> \u2013 Supports multiple operational configurations to accommodate various PCB sizes, inspection results, and production requirements.<\/p>\n<\/li>\n<li data-start=\"976\" data-end=\"1153\">\n<p data-start=\"979\" data-end=\"1153\" data-rm-block-id=\"block-15\"><strong data-start=\"979\" data-end=\"1026\">User-Friendly Operation and Low Maintenance<\/strong> \u2013 Intuitive control panel, clear status indicators, and easy-access components reduce downtime and simplify daily operation.<\/p>\n<\/li>\n<\/ul>\n<p data-rm-block-id=\"block-16\">\n<h2 data-rm-block-id=\"block-17\">Specifik\u00e1ci\u00f3k<\/h2>\n<table style=\"border-collapse: collapse; width: 1376px; height: 241px;\" border=\"0\" width=\"574\" cellspacing=\"0\" cellpadding=\"0\">\n<tbody>\n<tr style=\"height: 15.00pt;\">\n<td class=\"et2\" style=\"height: 15pt; width: 90.75pt; text-align: center;\" width=\"121\" height=\"20\" data-rm-block-id=\"block-18\">Modell<\/td>\n<td class=\"et3\" style=\"width: 85.5pt; text-align: center;\" width=\"114\" data-rm-block-id=\"block-19\">YU-250<\/td>\n<td class=\"et3\" style=\"width: 84.75pt; text-align: center;\" width=\"113\" data-rm-block-id=\"block-20\">YU-330<\/td>\n<td class=\"et3\" style=\"width: 84.75pt; text-align: center;\" width=\"113\" data-rm-block-id=\"block-21\">YU-390<\/td>\n<td class=\"et4\" style=\"width: 84.75pt; text-align: center;\" width=\"113\" data-rm-block-id=\"block-22\">YU-460<\/td>\n<\/tr>\n<tr style=\"height: 29.25pt;\">\n<td class=\"et5\" style=\"height: 29.25pt; width: 90.75pt; text-align: center;\" width=\"121\" height=\"39\" data-rm-block-id=\"block-23\">M\u00e9ret (mm)<\/td>\n<td class=\"et6\" style=\"width: 85.5pt; text-align: center;\" width=\"114\" data-rm-block-id=\"block-24\">1800*1450*1350<\/td>\n<td class=\"et6\" style=\"width: 84.75pt; text-align: center;\" width=\"113\" data-rm-block-id=\"block-25\">2065*1690*1350<\/td>\n<td class=\"et6\" style=\"width: 84.75pt; text-align: center;\" width=\"113\" data-rm-block-id=\"block-26\">2400*1810*1350<\/td>\n<td class=\"et7\" style=\"width: 84.75pt; text-align: center;\" width=\"113\" data-rm-block-id=\"block-27\">2450*1950*1350<\/td>\n<\/tr>\n<tr style=\"height: 29.25pt;\">\n<td class=\"et5\" style=\"height: 29.25pt; width: 90.75pt; text-align: center;\" width=\"121\" height=\"39\" data-rm-block-id=\"block-28\">NY\u00c1K-m\u00e9ret (mm)<\/td>\n<td class=\"et6\" style=\"width: 85.5pt; text-align: center;\" width=\"114\" data-rm-block-id=\"block-29\">50*80-330*250<\/td>\n<td class=\"et6\" style=\"width: 84.75pt; text-align: center;\" width=\"113\" data-rm-block-id=\"block-30\">50*80-445*330<\/td>\n<td class=\"et6\" style=\"width: 84.75pt; text-align: center;\" width=\"113\" data-rm-block-id=\"block-31\">50*80-530*390<\/td>\n<td class=\"et7\" style=\"width: 84.75pt; text-align: center;\" width=\"113\" data-rm-block-id=\"block-32\">50*80-530*460<\/td>\n<\/tr>\n<tr style=\"height: 29.25pt;\">\n<td class=\"et5\" style=\"height: 29.25pt; width: 90.75pt; text-align: center;\" width=\"121\" height=\"39\" data-rm-block-id=\"block-33\">Rack m\u00e9rete (mm)<\/td>\n<td class=\"et6\" style=\"width: 85.5pt; text-align: center;\" width=\"114\" data-rm-block-id=\"block-34\">355*320*563<\/td>\n<td class=\"et6\" style=\"width: 84.75pt; text-align: center;\" width=\"113\" data-rm-block-id=\"block-35\">460*400*563<\/td>\n<td class=\"et6\" style=\"width: 84.75pt; text-align: center;\" width=\"113\" data-rm-block-id=\"block-36\">535*460*570<\/td>\n<td class=\"et7\" style=\"width: 84.75pt; text-align: center;\" width=\"113\" data-rm-block-id=\"block-37\">535*530*570<\/td>\n<\/tr>\n<tr style=\"height: 29.25pt;\">\n<td class=\"et5\" style=\"height: 29.25pt; width: 90.75pt; text-align: center;\" width=\"121\" height=\"39\" data-rm-block-id=\"block-38\">Vez\u00e9rl\u0151rendszer<\/td>\n<td class=\"et8\" style=\"width: 339.75pt; border-right: 1pt solid #cccccc; text-align: center;\" colspan=\"4\" width=\"453\" data-rm-block-id=\"block-39\">Nyrt.<\/td>\n<\/tr>\n<tr style=\"height: 29.25pt;\">\n<td class=\"et5\" style=\"height: 29.25pt; width: 90.75pt; text-align: center;\" width=\"121\" height=\"39\" data-rm-block-id=\"block-40\">T\u00e1pegys\u00e9g<\/td>\n<td class=\"et8\" style=\"width: 339.75pt; border-right: 1pt solid #cccccc; text-align: center;\" colspan=\"4\" width=\"453\" data-rm-block-id=\"block-41\">1 f\u00e1zis\u00fa AC 220V 50\/60Hz (opci\u00f3: 110V - 380V)<\/td>\n<\/tr>\n<tr style=\"height: 15.00pt;\">\n<td class=\"et11\" style=\"height: 15pt; width: 90.75pt; text-align: center;\" width=\"121\" height=\"20\" data-rm-block-id=\"block-42\">S\u00faly<\/td>\n<td class=\"et12\" style=\"width: 85.5pt; text-align: center;\" width=\"114\" data-rm-block-id=\"block-43\">310 Kg<\/td>\n<td class=\"et12\" style=\"width: 84.75pt; text-align: center;\" width=\"113\" data-rm-block-id=\"block-44\">340 kg<\/td>\n<td class=\"et12\" style=\"width: 84.75pt; text-align: center;\" width=\"113\" data-rm-block-id=\"block-45\">370 Kg<\/td>\n<td class=\"et13\" style=\"width: 84.75pt; text-align: center;\" width=\"113\" data-rm-block-id=\"block-46\">400 Kg<\/td>\n<\/tr>\n<\/tbody>\n<\/table>\n<p data-rm-block-id=\"block-47\">\n<p data-rm-block-id=\"block-48\"><a href=\"https:\/\/www.youtube.com\/@allaismt\" rel=\"nofollow noopener\" target=\"_blank\"><u>https:\/\/www.youtube.com\/@allaismt<\/u><\/a><\/p>\n<p data-rm-block-id=\"block-49\">For more information about the SMT NG&amp;OK Unloader YU-390, please send an email to<\/p>\n<p data-rm-block-id=\"block-50\"><a href=\"mailto:sophia@allaismt.com\"><u>sophia@allaismt.com<\/u><\/a><\/p>\n<p data-rm-block-id=\"block-51\">Megkeres\u00e9s\u00e9re halad\u00e9ktalanul v\u00e1laszolunk, \u00e9s r\u00e9szletes t\u00e1j\u00e9koztat\u00e1st ny\u00fajtunk term\u00e9keinkr\u0151l \u00e9s szolg\u00e1ltat\u00e1sainkr\u00f3l.<\/p>","protected":false},"excerpt":{"rendered":"<p>Le\u00edr\u00e1s\uff1aA <strong>\u2013 Az intuit\u00edv vez\u00e9rl\u0151pult, az egy\u00e9rtelm\u0171 \u00e1llapotjelz\u0151k \u00e9s a k\u00f6nnyen hozz\u00e1f\u00e9rhet\u0151 alkatr\u00e9szek cs\u00f6kkentik az \u00e1ll\u00e1sid\u0151t \u00e9s leegyszer\u0171s\u00edtik a napi m\u0171k\u00f6d\u00e9st.<\/strong> is a smart PCB sorting solution designed to automatically separate good and defective boards after AOI or inspection processes. With reliable detection signals, stable transfer mechanisms, and ESD-safe construction, the YU-250 ensures accurate routing of NG and OK PCBs into designated magazines. Its compact design, smooth board handling, and easy integration with SMT lines help improve workflow efficiency, reduce manual sorting errors, and enhance overall production quality.<\/p>\n<p>Minim\u00e1lis rendel\u00e9si mennyis\u00e9g: 1 db<\/p>\n<p>\u00c1tfut\u00e1si id\u0151: 15 nap<\/p>","protected":false},"featured_media":22444,"comment_status":"closed","ping_status":"closed","template":"","meta":[],"etheme_brands":[],"product_brand":[],"product_cat":[144,131],"product_tag":[],"class_list":{"0":"post-22442","1":"product","2":"type-product","3":"status-publish","4":"has-post-thumbnail","6":"product_cat-pcb-handling-machine","7":"product_cat-smt-peripheral-equipment","9":"first","10":"instock","11":"shipping-taxable","12":"product-type-simple"},"_links":{"self":[{"href":"https:\/\/esmte.com\/hu\/wp-json\/wp\/v2\/product\/22442","targetHints":{"allow":["GET"]}}],"collection":[{"href":"https:\/\/esmte.com\/hu\/wp-json\/wp\/v2\/product"}],"about":[{"href":"https:\/\/esmte.com\/hu\/wp-json\/wp\/v2\/types\/product"}],"replies":[{"embeddable":true,"href":"https:\/\/esmte.com\/hu\/wp-json\/wp\/v2\/comments?post=22442"}],"version-history":[{"count":1,"href":"https:\/\/esmte.com\/hu\/wp-json\/wp\/v2\/product\/22442\/revisions"}],"predecessor-version":[{"id":22447,"href":"https:\/\/esmte.com\/hu\/wp-json\/wp\/v2\/product\/22442\/revisions\/22447"}],"wp:featuredmedia":[{"embeddable":true,"href":"https:\/\/esmte.com\/hu\/wp-json\/wp\/v2\/media\/22444"}],"wp:attachment":[{"href":"https:\/\/esmte.com\/hu\/wp-json\/wp\/v2\/media?parent=22442"}],"wp:term":[{"taxonomy":"brand","embeddable":true,"href":"https:\/\/esmte.com\/hu\/wp-json\/wp\/v2\/etheme_brands?post=22442"},{"taxonomy":"product_brand","embeddable":true,"href":"https:\/\/esmte.com\/hu\/wp-json\/wp\/v2\/product_brand?post=22442"},{"taxonomy":"product_cat","embeddable":true,"href":"https:\/\/esmte.com\/hu\/wp-json\/wp\/v2\/product_cat?post=22442"},{"taxonomy":"product_tag","embeddable":true,"href":"https:\/\/esmte.com\/hu\/wp-json\/wp\/v2\/product_tag?post=22442"}],"curies":[{"name":"munkaf\u00fczet","href":"https:\/\/api.w.org\/{rel}","templated":true}]}}