{"id":22422,"date":"2025-11-28T07:08:28","date_gmt":"2025-11-28T07:08:28","guid":{"rendered":"https:\/\/esmte.com\/?post_type=product&#038;p=22422"},"modified":"2026-01-27T09:10:02","modified_gmt":"2026-01-27T09:10:02","slug":"mini-size-loader-yml-390","status":"publish","type":"product","link":"https:\/\/esmte.com\/hu\/products\/mini-size-loader-yml-390\/","title":{"rendered":"SMT Mini Size Loader YML-390"},"content":{"rendered":"<h2>Bevezet\u00e9s<\/h2>\n<p data-start=\"711\" data-end=\"1185\">A <strong>SMT Mini Size Loader YML-390<\/strong> egy fejlett NY\u00c1K-kezel\u0151 rendszer, amelyet kis \u00e9s k\u00f6zepes SMT \u00f6sszeszerel\u0151 sorokhoz terveztek, amelyek prec\u00edzi\u00f3t, megb\u00edzhat\u00f3s\u00e1got \u00e9s kompakt kialak\u00edt\u00e1st ig\u00e9nyelnek. A hagyom\u00e1nyos adagol\u00f3kkal ellent\u00e9tben az YML-390 t\u00f6bb be\u00e1ll\u00edt\u00e1si lehet\u0151s\u00e9get k\u00edn\u00e1l a sz\u00e9less\u00e9g, a magass\u00e1g \u00e9s a NY\u00c1K-vastags\u00e1g tekintet\u00e9ben, lehet\u0151v\u00e9 t\u00e9ve a sz\u00e9les k\u00f6r\u0171 NY\u00c1K-m\u00e9retek rugalmas kezel\u00e9s\u00e9t. ESD-biztos konstrukci\u00f3ja v\u00e9di az \u00e9rz\u00e9keny alkatr\u00e9szeket, m\u00edg a robusztus meghajt\u00f3rendszer biztos\u00edtja a NY\u00c1K sima \u00e9s stabil mozg\u00e1s\u00e1t.<\/p>\n<p data-start=\"1187\" data-end=\"1662\">\u00dagy tervezt\u00e9k, hogy z\u00f6kken\u0151mentesen integr\u00e1lhat\u00f3 legyen a fels\u0151bb adagol\u00f3kkal \u00e9s a k\u00f6vetkez\u0151 felszed\u0151-elhelyez\u0151, \u00fajra\u00f6mleszt\u0151 vagy ellen\u0151rz\u0151 berendez\u00e9sekkel. <strong>SMT<\/strong>\u00a0<strong>Mini m\u00e9ret\u0171 rakod\u00f3 YML-390<\/strong> folyamatos, nagy hat\u00e9konys\u00e1g\u00fa munkafolyamatokat t\u00e1mogat. A modul\u00e1ris, alacsony karbantart\u00e1si ig\u00e9ny\u0171 fel\u00e9p\u00edt\u00e9s gyors be\u00e1ll\u00edt\u00e1st \u00e9s gyors be\u00e1ll\u00edt\u00e1sokat tesz lehet\u0151v\u00e9, minimaliz\u00e1lva az \u00e1ll\u00e1sid\u0151t. Ide\u00e1lis sz\u00f3rakoztat\u00f3elektronik\u00e1hoz, aut\u00f3ipari modulokhoz \u00e9s LED-panelekhez, n\u00f6veli a termel\u00e9si hat\u00e9konys\u00e1got, cs\u00f6kkenti a hib\u00e1kat, \u00e9s biztos\u00edtja az \u00e1lland\u00f3 panelmin\u0151s\u00e9get a nagy mennyis\u00e9g\u0171 gy\u00e1rt\u00f3sorokon.<\/p>\n<p><img loading=\"lazy\" decoding=\"async\" class=\"aligncenter wp-image-22410\" src=\"https:\/\/esmte.com\/wp-content\/uploads\/2025\/11\/11-8-scaled.webp\" alt=\"SMT Mini Size Loader YML-390\" width=\"555\" height=\"553\" srcset=\"https:\/\/esmte.com\/wp-content\/uploads\/2025\/11\/11-8-scaled.webp 2560w, https:\/\/esmte.com\/wp-content\/uploads\/2025\/11\/11-8-scaled-100x100.webp 100w, https:\/\/esmte.com\/wp-content\/uploads\/2025\/11\/11-8-scaled-600x598.webp 600w, https:\/\/esmte.com\/wp-content\/uploads\/2025\/11\/11-8-300x300.webp 300w, https:\/\/esmte.com\/wp-content\/uploads\/2025\/11\/11-8-1024x1021.webp 1024w, https:\/\/esmte.com\/wp-content\/uploads\/2025\/11\/11-8-150x150.webp 150w, https:\/\/esmte.com\/wp-content\/uploads\/2025\/11\/11-8-768x766.webp 768w, https:\/\/esmte.com\/wp-content\/uploads\/2025\/11\/11-8-1536x1532.webp 1536w, https:\/\/esmte.com\/wp-content\/uploads\/2025\/11\/11-8-2048x2042.webp 2048w, https:\/\/esmte.com\/wp-content\/uploads\/2025\/11\/11-8-1x1.webp 1w, https:\/\/esmte.com\/wp-content\/uploads\/2025\/11\/11-8-10x10.webp 10w\" sizes=\"auto, (max-width: 555px) 100vw, 555px\" \/><\/p>\n<p>&nbsp;<\/p>\n<h3>F\u0151bb jellemz\u0151k<\/h3>\n<ul>\n<li data-start=\"135\" data-end=\"315\">\n<p data-start=\"138\" data-end=\"315\"><strong data-start=\"138\" data-end=\"189\">Tov\u00e1bbfejlesztett kompakt rakod\u00f3 korl\u00e1tozott alapter\u00fcletre<\/strong> \u2013 Az YML-390-et \u00fagy tervezt\u00e9k, hogy hat\u00e9konyan m\u0171k\u00f6dj\u00f6n z\u00e1rt gy\u00e1rt\u00e1si ter\u00fcleteken a NY\u00c1K-kezel\u00e9si teljes\u00edtm\u00e9ny fel\u00e1ldoz\u00e1sa n\u00e9lk\u00fcl.<\/p>\n<\/li>\n<li data-start=\"316\" data-end=\"481\">\n<p data-start=\"319\" data-end=\"481\"><strong data-start=\"319\" data-end=\"353\">Nagy pontoss\u00e1g\u00fa panelelhelyez\u00e9s<\/strong> \u2013 Biztos\u00edtja a pontos pozicion\u00e1l\u00e1st a berakod\u00e1s sor\u00e1n, cs\u00f6kkenti az illeszt\u00e9si hib\u00e1kat \u00e9s jav\u00edtja a forraszt\u00e1si \u00e9s \u00f6sszeszerel\u00e9si min\u0151s\u00e9get.<\/p>\n<\/li>\n<li data-start=\"482\" data-end=\"645\">\n<p data-start=\"485\" data-end=\"645\"><strong data-start=\"485\" data-end=\"521\">Sokoldal\u00fa NY\u00c1K-m\u00e9ret kompatibilit\u00e1s<\/strong> \u2013 Az \u00e1ll\u00edthat\u00f3 r\u00f6gz\u00edt\u0151elemek \u00e9s sz\u00e9less\u00e9gbe\u00e1ll\u00edt\u00e1sok lehet\u0151v\u00e9 teszik a bet\u00f6lt\u0151 sz\u00e1m\u00e1ra, hogy k\u00fcl\u00f6nb\u00f6z\u0151 NY\u00c1K-m\u00e9reteket kezeljen a rugalmas gy\u00e1rt\u00e1si ig\u00e9nyek kiel\u00e9g\u00edt\u00e9se \u00e9rdek\u00e9ben.<\/p>\n<\/li>\n<li data-start=\"646\" data-end=\"793\">\n<p data-start=\"649\" data-end=\"793\"><strong data-start=\"649\" data-end=\"686\">Tart\u00f3s \u00e9s ESD-biztos konstrukci\u00f3<\/strong> \u2013 V\u00e9di az \u00e9rz\u00e9keny alkatr\u00e9szeket a statikus elektromoss\u00e1gt\u00f3l, mik\u00f6zben biztos\u00edtja a hossz\u00fa t\u00e1v\u00fa mechanikai megb\u00edzhat\u00f3s\u00e1got.<\/p>\n<\/li>\n<li data-start=\"794\" data-end=\"953\">\n<p data-start=\"797\" data-end=\"953\"><strong data-start=\"797\" data-end=\"830\">Z\u00f6kken\u0151mentes munkafolyamat-integr\u00e1ci\u00f3<\/strong> \u2013 K\u00f6nnyen csatlakoztathat\u00f3 a fels\u0151bb ir\u00e1ny\u00fa adagol\u00f3khoz \u00e9s a k\u00f6vetkez\u0151 ir\u00e1ny\u00fa berendez\u00e9sekhez, lehet\u0151v\u00e9 t\u00e9ve a z\u00f6kken\u0151mentes, folyamatos SMT szerel\u00e9si m\u0171veleteket.<\/p>\n<\/li>\n<li data-start=\"954\" data-end=\"1154\">\n<p data-start=\"957\" data-end=\"1154\"><strong data-start=\"957\" data-end=\"998\">Kezel\u0151bar\u00e1t \u00e9s alacsony karbantart\u00e1si ig\u00e9ny\u0171<\/strong> \u2013 Az intuit\u00edv kialak\u00edt\u00e1s gyors be\u00e1ll\u00edt\u00e1st, k\u00f6nny\u0171 hozz\u00e1f\u00e9r\u00e9st a be\u00e1ll\u00edt\u00e1sokhoz \u00e9s minim\u00e1lis karbantart\u00e1st tesz lehet\u0151v\u00e9, t\u00e1mogatva a zavartalan termel\u00e9st \u00e9s a magas gy\u00e1rt\u00f3sori hat\u00e9konys\u00e1got.<\/p>\n<\/li>\n<\/ul>\n<p>&nbsp;<\/p>\n<h2>Specifik\u00e1ci\u00f3k<\/h2>\n<table style=\"border-collapse: collapse; width: 1376px; height: 364px;\" border=\"0\" width=\"559\" cellspacing=\"0\" cellpadding=\"0\">\n<tbody>\n<tr style=\"height: 15.00pt;\">\n<td class=\"et2\" style=\"height: 15pt; width: 93.75pt; text-align: center;\" width=\"125\" height=\"20\">Modell<\/td>\n<td class=\"et3\" style=\"width: 81.75pt; text-align: center;\" width=\"109\">YML-250<\/td>\n<td class=\"et3\" style=\"width: 80.25pt; text-align: center;\" width=\"107\">YML-330<\/td>\n<td class=\"et3\" style=\"width: 82.5pt; text-align: center;\" width=\"110\">YML-390<\/td>\n<td class=\"et4\" style=\"width: 81pt; text-align: center;\" width=\"108\">YML-460<\/td>\n<\/tr>\n<tr style=\"height: 15.00pt;\">\n<td class=\"et5\" style=\"height: 15pt; width: 93.75pt; text-align: center;\" width=\"125\" height=\"20\">M\u00e9ret (mm)<\/td>\n<td class=\"et6\" style=\"width: 81.75pt; text-align: center;\" width=\"109\">850*765*1250<\/td>\n<td class=\"et6\" style=\"width: 80.25pt; text-align: center;\" width=\"107\">1170*845*1250<\/td>\n<td class=\"et6\" style=\"width: 82.5pt; text-align: center;\" width=\"110\">1300*910*1250<\/td>\n<td class=\"et7\" style=\"width: 81pt; text-align: center;\" width=\"108\">1300*980*1250<\/td>\n<\/tr>\n<tr style=\"height: 15.00pt;\">\n<td class=\"et5\" style=\"height: 15pt; width: 93.75pt; text-align: center;\" width=\"125\" height=\"20\">NY\u00c1K-m\u00e9ret (mm)<\/td>\n<td class=\"et6\" style=\"width: 81.75pt; text-align: center;\" width=\"109\">50*80-330*250<\/td>\n<td class=\"et6\" style=\"width: 80.25pt; text-align: center;\" width=\"107\">50*80-445*330<\/td>\n<td class=\"et6\" style=\"width: 82.5pt; text-align: center;\" width=\"110\">50*80-530*390<\/td>\n<td class=\"et7\" style=\"width: 81pt; text-align: center;\" width=\"108\">50*80-530*460<\/td>\n<\/tr>\n<tr style=\"height: 15.00pt;\">\n<td class=\"et5\" style=\"height: 15pt; width: 93.75pt; text-align: center;\" width=\"125\" height=\"20\">Rack m\u00e9rete (mm)<\/td>\n<td class=\"et6\" style=\"width: 81.75pt; text-align: center;\" width=\"109\">355*320*563<\/td>\n<td class=\"et6\" style=\"width: 80.25pt; text-align: center;\" width=\"107\">460*400*563<\/td>\n<td class=\"et6\" style=\"width: 82.5pt; text-align: center;\" width=\"110\">535*460*570<\/td>\n<td class=\"et7\" style=\"width: 81pt; text-align: center;\" width=\"108\">535*530*570<\/td>\n<\/tr>\n<tr style=\"height: 15.00pt;\">\n<td class=\"et5\" style=\"height: 15pt; width: 93.75pt; text-align: center;\" width=\"125\" height=\"20\">Id\u0151adagol\u00e1s\u00fa NY\u00c1K<\/td>\n<td class=\"et8\" style=\"width: 325.5pt; border-right: 1pt solid #cccccc; text-align: center;\" colspan=\"4\" width=\"434\">M\u00e1sodperc 6 Kb. vagy Adja meg<\/td>\n<\/tr>\n<tr style=\"height: 15.00pt;\">\n<td class=\"et5\" style=\"height: 15pt; width: 93.75pt; text-align: center;\" width=\"125\" height=\"20\">Indexel\u00e9si hangmagass\u00e1g<\/td>\n<td class=\"et8\" style=\"width: 325.5pt; border-right: 1pt solid #cccccc; text-align: center;\" colspan=\"4\" width=\"434\">10.20.30.40mm vagy Adja meg<\/td>\n<\/tr>\n<tr style=\"height: 15.00pt;\">\n<td class=\"et5\" style=\"height: 15pt; width: 93.75pt; text-align: center;\" width=\"125\" height=\"20\">Vez\u00e9rl\u0151rendszer<\/td>\n<td class=\"et8\" style=\"width: 325.5pt; border-right: 1pt solid #cccccc; text-align: center;\" colspan=\"4\" width=\"434\">Nyrt.<\/td>\n<\/tr>\n<tr style=\"height: 15.00pt;\">\n<td class=\"et5\" style=\"height: 15pt; width: 93.75pt; text-align: center;\" width=\"125\" height=\"20\">Sz\u00e1ll\u00edt\u00e1si magass\u00e1g<\/td>\n<td class=\"et8\" style=\"width: 325.5pt; border-right: 1pt solid #cccccc; text-align: center;\" colspan=\"4\" width=\"434\">900\u00b120 mm (vagy az \u00fcgyf\u00e9l \u00e1ltal meghat\u00e1rozott)<\/td>\n<\/tr>\n<tr style=\"height: 15.00pt;\">\n<td class=\"et5\" style=\"height: 15pt; width: 93.75pt; text-align: center;\" width=\"125\" height=\"20\">NY\u00c1K ir\u00e1nya<\/td>\n<td class=\"et8\" style=\"width: 325.5pt; border-right: 1pt solid #cccccc; text-align: center;\" colspan=\"4\" width=\"434\">Balr\u00f3l jobbra vagy jobbr\u00f3l balra<\/td>\n<\/tr>\n<tr style=\"height: 15.00pt;\">\n<td class=\"et5\" style=\"height: 15pt; width: 93.75pt; text-align: center;\" width=\"125\" height=\"20\">Kommunik\u00e1ci\u00f3<\/td>\n<td class=\"et8\" style=\"width: 325.5pt; border-right: 1pt solid #cccccc; text-align: center;\" colspan=\"4\" width=\"434\">SMEMA be- \u00e9s kimen\u0151 forgalomra egyar\u00e1nt<\/td>\n<\/tr>\n<tr style=\"height: 15.00pt;\">\n<td class=\"et5\" style=\"height: 15pt; width: 93.75pt; text-align: center;\" width=\"125\" height=\"20\">T\u00e1pegys\u00e9g<\/td>\n<td class=\"et8\" style=\"width: 325.5pt; border-right: 1pt solid #cccccc; text-align: center;\" colspan=\"4\" width=\"434\">1 f\u00e1zis\u00fa AC 220V 50\/60Hz (opci\u00f3: 110V - 380V)<\/td>\n<\/tr>\n<tr style=\"height: 15.00pt;\">\n<td class=\"et11\" style=\"height: 15pt; width: 93.75pt; text-align: center;\" width=\"125\" height=\"20\">S\u00faly<\/td>\n<td class=\"et12\" style=\"width: 81.75pt; text-align: center;\" width=\"109\">120 kg<\/td>\n<td class=\"et12\" style=\"width: 80.25pt; text-align: center;\" width=\"107\">180 kg<\/td>\n<td class=\"et12\" style=\"width: 82.5pt; text-align: center;\" width=\"110\">220 kg<\/td>\n<td class=\"et13\" style=\"width: 81pt; text-align: center;\" width=\"108\">280 kg<\/td>\n<\/tr>\n<\/tbody>\n<\/table>\n<p>&nbsp;<\/p>\n<p><a href=\"https:\/\/www.youtube.com\/@allaismt\" rel=\"nofollow noopener\" target=\"_blank\"><u>https:\/\/www.youtube.com\/@allaismt<\/u><\/a><\/p>\n<p>For more information about the<strong> SMT Mini Size Loader YML-390<\/strong>, k\u00e9rj\u00fck, k\u00fcldj\u00f6n egy e-mailt a k\u00f6vetkez\u0151 c\u00edmre:<\/p>\n<p><a href=\"mailto:sophia@allaismt.com\"><u>sophia@allaismt.com<\/u><\/a><\/p>\n<p>Megkeres\u00e9s\u00e9re halad\u00e9ktalanul v\u00e1laszolunk, \u00e9s r\u00e9szletes t\u00e1j\u00e9koztat\u00e1st ny\u00fajtunk term\u00e9keinkr\u0151l \u00e9s szolg\u00e1ltat\u00e1sainkr\u00f3l.<\/p>","protected":false},"excerpt":{"rendered":"<p>Le\u00edr\u00e1s\uff1aA <strong>SMT Mini Size Loader YML-390<\/strong> egy kompakt, nagy hat\u00e9konys\u00e1g\u00fa NY\u00c1K-kezel\u00e9si megold\u00e1s, amelyet kis \u00e9s k\u00f6zepes SMT \u00f6sszeszerel\u0151 sorok sz\u00e1m\u00e1ra terveztek. Gyors \u00e9s prec\u00edz NY\u00c1K-adagol\u00e1st biztos\u00edt, helyet takar\u00edt meg \u00e9s cs\u00f6kkenti a manu\u00e1lis beavatkoz\u00e1st. A k\u00fcl\u00f6nb\u00f6z\u0151 NY\u00c1K-m\u00e9retekhez \u00e1ll\u00edthat\u00f3 be\u00e1ll\u00edt\u00e1sokkal \u00e9s ESD-biztos konstrukci\u00f3val az YML-390 megb\u00edzhat\u00f3 \u00e9s stabil m\u0171k\u00f6d\u00e9st biztos\u00edt, jav\u00edtva a termel\u00e9si sebess\u00e9get \u00e9s a munkafolyamat hat\u00e9konys\u00e1g\u00e1t.<\/p>\n<p>Minim\u00e1lis rendel\u00e9si mennyis\u00e9g: 1 db<\/p>\n<p>\u00c1tfut\u00e1si id\u0151: 15 nap<\/p>","protected":false},"featured_media":22423,"comment_status":"closed","ping_status":"closed","template":"","meta":[],"etheme_brands":[],"product_brand":[],"product_cat":[144,131],"product_tag":[],"class_list":{"0":"post-22422","1":"product","2":"type-product","3":"status-publish","4":"has-post-thumbnail","6":"product_cat-pcb-handling-machine","7":"product_cat-smt-peripheral-equipment","9":"first","10":"instock","11":"shipping-taxable","12":"product-type-simple"},"_links":{"self":[{"href":"https:\/\/esmte.com\/hu\/wp-json\/wp\/v2\/product\/22422","targetHints":{"allow":["GET"]}}],"collection":[{"href":"https:\/\/esmte.com\/hu\/wp-json\/wp\/v2\/product"}],"about":[{"href":"https:\/\/esmte.com\/hu\/wp-json\/wp\/v2\/types\/product"}],"replies":[{"embeddable":true,"href":"https:\/\/esmte.com\/hu\/wp-json\/wp\/v2\/comments?post=22422"}],"version-history":[{"count":1,"href":"https:\/\/esmte.com\/hu\/wp-json\/wp\/v2\/product\/22422\/revisions"}],"predecessor-version":[{"id":23798,"href":"https:\/\/esmte.com\/hu\/wp-json\/wp\/v2\/product\/22422\/revisions\/23798"}],"wp:featuredmedia":[{"embeddable":true,"href":"https:\/\/esmte.com\/hu\/wp-json\/wp\/v2\/media\/22423"}],"wp:attachment":[{"href":"https:\/\/esmte.com\/hu\/wp-json\/wp\/v2\/media?parent=22422"}],"wp:term":[{"taxonomy":"brand","embeddable":true,"href":"https:\/\/esmte.com\/hu\/wp-json\/wp\/v2\/etheme_brands?post=22422"},{"taxonomy":"product_brand","embeddable":true,"href":"https:\/\/esmte.com\/hu\/wp-json\/wp\/v2\/product_brand?post=22422"},{"taxonomy":"product_cat","embeddable":true,"href":"https:\/\/esmte.com\/hu\/wp-json\/wp\/v2\/product_cat?post=22422"},{"taxonomy":"product_tag","embeddable":true,"href":"https:\/\/esmte.com\/hu\/wp-json\/wp\/v2\/product_tag?post=22422"}],"curies":[{"name":"munkaf\u00fczet","href":"https:\/\/api.w.org\/{rel}","templated":true}]}}