{"id":22250,"date":"2025-11-26T09:17:03","date_gmt":"2025-11-26T09:17:03","guid":{"rendered":"https:\/\/esmte.com\/?post_type=product&#038;p=22250"},"modified":"2025-11-27T08:31:55","modified_gmt":"2025-11-27T08:31:55","slug":"smt-pcb-magazine-type-buffer-ym-1150","status":"publish","type":"product","link":"https:\/\/esmte.com\/hu\/products\/smt-pcb-magazine-type-buffer-ym-1150\/","title":{"rendered":"SMT NY\u00c1K t\u00e1r t\u00edpus\u00fa puffer YM-1150"},"content":{"rendered":"<h2>Bevezet\u00e9s<\/h2>\n<p data-start=\"197\" data-end=\"524\">A mai gyors temp\u00f3j\u00fa elektronikai gy\u00e1rt\u00e1si k\u00f6rnyezetben a NY\u00c1K-ok z\u00f6kken\u0151mentes \u00e9s megb\u00edzhat\u00f3 folyamat\u00e1nak fenntart\u00e1sa elengedhetetlen a magas termel\u00e9kenys\u00e9g \u00e9s a term\u00e9kmin\u0151s\u00e9g szempontj\u00e1b\u00f3l. <strong data-start=\"361\" data-end=\"401\">SMT NY\u00c1K t\u00e1r t\u00edpus\u00fa puffer YM-1150<\/strong> \u00fagy tervezt\u00e9k, hogy kiel\u00e9g\u00edtse ezeket az ig\u00e9nyeket az\u00e1ltal, hogy hat\u00e9kony ideiglenes t\u00e1rol\u00e1st \u00e9s pufferel\u00e9st biztos\u00edt a NY\u00c1K-ok sz\u00e1m\u00e1ra az SMT gy\u00e1rt\u00f3sorokon.<\/p>\n<p data-start=\"526\" data-end=\"917\">Az YM-1150 egy t\u00e1r alap\u00fa rendszert haszn\u00e1l, amely lehet\u0151v\u00e9 teszi t\u00f6bb NY\u00c1K ideiglenes felhalmoz\u00f3d\u00e1s\u00e1t \u00e9s szab\u00e1lyozott m\u00f3don t\u00f6rt\u00e9n\u0151 kiad\u00e1s\u00e1t, hogy illeszkedjen a tov\u00e1bbi folyamatok sebess\u00e9g\u00e9hez. Ez biztos\u00edtja a folyamatos munkafolyamatot, megakad\u00e1lyozza a gy\u00e1rt\u00f3sori torl\u00f3d\u00e1st \u00e9s minimaliz\u00e1lja a NY\u00c1K-k\u00e1rosod\u00e1s kock\u00e1zat\u00e1t. A puffer a NY\u00c1K-m\u00e9retek sz\u00e9les sk\u00e1l\u00e1j\u00e1val kompatibilis, \u00edgy rugalmass\u00e1got biztos\u00edt a v\u00e1ltozatos gy\u00e1rt\u00e1si k\u00f6vetelm\u00e9nyekhez.<\/p>\n<p data-start=\"919\" data-end=\"1240\">Tart\u00f3s anyagokb\u00f3l \u00e9s robusztus kialak\u00edt\u00e1ssal k\u00e9sz\u00fclt, \u00edgy az YM-1150 megb\u00edzhat\u00f3 teljes\u00edtm\u00e9nyt ny\u00fajt folyamatos m\u0171k\u00f6d\u00e9s mellett is. Kompakt m\u00e9ret\u00e9nek \u00e9s felhaszn\u00e1l\u00f3bar\u00e1t kezel\u0151fel\u00fclet\u00e9nek k\u00f6sz\u00f6nhet\u0151en k\u00f6nnyen integr\u00e1lhat\u00f3 a megl\u00e9v\u0151 SMT gy\u00e1rt\u00f3sorokba, mik\u00f6zben egyszer\u0171s\u00edti a m\u0171k\u00f6d\u00e9st \u00e9s a karbantart\u00e1st az \u00e1ll\u00e1sid\u0151 cs\u00f6kkent\u00e9se \u00e9s a hat\u00e9konys\u00e1g n\u00f6vel\u00e9se \u00e9rdek\u00e9ben.<\/p>\n<p data-start=\"1242\" data-end=\"1556\">Az\u00e1ltal, hogy be\u00e9p\u00edtj\u00fck a <strong data-start=\"1263\" data-end=\"1303\">SMT NY\u00c1K t\u00e1r t\u00edpus\u00fa puffer YM-1150<\/strong>, a gy\u00e1rt\u00f3k sim\u00e1bb NY\u00c1K-\u00e1tmeneteket \u00e9rhetnek el, jav\u00edthatj\u00e1k az \u00e1ltal\u00e1nos gy\u00e1rt\u00f3sori hat\u00e9konys\u00e1got, \u00e9s fenntarthatj\u00e1k a magas min\u0151s\u00e9gi szabv\u00e1nyokat. Megb\u00edzhat\u00f3 megold\u00e1st jelent az elektronikai gy\u00e1rak sz\u00e1m\u00e1ra, amelyek prec\u00edz, hat\u00e9kony \u00e9s nagy teljes\u00edtm\u00e9ny\u0171 NY\u00c1K-pufferel\u0151 berendez\u00e9seket keresnek.<\/p>\n<p><img loading=\"lazy\" decoding=\"async\" class=\"aligncenter wp-image-22251\" src=\"https:\/\/esmte.com\/wp-content\/uploads\/2025\/11\/11-3-scaled.webp\" alt=\"SMT PCB Magazine Type Buffer YM-1150\" width=\"500\" height=\"500\" srcset=\"https:\/\/esmte.com\/wp-content\/uploads\/2025\/11\/11-3-scaled.webp 2560w, https:\/\/esmte.com\/wp-content\/uploads\/2025\/11\/11-3-scaled-100x100.webp 100w, https:\/\/esmte.com\/wp-content\/uploads\/2025\/11\/11-3-scaled-600x600.webp 600w, https:\/\/esmte.com\/wp-content\/uploads\/2025\/11\/11-3-300x300.webp 300w, https:\/\/esmte.com\/wp-content\/uploads\/2025\/11\/11-3-1024x1024.webp 1024w, https:\/\/esmte.com\/wp-content\/uploads\/2025\/11\/11-3-150x150.webp 150w, https:\/\/esmte.com\/wp-content\/uploads\/2025\/11\/11-3-768x768.webp 768w, https:\/\/esmte.com\/wp-content\/uploads\/2025\/11\/11-3-1536x1536.webp 1536w, https:\/\/esmte.com\/wp-content\/uploads\/2025\/11\/11-3-2048x2048.webp 2048w, https:\/\/esmte.com\/wp-content\/uploads\/2025\/11\/11-3-1x1.webp 1w, https:\/\/esmte.com\/wp-content\/uploads\/2025\/11\/11-3-10x10.webp 10w\" sizes=\"auto, (max-width: 500px) 100vw, 500px\" \/><\/p>\n<h3>F\u0151bb jellemz\u0151k<\/h3>\n<ul>\n<li data-start=\"163\" data-end=\"221\">\n<p data-start=\"165\" data-end=\"221\">Automatikus, magazin alap\u00fa pufferel\u00e9s a stabil NY\u00c1K-\u00e1raml\u00e1s \u00e9rdek\u00e9ben<\/p>\n<\/li>\n<li data-start=\"222\" data-end=\"281\">\n<p data-start=\"224\" data-end=\"281\">Nagy pontoss\u00e1g\u00fa emel\u0151rendszer a NY\u00c1K pontos emel\u00e9s\u00e9hez<\/p>\n<\/li>\n<li data-start=\"282\" data-end=\"340\">\n<p data-start=\"284\" data-end=\"340\">T\u00f6bbt\u00e1ras kapacit\u00e1s a hosszabb ideig tart\u00f3 ideiglenes t\u00e1rol\u00e1shoz<\/p>\n<\/li>\n<li data-start=\"341\" data-end=\"398\">\n<p data-start=\"343\" data-end=\"398\">Robusztus mechanikus keret, amely hossz\u00fa t\u00e1v\u00fa tart\u00f3ss\u00e1got biztos\u00edt<\/p>\n<\/li>\n<li data-start=\"399\" data-end=\"446\">\n<p data-start=\"401\" data-end=\"446\">Kompatibilis a szabv\u00e1nyos SMT t\u00e1rm\u00e9retekkel<\/p>\n<\/li>\n<li data-start=\"447\" data-end=\"642\">\n<p data-start=\"449\" data-end=\"642\">Intelligens NY\u00c1K-\u00e9rz\u00e9kel\u00e9s, amely megakad\u00e1lyozza a bet\u00f6lt\u00e9si hib\u00e1kat<\/p>\n<\/li>\n<\/ul>\n<p>&nbsp;<\/p>\n<h2>Specifik\u00e1ci\u00f3k<\/h2>\n<table style=\"border-collapse: collapse; width: 1377px; height: 299px;\" border=\"0\" width=\"635\" cellspacing=\"0\" cellpadding=\"0\">\n<tbody>\n<tr style=\"height: 15.75pt;\">\n<td class=\"et2\" style=\"height: 15.75pt; width: 90.75pt; text-align: center;\" width=\"121\" height=\"21\">Modell<\/td>\n<td class=\"et3\" style=\"width: 97.5pt; text-align: center;\" width=\"130\">YM-1150<\/td>\n<td class=\"et3\" style=\"width: 96pt; text-align: center;\" width=\"128\">YM-1350<\/td>\n<td class=\"et3\" style=\"width: 97.5pt; text-align: center;\" width=\"130\">YM-1550<\/td>\n<td class=\"et4\" style=\"width: 94.5pt; text-align: center;\" width=\"126\">YM-1780<\/td>\n<\/tr>\n<tr style=\"height: 15.75pt;\">\n<td class=\"et5\" style=\"height: 15.75pt; width: 90.75pt; text-align: center;\" width=\"121\" height=\"21\">M\u00e9ret (mm)<\/td>\n<td class=\"et6\" style=\"width: 97.5pt; text-align: center;\" width=\"130\">1150*1150*1205<\/td>\n<td class=\"et6\" style=\"width: 96pt; text-align: center;\" width=\"128\">1350*1350*1205<\/td>\n<td class=\"et6\" style=\"width: 97.5pt; text-align: center;\" width=\"130\">1550*1550*1205<\/td>\n<td class=\"et7\" style=\"width: 94.5pt; text-align: center;\" width=\"126\">1550*1780*1250<\/td>\n<\/tr>\n<tr style=\"height: 15.75pt;\">\n<td class=\"et5\" style=\"height: 15.75pt; width: 90.75pt; text-align: center;\" width=\"121\" height=\"21\">NY\u00c1K-m\u00e9ret (mm)<\/td>\n<td class=\"et6\" style=\"width: 97.5pt; text-align: center;\" width=\"130\">50*50-330*250<\/td>\n<td class=\"et6\" style=\"width: 96pt; text-align: center;\" width=\"128\">50*50-445*330<\/td>\n<td class=\"et6\" style=\"width: 97.5pt; text-align: center;\" width=\"130\">50*50-530*390<\/td>\n<td class=\"et7\" style=\"width: 94.5pt; text-align: center;\" width=\"126\">50*80-530*460<\/td>\n<\/tr>\n<tr style=\"height: 15.75pt;\">\n<td class=\"et5\" style=\"height: 15.75pt; width: 90.75pt; text-align: center;\" width=\"121\" height=\"21\">Rack m\u00e9rete (mm)<\/td>\n<td class=\"et6\" style=\"width: 97.5pt; text-align: center;\" width=\"130\">355*320*563<\/td>\n<td class=\"et6\" style=\"width: 96pt; text-align: center;\" width=\"128\">460*400*563<\/td>\n<td class=\"et6\" style=\"width: 97.5pt; text-align: center;\" width=\"130\">535*460*563<\/td>\n<td class=\"et7\" style=\"width: 94.5pt; text-align: center;\" width=\"126\">535*530*570<\/td>\n<\/tr>\n<tr style=\"height: 15.75pt;\">\n<td class=\"et5\" style=\"height: 15.75pt; width: 90.75pt; text-align: center;\" width=\"121\" height=\"21\">Indexel\u00e9siPitch<\/td>\n<td class=\"et6\" style=\"width: 385.5pt; text-align: center;\" colspan=\"4\" width=\"514\">10.20.30.40m vagyAdja meg<\/td>\n<\/tr>\n<tr style=\"height: 15.75pt;\">\n<td class=\"et5\" style=\"height: 15.75pt; width: 90.75pt; text-align: center;\" width=\"121\" height=\"21\">Vez\u00e9rl\u0151rendszer<\/td>\n<td class=\"et6\" style=\"width: 385.5pt; text-align: center;\" colspan=\"4\" width=\"514\">Nyrt.<\/td>\n<\/tr>\n<tr style=\"height: 15.75pt;\">\n<td class=\"et5\" style=\"height: 15.75pt; width: 90.75pt; text-align: center;\" width=\"121\" height=\"21\">Hatalom<\/td>\n<td class=\"et6\" style=\"width: 385.5pt; text-align: center;\" colspan=\"4\" width=\"514\">Max. 250 VA<\/td>\n<\/tr>\n<tr style=\"height: 15.75pt;\">\n<td class=\"et5\" style=\"height: 15.75pt; width: 90.75pt; text-align: center;\" width=\"121\" height=\"21\">Sz\u00e1ll\u00edt\u00e1si magass\u00e1g<\/td>\n<td class=\"et6\" style=\"width: 385.5pt; text-align: center;\" colspan=\"4\" width=\"514\">900\u00b120 mm (vagy az \u00fcgyf\u00e9l \u00e1ltal megadott)<\/td>\n<\/tr>\n<tr style=\"height: 15.75pt;\">\n<td class=\"et5\" style=\"height: 15.75pt; width: 90.75pt; text-align: center;\" width=\"121\" height=\"21\">NY\u00c1K ir\u00e1ny<\/td>\n<td class=\"et6\" style=\"width: 385.5pt; text-align: center;\" colspan=\"4\" width=\"514\">Balr\u00f3l jobbra vagy jobbr\u00f3l balra<\/td>\n<\/tr>\n<tr style=\"height: 15.75pt;\">\n<td class=\"et5\" style=\"height: 15.75pt; width: 90.75pt; text-align: center;\" width=\"121\" height=\"21\">T\u00e1pegys\u00e9g<\/td>\n<td class=\"et6\" style=\"width: 385.5pt; text-align: center;\" colspan=\"4\" width=\"514\">1 f\u00e1zis\u00fa AC 220V 50\/60Hz (opci\u00f3: 110V - 380V)<\/td>\n<\/tr>\n<tr style=\"height: 15.75pt;\">\n<td class=\"et8\" style=\"height: 15.75pt; width: 90.75pt; text-align: center;\" width=\"121\" height=\"21\">S\u00faly<\/td>\n<td class=\"et9\" style=\"width: 97.5pt; text-align: center;\" width=\"130\">160 kg<\/td>\n<td class=\"et9\" style=\"width: 96pt; text-align: center;\" width=\"128\">240 kg<\/td>\n<td class=\"et9\" style=\"width: 97.5pt; text-align: center;\" width=\"130\">300 kg<\/td>\n<td class=\"et10\" style=\"width: 94.5pt; text-align: center;\" width=\"126\">320 kg<\/td>\n<\/tr>\n<\/tbody>\n<\/table>\n<p>&nbsp;<\/p>\n<p><a href=\"https:\/\/www.youtube.com\/@allaismt\" rel=\"nofollow noopener\" target=\"_blank\"><u>https:\/\/www.youtube.com\/@allaismt<\/u><\/a><\/p>\n<p>Az YM-1150 SMT NY\u00c1K-t\u00e1ras t\u00edpus\u00fa pufferrel kapcsolatos tov\u00e1bbi inform\u00e1ci\u00f3k\u00e9rt k\u00e9rj\u00fck, k\u00fcldj\u00f6n e-mailt a k\u00f6vetkez\u0151 c\u00edmre:<\/p>\n<p><a href=\"mailto:sophia@allaismt.com\"><u>sophia@allaismt.com<\/u><\/a><\/p>\n<p>Megkeres\u00e9s\u00e9re halad\u00e9ktalanul v\u00e1laszolunk, \u00e9s r\u00e9szletes t\u00e1j\u00e9koztat\u00e1st ny\u00fajtunk term\u00e9keinkr\u0151l \u00e9s szolg\u00e1ltat\u00e1sainkr\u00f3l.<\/p>","protected":false},"excerpt":{"rendered":"<p>Le\u00edr\u00e1s\uff1aA <strong data-start=\"100\" data-end=\"140\">SMT NY\u00c1K t\u00e1r t\u00edpus\u00fa puffer YM-1150<\/strong> egy kompakt \u00e9s nagy hat\u00e9konys\u00e1g\u00fa pufferel\u0151 megold\u00e1s, amelyet az SMT gy\u00e1rt\u00f3sorokon a NY\u00c1K-ok z\u00f6kken\u0151mentes kezel\u00e9s\u00e9re terveztek. Egy magazin alap\u00fa rendszer seg\u00edts\u00e9g\u00e9vel lehet\u0151v\u00e9 teszi a NY\u00c1K-ok ideiglenes felhalmoz\u00e1s\u00e1t \u00e9s szab\u00e1lyozott kiad\u00e1s\u00e1t, biztos\u00edtva a folyamatok k\u00f6z\u00f6tti z\u00f6kken\u0151mentes munkafolyamatot. A tart\u00f3s \u00e9s k\u00f6nnyen integr\u00e1lhat\u00f3 YM-1150 megakad\u00e1lyozza a gy\u00e1rt\u00f3sori torl\u00f3d\u00e1st, megv\u00e9di a NY\u00c1K-okat a s\u00e9r\u00fcl\u00e9sekt\u0151l, \u00e9s jav\u00edtja az \u00e1ltal\u00e1nos termel\u00e9si hat\u00e9konys\u00e1got. Ide\u00e1lis v\u00e1laszt\u00e1s az elektronikai gy\u00e1rt\u00f3k sz\u00e1m\u00e1ra, akik megb\u00edzhat\u00f3 \u00e9s prec\u00edz NY\u00c1K-pufferel\u0151 berendez\u00e9seket keresnek.<\/p>\n<p>Minim\u00e1lis rendel\u00e9si mennyis\u00e9g: 1 db<\/p>\n<p>\u00c1tfut\u00e1si id\u0151: 15 nap<\/p>","protected":false},"featured_media":22252,"comment_status":"closed","ping_status":"closed","template":"","meta":[],"etheme_brands":[],"product_brand":[],"product_cat":[144],"product_tag":[],"class_list":{"0":"post-22250","1":"product","2":"type-product","3":"status-publish","4":"has-post-thumbnail","6":"product_cat-pcb-handling-machine","8":"first","9":"instock","10":"shipping-taxable","11":"product-type-simple"},"_links":{"self":[{"href":"https:\/\/esmte.com\/hu\/wp-json\/wp\/v2\/product\/22250","targetHints":{"allow":["GET"]}}],"collection":[{"href":"https:\/\/esmte.com\/hu\/wp-json\/wp\/v2\/product"}],"about":[{"href":"https:\/\/esmte.com\/hu\/wp-json\/wp\/v2\/types\/product"}],"replies":[{"embeddable":true,"href":"https:\/\/esmte.com\/hu\/wp-json\/wp\/v2\/comments?post=22250"}],"version-history":[{"count":1,"href":"https:\/\/esmte.com\/hu\/wp-json\/wp\/v2\/product\/22250\/revisions"}],"predecessor-version":[{"id":22336,"href":"https:\/\/esmte.com\/hu\/wp-json\/wp\/v2\/product\/22250\/revisions\/22336"}],"wp:featuredmedia":[{"embeddable":true,"href":"https:\/\/esmte.com\/hu\/wp-json\/wp\/v2\/media\/22252"}],"wp:attachment":[{"href":"https:\/\/esmte.com\/hu\/wp-json\/wp\/v2\/media?parent=22250"}],"wp:term":[{"taxonomy":"brand","embeddable":true,"href":"https:\/\/esmte.com\/hu\/wp-json\/wp\/v2\/etheme_brands?post=22250"},{"taxonomy":"product_brand","embeddable":true,"href":"https:\/\/esmte.com\/hu\/wp-json\/wp\/v2\/product_brand?post=22250"},{"taxonomy":"product_cat","embeddable":true,"href":"https:\/\/esmte.com\/hu\/wp-json\/wp\/v2\/product_cat?post=22250"},{"taxonomy":"product_tag","embeddable":true,"href":"https:\/\/esmte.com\/hu\/wp-json\/wp\/v2\/product_tag?post=22250"}],"curies":[{"name":"munkaf\u00fczet","href":"https:\/\/api.w.org\/{rel}","templated":true}]}}