{"id":22226,"date":"2025-11-26T07:06:27","date_gmt":"2025-11-26T07:06:27","guid":{"rendered":"https:\/\/esmte.com\/?post_type=product&#038;p=22226"},"modified":"2025-11-27T09:25:21","modified_gmt":"2025-11-27T09:25:21","slug":"pcb-smt-mini-cyclic-loader","status":"publish","type":"product","link":"https:\/\/esmte.com\/hu\/products\/pcb-smt-mini-cyclic-loader\/","title":{"rendered":"NY\u00c1K SMT mini ciklikus bet\u00f6lt\u0151"},"content":{"rendered":"<h2>Bevezet\u00e9s<\/h2>\n<p data-start=\"192\" data-end=\"482\">A modern elektronikai gy\u00e1rt\u00e1sban a NY\u00c1K-ok z\u00f6kken\u0151mentes \u00e9s folyamatos munkafolyamat\u00e1nak fenntart\u00e1sa elengedhetetlen a magas termel\u00e9kenys\u00e9g \u00e9s az \u00e1lland\u00f3 min\u0151s\u00e9g el\u00e9r\u00e9s\u00e9hez. <strong data-start=\"349\" data-end=\"379\">NY\u00c1K SMT mini ciklikus bet\u00f6lt\u0151<\/strong> is designed to optimize PCB handling by providing automated cyclic loading for SMT production lines.<\/p>\n<p data-start=\"484\" data-end=\"882\">The loader features a compact yet robust design, allowing seamless integration into existing SMT lines without occupying excessive floor space. Its precise mechanism ensures stable and reliable PCB loading, minimizing the risk of board damage while enhancing operational efficiency. The system is compatible with a wide range of PCB sizes, making it versatile for diverse production requirements.<\/p>\n<p data-start=\"884\" data-end=\"1150\">Durable and user-friendly, the PCB SMT Mini Cyclic Loader reduces manual handling, streamlines the loading process, and ensures continuous workflow. Its intuitive operation and simple maintenance contribute to reduced downtime and improved overall line efficiency.<\/p>\n<p data-start=\"1152\" data-end=\"1427\">Az\u00e1ltal, hogy be\u00e9p\u00edtj\u00fck a <strong data-start=\"1173\" data-end=\"1203\">NY\u00c1K SMT mini ciklikus bet\u00f6lt\u0151<\/strong>, a gy\u00e1rt\u00f3k nagyobb \u00e1tereszt\u0151k\u00e9pess\u00e9get, biztons\u00e1gosabb NY\u00c1K-kezel\u00e9st \u00e9s hat\u00e9konyabb SMT-gy\u00e1rt\u00e1st \u00e9rhetnek el. Ide\u00e1lis megold\u00e1s az elektronikai gy\u00e1rak sz\u00e1m\u00e1ra, amelyek megb\u00edzhat\u00f3, kompakt \u00e9s nagy teljes\u00edtm\u00e9ny\u0171 rakod\u00f3berendez\u00e9seket keresnek.<\/p>\n<p><img loading=\"lazy\" decoding=\"async\" class=\"alignnone wp-image-22227 aligncenter\" src=\"https:\/\/esmte.com\/wp-content\/uploads\/2025\/11\/Mini-Cyclic-Loader_\u526f\u672c.webp\" alt=\"\" width=\"500\" height=\"500\" srcset=\"https:\/\/esmte.com\/wp-content\/uploads\/2025\/11\/Mini-Cyclic-Loader_\u526f\u672c.webp 2560w, https:\/\/esmte.com\/wp-content\/uploads\/2025\/11\/Mini-Cyclic-Loader_\u526f\u672c-100x100.webp 100w, https:\/\/esmte.com\/wp-content\/uploads\/2025\/11\/Mini-Cyclic-Loader_\u526f\u672c-600x600.webp 600w, https:\/\/esmte.com\/wp-content\/uploads\/2025\/11\/Mini-Cyclic-Loader_\u526f\u672c-300x300.webp 300w, https:\/\/esmte.com\/wp-content\/uploads\/2025\/11\/Mini-Cyclic-Loader_\u526f\u672c-1024x1024.webp 1024w, https:\/\/esmte.com\/wp-content\/uploads\/2025\/11\/Mini-Cyclic-Loader_\u526f\u672c-150x150.webp 150w, https:\/\/esmte.com\/wp-content\/uploads\/2025\/11\/Mini-Cyclic-Loader_\u526f\u672c-768x768.webp 768w, https:\/\/esmte.com\/wp-content\/uploads\/2025\/11\/Mini-Cyclic-Loader_\u526f\u672c-1536x1536.webp 1536w, https:\/\/esmte.com\/wp-content\/uploads\/2025\/11\/Mini-Cyclic-Loader_\u526f\u672c-2048x2048.webp 2048w, https:\/\/esmte.com\/wp-content\/uploads\/2025\/11\/Mini-Cyclic-Loader_\u526f\u672c-1x1.webp 1w, https:\/\/esmte.com\/wp-content\/uploads\/2025\/11\/Mini-Cyclic-Loader_\u526f\u672c-10x10.webp 10w\" sizes=\"auto, (max-width: 500px) 100vw, 500px\" \/><\/p>\n<h3>F\u0151bb jellemz\u0151k<\/h3>\n<ul>\n<li data-start=\"146\" data-end=\"215\">\n<p data-start=\"148\" data-end=\"215\">Compact footprint suitable for space-limited SMT production lines<\/p>\n<\/li>\n<li data-start=\"216\" data-end=\"269\">\n<p data-start=\"218\" data-end=\"269\">Continuous cyclic PCB loading for stable workflow<\/p>\n<\/li>\n<li data-start=\"270\" data-end=\"330\">\n<p data-start=\"272\" data-end=\"330\">Nagy pontoss\u00e1g\u00fa \u00e9rz\u00e9kel\u0151k biztos\u00edtj\u00e1k a pontos panelbe\u00e1ll\u00edt\u00e1st<\/p>\n<\/li>\n<li data-start=\"331\" data-end=\"387\">\n<p data-start=\"333\" data-end=\"387\">Durable mechanical structure for long-term operation<\/p>\n<\/li>\n<li data-start=\"388\" data-end=\"449\">\n<p data-start=\"390\" data-end=\"449\">Easy integration with existing SMT printers and conveyors<\/p>\n<\/li>\n<li data-start=\"450\" data-end=\"661\">\n<p data-start=\"452\" data-end=\"661\">User-friendly interface for simplified operation and adjustment<\/p>\n<\/li>\n<\/ul>\n<p>&nbsp;<\/p>\n<h2>Specifik\u00e1ci\u00f3k<\/h2>\n<table style=\"height: 229px;\" width=\"1380\">\n<tbody>\n<tr>\n<td style=\"text-align: center;\" width=\"127\">Modell<\/td>\n<td style=\"text-align: center;\" width=\"233\">YCL-500<\/td>\n<\/tr>\n<tr>\n<td style=\"text-align: center;\" width=\"127\">M\u00e9ret (mm)<\/td>\n<td style=\"text-align: center;\" width=\"233\">500*475*1400<\/td>\n<\/tr>\n<tr>\n<td style=\"text-align: center;\" width=\"127\">NY\u00c1K-m\u00e9ret (mm)<\/td>\n<td style=\"text-align: center;\" width=\"233\">50*50-330*250<\/td>\n<\/tr>\n<tr>\n<td style=\"text-align: center;\" width=\"127\">NY\u00c1K-kapacit\u00e1s<\/td>\n<td style=\"text-align: center;\" width=\"233\">15 db vagy Adja meg<\/td>\n<\/tr>\n<tr>\n<td style=\"text-align: center;\" width=\"127\">Hatalom<\/td>\n<td style=\"text-align: center;\" width=\"233\">Max120 VA<\/td>\n<\/tr>\n<tr>\n<td style=\"text-align: center;\" width=\"127\">Sz\u00e1ll\u00edt\u00e1si magass\u00e1g<\/td>\n<td style=\"text-align: center;\" width=\"233\">900\u00b120 mm<br \/>\n(vagy az \u00fcgyf\u00e9l \u00e1ltal meghat\u00e1rozott)<\/td>\n<\/tr>\n<tr>\n<td style=\"text-align: center;\" width=\"127\">NY\u00c1K ir\u00e1ny<\/td>\n<td style=\"text-align: center;\" width=\"233\">Balr\u00f3l jobbra vagy jobbr\u00f3l balra<\/td>\n<\/tr>\n<tr>\n<td style=\"text-align: center;\" width=\"127\">T\u00e1pegys\u00e9g<\/td>\n<td style=\"text-align: center;\" width=\"233\">1 f\u00e1zis\u00fa AC 220V 50\/60Hz (opci\u00f3: 110V - 380V)<\/td>\n<\/tr>\n<tr>\n<td style=\"text-align: center;\" width=\"127\">S\u00faly<\/td>\n<td style=\"text-align: center;\" width=\"233\">150 kg<\/td>\n<\/tr>\n<\/tbody>\n<\/table>\n<p>&nbsp;<\/p>\n<p><a href=\"https:\/\/www.youtube.com\/@allaismt\" rel=\"nofollow noopener\" target=\"_blank\"><u>https:\/\/www.youtube.com\/@allaismt<\/u><\/a><\/p>\n<p>A YCL-500 NY\u00c1K SMT Mini Ciklikus Bet\u00f6lt\u0151vel kapcsolatos tov\u00e1bbi inform\u00e1ci\u00f3k\u00e9rt k\u00e9rj\u00fck, k\u00fcldj\u00f6n e-mailt a k\u00f6vetkez\u0151 c\u00edmre:<\/p>\n<p><a href=\"mailto:sophia@allaismt.com\"><u>sophia@allaismt.com<\/u><\/a><\/p>\n<p>Megkeres\u00e9s\u00e9re halad\u00e9ktalanul v\u00e1laszolunk, \u00e9s r\u00e9szletes t\u00e1j\u00e9koztat\u00e1st ny\u00fajtunk term\u00e9keinkr\u0151l \u00e9s szolg\u00e1ltat\u00e1sainkr\u00f3l.<\/p>","protected":false},"excerpt":{"rendered":"<p>Le\u00edr\u00e1s\uff1aA <strong data-start=\"90\" data-end=\"120\">NY\u00c1K SMT mini ciklikus bet\u00f6lt\u0151<\/strong> Felhaszn\u00e1l\u00f3bar\u00e1t fel\u00fclet az egyszer\u0171s\u00edtett m\u0171k\u00f6d\u00e9s \u00e9s be\u00e1ll\u00edt\u00e1s \u00e9rdek\u00e9ben.<\/p>\n<p>Minim\u00e1lis rendel\u00e9si mennyis\u00e9g: 1 db<\/p>\n<p>\u00c1tfut\u00e1si id\u0151: 15 nap<\/p>","protected":false},"featured_media":22228,"comment_status":"closed","ping_status":"closed","template":"","meta":[],"etheme_brands":[],"product_brand":[],"product_cat":[144],"product_tag":[],"class_list":{"0":"post-22226","1":"product","2":"type-product","3":"status-publish","4":"has-post-thumbnail","6":"product_cat-pcb-handling-machine","8":"first","9":"instock","10":"shipping-taxable","11":"product-type-simple"},"_links":{"self":[{"href":"https:\/\/esmte.com\/hu\/wp-json\/wp\/v2\/product\/22226","targetHints":{"allow":["GET"]}}],"collection":[{"href":"https:\/\/esmte.com\/hu\/wp-json\/wp\/v2\/product"}],"about":[{"href":"https:\/\/esmte.com\/hu\/wp-json\/wp\/v2\/types\/product"}],"replies":[{"embeddable":true,"href":"https:\/\/esmte.com\/hu\/wp-json\/wp\/v2\/comments?post=22226"}],"version-history":[{"count":1,"href":"https:\/\/esmte.com\/hu\/wp-json\/wp\/v2\/product\/22226\/revisions"}],"predecessor-version":[{"id":22351,"href":"https:\/\/esmte.com\/hu\/wp-json\/wp\/v2\/product\/22226\/revisions\/22351"}],"wp:featuredmedia":[{"embeddable":true,"href":"https:\/\/esmte.com\/hu\/wp-json\/wp\/v2\/media\/22228"}],"wp:attachment":[{"href":"https:\/\/esmte.com\/hu\/wp-json\/wp\/v2\/media?parent=22226"}],"wp:term":[{"taxonomy":"brand","embeddable":true,"href":"https:\/\/esmte.com\/hu\/wp-json\/wp\/v2\/etheme_brands?post=22226"},{"taxonomy":"product_brand","embeddable":true,"href":"https:\/\/esmte.com\/hu\/wp-json\/wp\/v2\/product_brand?post=22226"},{"taxonomy":"product_cat","embeddable":true,"href":"https:\/\/esmte.com\/hu\/wp-json\/wp\/v2\/product_cat?post=22226"},{"taxonomy":"product_tag","embeddable":true,"href":"https:\/\/esmte.com\/hu\/wp-json\/wp\/v2\/product_tag?post=22226"}],"curies":[{"name":"munkaf\u00fczet","href":"https:\/\/api.w.org\/{rel}","templated":true}]}}